{"id":11,"date":"2023-10-27T15:07:01","date_gmt":"2023-10-27T13:07:01","guid":{"rendered":"https:\/\/www.karaiexclusiveracing.hu\/kosar\/"},"modified":"2026-03-20T19:35:11","modified_gmt":"2026-03-20T18:35:11","slug":"kosar","status":"publish","type":"page","link":"https:\/\/karaiexclusiveracing.hu\/en\/kosar\/","title":{"rendered":"Kos\u00e1r"},"content":{"rendered":"<div data-elementor-type=\"wp-page\" data-elementor-id=\"11\" class=\"elementor elementor-11\" data-elementor-settings=\"{&quot;ha_cmc_init_switcher&quot;:&quot;no&quot;}\" data-elementor-post-type=\"page\">\n\t\t\t\t<div class=\"elementor-element elementor-element-7cd7888 e-flex e-con-boxed e-con e-parent\" data-id=\"7cd7888\" data-element_type=\"container\" data-e-type=\"container\" data-settings=\"{&quot;background_background&quot;:&quot;classic&quot;,&quot;_ha_eqh_enable&quot;:false}\">\n\t\t\t\t\t<div class=\"e-con-inner\">\n\t\t\t\t<div class=\"elementor-element elementor-element-10cca72 elementor-widget elementor-widget-heading\" data-id=\"10cca72\" data-element_type=\"widget\" data-e-type=\"widget\" data-widget_type=\"heading.default\">\n\t\t\t\t<div class=\"elementor-widget-container\">\n\t\t\t\t\t<h1 class=\"elementor-heading-title elementor-size-default\">KOS\u00c1R<\/h1>\t\t\t\t<\/div>\n\t\t\t\t<\/div>\n\t\t\t\t\t<\/div>\n\t\t\t\t<\/div>\n\t\t<div class=\"elementor-element elementor-element-4c835b1e e-flex e-con-boxed e-con e-parent\" data-id=\"4c835b1e\" data-element_type=\"container\" data-e-type=\"container\" data-settings=\"{&quot;background_background&quot;:&quot;classic&quot;,&quot;_ha_eqh_enable&quot;:false}\">\n\t\t\t\t\t<div class=\"e-con-inner\">\n\t\t<div class=\"elementor-element elementor-element-54b16de e-con-full e-flex e-con e-child\" data-id=\"54b16de\" data-element_type=\"container\" data-e-type=\"container\" data-settings=\"{&quot;background_background&quot;:&quot;classic&quot;,&quot;_ha_eqh_enable&quot;:false}\">\n\t\t\t\t<\/div>\n\t\t\t\t\t<\/div>\n\t\t\t\t<\/div>\n\t\t\t\t<\/div>","protected":false},"excerpt":{"rendered":"<p>KOS\u00c1R T\u00e9tel t\u00f6rl\u00e9se B\u00e9lyegk\u00e9p Term\u00e9k \u00c1r Mennyis\u00e9g R\u00e9sz\u00f6sszeg &times; M\u0171helyl\u00e1togat\u00e1s \u2013 DIAMOND csomag Csomag: DIAMOND Date: 2026.04.02. Time: 14:00 Duration: 60 minutes 20 000&nbsp;&#70;&#116; 1 20 000&nbsp;&#70;&#116; Kupon \u00e9rv\u00e9nyes\u00edt\u00e9se A teljes kosarad R\u00e9sz\u00f6sszeg 20 000&nbsp;&#70;&#116; \u00d6sszeg 20 000&nbsp;&#70;&#116; (Ad\u00f3tartalom: 4 252&nbsp;&#070;&#116; Ad\u00f3) Van aj\u00e1nd\u00e9kk\u00e1rty\u00e1d? Bev\u00e1lt\u00e1s Tov\u00e1bb a fizet\u00e9shez!<\/p>","protected":false},"author":1,"featured_media":0,"parent":0,"menu_order":0,"comment_status":"closed","ping_status":"closed","template":"","meta":{"_acf_changed":false,"footnotes":""},"class_list":["post-11","page","type-page","status-publish","hentry"],"acf":[],"yoast_head":"<!-- This site is optimized with the Yoast SEO Premium plugin v27.1 (Yoast SEO v27.2) - https:\/\/yoast.com\/product\/yoast-seo-premium-wordpress\/ -->\n<title>Kos\u00e1r - K\u00e1rai Exclusive<\/title>\n<meta name=\"robots\" content=\"index, follow, max-snippet:-1, max-image-preview:large, max-video-preview:-1\" \/>\n<link rel=\"canonical\" href=\"https:\/\/karaiexclusiveracing.hu\/en\/kosar\/\" \/>\n<meta property=\"og:locale\" content=\"en_US\" \/>\n<meta property=\"og:type\" content=\"article\" \/>\n<meta property=\"og:title\" content=\"Kos\u00e1r\" \/>\n<meta property=\"og:description\" content=\"KOS\u00c1R T\u00e9tel t\u00f6rl\u00e9se B\u00e9lyegk\u00e9p Term\u00e9k \u00c1r Mennyis\u00e9g R\u00e9sz\u00f6sszeg &times; M\u0171helyl\u00e1togat\u00e1s \u2013 DIAMOND csomag Csomag: DIAMOND Date: 2026.04.02. Time: 14:00 Duration: 60 minutes 20 000&nbsp;&#070;&#116; 1 20 000&nbsp;&#070;&#116; Kupon \u00e9rv\u00e9nyes\u00edt\u00e9se A teljes kosarad R\u00e9sz\u00f6sszeg 20 000&nbsp;&#070;&#116; \u00d6sszeg 20 000&nbsp;&#070;&#116; (Ad\u00f3tartalom: 4 252&nbsp;&#070;&#116; Ad\u00f3) Van aj\u00e1nd\u00e9kk\u00e1rty\u00e1d? Bev\u00e1lt\u00e1s Tov\u00e1bb a fizet\u00e9shez!\" \/>\n<meta property=\"og:url\" content=\"https:\/\/karaiexclusiveracing.hu\/en\/kosar\/\" \/>\n<meta property=\"og:site_name\" content=\"K\u00e1rai Exclusive\" \/>\n<meta property=\"article:publisher\" content=\"https:\/\/www.facebook.com\/karaiexclusiveracing.hu\" \/>\n<meta property=\"article:modified_time\" content=\"2026-03-20T18:35:11+00:00\" \/>\n<meta property=\"og:image\" content=\"http:\/\/www.karaiexclusiveracing.hu\/wp-content\/uploads\/2026\/03\/viber_kep_2026-03-04_13-01-48-132-300x200.jpg\" \/>\n<meta name=\"twitter:card\" content=\"summary_large_image\" \/>\n<meta name=\"twitter:label1\" content=\"Est. reading time\" \/>\n\t<meta name=\"twitter:data1\" content=\"1 minute\" \/>\n<script type=\"application\/ld+json\" class=\"yoast-schema-graph\">{\"@context\":\"https:\/\/schema.org\",\"@graph\":[{\"@type\":\"WebPage\",\"@id\":\"https:\/\/karaiexclusiveracing.hu\/kosar\/\",\"url\":\"https:\/\/karaiexclusiveracing.hu\/kosar\/\",\"name\":\"Kos\u00e1r - K\u00e1rai Exclusive\",\"isPartOf\":{\"@id\":\"https:\/\/karaiexclusiveracing.hu\/#website\"},\"primaryImageOfPage\":{\"@id\":\"https:\/\/karaiexclusiveracing.hu\/kosar\/#primaryimage\"},\"image\":{\"@id\":\"https:\/\/karaiexclusiveracing.hu\/kosar\/#primaryimage\"},\"thumbnailUrl\":\"http:\/\/www.karaiexclusiveracing.hu\/wp-content\/uploads\/2026\/03\/viber_kep_2026-03-04_13-01-48-132-300x200.jpg\",\"datePublished\":\"2023-10-27T13:07:01+00:00\",\"dateModified\":\"2026-03-20T18:35:11+00:00\",\"breadcrumb\":{\"@id\":\"https:\/\/karaiexclusiveracing.hu\/kosar\/#breadcrumb\"},\"inLanguage\":\"en-US\",\"potentialAction\":[{\"@type\":\"ReadAction\",\"target\":[\"https:\/\/karaiexclusiveracing.hu\/kosar\/\"]}]},{\"@type\":\"ImageObject\",\"inLanguage\":\"en-US\",\"@id\":\"https:\/\/karaiexclusiveracing.hu\/kosar\/#primaryimage\",\"url\":\"http:\/\/www.karaiexclusiveracing.hu\/wp-content\/uploads\/2026\/03\/viber_kep_2026-03-04_13-01-48-132-300x200.jpg\",\"contentUrl\":\"http:\/\/www.karaiexclusiveracing.hu\/wp-content\/uploads\/2026\/03\/viber_kep_2026-03-04_13-01-48-132-300x200.jpg\"},{\"@type\":\"BreadcrumbList\",\"@id\":\"https:\/\/karaiexclusiveracing.hu\/kosar\/#breadcrumb\",\"itemListElement\":[{\"@type\":\"ListItem\",\"position\":1,\"name\":\"Kezd\u0151lap\",\"item\":\"https:\/\/karaiexclusiveracing.hu\/\"},{\"@type\":\"ListItem\",\"position\":2,\"name\":\"Kos\u00e1r\"}]},{\"@type\":\"WebSite\",\"@id\":\"https:\/\/karaiexclusiveracing.hu\/#website\",\"url\":\"https:\/\/karaiexclusiveracing.hu\/\",\"name\":\"K\u00e1rai Exclusive Racing\",\"description\":\"\",\"publisher\":{\"@id\":\"https:\/\/karaiexclusiveracing.hu\/#organization\"},\"potentialAction\":[{\"@type\":\"SearchAction\",\"target\":{\"@type\":\"EntryPoint\",\"urlTemplate\":\"https:\/\/karaiexclusiveracing.hu\/?s={search_term_string}\"},\"query-input\":{\"@type\":\"PropertyValueSpecification\",\"valueRequired\":true,\"valueName\":\"search_term_string\"}}],\"inLanguage\":\"en-US\"},{\"@type\":\"Organization\",\"@id\":\"https:\/\/karaiexclusiveracing.hu\/#organization\",\"name\":\"K\u00e1rai Exclusive Racing\",\"url\":\"https:\/\/karaiexclusiveracing.hu\/\",\"logo\":{\"@type\":\"ImageObject\",\"inLanguage\":\"en-US\",\"@id\":\"https:\/\/karaiexclusiveracing.hu\/#\/schema\/logo\/image\/\",\"url\":\"https:\/\/www.karaiexclusiveracing.hu\/wp-content\/uploads\/2023\/10\/karai_exclusive_logo-1-1.png\",\"contentUrl\":\"https:\/\/www.karaiexclusiveracing.hu\/wp-content\/uploads\/2023\/10\/karai_exclusive_logo-1-1.png\",\"width\":1575,\"height\":435,\"caption\":\"K\u00e1rai Exclusive Racing\"},\"image\":{\"@id\":\"https:\/\/karaiexclusiveracing.hu\/#\/schema\/logo\/image\/\"},\"sameAs\":[\"https:\/\/www.facebook.com\/karaiexclusiveracing.hu\",\"https:\/\/www.instagram.com\/karaiexclusiveracing\/\"]}]}<\/script>\n<!-- \/ Yoast SEO Premium plugin. -->","yoast_head_json":{"title":"Kos\u00e1r - K\u00e1rai Exclusive","robots":{"index":"index","follow":"follow","max-snippet":"max-snippet:-1","max-image-preview":"max-image-preview:large","max-video-preview":"max-video-preview:-1"},"canonical":"https:\/\/karaiexclusiveracing.hu\/en\/kosar\/","og_locale":"en_US","og_type":"article","og_title":"Kos\u00e1r","og_description":"KOS\u00c1R T\u00e9tel t\u00f6rl\u00e9se B\u00e9lyegk\u00e9p Term\u00e9k \u00c1r Mennyis\u00e9g R\u00e9sz\u00f6sszeg &times; M\u0171helyl\u00e1togat\u00e1s \u2013 DIAMOND csomag Csomag: DIAMOND Date: 2026.04.02. Time: 14:00 Duration: 60 minutes 20 000&nbsp;&#70;&#116; 1 20 000&nbsp;&#70;&#116; Kupon \u00e9rv\u00e9nyes\u00edt\u00e9se A teljes kosarad R\u00e9sz\u00f6sszeg 20 000&nbsp;&#70;&#116; \u00d6sszeg 20 000&nbsp;&#70;&#116; (Ad\u00f3tartalom: 4 252&nbsp;&#070;&#116; Ad\u00f3) Van aj\u00e1nd\u00e9kk\u00e1rty\u00e1d? Bev\u00e1lt\u00e1s Tov\u00e1bb a fizet\u00e9shez!","og_url":"https:\/\/karaiexclusiveracing.hu\/en\/kosar\/","og_site_name":"K\u00e1rai Exclusive","article_publisher":"https:\/\/www.facebook.com\/karaiexclusiveracing.hu","article_modified_time":"2026-03-20T18:35:11+00:00","og_image":[{"url":"http:\/\/www.karaiexclusiveracing.hu\/wp-content\/uploads\/2026\/03\/viber_kep_2026-03-04_13-01-48-132-300x200.jpg","type":"","width":"","height":""}],"twitter_card":"summary_large_image","twitter_misc":{"Est. reading time":"1 minute"},"schema":{"@context":"https:\/\/schema.org","@graph":[{"@type":"WebPage","@id":"https:\/\/karaiexclusiveracing.hu\/kosar\/","url":"https:\/\/karaiexclusiveracing.hu\/kosar\/","name":"Kos\u00e1r - K\u00e1rai Exclusive","isPartOf":{"@id":"https:\/\/karaiexclusiveracing.hu\/#website"},"primaryImageOfPage":{"@id":"https:\/\/karaiexclusiveracing.hu\/kosar\/#primaryimage"},"image":{"@id":"https:\/\/karaiexclusiveracing.hu\/kosar\/#primaryimage"},"thumbnailUrl":"http:\/\/www.karaiexclusiveracing.hu\/wp-content\/uploads\/2026\/03\/viber_kep_2026-03-04_13-01-48-132-300x200.jpg","datePublished":"2023-10-27T13:07:01+00:00","dateModified":"2026-03-20T18:35:11+00:00","breadcrumb":{"@id":"https:\/\/karaiexclusiveracing.hu\/kosar\/#breadcrumb"},"inLanguage":"en-US","potentialAction":[{"@type":"ReadAction","target":["https:\/\/karaiexclusiveracing.hu\/kosar\/"]}]},{"@type":"ImageObject","inLanguage":"en-US","@id":"https:\/\/karaiexclusiveracing.hu\/kosar\/#primaryimage","url":"http:\/\/www.karaiexclusiveracing.hu\/wp-content\/uploads\/2026\/03\/viber_kep_2026-03-04_13-01-48-132-300x200.jpg","contentUrl":"http:\/\/www.karaiexclusiveracing.hu\/wp-content\/uploads\/2026\/03\/viber_kep_2026-03-04_13-01-48-132-300x200.jpg"},{"@type":"BreadcrumbList","@id":"https:\/\/karaiexclusiveracing.hu\/kosar\/#breadcrumb","itemListElement":[{"@type":"ListItem","position":1,"name":"Kezd\u0151lap","item":"https:\/\/karaiexclusiveracing.hu\/"},{"@type":"ListItem","position":2,"name":"Kos\u00e1r"}]},{"@type":"WebSite","@id":"https:\/\/karaiexclusiveracing.hu\/#website","url":"https:\/\/karaiexclusiveracing.hu\/","name":"K\u00e1rai Exclusive Racing","description":"","publisher":{"@id":"https:\/\/karaiexclusiveracing.hu\/#organization"},"potentialAction":[{"@type":"SearchAction","target":{"@type":"EntryPoint","urlTemplate":"https:\/\/karaiexclusiveracing.hu\/?s={search_term_string}"},"query-input":{"@type":"PropertyValueSpecification","valueRequired":true,"valueName":"search_term_string"}}],"inLanguage":"en-US"},{"@type":"Organization","@id":"https:\/\/karaiexclusiveracing.hu\/#organization","name":"K\u00e1rai Exclusive Racing","url":"https:\/\/karaiexclusiveracing.hu\/","logo":{"@type":"ImageObject","inLanguage":"en-US","@id":"https:\/\/karaiexclusiveracing.hu\/#\/schema\/logo\/image\/","url":"https:\/\/www.karaiexclusiveracing.hu\/wp-content\/uploads\/2023\/10\/karai_exclusive_logo-1-1.png","contentUrl":"https:\/\/www.karaiexclusiveracing.hu\/wp-content\/uploads\/2023\/10\/karai_exclusive_logo-1-1.png","width":1575,"height":435,"caption":"K\u00e1rai Exclusive Racing"},"image":{"@id":"https:\/\/karaiexclusiveracing.hu\/#\/schema\/logo\/image\/"},"sameAs":["https:\/\/www.facebook.com\/karaiexclusiveracing.hu","https:\/\/www.instagram.com\/karaiexclusiveracing\/"]}]}},"_links":{"self":[{"href":"https:\/\/karaiexclusiveracing.hu\/en\/wp-json\/wp\/v2\/pages\/11","targetHints":{"allow":["GET"]}}],"collection":[{"href":"https:\/\/karaiexclusiveracing.hu\/en\/wp-json\/wp\/v2\/pages"}],"about":[{"href":"https:\/\/karaiexclusiveracing.hu\/en\/wp-json\/wp\/v2\/types\/page"}],"author":[{"embeddable":true,"href":"https:\/\/karaiexclusiveracing.hu\/en\/wp-json\/wp\/v2\/users\/1"}],"replies":[{"embeddable":true,"href":"https:\/\/karaiexclusiveracing.hu\/en\/wp-json\/wp\/v2\/comments?post=11"}],"version-history":[{"count":54,"href":"https:\/\/karaiexclusiveracing.hu\/en\/wp-json\/wp\/v2\/pages\/11\/revisions"}],"predecessor-version":[{"id":24487,"href":"https:\/\/karaiexclusiveracing.hu\/en\/wp-json\/wp\/v2\/pages\/11\/revisions\/24487"}],"wp:attachment":[{"href":"https:\/\/karaiexclusiveracing.hu\/en\/wp-json\/wp\/v2\/media?parent=11"}],"curies":[{"name":"wp","href":"https:\/\/api.w.org\/{rel}","templated":true}]}}