{"id":23976,"date":"2026-02-20T09:26:52","date_gmt":"2026-02-20T08:26:52","guid":{"rendered":"https:\/\/www.karaiexclusiveracing.hu\/?post_type=product&#038;p=23976"},"modified":"2026-03-04T18:07:14","modified_gmt":"2026-03-04T17:07:14","slug":"bmw-e39-523i","status":"publish","type":"product","link":"https:\/\/karaiexclusiveracing.hu\/de\/termek\/bmw-e39-523i\/","title":{"rendered":"BMW E39 523i"},"content":{"rendered":"<p>Elad\u00e1sra k\u00edn\u00e1lunk egy E39 523i tipus\u00fa BMW-t. Az aut\u00f3n t\u00f6bb m\u0171szaki probl\u00e9m\u00e1t orvosoltunk m\u0171hely\u00fcnkben. T\u00f6bbek k\u00f6z\u00f6tt komplett hengerfej fel\u00faj\u00edt\u00e1s, olajcsere, sz\u0171r\u0151k cser\u00e9je, hib\u00e1s jelad\u00f3k cser\u00e9je, ker\u00e9kcsap\u00e1gy csere stb.<\/p>\n<p><strong>Belt\u00e9rre vonatkoz\u00f3 adatok:<\/strong><\/p>\n<p>f\u0171thet\u0151 els\u0151 \u00fcl\u00e9s<br \/>\n\u00fcl\u00e9smagass\u00e1g \u00e1ll\u00edt\u00e1s<br \/>\nk\u00f6z\u00e9ps\u0151 kart\u00e1masz<br \/>\nautomatikusan s\u00f6t\u00e9ted\u0151 bels\u0151 t\u00fck\u00f6r<br \/>\nh\u0171thet\u0151 keszty\u0171tart\u00f3<br \/>\nmultifunkci\u00f3s korm\u00e1nyker\u00e9k<br \/>\nvel\u00far k\u00e1rpit<br \/>\nb\u0151rkorm\u00e1ny<br \/>\nkikapcsolhat\u00f3 l\u00e9gzs\u00e1k<br \/>\noldall\u00e9gzs\u00e1k<br \/>\nutasoldali l\u00e9gzs\u00e1k<br \/>\nvezet\u0151oldali l\u00e9gzs\u00e1k<br \/>\nh\u00e1ts\u00f3 fejt\u00e1ml\u00e1k<br \/>\n\u00e1ll\u00edthat\u00f3 korm\u00e1ny<br \/>\nfed\u00e9lzeti komputer<\/p>\n<p><strong>M\u0171szaki adatok:<\/strong><\/p>\n<p>ABS (blokkol\u00e1sg\u00e1tl\u00f3)<br \/>\nASR (kip\u00f6rg\u00e9sg\u00e1tl\u00f3)<br \/>\nESP (menetstabiliz\u00e1tor)<br \/>\ntempomat<br \/>\nind\u00edt\u00e1sg\u00e1tl\u00f3 (immobiliser)<br \/>\ncentr\u00e1lz\u00e1r<br \/>\nszervokorm\u00e1ny<\/p>\n<p><strong>K\u00fclt\u00e9rre vonatkoz\u00f3 adatok:<\/strong><\/p>\n<p>k\u00f6dl\u00e1mpa<br \/>\nxenon f\u00e9nysz\u00f3r\u00f3<br \/>\nf\u00e9nysz\u00f3r\u00f3 magass\u00e1g\u00e1ll\u00edt\u00e1s<br \/>\nf\u00e9nysz\u00f3r\u00f3mos\u00f3<br \/>\nelektromos ablak el\u00f6l<br \/>\nelektromos t\u00fck\u00f6r<br \/>\nk\u00f6nny\u0171f\u00e9m felni<br \/>\ntol\u00f3tet\u0151 (napf\u00e9nytet\u0151)<br \/>\nMultim\u00e9dia \/ Navig\u00e1ci\u00f3<br \/>\nr\u00e1di\u00f3<br \/>\nr\u00e1di\u00f3s magn\u00f3<br \/>\nkorm\u00e1nyra szerelhet\u0151 t\u00e1vir\u00e1ny\u00edt\u00f3<br \/>\ngy\u00e1ri er\u0151s\u00edt\u0151<br \/>\n6 hangsz\u00f3r\u00f3<br \/>\naut\u00f3telefon<br \/>\nkorm\u00e1nyr\u00f3l vez\u00e9relhet\u0151 hifi<\/p>\n<p>azonnal elvihet\u0151<br \/>\nh\u00f6lgy tulajdonost\u00f3l<br \/>\nnem doh\u00e1nyz\u00f3<br \/>\nt\u00f6rzsk\u00f6nyv<\/p>\n<p><strong>B\u0151vebb inform\u00e1ci\u00f3 telefonon k\u00e9rhet\u0151!<\/strong><\/p>","protected":false},"excerpt":{"rendered":"<p>Elad\u00e1sra k\u00edn\u00e1lunk egy E39 523i tipus\u00fa BMW-t. Az aut\u00f3n t\u00f6bb m\u0171szaki probl\u00e9m\u00e1t orvosoltunk m\u0171hely\u00fcnkben. T\u00f6bbek k\u00f6z\u00f6tt komplett hengerfej fel\u00faj\u00edt\u00e1s, olajcsere, sz\u0171r\u0151k cser\u00e9je, hib\u00e1s jelad\u00f3k cser\u00e9je, ker\u00e9kcsap\u00e1gy csere stb. Belt\u00e9rre vonatkoz\u00f3 adatok: f\u0171thet\u0151 els\u0151 \u00fcl\u00e9s \u00fcl\u00e9smagass\u00e1g \u00e1ll\u00edt\u00e1s k\u00f6z\u00e9ps\u0151 kart\u00e1masz automatikusan s\u00f6t\u00e9ted\u0151 bels\u0151 t\u00fck\u00f6r h\u0171thet\u0151 keszty\u0171tart\u00f3 multifunkci\u00f3s korm\u00e1nyker\u00e9k vel\u00far k\u00e1rpit b\u0151rkorm\u00e1ny kikapcsolhat\u00f3 l\u00e9gzs\u00e1k oldall\u00e9gzs\u00e1k utasoldali l\u00e9gzs\u00e1k vezet\u0151oldali [&hellip;]<\/p>\n","protected":false},"featured_media":24001,"template":"","meta":{"_acf_changed":false},"manufactures":[],"product_brand":[165],"product_cat":[25],"product_tag":[109],"class_list":{"0":"post-23976","1":"product","2":"type-product","3":"status-publish","4":"has-post-thumbnail","6":"product_brand-bmw","7":"product_cat-streetcar","8":"product_tag-sold","10":"first","11":"instock","12":"taxable","13":"shipping-taxable","14":"purchasable","15":"product-type-simple"},"exclude_global_add_ons":[],"addons":[],"acf":[],"yoast_head":"<!-- This site is optimized with the Yoast SEO Premium plugin v27.1 (Yoast SEO v27.2) - https:\/\/yoast.com\/product\/yoast-seo-premium-wordpress\/ -->\n<title>BMW E39 523i - K\u00e1rai Exclusive<\/title>\n<meta name=\"robots\" content=\"index, follow, max-snippet:-1, max-image-preview:large, max-video-preview:-1\" \/>\n<link rel=\"canonical\" href=\"https:\/\/karaiexclusiveracing.hu\/de\/produkt\/bmw-e39-523i\/\" \/>\n<meta property=\"og:locale\" content=\"de_DE\" \/>\n<meta property=\"og:type\" content=\"article\" \/>\n<meta property=\"og:title\" content=\"BMW E39 523i\" \/>\n<meta property=\"og:description\" content=\"Elad\u00e1sra k\u00edn\u00e1lunk egy E39 523i tipus\u00fa BMW-t. Az aut\u00f3n t\u00f6bb m\u0171szaki probl\u00e9m\u00e1t orvosoltunk m\u0171hely\u00fcnkben. T\u00f6bbek k\u00f6z\u00f6tt komplett hengerfej fel\u00faj\u00edt\u00e1s, olajcsere, sz\u0171r\u0151k cser\u00e9je, hib\u00e1s jelad\u00f3k cser\u00e9je, ker\u00e9kcsap\u00e1gy csere stb. Belt\u00e9rre vonatkoz\u00f3 adatok: f\u0171thet\u0151 els\u0151 \u00fcl\u00e9s \u00fcl\u00e9smagass\u00e1g \u00e1ll\u00edt\u00e1s k\u00f6z\u00e9ps\u0151 kart\u00e1masz automatikusan s\u00f6t\u00e9ted\u0151 bels\u0151 t\u00fck\u00f6r h\u0171thet\u0151 keszty\u0171tart\u00f3 multifunkci\u00f3s korm\u00e1nyker\u00e9k vel\u00far k\u00e1rpit b\u0151rkorm\u00e1ny kikapcsolhat\u00f3 l\u00e9gzs\u00e1k oldall\u00e9gzs\u00e1k utasoldali l\u00e9gzs\u00e1k vezet\u0151oldali [&hellip;]\" \/>\n<meta property=\"og:url\" content=\"https:\/\/karaiexclusiveracing.hu\/de\/produkt\/bmw-e39-523i\/\" \/>\n<meta property=\"og:site_name\" content=\"K\u00e1rai Exclusive\" \/>\n<meta property=\"article:publisher\" content=\"https:\/\/www.facebook.com\/karaiexclusiveracing.hu\" \/>\n<meta property=\"article:modified_time\" content=\"2026-03-04T17:07:14+00:00\" \/>\n<meta property=\"og:image\" content=\"https:\/\/karaiexclusiveracing.hu\/wp-content\/uploads\/2026\/02\/A-bekezdes-szovege-2.png\" \/>\n\t<meta property=\"og:image:width\" content=\"940\" \/>\n\t<meta property=\"og:image:height\" content=\"606\" \/>\n\t<meta property=\"og:image:type\" content=\"image\/png\" \/>\n<meta name=\"twitter:card\" content=\"summary_large_image\" \/>\n<meta name=\"twitter:label1\" content=\"Gesch\u00e4tzte Lesezeit\" \/>\n\t<meta name=\"twitter:data1\" content=\"1\u00a0Minute\" \/>\n<script type=\"application\/ld+json\" class=\"yoast-schema-graph\">{\"@context\":\"https:\/\/schema.org\",\"@graph\":[{\"@type\":\"WebPage\",\"@id\":\"https:\/\/karaiexclusiveracing.hu\/de\/produkt\/bmw-e39-523i\/\",\"url\":\"https:\/\/karaiexclusiveracing.hu\/de\/produkt\/bmw-e39-523i\/\",\"name\":\"BMW E39 523i - K\u00e1rai Exclusive\",\"isPartOf\":{\"@id\":\"https:\/\/karaiexclusiveracing.hu\/#website\"},\"primaryImageOfPage\":{\"@id\":\"https:\/\/karaiexclusiveracing.hu\/de\/produkt\/bmw-e39-523i\/#primaryimage\"},\"image\":{\"@id\":\"https:\/\/karaiexclusiveracing.hu\/de\/produkt\/bmw-e39-523i\/#primaryimage\"},\"thumbnailUrl\":\"https:\/\/karaiexclusiveracing.hu\/wp-content\/uploads\/2026\/02\/A-bekezdes-szovege-2.png\",\"datePublished\":\"2026-02-20T08:26:52+00:00\",\"dateModified\":\"2026-03-04T17:07:14+00:00\",\"breadcrumb\":{\"@id\":\"https:\/\/karaiexclusiveracing.hu\/de\/produkt\/bmw-e39-523i\/#breadcrumb\"},\"inLanguage\":\"de\",\"potentialAction\":[{\"@type\":\"ReadAction\",\"target\":[\"https:\/\/karaiexclusiveracing.hu\/de\/produkt\/bmw-e39-523i\/\"]}]},{\"@type\":\"ImageObject\",\"inLanguage\":\"de\",\"@id\":\"https:\/\/karaiexclusiveracing.hu\/de\/produkt\/bmw-e39-523i\/#primaryimage\",\"url\":\"https:\/\/karaiexclusiveracing.hu\/wp-content\/uploads\/2026\/02\/A-bekezdes-szovege-2.png\",\"contentUrl\":\"https:\/\/karaiexclusiveracing.hu\/wp-content\/uploads\/2026\/02\/A-bekezdes-szovege-2.png\",\"width\":940,\"height\":606},{\"@type\":\"BreadcrumbList\",\"@id\":\"https:\/\/karaiexclusiveracing.hu\/de\/produkt\/bmw-e39-523i\/#breadcrumb\",\"itemListElement\":[{\"@type\":\"ListItem\",\"position\":1,\"name\":\"Kezd\u0151lap\",\"item\":\"https:\/\/karaiexclusiveracing.hu\/\"},{\"@type\":\"ListItem\",\"position\":2,\"name\":\"Elad\u00f3 aut\u00f3k\",\"item\":\"https:\/\/karaiexclusiveracing.hu\/elado-autok\/\"},{\"@type\":\"ListItem\",\"position\":3,\"name\":\"BMW E39 523i\"}]},{\"@type\":\"WebSite\",\"@id\":\"https:\/\/karaiexclusiveracing.hu\/#website\",\"url\":\"https:\/\/karaiexclusiveracing.hu\/\",\"name\":\"K\u00e1rai Exclusive Racing\",\"description\":\"\",\"publisher\":{\"@id\":\"https:\/\/karaiexclusiveracing.hu\/#organization\"},\"potentialAction\":[{\"@type\":\"SearchAction\",\"target\":{\"@type\":\"EntryPoint\",\"urlTemplate\":\"https:\/\/karaiexclusiveracing.hu\/?s={search_term_string}\"},\"query-input\":{\"@type\":\"PropertyValueSpecification\",\"valueRequired\":true,\"valueName\":\"search_term_string\"}}],\"inLanguage\":\"de\"},{\"@type\":\"Organization\",\"@id\":\"https:\/\/karaiexclusiveracing.hu\/#organization\",\"name\":\"K\u00e1rai Exclusive Racing\",\"url\":\"https:\/\/karaiexclusiveracing.hu\/\",\"logo\":{\"@type\":\"ImageObject\",\"inLanguage\":\"de\",\"@id\":\"https:\/\/karaiexclusiveracing.hu\/#\/schema\/logo\/image\/\",\"url\":\"https:\/\/www.karaiexclusiveracing.hu\/wp-content\/uploads\/2023\/10\/karai_exclusive_logo-1-1.png\",\"contentUrl\":\"https:\/\/www.karaiexclusiveracing.hu\/wp-content\/uploads\/2023\/10\/karai_exclusive_logo-1-1.png\",\"width\":1575,\"height\":435,\"caption\":\"K\u00e1rai Exclusive Racing\"},\"image\":{\"@id\":\"https:\/\/karaiexclusiveracing.hu\/#\/schema\/logo\/image\/\"},\"sameAs\":[\"https:\/\/www.facebook.com\/karaiexclusiveracing.hu\",\"https:\/\/www.instagram.com\/karaiexclusiveracing\/\"]}]}<\/script>\n<!-- \/ Yoast SEO Premium plugin. -->","yoast_head_json":{"title":"BMW E39 523i - K\u00e1rai Exclusive","robots":{"index":"index","follow":"follow","max-snippet":"max-snippet:-1","max-image-preview":"max-image-preview:large","max-video-preview":"max-video-preview:-1"},"canonical":"https:\/\/karaiexclusiveracing.hu\/de\/produkt\/bmw-e39-523i\/","og_locale":"de_DE","og_type":"article","og_title":"BMW E39 523i","og_description":"Elad\u00e1sra k\u00edn\u00e1lunk egy E39 523i tipus\u00fa BMW-t. Az aut\u00f3n t\u00f6bb m\u0171szaki probl\u00e9m\u00e1t orvosoltunk m\u0171hely\u00fcnkben. T\u00f6bbek k\u00f6z\u00f6tt komplett hengerfej fel\u00faj\u00edt\u00e1s, olajcsere, sz\u0171r\u0151k cser\u00e9je, hib\u00e1s jelad\u00f3k cser\u00e9je, ker\u00e9kcsap\u00e1gy csere stb. Belt\u00e9rre vonatkoz\u00f3 adatok: f\u0171thet\u0151 els\u0151 \u00fcl\u00e9s \u00fcl\u00e9smagass\u00e1g \u00e1ll\u00edt\u00e1s k\u00f6z\u00e9ps\u0151 kart\u00e1masz automatikusan s\u00f6t\u00e9ted\u0151 bels\u0151 t\u00fck\u00f6r h\u0171thet\u0151 keszty\u0171tart\u00f3 multifunkci\u00f3s korm\u00e1nyker\u00e9k vel\u00far k\u00e1rpit b\u0151rkorm\u00e1ny kikapcsolhat\u00f3 l\u00e9gzs\u00e1k oldall\u00e9gzs\u00e1k utasoldali l\u00e9gzs\u00e1k vezet\u0151oldali [&hellip;]","og_url":"https:\/\/karaiexclusiveracing.hu\/de\/produkt\/bmw-e39-523i\/","og_site_name":"K\u00e1rai Exclusive","article_publisher":"https:\/\/www.facebook.com\/karaiexclusiveracing.hu","article_modified_time":"2026-03-04T17:07:14+00:00","og_image":[{"width":940,"height":606,"url":"https:\/\/karaiexclusiveracing.hu\/wp-content\/uploads\/2026\/02\/A-bekezdes-szovege-2.png","type":"image\/png"}],"twitter_card":"summary_large_image","twitter_misc":{"Gesch\u00e4tzte Lesezeit":"1\u00a0Minute"},"schema":{"@context":"https:\/\/schema.org","@graph":[{"@type":"WebPage","@id":"https:\/\/karaiexclusiveracing.hu\/de\/produkt\/bmw-e39-523i\/","url":"https:\/\/karaiexclusiveracing.hu\/de\/produkt\/bmw-e39-523i\/","name":"BMW E39 523i - K\u00e1rai Exclusive","isPartOf":{"@id":"https:\/\/karaiexclusiveracing.hu\/#website"},"primaryImageOfPage":{"@id":"https:\/\/karaiexclusiveracing.hu\/de\/produkt\/bmw-e39-523i\/#primaryimage"},"image":{"@id":"https:\/\/karaiexclusiveracing.hu\/de\/produkt\/bmw-e39-523i\/#primaryimage"},"thumbnailUrl":"https:\/\/karaiexclusiveracing.hu\/wp-content\/uploads\/2026\/02\/A-bekezdes-szovege-2.png","datePublished":"2026-02-20T08:26:52+00:00","dateModified":"2026-03-04T17:07:14+00:00","breadcrumb":{"@id":"https:\/\/karaiexclusiveracing.hu\/de\/produkt\/bmw-e39-523i\/#breadcrumb"},"inLanguage":"de","potentialAction":[{"@type":"ReadAction","target":["https:\/\/karaiexclusiveracing.hu\/de\/produkt\/bmw-e39-523i\/"]}]},{"@type":"ImageObject","inLanguage":"de","@id":"https:\/\/karaiexclusiveracing.hu\/de\/produkt\/bmw-e39-523i\/#primaryimage","url":"https:\/\/karaiexclusiveracing.hu\/wp-content\/uploads\/2026\/02\/A-bekezdes-szovege-2.png","contentUrl":"https:\/\/karaiexclusiveracing.hu\/wp-content\/uploads\/2026\/02\/A-bekezdes-szovege-2.png","width":940,"height":606},{"@type":"BreadcrumbList","@id":"https:\/\/karaiexclusiveracing.hu\/de\/produkt\/bmw-e39-523i\/#breadcrumb","itemListElement":[{"@type":"ListItem","position":1,"name":"Kezd\u0151lap","item":"https:\/\/karaiexclusiveracing.hu\/"},{"@type":"ListItem","position":2,"name":"Elad\u00f3 aut\u00f3k","item":"https:\/\/karaiexclusiveracing.hu\/elado-autok\/"},{"@type":"ListItem","position":3,"name":"BMW E39 523i"}]},{"@type":"WebSite","@id":"https:\/\/karaiexclusiveracing.hu\/#website","url":"https:\/\/karaiexclusiveracing.hu\/","name":"K\u00e1rai Exclusive Racing","description":"","publisher":{"@id":"https:\/\/karaiexclusiveracing.hu\/#organization"},"potentialAction":[{"@type":"SearchAction","target":{"@type":"EntryPoint","urlTemplate":"https:\/\/karaiexclusiveracing.hu\/?s={search_term_string}"},"query-input":{"@type":"PropertyValueSpecification","valueRequired":true,"valueName":"search_term_string"}}],"inLanguage":"de"},{"@type":"Organization","@id":"https:\/\/karaiexclusiveracing.hu\/#organization","name":"K\u00e1rai Exclusive Racing","url":"https:\/\/karaiexclusiveracing.hu\/","logo":{"@type":"ImageObject","inLanguage":"de","@id":"https:\/\/karaiexclusiveracing.hu\/#\/schema\/logo\/image\/","url":"https:\/\/www.karaiexclusiveracing.hu\/wp-content\/uploads\/2023\/10\/karai_exclusive_logo-1-1.png","contentUrl":"https:\/\/www.karaiexclusiveracing.hu\/wp-content\/uploads\/2023\/10\/karai_exclusive_logo-1-1.png","width":1575,"height":435,"caption":"K\u00e1rai Exclusive Racing"},"image":{"@id":"https:\/\/karaiexclusiveracing.hu\/#\/schema\/logo\/image\/"},"sameAs":["https:\/\/www.facebook.com\/karaiexclusiveracing.hu","https:\/\/www.instagram.com\/karaiexclusiveracing\/"]}]}},"_links":{"self":[{"href":"https:\/\/karaiexclusiveracing.hu\/de\/wp-json\/wp\/v2\/product\/23976","targetHints":{"allow":["GET"]}}],"collection":[{"href":"https:\/\/karaiexclusiveracing.hu\/de\/wp-json\/wp\/v2\/product"}],"about":[{"href":"https:\/\/karaiexclusiveracing.hu\/de\/wp-json\/wp\/v2\/types\/product"}],"wp:featuredmedia":[{"embeddable":true,"href":"https:\/\/karaiexclusiveracing.hu\/de\/wp-json\/wp\/v2\/media\/24001"}],"wp:attachment":[{"href":"https:\/\/karaiexclusiveracing.hu\/de\/wp-json\/wp\/v2\/media?parent=23976"}],"wp:term":[{"taxonomy":"manufactures","embeddable":true,"href":"https:\/\/karaiexclusiveracing.hu\/de\/wp-json\/wp\/v2\/manufactures?post=23976"},{"taxonomy":"product_brand","embeddable":true,"href":"https:\/\/karaiexclusiveracing.hu\/de\/wp-json\/wp\/v2\/product_brand?post=23976"},{"taxonomy":"product_cat","embeddable":true,"href":"https:\/\/karaiexclusiveracing.hu\/de\/wp-json\/wp\/v2\/product_cat?post=23976"},{"taxonomy":"product_tag","embeddable":true,"href":"https:\/\/karaiexclusiveracing.hu\/de\/wp-json\/wp\/v2\/product_tag?post=23976"}],"curies":[{"name":"wp","href":"https:\/\/api.w.org\/{rel}","templated":true}]}}