{"id":21263,"date":"2024-10-14T11:29:42","date_gmt":"2024-10-14T09:29:42","guid":{"rendered":"https:\/\/www.karaiexclusiveracing.hu\/?post_type=product&#038;p=21263"},"modified":"2025-09-11T19:55:55","modified_gmt":"2025-09-11T17:55:55","slug":"535i","status":"publish","type":"product","link":"https:\/\/karaiexclusiveracing.hu\/de\/termek\/535i\/","title":{"rendered":"BMW 535i"},"content":{"rendered":"<p>Elad\u00f3 egy <strong>1987-es BMW E28 535i<\/strong>, amely a legend\u00e1s 5-\u00f6s sorozat r\u00e9sze, \u00e9s teljes m\u00e9rt\u00e9kben <strong>gy\u00e1ri \u00e1llapotban van<\/strong>. Az aut\u00f3 meg\u0151rz\u00f6tt \u00e1llapota \u00e9s t\u00f6rt\u00e9nete igazi k\u00fcl\u00f6nlegess\u00e9 teszi. <strong>2008-ig vezetett szervizk\u00f6nyvvel<\/strong> rendelkezik, a karbantart\u00e1sokat kiz\u00e1r\u00f3lag hivatalos m\u00e1rkaszervizben v\u00e9gezt\u00e9k el. Az aut\u00f3 2008 \u00f3ta gy\u0171jtem\u00e9nyi darabk\u00e9nt pihent, \u00edgy egyed\u00fcl\u00e1ll\u00f3 lehet\u0151s\u00e9g klasszikus BMW-rajong\u00f3knak!<\/p>\n<p>Az aut\u00f3 <strong>luxus bels\u0151 \u00e9s k\u00fcls\u0151 felszerelts\u00e9ggel<\/strong> rendelkezik, amelyek a kor legmagasabb sz\u00ednvonal\u00e1t t\u00fckr\u00f6zik. Kiv\u00e1l\u00f3 alap lehet gy\u0171jt\u0151k sz\u00e1m\u00e1ra, de ak\u00e1r mindennapi haszn\u00e1latra is alkalmas megfelel\u0151 el\u0151k\u00e9sz\u00edt\u00e9s ut\u00e1n.<\/p>\n<p><strong>Belt\u00e9r:<\/strong><\/p>\n<ul>\n<li>B\u0151r bels\u0151<\/li>\n<li>F\u0171thet\u0151 els\u0151 \u00fcl\u00e9sek<\/li>\n<li>\u00dcl\u00e9smagass\u00e1g \u00e1ll\u00edt\u00e1s<\/li>\n<li>B\u0151rkorm\u00e1ny<\/li>\n<li>Fed\u00e9lzeti komputer<\/li>\n<\/ul>\n<p>&nbsp;<\/p>\n<p><strong>K\u00fclt\u00e9r:<\/strong><\/p>\n<ul>\n<li>F\u0171thet\u0151 ablakmos\u00f3 f\u00fav\u00f3k\u00e1k<\/li>\n<li>K\u00f6dl\u00e1mpa<\/li>\n<li>F\u00e9nysz\u00f3r\u00f3mos\u00f3<\/li>\n<li>Elektromos ablak el\u00f6l h\u00e1tul<\/li>\n<li>Elektromos t\u00fck\u00f6r<\/li>\n<li>F\u0171thet\u0151 t\u00fck\u00f6r<\/li>\n<li>K\u00f6nny\u0171f\u00e9m felni<\/li>\n<li>P\u00f3tker\u00e9k<\/li>\n<\/ul>\n<p>&nbsp;<\/p>\n<p><strong>M\u0171szaki:<\/strong><\/p>\n<ul>\n<li>ABS (Blokkol\u00e1sg\u00e1tl\u00f3)<\/li>\n<li>Centr\u00e1lz\u00e1r<\/li>\n<li>Riaszt\u00f3<\/li>\n<\/ul>\n<p>&nbsp;<\/p>\n<p>Tov\u00e1bbi inform\u00e1ci\u00f3\u00e9rt \u00e9rdekl\u0151dj telefonon!<\/p>","protected":false},"excerpt":{"rendered":"<p>Elad\u00f3 egy 1987-es BMW E28 535i, amely a legend\u00e1s 5-\u00f6s sorozat r\u00e9sze, \u00e9s teljes m\u00e9rt\u00e9kben gy\u00e1ri \u00e1llapotban van. Az aut\u00f3 meg\u0151rz\u00f6tt \u00e1llapota \u00e9s t\u00f6rt\u00e9nete igazi k\u00fcl\u00f6nlegess\u00e9 teszi. 2008-ig vezetett szervizk\u00f6nyvvel rendelkezik, a karbantart\u00e1sokat kiz\u00e1r\u00f3lag hivatalos m\u00e1rkaszervizben v\u00e9gezt\u00e9k el. Az aut\u00f3 2008 \u00f3ta gy\u0171jtem\u00e9nyi darabk\u00e9nt pihent, \u00edgy egyed\u00fcl\u00e1ll\u00f3 lehet\u0151s\u00e9g klasszikus BMW-rajong\u00f3knak! Az aut\u00f3 luxus bels\u0151 \u00e9s [&hellip;]<\/p>\n","protected":false},"featured_media":21264,"template":"","meta":{"_acf_changed":false},"manufactures":[],"product_brand":[],"product_cat":[24],"product_tag":[],"class_list":{"0":"post-21263","1":"product","2":"type-product","3":"status-publish","4":"has-post-thumbnail","6":"product_cat-classic-car","8":"first","9":"instock","10":"taxable","11":"shipping-taxable","12":"purchasable","13":"product-type-simple"},"exclude_global_add_ons":[],"addons":[],"acf":[],"yoast_head":"<!-- This site is optimized with the Yoast SEO Premium plugin v27.1 (Yoast SEO v27.2) - https:\/\/yoast.com\/product\/yoast-seo-premium-wordpress\/ -->\n<title>BMW 535i - K\u00e1rai Exclusive<\/title>\n<meta name=\"description\" content=\"BMW E28 535i (1987) gy\u00e1ri \u00e1llapotban, vezetett szervizk\u00f6nyvvel, b\u0151r bels\u0151vel \u00e9s teljes felszerelts\u00e9ggel. K\u00fcl\u00f6nleges darab gy\u0171jt\u0151k sz\u00e1m\u00e1ra!\" \/>\n<meta name=\"robots\" content=\"index, follow, max-snippet:-1, max-image-preview:large, max-video-preview:-1\" \/>\n<link rel=\"canonical\" href=\"http:\/\/karaiexclusiveracing.hu\/de\/produkt\/535i\/\" \/>\n<meta property=\"og:locale\" content=\"de_DE\" \/>\n<meta property=\"og:type\" content=\"article\" \/>\n<meta property=\"og:title\" content=\"BMW 535i\" \/>\n<meta property=\"og:description\" content=\"BMW E28 535i (1987) gy\u00e1ri \u00e1llapotban, vezetett szervizk\u00f6nyvvel, b\u0151r bels\u0151vel \u00e9s teljes felszerelts\u00e9ggel. K\u00fcl\u00f6nleges darab gy\u0171jt\u0151k sz\u00e1m\u00e1ra!\" \/>\n<meta property=\"og:url\" content=\"http:\/\/karaiexclusiveracing.hu\/de\/produkt\/535i\/\" \/>\n<meta property=\"og:site_name\" content=\"K\u00e1rai Exclusive\" \/>\n<meta property=\"article:publisher\" content=\"https:\/\/www.facebook.com\/karaiexclusiveracing.hu\" \/>\n<meta property=\"article:modified_time\" content=\"2025-09-11T17:55:55+00:00\" \/>\n<meta property=\"og:image\" content=\"https:\/\/karaiexclusiveracing.hu\/wp-content\/uploads\/2024\/10\/462546266_1104605244553072_4233723715344996003_n.jpg\" \/>\n\t<meta property=\"og:image:width\" content=\"2048\" \/>\n\t<meta property=\"og:image:height\" content=\"1536\" \/>\n\t<meta property=\"og:image:type\" content=\"image\/jpeg\" \/>\n<meta name=\"twitter:card\" content=\"summary_large_image\" \/>\n<meta name=\"twitter:label1\" content=\"Gesch\u00e4tzte Lesezeit\" \/>\n\t<meta name=\"twitter:data1\" content=\"1\u00a0Minute\" \/>\n<script type=\"application\/ld+json\" class=\"yoast-schema-graph\">{\"@context\":\"https:\/\/schema.org\",\"@graph\":[{\"@type\":\"WebPage\",\"@id\":\"http:\/\/karaiexclusiveracing.hu\/de\/produkt\/535i\/\",\"url\":\"http:\/\/karaiexclusiveracing.hu\/de\/produkt\/535i\/\",\"name\":\"BMW 535i - K\u00e1rai Exclusive\",\"isPartOf\":{\"@id\":\"https:\/\/karaiexclusiveracing.hu\/#website\"},\"primaryImageOfPage\":{\"@id\":\"http:\/\/karaiexclusiveracing.hu\/de\/produkt\/535i\/#primaryimage\"},\"image\":{\"@id\":\"http:\/\/karaiexclusiveracing.hu\/de\/produkt\/535i\/#primaryimage\"},\"thumbnailUrl\":\"https:\/\/karaiexclusiveracing.hu\/wp-content\/uploads\/2024\/10\/462546266_1104605244553072_4233723715344996003_n.jpg\",\"datePublished\":\"2024-10-14T09:29:42+00:00\",\"dateModified\":\"2025-09-11T17:55:55+00:00\",\"description\":\"BMW E28 535i (1987) gy\u00e1ri \u00e1llapotban, vezetett szervizk\u00f6nyvvel, b\u0151r bels\u0151vel \u00e9s teljes felszerelts\u00e9ggel. K\u00fcl\u00f6nleges darab gy\u0171jt\u0151k sz\u00e1m\u00e1ra!\",\"breadcrumb\":{\"@id\":\"http:\/\/karaiexclusiveracing.hu\/de\/produkt\/535i\/#breadcrumb\"},\"inLanguage\":\"de\",\"potentialAction\":[{\"@type\":\"ReadAction\",\"target\":[\"http:\/\/karaiexclusiveracing.hu\/de\/produkt\/535i\/\"]}]},{\"@type\":\"ImageObject\",\"inLanguage\":\"de\",\"@id\":\"http:\/\/karaiexclusiveracing.hu\/de\/produkt\/535i\/#primaryimage\",\"url\":\"https:\/\/karaiexclusiveracing.hu\/wp-content\/uploads\/2024\/10\/462546266_1104605244553072_4233723715344996003_n.jpg\",\"contentUrl\":\"https:\/\/karaiexclusiveracing.hu\/wp-content\/uploads\/2024\/10\/462546266_1104605244553072_4233723715344996003_n.jpg\",\"width\":2048,\"height\":1536},{\"@type\":\"BreadcrumbList\",\"@id\":\"http:\/\/karaiexclusiveracing.hu\/de\/produkt\/535i\/#breadcrumb\",\"itemListElement\":[{\"@type\":\"ListItem\",\"position\":1,\"name\":\"Kezd\u0151lap\",\"item\":\"https:\/\/karaiexclusiveracing.hu\/\"},{\"@type\":\"ListItem\",\"position\":2,\"name\":\"Elad\u00f3 aut\u00f3k\",\"item\":\"https:\/\/karaiexclusiveracing.hu\/elado-autok\/\"},{\"@type\":\"ListItem\",\"position\":3,\"name\":\"BMW 535i\"}]},{\"@type\":\"WebSite\",\"@id\":\"https:\/\/karaiexclusiveracing.hu\/#website\",\"url\":\"https:\/\/karaiexclusiveracing.hu\/\",\"name\":\"K\u00e1rai Exclusive Racing\",\"description\":\"\",\"publisher\":{\"@id\":\"https:\/\/karaiexclusiveracing.hu\/#organization\"},\"potentialAction\":[{\"@type\":\"SearchAction\",\"target\":{\"@type\":\"EntryPoint\",\"urlTemplate\":\"https:\/\/karaiexclusiveracing.hu\/?s={search_term_string}\"},\"query-input\":{\"@type\":\"PropertyValueSpecification\",\"valueRequired\":true,\"valueName\":\"search_term_string\"}}],\"inLanguage\":\"de\"},{\"@type\":\"Organization\",\"@id\":\"https:\/\/karaiexclusiveracing.hu\/#organization\",\"name\":\"K\u00e1rai Exclusive Racing\",\"url\":\"https:\/\/karaiexclusiveracing.hu\/\",\"logo\":{\"@type\":\"ImageObject\",\"inLanguage\":\"de\",\"@id\":\"https:\/\/karaiexclusiveracing.hu\/#\/schema\/logo\/image\/\",\"url\":\"https:\/\/www.karaiexclusiveracing.hu\/wp-content\/uploads\/2023\/10\/karai_exclusive_logo-1-1.png\",\"contentUrl\":\"https:\/\/www.karaiexclusiveracing.hu\/wp-content\/uploads\/2023\/10\/karai_exclusive_logo-1-1.png\",\"width\":1575,\"height\":435,\"caption\":\"K\u00e1rai Exclusive Racing\"},\"image\":{\"@id\":\"https:\/\/karaiexclusiveracing.hu\/#\/schema\/logo\/image\/\"},\"sameAs\":[\"https:\/\/www.facebook.com\/karaiexclusiveracing.hu\",\"https:\/\/www.instagram.com\/karaiexclusiveracing\/\"]}]}<\/script>\n<!-- \/ Yoast SEO Premium plugin. -->","yoast_head_json":{"title":"BMW 535i - K\u00e1rai Exclusive","description":"BMW E28 535i (1987) gy\u00e1ri \u00e1llapotban, vezetett szervizk\u00f6nyvvel, b\u0151r bels\u0151vel \u00e9s teljes felszerelts\u00e9ggel. K\u00fcl\u00f6nleges darab gy\u0171jt\u0151k sz\u00e1m\u00e1ra!","robots":{"index":"index","follow":"follow","max-snippet":"max-snippet:-1","max-image-preview":"max-image-preview:large","max-video-preview":"max-video-preview:-1"},"canonical":"http:\/\/karaiexclusiveracing.hu\/de\/produkt\/535i\/","og_locale":"de_DE","og_type":"article","og_title":"BMW 535i","og_description":"BMW E28 535i (1987) gy\u00e1ri \u00e1llapotban, vezetett szervizk\u00f6nyvvel, b\u0151r bels\u0151vel \u00e9s teljes felszerelts\u00e9ggel. K\u00fcl\u00f6nleges darab gy\u0171jt\u0151k sz\u00e1m\u00e1ra!","og_url":"http:\/\/karaiexclusiveracing.hu\/de\/produkt\/535i\/","og_site_name":"K\u00e1rai Exclusive","article_publisher":"https:\/\/www.facebook.com\/karaiexclusiveracing.hu","article_modified_time":"2025-09-11T17:55:55+00:00","og_image":[{"width":2048,"height":1536,"url":"https:\/\/karaiexclusiveracing.hu\/wp-content\/uploads\/2024\/10\/462546266_1104605244553072_4233723715344996003_n.jpg","type":"image\/jpeg"}],"twitter_card":"summary_large_image","twitter_misc":{"Gesch\u00e4tzte Lesezeit":"1\u00a0Minute"},"schema":{"@context":"https:\/\/schema.org","@graph":[{"@type":"WebPage","@id":"http:\/\/karaiexclusiveracing.hu\/de\/produkt\/535i\/","url":"http:\/\/karaiexclusiveracing.hu\/de\/produkt\/535i\/","name":"BMW 535i - K\u00e1rai Exclusive","isPartOf":{"@id":"https:\/\/karaiexclusiveracing.hu\/#website"},"primaryImageOfPage":{"@id":"http:\/\/karaiexclusiveracing.hu\/de\/produkt\/535i\/#primaryimage"},"image":{"@id":"http:\/\/karaiexclusiveracing.hu\/de\/produkt\/535i\/#primaryimage"},"thumbnailUrl":"https:\/\/karaiexclusiveracing.hu\/wp-content\/uploads\/2024\/10\/462546266_1104605244553072_4233723715344996003_n.jpg","datePublished":"2024-10-14T09:29:42+00:00","dateModified":"2025-09-11T17:55:55+00:00","description":"BMW E28 535i (1987) gy\u00e1ri \u00e1llapotban, vezetett szervizk\u00f6nyvvel, b\u0151r bels\u0151vel \u00e9s teljes felszerelts\u00e9ggel. K\u00fcl\u00f6nleges darab gy\u0171jt\u0151k sz\u00e1m\u00e1ra!","breadcrumb":{"@id":"http:\/\/karaiexclusiveracing.hu\/de\/produkt\/535i\/#breadcrumb"},"inLanguage":"de","potentialAction":[{"@type":"ReadAction","target":["http:\/\/karaiexclusiveracing.hu\/de\/produkt\/535i\/"]}]},{"@type":"ImageObject","inLanguage":"de","@id":"http:\/\/karaiexclusiveracing.hu\/de\/produkt\/535i\/#primaryimage","url":"https:\/\/karaiexclusiveracing.hu\/wp-content\/uploads\/2024\/10\/462546266_1104605244553072_4233723715344996003_n.jpg","contentUrl":"https:\/\/karaiexclusiveracing.hu\/wp-content\/uploads\/2024\/10\/462546266_1104605244553072_4233723715344996003_n.jpg","width":2048,"height":1536},{"@type":"BreadcrumbList","@id":"http:\/\/karaiexclusiveracing.hu\/de\/produkt\/535i\/#breadcrumb","itemListElement":[{"@type":"ListItem","position":1,"name":"Kezd\u0151lap","item":"https:\/\/karaiexclusiveracing.hu\/"},{"@type":"ListItem","position":2,"name":"Elad\u00f3 aut\u00f3k","item":"https:\/\/karaiexclusiveracing.hu\/elado-autok\/"},{"@type":"ListItem","position":3,"name":"BMW 535i"}]},{"@type":"WebSite","@id":"https:\/\/karaiexclusiveracing.hu\/#website","url":"https:\/\/karaiexclusiveracing.hu\/","name":"K\u00e1rai Exclusive Racing","description":"","publisher":{"@id":"https:\/\/karaiexclusiveracing.hu\/#organization"},"potentialAction":[{"@type":"SearchAction","target":{"@type":"EntryPoint","urlTemplate":"https:\/\/karaiexclusiveracing.hu\/?s={search_term_string}"},"query-input":{"@type":"PropertyValueSpecification","valueRequired":true,"valueName":"search_term_string"}}],"inLanguage":"de"},{"@type":"Organization","@id":"https:\/\/karaiexclusiveracing.hu\/#organization","name":"K\u00e1rai Exclusive Racing","url":"https:\/\/karaiexclusiveracing.hu\/","logo":{"@type":"ImageObject","inLanguage":"de","@id":"https:\/\/karaiexclusiveracing.hu\/#\/schema\/logo\/image\/","url":"https:\/\/www.karaiexclusiveracing.hu\/wp-content\/uploads\/2023\/10\/karai_exclusive_logo-1-1.png","contentUrl":"https:\/\/www.karaiexclusiveracing.hu\/wp-content\/uploads\/2023\/10\/karai_exclusive_logo-1-1.png","width":1575,"height":435,"caption":"K\u00e1rai Exclusive Racing"},"image":{"@id":"https:\/\/karaiexclusiveracing.hu\/#\/schema\/logo\/image\/"},"sameAs":["https:\/\/www.facebook.com\/karaiexclusiveracing.hu","https:\/\/www.instagram.com\/karaiexclusiveracing\/"]}]}},"_links":{"self":[{"href":"https:\/\/karaiexclusiveracing.hu\/de\/wp-json\/wp\/v2\/product\/21263","targetHints":{"allow":["GET"]}}],"collection":[{"href":"https:\/\/karaiexclusiveracing.hu\/de\/wp-json\/wp\/v2\/product"}],"about":[{"href":"https:\/\/karaiexclusiveracing.hu\/de\/wp-json\/wp\/v2\/types\/product"}],"wp:featuredmedia":[{"embeddable":true,"href":"https:\/\/karaiexclusiveracing.hu\/de\/wp-json\/wp\/v2\/media\/21264"}],"wp:attachment":[{"href":"https:\/\/karaiexclusiveracing.hu\/de\/wp-json\/wp\/v2\/media?parent=21263"}],"wp:term":[{"taxonomy":"manufactures","embeddable":true,"href":"https:\/\/karaiexclusiveracing.hu\/de\/wp-json\/wp\/v2\/manufactures?post=21263"},{"taxonomy":"product_brand","embeddable":true,"href":"https:\/\/karaiexclusiveracing.hu\/de\/wp-json\/wp\/v2\/product_brand?post=21263"},{"taxonomy":"product_cat","embeddable":true,"href":"https:\/\/karaiexclusiveracing.hu\/de\/wp-json\/wp\/v2\/product_cat?post=21263"},{"taxonomy":"product_tag","embeddable":true,"href":"https:\/\/karaiexclusiveracing.hu\/de\/wp-json\/wp\/v2\/product_tag?post=21263"}],"curies":[{"name":"wp","href":"https:\/\/api.w.org\/{rel}","templated":true}]}}