{"id":20861,"date":"2024-08-26T09:49:45","date_gmt":"2024-08-26T07:49:45","guid":{"rendered":"https:\/\/www.karaiexclusiveracing.hu\/?post_type=product&#038;p=20861"},"modified":"2025-09-02T10:38:12","modified_gmt":"2025-09-02T08:38:12","slug":"bmw-535-i","status":"publish","type":"product","link":"https:\/\/karaiexclusiveracing.hu\/de\/termek\/bmw-535-i\/","title":{"rendered":"BMW 535i &#8211; SOLD"},"content":{"rendered":"<p>BMW E28 535i Az igazi pajta lelet! 76.000KM! \u00dcveg tet\u0151s E28 n\u00e1l nagyon ritka extra. Az aut\u00f3nak a m\u0171szaki vizsg\u00e1ja 1994 ben j\u00e1rt le! Akkor le tett\u00e9k az aut\u00f3t fel\u00faj\u00edtani. Le lett f\u00e9nyezve \u00e9s m\u00e1r az \u00f6sszerak\u00e1sra nem ker\u00fclt sor! Ennek k\u00f6sz\u00f6nhet\u0151en az aut\u00f3 szenz\u00e1ci\u00f3s \u00e1llapotban fent maradt az ut\u00f3kornak! Az aut\u00f3 90%-a teljesen Original! Az aut\u00f3 motorja gy\u00f6ny\u00f6r\u0171en j\u00e1r kipr\u00f3b\u00e1lhat\u00f3, t\u00f6k\u00e9letesen m\u0171k\u00f6dik! AZ AUT\u00d3NAK JELENLEG SEMMILYEN OKM\u00c1NYA NINCS CSAK EGY SZ\u00c1RMAZ\u00c1ST IGAZOL\u00d3 AD\u00c1SV\u00c9TELIJE! AZ AUT\u00d3 OT VIZSG\u00c1VAL \u00daJRA FORGALOMBA HELYEZHET\u0150! AZ OT VIZSG\u00c1HOZ AZ AUT\u00d3NAK BIZONYOS R\u00c9SZEIT FEL KELL \u00daJ\u00cdTANI!(F\u00e9nyez\u00e9s, karossz\u00e9ria munka, a hi\u00e1nyz\u00f3 alkatr\u00e9szeket p\u00f3tolni, szervizelni) Ezekben a munka folyamatokban a c\u00e9g\u00fcnk tud seg\u00edteni! Ha ig\u00e9ny van r\u00e1 akkor n\u00e9vre \u00edrva fel\u00faj\u00edtva is \u00e1t tudjuk adni az aut\u00f3t!<\/p>","protected":false},"excerpt":{"rendered":"<p>BMW E28 535i Az igazi pajta lelet! 76.000KM! \u00dcveg tet\u0151s E28 n\u00e1l nagyon ritka extra. Az aut\u00f3nak a m\u0171szaki vizsg\u00e1ja 1994 ben j\u00e1rt le! Akkor le tett\u00e9k az aut\u00f3t fel\u00faj\u00edtani. Le lett f\u00e9nyezve \u00e9s m\u00e1r az \u00f6sszerak\u00e1sra nem ker\u00fclt sor! Ennek k\u00f6sz\u00f6nhet\u0151en az aut\u00f3 szenz\u00e1ci\u00f3s \u00e1llapotban fent maradt az ut\u00f3kornak! Az aut\u00f3 90%-a teljesen Original! [&hellip;]<\/p>\n","protected":false},"featured_media":21201,"template":"","meta":{"_acf_changed":false},"manufactures":[],"product_brand":[],"product_cat":[24],"product_tag":[109],"class_list":{"0":"post-20861","1":"product","2":"type-product","3":"status-publish","4":"has-post-thumbnail","6":"product_cat-classic-car","7":"product_tag-sold","9":"first","10":"instock","11":"taxable","12":"shipping-taxable","13":"purchasable","14":"product-type-simple"},"exclude_global_add_ons":[],"addons":[],"acf":[],"yoast_head":"<!-- This site is optimized with the Yoast SEO Premium plugin v27.1 (Yoast SEO v27.2) - https:\/\/yoast.com\/product\/yoast-seo-premium-wordpress\/ -->\n<title>BMW 535i - SOLD - K\u00e1rai Exclusive<\/title>\n<meta name=\"description\" content=\"BMW E28 535i Az igazi pajta lelet! 76.000KM! \u00dcveg tet\u0151s E28 n\u00e1l nagyon ritka extra. Az aut\u00f3nak a m\u0171szaki vizsg\u00e1ja 1994 ben j\u00e1rt le!\" \/>\n<meta name=\"robots\" content=\"index, follow, max-snippet:-1, max-image-preview:large, max-video-preview:-1\" \/>\n<link rel=\"canonical\" href=\"https:\/\/karaiexclusiveracing.hu\/de\/produkt\/bmw-535-i\/\" \/>\n<meta property=\"og:locale\" content=\"de_DE\" \/>\n<meta property=\"og:type\" content=\"article\" \/>\n<meta property=\"og:title\" content=\"BMW 535i - SOLD\" \/>\n<meta property=\"og:description\" content=\"BMW E28 535i Az igazi pajta lelet! 76.000KM! \u00dcveg tet\u0151s E28 n\u00e1l nagyon ritka extra. Az aut\u00f3nak a m\u0171szaki vizsg\u00e1ja 1994 ben j\u00e1rt le!\" \/>\n<meta property=\"og:url\" content=\"https:\/\/karaiexclusiveracing.hu\/de\/produkt\/bmw-535-i\/\" \/>\n<meta property=\"og:site_name\" content=\"K\u00e1rai Exclusive\" \/>\n<meta property=\"article:publisher\" content=\"https:\/\/www.facebook.com\/karaiexclusiveracing.hu\" \/>\n<meta property=\"article:modified_time\" content=\"2025-09-02T08:38:12+00:00\" \/>\n<meta property=\"og:image\" content=\"https:\/\/karaiexclusiveracing.hu\/wp-content\/uploads\/2024\/08\/SOLD.png\" \/>\n\t<meta property=\"og:image:width\" content=\"640\" \/>\n\t<meta property=\"og:image:height\" content=\"480\" \/>\n\t<meta property=\"og:image:type\" content=\"image\/png\" \/>\n<meta name=\"twitter:card\" content=\"summary_large_image\" \/>\n<meta name=\"twitter:label1\" content=\"Gesch\u00e4tzte Lesezeit\" \/>\n\t<meta name=\"twitter:data1\" content=\"1\u00a0Minute\" \/>\n<script type=\"application\/ld+json\" class=\"yoast-schema-graph\">{\"@context\":\"https:\/\/schema.org\",\"@graph\":[{\"@type\":\"WebPage\",\"@id\":\"https:\/\/karaiexclusiveracing.hu\/termek\/bmw-535-i\/\",\"url\":\"https:\/\/karaiexclusiveracing.hu\/termek\/bmw-535-i\/\",\"name\":\"BMW 535i - SOLD - K\u00e1rai Exclusive\",\"isPartOf\":{\"@id\":\"https:\/\/karaiexclusiveracing.hu\/#website\"},\"primaryImageOfPage\":{\"@id\":\"https:\/\/karaiexclusiveracing.hu\/termek\/bmw-535-i\/#primaryimage\"},\"image\":{\"@id\":\"https:\/\/karaiexclusiveracing.hu\/termek\/bmw-535-i\/#primaryimage\"},\"thumbnailUrl\":\"https:\/\/karaiexclusiveracing.hu\/wp-content\/uploads\/2024\/08\/SOLD.png\",\"datePublished\":\"2024-08-26T07:49:45+00:00\",\"dateModified\":\"2025-09-02T08:38:12+00:00\",\"description\":\"BMW E28 535i Az igazi pajta lelet! 76.000KM! \u00dcveg tet\u0151s E28 n\u00e1l nagyon ritka extra. Az aut\u00f3nak a m\u0171szaki vizsg\u00e1ja 1994 ben j\u00e1rt le!\",\"breadcrumb\":{\"@id\":\"https:\/\/karaiexclusiveracing.hu\/termek\/bmw-535-i\/#breadcrumb\"},\"inLanguage\":\"de\",\"potentialAction\":[{\"@type\":\"ReadAction\",\"target\":[\"https:\/\/karaiexclusiveracing.hu\/termek\/bmw-535-i\/\"]}]},{\"@type\":\"ImageObject\",\"inLanguage\":\"de\",\"@id\":\"https:\/\/karaiexclusiveracing.hu\/termek\/bmw-535-i\/#primaryimage\",\"url\":\"https:\/\/karaiexclusiveracing.hu\/wp-content\/uploads\/2024\/08\/SOLD.png\",\"contentUrl\":\"https:\/\/karaiexclusiveracing.hu\/wp-content\/uploads\/2024\/08\/SOLD.png\",\"width\":640,\"height\":480},{\"@type\":\"BreadcrumbList\",\"@id\":\"https:\/\/karaiexclusiveracing.hu\/termek\/bmw-535-i\/#breadcrumb\",\"itemListElement\":[{\"@type\":\"ListItem\",\"position\":1,\"name\":\"Kezd\u0151lap\",\"item\":\"https:\/\/karaiexclusiveracing.hu\/\"},{\"@type\":\"ListItem\",\"position\":2,\"name\":\"Elad\u00f3 aut\u00f3k\",\"item\":\"https:\/\/karaiexclusiveracing.hu\/elado-autok\/\"},{\"@type\":\"ListItem\",\"position\":3,\"name\":\"BMW 535i &#8211; SOLD\"}]},{\"@type\":\"WebSite\",\"@id\":\"https:\/\/karaiexclusiveracing.hu\/#website\",\"url\":\"https:\/\/karaiexclusiveracing.hu\/\",\"name\":\"K\u00e1rai Exclusive Racing\",\"description\":\"\",\"publisher\":{\"@id\":\"https:\/\/karaiexclusiveracing.hu\/#organization\"},\"potentialAction\":[{\"@type\":\"SearchAction\",\"target\":{\"@type\":\"EntryPoint\",\"urlTemplate\":\"https:\/\/karaiexclusiveracing.hu\/?s={search_term_string}\"},\"query-input\":{\"@type\":\"PropertyValueSpecification\",\"valueRequired\":true,\"valueName\":\"search_term_string\"}}],\"inLanguage\":\"de\"},{\"@type\":\"Organization\",\"@id\":\"https:\/\/karaiexclusiveracing.hu\/#organization\",\"name\":\"K\u00e1rai Exclusive Racing\",\"url\":\"https:\/\/karaiexclusiveracing.hu\/\",\"logo\":{\"@type\":\"ImageObject\",\"inLanguage\":\"de\",\"@id\":\"https:\/\/karaiexclusiveracing.hu\/#\/schema\/logo\/image\/\",\"url\":\"https:\/\/www.karaiexclusiveracing.hu\/wp-content\/uploads\/2023\/10\/karai_exclusive_logo-1-1.png\",\"contentUrl\":\"https:\/\/www.karaiexclusiveracing.hu\/wp-content\/uploads\/2023\/10\/karai_exclusive_logo-1-1.png\",\"width\":1575,\"height\":435,\"caption\":\"K\u00e1rai Exclusive Racing\"},\"image\":{\"@id\":\"https:\/\/karaiexclusiveracing.hu\/#\/schema\/logo\/image\/\"},\"sameAs\":[\"https:\/\/www.facebook.com\/karaiexclusiveracing.hu\",\"https:\/\/www.instagram.com\/karaiexclusiveracing\/\"]}]}<\/script>\n<!-- \/ Yoast SEO Premium plugin. -->","yoast_head_json":{"title":"BMW 535i - SOLD - K\u00e1rai Exclusive","description":"BMW E28 535i Az igazi pajta lelet! 76.000KM! \u00dcveg tet\u0151s E28 n\u00e1l nagyon ritka extra. Az aut\u00f3nak a m\u0171szaki vizsg\u00e1ja 1994 ben j\u00e1rt le!","robots":{"index":"index","follow":"follow","max-snippet":"max-snippet:-1","max-image-preview":"max-image-preview:large","max-video-preview":"max-video-preview:-1"},"canonical":"https:\/\/karaiexclusiveracing.hu\/de\/produkt\/bmw-535-i\/","og_locale":"de_DE","og_type":"article","og_title":"BMW 535i - SOLD","og_description":"BMW E28 535i Az igazi pajta lelet! 76.000KM! \u00dcveg tet\u0151s E28 n\u00e1l nagyon ritka extra. Az aut\u00f3nak a m\u0171szaki vizsg\u00e1ja 1994 ben j\u00e1rt le!","og_url":"https:\/\/karaiexclusiveracing.hu\/de\/produkt\/bmw-535-i\/","og_site_name":"K\u00e1rai Exclusive","article_publisher":"https:\/\/www.facebook.com\/karaiexclusiveracing.hu","article_modified_time":"2025-09-02T08:38:12+00:00","og_image":[{"width":640,"height":480,"url":"https:\/\/karaiexclusiveracing.hu\/wp-content\/uploads\/2024\/08\/SOLD.png","type":"image\/png"}],"twitter_card":"summary_large_image","twitter_misc":{"Gesch\u00e4tzte Lesezeit":"1\u00a0Minute"},"schema":{"@context":"https:\/\/schema.org","@graph":[{"@type":"WebPage","@id":"https:\/\/karaiexclusiveracing.hu\/termek\/bmw-535-i\/","url":"https:\/\/karaiexclusiveracing.hu\/termek\/bmw-535-i\/","name":"BMW 535i - SOLD - K\u00e1rai Exclusive","isPartOf":{"@id":"https:\/\/karaiexclusiveracing.hu\/#website"},"primaryImageOfPage":{"@id":"https:\/\/karaiexclusiveracing.hu\/termek\/bmw-535-i\/#primaryimage"},"image":{"@id":"https:\/\/karaiexclusiveracing.hu\/termek\/bmw-535-i\/#primaryimage"},"thumbnailUrl":"https:\/\/karaiexclusiveracing.hu\/wp-content\/uploads\/2024\/08\/SOLD.png","datePublished":"2024-08-26T07:49:45+00:00","dateModified":"2025-09-02T08:38:12+00:00","description":"BMW E28 535i Az igazi pajta lelet! 76.000KM! \u00dcveg tet\u0151s E28 n\u00e1l nagyon ritka extra. Az aut\u00f3nak a m\u0171szaki vizsg\u00e1ja 1994 ben j\u00e1rt le!","breadcrumb":{"@id":"https:\/\/karaiexclusiveracing.hu\/termek\/bmw-535-i\/#breadcrumb"},"inLanguage":"de","potentialAction":[{"@type":"ReadAction","target":["https:\/\/karaiexclusiveracing.hu\/termek\/bmw-535-i\/"]}]},{"@type":"ImageObject","inLanguage":"de","@id":"https:\/\/karaiexclusiveracing.hu\/termek\/bmw-535-i\/#primaryimage","url":"https:\/\/karaiexclusiveracing.hu\/wp-content\/uploads\/2024\/08\/SOLD.png","contentUrl":"https:\/\/karaiexclusiveracing.hu\/wp-content\/uploads\/2024\/08\/SOLD.png","width":640,"height":480},{"@type":"BreadcrumbList","@id":"https:\/\/karaiexclusiveracing.hu\/termek\/bmw-535-i\/#breadcrumb","itemListElement":[{"@type":"ListItem","position":1,"name":"Kezd\u0151lap","item":"https:\/\/karaiexclusiveracing.hu\/"},{"@type":"ListItem","position":2,"name":"Elad\u00f3 aut\u00f3k","item":"https:\/\/karaiexclusiveracing.hu\/elado-autok\/"},{"@type":"ListItem","position":3,"name":"BMW 535i &#8211; SOLD"}]},{"@type":"WebSite","@id":"https:\/\/karaiexclusiveracing.hu\/#website","url":"https:\/\/karaiexclusiveracing.hu\/","name":"K\u00e1rai Exclusive Racing","description":"","publisher":{"@id":"https:\/\/karaiexclusiveracing.hu\/#organization"},"potentialAction":[{"@type":"SearchAction","target":{"@type":"EntryPoint","urlTemplate":"https:\/\/karaiexclusiveracing.hu\/?s={search_term_string}"},"query-input":{"@type":"PropertyValueSpecification","valueRequired":true,"valueName":"search_term_string"}}],"inLanguage":"de"},{"@type":"Organization","@id":"https:\/\/karaiexclusiveracing.hu\/#organization","name":"K\u00e1rai Exclusive Racing","url":"https:\/\/karaiexclusiveracing.hu\/","logo":{"@type":"ImageObject","inLanguage":"de","@id":"https:\/\/karaiexclusiveracing.hu\/#\/schema\/logo\/image\/","url":"https:\/\/www.karaiexclusiveracing.hu\/wp-content\/uploads\/2023\/10\/karai_exclusive_logo-1-1.png","contentUrl":"https:\/\/www.karaiexclusiveracing.hu\/wp-content\/uploads\/2023\/10\/karai_exclusive_logo-1-1.png","width":1575,"height":435,"caption":"K\u00e1rai Exclusive Racing"},"image":{"@id":"https:\/\/karaiexclusiveracing.hu\/#\/schema\/logo\/image\/"},"sameAs":["https:\/\/www.facebook.com\/karaiexclusiveracing.hu","https:\/\/www.instagram.com\/karaiexclusiveracing\/"]}]}},"_links":{"self":[{"href":"https:\/\/karaiexclusiveracing.hu\/de\/wp-json\/wp\/v2\/product\/20861","targetHints":{"allow":["GET"]}}],"collection":[{"href":"https:\/\/karaiexclusiveracing.hu\/de\/wp-json\/wp\/v2\/product"}],"about":[{"href":"https:\/\/karaiexclusiveracing.hu\/de\/wp-json\/wp\/v2\/types\/product"}],"wp:featuredmedia":[{"embeddable":true,"href":"https:\/\/karaiexclusiveracing.hu\/de\/wp-json\/wp\/v2\/media\/21201"}],"wp:attachment":[{"href":"https:\/\/karaiexclusiveracing.hu\/de\/wp-json\/wp\/v2\/media?parent=20861"}],"wp:term":[{"taxonomy":"manufactures","embeddable":true,"href":"https:\/\/karaiexclusiveracing.hu\/de\/wp-json\/wp\/v2\/manufactures?post=20861"},{"taxonomy":"product_brand","embeddable":true,"href":"https:\/\/karaiexclusiveracing.hu\/de\/wp-json\/wp\/v2\/product_brand?post=20861"},{"taxonomy":"product_cat","embeddable":true,"href":"https:\/\/karaiexclusiveracing.hu\/de\/wp-json\/wp\/v2\/product_cat?post=20861"},{"taxonomy":"product_tag","embeddable":true,"href":"https:\/\/karaiexclusiveracing.hu\/de\/wp-json\/wp\/v2\/product_tag?post=20861"}],"curies":[{"name":"wp","href":"https:\/\/api.w.org\/{rel}","templated":true}]}}