{"id":20806,"date":"2024-08-21T13:47:29","date_gmt":"2024-08-21T11:47:29","guid":{"rendered":"https:\/\/www.karaiexclusiveracing.hu\/?post_type=product&#038;p=20806"},"modified":"2025-09-02T10:38:27","modified_gmt":"2025-09-02T08:38:27","slug":"mercedes-benz-s300-w140","status":"publish","type":"product","link":"https:\/\/karaiexclusiveracing.hu\/de\/termek\/mercedes-benz-s300-w140\/","title":{"rendered":"Mercedes-Benz S320 W140 &#8211; SOLD"},"content":{"rendered":"<p>Elad\u00f3 egy igaz\u00e1n k\u00fcl\u00f6nleges <strong>Mercedes-Benz W140<\/strong>, amely teljes eg\u00e9sz\u00e9ben <strong>rozsdamentes<\/strong> \u00e9s eredeti \u00e1llapotot t\u00fckr\u00f6z. Ez a legend\u00e1s modell, m\u00e1s n\u00e9ven &#8222;B\u00e1lna&#8221;, az egyik legjobb v\u00e1laszt\u00e1s a klasszikus Mercedes-rajong\u00f3k sz\u00e1m\u00e1ra. Az aut\u00f3 soha nem volt t\u00e1kolva, minden eleme gy\u00e1ri, \u00e9s az \u00e9vek sor\u00e1n sz\u00e1mos fontos karbantart\u00e1son \u00e9s fel\u00faj\u00edt\u00e1son esett \u00e1t.<\/p>\n<p><strong>Fel\u00faj\u00edt\u00e1si munk\u00e1k \u00e9s extr\u00e1k:<\/strong><\/p>\n<ul>\n<li><strong>Gy\u00e1ri f\u00e9nyez\u00e9s<\/strong>: Az aut\u00f3 apr\u00f3 horpad\u00e1sait az orsz\u00e1g egyik legjobb j\u00e9gk\u00e1r-jav\u00edt\u00f3 szakembere jav\u00edtotta.<\/li>\n<li><strong>\u00daj alkatr\u00e9szek<\/strong>: Vadonat\u00faj v\u00edzpumpa, hosszbord\u00e1s sz\u00edj, gy\u00fajt\u00f3traf\u00f3, f\u00e9kek, \u00e9s f\u00e9ltengely.<\/li>\n<li><strong>\u00daj gumik<\/strong>: Az aut\u00f3 4 darab vadonat\u00faj gumival \u00e9s fel\u00faj\u00edtott felniken \u00e1ll k\u00e9szen az \u00fatra.<\/li>\n<li><strong>Kl\u00edma<\/strong>: A kl\u00edma t\u00f6k\u00e9letesen m\u0171k\u00f6dik, h\u00e1la az \u00faj kl\u00edmakompresszornak.<\/li>\n<li><strong>Bels\u0151 t\u00e9r fel\u00faj\u00edt\u00e1sa<\/strong>: Az aut\u00f3 bels\u0151 ter\u00e9t gy\u00e1ri anyagok felhaszn\u00e1l\u00e1s\u00e1val \u00e1ll\u00edtottuk helyre, \u00edgy eredeti f\u00e9ny\u00e9ben t\u00fcnd\u00f6k\u00f6l.<\/li>\n<\/ul>\n<p>&nbsp;<\/p>\n<p>Az aut\u00f3 az els\u0151 tulajdonost\u00f3l sz\u00e1rmazik, \u00e9s <strong>\u00f6sszes gy\u00e1ri dokument\u00e1ci\u00f3ja megvan<\/strong>, ami tov\u00e1bb n\u00f6veli \u00e9rt\u00e9k\u00e9t. Az aut\u00f3 <strong>p\u00e1r h\u00f3nap m\u00falva Muze\u00e1lis min\u0151s\u00edt\u00e9sre alkalmas<\/strong>, \u00e9s ig\u00e9ny eset\u00e9n ebben is sz\u00edvesen seg\u00edt\u00fcnk.<\/p>\n<p><strong>Tov\u00e1bbi inform\u00e1ci\u00f3 telefonon!<\/strong><\/p>","protected":false},"excerpt":{"rendered":"<p>Elad\u00f3 egy igaz\u00e1n k\u00fcl\u00f6nleges Mercedes-Benz W140, amely teljes eg\u00e9sz\u00e9ben rozsdamentes \u00e9s eredeti \u00e1llapotot t\u00fckr\u00f6z. Ez a legend\u00e1s modell, m\u00e1s n\u00e9ven &#8222;B\u00e1lna&#8221;, az egyik legjobb v\u00e1laszt\u00e1s a klasszikus Mercedes-rajong\u00f3k sz\u00e1m\u00e1ra. Az aut\u00f3 soha nem volt t\u00e1kolva, minden eleme gy\u00e1ri, \u00e9s az \u00e9vek sor\u00e1n sz\u00e1mos fontos karbantart\u00e1son \u00e9s fel\u00faj\u00edt\u00e1son esett \u00e1t. Fel\u00faj\u00edt\u00e1si munk\u00e1k \u00e9s extr\u00e1k: Gy\u00e1ri f\u00e9nyez\u00e9s: [&hellip;]<\/p>\n","protected":false},"featured_media":22533,"template":"","meta":{"_acf_changed":false},"manufactures":[],"product_brand":[],"product_cat":[24],"product_tag":[109],"class_list":{"0":"post-20806","1":"product","2":"type-product","3":"status-publish","4":"has-post-thumbnail","6":"product_cat-classic-car","7":"product_tag-sold","9":"first","10":"instock","11":"taxable","12":"shipping-taxable","13":"purchasable","14":"product-type-simple"},"exclude_global_add_ons":[],"addons":[],"acf":[],"yoast_head":"<!-- This site is optimized with the Yoast SEO Premium plugin v27.1 (Yoast SEO v27.2) - https:\/\/yoast.com\/product\/yoast-seo-premium-wordpress\/ -->\n<title>Mercedes-Benz S320 W140 - SOLD - K\u00e1rai Exclusive<\/title>\n<meta name=\"description\" content=\"Teljes gy\u00e1ri \u00e1llapotban, rozsdamentesen, fel\u00faj\u00edtott bels\u0151 t\u00e9rrel \u00e9s \u00faj alkatr\u00e9szekkel. Muze\u00e1lis min\u0151s\u00edt\u00e9sre alkalmas! \u00c9rdekl\u0151dj most!\" \/>\n<meta name=\"robots\" content=\"index, follow, max-snippet:-1, max-image-preview:large, max-video-preview:-1\" \/>\n<link rel=\"canonical\" href=\"https:\/\/karaiexclusiveracing.hu\/de\/produkt\/mercedes-benz-s300-w140\/\" \/>\n<meta property=\"og:locale\" content=\"de_DE\" \/>\n<meta property=\"og:type\" content=\"article\" \/>\n<meta property=\"og:title\" content=\"Mercedes-Benz S320 W140 - SOLD\" \/>\n<meta property=\"og:description\" content=\"Teljes gy\u00e1ri \u00e1llapotban, rozsdamentesen, fel\u00faj\u00edtott bels\u0151 t\u00e9rrel \u00e9s \u00faj alkatr\u00e9szekkel. Muze\u00e1lis min\u0151s\u00edt\u00e9sre alkalmas! \u00c9rdekl\u0151dj most!\" \/>\n<meta property=\"og:url\" content=\"https:\/\/karaiexclusiveracing.hu\/de\/produkt\/mercedes-benz-s300-w140\/\" \/>\n<meta property=\"og:site_name\" content=\"K\u00e1rai Exclusive\" \/>\n<meta property=\"article:publisher\" content=\"https:\/\/www.facebook.com\/karaiexclusiveracing.hu\" \/>\n<meta property=\"article:modified_time\" content=\"2025-09-02T08:38:27+00:00\" \/>\n<meta property=\"og:image\" content=\"https:\/\/karaiexclusiveracing.hu\/wp-content\/uploads\/2024\/08\/20999598_6.png\" \/>\n\t<meta property=\"og:image:width\" content=\"640\" \/>\n\t<meta property=\"og:image:height\" content=\"480\" \/>\n\t<meta property=\"og:image:type\" content=\"image\/png\" \/>\n<meta name=\"twitter:card\" content=\"summary_large_image\" \/>\n<meta name=\"twitter:label1\" content=\"Gesch\u00e4tzte Lesezeit\" \/>\n\t<meta name=\"twitter:data1\" content=\"2\u00a0Minuten\" \/>\n<script type=\"application\/ld+json\" class=\"yoast-schema-graph\">{\"@context\":\"https:\/\/schema.org\",\"@graph\":[{\"@type\":\"WebPage\",\"@id\":\"https:\/\/karaiexclusiveracing.hu\/termek\/mercedes-benz-s300-w140\/\",\"url\":\"https:\/\/karaiexclusiveracing.hu\/termek\/mercedes-benz-s300-w140\/\",\"name\":\"Mercedes-Benz S320 W140 - SOLD - K\u00e1rai Exclusive\",\"isPartOf\":{\"@id\":\"https:\/\/karaiexclusiveracing.hu\/#website\"},\"primaryImageOfPage\":{\"@id\":\"https:\/\/karaiexclusiveracing.hu\/termek\/mercedes-benz-s300-w140\/#primaryimage\"},\"image\":{\"@id\":\"https:\/\/karaiexclusiveracing.hu\/termek\/mercedes-benz-s300-w140\/#primaryimage\"},\"thumbnailUrl\":\"https:\/\/karaiexclusiveracing.hu\/wp-content\/uploads\/2024\/08\/20999598_6.png\",\"datePublished\":\"2024-08-21T11:47:29+00:00\",\"dateModified\":\"2025-09-02T08:38:27+00:00\",\"description\":\"Teljes gy\u00e1ri \u00e1llapotban, rozsdamentesen, fel\u00faj\u00edtott bels\u0151 t\u00e9rrel \u00e9s \u00faj alkatr\u00e9szekkel. Muze\u00e1lis min\u0151s\u00edt\u00e9sre alkalmas! \u00c9rdekl\u0151dj most!\",\"breadcrumb\":{\"@id\":\"https:\/\/karaiexclusiveracing.hu\/termek\/mercedes-benz-s300-w140\/#breadcrumb\"},\"inLanguage\":\"de\",\"potentialAction\":[{\"@type\":\"ReadAction\",\"target\":[\"https:\/\/karaiexclusiveracing.hu\/termek\/mercedes-benz-s300-w140\/\"]}]},{\"@type\":\"ImageObject\",\"inLanguage\":\"de\",\"@id\":\"https:\/\/karaiexclusiveracing.hu\/termek\/mercedes-benz-s300-w140\/#primaryimage\",\"url\":\"https:\/\/karaiexclusiveracing.hu\/wp-content\/uploads\/2024\/08\/20999598_6.png\",\"contentUrl\":\"https:\/\/karaiexclusiveracing.hu\/wp-content\/uploads\/2024\/08\/20999598_6.png\",\"width\":640,\"height\":480},{\"@type\":\"BreadcrumbList\",\"@id\":\"https:\/\/karaiexclusiveracing.hu\/termek\/mercedes-benz-s300-w140\/#breadcrumb\",\"itemListElement\":[{\"@type\":\"ListItem\",\"position\":1,\"name\":\"Kezd\u0151lap\",\"item\":\"https:\/\/karaiexclusiveracing.hu\/\"},{\"@type\":\"ListItem\",\"position\":2,\"name\":\"Elad\u00f3 aut\u00f3k\",\"item\":\"https:\/\/karaiexclusiveracing.hu\/elado-autok\/\"},{\"@type\":\"ListItem\",\"position\":3,\"name\":\"Mercedes-Benz S320 W140 &#8211; SOLD\"}]},{\"@type\":\"WebSite\",\"@id\":\"https:\/\/karaiexclusiveracing.hu\/#website\",\"url\":\"https:\/\/karaiexclusiveracing.hu\/\",\"name\":\"K\u00e1rai Exclusive Racing\",\"description\":\"\",\"publisher\":{\"@id\":\"https:\/\/karaiexclusiveracing.hu\/#organization\"},\"potentialAction\":[{\"@type\":\"SearchAction\",\"target\":{\"@type\":\"EntryPoint\",\"urlTemplate\":\"https:\/\/karaiexclusiveracing.hu\/?s={search_term_string}\"},\"query-input\":{\"@type\":\"PropertyValueSpecification\",\"valueRequired\":true,\"valueName\":\"search_term_string\"}}],\"inLanguage\":\"de\"},{\"@type\":\"Organization\",\"@id\":\"https:\/\/karaiexclusiveracing.hu\/#organization\",\"name\":\"K\u00e1rai Exclusive Racing\",\"url\":\"https:\/\/karaiexclusiveracing.hu\/\",\"logo\":{\"@type\":\"ImageObject\",\"inLanguage\":\"de\",\"@id\":\"https:\/\/karaiexclusiveracing.hu\/#\/schema\/logo\/image\/\",\"url\":\"https:\/\/www.karaiexclusiveracing.hu\/wp-content\/uploads\/2023\/10\/karai_exclusive_logo-1-1.png\",\"contentUrl\":\"https:\/\/www.karaiexclusiveracing.hu\/wp-content\/uploads\/2023\/10\/karai_exclusive_logo-1-1.png\",\"width\":1575,\"height\":435,\"caption\":\"K\u00e1rai Exclusive Racing\"},\"image\":{\"@id\":\"https:\/\/karaiexclusiveracing.hu\/#\/schema\/logo\/image\/\"},\"sameAs\":[\"https:\/\/www.facebook.com\/karaiexclusiveracing.hu\",\"https:\/\/www.instagram.com\/karaiexclusiveracing\/\"]}]}<\/script>\n<!-- \/ Yoast SEO Premium plugin. -->","yoast_head_json":{"title":"Mercedes-Benz S320 W140 - SOLD - K\u00e1rai Exclusive","description":"Teljes gy\u00e1ri \u00e1llapotban, rozsdamentesen, fel\u00faj\u00edtott bels\u0151 t\u00e9rrel \u00e9s \u00faj alkatr\u00e9szekkel. Muze\u00e1lis min\u0151s\u00edt\u00e9sre alkalmas! \u00c9rdekl\u0151dj most!","robots":{"index":"index","follow":"follow","max-snippet":"max-snippet:-1","max-image-preview":"max-image-preview:large","max-video-preview":"max-video-preview:-1"},"canonical":"https:\/\/karaiexclusiveracing.hu\/de\/produkt\/mercedes-benz-s300-w140\/","og_locale":"de_DE","og_type":"article","og_title":"Mercedes-Benz S320 W140 - SOLD","og_description":"Teljes gy\u00e1ri \u00e1llapotban, rozsdamentesen, fel\u00faj\u00edtott bels\u0151 t\u00e9rrel \u00e9s \u00faj alkatr\u00e9szekkel. Muze\u00e1lis min\u0151s\u00edt\u00e9sre alkalmas! \u00c9rdekl\u0151dj most!","og_url":"https:\/\/karaiexclusiveracing.hu\/de\/produkt\/mercedes-benz-s300-w140\/","og_site_name":"K\u00e1rai Exclusive","article_publisher":"https:\/\/www.facebook.com\/karaiexclusiveracing.hu","article_modified_time":"2025-09-02T08:38:27+00:00","og_image":[{"width":640,"height":480,"url":"https:\/\/karaiexclusiveracing.hu\/wp-content\/uploads\/2024\/08\/20999598_6.png","type":"image\/png"}],"twitter_card":"summary_large_image","twitter_misc":{"Gesch\u00e4tzte Lesezeit":"2\u00a0Minuten"},"schema":{"@context":"https:\/\/schema.org","@graph":[{"@type":"WebPage","@id":"https:\/\/karaiexclusiveracing.hu\/termek\/mercedes-benz-s300-w140\/","url":"https:\/\/karaiexclusiveracing.hu\/termek\/mercedes-benz-s300-w140\/","name":"Mercedes-Benz S320 W140 - SOLD - K\u00e1rai Exclusive","isPartOf":{"@id":"https:\/\/karaiexclusiveracing.hu\/#website"},"primaryImageOfPage":{"@id":"https:\/\/karaiexclusiveracing.hu\/termek\/mercedes-benz-s300-w140\/#primaryimage"},"image":{"@id":"https:\/\/karaiexclusiveracing.hu\/termek\/mercedes-benz-s300-w140\/#primaryimage"},"thumbnailUrl":"https:\/\/karaiexclusiveracing.hu\/wp-content\/uploads\/2024\/08\/20999598_6.png","datePublished":"2024-08-21T11:47:29+00:00","dateModified":"2025-09-02T08:38:27+00:00","description":"Teljes gy\u00e1ri \u00e1llapotban, rozsdamentesen, fel\u00faj\u00edtott bels\u0151 t\u00e9rrel \u00e9s \u00faj alkatr\u00e9szekkel. Muze\u00e1lis min\u0151s\u00edt\u00e9sre alkalmas! \u00c9rdekl\u0151dj most!","breadcrumb":{"@id":"https:\/\/karaiexclusiveracing.hu\/termek\/mercedes-benz-s300-w140\/#breadcrumb"},"inLanguage":"de","potentialAction":[{"@type":"ReadAction","target":["https:\/\/karaiexclusiveracing.hu\/termek\/mercedes-benz-s300-w140\/"]}]},{"@type":"ImageObject","inLanguage":"de","@id":"https:\/\/karaiexclusiveracing.hu\/termek\/mercedes-benz-s300-w140\/#primaryimage","url":"https:\/\/karaiexclusiveracing.hu\/wp-content\/uploads\/2024\/08\/20999598_6.png","contentUrl":"https:\/\/karaiexclusiveracing.hu\/wp-content\/uploads\/2024\/08\/20999598_6.png","width":640,"height":480},{"@type":"BreadcrumbList","@id":"https:\/\/karaiexclusiveracing.hu\/termek\/mercedes-benz-s300-w140\/#breadcrumb","itemListElement":[{"@type":"ListItem","position":1,"name":"Kezd\u0151lap","item":"https:\/\/karaiexclusiveracing.hu\/"},{"@type":"ListItem","position":2,"name":"Elad\u00f3 aut\u00f3k","item":"https:\/\/karaiexclusiveracing.hu\/elado-autok\/"},{"@type":"ListItem","position":3,"name":"Mercedes-Benz S320 W140 &#8211; SOLD"}]},{"@type":"WebSite","@id":"https:\/\/karaiexclusiveracing.hu\/#website","url":"https:\/\/karaiexclusiveracing.hu\/","name":"K\u00e1rai Exclusive Racing","description":"","publisher":{"@id":"https:\/\/karaiexclusiveracing.hu\/#organization"},"potentialAction":[{"@type":"SearchAction","target":{"@type":"EntryPoint","urlTemplate":"https:\/\/karaiexclusiveracing.hu\/?s={search_term_string}"},"query-input":{"@type":"PropertyValueSpecification","valueRequired":true,"valueName":"search_term_string"}}],"inLanguage":"de"},{"@type":"Organization","@id":"https:\/\/karaiexclusiveracing.hu\/#organization","name":"K\u00e1rai Exclusive Racing","url":"https:\/\/karaiexclusiveracing.hu\/","logo":{"@type":"ImageObject","inLanguage":"de","@id":"https:\/\/karaiexclusiveracing.hu\/#\/schema\/logo\/image\/","url":"https:\/\/www.karaiexclusiveracing.hu\/wp-content\/uploads\/2023\/10\/karai_exclusive_logo-1-1.png","contentUrl":"https:\/\/www.karaiexclusiveracing.hu\/wp-content\/uploads\/2023\/10\/karai_exclusive_logo-1-1.png","width":1575,"height":435,"caption":"K\u00e1rai Exclusive Racing"},"image":{"@id":"https:\/\/karaiexclusiveracing.hu\/#\/schema\/logo\/image\/"},"sameAs":["https:\/\/www.facebook.com\/karaiexclusiveracing.hu","https:\/\/www.instagram.com\/karaiexclusiveracing\/"]}]}},"_links":{"self":[{"href":"https:\/\/karaiexclusiveracing.hu\/de\/wp-json\/wp\/v2\/product\/20806","targetHints":{"allow":["GET"]}}],"collection":[{"href":"https:\/\/karaiexclusiveracing.hu\/de\/wp-json\/wp\/v2\/product"}],"about":[{"href":"https:\/\/karaiexclusiveracing.hu\/de\/wp-json\/wp\/v2\/types\/product"}],"wp:featuredmedia":[{"embeddable":true,"href":"https:\/\/karaiexclusiveracing.hu\/de\/wp-json\/wp\/v2\/media\/22533"}],"wp:attachment":[{"href":"https:\/\/karaiexclusiveracing.hu\/de\/wp-json\/wp\/v2\/media?parent=20806"}],"wp:term":[{"taxonomy":"manufactures","embeddable":true,"href":"https:\/\/karaiexclusiveracing.hu\/de\/wp-json\/wp\/v2\/manufactures?post=20806"},{"taxonomy":"product_brand","embeddable":true,"href":"https:\/\/karaiexclusiveracing.hu\/de\/wp-json\/wp\/v2\/product_brand?post=20806"},{"taxonomy":"product_cat","embeddable":true,"href":"https:\/\/karaiexclusiveracing.hu\/de\/wp-json\/wp\/v2\/product_cat?post=20806"},{"taxonomy":"product_tag","embeddable":true,"href":"https:\/\/karaiexclusiveracing.hu\/de\/wp-json\/wp\/v2\/product_tag?post=20806"}],"curies":[{"name":"wp","href":"https:\/\/api.w.org\/{rel}","templated":true}]}}