{"id":20129,"date":"2024-07-02T10:44:46","date_gmt":"2024-07-02T08:44:46","guid":{"rendered":"https:\/\/www.karaiexclusiveracing.hu\/?post_type=product&#038;p=20129"},"modified":"2025-09-15T14:46:53","modified_gmt":"2025-09-15T12:46:53","slug":"bmw-e46-1-2-jz","status":"publish","type":"product","link":"https:\/\/karaiexclusiveracing.hu\/de\/termek\/bmw-e46-1-2-jz\/","title":{"rendered":"BMW E46 1\/2 JZ"},"content":{"rendered":"<p>Eredetileg rally aut\u00f3k\u00e9nt \u00e9p\u00fclt, majd id\u0151k\u00f6zben <strong>drift aut\u00f3v\u00e1 alak\u00edtott\u00e1k<\/strong>. Az aut\u00f3 k\u00f6r\u00fclbel\u00fcl <strong>3 \u00e9ve esett \u00e1t egy teljes fel\u00faj\u00edt\u00e1son<\/strong>, amely sor\u00e1n sz\u00e1mos pr\u00e9mium alkatr\u00e9sz ker\u00fclt bele, k\u00f6zt\u00fck a <strong>1\/2 JZ motor<\/strong>, k\u00e1belk\u00f6teg, turb\u00f3, wastegate, \u00e9s m\u00e9g sok m\u00e1s. A fel\u00faj\u00edt\u00e1s k\u00f6lts\u00e9ge 2020-ban meghaladta a <strong>10 milli\u00f3 forintot<\/strong>.<\/p>\n<p>A fel\u00faj\u00edt\u00e1s \u00f3ta az aut\u00f3 mind\u00f6ssze <strong>1 versenyen vett r\u00e9szt<\/strong>, \u00edgy kiv\u00e1l\u00f3 \u00e1llapotban van. A j\u00e1rm\u0171 ide\u00e1lis v\u00e1laszt\u00e1s drift vagy rally versenyekre, illetve projektalapk\u00e9nt is t\u00f6k\u00e9letes lehet. Az aut\u00f3 rendelkezik <strong>pap\u00edros buk\u00f3cs\u0151vel<\/strong>, ami tov\u00e1bbi \u00e9rt\u00e9ket ad a motorsportok kedvel\u0151inek.<\/p>\n<p><strong>Motor \u00e9s hajt\u00e1sl\u00e1nc:<\/strong><\/p>\n<ul>\n<li><strong>1\/2 JZ motor<\/strong><\/li>\n<li>Fel\u00faj\u00edtott k\u00e1belk\u00f6teg<\/li>\n<li>Pr\u00e9mium turb\u00f3 \u00e9s wastegate<\/li>\n<\/ul>\n<p>&nbsp;<\/p>\n<p><strong>M\u0171szaki extr\u00e1k:<\/strong><\/p>\n<ul>\n<li><strong>Pap\u00edros buk\u00f3cs\u0151<\/strong><\/li>\n<li>Teflon \u00fczemanyag rendszer<\/li>\n<li>ATL tank<\/li>\n<\/ul>\n<p>&nbsp;<\/p>\n<p><strong>Fut\u00f3m\u0171:<\/strong><\/p>\n<ul>\n<li>BC fut\u00f3m\u0171, amely t\u00f6k\u00e9letes stabilit\u00e1st \u00e9s ir\u00e1ny\u00edthat\u00f3s\u00e1got biztos\u00edt<\/li>\n<\/ul>\n<p>&nbsp;<\/p>\n<p><strong>V\u00e1lt\u00f3:<\/strong><\/p>\n<ul>\n<li><strong>M3 v\u00e1lt\u00f3<\/strong>, amely a teljes\u00edtm\u00e9nyt hat\u00e9konyan viszi \u00e1t az \u00fatra<\/li>\n<\/ul>\n<p>&nbsp;<\/p>\n<p><strong>Fontos tudnival\u00f3:<\/strong> Az aut\u00f3 teljes fel\u00faj\u00edt\u00e1son esett \u00e1t, \u00e9s k\u00e9szen \u00e1ll a versenyz\u00e9sre vagy driftel\u00e9sre, minim\u00e1lis tov\u00e1bbi r\u00e1ford\u00edt\u00e1st ig\u00e9nyelve.<\/p>\n<p><strong>Tov\u00e1bbi inform\u00e1ci\u00f3\u00e9rt \u00e9rdekl\u0151dj telefonon!<\/strong><\/p>","protected":false},"excerpt":{"rendered":"<p>Eredetileg rally aut\u00f3k\u00e9nt \u00e9p\u00fclt, majd id\u0151k\u00f6zben drift aut\u00f3v\u00e1 alak\u00edtott\u00e1k. Az aut\u00f3 k\u00f6r\u00fclbel\u00fcl 3 \u00e9ve esett \u00e1t egy teljes fel\u00faj\u00edt\u00e1son, amely sor\u00e1n sz\u00e1mos pr\u00e9mium alkatr\u00e9sz ker\u00fclt bele, k\u00f6zt\u00fck a 1\/2 JZ motor, k\u00e1belk\u00f6teg, turb\u00f3, wastegate, \u00e9s m\u00e9g sok m\u00e1s. A fel\u00faj\u00edt\u00e1s k\u00f6lts\u00e9ge 2020-ban meghaladta a 10 milli\u00f3 forintot. A fel\u00faj\u00edt\u00e1s \u00f3ta az aut\u00f3 mind\u00f6ssze 1 versenyen [&hellip;]<\/p>\n","protected":false},"featured_media":20133,"template":"","meta":{"_acf_changed":false},"manufactures":[],"product_brand":[],"product_cat":[23],"product_tag":[],"class_list":{"0":"post-20129","1":"product","2":"type-product","3":"status-publish","4":"has-post-thumbnail","6":"product_cat-race-car","8":"first","9":"instock","10":"taxable","11":"shipping-taxable","12":"purchasable","13":"product-type-simple"},"exclude_global_add_ons":[],"addons":[],"acf":[],"yoast_head":"<!-- This site is optimized with the Yoast SEO Premium plugin v27.1 (Yoast SEO v27.2) - https:\/\/yoast.com\/product\/yoast-seo-premium-wordpress\/ -->\n<title>BMW E46 1\/2 JZ - K\u00e1rai Exclusive<\/title>\n<meta name=\"description\" content=\"BMW E46 1\/2 JZ motorral, pap\u00edros buk\u00f3cs\u0151vel \u00e9s BC fut\u00f3m\u0171vel. Drift- \u00e9s rallyprojekthez t\u00f6k\u00e9letes v\u00e1laszt\u00e1s, friss fel\u00faj\u00edt\u00e1ssal.\" \/>\n<meta name=\"robots\" content=\"index, follow, max-snippet:-1, max-image-preview:large, max-video-preview:-1\" \/>\n<link rel=\"canonical\" href=\"https:\/\/karaiexclusiveracing.hu\/de\/produkt\/bmw-e46-1-2-jz\/\" \/>\n<meta property=\"og:locale\" content=\"de_DE\" \/>\n<meta property=\"og:type\" content=\"article\" \/>\n<meta property=\"og:title\" content=\"BMW E46 1\/2 JZ\" \/>\n<meta property=\"og:description\" content=\"BMW E46 1\/2 JZ motorral, pap\u00edros buk\u00f3cs\u0151vel \u00e9s BC fut\u00f3m\u0171vel. Drift- \u00e9s rallyprojekthez t\u00f6k\u00e9letes v\u00e1laszt\u00e1s, friss fel\u00faj\u00edt\u00e1ssal.\" \/>\n<meta property=\"og:url\" content=\"https:\/\/karaiexclusiveracing.hu\/de\/produkt\/bmw-e46-1-2-jz\/\" \/>\n<meta property=\"og:site_name\" content=\"K\u00e1rai Exclusive\" \/>\n<meta property=\"article:publisher\" content=\"https:\/\/www.facebook.com\/karaiexclusiveracing.hu\" \/>\n<meta property=\"article:modified_time\" content=\"2025-09-15T12:46:53+00:00\" \/>\n<meta property=\"og:image\" content=\"https:\/\/karaiexclusiveracing.hu\/wp-content\/uploads\/2024\/07\/20392381_13.jpg\" \/>\n\t<meta property=\"og:image:width\" content=\"640\" \/>\n\t<meta property=\"og:image:height\" content=\"358\" \/>\n\t<meta property=\"og:image:type\" content=\"image\/jpeg\" \/>\n<meta name=\"twitter:card\" content=\"summary_large_image\" \/>\n<meta name=\"twitter:label1\" content=\"Gesch\u00e4tzte Lesezeit\" \/>\n\t<meta name=\"twitter:data1\" content=\"2\u00a0Minuten\" \/>\n<script type=\"application\/ld+json\" class=\"yoast-schema-graph\">{\"@context\":\"https:\/\/schema.org\",\"@graph\":[{\"@type\":\"WebPage\",\"@id\":\"https:\/\/karaiexclusiveracing.hu\/termek\/bmw-e46-1-2-jz\/\",\"url\":\"https:\/\/karaiexclusiveracing.hu\/termek\/bmw-e46-1-2-jz\/\",\"name\":\"BMW E46 1\/2 JZ - K\u00e1rai Exclusive\",\"isPartOf\":{\"@id\":\"https:\/\/karaiexclusiveracing.hu\/#website\"},\"primaryImageOfPage\":{\"@id\":\"https:\/\/karaiexclusiveracing.hu\/termek\/bmw-e46-1-2-jz\/#primaryimage\"},\"image\":{\"@id\":\"https:\/\/karaiexclusiveracing.hu\/termek\/bmw-e46-1-2-jz\/#primaryimage\"},\"thumbnailUrl\":\"https:\/\/karaiexclusiveracing.hu\/wp-content\/uploads\/2024\/07\/20392381_13.jpg\",\"datePublished\":\"2024-07-02T08:44:46+00:00\",\"dateModified\":\"2025-09-15T12:46:53+00:00\",\"description\":\"BMW E46 1\/2 JZ motorral, pap\u00edros buk\u00f3cs\u0151vel \u00e9s BC fut\u00f3m\u0171vel. Drift- \u00e9s rallyprojekthez t\u00f6k\u00e9letes v\u00e1laszt\u00e1s, friss fel\u00faj\u00edt\u00e1ssal.\",\"breadcrumb\":{\"@id\":\"https:\/\/karaiexclusiveracing.hu\/termek\/bmw-e46-1-2-jz\/#breadcrumb\"},\"inLanguage\":\"de\",\"potentialAction\":[{\"@type\":\"ReadAction\",\"target\":[\"https:\/\/karaiexclusiveracing.hu\/termek\/bmw-e46-1-2-jz\/\"]}]},{\"@type\":\"ImageObject\",\"inLanguage\":\"de\",\"@id\":\"https:\/\/karaiexclusiveracing.hu\/termek\/bmw-e46-1-2-jz\/#primaryimage\",\"url\":\"https:\/\/karaiexclusiveracing.hu\/wp-content\/uploads\/2024\/07\/20392381_13.jpg\",\"contentUrl\":\"https:\/\/karaiexclusiveracing.hu\/wp-content\/uploads\/2024\/07\/20392381_13.jpg\",\"width\":640,\"height\":358},{\"@type\":\"BreadcrumbList\",\"@id\":\"https:\/\/karaiexclusiveracing.hu\/termek\/bmw-e46-1-2-jz\/#breadcrumb\",\"itemListElement\":[{\"@type\":\"ListItem\",\"position\":1,\"name\":\"Kezd\u0151lap\",\"item\":\"https:\/\/karaiexclusiveracing.hu\/\"},{\"@type\":\"ListItem\",\"position\":2,\"name\":\"Elad\u00f3 aut\u00f3k\",\"item\":\"https:\/\/karaiexclusiveracing.hu\/elado-autok\/\"},{\"@type\":\"ListItem\",\"position\":3,\"name\":\"BMW E46 1\/2 JZ\"}]},{\"@type\":\"WebSite\",\"@id\":\"https:\/\/karaiexclusiveracing.hu\/#website\",\"url\":\"https:\/\/karaiexclusiveracing.hu\/\",\"name\":\"K\u00e1rai Exclusive Racing\",\"description\":\"\",\"publisher\":{\"@id\":\"https:\/\/karaiexclusiveracing.hu\/#organization\"},\"potentialAction\":[{\"@type\":\"SearchAction\",\"target\":{\"@type\":\"EntryPoint\",\"urlTemplate\":\"https:\/\/karaiexclusiveracing.hu\/?s={search_term_string}\"},\"query-input\":{\"@type\":\"PropertyValueSpecification\",\"valueRequired\":true,\"valueName\":\"search_term_string\"}}],\"inLanguage\":\"de\"},{\"@type\":\"Organization\",\"@id\":\"https:\/\/karaiexclusiveracing.hu\/#organization\",\"name\":\"K\u00e1rai Exclusive Racing\",\"url\":\"https:\/\/karaiexclusiveracing.hu\/\",\"logo\":{\"@type\":\"ImageObject\",\"inLanguage\":\"de\",\"@id\":\"https:\/\/karaiexclusiveracing.hu\/#\/schema\/logo\/image\/\",\"url\":\"https:\/\/www.karaiexclusiveracing.hu\/wp-content\/uploads\/2023\/10\/karai_exclusive_logo-1-1.png\",\"contentUrl\":\"https:\/\/www.karaiexclusiveracing.hu\/wp-content\/uploads\/2023\/10\/karai_exclusive_logo-1-1.png\",\"width\":1575,\"height\":435,\"caption\":\"K\u00e1rai Exclusive Racing\"},\"image\":{\"@id\":\"https:\/\/karaiexclusiveracing.hu\/#\/schema\/logo\/image\/\"},\"sameAs\":[\"https:\/\/www.facebook.com\/karaiexclusiveracing.hu\",\"https:\/\/www.instagram.com\/karaiexclusiveracing\/\"]}]}<\/script>\n<!-- \/ Yoast SEO Premium plugin. -->","yoast_head_json":{"title":"BMW E46 1\/2 JZ - K\u00e1rai Exclusive","description":"BMW E46 1\/2 JZ motorral, pap\u00edros buk\u00f3cs\u0151vel \u00e9s BC fut\u00f3m\u0171vel. Drift- \u00e9s rallyprojekthez t\u00f6k\u00e9letes v\u00e1laszt\u00e1s, friss fel\u00faj\u00edt\u00e1ssal.","robots":{"index":"index","follow":"follow","max-snippet":"max-snippet:-1","max-image-preview":"max-image-preview:large","max-video-preview":"max-video-preview:-1"},"canonical":"https:\/\/karaiexclusiveracing.hu\/de\/produkt\/bmw-e46-1-2-jz\/","og_locale":"de_DE","og_type":"article","og_title":"BMW E46 1\/2 JZ","og_description":"BMW E46 1\/2 JZ motorral, pap\u00edros buk\u00f3cs\u0151vel \u00e9s BC fut\u00f3m\u0171vel. Drift- \u00e9s rallyprojekthez t\u00f6k\u00e9letes v\u00e1laszt\u00e1s, friss fel\u00faj\u00edt\u00e1ssal.","og_url":"https:\/\/karaiexclusiveracing.hu\/de\/produkt\/bmw-e46-1-2-jz\/","og_site_name":"K\u00e1rai Exclusive","article_publisher":"https:\/\/www.facebook.com\/karaiexclusiveracing.hu","article_modified_time":"2025-09-15T12:46:53+00:00","og_image":[{"width":640,"height":358,"url":"https:\/\/karaiexclusiveracing.hu\/wp-content\/uploads\/2024\/07\/20392381_13.jpg","type":"image\/jpeg"}],"twitter_card":"summary_large_image","twitter_misc":{"Gesch\u00e4tzte Lesezeit":"2\u00a0Minuten"},"schema":{"@context":"https:\/\/schema.org","@graph":[{"@type":"WebPage","@id":"https:\/\/karaiexclusiveracing.hu\/termek\/bmw-e46-1-2-jz\/","url":"https:\/\/karaiexclusiveracing.hu\/termek\/bmw-e46-1-2-jz\/","name":"BMW E46 1\/2 JZ - K\u00e1rai Exclusive","isPartOf":{"@id":"https:\/\/karaiexclusiveracing.hu\/#website"},"primaryImageOfPage":{"@id":"https:\/\/karaiexclusiveracing.hu\/termek\/bmw-e46-1-2-jz\/#primaryimage"},"image":{"@id":"https:\/\/karaiexclusiveracing.hu\/termek\/bmw-e46-1-2-jz\/#primaryimage"},"thumbnailUrl":"https:\/\/karaiexclusiveracing.hu\/wp-content\/uploads\/2024\/07\/20392381_13.jpg","datePublished":"2024-07-02T08:44:46+00:00","dateModified":"2025-09-15T12:46:53+00:00","description":"BMW E46 1\/2 JZ motorral, pap\u00edros buk\u00f3cs\u0151vel \u00e9s BC fut\u00f3m\u0171vel. Drift- \u00e9s rallyprojekthez t\u00f6k\u00e9letes v\u00e1laszt\u00e1s, friss fel\u00faj\u00edt\u00e1ssal.","breadcrumb":{"@id":"https:\/\/karaiexclusiveracing.hu\/termek\/bmw-e46-1-2-jz\/#breadcrumb"},"inLanguage":"de","potentialAction":[{"@type":"ReadAction","target":["https:\/\/karaiexclusiveracing.hu\/termek\/bmw-e46-1-2-jz\/"]}]},{"@type":"ImageObject","inLanguage":"de","@id":"https:\/\/karaiexclusiveracing.hu\/termek\/bmw-e46-1-2-jz\/#primaryimage","url":"https:\/\/karaiexclusiveracing.hu\/wp-content\/uploads\/2024\/07\/20392381_13.jpg","contentUrl":"https:\/\/karaiexclusiveracing.hu\/wp-content\/uploads\/2024\/07\/20392381_13.jpg","width":640,"height":358},{"@type":"BreadcrumbList","@id":"https:\/\/karaiexclusiveracing.hu\/termek\/bmw-e46-1-2-jz\/#breadcrumb","itemListElement":[{"@type":"ListItem","position":1,"name":"Kezd\u0151lap","item":"https:\/\/karaiexclusiveracing.hu\/"},{"@type":"ListItem","position":2,"name":"Elad\u00f3 aut\u00f3k","item":"https:\/\/karaiexclusiveracing.hu\/elado-autok\/"},{"@type":"ListItem","position":3,"name":"BMW E46 1\/2 JZ"}]},{"@type":"WebSite","@id":"https:\/\/karaiexclusiveracing.hu\/#website","url":"https:\/\/karaiexclusiveracing.hu\/","name":"K\u00e1rai Exclusive Racing","description":"","publisher":{"@id":"https:\/\/karaiexclusiveracing.hu\/#organization"},"potentialAction":[{"@type":"SearchAction","target":{"@type":"EntryPoint","urlTemplate":"https:\/\/karaiexclusiveracing.hu\/?s={search_term_string}"},"query-input":{"@type":"PropertyValueSpecification","valueRequired":true,"valueName":"search_term_string"}}],"inLanguage":"de"},{"@type":"Organization","@id":"https:\/\/karaiexclusiveracing.hu\/#organization","name":"K\u00e1rai Exclusive Racing","url":"https:\/\/karaiexclusiveracing.hu\/","logo":{"@type":"ImageObject","inLanguage":"de","@id":"https:\/\/karaiexclusiveracing.hu\/#\/schema\/logo\/image\/","url":"https:\/\/www.karaiexclusiveracing.hu\/wp-content\/uploads\/2023\/10\/karai_exclusive_logo-1-1.png","contentUrl":"https:\/\/www.karaiexclusiveracing.hu\/wp-content\/uploads\/2023\/10\/karai_exclusive_logo-1-1.png","width":1575,"height":435,"caption":"K\u00e1rai Exclusive Racing"},"image":{"@id":"https:\/\/karaiexclusiveracing.hu\/#\/schema\/logo\/image\/"},"sameAs":["https:\/\/www.facebook.com\/karaiexclusiveracing.hu","https:\/\/www.instagram.com\/karaiexclusiveracing\/"]}]}},"_links":{"self":[{"href":"https:\/\/karaiexclusiveracing.hu\/de\/wp-json\/wp\/v2\/product\/20129","targetHints":{"allow":["GET"]}}],"collection":[{"href":"https:\/\/karaiexclusiveracing.hu\/de\/wp-json\/wp\/v2\/product"}],"about":[{"href":"https:\/\/karaiexclusiveracing.hu\/de\/wp-json\/wp\/v2\/types\/product"}],"wp:featuredmedia":[{"embeddable":true,"href":"https:\/\/karaiexclusiveracing.hu\/de\/wp-json\/wp\/v2\/media\/20133"}],"wp:attachment":[{"href":"https:\/\/karaiexclusiveracing.hu\/de\/wp-json\/wp\/v2\/media?parent=20129"}],"wp:term":[{"taxonomy":"manufactures","embeddable":true,"href":"https:\/\/karaiexclusiveracing.hu\/de\/wp-json\/wp\/v2\/manufactures?post=20129"},{"taxonomy":"product_brand","embeddable":true,"href":"https:\/\/karaiexclusiveracing.hu\/de\/wp-json\/wp\/v2\/product_brand?post=20129"},{"taxonomy":"product_cat","embeddable":true,"href":"https:\/\/karaiexclusiveracing.hu\/de\/wp-json\/wp\/v2\/product_cat?post=20129"},{"taxonomy":"product_tag","embeddable":true,"href":"https:\/\/karaiexclusiveracing.hu\/de\/wp-json\/wp\/v2\/product_tag?post=20129"}],"curies":[{"name":"wp","href":"https:\/\/api.w.org\/{rel}","templated":true}]}}