{"id":15308,"date":"2023-11-20T20:13:34","date_gmt":"2023-11-20T19:13:34","guid":{"rendered":"https:\/\/www.karaiexclusiveracing.hu\/?post_type=product&#038;p=15308"},"modified":"2025-09-02T10:56:21","modified_gmt":"2025-09-02T08:56:21","slug":"bmw-e34-525i-sold","status":"publish","type":"product","link":"https:\/\/karaiexclusiveracing.hu\/de\/termek\/bmw-e34-525i-sold\/","title":{"rendered":"BMW E34 525i &#8211; SOLD!"},"content":{"rendered":"<p style=\"color: #999999;\"><span style=\"color: #000000;\">Elad\u00e1sra k\u00edn\u00e1lunk egy BMW E34 525i-t, 12V M-Technik teljesen restaur\u00e1lva. Az aut\u00f3 eredeti \u00e1llapota is kimagasl\u00f3 volt (teljesen gy\u00e1ri, els\u0151 n\u00e9met tulajt\u00f3l). Az aut\u00f3 teljes fel\u00faj\u00edt\u00e1sa t\u00f6bb sz\u00e1z k\u00e9pes dokument\u00e1ci\u00f3ban illetve k\u00f6nyv form\u00e1j\u00e1ban is rendelkez\u00e9sre \u00e1ll! \u00c9rv\u00e9nyes Oldtimer vizsg\u00e1val rendelkezik! Az \u00e1r a Gy\u00e1ri 15 Style 5 felnikkel \u00e9rtend\u0151! \u00c9rv\u00e9nyes magyar okm\u00e1nyokkal!<\/span><\/p>\n<p style=\"color: #999999;\"><span style=\"color: #000000;\"><strong>Az esetleges el\u00edr\u00e1sok\u00e9rt, hirdet\u00e9sbeli hib\u00e1k\u00e9rt felel\u0151ss\u00e9get nem v\u00e1llalunk. K\u00e9rj\u00fck, mindenk\u00e9pp \u00e9rdekl\u0151dj\u00f6n telefonon a pontos inform\u00e1ci\u00f3k\u00e9rt!<\/strong><\/span><\/p>","protected":false},"excerpt":{"rendered":"<p>Elad\u00e1sra k\u00edn\u00e1lunk egy BMW E34 525i-t, 12V M-Technik teljesen restaur\u00e1lva. Az aut\u00f3 eredeti \u00e1llapota is kimagasl\u00f3 volt (teljesen gy\u00e1ri, els\u0151 n\u00e9met tulajt\u00f3l). Az aut\u00f3 teljes fel\u00faj\u00edt\u00e1sa t\u00f6bb sz\u00e1z k\u00e9pes dokument\u00e1ci\u00f3ban illetve k\u00f6nyv form\u00e1j\u00e1ban is rendelkez\u00e9sre \u00e1ll! \u00c9rv\u00e9nyes Oldtimer vizsg\u00e1val rendelkezik! Az \u00e1r a Gy\u00e1ri 15 Style 5 felnikkel \u00e9rtend\u0151! \u00c9rv\u00e9nyes magyar okm\u00e1nyokkal! Az esetleges el\u00edr\u00e1sok\u00e9rt, [&hellip;]<\/p>\n","protected":false},"featured_media":15309,"template":"","meta":{"_acf_changed":false},"manufactures":[],"product_brand":[],"product_cat":[15],"product_tag":[109],"class_list":{"0":"post-15308","1":"product","2":"type-product","3":"status-publish","4":"has-post-thumbnail","6":"product_cat-egyeb","7":"product_tag-sold","9":"first","10":"instock","11":"taxable","12":"shipping-taxable","13":"purchasable","14":"product-type-simple"},"exclude_global_add_ons":[],"addons":[],"acf":[],"yoast_head":"<!-- This site is optimized with the Yoast SEO Premium plugin v27.1 (Yoast SEO v27.2) - https:\/\/yoast.com\/product\/yoast-seo-premium-wordpress\/ -->\n<title>BMW E34 525i - SOLD! - K\u00e1rai Exclusive<\/title>\n<meta name=\"description\" content=\"Elad\u00e1sra k\u00edn\u00e1lunk egy BMW E34 525i-t, 12V M-Technik teljesen restaur\u00e1lva.\" \/>\n<meta name=\"robots\" content=\"index, follow, max-snippet:-1, max-image-preview:large, max-video-preview:-1\" \/>\n<link rel=\"canonical\" href=\"https:\/\/karaiexclusiveracing.hu\/de\/produkt\/bmw-e34-525i-sold\/\" \/>\n<meta property=\"og:locale\" content=\"de_DE\" \/>\n<meta property=\"og:type\" content=\"article\" \/>\n<meta property=\"og:title\" content=\"BMW E34 525i - SOLD!\" \/>\n<meta property=\"og:description\" content=\"Elad\u00e1sra k\u00edn\u00e1lunk egy BMW E34 525i-t, 12V M-Technik teljesen restaur\u00e1lva.\" \/>\n<meta property=\"og:url\" content=\"https:\/\/karaiexclusiveracing.hu\/de\/produkt\/bmw-e34-525i-sold\/\" \/>\n<meta property=\"og:site_name\" content=\"K\u00e1rai Exclusive\" \/>\n<meta property=\"article:publisher\" content=\"https:\/\/www.facebook.com\/karaiexclusiveracing.hu\" \/>\n<meta property=\"article:modified_time\" content=\"2025-09-02T08:56:21+00:00\" \/>\n<meta property=\"og:image\" content=\"https:\/\/karaiexclusiveracing.hu\/wp-content\/uploads\/2023\/11\/DSC05238-3-01-scaled.jpg\" \/>\n\t<meta property=\"og:image:width\" content=\"2560\" \/>\n\t<meta property=\"og:image:height\" content=\"1440\" \/>\n\t<meta property=\"og:image:type\" content=\"image\/jpeg\" \/>\n<meta name=\"twitter:card\" content=\"summary_large_image\" \/>\n<meta name=\"twitter:label1\" content=\"Gesch\u00e4tzte Lesezeit\" \/>\n\t<meta name=\"twitter:data1\" content=\"1\u00a0Minute\" \/>\n<script type=\"application\/ld+json\" class=\"yoast-schema-graph\">{\"@context\":\"https:\/\/schema.org\",\"@graph\":[{\"@type\":\"WebPage\",\"@id\":\"https:\/\/karaiexclusiveracing.hu\/termek\/bmw-e34-525i-sold\/\",\"url\":\"https:\/\/karaiexclusiveracing.hu\/termek\/bmw-e34-525i-sold\/\",\"name\":\"BMW E34 525i - SOLD! - K\u00e1rai Exclusive\",\"isPartOf\":{\"@id\":\"https:\/\/karaiexclusiveracing.hu\/#website\"},\"primaryImageOfPage\":{\"@id\":\"https:\/\/karaiexclusiveracing.hu\/termek\/bmw-e34-525i-sold\/#primaryimage\"},\"image\":{\"@id\":\"https:\/\/karaiexclusiveracing.hu\/termek\/bmw-e34-525i-sold\/#primaryimage\"},\"thumbnailUrl\":\"https:\/\/karaiexclusiveracing.hu\/wp-content\/uploads\/2023\/11\/DSC05238-3-01-scaled.jpg\",\"datePublished\":\"2023-11-20T19:13:34+00:00\",\"dateModified\":\"2025-09-02T08:56:21+00:00\",\"description\":\"Elad\u00e1sra k\u00edn\u00e1lunk egy BMW E34 525i-t, 12V M-Technik teljesen restaur\u00e1lva.\",\"breadcrumb\":{\"@id\":\"https:\/\/karaiexclusiveracing.hu\/termek\/bmw-e34-525i-sold\/#breadcrumb\"},\"inLanguage\":\"de\",\"potentialAction\":[{\"@type\":\"ReadAction\",\"target\":[\"https:\/\/karaiexclusiveracing.hu\/termek\/bmw-e34-525i-sold\/\"]}]},{\"@type\":\"ImageObject\",\"inLanguage\":\"de\",\"@id\":\"https:\/\/karaiexclusiveracing.hu\/termek\/bmw-e34-525i-sold\/#primaryimage\",\"url\":\"https:\/\/karaiexclusiveracing.hu\/wp-content\/uploads\/2023\/11\/DSC05238-3-01-scaled.jpg\",\"contentUrl\":\"https:\/\/karaiexclusiveracing.hu\/wp-content\/uploads\/2023\/11\/DSC05238-3-01-scaled.jpg\",\"width\":2560,\"height\":1440},{\"@type\":\"BreadcrumbList\",\"@id\":\"https:\/\/karaiexclusiveracing.hu\/termek\/bmw-e34-525i-sold\/#breadcrumb\",\"itemListElement\":[{\"@type\":\"ListItem\",\"position\":1,\"name\":\"Kezd\u0151lap\",\"item\":\"https:\/\/karaiexclusiveracing.hu\/\"},{\"@type\":\"ListItem\",\"position\":2,\"name\":\"Elad\u00f3 aut\u00f3k\",\"item\":\"https:\/\/karaiexclusiveracing.hu\/elado-autok\/\"},{\"@type\":\"ListItem\",\"position\":3,\"name\":\"BMW E34 525i &#8211; SOLD!\"}]},{\"@type\":\"WebSite\",\"@id\":\"https:\/\/karaiexclusiveracing.hu\/#website\",\"url\":\"https:\/\/karaiexclusiveracing.hu\/\",\"name\":\"K\u00e1rai Exclusive Racing\",\"description\":\"\",\"publisher\":{\"@id\":\"https:\/\/karaiexclusiveracing.hu\/#organization\"},\"potentialAction\":[{\"@type\":\"SearchAction\",\"target\":{\"@type\":\"EntryPoint\",\"urlTemplate\":\"https:\/\/karaiexclusiveracing.hu\/?s={search_term_string}\"},\"query-input\":{\"@type\":\"PropertyValueSpecification\",\"valueRequired\":true,\"valueName\":\"search_term_string\"}}],\"inLanguage\":\"de\"},{\"@type\":\"Organization\",\"@id\":\"https:\/\/karaiexclusiveracing.hu\/#organization\",\"name\":\"K\u00e1rai Exclusive Racing\",\"url\":\"https:\/\/karaiexclusiveracing.hu\/\",\"logo\":{\"@type\":\"ImageObject\",\"inLanguage\":\"de\",\"@id\":\"https:\/\/karaiexclusiveracing.hu\/#\/schema\/logo\/image\/\",\"url\":\"https:\/\/www.karaiexclusiveracing.hu\/wp-content\/uploads\/2023\/10\/karai_exclusive_logo-1-1.png\",\"contentUrl\":\"https:\/\/www.karaiexclusiveracing.hu\/wp-content\/uploads\/2023\/10\/karai_exclusive_logo-1-1.png\",\"width\":1575,\"height\":435,\"caption\":\"K\u00e1rai Exclusive Racing\"},\"image\":{\"@id\":\"https:\/\/karaiexclusiveracing.hu\/#\/schema\/logo\/image\/\"},\"sameAs\":[\"https:\/\/www.facebook.com\/karaiexclusiveracing.hu\",\"https:\/\/www.instagram.com\/karaiexclusiveracing\/\"]}]}<\/script>\n<!-- \/ Yoast SEO Premium plugin. -->","yoast_head_json":{"title":"BMW E34 525i - SOLD! - K\u00e1rai Exclusive","description":"Elad\u00e1sra k\u00edn\u00e1lunk egy BMW E34 525i-t, 12V M-Technik teljesen restaur\u00e1lva.","robots":{"index":"index","follow":"follow","max-snippet":"max-snippet:-1","max-image-preview":"max-image-preview:large","max-video-preview":"max-video-preview:-1"},"canonical":"https:\/\/karaiexclusiveracing.hu\/de\/produkt\/bmw-e34-525i-sold\/","og_locale":"de_DE","og_type":"article","og_title":"BMW E34 525i - SOLD!","og_description":"Elad\u00e1sra k\u00edn\u00e1lunk egy BMW E34 525i-t, 12V M-Technik teljesen restaur\u00e1lva.","og_url":"https:\/\/karaiexclusiveracing.hu\/de\/produkt\/bmw-e34-525i-sold\/","og_site_name":"K\u00e1rai Exclusive","article_publisher":"https:\/\/www.facebook.com\/karaiexclusiveracing.hu","article_modified_time":"2025-09-02T08:56:21+00:00","og_image":[{"width":2560,"height":1440,"url":"https:\/\/karaiexclusiveracing.hu\/wp-content\/uploads\/2023\/11\/DSC05238-3-01-scaled.jpg","type":"image\/jpeg"}],"twitter_card":"summary_large_image","twitter_misc":{"Gesch\u00e4tzte Lesezeit":"1\u00a0Minute"},"schema":{"@context":"https:\/\/schema.org","@graph":[{"@type":"WebPage","@id":"https:\/\/karaiexclusiveracing.hu\/termek\/bmw-e34-525i-sold\/","url":"https:\/\/karaiexclusiveracing.hu\/termek\/bmw-e34-525i-sold\/","name":"BMW E34 525i - SOLD! - K\u00e1rai Exclusive","isPartOf":{"@id":"https:\/\/karaiexclusiveracing.hu\/#website"},"primaryImageOfPage":{"@id":"https:\/\/karaiexclusiveracing.hu\/termek\/bmw-e34-525i-sold\/#primaryimage"},"image":{"@id":"https:\/\/karaiexclusiveracing.hu\/termek\/bmw-e34-525i-sold\/#primaryimage"},"thumbnailUrl":"https:\/\/karaiexclusiveracing.hu\/wp-content\/uploads\/2023\/11\/DSC05238-3-01-scaled.jpg","datePublished":"2023-11-20T19:13:34+00:00","dateModified":"2025-09-02T08:56:21+00:00","description":"Elad\u00e1sra k\u00edn\u00e1lunk egy BMW E34 525i-t, 12V M-Technik teljesen restaur\u00e1lva.","breadcrumb":{"@id":"https:\/\/karaiexclusiveracing.hu\/termek\/bmw-e34-525i-sold\/#breadcrumb"},"inLanguage":"de","potentialAction":[{"@type":"ReadAction","target":["https:\/\/karaiexclusiveracing.hu\/termek\/bmw-e34-525i-sold\/"]}]},{"@type":"ImageObject","inLanguage":"de","@id":"https:\/\/karaiexclusiveracing.hu\/termek\/bmw-e34-525i-sold\/#primaryimage","url":"https:\/\/karaiexclusiveracing.hu\/wp-content\/uploads\/2023\/11\/DSC05238-3-01-scaled.jpg","contentUrl":"https:\/\/karaiexclusiveracing.hu\/wp-content\/uploads\/2023\/11\/DSC05238-3-01-scaled.jpg","width":2560,"height":1440},{"@type":"BreadcrumbList","@id":"https:\/\/karaiexclusiveracing.hu\/termek\/bmw-e34-525i-sold\/#breadcrumb","itemListElement":[{"@type":"ListItem","position":1,"name":"Kezd\u0151lap","item":"https:\/\/karaiexclusiveracing.hu\/"},{"@type":"ListItem","position":2,"name":"Elad\u00f3 aut\u00f3k","item":"https:\/\/karaiexclusiveracing.hu\/elado-autok\/"},{"@type":"ListItem","position":3,"name":"BMW E34 525i &#8211; SOLD!"}]},{"@type":"WebSite","@id":"https:\/\/karaiexclusiveracing.hu\/#website","url":"https:\/\/karaiexclusiveracing.hu\/","name":"K\u00e1rai Exclusive Racing","description":"","publisher":{"@id":"https:\/\/karaiexclusiveracing.hu\/#organization"},"potentialAction":[{"@type":"SearchAction","target":{"@type":"EntryPoint","urlTemplate":"https:\/\/karaiexclusiveracing.hu\/?s={search_term_string}"},"query-input":{"@type":"PropertyValueSpecification","valueRequired":true,"valueName":"search_term_string"}}],"inLanguage":"de"},{"@type":"Organization","@id":"https:\/\/karaiexclusiveracing.hu\/#organization","name":"K\u00e1rai Exclusive Racing","url":"https:\/\/karaiexclusiveracing.hu\/","logo":{"@type":"ImageObject","inLanguage":"de","@id":"https:\/\/karaiexclusiveracing.hu\/#\/schema\/logo\/image\/","url":"https:\/\/www.karaiexclusiveracing.hu\/wp-content\/uploads\/2023\/10\/karai_exclusive_logo-1-1.png","contentUrl":"https:\/\/www.karaiexclusiveracing.hu\/wp-content\/uploads\/2023\/10\/karai_exclusive_logo-1-1.png","width":1575,"height":435,"caption":"K\u00e1rai Exclusive Racing"},"image":{"@id":"https:\/\/karaiexclusiveracing.hu\/#\/schema\/logo\/image\/"},"sameAs":["https:\/\/www.facebook.com\/karaiexclusiveracing.hu","https:\/\/www.instagram.com\/karaiexclusiveracing\/"]}]}},"_links":{"self":[{"href":"https:\/\/karaiexclusiveracing.hu\/de\/wp-json\/wp\/v2\/product\/15308","targetHints":{"allow":["GET"]}}],"collection":[{"href":"https:\/\/karaiexclusiveracing.hu\/de\/wp-json\/wp\/v2\/product"}],"about":[{"href":"https:\/\/karaiexclusiveracing.hu\/de\/wp-json\/wp\/v2\/types\/product"}],"wp:featuredmedia":[{"embeddable":true,"href":"https:\/\/karaiexclusiveracing.hu\/de\/wp-json\/wp\/v2\/media\/15309"}],"wp:attachment":[{"href":"https:\/\/karaiexclusiveracing.hu\/de\/wp-json\/wp\/v2\/media?parent=15308"}],"wp:term":[{"taxonomy":"manufactures","embeddable":true,"href":"https:\/\/karaiexclusiveracing.hu\/de\/wp-json\/wp\/v2\/manufactures?post=15308"},{"taxonomy":"product_brand","embeddable":true,"href":"https:\/\/karaiexclusiveracing.hu\/de\/wp-json\/wp\/v2\/product_brand?post=15308"},{"taxonomy":"product_cat","embeddable":true,"href":"https:\/\/karaiexclusiveracing.hu\/de\/wp-json\/wp\/v2\/product_cat?post=15308"},{"taxonomy":"product_tag","embeddable":true,"href":"https:\/\/karaiexclusiveracing.hu\/de\/wp-json\/wp\/v2\/product_tag?post=15308"}],"curies":[{"name":"wp","href":"https:\/\/api.w.org\/{rel}","templated":true}]}}