{"id":100,"date":"2023-10-27T16:45:47","date_gmt":"2023-10-27T14:45:47","guid":{"rendered":"https:\/\/www.karaiexclusiveracing.hu\/?post_type=product&#038;p=100"},"modified":"2025-09-15T11:21:37","modified_gmt":"2025-09-15T09:21:37","slug":"bmw-e46-m3-2","status":"publish","type":"product","link":"https:\/\/karaiexclusiveracing.hu\/de\/termek\/bmw-e46-m3-2\/","title":{"rendered":"BMW E46 M3 &#8211; SOLD!"},"content":{"rendered":"<div id=\"ut-row-inner-653a2e06d150a\" class=\"vc_row wpb_row vc_inner vc_row-fluid vc_column-gap-10 ut-row-inner-653a2e06d1512\">\n<div class=\"wpb_column vc_column_container vc_col-sm-9\">\n<div id=\"ut-column-inner-653a2e06d18bf\" class=\"vc_column-inner vc_column-inner-nested\">\n<div class=\"wpb_wrapper\">\n<div class=\"wpb_text_column wpb_content_element\">\n<div class=\"wpb_wrapper\">\n<p>Elad\u00e1sra k\u00edn\u00e1ljuk ezt a <strong>teljesen fel\u00faj\u00edtott BMW E46 M3 versenyaut\u00f3t<\/strong>, amely a 2022-es \u00e9v\u00fcnk legnagyobb projektje volt. Az aut\u00f3 minden r\u00e9szlet\u00e9t a <strong>legprofibb szakemberek<\/strong> \u00e9s a <strong>legjobb alkatr\u00e9szek<\/strong> felhaszn\u00e1l\u00e1s\u00e1val \u00e9p\u00edtett\u00fck \u00fajj\u00e1, hogy a lehet\u0151 legmagasabb szint\u0171 teljes\u00edtm\u00e9nyt \u00e9s megb\u00edzhat\u00f3s\u00e1got ny\u00fajtsa.<\/p>\n<p><strong>F\u0151bb jellemz\u0151k \u00e9s alkatr\u00e9szek:<\/strong><\/p>\n<ul>\n<li><strong>Motor:<\/strong> LLRacing emelt kompresszi\u00f3s dugatty\u00fak<\/li>\n<li><strong>F\u00e9krendszer:<\/strong> AP Racing Hungary f\u00e9kek, a Speedy Racing csapat\u00e1t\u00f3l<\/li>\n<li><strong>Airbox:<\/strong> Haimus Racing \u00e1ltal gy\u00e1rtott carbon airbox<\/li>\n<li><strong>Fut\u00f3m\u0171:<\/strong> Reiger Racing Suspension<\/li>\n<li><strong>Karossz\u00e9ria:<\/strong> Szinte minden elem \u00fcvegsz\u00e1lb\u00f3l k\u00e9sz\u00fclt, prec\u00edz munk\u00e1val, Sonny S\u00e1ndor Szijgy\u00e1rt\u00f3 j\u00f3volt\u00e1b\u00f3l<\/li>\n<li><strong>K\u00e1belez\u00e9s:<\/strong> R\u00e1lik Roland hib\u00e1tlan munk\u00e1ja<\/li>\n<li><strong>V\u00e1lt\u00f3:<\/strong> Beckert Technology szekvenci\u00e1lis v\u00e1lt\u00f3<\/li>\n<li><strong>V\u00edzh\u0171t\u00e9s:<\/strong> SKPower.hu \u00e1ltal sz\u00e1ll\u00edtott v\u00edzh\u0171t\u0151<\/li>\n<li><strong>Buk\u00f3cs\u00f6vez\u00e9s:<\/strong> P\u00e1li Szabi professzion\u00e1lis kivitelez\u00e9se<\/li>\n<\/ul>\n<p>&nbsp;<\/p>\n<p>A j\u00e1rm\u0171 eszt\u00e9tikai \u00e9s aerodinamikai megjelen\u00e9s\u00e9t a <strong>B Visuals<\/strong> \u00e9s a <strong>EightEleven Design<\/strong> gondos kezei form\u00e1lt\u00e1k. Az aut\u00f3 <strong>powermodul \u00e9s touchpad vez\u00e9rl\u00e9st<\/strong> kapott az ASMotot\u00f3l, amely a leg\u00fajabb technol\u00f3gi\u00e1t biztos\u00edtja.<\/p>\n<p>Ez az aut\u00f3 ide\u00e1lis v\u00e1laszt\u00e1s azok sz\u00e1m\u00e1ra, akik egy <strong>kiv\u00e1l\u00f3an meg\u00e9p\u00edtett, versenyz\u00e9sre k\u00e9sz BMW M3 E46 modellt<\/strong> keresnek, amelyet a legapr\u00f3bb r\u00e9szletekig szak\u00e9rt\u0151i kezek alkottak.<\/p>\n<p><strong>Tov\u00e1bbi inform\u00e1ci\u00f3\u00e9rt \u00e9rdekl\u0151dj telefonon!<\/strong><\/p>\n<\/div>\n<\/div>\n<\/div>\n<\/div>\n<\/div>\n<\/div>","protected":false},"excerpt":{"rendered":"<p>Elad\u00e1sra k\u00edn\u00e1ljuk ezt a teljesen fel\u00faj\u00edtott BMW E46 M3 versenyaut\u00f3t, amely a 2022-es \u00e9v\u00fcnk legnagyobb projektje volt. Az aut\u00f3 minden r\u00e9szlet\u00e9t a legprofibb szakemberek \u00e9s a legjobb alkatr\u00e9szek felhaszn\u00e1l\u00e1s\u00e1val \u00e9p\u00edtett\u00fck \u00fajj\u00e1, hogy a lehet\u0151 legmagasabb szint\u0171 teljes\u00edtm\u00e9nyt \u00e9s megb\u00edzhat\u00f3s\u00e1got ny\u00fajtsa. F\u0151bb jellemz\u0151k \u00e9s alkatr\u00e9szek: Motor: LLRacing emelt kompresszi\u00f3s dugatty\u00fak F\u00e9krendszer: AP Racing Hungary f\u00e9kek, a [&hellip;]<\/p>\n","protected":false},"featured_media":23385,"template":"","meta":{"_acf_changed":false},"manufactures":[52],"product_brand":[],"product_cat":[23],"product_tag":[109],"class_list":{"0":"post-100","1":"product","2":"type-product","3":"status-publish","4":"has-post-thumbnail","6":"manufactures-bmw","7":"product_cat-race-car","8":"product_tag-sold","10":"first","11":"instock","12":"taxable","13":"shipping-taxable","14":"purchasable","15":"product-type-simple"},"exclude_global_add_ons":[],"addons":[],"acf":[],"yoast_head":"<!-- This site is optimized with the Yoast SEO Premium plugin v27.1 (Yoast SEO v27.2) - https:\/\/yoast.com\/product\/yoast-seo-premium-wordpress\/ -->\n<title>BMW E46 M3 - SOLD! - K\u00e1rai Exclusive<\/title>\n<meta name=\"robots\" content=\"index, follow, max-snippet:-1, max-image-preview:large, max-video-preview:-1\" \/>\n<link rel=\"canonical\" href=\"https:\/\/karaiexclusiveracing.hu\/de\/produkt\/bmw-e46-m3-2\/\" \/>\n<meta property=\"og:locale\" content=\"de_DE\" \/>\n<meta property=\"og:type\" content=\"article\" \/>\n<meta property=\"og:title\" content=\"BMW E46 M3 - SOLD!\" \/>\n<meta property=\"og:description\" content=\"Elad\u00e1sra k\u00edn\u00e1ljuk ezt a teljesen fel\u00faj\u00edtott BMW E46 M3 versenyaut\u00f3t, amely a 2022-es \u00e9v\u00fcnk legnagyobb projektje volt. Az aut\u00f3 minden r\u00e9szlet\u00e9t a legprofibb szakemberek \u00e9s a legjobb alkatr\u00e9szek felhaszn\u00e1l\u00e1s\u00e1val \u00e9p\u00edtett\u00fck \u00fajj\u00e1, hogy a lehet\u0151 legmagasabb szint\u0171 teljes\u00edtm\u00e9nyt \u00e9s megb\u00edzhat\u00f3s\u00e1got ny\u00fajtsa. F\u0151bb jellemz\u0151k \u00e9s alkatr\u00e9szek: Motor: LLRacing emelt kompresszi\u00f3s dugatty\u00fak F\u00e9krendszer: AP Racing Hungary f\u00e9kek, a [&hellip;]\" \/>\n<meta property=\"og:url\" content=\"https:\/\/karaiexclusiveracing.hu\/de\/produkt\/bmw-e46-m3-2\/\" \/>\n<meta property=\"og:site_name\" content=\"K\u00e1rai Exclusive\" \/>\n<meta property=\"article:publisher\" content=\"https:\/\/www.facebook.com\/karaiexclusiveracing.hu\" \/>\n<meta property=\"article:modified_time\" content=\"2025-09-15T09:21:37+00:00\" \/>\n<meta property=\"og:image\" content=\"https:\/\/karaiexclusiveracing.hu\/wp-content\/uploads\/2023\/10\/Cimsor-hozzaadasa-6.png\" \/>\n\t<meta property=\"og:image:width\" content=\"990\" \/>\n\t<meta property=\"og:image:height\" content=\"551\" \/>\n\t<meta property=\"og:image:type\" content=\"image\/png\" \/>\n<meta name=\"twitter:card\" content=\"summary_large_image\" \/>\n<meta name=\"twitter:label1\" content=\"Gesch\u00e4tzte Lesezeit\" \/>\n\t<meta name=\"twitter:data1\" content=\"2\u00a0Minuten\" \/>\n<script type=\"application\/ld+json\" class=\"yoast-schema-graph\">{\"@context\":\"https:\/\/schema.org\",\"@graph\":[{\"@type\":\"WebPage\",\"@id\":\"https:\/\/karaiexclusiveracing.hu\/termek\/bmw-e46-m3-2\/\",\"url\":\"https:\/\/karaiexclusiveracing.hu\/termek\/bmw-e46-m3-2\/\",\"name\":\"BMW E46 M3 - SOLD! - K\u00e1rai Exclusive\",\"isPartOf\":{\"@id\":\"https:\/\/karaiexclusiveracing.hu\/#website\"},\"primaryImageOfPage\":{\"@id\":\"https:\/\/karaiexclusiveracing.hu\/termek\/bmw-e46-m3-2\/#primaryimage\"},\"image\":{\"@id\":\"https:\/\/karaiexclusiveracing.hu\/termek\/bmw-e46-m3-2\/#primaryimage\"},\"thumbnailUrl\":\"https:\/\/karaiexclusiveracing.hu\/wp-content\/uploads\/2023\/10\/Cimsor-hozzaadasa-6.png\",\"datePublished\":\"2023-10-27T14:45:47+00:00\",\"dateModified\":\"2025-09-15T09:21:37+00:00\",\"breadcrumb\":{\"@id\":\"https:\/\/karaiexclusiveracing.hu\/termek\/bmw-e46-m3-2\/#breadcrumb\"},\"inLanguage\":\"de\",\"potentialAction\":[{\"@type\":\"ReadAction\",\"target\":[\"https:\/\/karaiexclusiveracing.hu\/termek\/bmw-e46-m3-2\/\"]}]},{\"@type\":\"ImageObject\",\"inLanguage\":\"de\",\"@id\":\"https:\/\/karaiexclusiveracing.hu\/termek\/bmw-e46-m3-2\/#primaryimage\",\"url\":\"https:\/\/karaiexclusiveracing.hu\/wp-content\/uploads\/2023\/10\/Cimsor-hozzaadasa-6.png\",\"contentUrl\":\"https:\/\/karaiexclusiveracing.hu\/wp-content\/uploads\/2023\/10\/Cimsor-hozzaadasa-6.png\",\"width\":990,\"height\":551},{\"@type\":\"BreadcrumbList\",\"@id\":\"https:\/\/karaiexclusiveracing.hu\/termek\/bmw-e46-m3-2\/#breadcrumb\",\"itemListElement\":[{\"@type\":\"ListItem\",\"position\":1,\"name\":\"Kezd\u0151lap\",\"item\":\"https:\/\/karaiexclusiveracing.hu\/\"},{\"@type\":\"ListItem\",\"position\":2,\"name\":\"Elad\u00f3 aut\u00f3k\",\"item\":\"https:\/\/karaiexclusiveracing.hu\/elado-autok\/\"},{\"@type\":\"ListItem\",\"position\":3,\"name\":\"BMW E46 M3 &#8211; SOLD!\"}]},{\"@type\":\"WebSite\",\"@id\":\"https:\/\/karaiexclusiveracing.hu\/#website\",\"url\":\"https:\/\/karaiexclusiveracing.hu\/\",\"name\":\"K\u00e1rai Exclusive Racing\",\"description\":\"\",\"publisher\":{\"@id\":\"https:\/\/karaiexclusiveracing.hu\/#organization\"},\"potentialAction\":[{\"@type\":\"SearchAction\",\"target\":{\"@type\":\"EntryPoint\",\"urlTemplate\":\"https:\/\/karaiexclusiveracing.hu\/?s={search_term_string}\"},\"query-input\":{\"@type\":\"PropertyValueSpecification\",\"valueRequired\":true,\"valueName\":\"search_term_string\"}}],\"inLanguage\":\"de\"},{\"@type\":\"Organization\",\"@id\":\"https:\/\/karaiexclusiveracing.hu\/#organization\",\"name\":\"K\u00e1rai Exclusive Racing\",\"url\":\"https:\/\/karaiexclusiveracing.hu\/\",\"logo\":{\"@type\":\"ImageObject\",\"inLanguage\":\"de\",\"@id\":\"https:\/\/karaiexclusiveracing.hu\/#\/schema\/logo\/image\/\",\"url\":\"https:\/\/www.karaiexclusiveracing.hu\/wp-content\/uploads\/2023\/10\/karai_exclusive_logo-1-1.png\",\"contentUrl\":\"https:\/\/www.karaiexclusiveracing.hu\/wp-content\/uploads\/2023\/10\/karai_exclusive_logo-1-1.png\",\"width\":1575,\"height\":435,\"caption\":\"K\u00e1rai Exclusive Racing\"},\"image\":{\"@id\":\"https:\/\/karaiexclusiveracing.hu\/#\/schema\/logo\/image\/\"},\"sameAs\":[\"https:\/\/www.facebook.com\/karaiexclusiveracing.hu\",\"https:\/\/www.instagram.com\/karaiexclusiveracing\/\"]}]}<\/script>\n<!-- \/ Yoast SEO Premium plugin. -->","yoast_head_json":{"title":"BMW E46 M3 - SOLD! - K\u00e1rai Exclusive","robots":{"index":"index","follow":"follow","max-snippet":"max-snippet:-1","max-image-preview":"max-image-preview:large","max-video-preview":"max-video-preview:-1"},"canonical":"https:\/\/karaiexclusiveracing.hu\/de\/produkt\/bmw-e46-m3-2\/","og_locale":"de_DE","og_type":"article","og_title":"BMW E46 M3 - SOLD!","og_description":"Elad\u00e1sra k\u00edn\u00e1ljuk ezt a teljesen fel\u00faj\u00edtott BMW E46 M3 versenyaut\u00f3t, amely a 2022-es \u00e9v\u00fcnk legnagyobb projektje volt. Az aut\u00f3 minden r\u00e9szlet\u00e9t a legprofibb szakemberek \u00e9s a legjobb alkatr\u00e9szek felhaszn\u00e1l\u00e1s\u00e1val \u00e9p\u00edtett\u00fck \u00fajj\u00e1, hogy a lehet\u0151 legmagasabb szint\u0171 teljes\u00edtm\u00e9nyt \u00e9s megb\u00edzhat\u00f3s\u00e1got ny\u00fajtsa. F\u0151bb jellemz\u0151k \u00e9s alkatr\u00e9szek: Motor: LLRacing emelt kompresszi\u00f3s dugatty\u00fak F\u00e9krendszer: AP Racing Hungary f\u00e9kek, a [&hellip;]","og_url":"https:\/\/karaiexclusiveracing.hu\/de\/produkt\/bmw-e46-m3-2\/","og_site_name":"K\u00e1rai Exclusive","article_publisher":"https:\/\/www.facebook.com\/karaiexclusiveracing.hu","article_modified_time":"2025-09-15T09:21:37+00:00","og_image":[{"width":990,"height":551,"url":"https:\/\/karaiexclusiveracing.hu\/wp-content\/uploads\/2023\/10\/Cimsor-hozzaadasa-6.png","type":"image\/png"}],"twitter_card":"summary_large_image","twitter_misc":{"Gesch\u00e4tzte Lesezeit":"2\u00a0Minuten"},"schema":{"@context":"https:\/\/schema.org","@graph":[{"@type":"WebPage","@id":"https:\/\/karaiexclusiveracing.hu\/termek\/bmw-e46-m3-2\/","url":"https:\/\/karaiexclusiveracing.hu\/termek\/bmw-e46-m3-2\/","name":"BMW E46 M3 - SOLD! - K\u00e1rai Exclusive","isPartOf":{"@id":"https:\/\/karaiexclusiveracing.hu\/#website"},"primaryImageOfPage":{"@id":"https:\/\/karaiexclusiveracing.hu\/termek\/bmw-e46-m3-2\/#primaryimage"},"image":{"@id":"https:\/\/karaiexclusiveracing.hu\/termek\/bmw-e46-m3-2\/#primaryimage"},"thumbnailUrl":"https:\/\/karaiexclusiveracing.hu\/wp-content\/uploads\/2023\/10\/Cimsor-hozzaadasa-6.png","datePublished":"2023-10-27T14:45:47+00:00","dateModified":"2025-09-15T09:21:37+00:00","breadcrumb":{"@id":"https:\/\/karaiexclusiveracing.hu\/termek\/bmw-e46-m3-2\/#breadcrumb"},"inLanguage":"de","potentialAction":[{"@type":"ReadAction","target":["https:\/\/karaiexclusiveracing.hu\/termek\/bmw-e46-m3-2\/"]}]},{"@type":"ImageObject","inLanguage":"de","@id":"https:\/\/karaiexclusiveracing.hu\/termek\/bmw-e46-m3-2\/#primaryimage","url":"https:\/\/karaiexclusiveracing.hu\/wp-content\/uploads\/2023\/10\/Cimsor-hozzaadasa-6.png","contentUrl":"https:\/\/karaiexclusiveracing.hu\/wp-content\/uploads\/2023\/10\/Cimsor-hozzaadasa-6.png","width":990,"height":551},{"@type":"BreadcrumbList","@id":"https:\/\/karaiexclusiveracing.hu\/termek\/bmw-e46-m3-2\/#breadcrumb","itemListElement":[{"@type":"ListItem","position":1,"name":"Kezd\u0151lap","item":"https:\/\/karaiexclusiveracing.hu\/"},{"@type":"ListItem","position":2,"name":"Elad\u00f3 aut\u00f3k","item":"https:\/\/karaiexclusiveracing.hu\/elado-autok\/"},{"@type":"ListItem","position":3,"name":"BMW E46 M3 &#8211; SOLD!"}]},{"@type":"WebSite","@id":"https:\/\/karaiexclusiveracing.hu\/#website","url":"https:\/\/karaiexclusiveracing.hu\/","name":"K\u00e1rai Exclusive Racing","description":"","publisher":{"@id":"https:\/\/karaiexclusiveracing.hu\/#organization"},"potentialAction":[{"@type":"SearchAction","target":{"@type":"EntryPoint","urlTemplate":"https:\/\/karaiexclusiveracing.hu\/?s={search_term_string}"},"query-input":{"@type":"PropertyValueSpecification","valueRequired":true,"valueName":"search_term_string"}}],"inLanguage":"de"},{"@type":"Organization","@id":"https:\/\/karaiexclusiveracing.hu\/#organization","name":"K\u00e1rai Exclusive Racing","url":"https:\/\/karaiexclusiveracing.hu\/","logo":{"@type":"ImageObject","inLanguage":"de","@id":"https:\/\/karaiexclusiveracing.hu\/#\/schema\/logo\/image\/","url":"https:\/\/www.karaiexclusiveracing.hu\/wp-content\/uploads\/2023\/10\/karai_exclusive_logo-1-1.png","contentUrl":"https:\/\/www.karaiexclusiveracing.hu\/wp-content\/uploads\/2023\/10\/karai_exclusive_logo-1-1.png","width":1575,"height":435,"caption":"K\u00e1rai Exclusive Racing"},"image":{"@id":"https:\/\/karaiexclusiveracing.hu\/#\/schema\/logo\/image\/"},"sameAs":["https:\/\/www.facebook.com\/karaiexclusiveracing.hu","https:\/\/www.instagram.com\/karaiexclusiveracing\/"]}]}},"_links":{"self":[{"href":"https:\/\/karaiexclusiveracing.hu\/de\/wp-json\/wp\/v2\/product\/100","targetHints":{"allow":["GET"]}}],"collection":[{"href":"https:\/\/karaiexclusiveracing.hu\/de\/wp-json\/wp\/v2\/product"}],"about":[{"href":"https:\/\/karaiexclusiveracing.hu\/de\/wp-json\/wp\/v2\/types\/product"}],"wp:featuredmedia":[{"embeddable":true,"href":"https:\/\/karaiexclusiveracing.hu\/de\/wp-json\/wp\/v2\/media\/23385"}],"wp:attachment":[{"href":"https:\/\/karaiexclusiveracing.hu\/de\/wp-json\/wp\/v2\/media?parent=100"}],"wp:term":[{"taxonomy":"manufactures","embeddable":true,"href":"https:\/\/karaiexclusiveracing.hu\/de\/wp-json\/wp\/v2\/manufactures?post=100"},{"taxonomy":"product_brand","embeddable":true,"href":"https:\/\/karaiexclusiveracing.hu\/de\/wp-json\/wp\/v2\/product_brand?post=100"},{"taxonomy":"product_cat","embeddable":true,"href":"https:\/\/karaiexclusiveracing.hu\/de\/wp-json\/wp\/v2\/product_cat?post=100"},{"taxonomy":"product_tag","embeddable":true,"href":"https:\/\/karaiexclusiveracing.hu\/de\/wp-json\/wp\/v2\/product_tag?post=100"}],"curies":[{"name":"wp","href":"https:\/\/api.w.org\/{rel}","templated":true}]}}