{"id":1939,"date":"2023-11-06T12:35:49","date_gmt":"2023-11-06T11:35:49","guid":{"rendered":"https:\/\/www.karaiexclusiveracing.hu\/?page_id=1939"},"modified":"2024-06-05T15:44:28","modified_gmt":"2024-06-05T13:44:28","slug":"idopont-foglalas","status":"publish","type":"page","link":"http:\/\/karaiexclusiveracing.hu\/en\/idopont-foglalas\/","title":{"rendered":"Appointment"},"content":{"rendered":"\t\t<div data-elementor-type=\"wp-page\" data-elementor-id=\"1939\" class=\"elementor elementor-1939\" data-elementor-settings=\"{&quot;ha_cmc_init_switcher&quot;:&quot;no&quot;}\" data-elementor-post-type=\"page\">\n\t\t\t\t<div class=\"elementor-element elementor-element-fdee094 e-flex e-con-boxed e-con e-parent\" data-id=\"fdee094\" data-element_type=\"container\" data-e-type=\"container\" data-settings=\"{&quot;background_background&quot;:&quot;classic&quot;,&quot;_ha_eqh_enable&quot;:false}\">\n\t\t\t\t\t<div class=\"e-con-inner\">\n\t\t\t\t<div class=\"elementor-element elementor-element-fbf1bc6 elementor-widget elementor-widget-heading\" data-id=\"fbf1bc6\" data-element_type=\"widget\" data-e-type=\"widget\" data-widget_type=\"heading.default\">\n\t\t\t\t<div class=\"elementor-widget-container\">\n\t\t\t\t\t<h1 class=\"elementor-heading-title elementor-size-default\">ID\u0150PONTFOGLAL\u00c1S<\/h1>\t\t\t\t<\/div>\n\t\t\t\t<\/div>\n\t\t\t\t\t<\/div>\n\t\t\t\t<\/div>\n\t\t<div class=\"elementor-element elementor-element-0ffe04c e-flex e-con-boxed e-con e-parent\" data-id=\"0ffe04c\" data-element_type=\"container\" data-e-type=\"container\" data-settings=\"{&quot;background_background&quot;:&quot;classic&quot;,&quot;_ha_eqh_enable&quot;:false}\">\n\t\t\t\t\t<div class=\"e-con-inner\">\n\t\t<div class=\"elementor-element elementor-element-d40909d e-con-full e-flex e-con e-child\" data-id=\"d40909d\" data-element_type=\"container\" data-e-type=\"container\" data-settings=\"{&quot;_ha_eqh_enable&quot;:false}\">\n\t\t\t\t<div class=\"elementor-element elementor-element-9de6a1d elementor-widget elementor-widget-stepbooking\" data-id=\"9de6a1d\" data-element_type=\"widget\" data-e-type=\"widget\" data-widget_type=\"stepbooking.default\">\n\t\t\t\t<div class=\"elementor-widget-container\">\n\t\t\t\t\t\n<script>\n  if (typeof hasAmeliaEntitiesApiCall === 'undefined' && ('' === '' && '' !== '1')) {\n    var hasAmeliaEntitiesApiCall = true;\n  }\n  var ameliaShortcodeData = (typeof ameliaShortcodeData === 'undefined') ? [] : ameliaShortcodeData;\n  ameliaShortcodeData.push(\n    {\n      'hasApiCall': (typeof hasAmeliaEntitiesApiCall !== 'undefined') && hasAmeliaEntitiesApiCall,\n      'trigger': '',\n      'trigger_type': '',\n      'triggered_form': 'sbsNew',\n      'in_dialog': '',\n      'show': '',\n      'counter': '1000',\n      'category': '',\n      'service': '',\n      'employee': '',\n      'location': '',\n      'package': '',\n      'layout': '1',\n    }\n  );\n\n  var ameliaShortcodeDataTriggered = (typeof ameliaShortcodeDataTriggered === 'undefined') ? [] : ameliaShortcodeDataTriggered;\n  if (ameliaShortcodeData[ameliaShortcodeData.length - 1].trigger !== '') {\n    if (ameliaShortcodeDataTriggered.filter(a => a.counter === ameliaShortcodeData[ameliaShortcodeData.length - 1].counter).length === 0) {\n      ameliaShortcodeDataTriggered.push(ameliaShortcodeData.pop());\n    } else {\n      ameliaShortcodeData.pop()\n    }\n  }\n  if (typeof hasAmeliaEntitiesApiCall !== 'undefined' && hasAmeliaEntitiesApiCall) {\n    hasAmeliaEntitiesApiCall = false;\n  }\n<\/script>\n\n<div\n  id=\"amelia-v2-booking-1000\"\n  class=\"amelia-v2-booking\"\n >\n    <step-form-wrapper><\/step-form-wrapper><\/div>\n\t\t\t\t<\/div>\n\t\t\t\t<\/div>\n\t\t\t\t<\/div>\n\t\t<div class=\"elementor-element elementor-element-6779241 e-con-full e-flex e-con e-child\" data-id=\"6779241\" data-element_type=\"container\" data-e-type=\"container\" data-settings=\"{&quot;background_background&quot;:&quot;classic&quot;,&quot;_ha_eqh_enable&quot;:false}\">\n\t\t\t\t<div class=\"elementor-element elementor-element-8d5d89d elementor-widget elementor-widget-heading\" data-id=\"8d5d89d\" data-element_type=\"widget\" data-e-type=\"widget\" data-widget_type=\"heading.default\">\n\t\t\t\t<div class=\"elementor-widget-container\">\n\t\t\t\t\t<h2 class=\"elementor-heading-title elementor-size-default\">Egy apr\u00f3 l\u00e9p\u00e9s...<\/h2>\t\t\t\t<\/div>\n\t\t\t\t<\/div>\n\t\t\t\t<div class=\"elementor-element elementor-element-9ef47b1 elementor-widget elementor-widget-text-editor\" data-id=\"9ef47b1\" data-element_type=\"widget\" data-e-type=\"widget\" data-widget_type=\"text-editor.default\">\n\t\t\t\t<div class=\"elementor-widget-container\">\n\t\t\t\t\t\t\t\t\t<p>\u00c9s m\u00e1r el is indult a folyamat, hogy megval\u00f3s\u00edthassuk \u00e1lmaidat.<\/p><p><em>(Az id\u0151pontfoglal\u00e1s lehet\u0151s\u00e9ge nagy m\u00e9rt\u00e9kben f\u00fcgg rendszer\u00fcnk leterhelts\u00e9g\u00e9t\u0151l)<\/em><\/p>\t\t\t\t\t\t\t\t<\/div>\n\t\t\t\t<\/div>\n\t\t\t\t<div class=\"elementor-element elementor-element-e128b09 elementor-widget elementor-widget-google_maps\" data-id=\"e128b09\" data-element_type=\"widget\" data-e-type=\"widget\" data-widget_type=\"google_maps.default\">\n\t\t\t\t<div class=\"elementor-widget-container\">\n\t\t\t\t\t\t\t<div class=\"elementor-custom-embed\">\n\t\t\t<iframe\n\t\t\t\t\tdata-src=\"https:\/\/maps.google.com\/maps?q=Orosh%C3%A1za%2C%20Szarvasi%20utca%2015-17.&#038;t=m&#038;z=10&#038;output=embed&#038;iwloc=near\"\n\t\t\t\t\ttitle=\"Orosh\u00e1za, Szarvasi utca 15-17.\"\n\t\t\t\t\taria-label=\"Orosh\u00e1za, Szarvasi utca 15-17.\"\n\t\t\t src=\"data:image\/svg+xml;base64,PHN2ZyB3aWR0aD0iMSIgaGVpZ2h0PSIxIiB4bWxucz0iaHR0cDovL3d3dy53My5vcmcvMjAwMC9zdmciPjwvc3ZnPg==\" class=\"lazyload\" data-load-mode=\"1\"><\/iframe>\n\t\t<\/div>\n\t\t\t\t\t\t<\/div>\n\t\t\t\t<\/div>\n\t\t\t\t<\/div>\n\t\t\t\t\t<\/div>\n\t\t\t\t<\/div>\n\t\t<div class=\"elementor-element elementor-element-65972bf e-flex e-con-boxed e-con e-parent\" data-id=\"65972bf\" data-element_type=\"container\" data-e-type=\"container\" data-settings=\"{&quot;background_background&quot;:&quot;classic&quot;,&quot;_ha_eqh_enable&quot;:false}\">\n\t\t\t\t\t<div class=\"e-con-inner\">\n\t\t\t\t<div class=\"elementor-element elementor-element-8ed02b9 elementor-widget elementor-widget-image\" data-id=\"8ed02b9\" data-element_type=\"widget\" data-e-type=\"widget\" data-widget_type=\"image.default\">\n\t\t\t\t<div class=\"elementor-widget-container\">\n\t\t\t\t\t\t\t\t\t\t\t\t\t\t\t<img fetchpriority=\"high\" decoding=\"async\" width=\"831\" height=\"467\" src=\"https:\/\/karaiexclusiveracing.hu\/wp-content\/uploads\/2023\/10\/13.png\" class=\"attachment-full size-full wp-image-785\" alt=\"\" srcset=\"https:\/\/karaiexclusiveracing.hu\/wp-content\/uploads\/2023\/10\/13.png 831w, https:\/\/karaiexclusiveracing.hu\/wp-content\/uploads\/2023\/10\/13-300x169.png 300w, https:\/\/karaiexclusiveracing.hu\/wp-content\/uploads\/2023\/10\/13-768x432.png 768w, https:\/\/karaiexclusiveracing.hu\/wp-content\/uploads\/2023\/10\/13-600x337.png 600w\" sizes=\"(max-width: 831px) 100vw, 831px\" \/>\t\t\t\t\t\t\t\t\t\t\t\t\t\t\t<\/div>\n\t\t\t\t<\/div>\n\t\t\t\t\t<\/div>\n\t\t\t\t<\/div>\n\t\t\t\t<\/div>\n\t\t","protected":false},"excerpt":{"rendered":"<p>ID\u0150PONTFOGLAL\u00c1S Egy apr\u00f3 l\u00e9p\u00e9s&#8230; \u00c9s m\u00e1r el is indult a folyamat, hogy megval\u00f3s\u00edthassuk \u00e1lmaidat. (Az id\u0151pontfoglal\u00e1s lehet\u0151s\u00e9ge nagy m\u00e9rt\u00e9kben f\u00fcgg rendszer\u00fcnk leterhelts\u00e9g\u00e9t\u0151l)<\/p>","protected":false},"author":1,"featured_media":0,"parent":0,"menu_order":0,"comment_status":"closed","ping_status":"closed","template":"","meta":{"_acf_changed":false,"footnotes":""},"class_list":["post-1939","page","type-page","status-publish","hentry"],"acf":[],"yoast_head":"<!-- This site is optimized with the Yoast SEO Premium plugin v27.1 (Yoast SEO v27.2) - https:\/\/yoast.com\/product\/yoast-seo-premium-wordpress\/ -->\n<title>Id\u0151pont foglal\u00e1s - K\u00e1rai Exclusive<\/title>\n<meta name=\"robots\" content=\"index, follow, max-snippet:-1, max-image-preview:large, max-video-preview:-1\" \/>\n<link rel=\"canonical\" href=\"https:\/\/karaiexclusiveracing.hu\/en\/idopont-foglalas\/\" \/>\n<meta property=\"og:locale\" content=\"en_US\" \/>\n<meta property=\"og:type\" content=\"article\" \/>\n<meta property=\"og:title\" content=\"Id\u0151pont foglal\u00e1s\" \/>\n<meta property=\"og:description\" content=\"ID\u0150PONTFOGLAL\u00c1S Egy apr\u00f3 l\u00e9p\u00e9s&#8230; \u00c9s m\u00e1r el is indult a folyamat, hogy megval\u00f3s\u00edthassuk \u00e1lmaidat. (Az id\u0151pontfoglal\u00e1s lehet\u0151s\u00e9ge nagy m\u00e9rt\u00e9kben f\u00fcgg rendszer\u00fcnk leterhelts\u00e9g\u00e9t\u0151l)\" \/>\n<meta property=\"og:url\" content=\"https:\/\/karaiexclusiveracing.hu\/en\/idopont-foglalas\/\" \/>\n<meta property=\"og:site_name\" content=\"K\u00e1rai Exclusive\" \/>\n<meta property=\"article:publisher\" content=\"https:\/\/www.facebook.com\/karaiexclusiveracing.hu\" \/>\n<meta property=\"article:modified_time\" content=\"2024-06-05T13:44:28+00:00\" \/>\n<meta property=\"og:image\" content=\"http:\/\/www.karaiexclusiveracing.hu\/wp-content\/uploads\/2023\/10\/13.png\" \/>\n<meta name=\"twitter:card\" content=\"summary_large_image\" \/>\n<meta name=\"twitter:label1\" content=\"Est. reading time\" \/>\n\t<meta name=\"twitter:data1\" content=\"1 minute\" \/>\n<script type=\"application\/ld+json\" class=\"yoast-schema-graph\">{\"@context\":\"https:\/\/schema.org\",\"@graph\":[{\"@type\":\"WebPage\",\"@id\":\"https:\/\/karaiexclusiveracing.hu\/idopont-foglalas\/\",\"url\":\"https:\/\/karaiexclusiveracing.hu\/idopont-foglalas\/\",\"name\":\"Id\u0151pont foglal\u00e1s - K\u00e1rai Exclusive\",\"isPartOf\":{\"@id\":\"https:\/\/karaiexclusiveracing.hu\/#website\"},\"primaryImageOfPage\":{\"@id\":\"https:\/\/karaiexclusiveracing.hu\/idopont-foglalas\/#primaryimage\"},\"image\":{\"@id\":\"https:\/\/karaiexclusiveracing.hu\/idopont-foglalas\/#primaryimage\"},\"thumbnailUrl\":\"http:\/\/www.karaiexclusiveracing.hu\/wp-content\/uploads\/2023\/10\/13.png\",\"datePublished\":\"2023-11-06T11:35:49+00:00\",\"dateModified\":\"2024-06-05T13:44:28+00:00\",\"breadcrumb\":{\"@id\":\"https:\/\/karaiexclusiveracing.hu\/idopont-foglalas\/#breadcrumb\"},\"inLanguage\":\"en-US\",\"potentialAction\":[{\"@type\":\"ReadAction\",\"target\":[\"https:\/\/karaiexclusiveracing.hu\/idopont-foglalas\/\"]}]},{\"@type\":\"ImageObject\",\"inLanguage\":\"en-US\",\"@id\":\"https:\/\/karaiexclusiveracing.hu\/idopont-foglalas\/#primaryimage\",\"url\":\"http:\/\/www.karaiexclusiveracing.hu\/wp-content\/uploads\/2023\/10\/13.png\",\"contentUrl\":\"http:\/\/www.karaiexclusiveracing.hu\/wp-content\/uploads\/2023\/10\/13.png\"},{\"@type\":\"BreadcrumbList\",\"@id\":\"https:\/\/karaiexclusiveracing.hu\/idopont-foglalas\/#breadcrumb\",\"itemListElement\":[{\"@type\":\"ListItem\",\"position\":1,\"name\":\"Kezd\u0151lap\",\"item\":\"https:\/\/karaiexclusiveracing.hu\/\"},{\"@type\":\"ListItem\",\"position\":2,\"name\":\"Id\u0151pont foglal\u00e1s\"}]},{\"@type\":\"WebSite\",\"@id\":\"https:\/\/karaiexclusiveracing.hu\/#website\",\"url\":\"https:\/\/karaiexclusiveracing.hu\/\",\"name\":\"K\u00e1rai Exclusive Racing\",\"description\":\"\",\"publisher\":{\"@id\":\"https:\/\/karaiexclusiveracing.hu\/#organization\"},\"potentialAction\":[{\"@type\":\"SearchAction\",\"target\":{\"@type\":\"EntryPoint\",\"urlTemplate\":\"https:\/\/karaiexclusiveracing.hu\/?s={search_term_string}\"},\"query-input\":{\"@type\":\"PropertyValueSpecification\",\"valueRequired\":true,\"valueName\":\"search_term_string\"}}],\"inLanguage\":\"en-US\"},{\"@type\":\"Organization\",\"@id\":\"https:\/\/karaiexclusiveracing.hu\/#organization\",\"name\":\"K\u00e1rai Exclusive Racing\",\"url\":\"https:\/\/karaiexclusiveracing.hu\/\",\"logo\":{\"@type\":\"ImageObject\",\"inLanguage\":\"en-US\",\"@id\":\"https:\/\/karaiexclusiveracing.hu\/#\/schema\/logo\/image\/\",\"url\":\"https:\/\/www.karaiexclusiveracing.hu\/wp-content\/uploads\/2023\/10\/karai_exclusive_logo-1-1.png\",\"contentUrl\":\"https:\/\/www.karaiexclusiveracing.hu\/wp-content\/uploads\/2023\/10\/karai_exclusive_logo-1-1.png\",\"width\":1575,\"height\":435,\"caption\":\"K\u00e1rai Exclusive Racing\"},\"image\":{\"@id\":\"https:\/\/karaiexclusiveracing.hu\/#\/schema\/logo\/image\/\"},\"sameAs\":[\"https:\/\/www.facebook.com\/karaiexclusiveracing.hu\",\"https:\/\/www.instagram.com\/karaiexclusiveracing\/\"]}]}<\/script>\n<!-- \/ Yoast SEO Premium plugin. -->","yoast_head_json":{"title":"Id\u0151pont foglal\u00e1s - K\u00e1rai Exclusive","robots":{"index":"index","follow":"follow","max-snippet":"max-snippet:-1","max-image-preview":"max-image-preview:large","max-video-preview":"max-video-preview:-1"},"canonical":"https:\/\/karaiexclusiveracing.hu\/en\/idopont-foglalas\/","og_locale":"en_US","og_type":"article","og_title":"Id\u0151pont foglal\u00e1s","og_description":"ID\u0150PONTFOGLAL\u00c1S Egy apr\u00f3 l\u00e9p\u00e9s&#8230; \u00c9s m\u00e1r el is indult a folyamat, hogy megval\u00f3s\u00edthassuk \u00e1lmaidat. (Az id\u0151pontfoglal\u00e1s lehet\u0151s\u00e9ge nagy m\u00e9rt\u00e9kben f\u00fcgg rendszer\u00fcnk leterhelts\u00e9g\u00e9t\u0151l)","og_url":"https:\/\/karaiexclusiveracing.hu\/en\/idopont-foglalas\/","og_site_name":"K\u00e1rai Exclusive","article_publisher":"https:\/\/www.facebook.com\/karaiexclusiveracing.hu","article_modified_time":"2024-06-05T13:44:28+00:00","og_image":[{"url":"http:\/\/www.karaiexclusiveracing.hu\/wp-content\/uploads\/2023\/10\/13.png","type":"","width":"","height":""}],"twitter_card":"summary_large_image","twitter_misc":{"Est. reading time":"1 minute"},"schema":{"@context":"https:\/\/schema.org","@graph":[{"@type":"WebPage","@id":"https:\/\/karaiexclusiveracing.hu\/idopont-foglalas\/","url":"https:\/\/karaiexclusiveracing.hu\/idopont-foglalas\/","name":"Id\u0151pont foglal\u00e1s - K\u00e1rai Exclusive","isPartOf":{"@id":"https:\/\/karaiexclusiveracing.hu\/#website"},"primaryImageOfPage":{"@id":"https:\/\/karaiexclusiveracing.hu\/idopont-foglalas\/#primaryimage"},"image":{"@id":"https:\/\/karaiexclusiveracing.hu\/idopont-foglalas\/#primaryimage"},"thumbnailUrl":"http:\/\/www.karaiexclusiveracing.hu\/wp-content\/uploads\/2023\/10\/13.png","datePublished":"2023-11-06T11:35:49+00:00","dateModified":"2024-06-05T13:44:28+00:00","breadcrumb":{"@id":"https:\/\/karaiexclusiveracing.hu\/idopont-foglalas\/#breadcrumb"},"inLanguage":"en-US","potentialAction":[{"@type":"ReadAction","target":["https:\/\/karaiexclusiveracing.hu\/idopont-foglalas\/"]}]},{"@type":"ImageObject","inLanguage":"en-US","@id":"https:\/\/karaiexclusiveracing.hu\/idopont-foglalas\/#primaryimage","url":"http:\/\/www.karaiexclusiveracing.hu\/wp-content\/uploads\/2023\/10\/13.png","contentUrl":"http:\/\/www.karaiexclusiveracing.hu\/wp-content\/uploads\/2023\/10\/13.png"},{"@type":"BreadcrumbList","@id":"https:\/\/karaiexclusiveracing.hu\/idopont-foglalas\/#breadcrumb","itemListElement":[{"@type":"ListItem","position":1,"name":"Kezd\u0151lap","item":"https:\/\/karaiexclusiveracing.hu\/"},{"@type":"ListItem","position":2,"name":"Id\u0151pont foglal\u00e1s"}]},{"@type":"WebSite","@id":"https:\/\/karaiexclusiveracing.hu\/#website","url":"https:\/\/karaiexclusiveracing.hu\/","name":"K\u00e1rai Exclusive Racing","description":"","publisher":{"@id":"https:\/\/karaiexclusiveracing.hu\/#organization"},"potentialAction":[{"@type":"SearchAction","target":{"@type":"EntryPoint","urlTemplate":"https:\/\/karaiexclusiveracing.hu\/?s={search_term_string}"},"query-input":{"@type":"PropertyValueSpecification","valueRequired":true,"valueName":"search_term_string"}}],"inLanguage":"en-US"},{"@type":"Organization","@id":"https:\/\/karaiexclusiveracing.hu\/#organization","name":"K\u00e1rai Exclusive Racing","url":"https:\/\/karaiexclusiveracing.hu\/","logo":{"@type":"ImageObject","inLanguage":"en-US","@id":"https:\/\/karaiexclusiveracing.hu\/#\/schema\/logo\/image\/","url":"https:\/\/www.karaiexclusiveracing.hu\/wp-content\/uploads\/2023\/10\/karai_exclusive_logo-1-1.png","contentUrl":"https:\/\/www.karaiexclusiveracing.hu\/wp-content\/uploads\/2023\/10\/karai_exclusive_logo-1-1.png","width":1575,"height":435,"caption":"K\u00e1rai Exclusive Racing"},"image":{"@id":"https:\/\/karaiexclusiveracing.hu\/#\/schema\/logo\/image\/"},"sameAs":["https:\/\/www.facebook.com\/karaiexclusiveracing.hu","https:\/\/www.instagram.com\/karaiexclusiveracing\/"]}]}},"_links":{"self":[{"href":"http:\/\/karaiexclusiveracing.hu\/en\/wp-json\/wp\/v2\/pages\/1939","targetHints":{"allow":["GET"]}}],"collection":[{"href":"http:\/\/karaiexclusiveracing.hu\/en\/wp-json\/wp\/v2\/pages"}],"about":[{"href":"http:\/\/karaiexclusiveracing.hu\/en\/wp-json\/wp\/v2\/types\/page"}],"author":[{"embeddable":true,"href":"http:\/\/karaiexclusiveracing.hu\/en\/wp-json\/wp\/v2\/users\/1"}],"replies":[{"embeddable":true,"href":"http:\/\/karaiexclusiveracing.hu\/en\/wp-json\/wp\/v2\/comments?post=1939"}],"version-history":[{"count":0,"href":"http:\/\/karaiexclusiveracing.hu\/en\/wp-json\/wp\/v2\/pages\/1939\/revisions"}],"wp:attachment":[{"href":"http:\/\/karaiexclusiveracing.hu\/en\/wp-json\/wp\/v2\/media?parent=1939"}],"curies":[{"name":"wp","href":"https:\/\/api.w.org\/{rel}","templated":true}]}}