{"id":98,"date":"2023-10-27T16:45:10","date_gmt":"2023-10-27T14:45:10","guid":{"rendered":"https:\/\/www.karaiexclusiveracing.hu\/?post_type=product&#038;p=98"},"modified":"2026-01-22T08:11:53","modified_gmt":"2026-01-22T07:11:53","slug":"mercedes-benz-sl-320","status":"publish","type":"product","link":"http:\/\/karaiexclusiveracing.hu\/de\/termek\/mercedes-benz-sl-320\/","title":{"rendered":"MERCEDES-BENZ SL 320"},"content":{"rendered":"<div id=\"ut-row-inner-653a2e06d150a\" class=\"vc_row wpb_row vc_inner vc_row-fluid vc_column-gap-10 ut-row-inner-653a2e06d1512\">\n<div class=\"wpb_column vc_column_container vc_col-sm-9\">\n<div id=\"ut-column-inner-653a2e06d18bf\" class=\"vc_column-inner vc_column-inner-nested\">\n<div class=\"wpb_wrapper\">\n<div class=\"wpb_text_column wpb_content_element\">\n<div class=\"wpb_wrapper\">\n<p>Mercedes-Benz SL 320 Cabrio. Az aut\u00f3 kor\u00e1hoz k\u00e9pest nagyon meg\u0151rz\u00f6tt \u00e1llapotban van, mondhatni m\u0171szakilag nagyon j\u00f3 \u00e1llapot\u00fa (motor, f\u00e9k, fut\u00f3m\u0171). T\u00f6k\u00e9letesen m\u0171k\u00f6d\u0151 kl\u00edma! Motorja gy\u00f6ny\u00f6r\u0171en j\u00e1r, v\u00e1lt\u00f3ja pontos, fut\u00f3m\u0171 koppan\u00e1s mentes! Gy\u00e1ri kataliz\u00e1torok alatta stb.<br \/>\nNegat\u00edvumok: Valaha az aut\u00f3nak a bal h\u00e1tulja volt s\u00e9r\u00fclve ennek a jav\u00edt\u00e1sa nem siker\u00fclt 100%-osan.(Ennek a jav\u00edt\u00e1s\u00e1ban tudunk seg\u00edteni) A v\u00e1szontet\u0151t mozgat\u00f3 hidraulika rendszer teljesen fel van \u00faj\u00edtva! Az aut\u00f3n az ultra ritka erre a tipusra gy\u00e1rtott k\u00e9tsz\u00e9les 18-as Azev-A felnik vannak! A fot\u00f3kon l\u00e1that\u00f3 Bonoblock m\u00e1r nincs meg! Aut\u00f3 fel\u00faj\u00edt\u00e1sra szakosodott szakszerviz\u00fcnkben az aut\u00f3 teljes \u00e1tvizsg\u00e1l\u00e1s\u00e1ra lehet\u0151s\u00e9get biztos\u00edtunk! Az aut\u00f3 minden k\u00f6lts\u00e9ge befizetve (v\u00e1m, \u00e1fa stb.) Forgalomba helyez\u00e9sben tudunk seg\u00edteni. Az aut\u00f3 jelenleg USA okm\u00e1nyokkal rendelkezik!<br \/>\n<strong>Az aut\u00f3 el\u0151zetes egyeztet\u00e9s ut\u00e1n<\/strong> <strong>megtekinthet\u0151 nagytarcsai telephely\u00fcnk\u00f6n<\/strong>!<br \/>\nAk\u00e1r csere besz\u00e1m\u00edt\u00e1s \u00e9rdekel minket (Legink\u00e1bb BMW)<\/p>\n<p><strong>M\u0171szaki<\/strong><\/p>\n<p>ABS (blokkol\u00e1sg\u00e1tl\u00f3)<\/p>\n<p>ASR (kip\u00f6rg\u00e9sg\u00e1tl\u00f3)<\/p>\n<p>tempomat<\/p>\n<p>centr\u00e1lz\u00e1r<\/p>\n<p>szervokorm\u00e1ny<\/p>\n<p><strong>K\u00fclt\u00e9r<\/strong><\/p>\n<p>k\u00f6dl\u00e1mpa<\/p>\n<p>elektromos ablak el\u00f6l<\/p>\n<p>elektromos t\u00fck\u00f6r<\/p>\n<p>k\u00f6nny\u0171f\u00e9m felni<\/p>\n<p>sz\u00ednezett \u00fcveg<\/p>\n<p><strong>Belt\u00e9r<\/strong><\/p>\n<p>utasoldali l\u00e9gzs\u00e1k<\/p>\n<p>vezet\u0151oldali l\u00e9gzs\u00e1k<\/p>\n<p>\u00e1ll\u00edthat\u00f3 korm\u00e1ny<\/p>\n<p>fed\u00e9lzeti komputer<\/p>\n<p>Egy\u00e9b inform\u00e1ci\u00f3<\/p>\n<p>amerikai modell<\/p>\n<p>garant\u00e1lt km fut\u00e1s<\/p>\n<p>v\u00e9gig vezetett szervizk\u00f6nyv<\/p>\n<p>vezetett szervizk\u00f6nyv<\/p>\n<p><strong>Az esetleges el\u00edr\u00e1sok\u00e9rt, hirdet\u00e9sbeli hib\u00e1k\u00e9rt felel\u0151ss\u00e9get nem v\u00e1llalunk. K\u00e9rj\u00fck, mindenk\u00e9pp \u00e9rdekl\u0151dj\u00f6n telefonon a pontos inform\u00e1ci\u00f3k\u00e9rt!<\/strong><\/p>\n<\/div>\n<\/div>\n<\/div>\n<\/div>\n<\/div>\n<\/div>\n<div id=\"vc-sep-653a2e06d1ae1\" class=\"vc_separator wpb_content_element vc_separator_align_center vc_sep_width_100 vc_sep_pos_align_center vc_separator_no_text vc_sep_color_grey vc_custom_1623245990100 vc_custom_1623245990100\"><\/div>","protected":false},"excerpt":{"rendered":"<p>Mercedes-Benz SL 320 Cabrio. Az aut\u00f3 kor\u00e1hoz k\u00e9pest nagyon meg\u0151rz\u00f6tt \u00e1llapotban van, mondhatni m\u0171szakilag nagyon j\u00f3 \u00e1llapot\u00fa (motor, f\u00e9k, fut\u00f3m\u0171). T\u00f6k\u00e9letesen m\u0171k\u00f6d\u0151 kl\u00edma! Motorja gy\u00f6ny\u00f6r\u0171en j\u00e1r, v\u00e1lt\u00f3ja pontos, fut\u00f3m\u0171 koppan\u00e1s mentes! Gy\u00e1ri kataliz\u00e1torok alatta stb. Negat\u00edvumok: Valaha az aut\u00f3nak a bal h\u00e1tulja volt s\u00e9r\u00fclve ennek a jav\u00edt\u00e1sa nem siker\u00fclt 100%-osan.(Ennek a jav\u00edt\u00e1s\u00e1ban tudunk seg\u00edteni) A [&hellip;]<\/p>\n","protected":false},"featured_media":23352,"template":"","meta":{"_acf_changed":false},"manufactures":[53],"product_brand":[],"product_cat":[24],"product_tag":[],"class_list":{"0":"post-98","1":"product","2":"type-product","3":"status-publish","4":"has-post-thumbnail","6":"manufactures-mercedes","7":"product_cat-classic-car","9":"first","10":"instock","11":"taxable","12":"shipping-taxable","13":"purchasable","14":"product-type-simple"},"exclude_global_add_ons":[],"addons":[],"acf":[],"yoast_head":"<!-- This site is optimized with the Yoast SEO Premium plugin v27.1 (Yoast SEO v27.2) - https:\/\/yoast.com\/product\/yoast-seo-premium-wordpress\/ -->\n<title>MERCEDES-BENZ SL 320 - K\u00e1rai Exclusive<\/title>\n<meta name=\"robots\" content=\"index, follow, max-snippet:-1, max-image-preview:large, max-video-preview:-1\" \/>\n<link rel=\"canonical\" href=\"https:\/\/karaiexclusiveracing.hu\/de\/produkt\/mercedes-benz-sl-320\/\" \/>\n<meta property=\"og:locale\" content=\"de_DE\" \/>\n<meta property=\"og:type\" content=\"article\" \/>\n<meta property=\"og:title\" content=\"MERCEDES-BENZ SL 320\" \/>\n<meta property=\"og:description\" content=\"Mercedes-Benz SL 320 Cabrio. Az aut\u00f3 kor\u00e1hoz k\u00e9pest nagyon meg\u0151rz\u00f6tt \u00e1llapotban van, mondhatni m\u0171szakilag nagyon j\u00f3 \u00e1llapot\u00fa (motor, f\u00e9k, fut\u00f3m\u0171). T\u00f6k\u00e9letesen m\u0171k\u00f6d\u0151 kl\u00edma! Motorja gy\u00f6ny\u00f6r\u0171en j\u00e1r, v\u00e1lt\u00f3ja pontos, fut\u00f3m\u0171 koppan\u00e1s mentes! Gy\u00e1ri kataliz\u00e1torok alatta stb. Negat\u00edvumok: Valaha az aut\u00f3nak a bal h\u00e1tulja volt s\u00e9r\u00fclve ennek a jav\u00edt\u00e1sa nem siker\u00fclt 100%-osan.(Ennek a jav\u00edt\u00e1s\u00e1ban tudunk seg\u00edteni) A [&hellip;]\" \/>\n<meta property=\"og:url\" content=\"https:\/\/karaiexclusiveracing.hu\/de\/produkt\/mercedes-benz-sl-320\/\" \/>\n<meta property=\"og:site_name\" content=\"K\u00e1rai Exclusive\" \/>\n<meta property=\"article:publisher\" content=\"https:\/\/www.facebook.com\/karaiexclusiveracing.hu\" \/>\n<meta property=\"article:modified_time\" content=\"2026-01-22T07:11:53+00:00\" \/>\n<meta property=\"og:image\" content=\"https:\/\/karaiexclusiveracing.hu\/wp-content\/uploads\/2025\/08\/IMG_3550-2.jpg\" \/>\n\t<meta property=\"og:image:width\" content=\"2016\" \/>\n\t<meta property=\"og:image:height\" content=\"1512\" \/>\n\t<meta property=\"og:image:type\" content=\"image\/jpeg\" \/>\n<meta name=\"twitter:card\" content=\"summary_large_image\" \/>\n<meta name=\"twitter:label1\" content=\"Gesch\u00e4tzte Lesezeit\" \/>\n\t<meta name=\"twitter:data1\" content=\"2\u00a0Minuten\" \/>\n<script type=\"application\/ld+json\" class=\"yoast-schema-graph\">{\"@context\":\"https:\/\/schema.org\",\"@graph\":[{\"@type\":\"WebPage\",\"@id\":\"https:\/\/karaiexclusiveracing.hu\/termek\/mercedes-benz-sl-320\/\",\"url\":\"https:\/\/karaiexclusiveracing.hu\/termek\/mercedes-benz-sl-320\/\",\"name\":\"MERCEDES-BENZ SL 320 - K\u00e1rai Exclusive\",\"isPartOf\":{\"@id\":\"https:\/\/karaiexclusiveracing.hu\/#website\"},\"primaryImageOfPage\":{\"@id\":\"https:\/\/karaiexclusiveracing.hu\/termek\/mercedes-benz-sl-320\/#primaryimage\"},\"image\":{\"@id\":\"https:\/\/karaiexclusiveracing.hu\/termek\/mercedes-benz-sl-320\/#primaryimage\"},\"thumbnailUrl\":\"https:\/\/karaiexclusiveracing.hu\/wp-content\/uploads\/2025\/08\/IMG_3550-2.jpg\",\"datePublished\":\"2023-10-27T14:45:10+00:00\",\"dateModified\":\"2026-01-22T07:11:53+00:00\",\"breadcrumb\":{\"@id\":\"https:\/\/karaiexclusiveracing.hu\/termek\/mercedes-benz-sl-320\/#breadcrumb\"},\"inLanguage\":\"de\",\"potentialAction\":[{\"@type\":\"ReadAction\",\"target\":[\"https:\/\/karaiexclusiveracing.hu\/termek\/mercedes-benz-sl-320\/\"]}]},{\"@type\":\"ImageObject\",\"inLanguage\":\"de\",\"@id\":\"https:\/\/karaiexclusiveracing.hu\/termek\/mercedes-benz-sl-320\/#primaryimage\",\"url\":\"https:\/\/karaiexclusiveracing.hu\/wp-content\/uploads\/2025\/08\/IMG_3550-2.jpg\",\"contentUrl\":\"https:\/\/karaiexclusiveracing.hu\/wp-content\/uploads\/2025\/08\/IMG_3550-2.jpg\",\"width\":2016,\"height\":1512},{\"@type\":\"BreadcrumbList\",\"@id\":\"https:\/\/karaiexclusiveracing.hu\/termek\/mercedes-benz-sl-320\/#breadcrumb\",\"itemListElement\":[{\"@type\":\"ListItem\",\"position\":1,\"name\":\"Kezd\u0151lap\",\"item\":\"https:\/\/karaiexclusiveracing.hu\/\"},{\"@type\":\"ListItem\",\"position\":2,\"name\":\"Elad\u00f3 aut\u00f3k\",\"item\":\"https:\/\/karaiexclusiveracing.hu\/elado-autok\/\"},{\"@type\":\"ListItem\",\"position\":3,\"name\":\"MERCEDES-BENZ SL 320\"}]},{\"@type\":\"WebSite\",\"@id\":\"https:\/\/karaiexclusiveracing.hu\/#website\",\"url\":\"https:\/\/karaiexclusiveracing.hu\/\",\"name\":\"K\u00e1rai Exclusive Racing\",\"description\":\"\",\"publisher\":{\"@id\":\"https:\/\/karaiexclusiveracing.hu\/#organization\"},\"potentialAction\":[{\"@type\":\"SearchAction\",\"target\":{\"@type\":\"EntryPoint\",\"urlTemplate\":\"https:\/\/karaiexclusiveracing.hu\/?s={search_term_string}\"},\"query-input\":{\"@type\":\"PropertyValueSpecification\",\"valueRequired\":true,\"valueName\":\"search_term_string\"}}],\"inLanguage\":\"de\"},{\"@type\":\"Organization\",\"@id\":\"https:\/\/karaiexclusiveracing.hu\/#organization\",\"name\":\"K\u00e1rai Exclusive Racing\",\"url\":\"https:\/\/karaiexclusiveracing.hu\/\",\"logo\":{\"@type\":\"ImageObject\",\"inLanguage\":\"de\",\"@id\":\"https:\/\/karaiexclusiveracing.hu\/#\/schema\/logo\/image\/\",\"url\":\"https:\/\/www.karaiexclusiveracing.hu\/wp-content\/uploads\/2023\/10\/karai_exclusive_logo-1-1.png\",\"contentUrl\":\"https:\/\/www.karaiexclusiveracing.hu\/wp-content\/uploads\/2023\/10\/karai_exclusive_logo-1-1.png\",\"width\":1575,\"height\":435,\"caption\":\"K\u00e1rai Exclusive Racing\"},\"image\":{\"@id\":\"https:\/\/karaiexclusiveracing.hu\/#\/schema\/logo\/image\/\"},\"sameAs\":[\"https:\/\/www.facebook.com\/karaiexclusiveracing.hu\",\"https:\/\/www.instagram.com\/karaiexclusiveracing\/\"]}]}<\/script>\n<!-- \/ Yoast SEO Premium plugin. -->","yoast_head_json":{"title":"MERCEDES-BENZ SL 320 - K\u00e1rai Exclusive","robots":{"index":"index","follow":"follow","max-snippet":"max-snippet:-1","max-image-preview":"max-image-preview:large","max-video-preview":"max-video-preview:-1"},"canonical":"https:\/\/karaiexclusiveracing.hu\/de\/produkt\/mercedes-benz-sl-320\/","og_locale":"de_DE","og_type":"article","og_title":"MERCEDES-BENZ SL 320","og_description":"Mercedes-Benz SL 320 Cabrio. Az aut\u00f3 kor\u00e1hoz k\u00e9pest nagyon meg\u0151rz\u00f6tt \u00e1llapotban van, mondhatni m\u0171szakilag nagyon j\u00f3 \u00e1llapot\u00fa (motor, f\u00e9k, fut\u00f3m\u0171). T\u00f6k\u00e9letesen m\u0171k\u00f6d\u0151 kl\u00edma! Motorja gy\u00f6ny\u00f6r\u0171en j\u00e1r, v\u00e1lt\u00f3ja pontos, fut\u00f3m\u0171 koppan\u00e1s mentes! Gy\u00e1ri kataliz\u00e1torok alatta stb. Negat\u00edvumok: Valaha az aut\u00f3nak a bal h\u00e1tulja volt s\u00e9r\u00fclve ennek a jav\u00edt\u00e1sa nem siker\u00fclt 100%-osan.(Ennek a jav\u00edt\u00e1s\u00e1ban tudunk seg\u00edteni) A [&hellip;]","og_url":"https:\/\/karaiexclusiveracing.hu\/de\/produkt\/mercedes-benz-sl-320\/","og_site_name":"K\u00e1rai Exclusive","article_publisher":"https:\/\/www.facebook.com\/karaiexclusiveracing.hu","article_modified_time":"2026-01-22T07:11:53+00:00","og_image":[{"width":2016,"height":1512,"url":"https:\/\/karaiexclusiveracing.hu\/wp-content\/uploads\/2025\/08\/IMG_3550-2.jpg","type":"image\/jpeg"}],"twitter_card":"summary_large_image","twitter_misc":{"Gesch\u00e4tzte Lesezeit":"2\u00a0Minuten"},"schema":{"@context":"https:\/\/schema.org","@graph":[{"@type":"WebPage","@id":"https:\/\/karaiexclusiveracing.hu\/termek\/mercedes-benz-sl-320\/","url":"https:\/\/karaiexclusiveracing.hu\/termek\/mercedes-benz-sl-320\/","name":"MERCEDES-BENZ SL 320 - K\u00e1rai Exclusive","isPartOf":{"@id":"https:\/\/karaiexclusiveracing.hu\/#website"},"primaryImageOfPage":{"@id":"https:\/\/karaiexclusiveracing.hu\/termek\/mercedes-benz-sl-320\/#primaryimage"},"image":{"@id":"https:\/\/karaiexclusiveracing.hu\/termek\/mercedes-benz-sl-320\/#primaryimage"},"thumbnailUrl":"https:\/\/karaiexclusiveracing.hu\/wp-content\/uploads\/2025\/08\/IMG_3550-2.jpg","datePublished":"2023-10-27T14:45:10+00:00","dateModified":"2026-01-22T07:11:53+00:00","breadcrumb":{"@id":"https:\/\/karaiexclusiveracing.hu\/termek\/mercedes-benz-sl-320\/#breadcrumb"},"inLanguage":"de","potentialAction":[{"@type":"ReadAction","target":["https:\/\/karaiexclusiveracing.hu\/termek\/mercedes-benz-sl-320\/"]}]},{"@type":"ImageObject","inLanguage":"de","@id":"https:\/\/karaiexclusiveracing.hu\/termek\/mercedes-benz-sl-320\/#primaryimage","url":"https:\/\/karaiexclusiveracing.hu\/wp-content\/uploads\/2025\/08\/IMG_3550-2.jpg","contentUrl":"https:\/\/karaiexclusiveracing.hu\/wp-content\/uploads\/2025\/08\/IMG_3550-2.jpg","width":2016,"height":1512},{"@type":"BreadcrumbList","@id":"https:\/\/karaiexclusiveracing.hu\/termek\/mercedes-benz-sl-320\/#breadcrumb","itemListElement":[{"@type":"ListItem","position":1,"name":"Kezd\u0151lap","item":"https:\/\/karaiexclusiveracing.hu\/"},{"@type":"ListItem","position":2,"name":"Elad\u00f3 aut\u00f3k","item":"https:\/\/karaiexclusiveracing.hu\/elado-autok\/"},{"@type":"ListItem","position":3,"name":"MERCEDES-BENZ SL 320"}]},{"@type":"WebSite","@id":"https:\/\/karaiexclusiveracing.hu\/#website","url":"https:\/\/karaiexclusiveracing.hu\/","name":"K\u00e1rai Exclusive Racing","description":"","publisher":{"@id":"https:\/\/karaiexclusiveracing.hu\/#organization"},"potentialAction":[{"@type":"SearchAction","target":{"@type":"EntryPoint","urlTemplate":"https:\/\/karaiexclusiveracing.hu\/?s={search_term_string}"},"query-input":{"@type":"PropertyValueSpecification","valueRequired":true,"valueName":"search_term_string"}}],"inLanguage":"de"},{"@type":"Organization","@id":"https:\/\/karaiexclusiveracing.hu\/#organization","name":"K\u00e1rai Exclusive Racing","url":"https:\/\/karaiexclusiveracing.hu\/","logo":{"@type":"ImageObject","inLanguage":"de","@id":"https:\/\/karaiexclusiveracing.hu\/#\/schema\/logo\/image\/","url":"https:\/\/www.karaiexclusiveracing.hu\/wp-content\/uploads\/2023\/10\/karai_exclusive_logo-1-1.png","contentUrl":"https:\/\/www.karaiexclusiveracing.hu\/wp-content\/uploads\/2023\/10\/karai_exclusive_logo-1-1.png","width":1575,"height":435,"caption":"K\u00e1rai Exclusive Racing"},"image":{"@id":"https:\/\/karaiexclusiveracing.hu\/#\/schema\/logo\/image\/"},"sameAs":["https:\/\/www.facebook.com\/karaiexclusiveracing.hu","https:\/\/www.instagram.com\/karaiexclusiveracing\/"]}]}},"_links":{"self":[{"href":"http:\/\/karaiexclusiveracing.hu\/de\/wp-json\/wp\/v2\/product\/98","targetHints":{"allow":["GET"]}}],"collection":[{"href":"http:\/\/karaiexclusiveracing.hu\/de\/wp-json\/wp\/v2\/product"}],"about":[{"href":"http:\/\/karaiexclusiveracing.hu\/de\/wp-json\/wp\/v2\/types\/product"}],"wp:featuredmedia":[{"embeddable":true,"href":"http:\/\/karaiexclusiveracing.hu\/de\/wp-json\/wp\/v2\/media\/23352"}],"wp:attachment":[{"href":"http:\/\/karaiexclusiveracing.hu\/de\/wp-json\/wp\/v2\/media?parent=98"}],"wp:term":[{"taxonomy":"manufactures","embeddable":true,"href":"http:\/\/karaiexclusiveracing.hu\/de\/wp-json\/wp\/v2\/manufactures?post=98"},{"taxonomy":"product_brand","embeddable":true,"href":"http:\/\/karaiexclusiveracing.hu\/de\/wp-json\/wp\/v2\/product_brand?post=98"},{"taxonomy":"product_cat","embeddable":true,"href":"http:\/\/karaiexclusiveracing.hu\/de\/wp-json\/wp\/v2\/product_cat?post=98"},{"taxonomy":"product_tag","embeddable":true,"href":"http:\/\/karaiexclusiveracing.hu\/de\/wp-json\/wp\/v2\/product_tag?post=98"}],"curies":[{"name":"wp","href":"https:\/\/api.w.org\/{rel}","templated":true}]}}