{"id":24705,"date":"2026-03-25T10:52:41","date_gmt":"2026-03-25T09:52:41","guid":{"rendered":"https:\/\/karaiexclusiveracing.hu\/?post_type=product&#038;p=24705"},"modified":"2026-03-25T10:56:56","modified_gmt":"2026-03-25T09:56:56","slug":"bmw-316i-2","status":"publish","type":"product","link":"http:\/\/karaiexclusiveracing.hu\/de\/termek\/bmw-316i-2\/","title":{"rendered":"BMW 316i"},"content":{"rendered":"<p>Elad\u00e1sra k\u00edn\u00e1lunk egy BMW E30 316i Coupe-t.<br \/>\nAz aut\u00f3 karossz\u00e9ri\u00e1ja fel\u00faj\u00edt\u00e1st ig\u00e9nyel, jobb elej\u00e9n volt s\u00e9r\u00fclve. Ami pozit\u00edvum, hogy nem egy sz\u00e9tlopott \u00f6sszevissza t\u00e1kolt aut\u00f3. (gy\u00e1ri kataliz\u00e1tor alatta stb.)<br \/>\nA j\u00e1rm\u0171 \u00e9vj\u00e1rata helyesen 1989. sajnos a forgalmiban el van \u00edrva, a k\u00f6vetkez\u0151 m\u0171szaki vizsg\u00e1n ez helyesb\u00edt\u00e9re ker\u00fcl.<\/p>\n<p><strong>Az aut\u00f3 el\u0151zetes telefonos egyeztet\u00e9s ut\u00e1n megtekinthet\u0151 nagytarcsai telephely\u00fcnk\u00f6n!\u00a0<\/strong><\/p>\n<p>&nbsp;<\/p>","protected":false},"excerpt":{"rendered":"<p>Elad\u00e1sra k\u00edn\u00e1lunk egy BMW E30 316i Coupe-t. Az aut\u00f3 karossz\u00e9ri\u00e1ja fel\u00faj\u00edt\u00e1st ig\u00e9nyel, jobb elej\u00e9n volt s\u00e9r\u00fclve. Ami pozit\u00edvum, hogy nem egy sz\u00e9tlopott \u00f6sszevissza t\u00e1kolt aut\u00f3. (gy\u00e1ri kataliz\u00e1tor alatta stb.) A j\u00e1rm\u0171 \u00e9vj\u00e1rata helyesen 1989. sajnos a forgalmiban el van \u00edrva, a k\u00f6vetkez\u0151 m\u0171szaki vizsg\u00e1n ez helyesb\u00edt\u00e9re ker\u00fcl. Az aut\u00f3 el\u0151zetes telefonos egyeztet\u00e9s ut\u00e1n megtekinthet\u0151 nagytarcsai [&hellip;]<\/p>\n","protected":false},"featured_media":24712,"template":"","meta":{"_acf_changed":false},"manufactures":[],"product_brand":[165],"product_cat":[24],"product_tag":[],"class_list":{"0":"post-24705","1":"product","2":"type-product","3":"status-publish","4":"has-post-thumbnail","6":"product_brand-bmw","7":"product_cat-classic-car","9":"first","10":"instock","11":"taxable","12":"shipping-taxable","13":"purchasable","14":"product-type-simple"},"exclude_global_add_ons":[],"addons":[],"acf":[],"yoast_head":"<!-- This site is optimized with the Yoast SEO Premium plugin v27.1 (Yoast SEO v27.2) - https:\/\/yoast.com\/product\/yoast-seo-premium-wordpress\/ -->\n<title>BMW 316i - K\u00e1rai Exclusive<\/title>\n<meta name=\"robots\" content=\"index, follow, max-snippet:-1, max-image-preview:large, max-video-preview:-1\" \/>\n<link rel=\"canonical\" href=\"https:\/\/karaiexclusiveracing.hu\/de\/produkt\/bmw-316i-2\/\" \/>\n<meta property=\"og:locale\" content=\"de_DE\" \/>\n<meta property=\"og:type\" content=\"article\" \/>\n<meta property=\"og:title\" content=\"BMW 316i\" \/>\n<meta property=\"og:description\" content=\"Elad\u00e1sra k\u00edn\u00e1lunk egy BMW E30 316i Coupe-t. Az aut\u00f3 karossz\u00e9ri\u00e1ja fel\u00faj\u00edt\u00e1st ig\u00e9nyel, jobb elej\u00e9n volt s\u00e9r\u00fclve. Ami pozit\u00edvum, hogy nem egy sz\u00e9tlopott \u00f6sszevissza t\u00e1kolt aut\u00f3. (gy\u00e1ri kataliz\u00e1tor alatta stb.) A j\u00e1rm\u0171 \u00e9vj\u00e1rata helyesen 1989. sajnos a forgalmiban el van \u00edrva, a k\u00f6vetkez\u0151 m\u0171szaki vizsg\u00e1n ez helyesb\u00edt\u00e9re ker\u00fcl. Az aut\u00f3 el\u0151zetes telefonos egyeztet\u00e9s ut\u00e1n megtekinthet\u0151 nagytarcsai [&hellip;]\" \/>\n<meta property=\"og:url\" content=\"https:\/\/karaiexclusiveracing.hu\/de\/produkt\/bmw-316i-2\/\" \/>\n<meta property=\"og:site_name\" content=\"K\u00e1rai Exclusive\" \/>\n<meta property=\"article:publisher\" content=\"https:\/\/www.facebook.com\/karaiexclusiveracing.hu\" \/>\n<meta property=\"article:modified_time\" content=\"2026-03-25T09:56:56+00:00\" \/>\n<meta property=\"og:image\" content=\"https:\/\/karaiexclusiveracing.hu\/wp-content\/uploads\/2026\/03\/viber_kep_2026-03-25_10-21-27-416-e1774432602226.jpg\" \/>\n\t<meta property=\"og:image:width\" content=\"1450\" \/>\n\t<meta property=\"og:image:height\" content=\"822\" \/>\n\t<meta property=\"og:image:type\" content=\"image\/jpeg\" \/>\n<meta name=\"twitter:card\" content=\"summary_large_image\" \/>\n<meta name=\"twitter:label1\" content=\"Gesch\u00e4tzte Lesezeit\" \/>\n\t<meta name=\"twitter:data1\" content=\"1\u00a0Minute\" \/>\n<script type=\"application\/ld+json\" class=\"yoast-schema-graph\">{\"@context\":\"https:\/\/schema.org\",\"@graph\":[{\"@type\":\"WebPage\",\"@id\":\"https:\/\/karaiexclusiveracing.hu\/termek\/bmw-316i-2\/\",\"url\":\"https:\/\/karaiexclusiveracing.hu\/termek\/bmw-316i-2\/\",\"name\":\"BMW 316i - K\u00e1rai Exclusive\",\"isPartOf\":{\"@id\":\"https:\/\/karaiexclusiveracing.hu\/#website\"},\"primaryImageOfPage\":{\"@id\":\"https:\/\/karaiexclusiveracing.hu\/termek\/bmw-316i-2\/#primaryimage\"},\"image\":{\"@id\":\"https:\/\/karaiexclusiveracing.hu\/termek\/bmw-316i-2\/#primaryimage\"},\"thumbnailUrl\":\"https:\/\/karaiexclusiveracing.hu\/wp-content\/uploads\/2026\/03\/viber_kep_2026-03-25_10-21-27-416-e1774432602226.jpg\",\"datePublished\":\"2026-03-25T09:52:41+00:00\",\"dateModified\":\"2026-03-25T09:56:56+00:00\",\"breadcrumb\":{\"@id\":\"https:\/\/karaiexclusiveracing.hu\/termek\/bmw-316i-2\/#breadcrumb\"},\"inLanguage\":\"de\",\"potentialAction\":[{\"@type\":\"ReadAction\",\"target\":[\"https:\/\/karaiexclusiveracing.hu\/termek\/bmw-316i-2\/\"]}]},{\"@type\":\"ImageObject\",\"inLanguage\":\"de\",\"@id\":\"https:\/\/karaiexclusiveracing.hu\/termek\/bmw-316i-2\/#primaryimage\",\"url\":\"https:\/\/karaiexclusiveracing.hu\/wp-content\/uploads\/2026\/03\/viber_kep_2026-03-25_10-21-27-416-e1774432602226.jpg\",\"contentUrl\":\"https:\/\/karaiexclusiveracing.hu\/wp-content\/uploads\/2026\/03\/viber_kep_2026-03-25_10-21-27-416-e1774432602226.jpg\",\"width\":1450,\"height\":822},{\"@type\":\"BreadcrumbList\",\"@id\":\"https:\/\/karaiexclusiveracing.hu\/termek\/bmw-316i-2\/#breadcrumb\",\"itemListElement\":[{\"@type\":\"ListItem\",\"position\":1,\"name\":\"Kezd\u0151lap\",\"item\":\"https:\/\/karaiexclusiveracing.hu\/\"},{\"@type\":\"ListItem\",\"position\":2,\"name\":\"Elad\u00f3 aut\u00f3k\",\"item\":\"https:\/\/karaiexclusiveracing.hu\/elado-autok\/\"},{\"@type\":\"ListItem\",\"position\":3,\"name\":\"BMW 316i\"}]},{\"@type\":\"WebSite\",\"@id\":\"https:\/\/karaiexclusiveracing.hu\/#website\",\"url\":\"https:\/\/karaiexclusiveracing.hu\/\",\"name\":\"K\u00e1rai Exclusive Racing\",\"description\":\"\",\"publisher\":{\"@id\":\"https:\/\/karaiexclusiveracing.hu\/#organization\"},\"potentialAction\":[{\"@type\":\"SearchAction\",\"target\":{\"@type\":\"EntryPoint\",\"urlTemplate\":\"https:\/\/karaiexclusiveracing.hu\/?s={search_term_string}\"},\"query-input\":{\"@type\":\"PropertyValueSpecification\",\"valueRequired\":true,\"valueName\":\"search_term_string\"}}],\"inLanguage\":\"de\"},{\"@type\":\"Organization\",\"@id\":\"https:\/\/karaiexclusiveracing.hu\/#organization\",\"name\":\"K\u00e1rai Exclusive Racing\",\"url\":\"https:\/\/karaiexclusiveracing.hu\/\",\"logo\":{\"@type\":\"ImageObject\",\"inLanguage\":\"de\",\"@id\":\"https:\/\/karaiexclusiveracing.hu\/#\/schema\/logo\/image\/\",\"url\":\"https:\/\/www.karaiexclusiveracing.hu\/wp-content\/uploads\/2023\/10\/karai_exclusive_logo-1-1.png\",\"contentUrl\":\"https:\/\/www.karaiexclusiveracing.hu\/wp-content\/uploads\/2023\/10\/karai_exclusive_logo-1-1.png\",\"width\":1575,\"height\":435,\"caption\":\"K\u00e1rai Exclusive Racing\"},\"image\":{\"@id\":\"https:\/\/karaiexclusiveracing.hu\/#\/schema\/logo\/image\/\"},\"sameAs\":[\"https:\/\/www.facebook.com\/karaiexclusiveracing.hu\",\"https:\/\/www.instagram.com\/karaiexclusiveracing\/\"]}]}<\/script>\n<!-- \/ Yoast SEO Premium plugin. -->","yoast_head_json":{"title":"BMW 316i - K\u00e1rai Exclusive","robots":{"index":"index","follow":"follow","max-snippet":"max-snippet:-1","max-image-preview":"max-image-preview:large","max-video-preview":"max-video-preview:-1"},"canonical":"https:\/\/karaiexclusiveracing.hu\/de\/produkt\/bmw-316i-2\/","og_locale":"de_DE","og_type":"article","og_title":"BMW 316i","og_description":"Elad\u00e1sra k\u00edn\u00e1lunk egy BMW E30 316i Coupe-t. Az aut\u00f3 karossz\u00e9ri\u00e1ja fel\u00faj\u00edt\u00e1st ig\u00e9nyel, jobb elej\u00e9n volt s\u00e9r\u00fclve. Ami pozit\u00edvum, hogy nem egy sz\u00e9tlopott \u00f6sszevissza t\u00e1kolt aut\u00f3. (gy\u00e1ri kataliz\u00e1tor alatta stb.) A j\u00e1rm\u0171 \u00e9vj\u00e1rata helyesen 1989. sajnos a forgalmiban el van \u00edrva, a k\u00f6vetkez\u0151 m\u0171szaki vizsg\u00e1n ez helyesb\u00edt\u00e9re ker\u00fcl. Az aut\u00f3 el\u0151zetes telefonos egyeztet\u00e9s ut\u00e1n megtekinthet\u0151 nagytarcsai [&hellip;]","og_url":"https:\/\/karaiexclusiveracing.hu\/de\/produkt\/bmw-316i-2\/","og_site_name":"K\u00e1rai Exclusive","article_publisher":"https:\/\/www.facebook.com\/karaiexclusiveracing.hu","article_modified_time":"2026-03-25T09:56:56+00:00","og_image":[{"width":1450,"height":822,"url":"https:\/\/karaiexclusiveracing.hu\/wp-content\/uploads\/2026\/03\/viber_kep_2026-03-25_10-21-27-416-e1774432602226.jpg","type":"image\/jpeg"}],"twitter_card":"summary_large_image","twitter_misc":{"Gesch\u00e4tzte Lesezeit":"1\u00a0Minute"},"schema":{"@context":"https:\/\/schema.org","@graph":[{"@type":"WebPage","@id":"https:\/\/karaiexclusiveracing.hu\/termek\/bmw-316i-2\/","url":"https:\/\/karaiexclusiveracing.hu\/termek\/bmw-316i-2\/","name":"BMW 316i - K\u00e1rai Exclusive","isPartOf":{"@id":"https:\/\/karaiexclusiveracing.hu\/#website"},"primaryImageOfPage":{"@id":"https:\/\/karaiexclusiveracing.hu\/termek\/bmw-316i-2\/#primaryimage"},"image":{"@id":"https:\/\/karaiexclusiveracing.hu\/termek\/bmw-316i-2\/#primaryimage"},"thumbnailUrl":"https:\/\/karaiexclusiveracing.hu\/wp-content\/uploads\/2026\/03\/viber_kep_2026-03-25_10-21-27-416-e1774432602226.jpg","datePublished":"2026-03-25T09:52:41+00:00","dateModified":"2026-03-25T09:56:56+00:00","breadcrumb":{"@id":"https:\/\/karaiexclusiveracing.hu\/termek\/bmw-316i-2\/#breadcrumb"},"inLanguage":"de","potentialAction":[{"@type":"ReadAction","target":["https:\/\/karaiexclusiveracing.hu\/termek\/bmw-316i-2\/"]}]},{"@type":"ImageObject","inLanguage":"de","@id":"https:\/\/karaiexclusiveracing.hu\/termek\/bmw-316i-2\/#primaryimage","url":"https:\/\/karaiexclusiveracing.hu\/wp-content\/uploads\/2026\/03\/viber_kep_2026-03-25_10-21-27-416-e1774432602226.jpg","contentUrl":"https:\/\/karaiexclusiveracing.hu\/wp-content\/uploads\/2026\/03\/viber_kep_2026-03-25_10-21-27-416-e1774432602226.jpg","width":1450,"height":822},{"@type":"BreadcrumbList","@id":"https:\/\/karaiexclusiveracing.hu\/termek\/bmw-316i-2\/#breadcrumb","itemListElement":[{"@type":"ListItem","position":1,"name":"Kezd\u0151lap","item":"https:\/\/karaiexclusiveracing.hu\/"},{"@type":"ListItem","position":2,"name":"Elad\u00f3 aut\u00f3k","item":"https:\/\/karaiexclusiveracing.hu\/elado-autok\/"},{"@type":"ListItem","position":3,"name":"BMW 316i"}]},{"@type":"WebSite","@id":"https:\/\/karaiexclusiveracing.hu\/#website","url":"https:\/\/karaiexclusiveracing.hu\/","name":"K\u00e1rai Exclusive Racing","description":"","publisher":{"@id":"https:\/\/karaiexclusiveracing.hu\/#organization"},"potentialAction":[{"@type":"SearchAction","target":{"@type":"EntryPoint","urlTemplate":"https:\/\/karaiexclusiveracing.hu\/?s={search_term_string}"},"query-input":{"@type":"PropertyValueSpecification","valueRequired":true,"valueName":"search_term_string"}}],"inLanguage":"de"},{"@type":"Organization","@id":"https:\/\/karaiexclusiveracing.hu\/#organization","name":"K\u00e1rai Exclusive Racing","url":"https:\/\/karaiexclusiveracing.hu\/","logo":{"@type":"ImageObject","inLanguage":"de","@id":"https:\/\/karaiexclusiveracing.hu\/#\/schema\/logo\/image\/","url":"https:\/\/www.karaiexclusiveracing.hu\/wp-content\/uploads\/2023\/10\/karai_exclusive_logo-1-1.png","contentUrl":"https:\/\/www.karaiexclusiveracing.hu\/wp-content\/uploads\/2023\/10\/karai_exclusive_logo-1-1.png","width":1575,"height":435,"caption":"K\u00e1rai Exclusive Racing"},"image":{"@id":"https:\/\/karaiexclusiveracing.hu\/#\/schema\/logo\/image\/"},"sameAs":["https:\/\/www.facebook.com\/karaiexclusiveracing.hu","https:\/\/www.instagram.com\/karaiexclusiveracing\/"]}]}},"_links":{"self":[{"href":"http:\/\/karaiexclusiveracing.hu\/de\/wp-json\/wp\/v2\/product\/24705","targetHints":{"allow":["GET"]}}],"collection":[{"href":"http:\/\/karaiexclusiveracing.hu\/de\/wp-json\/wp\/v2\/product"}],"about":[{"href":"http:\/\/karaiexclusiveracing.hu\/de\/wp-json\/wp\/v2\/types\/product"}],"wp:featuredmedia":[{"embeddable":true,"href":"http:\/\/karaiexclusiveracing.hu\/de\/wp-json\/wp\/v2\/media\/24712"}],"wp:attachment":[{"href":"http:\/\/karaiexclusiveracing.hu\/de\/wp-json\/wp\/v2\/media?parent=24705"}],"wp:term":[{"taxonomy":"manufactures","embeddable":true,"href":"http:\/\/karaiexclusiveracing.hu\/de\/wp-json\/wp\/v2\/manufactures?post=24705"},{"taxonomy":"product_brand","embeddable":true,"href":"http:\/\/karaiexclusiveracing.hu\/de\/wp-json\/wp\/v2\/product_brand?post=24705"},{"taxonomy":"product_cat","embeddable":true,"href":"http:\/\/karaiexclusiveracing.hu\/de\/wp-json\/wp\/v2\/product_cat?post=24705"},{"taxonomy":"product_tag","embeddable":true,"href":"http:\/\/karaiexclusiveracing.hu\/de\/wp-json\/wp\/v2\/product_tag?post=24705"}],"curies":[{"name":"wp","href":"https:\/\/api.w.org\/{rel}","templated":true}]}}