{"id":24688,"date":"2026-03-25T11:32:57","date_gmt":"2026-03-25T10:32:57","guid":{"rendered":"https:\/\/karaiexclusiveracing.hu\/?post_type=product&#038;p=24688"},"modified":"2026-03-25T11:33:18","modified_gmt":"2026-03-25T10:33:18","slug":"bmw-320","status":"publish","type":"product","link":"http:\/\/karaiexclusiveracing.hu\/de\/termek\/bmw-320\/","title":{"rendered":"BMW 320i"},"content":{"rendered":"<p>Elad\u00e1sra k\u00edn\u00e1lunk egy BMW E30 320i Coupe-t, M54B25 motorral. 6 sebess\u00e9ges v\u00e1lt\u00f3, nagy h\u00e1zas sperr difi (8 lamell\u00e1s), DTA motorvez\u00e9r\u0151, komplett rozsdamentes kipufog\u00f3rendszer, E36 M3 \u00fcl\u00e9sek \u00e9s m\u00e9g rengeteg minden. Igazi \u00e9lm\u00e9nyoszt\u00f3 aut\u00f3! Karossz\u00e9ri\u00e1ja kort\u00e1rsaihoz \u00e9s kor\u00e1hoz k\u00e9pest kimagasl\u00f3 \u00e1llapotban van.<br \/>\nIg\u00e9ny eset\u00e9n friss m\u0171szakival is \u00e1t tudjuk adni az aut\u00f3t.<\/p>\n<p>Adatok:<\/p>\n<ul>\n<li>centr\u00e1lz\u00e1r<\/li>\n<li>szervokorm\u00e1ny<\/li>\n<li>sportfut\u00f3m\u0171<\/li>\n<li>sperr diferenci\u00e1lm\u0171<\/li>\n<\/ul>\n<p>K\u00fclt\u00e9r:<\/p>\n<ul>\n<li>elektromos ablak el\u0151l<\/li>\n<li>f\u0171thet\u0151 t\u00fck\u00f6r<\/li>\n<li>k\u00f6nny\u0171f\u00e9m felni<\/li>\n<li>sz\u00ednezett \u00fcveg<\/li>\n<li>tol\u00f3tet\u0151 (napf\u00e9nytet\u0151)<\/li>\n<li>tol\u00f3tet\u0151-elektromos<\/li>\n<\/ul>\n<p>Sport\u00fcl\u00e9sek<\/p>\n<p><strong>Tov\u00e1bbi inform\u00e1ci\u00f3k\u00e9rt k\u00e9rj\u00fck, \u00e9rdekl\u0151dj telefonon!\u00a0<\/strong><\/p>","protected":false},"excerpt":{"rendered":"<p>Elad\u00e1sra k\u00edn\u00e1lunk egy BMW E30 320i Coupe-t, M54B25 motorral. 6 sebess\u00e9ges v\u00e1lt\u00f3, nagy h\u00e1zas sperr difi (8 lamell\u00e1s), DTA motorvez\u00e9r\u0151, komplett rozsdamentes kipufog\u00f3rendszer, E36 M3 \u00fcl\u00e9sek \u00e9s m\u00e9g rengeteg minden. Igazi \u00e9lm\u00e9nyoszt\u00f3 aut\u00f3! Karossz\u00e9ri\u00e1ja kort\u00e1rsaihoz \u00e9s kor\u00e1hoz k\u00e9pest kimagasl\u00f3 \u00e1llapotban van. Ig\u00e9ny eset\u00e9n friss m\u0171szakival is \u00e1t tudjuk adni az aut\u00f3t. Adatok: centr\u00e1lz\u00e1r szervokorm\u00e1ny sportfut\u00f3m\u0171 [&hellip;]<\/p>\n","protected":false},"featured_media":24739,"template":"","meta":{"_acf_changed":false},"manufactures":[],"product_brand":[165],"product_cat":[25],"product_tag":[],"class_list":{"0":"post-24688","1":"product","2":"type-product","3":"status-publish","4":"has-post-thumbnail","6":"product_brand-bmw","7":"product_cat-streetcar","9":"first","10":"instock","11":"taxable","12":"shipping-taxable","13":"purchasable","14":"product-type-simple"},"exclude_global_add_ons":[],"addons":[],"acf":[],"yoast_head":"<!-- This site is optimized with the Yoast SEO Premium plugin v27.1 (Yoast SEO v27.2) - https:\/\/yoast.com\/product\/yoast-seo-premium-wordpress\/ -->\n<title>BMW 320i - K\u00e1rai Exclusive<\/title>\n<meta name=\"robots\" content=\"index, follow, max-snippet:-1, max-image-preview:large, max-video-preview:-1\" \/>\n<link rel=\"canonical\" href=\"https:\/\/karaiexclusiveracing.hu\/de\/produkt\/bmw-320\/\" \/>\n<meta property=\"og:locale\" content=\"de_DE\" \/>\n<meta property=\"og:type\" content=\"article\" \/>\n<meta property=\"og:title\" content=\"BMW 320i\" \/>\n<meta property=\"og:description\" content=\"Elad\u00e1sra k\u00edn\u00e1lunk egy BMW E30 320i Coupe-t, M54B25 motorral. 6 sebess\u00e9ges v\u00e1lt\u00f3, nagy h\u00e1zas sperr difi (8 lamell\u00e1s), DTA motorvez\u00e9r\u0151, komplett rozsdamentes kipufog\u00f3rendszer, E36 M3 \u00fcl\u00e9sek \u00e9s m\u00e9g rengeteg minden. Igazi \u00e9lm\u00e9nyoszt\u00f3 aut\u00f3! Karossz\u00e9ri\u00e1ja kort\u00e1rsaihoz \u00e9s kor\u00e1hoz k\u00e9pest kimagasl\u00f3 \u00e1llapotban van. Ig\u00e9ny eset\u00e9n friss m\u0171szakival is \u00e1t tudjuk adni az aut\u00f3t. Adatok: centr\u00e1lz\u00e1r szervokorm\u00e1ny sportfut\u00f3m\u0171 [&hellip;]\" \/>\n<meta property=\"og:url\" content=\"https:\/\/karaiexclusiveracing.hu\/de\/produkt\/bmw-320\/\" \/>\n<meta property=\"og:site_name\" content=\"K\u00e1rai Exclusive\" \/>\n<meta property=\"article:publisher\" content=\"https:\/\/www.facebook.com\/karaiexclusiveracing.hu\" \/>\n<meta property=\"article:modified_time\" content=\"2026-03-25T10:33:18+00:00\" \/>\n<meta property=\"og:image\" content=\"https:\/\/karaiexclusiveracing.hu\/wp-content\/uploads\/2026\/03\/viber_kep_2026-03-25_11-29-54-985.jpg\" \/>\n\t<meta property=\"og:image:width\" content=\"1600\" \/>\n\t<meta property=\"og:image:height\" content=\"1200\" \/>\n\t<meta property=\"og:image:type\" content=\"image\/jpeg\" \/>\n<meta name=\"twitter:card\" content=\"summary_large_image\" \/>\n<meta name=\"twitter:label1\" content=\"Gesch\u00e4tzte Lesezeit\" \/>\n\t<meta name=\"twitter:data1\" content=\"1\u00a0Minute\" \/>\n<script type=\"application\/ld+json\" class=\"yoast-schema-graph\">{\"@context\":\"https:\/\/schema.org\",\"@graph\":[{\"@type\":\"WebPage\",\"@id\":\"https:\/\/karaiexclusiveracing.hu\/termek\/bmw-320\/\",\"url\":\"https:\/\/karaiexclusiveracing.hu\/termek\/bmw-320\/\",\"name\":\"BMW 320i - K\u00e1rai Exclusive\",\"isPartOf\":{\"@id\":\"https:\/\/karaiexclusiveracing.hu\/#website\"},\"primaryImageOfPage\":{\"@id\":\"https:\/\/karaiexclusiveracing.hu\/termek\/bmw-320\/#primaryimage\"},\"image\":{\"@id\":\"https:\/\/karaiexclusiveracing.hu\/termek\/bmw-320\/#primaryimage\"},\"thumbnailUrl\":\"https:\/\/karaiexclusiveracing.hu\/wp-content\/uploads\/2026\/03\/viber_kep_2026-03-25_11-29-54-985.jpg\",\"datePublished\":\"2026-03-25T10:32:57+00:00\",\"dateModified\":\"2026-03-25T10:33:18+00:00\",\"breadcrumb\":{\"@id\":\"https:\/\/karaiexclusiveracing.hu\/termek\/bmw-320\/#breadcrumb\"},\"inLanguage\":\"de\",\"potentialAction\":[{\"@type\":\"ReadAction\",\"target\":[\"https:\/\/karaiexclusiveracing.hu\/termek\/bmw-320\/\"]}]},{\"@type\":\"ImageObject\",\"inLanguage\":\"de\",\"@id\":\"https:\/\/karaiexclusiveracing.hu\/termek\/bmw-320\/#primaryimage\",\"url\":\"https:\/\/karaiexclusiveracing.hu\/wp-content\/uploads\/2026\/03\/viber_kep_2026-03-25_11-29-54-985.jpg\",\"contentUrl\":\"https:\/\/karaiexclusiveracing.hu\/wp-content\/uploads\/2026\/03\/viber_kep_2026-03-25_11-29-54-985.jpg\",\"width\":1600,\"height\":1200},{\"@type\":\"BreadcrumbList\",\"@id\":\"https:\/\/karaiexclusiveracing.hu\/termek\/bmw-320\/#breadcrumb\",\"itemListElement\":[{\"@type\":\"ListItem\",\"position\":1,\"name\":\"Kezd\u0151lap\",\"item\":\"https:\/\/karaiexclusiveracing.hu\/\"},{\"@type\":\"ListItem\",\"position\":2,\"name\":\"Elad\u00f3 aut\u00f3k\",\"item\":\"https:\/\/karaiexclusiveracing.hu\/elado-autok\/\"},{\"@type\":\"ListItem\",\"position\":3,\"name\":\"BMW 320i\"}]},{\"@type\":\"WebSite\",\"@id\":\"https:\/\/karaiexclusiveracing.hu\/#website\",\"url\":\"https:\/\/karaiexclusiveracing.hu\/\",\"name\":\"K\u00e1rai Exclusive Racing\",\"description\":\"\",\"publisher\":{\"@id\":\"https:\/\/karaiexclusiveracing.hu\/#organization\"},\"potentialAction\":[{\"@type\":\"SearchAction\",\"target\":{\"@type\":\"EntryPoint\",\"urlTemplate\":\"https:\/\/karaiexclusiveracing.hu\/?s={search_term_string}\"},\"query-input\":{\"@type\":\"PropertyValueSpecification\",\"valueRequired\":true,\"valueName\":\"search_term_string\"}}],\"inLanguage\":\"de\"},{\"@type\":\"Organization\",\"@id\":\"https:\/\/karaiexclusiveracing.hu\/#organization\",\"name\":\"K\u00e1rai Exclusive Racing\",\"url\":\"https:\/\/karaiexclusiveracing.hu\/\",\"logo\":{\"@type\":\"ImageObject\",\"inLanguage\":\"de\",\"@id\":\"https:\/\/karaiexclusiveracing.hu\/#\/schema\/logo\/image\/\",\"url\":\"https:\/\/www.karaiexclusiveracing.hu\/wp-content\/uploads\/2023\/10\/karai_exclusive_logo-1-1.png\",\"contentUrl\":\"https:\/\/www.karaiexclusiveracing.hu\/wp-content\/uploads\/2023\/10\/karai_exclusive_logo-1-1.png\",\"width\":1575,\"height\":435,\"caption\":\"K\u00e1rai Exclusive Racing\"},\"image\":{\"@id\":\"https:\/\/karaiexclusiveracing.hu\/#\/schema\/logo\/image\/\"},\"sameAs\":[\"https:\/\/www.facebook.com\/karaiexclusiveracing.hu\",\"https:\/\/www.instagram.com\/karaiexclusiveracing\/\"]}]}<\/script>\n<!-- \/ Yoast SEO Premium plugin. -->","yoast_head_json":{"title":"BMW 320i - K\u00e1rai Exclusive","robots":{"index":"index","follow":"follow","max-snippet":"max-snippet:-1","max-image-preview":"max-image-preview:large","max-video-preview":"max-video-preview:-1"},"canonical":"https:\/\/karaiexclusiveracing.hu\/de\/produkt\/bmw-320\/","og_locale":"de_DE","og_type":"article","og_title":"BMW 320i","og_description":"Elad\u00e1sra k\u00edn\u00e1lunk egy BMW E30 320i Coupe-t, M54B25 motorral. 6 sebess\u00e9ges v\u00e1lt\u00f3, nagy h\u00e1zas sperr difi (8 lamell\u00e1s), DTA motorvez\u00e9r\u0151, komplett rozsdamentes kipufog\u00f3rendszer, E36 M3 \u00fcl\u00e9sek \u00e9s m\u00e9g rengeteg minden. Igazi \u00e9lm\u00e9nyoszt\u00f3 aut\u00f3! Karossz\u00e9ri\u00e1ja kort\u00e1rsaihoz \u00e9s kor\u00e1hoz k\u00e9pest kimagasl\u00f3 \u00e1llapotban van. Ig\u00e9ny eset\u00e9n friss m\u0171szakival is \u00e1t tudjuk adni az aut\u00f3t. Adatok: centr\u00e1lz\u00e1r szervokorm\u00e1ny sportfut\u00f3m\u0171 [&hellip;]","og_url":"https:\/\/karaiexclusiveracing.hu\/de\/produkt\/bmw-320\/","og_site_name":"K\u00e1rai Exclusive","article_publisher":"https:\/\/www.facebook.com\/karaiexclusiveracing.hu","article_modified_time":"2026-03-25T10:33:18+00:00","og_image":[{"width":1600,"height":1200,"url":"https:\/\/karaiexclusiveracing.hu\/wp-content\/uploads\/2026\/03\/viber_kep_2026-03-25_11-29-54-985.jpg","type":"image\/jpeg"}],"twitter_card":"summary_large_image","twitter_misc":{"Gesch\u00e4tzte Lesezeit":"1\u00a0Minute"},"schema":{"@context":"https:\/\/schema.org","@graph":[{"@type":"WebPage","@id":"https:\/\/karaiexclusiveracing.hu\/termek\/bmw-320\/","url":"https:\/\/karaiexclusiveracing.hu\/termek\/bmw-320\/","name":"BMW 320i - K\u00e1rai Exclusive","isPartOf":{"@id":"https:\/\/karaiexclusiveracing.hu\/#website"},"primaryImageOfPage":{"@id":"https:\/\/karaiexclusiveracing.hu\/termek\/bmw-320\/#primaryimage"},"image":{"@id":"https:\/\/karaiexclusiveracing.hu\/termek\/bmw-320\/#primaryimage"},"thumbnailUrl":"https:\/\/karaiexclusiveracing.hu\/wp-content\/uploads\/2026\/03\/viber_kep_2026-03-25_11-29-54-985.jpg","datePublished":"2026-03-25T10:32:57+00:00","dateModified":"2026-03-25T10:33:18+00:00","breadcrumb":{"@id":"https:\/\/karaiexclusiveracing.hu\/termek\/bmw-320\/#breadcrumb"},"inLanguage":"de","potentialAction":[{"@type":"ReadAction","target":["https:\/\/karaiexclusiveracing.hu\/termek\/bmw-320\/"]}]},{"@type":"ImageObject","inLanguage":"de","@id":"https:\/\/karaiexclusiveracing.hu\/termek\/bmw-320\/#primaryimage","url":"https:\/\/karaiexclusiveracing.hu\/wp-content\/uploads\/2026\/03\/viber_kep_2026-03-25_11-29-54-985.jpg","contentUrl":"https:\/\/karaiexclusiveracing.hu\/wp-content\/uploads\/2026\/03\/viber_kep_2026-03-25_11-29-54-985.jpg","width":1600,"height":1200},{"@type":"BreadcrumbList","@id":"https:\/\/karaiexclusiveracing.hu\/termek\/bmw-320\/#breadcrumb","itemListElement":[{"@type":"ListItem","position":1,"name":"Kezd\u0151lap","item":"https:\/\/karaiexclusiveracing.hu\/"},{"@type":"ListItem","position":2,"name":"Elad\u00f3 aut\u00f3k","item":"https:\/\/karaiexclusiveracing.hu\/elado-autok\/"},{"@type":"ListItem","position":3,"name":"BMW 320i"}]},{"@type":"WebSite","@id":"https:\/\/karaiexclusiveracing.hu\/#website","url":"https:\/\/karaiexclusiveracing.hu\/","name":"K\u00e1rai Exclusive Racing","description":"","publisher":{"@id":"https:\/\/karaiexclusiveracing.hu\/#organization"},"potentialAction":[{"@type":"SearchAction","target":{"@type":"EntryPoint","urlTemplate":"https:\/\/karaiexclusiveracing.hu\/?s={search_term_string}"},"query-input":{"@type":"PropertyValueSpecification","valueRequired":true,"valueName":"search_term_string"}}],"inLanguage":"de"},{"@type":"Organization","@id":"https:\/\/karaiexclusiveracing.hu\/#organization","name":"K\u00e1rai Exclusive Racing","url":"https:\/\/karaiexclusiveracing.hu\/","logo":{"@type":"ImageObject","inLanguage":"de","@id":"https:\/\/karaiexclusiveracing.hu\/#\/schema\/logo\/image\/","url":"https:\/\/www.karaiexclusiveracing.hu\/wp-content\/uploads\/2023\/10\/karai_exclusive_logo-1-1.png","contentUrl":"https:\/\/www.karaiexclusiveracing.hu\/wp-content\/uploads\/2023\/10\/karai_exclusive_logo-1-1.png","width":1575,"height":435,"caption":"K\u00e1rai Exclusive Racing"},"image":{"@id":"https:\/\/karaiexclusiveracing.hu\/#\/schema\/logo\/image\/"},"sameAs":["https:\/\/www.facebook.com\/karaiexclusiveracing.hu","https:\/\/www.instagram.com\/karaiexclusiveracing\/"]}]}},"_links":{"self":[{"href":"http:\/\/karaiexclusiveracing.hu\/de\/wp-json\/wp\/v2\/product\/24688","targetHints":{"allow":["GET"]}}],"collection":[{"href":"http:\/\/karaiexclusiveracing.hu\/de\/wp-json\/wp\/v2\/product"}],"about":[{"href":"http:\/\/karaiexclusiveracing.hu\/de\/wp-json\/wp\/v2\/types\/product"}],"wp:featuredmedia":[{"embeddable":true,"href":"http:\/\/karaiexclusiveracing.hu\/de\/wp-json\/wp\/v2\/media\/24739"}],"wp:attachment":[{"href":"http:\/\/karaiexclusiveracing.hu\/de\/wp-json\/wp\/v2\/media?parent=24688"}],"wp:term":[{"taxonomy":"manufactures","embeddable":true,"href":"http:\/\/karaiexclusiveracing.hu\/de\/wp-json\/wp\/v2\/manufactures?post=24688"},{"taxonomy":"product_brand","embeddable":true,"href":"http:\/\/karaiexclusiveracing.hu\/de\/wp-json\/wp\/v2\/product_brand?post=24688"},{"taxonomy":"product_cat","embeddable":true,"href":"http:\/\/karaiexclusiveracing.hu\/de\/wp-json\/wp\/v2\/product_cat?post=24688"},{"taxonomy":"product_tag","embeddable":true,"href":"http:\/\/karaiexclusiveracing.hu\/de\/wp-json\/wp\/v2\/product_tag?post=24688"}],"curies":[{"name":"wp","href":"https:\/\/api.w.org\/{rel}","templated":true}]}}