{"id":23850,"date":"2025-12-17T13:05:51","date_gmt":"2025-12-17T12:05:51","guid":{"rendered":"https:\/\/www.karaiexclusiveracing.hu\/?post_type=product&#038;p=23850"},"modified":"2026-02-06T15:47:02","modified_gmt":"2026-02-06T14:47:02","slug":"bmw-e46-m3-cabrio-manual","status":"publish","type":"product","link":"http:\/\/karaiexclusiveracing.hu\/de\/termek\/bmw-e46-m3-cabrio-manual\/","title":{"rendered":"BMW E46 M3 Cabrio Manual"},"content":{"rendered":"<p>BMW E46 M3 Cabrio Manual<\/p>\n<p>Az aut\u00f3 Kaliforni\u00e1b\u00f3l sz\u00e1rmazik ez\u00e1ltal teljesen rozsdamentes szinte minden alkatr\u00e9sze, hihetetlen kateg\u00f3ria, hogy egy ilyen id\u0151s aut\u00f3 ebben az \u00e1llapotban fennmaradt. Motorja teljes rev\u00edzi\u00f3t kapott ahogy a fot\u00f3kon is l\u00e1that\u00f3 &#8211; \u00faj kuplung, valamint rengeteg m\u00e1s \u00faj alkatr\u00e9sz.<br \/>\nAz aut\u00f3 jelenleg \u00e9rv\u00e9nyes n\u00e9met okm\u00e1nyokkal rendelkezik, ig\u00e9ny eset\u00e9n a magyar forgalomahelyez\u00e9sben tudunk seg\u00edteni!<br \/>\nA meghirdetett \u00e1r a gy\u00e1ri 19&#8243; felnikkel \u00e9rtend\u0151!<\/p>\n<p>&nbsp;<\/p>","protected":false},"excerpt":{"rendered":"<p>BMW E46 M3 Cabrio Manual Az aut\u00f3 Kaliforni\u00e1b\u00f3l sz\u00e1rmazik ez\u00e1ltal teljesen rozsdamentes szinte minden alkatr\u00e9sze, hihetetlen kateg\u00f3ria, hogy egy ilyen id\u0151s aut\u00f3 ebben az \u00e1llapotban fennmaradt. Motorja teljes rev\u00edzi\u00f3t kapott ahogy a fot\u00f3kon is l\u00e1that\u00f3 &#8211; \u00faj kuplung, valamint rengeteg m\u00e1s \u00faj alkatr\u00e9sz. Az aut\u00f3 jelenleg \u00e9rv\u00e9nyes n\u00e9met okm\u00e1nyokkal rendelkezik, ig\u00e9ny eset\u00e9n a magyar forgalomahelyez\u00e9sben [&hellip;]<\/p>\n","protected":false},"featured_media":23973,"template":"","meta":{"_acf_changed":false},"manufactures":[],"product_brand":[165],"product_cat":[25],"product_tag":[],"class_list":{"0":"post-23850","1":"product","2":"type-product","3":"status-publish","4":"has-post-thumbnail","6":"product_brand-bmw","7":"product_cat-streetcar","9":"first","10":"instock","11":"taxable","12":"shipping-taxable","13":"purchasable","14":"product-type-simple"},"exclude_global_add_ons":[],"addons":[],"acf":[],"yoast_head":"<!-- This site is optimized with the Yoast SEO Premium plugin v27.1 (Yoast SEO v27.2) - https:\/\/yoast.com\/product\/yoast-seo-premium-wordpress\/ -->\n<title>BMW E46 M3 Cabrio Manual - K\u00e1rai Exclusive<\/title>\n<meta name=\"robots\" content=\"index, follow, max-snippet:-1, max-image-preview:large, max-video-preview:-1\" \/>\n<link rel=\"canonical\" href=\"https:\/\/karaiexclusiveracing.hu\/de\/produkt\/bmw-e46-m3-cabrio-manual\/\" \/>\n<meta property=\"og:locale\" content=\"de_DE\" \/>\n<meta property=\"og:type\" content=\"article\" \/>\n<meta property=\"og:title\" content=\"BMW E46 M3 Cabrio Manual\" \/>\n<meta property=\"og:description\" content=\"BMW E46 M3 Cabrio Manual Az aut\u00f3 Kaliforni\u00e1b\u00f3l sz\u00e1rmazik ez\u00e1ltal teljesen rozsdamentes szinte minden alkatr\u00e9sze, hihetetlen kateg\u00f3ria, hogy egy ilyen id\u0151s aut\u00f3 ebben az \u00e1llapotban fennmaradt. Motorja teljes rev\u00edzi\u00f3t kapott ahogy a fot\u00f3kon is l\u00e1that\u00f3 &#8211; \u00faj kuplung, valamint rengeteg m\u00e1s \u00faj alkatr\u00e9sz. Az aut\u00f3 jelenleg \u00e9rv\u00e9nyes n\u00e9met okm\u00e1nyokkal rendelkezik, ig\u00e9ny eset\u00e9n a magyar forgalomahelyez\u00e9sben [&hellip;]\" \/>\n<meta property=\"og:url\" content=\"https:\/\/karaiexclusiveracing.hu\/de\/produkt\/bmw-e46-m3-cabrio-manual\/\" \/>\n<meta property=\"og:site_name\" content=\"K\u00e1rai Exclusive\" \/>\n<meta property=\"article:publisher\" content=\"https:\/\/www.facebook.com\/karaiexclusiveracing.hu\" \/>\n<meta property=\"article:modified_time\" content=\"2026-02-06T14:47:02+00:00\" \/>\n<meta property=\"og:image\" content=\"https:\/\/karaiexclusiveracing.hu\/wp-content\/uploads\/2025\/12\/SOLD_BMWcabrio.png\" \/>\n\t<meta property=\"og:image:width\" content=\"1011\" \/>\n\t<meta property=\"og:image:height\" content=\"768\" \/>\n\t<meta property=\"og:image:type\" content=\"image\/png\" \/>\n<meta name=\"twitter:card\" content=\"summary_large_image\" \/>\n<meta name=\"twitter:label1\" content=\"Gesch\u00e4tzte Lesezeit\" \/>\n\t<meta name=\"twitter:data1\" content=\"1\u00a0Minute\" \/>\n<script type=\"application\/ld+json\" class=\"yoast-schema-graph\">{\"@context\":\"https:\/\/schema.org\",\"@graph\":[{\"@type\":\"WebPage\",\"@id\":\"https:\/\/karaiexclusiveracing.hu\/de\/produkt\/bmw-e46-m3-cabrio-manual\/\",\"url\":\"https:\/\/karaiexclusiveracing.hu\/de\/produkt\/bmw-e46-m3-cabrio-manual\/\",\"name\":\"BMW E46 M3 Cabrio Manual - K\u00e1rai Exclusive\",\"isPartOf\":{\"@id\":\"https:\/\/karaiexclusiveracing.hu\/#website\"},\"primaryImageOfPage\":{\"@id\":\"https:\/\/karaiexclusiveracing.hu\/de\/produkt\/bmw-e46-m3-cabrio-manual\/#primaryimage\"},\"image\":{\"@id\":\"https:\/\/karaiexclusiveracing.hu\/de\/produkt\/bmw-e46-m3-cabrio-manual\/#primaryimage\"},\"thumbnailUrl\":\"https:\/\/karaiexclusiveracing.hu\/wp-content\/uploads\/2025\/12\/SOLD_BMWcabrio.png\",\"datePublished\":\"2025-12-17T12:05:51+00:00\",\"dateModified\":\"2026-02-06T14:47:02+00:00\",\"breadcrumb\":{\"@id\":\"https:\/\/karaiexclusiveracing.hu\/de\/produkt\/bmw-e46-m3-cabrio-manual\/#breadcrumb\"},\"inLanguage\":\"de\",\"potentialAction\":[{\"@type\":\"ReadAction\",\"target\":[\"https:\/\/karaiexclusiveracing.hu\/de\/produkt\/bmw-e46-m3-cabrio-manual\/\"]}]},{\"@type\":\"ImageObject\",\"inLanguage\":\"de\",\"@id\":\"https:\/\/karaiexclusiveracing.hu\/de\/produkt\/bmw-e46-m3-cabrio-manual\/#primaryimage\",\"url\":\"https:\/\/karaiexclusiveracing.hu\/wp-content\/uploads\/2025\/12\/SOLD_BMWcabrio.png\",\"contentUrl\":\"https:\/\/karaiexclusiveracing.hu\/wp-content\/uploads\/2025\/12\/SOLD_BMWcabrio.png\",\"width\":1011,\"height\":768},{\"@type\":\"BreadcrumbList\",\"@id\":\"https:\/\/karaiexclusiveracing.hu\/de\/produkt\/bmw-e46-m3-cabrio-manual\/#breadcrumb\",\"itemListElement\":[{\"@type\":\"ListItem\",\"position\":1,\"name\":\"Kezd\u0151lap\",\"item\":\"https:\/\/karaiexclusiveracing.hu\/\"},{\"@type\":\"ListItem\",\"position\":2,\"name\":\"Elad\u00f3 aut\u00f3k\",\"item\":\"https:\/\/karaiexclusiveracing.hu\/elado-autok\/\"},{\"@type\":\"ListItem\",\"position\":3,\"name\":\"BMW E46 M3 Cabrio Manual\"}]},{\"@type\":\"WebSite\",\"@id\":\"https:\/\/karaiexclusiveracing.hu\/#website\",\"url\":\"https:\/\/karaiexclusiveracing.hu\/\",\"name\":\"K\u00e1rai Exclusive Racing\",\"description\":\"\",\"publisher\":{\"@id\":\"https:\/\/karaiexclusiveracing.hu\/#organization\"},\"potentialAction\":[{\"@type\":\"SearchAction\",\"target\":{\"@type\":\"EntryPoint\",\"urlTemplate\":\"https:\/\/karaiexclusiveracing.hu\/?s={search_term_string}\"},\"query-input\":{\"@type\":\"PropertyValueSpecification\",\"valueRequired\":true,\"valueName\":\"search_term_string\"}}],\"inLanguage\":\"de\"},{\"@type\":\"Organization\",\"@id\":\"https:\/\/karaiexclusiveracing.hu\/#organization\",\"name\":\"K\u00e1rai Exclusive Racing\",\"url\":\"https:\/\/karaiexclusiveracing.hu\/\",\"logo\":{\"@type\":\"ImageObject\",\"inLanguage\":\"de\",\"@id\":\"https:\/\/karaiexclusiveracing.hu\/#\/schema\/logo\/image\/\",\"url\":\"https:\/\/www.karaiexclusiveracing.hu\/wp-content\/uploads\/2023\/10\/karai_exclusive_logo-1-1.png\",\"contentUrl\":\"https:\/\/www.karaiexclusiveracing.hu\/wp-content\/uploads\/2023\/10\/karai_exclusive_logo-1-1.png\",\"width\":1575,\"height\":435,\"caption\":\"K\u00e1rai Exclusive Racing\"},\"image\":{\"@id\":\"https:\/\/karaiexclusiveracing.hu\/#\/schema\/logo\/image\/\"},\"sameAs\":[\"https:\/\/www.facebook.com\/karaiexclusiveracing.hu\",\"https:\/\/www.instagram.com\/karaiexclusiveracing\/\"]}]}<\/script>\n<!-- \/ Yoast SEO Premium plugin. -->","yoast_head_json":{"title":"BMW E46 M3 Cabrio Manual - K\u00e1rai Exclusive","robots":{"index":"index","follow":"follow","max-snippet":"max-snippet:-1","max-image-preview":"max-image-preview:large","max-video-preview":"max-video-preview:-1"},"canonical":"https:\/\/karaiexclusiveracing.hu\/de\/produkt\/bmw-e46-m3-cabrio-manual\/","og_locale":"de_DE","og_type":"article","og_title":"BMW E46 M3 Cabrio Manual","og_description":"BMW E46 M3 Cabrio Manual Az aut\u00f3 Kaliforni\u00e1b\u00f3l sz\u00e1rmazik ez\u00e1ltal teljesen rozsdamentes szinte minden alkatr\u00e9sze, hihetetlen kateg\u00f3ria, hogy egy ilyen id\u0151s aut\u00f3 ebben az \u00e1llapotban fennmaradt. Motorja teljes rev\u00edzi\u00f3t kapott ahogy a fot\u00f3kon is l\u00e1that\u00f3 &#8211; \u00faj kuplung, valamint rengeteg m\u00e1s \u00faj alkatr\u00e9sz. Az aut\u00f3 jelenleg \u00e9rv\u00e9nyes n\u00e9met okm\u00e1nyokkal rendelkezik, ig\u00e9ny eset\u00e9n a magyar forgalomahelyez\u00e9sben [&hellip;]","og_url":"https:\/\/karaiexclusiveracing.hu\/de\/produkt\/bmw-e46-m3-cabrio-manual\/","og_site_name":"K\u00e1rai Exclusive","article_publisher":"https:\/\/www.facebook.com\/karaiexclusiveracing.hu","article_modified_time":"2026-02-06T14:47:02+00:00","og_image":[{"width":1011,"height":768,"url":"https:\/\/karaiexclusiveracing.hu\/wp-content\/uploads\/2025\/12\/SOLD_BMWcabrio.png","type":"image\/png"}],"twitter_card":"summary_large_image","twitter_misc":{"Gesch\u00e4tzte Lesezeit":"1\u00a0Minute"},"schema":{"@context":"https:\/\/schema.org","@graph":[{"@type":"WebPage","@id":"https:\/\/karaiexclusiveracing.hu\/de\/produkt\/bmw-e46-m3-cabrio-manual\/","url":"https:\/\/karaiexclusiveracing.hu\/de\/produkt\/bmw-e46-m3-cabrio-manual\/","name":"BMW E46 M3 Cabrio Manual - K\u00e1rai Exclusive","isPartOf":{"@id":"https:\/\/karaiexclusiveracing.hu\/#website"},"primaryImageOfPage":{"@id":"https:\/\/karaiexclusiveracing.hu\/de\/produkt\/bmw-e46-m3-cabrio-manual\/#primaryimage"},"image":{"@id":"https:\/\/karaiexclusiveracing.hu\/de\/produkt\/bmw-e46-m3-cabrio-manual\/#primaryimage"},"thumbnailUrl":"https:\/\/karaiexclusiveracing.hu\/wp-content\/uploads\/2025\/12\/SOLD_BMWcabrio.png","datePublished":"2025-12-17T12:05:51+00:00","dateModified":"2026-02-06T14:47:02+00:00","breadcrumb":{"@id":"https:\/\/karaiexclusiveracing.hu\/de\/produkt\/bmw-e46-m3-cabrio-manual\/#breadcrumb"},"inLanguage":"de","potentialAction":[{"@type":"ReadAction","target":["https:\/\/karaiexclusiveracing.hu\/de\/produkt\/bmw-e46-m3-cabrio-manual\/"]}]},{"@type":"ImageObject","inLanguage":"de","@id":"https:\/\/karaiexclusiveracing.hu\/de\/produkt\/bmw-e46-m3-cabrio-manual\/#primaryimage","url":"https:\/\/karaiexclusiveracing.hu\/wp-content\/uploads\/2025\/12\/SOLD_BMWcabrio.png","contentUrl":"https:\/\/karaiexclusiveracing.hu\/wp-content\/uploads\/2025\/12\/SOLD_BMWcabrio.png","width":1011,"height":768},{"@type":"BreadcrumbList","@id":"https:\/\/karaiexclusiveracing.hu\/de\/produkt\/bmw-e46-m3-cabrio-manual\/#breadcrumb","itemListElement":[{"@type":"ListItem","position":1,"name":"Kezd\u0151lap","item":"https:\/\/karaiexclusiveracing.hu\/"},{"@type":"ListItem","position":2,"name":"Elad\u00f3 aut\u00f3k","item":"https:\/\/karaiexclusiveracing.hu\/elado-autok\/"},{"@type":"ListItem","position":3,"name":"BMW E46 M3 Cabrio Manual"}]},{"@type":"WebSite","@id":"https:\/\/karaiexclusiveracing.hu\/#website","url":"https:\/\/karaiexclusiveracing.hu\/","name":"K\u00e1rai Exclusive Racing","description":"","publisher":{"@id":"https:\/\/karaiexclusiveracing.hu\/#organization"},"potentialAction":[{"@type":"SearchAction","target":{"@type":"EntryPoint","urlTemplate":"https:\/\/karaiexclusiveracing.hu\/?s={search_term_string}"},"query-input":{"@type":"PropertyValueSpecification","valueRequired":true,"valueName":"search_term_string"}}],"inLanguage":"de"},{"@type":"Organization","@id":"https:\/\/karaiexclusiveracing.hu\/#organization","name":"K\u00e1rai Exclusive Racing","url":"https:\/\/karaiexclusiveracing.hu\/","logo":{"@type":"ImageObject","inLanguage":"de","@id":"https:\/\/karaiexclusiveracing.hu\/#\/schema\/logo\/image\/","url":"https:\/\/www.karaiexclusiveracing.hu\/wp-content\/uploads\/2023\/10\/karai_exclusive_logo-1-1.png","contentUrl":"https:\/\/www.karaiexclusiveracing.hu\/wp-content\/uploads\/2023\/10\/karai_exclusive_logo-1-1.png","width":1575,"height":435,"caption":"K\u00e1rai Exclusive Racing"},"image":{"@id":"https:\/\/karaiexclusiveracing.hu\/#\/schema\/logo\/image\/"},"sameAs":["https:\/\/www.facebook.com\/karaiexclusiveracing.hu","https:\/\/www.instagram.com\/karaiexclusiveracing\/"]}]}},"_links":{"self":[{"href":"http:\/\/karaiexclusiveracing.hu\/de\/wp-json\/wp\/v2\/product\/23850","targetHints":{"allow":["GET"]}}],"collection":[{"href":"http:\/\/karaiexclusiveracing.hu\/de\/wp-json\/wp\/v2\/product"}],"about":[{"href":"http:\/\/karaiexclusiveracing.hu\/de\/wp-json\/wp\/v2\/types\/product"}],"wp:featuredmedia":[{"embeddable":true,"href":"http:\/\/karaiexclusiveracing.hu\/de\/wp-json\/wp\/v2\/media\/23973"}],"wp:attachment":[{"href":"http:\/\/karaiexclusiveracing.hu\/de\/wp-json\/wp\/v2\/media?parent=23850"}],"wp:term":[{"taxonomy":"manufactures","embeddable":true,"href":"http:\/\/karaiexclusiveracing.hu\/de\/wp-json\/wp\/v2\/manufactures?post=23850"},{"taxonomy":"product_brand","embeddable":true,"href":"http:\/\/karaiexclusiveracing.hu\/de\/wp-json\/wp\/v2\/product_brand?post=23850"},{"taxonomy":"product_cat","embeddable":true,"href":"http:\/\/karaiexclusiveracing.hu\/de\/wp-json\/wp\/v2\/product_cat?post=23850"},{"taxonomy":"product_tag","embeddable":true,"href":"http:\/\/karaiexclusiveracing.hu\/de\/wp-json\/wp\/v2\/product_tag?post=23850"}],"curies":[{"name":"wp","href":"https:\/\/api.w.org\/{rel}","templated":true}]}}