{"id":23736,"date":"2025-12-12T15:05:17","date_gmt":"2025-12-12T14:05:17","guid":{"rendered":"http:\/\/www.karaiexclusiveracing.hu\/?post_type=product&#038;p=23736"},"modified":"2025-12-12T15:05:18","modified_gmt":"2025-12-12T14:05:18","slug":"bmw-e46-m3-3","status":"publish","type":"product","link":"http:\/\/karaiexclusiveracing.hu\/de\/termek\/bmw-e46-m3-3\/","title":{"rendered":"BMW E46 M3"},"content":{"rendered":"<p>BMW E46 M3 Coupe SMG. Az aut\u00f3 m\u0171szakilag j\u00f3 \u00e1llapotban van! Az aut\u00f3t olyan fanatikusoknak aj\u00e1nljuk akik nem felt\u00e9tlen akarnak 10-15.000.000 forintot egyben ki adni egy E46 M3-\u00e9rt! Hanem folyamat\u00e1ban sz\u00e9pen akarj\u00e1k rendbe rakni az aut\u00f3t! Az aut\u00f3 r\u00e9g\u00f3ta \u00e1ll de t\u00f6k\u00e9letesen m\u0171k\u00f6dik! A meghirdetett \u00e1r tartalmazza a haza hozatali \u00e9s v\u00e1mol\u00e1si k\u00f6lts\u00e9geket!<br \/>\nMIVEL A MEGHIRDETETT \u00c1R ALKATR\u00c9SZ \u00c1R ALATT VAN EZ\u00c9RT SEMMILYEN SZ\u00cdN ALATT NEM ALKUK\u00c9PES!<br \/>\nAz aut\u00f3 jelenleg m\u00e9g Amerik\u00e1ban van komolyabb \u00e9rdekl\u0151d\u00e9s vagy v\u00e1s\u00e1rl\u00e1si sz\u00e1nd\u00e9k alapj\u00e1n j\u00f6nne haza!<\/p>\n<div>\n<div class=\"mb-3 fw-bold\">Belt\u00e9r<\/div>\n<ul class=\"grid ps-4 gap-0 column-gap-4\">\n<li class=\"g-col-12 g-col-sm-6 g-col-md-4\">b\u0151r bels\u0151<\/li>\n<li class=\"g-col-12 g-col-sm-6 g-col-md-4\">mem\u00f3ri\u00e1s utas\u00fcl\u00e9s<\/li>\n<li class=\"g-col-12 g-col-sm-6 g-col-md-4\">mem\u00f3ri\u00e1s vezet\u0151\u00fcl\u00e9s<\/li>\n<li class=\"g-col-12 g-col-sm-6 g-col-md-4\">multifunkci\u00f3s korm\u00e1nyker\u00e9k<\/li>\n<li class=\"g-col-12 g-col-sm-6 g-col-md-4\">b\u0151rkorm\u00e1ny<\/li>\n<li class=\"g-col-12 g-col-sm-6 g-col-md-4\">f\u00fcgg\u00f6nyl\u00e9gzs\u00e1k<\/li>\n<li class=\"g-col-12 g-col-sm-6 g-col-md-4\">oldall\u00e9gzs\u00e1k<\/li>\n<li class=\"g-col-12 g-col-sm-6 g-col-md-4\">utasoldali l\u00e9gzs\u00e1k<\/li>\n<li class=\"g-col-12 g-col-sm-6 g-col-md-4\">vezet\u0151oldali l\u00e9gzs\u00e1k<\/li>\n<li class=\"g-col-12 g-col-sm-6 g-col-md-4\">\u00e1ll\u00edthat\u00f3 korm\u00e1ny<\/li>\n<li class=\"g-col-12 g-col-sm-6 g-col-md-4\">fed\u00e9lzeti komputer<\/li>\n<li class=\"g-col-12 g-col-sm-6 g-col-md-4\">korm\u00e1nyv\u00e1lt\u00f3<\/li>\n<li class=\"g-col-12 g-col-sm-6 g-col-md-4\">sport\u00fcl\u00e9sek<\/li>\n<\/ul>\n<div class=\"border-bottom border-secondary-subtle mt-3\"><\/div>\n<\/div>\n<div>\n<div class=\"mb-3 fw-bold\">M\u0171szaki<\/div>\n<ul class=\"grid ps-4 gap-0 column-gap-4\">\n<li class=\"g-col-12 g-col-sm-6 g-col-md-4\">ABS (blokkol\u00e1sg\u00e1tl\u00f3)<\/li>\n<li class=\"g-col-12 g-col-sm-6 g-col-md-4\">tempomat<\/li>\n<li class=\"g-col-12 g-col-sm-6 g-col-md-4\">centr\u00e1lz\u00e1r<\/li>\n<li class=\"g-col-12 g-col-sm-6 g-col-md-4\">szervokorm\u00e1ny<\/li>\n<li class=\"g-col-12 g-col-sm-6 g-col-md-4\">sportfut\u00f3m\u0171<\/li>\n<li class=\"g-col-12 g-col-sm-6 g-col-md-4\">sperr differenci\u00e1lm\u0171<\/li>\n<\/ul>\n<div class=\"border-bottom border-secondary-subtle mt-3\"><\/div>\n<\/div>\n<div>\n<div class=\"mb-3 fw-bold\">K\u00fclt\u00e9r<\/div>\n<ul class=\"grid ps-4 gap-0 column-gap-4\">\n<li class=\"g-col-12 g-col-sm-6 g-col-md-4\">xenon f\u00e9nysz\u00f3r\u00f3<\/li>\n<li class=\"g-col-12 g-col-sm-6 g-col-md-4\">elektromos ablak el\u00f6l<\/li>\n<li class=\"g-col-12 g-col-sm-6 g-col-md-4\">elektromos ablak h\u00e1tul<\/li>\n<li class=\"g-col-12 g-col-sm-6 g-col-md-4\">elektromos t\u00fck\u00f6r<\/li>\n<li class=\"g-col-12 g-col-sm-6 g-col-md-4\">f\u0171thet\u0151 t\u00fck\u00f6r<\/li>\n<li class=\"g-col-12 g-col-sm-6 g-col-md-4\">sz\u00ednezett \u00fcveg<\/li>\n<li class=\"g-col-12 g-col-sm-6 g-col-md-4\">k\u00e9toldali tol\u00f3ajt\u00f3<\/li>\n<\/ul>\n<div class=\"border-bottom border-secondary-subtle mt-3\"><\/div>\n<\/div>\n<div>\n<div class=\"mb-3 fw-bold\">Egy\u00e9b inform\u00e1ci\u00f3<\/div>\n<ul class=\"grid ps-4 gap-0 column-gap-4\">\n<li class=\"g-col-12 g-col-sm-6 g-col-md-4\">amerikai modell<\/li>\n<li class=\"g-col-12 g-col-sm-6 g-col-md-4\">garant\u00e1lt km fut\u00e1s<\/li>\n<\/ul>\n<\/div>","protected":false},"excerpt":{"rendered":"<p>BMW E46 M3 Coupe SMG. Az aut\u00f3 m\u0171szakilag j\u00f3 \u00e1llapotban van! Az aut\u00f3t olyan fanatikusoknak aj\u00e1nljuk akik nem felt\u00e9tlen akarnak 10-15.000.000 forintot egyben ki adni egy E46 M3-\u00e9rt! Hanem folyamat\u00e1ban sz\u00e9pen akarj\u00e1k rendbe rakni az aut\u00f3t! Az aut\u00f3 r\u00e9g\u00f3ta \u00e1ll de t\u00f6k\u00e9letesen m\u0171k\u00f6dik! A meghirdetett \u00e1r tartalmazza a haza hozatali \u00e9s v\u00e1mol\u00e1si k\u00f6lts\u00e9geket! MIVEL A [&hellip;]<\/p>\n","protected":false},"featured_media":23752,"template":"","meta":{"_acf_changed":false},"manufactures":[],"product_brand":[165],"product_cat":[25],"product_tag":[],"class_list":{"0":"post-23736","1":"product","2":"type-product","3":"status-publish","4":"has-post-thumbnail","6":"product_brand-bmw","7":"product_cat-streetcar","9":"first","10":"instock","11":"taxable","12":"shipping-taxable","13":"purchasable","14":"product-type-simple"},"exclude_global_add_ons":[],"addons":[],"acf":[],"yoast_head":"<!-- This site is optimized with the Yoast SEO Premium plugin v27.1 (Yoast SEO v27.2) - https:\/\/yoast.com\/product\/yoast-seo-premium-wordpress\/ -->\n<title>BMW E46 M3 - K\u00e1rai Exclusive<\/title>\n<meta name=\"robots\" content=\"index, follow, max-snippet:-1, max-image-preview:large, max-video-preview:-1\" \/>\n<link rel=\"canonical\" href=\"https:\/\/karaiexclusiveracing.hu\/de\/produkt\/bmw-e46-m3-3\/\" \/>\n<meta property=\"og:locale\" content=\"de_DE\" \/>\n<meta property=\"og:type\" content=\"article\" \/>\n<meta property=\"og:title\" content=\"BMW E46 M3\" \/>\n<meta property=\"og:description\" content=\"BMW E46 M3 Coupe SMG. Az aut\u00f3 m\u0171szakilag j\u00f3 \u00e1llapotban van! Az aut\u00f3t olyan fanatikusoknak aj\u00e1nljuk akik nem felt\u00e9tlen akarnak 10-15.000.000 forintot egyben ki adni egy E46 M3-\u00e9rt! Hanem folyamat\u00e1ban sz\u00e9pen akarj\u00e1k rendbe rakni az aut\u00f3t! Az aut\u00f3 r\u00e9g\u00f3ta \u00e1ll de t\u00f6k\u00e9letesen m\u0171k\u00f6dik! A meghirdetett \u00e1r tartalmazza a haza hozatali \u00e9s v\u00e1mol\u00e1si k\u00f6lts\u00e9geket! MIVEL A [&hellip;]\" \/>\n<meta property=\"og:url\" content=\"https:\/\/karaiexclusiveracing.hu\/de\/produkt\/bmw-e46-m3-3\/\" \/>\n<meta property=\"og:site_name\" content=\"K\u00e1rai Exclusive\" \/>\n<meta property=\"article:publisher\" content=\"https:\/\/www.facebook.com\/karaiexclusiveracing.hu\" \/>\n<meta property=\"article:modified_time\" content=\"2025-12-12T14:05:18+00:00\" \/>\n<meta property=\"og:image\" content=\"https:\/\/karaiexclusiveracing.hu\/wp-content\/uploads\/2025\/12\/viber_kep_2025-12-11_07-08-32-430.jpg\" \/>\n\t<meta property=\"og:image:width\" content=\"1600\" \/>\n\t<meta property=\"og:image:height\" content=\"1200\" \/>\n\t<meta property=\"og:image:type\" content=\"image\/jpeg\" \/>\n<meta name=\"twitter:card\" content=\"summary_large_image\" \/>\n<meta name=\"twitter:label1\" content=\"Gesch\u00e4tzte Lesezeit\" \/>\n\t<meta name=\"twitter:data1\" content=\"1\u00a0Minute\" \/>\n<script type=\"application\/ld+json\" class=\"yoast-schema-graph\">{\"@context\":\"https:\/\/schema.org\",\"@graph\":[{\"@type\":\"WebPage\",\"@id\":\"https:\/\/karaiexclusiveracing.hu\/termek\/bmw-e46-m3-3\/\",\"url\":\"https:\/\/karaiexclusiveracing.hu\/termek\/bmw-e46-m3-3\/\",\"name\":\"BMW E46 M3 - K\u00e1rai Exclusive\",\"isPartOf\":{\"@id\":\"https:\/\/karaiexclusiveracing.hu\/#website\"},\"primaryImageOfPage\":{\"@id\":\"https:\/\/karaiexclusiveracing.hu\/termek\/bmw-e46-m3-3\/#primaryimage\"},\"image\":{\"@id\":\"https:\/\/karaiexclusiveracing.hu\/termek\/bmw-e46-m3-3\/#primaryimage\"},\"thumbnailUrl\":\"https:\/\/karaiexclusiveracing.hu\/wp-content\/uploads\/2025\/12\/viber_kep_2025-12-11_07-08-32-430.jpg\",\"datePublished\":\"2025-12-12T14:05:17+00:00\",\"dateModified\":\"2025-12-12T14:05:18+00:00\",\"breadcrumb\":{\"@id\":\"https:\/\/karaiexclusiveracing.hu\/termek\/bmw-e46-m3-3\/#breadcrumb\"},\"inLanguage\":\"de\",\"potentialAction\":[{\"@type\":\"ReadAction\",\"target\":[\"https:\/\/karaiexclusiveracing.hu\/termek\/bmw-e46-m3-3\/\"]}]},{\"@type\":\"ImageObject\",\"inLanguage\":\"de\",\"@id\":\"https:\/\/karaiexclusiveracing.hu\/termek\/bmw-e46-m3-3\/#primaryimage\",\"url\":\"https:\/\/karaiexclusiveracing.hu\/wp-content\/uploads\/2025\/12\/viber_kep_2025-12-11_07-08-32-430.jpg\",\"contentUrl\":\"https:\/\/karaiexclusiveracing.hu\/wp-content\/uploads\/2025\/12\/viber_kep_2025-12-11_07-08-32-430.jpg\",\"width\":1600,\"height\":1200},{\"@type\":\"BreadcrumbList\",\"@id\":\"https:\/\/karaiexclusiveracing.hu\/termek\/bmw-e46-m3-3\/#breadcrumb\",\"itemListElement\":[{\"@type\":\"ListItem\",\"position\":1,\"name\":\"Kezd\u0151lap\",\"item\":\"https:\/\/karaiexclusiveracing.hu\/\"},{\"@type\":\"ListItem\",\"position\":2,\"name\":\"Elad\u00f3 aut\u00f3k\",\"item\":\"https:\/\/karaiexclusiveracing.hu\/elado-autok\/\"},{\"@type\":\"ListItem\",\"position\":3,\"name\":\"BMW E46 M3\"}]},{\"@type\":\"WebSite\",\"@id\":\"https:\/\/karaiexclusiveracing.hu\/#website\",\"url\":\"https:\/\/karaiexclusiveracing.hu\/\",\"name\":\"K\u00e1rai Exclusive Racing\",\"description\":\"\",\"publisher\":{\"@id\":\"https:\/\/karaiexclusiveracing.hu\/#organization\"},\"potentialAction\":[{\"@type\":\"SearchAction\",\"target\":{\"@type\":\"EntryPoint\",\"urlTemplate\":\"https:\/\/karaiexclusiveracing.hu\/?s={search_term_string}\"},\"query-input\":{\"@type\":\"PropertyValueSpecification\",\"valueRequired\":true,\"valueName\":\"search_term_string\"}}],\"inLanguage\":\"de\"},{\"@type\":\"Organization\",\"@id\":\"https:\/\/karaiexclusiveracing.hu\/#organization\",\"name\":\"K\u00e1rai Exclusive Racing\",\"url\":\"https:\/\/karaiexclusiveracing.hu\/\",\"logo\":{\"@type\":\"ImageObject\",\"inLanguage\":\"de\",\"@id\":\"https:\/\/karaiexclusiveracing.hu\/#\/schema\/logo\/image\/\",\"url\":\"https:\/\/www.karaiexclusiveracing.hu\/wp-content\/uploads\/2023\/10\/karai_exclusive_logo-1-1.png\",\"contentUrl\":\"https:\/\/www.karaiexclusiveracing.hu\/wp-content\/uploads\/2023\/10\/karai_exclusive_logo-1-1.png\",\"width\":1575,\"height\":435,\"caption\":\"K\u00e1rai Exclusive Racing\"},\"image\":{\"@id\":\"https:\/\/karaiexclusiveracing.hu\/#\/schema\/logo\/image\/\"},\"sameAs\":[\"https:\/\/www.facebook.com\/karaiexclusiveracing.hu\",\"https:\/\/www.instagram.com\/karaiexclusiveracing\/\"]}]}<\/script>\n<!-- \/ Yoast SEO Premium plugin. -->","yoast_head_json":{"title":"BMW E46 M3 - K\u00e1rai Exclusive","robots":{"index":"index","follow":"follow","max-snippet":"max-snippet:-1","max-image-preview":"max-image-preview:large","max-video-preview":"max-video-preview:-1"},"canonical":"https:\/\/karaiexclusiveracing.hu\/de\/produkt\/bmw-e46-m3-3\/","og_locale":"de_DE","og_type":"article","og_title":"BMW E46 M3","og_description":"BMW E46 M3 Coupe SMG. Az aut\u00f3 m\u0171szakilag j\u00f3 \u00e1llapotban van! Az aut\u00f3t olyan fanatikusoknak aj\u00e1nljuk akik nem felt\u00e9tlen akarnak 10-15.000.000 forintot egyben ki adni egy E46 M3-\u00e9rt! Hanem folyamat\u00e1ban sz\u00e9pen akarj\u00e1k rendbe rakni az aut\u00f3t! Az aut\u00f3 r\u00e9g\u00f3ta \u00e1ll de t\u00f6k\u00e9letesen m\u0171k\u00f6dik! A meghirdetett \u00e1r tartalmazza a haza hozatali \u00e9s v\u00e1mol\u00e1si k\u00f6lts\u00e9geket! MIVEL A [&hellip;]","og_url":"https:\/\/karaiexclusiveracing.hu\/de\/produkt\/bmw-e46-m3-3\/","og_site_name":"K\u00e1rai Exclusive","article_publisher":"https:\/\/www.facebook.com\/karaiexclusiveracing.hu","article_modified_time":"2025-12-12T14:05:18+00:00","og_image":[{"width":1600,"height":1200,"url":"https:\/\/karaiexclusiveracing.hu\/wp-content\/uploads\/2025\/12\/viber_kep_2025-12-11_07-08-32-430.jpg","type":"image\/jpeg"}],"twitter_card":"summary_large_image","twitter_misc":{"Gesch\u00e4tzte Lesezeit":"1\u00a0Minute"},"schema":{"@context":"https:\/\/schema.org","@graph":[{"@type":"WebPage","@id":"https:\/\/karaiexclusiveracing.hu\/termek\/bmw-e46-m3-3\/","url":"https:\/\/karaiexclusiveracing.hu\/termek\/bmw-e46-m3-3\/","name":"BMW E46 M3 - K\u00e1rai Exclusive","isPartOf":{"@id":"https:\/\/karaiexclusiveracing.hu\/#website"},"primaryImageOfPage":{"@id":"https:\/\/karaiexclusiveracing.hu\/termek\/bmw-e46-m3-3\/#primaryimage"},"image":{"@id":"https:\/\/karaiexclusiveracing.hu\/termek\/bmw-e46-m3-3\/#primaryimage"},"thumbnailUrl":"https:\/\/karaiexclusiveracing.hu\/wp-content\/uploads\/2025\/12\/viber_kep_2025-12-11_07-08-32-430.jpg","datePublished":"2025-12-12T14:05:17+00:00","dateModified":"2025-12-12T14:05:18+00:00","breadcrumb":{"@id":"https:\/\/karaiexclusiveracing.hu\/termek\/bmw-e46-m3-3\/#breadcrumb"},"inLanguage":"de","potentialAction":[{"@type":"ReadAction","target":["https:\/\/karaiexclusiveracing.hu\/termek\/bmw-e46-m3-3\/"]}]},{"@type":"ImageObject","inLanguage":"de","@id":"https:\/\/karaiexclusiveracing.hu\/termek\/bmw-e46-m3-3\/#primaryimage","url":"https:\/\/karaiexclusiveracing.hu\/wp-content\/uploads\/2025\/12\/viber_kep_2025-12-11_07-08-32-430.jpg","contentUrl":"https:\/\/karaiexclusiveracing.hu\/wp-content\/uploads\/2025\/12\/viber_kep_2025-12-11_07-08-32-430.jpg","width":1600,"height":1200},{"@type":"BreadcrumbList","@id":"https:\/\/karaiexclusiveracing.hu\/termek\/bmw-e46-m3-3\/#breadcrumb","itemListElement":[{"@type":"ListItem","position":1,"name":"Kezd\u0151lap","item":"https:\/\/karaiexclusiveracing.hu\/"},{"@type":"ListItem","position":2,"name":"Elad\u00f3 aut\u00f3k","item":"https:\/\/karaiexclusiveracing.hu\/elado-autok\/"},{"@type":"ListItem","position":3,"name":"BMW E46 M3"}]},{"@type":"WebSite","@id":"https:\/\/karaiexclusiveracing.hu\/#website","url":"https:\/\/karaiexclusiveracing.hu\/","name":"K\u00e1rai Exclusive Racing","description":"","publisher":{"@id":"https:\/\/karaiexclusiveracing.hu\/#organization"},"potentialAction":[{"@type":"SearchAction","target":{"@type":"EntryPoint","urlTemplate":"https:\/\/karaiexclusiveracing.hu\/?s={search_term_string}"},"query-input":{"@type":"PropertyValueSpecification","valueRequired":true,"valueName":"search_term_string"}}],"inLanguage":"de"},{"@type":"Organization","@id":"https:\/\/karaiexclusiveracing.hu\/#organization","name":"K\u00e1rai Exclusive Racing","url":"https:\/\/karaiexclusiveracing.hu\/","logo":{"@type":"ImageObject","inLanguage":"de","@id":"https:\/\/karaiexclusiveracing.hu\/#\/schema\/logo\/image\/","url":"https:\/\/www.karaiexclusiveracing.hu\/wp-content\/uploads\/2023\/10\/karai_exclusive_logo-1-1.png","contentUrl":"https:\/\/www.karaiexclusiveracing.hu\/wp-content\/uploads\/2023\/10\/karai_exclusive_logo-1-1.png","width":1575,"height":435,"caption":"K\u00e1rai Exclusive Racing"},"image":{"@id":"https:\/\/karaiexclusiveracing.hu\/#\/schema\/logo\/image\/"},"sameAs":["https:\/\/www.facebook.com\/karaiexclusiveracing.hu","https:\/\/www.instagram.com\/karaiexclusiveracing\/"]}]}},"_links":{"self":[{"href":"http:\/\/karaiexclusiveracing.hu\/de\/wp-json\/wp\/v2\/product\/23736","targetHints":{"allow":["GET"]}}],"collection":[{"href":"http:\/\/karaiexclusiveracing.hu\/de\/wp-json\/wp\/v2\/product"}],"about":[{"href":"http:\/\/karaiexclusiveracing.hu\/de\/wp-json\/wp\/v2\/types\/product"}],"wp:featuredmedia":[{"embeddable":true,"href":"http:\/\/karaiexclusiveracing.hu\/de\/wp-json\/wp\/v2\/media\/23752"}],"wp:attachment":[{"href":"http:\/\/karaiexclusiveracing.hu\/de\/wp-json\/wp\/v2\/media?parent=23736"}],"wp:term":[{"taxonomy":"manufactures","embeddable":true,"href":"http:\/\/karaiexclusiveracing.hu\/de\/wp-json\/wp\/v2\/manufactures?post=23736"},{"taxonomy":"product_brand","embeddable":true,"href":"http:\/\/karaiexclusiveracing.hu\/de\/wp-json\/wp\/v2\/product_brand?post=23736"},{"taxonomy":"product_cat","embeddable":true,"href":"http:\/\/karaiexclusiveracing.hu\/de\/wp-json\/wp\/v2\/product_cat?post=23736"},{"taxonomy":"product_tag","embeddable":true,"href":"http:\/\/karaiexclusiveracing.hu\/de\/wp-json\/wp\/v2\/product_tag?post=23736"}],"curies":[{"name":"wp","href":"https:\/\/api.w.org\/{rel}","templated":true}]}}