{"id":23619,"date":"2025-12-03T15:34:31","date_gmt":"2025-12-03T14:34:31","guid":{"rendered":"https:\/\/www.karaiexclusiveracing.hu\/?post_type=product&#038;p=23619"},"modified":"2026-03-04T18:06:55","modified_gmt":"2026-03-04T17:06:55","slug":"bmw-e46-330ci-individual","status":"publish","type":"product","link":"http:\/\/karaiexclusiveracing.hu\/de\/termek\/bmw-e46-330ci-individual\/","title":{"rendered":"BMW E46 330CI INDIVIDUAL"},"content":{"rendered":"<div>\n<div dir=\"auto\">\n<div>Ha egy igaz\u00e1n k\u00fcl\u00f6nleges E46-ot szeretn\u00e9l!<\/div>\n<div>BMW E46 330i M-SPORT INDIVIDUAL! Az aut\u00f3 karossz\u00e9ri\u00e1ja kimagasl\u00f3 \u00e1llapotban van! Az elm\u00falt id\u0151szakban rengeteg minden cserelve lett rajta: Motor jelad\u00f3k, sz\u00edv\u00f3sor t\u00f6m\u00edt\u00e9sek, els\u0151 leng\u0151karok, difi szilentek, leng\u0151kar szilentek az \u00f6sszes E46 t\u00edpus betegs\u00e9g orvosolva lett! \u00daj v\u00edzleh\u00faz\u00f3k, lev\u00e9l r\u00e1cs, els\u0151 l\u00e1mp\u00e1k fel\u00faj\u00edtva, stb.<br \/>\nAz aut\u00f3 megtekint\u00e9s\u00e9hez el\u0151zetes telefonos egyeztet\u00e9sre van sz\u00fcks\u00e9g!<\/div>\n<\/div>\n<div dir=\"auto\"><strong>Belt\u00e9r<\/strong><\/div>\n<ul>\n<li>b\u0151r bels\u0151<\/li>\n<li>d\u00f6nthet\u0151 utas\u00fcl\u00e9sek<\/li>\n<li>f\u0171thet\u0151 els\u0151 \u00fcl\u00e9s<\/li>\n<li>mem\u00f3ri\u00e1s vezet\u0151\u00fcl\u00e9s<\/li>\n<li>\u00fcl\u00e9smagass\u00e1g \u00e1ll\u00edt\u00e1s<\/li>\n<li>k\u00f6z\u00e9ps\u0151 kart\u00e1masz<\/li>\n<li>multifunkci\u00f3s korm\u00e1nyker\u00e9k<\/li>\n<li>\u00e1ll\u00edthat\u00f3 combt\u00e1masz<\/li>\n<li>der\u00e9kt\u00e1masz<\/li>\n<li>b\u0151rkorm\u00e1ny<\/li>\n<li>f\u00fcgg\u00f6nyl\u00e9gzs\u00e1k<\/li>\n<li>oldall\u00e9gzs\u00e1k<\/li>\n<li>utasoldali l\u00e9gzs\u00e1k<\/li>\n<li>vezet\u0151oldali l\u00e9gzs\u00e1k<\/li>\n<li>\u00e1ll\u00edthat\u00f3 korm\u00e1ny<\/li>\n<li>fed\u00e9lzeti komputer<\/li>\n<li>sport\u00fcl\u00e9sek<\/li>\n<\/ul>\n<div><\/div>\n<\/div>\n<div>\n<div><strong>M\u0171szaki<\/strong><\/div>\n<ul>\n<li>tolat\u00f3radar<\/li>\n<li>ABS (blokkol\u00e1sg\u00e1tl\u00f3)<\/li>\n<li>ASR (kip\u00f6rg\u00e9sg\u00e1tl\u00f3)<\/li>\n<li>tempomat<\/li>\n<li>centr\u00e1lz\u00e1r<\/li>\n<li>szervokorm\u00e1ny<\/li>\n<li>sportfut\u00f3m\u0171<\/li>\n<\/ul>\n<div><\/div>\n<\/div>\n<div>\n<div><strong>K\u00fclt\u00e9r<\/strong><\/div>\n<ul>\n<li>f\u0171thet\u0151 ablakmos\u00f3 f\u00fav\u00f3k\u00e1k<\/li>\n<li>xenon f\u00e9nysz\u00f3r\u00f3<\/li>\n<li>automata f\u00e9nysz\u00f3r\u00f3kapcsol\u00e1s<\/li>\n<li>f\u00e9nysz\u00f3r\u00f3mos\u00f3<\/li>\n<li>elektromos ablak el\u00f6l<\/li>\n<li>elektromos ablak h\u00e1tul<\/li>\n<li>elektromos t\u00fck\u00f6r<\/li>\n<li>f\u0171thet\u0151 t\u00fck\u00f6r<\/li>\n<li>k\u00f6nny\u0171f\u00e9m felni<\/li>\n<li>sz\u00ednezett \u00fcveg<\/li>\n<\/ul>\n<\/div>","protected":false},"excerpt":{"rendered":"<p>Ha egy igaz\u00e1n k\u00fcl\u00f6nleges E46-ot szeretn\u00e9l! BMW E46 330i M-SPORT INDIVIDUAL! Az aut\u00f3 karossz\u00e9ri\u00e1ja kimagasl\u00f3 \u00e1llapotban van! Az elm\u00falt id\u0151szakban rengeteg minden cserelve lett rajta: Motor jelad\u00f3k, sz\u00edv\u00f3sor t\u00f6m\u00edt\u00e9sek, els\u0151 leng\u0151karok, difi szilentek, leng\u0151kar szilentek az \u00f6sszes E46 t\u00edpus betegs\u00e9g orvosolva lett! \u00daj v\u00edzleh\u00faz\u00f3k, lev\u00e9l r\u00e1cs, els\u0151 l\u00e1mp\u00e1k fel\u00faj\u00edtva, stb. Az aut\u00f3 megtekint\u00e9s\u00e9hez el\u0151zetes telefonos [&hellip;]<\/p>\n","protected":false},"featured_media":23919,"template":"","meta":{"_acf_changed":false},"manufactures":[],"product_brand":[165],"product_cat":[25],"product_tag":[109],"class_list":{"0":"post-23619","1":"product","2":"type-product","3":"status-publish","4":"has-post-thumbnail","6":"product_brand-bmw","7":"product_cat-streetcar","8":"product_tag-sold","10":"first","11":"instock","12":"taxable","13":"shipping-taxable","14":"purchasable","15":"product-type-simple"},"exclude_global_add_ons":[],"addons":[],"acf":[],"yoast_head":"<!-- This site is optimized with the Yoast SEO Premium plugin v27.1 (Yoast SEO v27.2) - https:\/\/yoast.com\/product\/yoast-seo-premium-wordpress\/ -->\n<title>BMW E46 330CI INDIVIDUAL - K\u00e1rai Exclusive<\/title>\n<meta name=\"robots\" content=\"index, follow, max-snippet:-1, max-image-preview:large, max-video-preview:-1\" \/>\n<link rel=\"canonical\" href=\"https:\/\/karaiexclusiveracing.hu\/de\/produkt\/bmw-e46-330ci-individual\/\" \/>\n<meta property=\"og:locale\" content=\"de_DE\" \/>\n<meta property=\"og:type\" content=\"article\" \/>\n<meta property=\"og:title\" content=\"BMW E46 330CI INDIVIDUAL\" \/>\n<meta property=\"og:description\" content=\"Ha egy igaz\u00e1n k\u00fcl\u00f6nleges E46-ot szeretn\u00e9l! BMW E46 330i M-SPORT INDIVIDUAL! Az aut\u00f3 karossz\u00e9ri\u00e1ja kimagasl\u00f3 \u00e1llapotban van! Az elm\u00falt id\u0151szakban rengeteg minden cserelve lett rajta: Motor jelad\u00f3k, sz\u00edv\u00f3sor t\u00f6m\u00edt\u00e9sek, els\u0151 leng\u0151karok, difi szilentek, leng\u0151kar szilentek az \u00f6sszes E46 t\u00edpus betegs\u00e9g orvosolva lett! \u00daj v\u00edzleh\u00faz\u00f3k, lev\u00e9l r\u00e1cs, els\u0151 l\u00e1mp\u00e1k fel\u00faj\u00edtva, stb. Az aut\u00f3 megtekint\u00e9s\u00e9hez el\u0151zetes telefonos [&hellip;]\" \/>\n<meta property=\"og:url\" content=\"https:\/\/karaiexclusiveracing.hu\/de\/produkt\/bmw-e46-330ci-individual\/\" \/>\n<meta property=\"og:site_name\" content=\"K\u00e1rai Exclusive\" \/>\n<meta property=\"article:publisher\" content=\"https:\/\/www.facebook.com\/karaiexclusiveracing.hu\" \/>\n<meta property=\"article:modified_time\" content=\"2026-03-04T17:06:55+00:00\" \/>\n<meta property=\"og:image\" content=\"https:\/\/karaiexclusiveracing.hu\/wp-content\/uploads\/2025\/12\/Cimsor-hozzaadasa-24.png\" \/>\n\t<meta property=\"og:image:width\" content=\"1355\" \/>\n\t<meta property=\"og:image:height\" content=\"756\" \/>\n\t<meta property=\"og:image:type\" content=\"image\/png\" \/>\n<meta name=\"twitter:card\" content=\"summary_large_image\" \/>\n<meta name=\"twitter:label1\" content=\"Gesch\u00e4tzte Lesezeit\" \/>\n\t<meta name=\"twitter:data1\" content=\"1\u00a0Minute\" \/>\n<script type=\"application\/ld+json\" class=\"yoast-schema-graph\">{\"@context\":\"https:\/\/schema.org\",\"@graph\":[{\"@type\":\"WebPage\",\"@id\":\"https:\/\/karaiexclusiveracing.hu\/de\/produkt\/bmw-e46-330ci-individual\/\",\"url\":\"https:\/\/karaiexclusiveracing.hu\/de\/produkt\/bmw-e46-330ci-individual\/\",\"name\":\"BMW E46 330CI INDIVIDUAL - K\u00e1rai Exclusive\",\"isPartOf\":{\"@id\":\"https:\/\/karaiexclusiveracing.hu\/#website\"},\"primaryImageOfPage\":{\"@id\":\"https:\/\/karaiexclusiveracing.hu\/de\/produkt\/bmw-e46-330ci-individual\/#primaryimage\"},\"image\":{\"@id\":\"https:\/\/karaiexclusiveracing.hu\/de\/produkt\/bmw-e46-330ci-individual\/#primaryimage\"},\"thumbnailUrl\":\"https:\/\/karaiexclusiveracing.hu\/wp-content\/uploads\/2025\/12\/Cimsor-hozzaadasa-24.png\",\"datePublished\":\"2025-12-03T14:34:31+00:00\",\"dateModified\":\"2026-03-04T17:06:55+00:00\",\"breadcrumb\":{\"@id\":\"https:\/\/karaiexclusiveracing.hu\/de\/produkt\/bmw-e46-330ci-individual\/#breadcrumb\"},\"inLanguage\":\"de\",\"potentialAction\":[{\"@type\":\"ReadAction\",\"target\":[\"https:\/\/karaiexclusiveracing.hu\/de\/produkt\/bmw-e46-330ci-individual\/\"]}]},{\"@type\":\"ImageObject\",\"inLanguage\":\"de\",\"@id\":\"https:\/\/karaiexclusiveracing.hu\/de\/produkt\/bmw-e46-330ci-individual\/#primaryimage\",\"url\":\"https:\/\/karaiexclusiveracing.hu\/wp-content\/uploads\/2025\/12\/Cimsor-hozzaadasa-24.png\",\"contentUrl\":\"https:\/\/karaiexclusiveracing.hu\/wp-content\/uploads\/2025\/12\/Cimsor-hozzaadasa-24.png\",\"width\":1355,\"height\":756},{\"@type\":\"BreadcrumbList\",\"@id\":\"https:\/\/karaiexclusiveracing.hu\/de\/produkt\/bmw-e46-330ci-individual\/#breadcrumb\",\"itemListElement\":[{\"@type\":\"ListItem\",\"position\":1,\"name\":\"Kezd\u0151lap\",\"item\":\"https:\/\/karaiexclusiveracing.hu\/\"},{\"@type\":\"ListItem\",\"position\":2,\"name\":\"Elad\u00f3 aut\u00f3k\",\"item\":\"https:\/\/karaiexclusiveracing.hu\/elado-autok\/\"},{\"@type\":\"ListItem\",\"position\":3,\"name\":\"BMW E46 330CI INDIVIDUAL\"}]},{\"@type\":\"WebSite\",\"@id\":\"https:\/\/karaiexclusiveracing.hu\/#website\",\"url\":\"https:\/\/karaiexclusiveracing.hu\/\",\"name\":\"K\u00e1rai Exclusive Racing\",\"description\":\"\",\"publisher\":{\"@id\":\"https:\/\/karaiexclusiveracing.hu\/#organization\"},\"potentialAction\":[{\"@type\":\"SearchAction\",\"target\":{\"@type\":\"EntryPoint\",\"urlTemplate\":\"https:\/\/karaiexclusiveracing.hu\/?s={search_term_string}\"},\"query-input\":{\"@type\":\"PropertyValueSpecification\",\"valueRequired\":true,\"valueName\":\"search_term_string\"}}],\"inLanguage\":\"de\"},{\"@type\":\"Organization\",\"@id\":\"https:\/\/karaiexclusiveracing.hu\/#organization\",\"name\":\"K\u00e1rai Exclusive Racing\",\"url\":\"https:\/\/karaiexclusiveracing.hu\/\",\"logo\":{\"@type\":\"ImageObject\",\"inLanguage\":\"de\",\"@id\":\"https:\/\/karaiexclusiveracing.hu\/#\/schema\/logo\/image\/\",\"url\":\"https:\/\/www.karaiexclusiveracing.hu\/wp-content\/uploads\/2023\/10\/karai_exclusive_logo-1-1.png\",\"contentUrl\":\"https:\/\/www.karaiexclusiveracing.hu\/wp-content\/uploads\/2023\/10\/karai_exclusive_logo-1-1.png\",\"width\":1575,\"height\":435,\"caption\":\"K\u00e1rai Exclusive Racing\"},\"image\":{\"@id\":\"https:\/\/karaiexclusiveracing.hu\/#\/schema\/logo\/image\/\"},\"sameAs\":[\"https:\/\/www.facebook.com\/karaiexclusiveracing.hu\",\"https:\/\/www.instagram.com\/karaiexclusiveracing\/\"]}]}<\/script>\n<!-- \/ Yoast SEO Premium plugin. -->","yoast_head_json":{"title":"BMW E46 330CI INDIVIDUAL - K\u00e1rai Exclusive","robots":{"index":"index","follow":"follow","max-snippet":"max-snippet:-1","max-image-preview":"max-image-preview:large","max-video-preview":"max-video-preview:-1"},"canonical":"https:\/\/karaiexclusiveracing.hu\/de\/produkt\/bmw-e46-330ci-individual\/","og_locale":"de_DE","og_type":"article","og_title":"BMW E46 330CI INDIVIDUAL","og_description":"Ha egy igaz\u00e1n k\u00fcl\u00f6nleges E46-ot szeretn\u00e9l! BMW E46 330i M-SPORT INDIVIDUAL! Az aut\u00f3 karossz\u00e9ri\u00e1ja kimagasl\u00f3 \u00e1llapotban van! Az elm\u00falt id\u0151szakban rengeteg minden cserelve lett rajta: Motor jelad\u00f3k, sz\u00edv\u00f3sor t\u00f6m\u00edt\u00e9sek, els\u0151 leng\u0151karok, difi szilentek, leng\u0151kar szilentek az \u00f6sszes E46 t\u00edpus betegs\u00e9g orvosolva lett! \u00daj v\u00edzleh\u00faz\u00f3k, lev\u00e9l r\u00e1cs, els\u0151 l\u00e1mp\u00e1k fel\u00faj\u00edtva, stb. Az aut\u00f3 megtekint\u00e9s\u00e9hez el\u0151zetes telefonos [&hellip;]","og_url":"https:\/\/karaiexclusiveracing.hu\/de\/produkt\/bmw-e46-330ci-individual\/","og_site_name":"K\u00e1rai Exclusive","article_publisher":"https:\/\/www.facebook.com\/karaiexclusiveracing.hu","article_modified_time":"2026-03-04T17:06:55+00:00","og_image":[{"width":1355,"height":756,"url":"https:\/\/karaiexclusiveracing.hu\/wp-content\/uploads\/2025\/12\/Cimsor-hozzaadasa-24.png","type":"image\/png"}],"twitter_card":"summary_large_image","twitter_misc":{"Gesch\u00e4tzte Lesezeit":"1\u00a0Minute"},"schema":{"@context":"https:\/\/schema.org","@graph":[{"@type":"WebPage","@id":"https:\/\/karaiexclusiveracing.hu\/de\/produkt\/bmw-e46-330ci-individual\/","url":"https:\/\/karaiexclusiveracing.hu\/de\/produkt\/bmw-e46-330ci-individual\/","name":"BMW E46 330CI INDIVIDUAL - K\u00e1rai Exclusive","isPartOf":{"@id":"https:\/\/karaiexclusiveracing.hu\/#website"},"primaryImageOfPage":{"@id":"https:\/\/karaiexclusiveracing.hu\/de\/produkt\/bmw-e46-330ci-individual\/#primaryimage"},"image":{"@id":"https:\/\/karaiexclusiveracing.hu\/de\/produkt\/bmw-e46-330ci-individual\/#primaryimage"},"thumbnailUrl":"https:\/\/karaiexclusiveracing.hu\/wp-content\/uploads\/2025\/12\/Cimsor-hozzaadasa-24.png","datePublished":"2025-12-03T14:34:31+00:00","dateModified":"2026-03-04T17:06:55+00:00","breadcrumb":{"@id":"https:\/\/karaiexclusiveracing.hu\/de\/produkt\/bmw-e46-330ci-individual\/#breadcrumb"},"inLanguage":"de","potentialAction":[{"@type":"ReadAction","target":["https:\/\/karaiexclusiveracing.hu\/de\/produkt\/bmw-e46-330ci-individual\/"]}]},{"@type":"ImageObject","inLanguage":"de","@id":"https:\/\/karaiexclusiveracing.hu\/de\/produkt\/bmw-e46-330ci-individual\/#primaryimage","url":"https:\/\/karaiexclusiveracing.hu\/wp-content\/uploads\/2025\/12\/Cimsor-hozzaadasa-24.png","contentUrl":"https:\/\/karaiexclusiveracing.hu\/wp-content\/uploads\/2025\/12\/Cimsor-hozzaadasa-24.png","width":1355,"height":756},{"@type":"BreadcrumbList","@id":"https:\/\/karaiexclusiveracing.hu\/de\/produkt\/bmw-e46-330ci-individual\/#breadcrumb","itemListElement":[{"@type":"ListItem","position":1,"name":"Kezd\u0151lap","item":"https:\/\/karaiexclusiveracing.hu\/"},{"@type":"ListItem","position":2,"name":"Elad\u00f3 aut\u00f3k","item":"https:\/\/karaiexclusiveracing.hu\/elado-autok\/"},{"@type":"ListItem","position":3,"name":"BMW E46 330CI INDIVIDUAL"}]},{"@type":"WebSite","@id":"https:\/\/karaiexclusiveracing.hu\/#website","url":"https:\/\/karaiexclusiveracing.hu\/","name":"K\u00e1rai Exclusive Racing","description":"","publisher":{"@id":"https:\/\/karaiexclusiveracing.hu\/#organization"},"potentialAction":[{"@type":"SearchAction","target":{"@type":"EntryPoint","urlTemplate":"https:\/\/karaiexclusiveracing.hu\/?s={search_term_string}"},"query-input":{"@type":"PropertyValueSpecification","valueRequired":true,"valueName":"search_term_string"}}],"inLanguage":"de"},{"@type":"Organization","@id":"https:\/\/karaiexclusiveracing.hu\/#organization","name":"K\u00e1rai Exclusive Racing","url":"https:\/\/karaiexclusiveracing.hu\/","logo":{"@type":"ImageObject","inLanguage":"de","@id":"https:\/\/karaiexclusiveracing.hu\/#\/schema\/logo\/image\/","url":"https:\/\/www.karaiexclusiveracing.hu\/wp-content\/uploads\/2023\/10\/karai_exclusive_logo-1-1.png","contentUrl":"https:\/\/www.karaiexclusiveracing.hu\/wp-content\/uploads\/2023\/10\/karai_exclusive_logo-1-1.png","width":1575,"height":435,"caption":"K\u00e1rai Exclusive Racing"},"image":{"@id":"https:\/\/karaiexclusiveracing.hu\/#\/schema\/logo\/image\/"},"sameAs":["https:\/\/www.facebook.com\/karaiexclusiveracing.hu","https:\/\/www.instagram.com\/karaiexclusiveracing\/"]}]}},"_links":{"self":[{"href":"http:\/\/karaiexclusiveracing.hu\/de\/wp-json\/wp\/v2\/product\/23619","targetHints":{"allow":["GET"]}}],"collection":[{"href":"http:\/\/karaiexclusiveracing.hu\/de\/wp-json\/wp\/v2\/product"}],"about":[{"href":"http:\/\/karaiexclusiveracing.hu\/de\/wp-json\/wp\/v2\/types\/product"}],"wp:featuredmedia":[{"embeddable":true,"href":"http:\/\/karaiexclusiveracing.hu\/de\/wp-json\/wp\/v2\/media\/23919"}],"wp:attachment":[{"href":"http:\/\/karaiexclusiveracing.hu\/de\/wp-json\/wp\/v2\/media?parent=23619"}],"wp:term":[{"taxonomy":"manufactures","embeddable":true,"href":"http:\/\/karaiexclusiveracing.hu\/de\/wp-json\/wp\/v2\/manufactures?post=23619"},{"taxonomy":"product_brand","embeddable":true,"href":"http:\/\/karaiexclusiveracing.hu\/de\/wp-json\/wp\/v2\/product_brand?post=23619"},{"taxonomy":"product_cat","embeddable":true,"href":"http:\/\/karaiexclusiveracing.hu\/de\/wp-json\/wp\/v2\/product_cat?post=23619"},{"taxonomy":"product_tag","embeddable":true,"href":"http:\/\/karaiexclusiveracing.hu\/de\/wp-json\/wp\/v2\/product_tag?post=23619"}],"curies":[{"name":"wp","href":"https:\/\/api.w.org\/{rel}","templated":true}]}}