{"id":23599,"date":"2025-11-07T12:47:43","date_gmt":"2025-11-07T11:47:43","guid":{"rendered":"https:\/\/www.karaiexclusiveracing.hu\/?post_type=product&#038;p=23599"},"modified":"2026-02-20T12:07:16","modified_gmt":"2026-02-20T11:07:16","slug":"bmw-e46-328i-touring","status":"publish","type":"product","link":"http:\/\/karaiexclusiveracing.hu\/de\/termek\/bmw-e46-328i-touring\/","title":{"rendered":"BMW E46 328i Touring"},"content":{"rendered":"<p>Elad\u00e1sra k\u00edn\u00e1lunk egy BMW E46 328i Touring Induvidual-t. Az aut\u00f3 ebben a k\u00fcls\u0151-bels\u0151 sz\u00edn\u00f6ssze\u00e1ll\u00edt\u00e1sban nagyon kis darabsz\u00e1mban k\u00e9sz\u00fclt, ebb\u0151l fakad\u00f3an kiv\u00e1l\u00f3 \u00e9rt\u00e9k\u00e1ll\u00f3 befektet\u00e9s. Az aut\u00f3 \u00f6sszess\u00e9g\u00e9ben meg\u0151rz\u00f6tt \u00e1llapotban van, de a karossz\u00e9ri\u00e1j\u00e1val n\u00e9h\u00e1ny helyen foglalkozni kell. (l\u00e1sd a fot\u00f3kon)<br \/>\nIg\u00e9ny eset\u00e9n tudunk seg\u00edteni az aut\u00f3 rendbet\u00e9tel\u00e9ben, valamint a forgalomba helyez\u00e9s\u00e9ben is (a forgalomba helyez\u00e9s k\u00f6lts\u00e9ge 700 000 Ft). A j\u00e1rm\u0171 n\u00e9met okm\u00e1nyokkal rendelkezik.<\/p>\n<p><strong>Megtekinthet\u0151 Nagytarcs\u00e1n a Fels\u0151 Ipari K\u00f6r\u00fat 2\/C c\u00edmen egy el\u0151re egyeztetett id\u0151pontot k\u00f6vet\u0151en.<\/strong><\/p>\n<p><strong>M\u0171szaki adatok<\/strong><\/p>\n<p>kulcsn\u00e9lk\u00fcli nyit\u00f3rendszer<\/p>\n<p>ABS (blokkol\u00e1sg\u00e1tl\u00f3)<\/p>\n<p>ASR (kip\u00f6rg\u00e9sg\u00e1tl\u00f3)<\/p>\n<p>tempomat<\/p>\n<p>centr\u00e1lz\u00e1r<\/p>\n<p>riaszt\u00f3<\/p>\n<p>szervokorm\u00e1ny<\/p>\n<p>sportfut\u00f3m\u0171<\/p>\n<p>von\u00f3horog &#8211; levehet\u0151 fejjel<\/p>\n<p><strong>Belt\u00e9r<\/strong><\/p>\n<p>d\u00f6nthet\u0151 utas\u00fcl\u00e9sek<\/p>\n<p>f\u0171thet\u0151 els\u0151 \u00fcl\u00e9s<\/p>\n<p>\u00fcl\u00e9smagass\u00e1g \u00e1ll\u00edt\u00e1s<\/p>\n<p>automatikusan s\u00f6t\u00e9ted\u0151 bels\u0151 t\u00fck\u00f6r<\/p>\n<p>\u00e1ll\u00edthat\u00f3 combt\u00e1masz<\/p>\n<p>elektromos \u00fcl\u00e9s\u00e1ll\u00edt\u00e1s vezet\u0151oldal<\/p>\n<p>elektromos \u00fcl\u00e9s\u00e1ll\u00edt\u00e1s utasoldal<\/p>\n<p>Alcantara k\u00e1rpit<\/p>\n<p>b\u0151rkorm\u00e1ny<\/p>\n<p>f\u00fcgg\u00f6nyl\u00e9gzs\u00e1k<\/p>\n<p>oldall\u00e9gzs\u00e1k<\/p>\n<p>utasoldali l\u00e9gzs\u00e1k<\/p>\n<p>vezet\u0151oldali l\u00e9gzs\u00e1k<\/p>\n<p>\u00e1ll\u00edthat\u00f3 korm\u00e1ny<\/p>\n<p>fed\u00e9lzeti komputer<\/p>\n<p>sport\u00fcl\u00e9sek<\/p>\n<p><strong>K\u00fclt\u00e9r<\/strong><\/p>\n<p>k\u00f6dl\u00e1mpa<\/p>\n<p>xenon f\u00e9nysz\u00f3r\u00f3<\/p>\n<p>es\u0151szenzor<\/p>\n<p>elektromos ablak el\u00f6l<\/p>\n<p>elektromos ablak h\u00e1tul<\/p>\n<p>elektromos t\u00fck\u00f6r<\/p>\n<p>f\u0171thet\u0151 t\u00fck\u00f6r<\/p>\n<p>k\u00f6nny\u0171f\u00e9m felni<\/p>\n<p>sz\u00ednezett \u00fcveg<\/p>\n<p>tol\u00f3tet\u0151 (napf\u00e9nytet\u0151)<\/p>\n<p>tol\u00f3tet\u0151 &#8211; elektromos<\/p>\n<p>Multim\u00e9dia \/ Navig\u00e1ci\u00f3<\/p>\n<p>r\u00e1di\u00f3<\/p>\n<p>HIFI<\/p>","protected":false},"excerpt":{"rendered":"<p>Elad\u00e1sra k\u00edn\u00e1lunk egy BMW E46 328i Touring Induvidual-t. Az aut\u00f3 ebben a k\u00fcls\u0151-bels\u0151 sz\u00edn\u00f6ssze\u00e1ll\u00edt\u00e1sban nagyon kis darabsz\u00e1mban k\u00e9sz\u00fclt, ebb\u0151l fakad\u00f3an kiv\u00e1l\u00f3 \u00e9rt\u00e9k\u00e1ll\u00f3 befektet\u00e9s. Az aut\u00f3 \u00f6sszess\u00e9g\u00e9ben meg\u0151rz\u00f6tt \u00e1llapotban van, de a karossz\u00e9ri\u00e1j\u00e1val n\u00e9h\u00e1ny helyen foglalkozni kell. (l\u00e1sd a fot\u00f3kon) Ig\u00e9ny eset\u00e9n tudunk seg\u00edteni az aut\u00f3 rendbet\u00e9tel\u00e9ben, valamint a forgalomba helyez\u00e9s\u00e9ben is (a forgalomba helyez\u00e9s k\u00f6lts\u00e9ge [&hellip;]<\/p>\n","protected":false},"featured_media":23601,"template":"","meta":{"_acf_changed":false},"manufactures":[],"product_brand":[165],"product_cat":[25],"product_tag":[],"class_list":{"0":"post-23599","1":"product","2":"type-product","3":"status-publish","4":"has-post-thumbnail","6":"product_brand-bmw","7":"product_cat-streetcar","9":"first","10":"instock","11":"taxable","12":"shipping-taxable","13":"purchasable","14":"product-type-simple"},"exclude_global_add_ons":[],"addons":[],"acf":[],"yoast_head":"<!-- This site is optimized with the Yoast SEO Premium plugin v27.1 (Yoast SEO v27.2) - https:\/\/yoast.com\/product\/yoast-seo-premium-wordpress\/ -->\n<title>BMW E46 328i Touring - K\u00e1rai Exclusive<\/title>\n<meta name=\"robots\" content=\"index, follow, max-snippet:-1, max-image-preview:large, max-video-preview:-1\" \/>\n<link rel=\"canonical\" href=\"https:\/\/karaiexclusiveracing.hu\/de\/produkt\/bmw-e46-328i-touring\/\" \/>\n<meta property=\"og:locale\" content=\"de_DE\" \/>\n<meta property=\"og:type\" content=\"article\" \/>\n<meta property=\"og:title\" content=\"BMW E46 328i Touring\" \/>\n<meta property=\"og:description\" content=\"Elad\u00e1sra k\u00edn\u00e1lunk egy BMW E46 328i Touring Induvidual-t. Az aut\u00f3 ebben a k\u00fcls\u0151-bels\u0151 sz\u00edn\u00f6ssze\u00e1ll\u00edt\u00e1sban nagyon kis darabsz\u00e1mban k\u00e9sz\u00fclt, ebb\u0151l fakad\u00f3an kiv\u00e1l\u00f3 \u00e9rt\u00e9k\u00e1ll\u00f3 befektet\u00e9s. Az aut\u00f3 \u00f6sszess\u00e9g\u00e9ben meg\u0151rz\u00f6tt \u00e1llapotban van, de a karossz\u00e9ri\u00e1j\u00e1val n\u00e9h\u00e1ny helyen foglalkozni kell. (l\u00e1sd a fot\u00f3kon) Ig\u00e9ny eset\u00e9n tudunk seg\u00edteni az aut\u00f3 rendbet\u00e9tel\u00e9ben, valamint a forgalomba helyez\u00e9s\u00e9ben is (a forgalomba helyez\u00e9s k\u00f6lts\u00e9ge [&hellip;]\" \/>\n<meta property=\"og:url\" content=\"https:\/\/karaiexclusiveracing.hu\/de\/produkt\/bmw-e46-328i-touring\/\" \/>\n<meta property=\"og:site_name\" content=\"K\u00e1rai Exclusive\" \/>\n<meta property=\"article:publisher\" content=\"https:\/\/www.facebook.com\/karaiexclusiveracing.hu\" \/>\n<meta property=\"article:modified_time\" content=\"2026-02-20T11:07:16+00:00\" \/>\n<meta property=\"og:image\" content=\"https:\/\/karaiexclusiveracing.hu\/wp-content\/uploads\/2025\/11\/BMW328iTouring.jpg\" \/>\n\t<meta property=\"og:image:width\" content=\"1600\" \/>\n\t<meta property=\"og:image:height\" content=\"740\" \/>\n\t<meta property=\"og:image:type\" content=\"image\/jpeg\" \/>\n<meta name=\"twitter:card\" content=\"summary_large_image\" \/>\n<meta name=\"twitter:label1\" content=\"Gesch\u00e4tzte Lesezeit\" \/>\n\t<meta name=\"twitter:data1\" content=\"2\u00a0Minuten\" \/>\n<script type=\"application\/ld+json\" class=\"yoast-schema-graph\">{\"@context\":\"https:\/\/schema.org\",\"@graph\":[{\"@type\":\"WebPage\",\"@id\":\"https:\/\/karaiexclusiveracing.hu\/termek\/bmw-e46-328i-touring\/\",\"url\":\"https:\/\/karaiexclusiveracing.hu\/termek\/bmw-e46-328i-touring\/\",\"name\":\"BMW E46 328i Touring - K\u00e1rai Exclusive\",\"isPartOf\":{\"@id\":\"https:\/\/karaiexclusiveracing.hu\/#website\"},\"primaryImageOfPage\":{\"@id\":\"https:\/\/karaiexclusiveracing.hu\/termek\/bmw-e46-328i-touring\/#primaryimage\"},\"image\":{\"@id\":\"https:\/\/karaiexclusiveracing.hu\/termek\/bmw-e46-328i-touring\/#primaryimage\"},\"thumbnailUrl\":\"https:\/\/karaiexclusiveracing.hu\/wp-content\/uploads\/2025\/11\/BMW328iTouring.jpg\",\"datePublished\":\"2025-11-07T11:47:43+00:00\",\"dateModified\":\"2026-02-20T11:07:16+00:00\",\"breadcrumb\":{\"@id\":\"https:\/\/karaiexclusiveracing.hu\/termek\/bmw-e46-328i-touring\/#breadcrumb\"},\"inLanguage\":\"de\",\"potentialAction\":[{\"@type\":\"ReadAction\",\"target\":[\"https:\/\/karaiexclusiveracing.hu\/termek\/bmw-e46-328i-touring\/\"]}]},{\"@type\":\"ImageObject\",\"inLanguage\":\"de\",\"@id\":\"https:\/\/karaiexclusiveracing.hu\/termek\/bmw-e46-328i-touring\/#primaryimage\",\"url\":\"https:\/\/karaiexclusiveracing.hu\/wp-content\/uploads\/2025\/11\/BMW328iTouring.jpg\",\"contentUrl\":\"https:\/\/karaiexclusiveracing.hu\/wp-content\/uploads\/2025\/11\/BMW328iTouring.jpg\",\"width\":1600,\"height\":740},{\"@type\":\"BreadcrumbList\",\"@id\":\"https:\/\/karaiexclusiveracing.hu\/termek\/bmw-e46-328i-touring\/#breadcrumb\",\"itemListElement\":[{\"@type\":\"ListItem\",\"position\":1,\"name\":\"Kezd\u0151lap\",\"item\":\"https:\/\/karaiexclusiveracing.hu\/\"},{\"@type\":\"ListItem\",\"position\":2,\"name\":\"Elad\u00f3 aut\u00f3k\",\"item\":\"https:\/\/karaiexclusiveracing.hu\/elado-autok\/\"},{\"@type\":\"ListItem\",\"position\":3,\"name\":\"BMW E46 328i Touring\"}]},{\"@type\":\"WebSite\",\"@id\":\"https:\/\/karaiexclusiveracing.hu\/#website\",\"url\":\"https:\/\/karaiexclusiveracing.hu\/\",\"name\":\"K\u00e1rai Exclusive Racing\",\"description\":\"\",\"publisher\":{\"@id\":\"https:\/\/karaiexclusiveracing.hu\/#organization\"},\"potentialAction\":[{\"@type\":\"SearchAction\",\"target\":{\"@type\":\"EntryPoint\",\"urlTemplate\":\"https:\/\/karaiexclusiveracing.hu\/?s={search_term_string}\"},\"query-input\":{\"@type\":\"PropertyValueSpecification\",\"valueRequired\":true,\"valueName\":\"search_term_string\"}}],\"inLanguage\":\"de\"},{\"@type\":\"Organization\",\"@id\":\"https:\/\/karaiexclusiveracing.hu\/#organization\",\"name\":\"K\u00e1rai Exclusive Racing\",\"url\":\"https:\/\/karaiexclusiveracing.hu\/\",\"logo\":{\"@type\":\"ImageObject\",\"inLanguage\":\"de\",\"@id\":\"https:\/\/karaiexclusiveracing.hu\/#\/schema\/logo\/image\/\",\"url\":\"https:\/\/www.karaiexclusiveracing.hu\/wp-content\/uploads\/2023\/10\/karai_exclusive_logo-1-1.png\",\"contentUrl\":\"https:\/\/www.karaiexclusiveracing.hu\/wp-content\/uploads\/2023\/10\/karai_exclusive_logo-1-1.png\",\"width\":1575,\"height\":435,\"caption\":\"K\u00e1rai Exclusive Racing\"},\"image\":{\"@id\":\"https:\/\/karaiexclusiveracing.hu\/#\/schema\/logo\/image\/\"},\"sameAs\":[\"https:\/\/www.facebook.com\/karaiexclusiveracing.hu\",\"https:\/\/www.instagram.com\/karaiexclusiveracing\/\"]}]}<\/script>\n<!-- \/ Yoast SEO Premium plugin. -->","yoast_head_json":{"title":"BMW E46 328i Touring - K\u00e1rai Exclusive","robots":{"index":"index","follow":"follow","max-snippet":"max-snippet:-1","max-image-preview":"max-image-preview:large","max-video-preview":"max-video-preview:-1"},"canonical":"https:\/\/karaiexclusiveracing.hu\/de\/produkt\/bmw-e46-328i-touring\/","og_locale":"de_DE","og_type":"article","og_title":"BMW E46 328i Touring","og_description":"Elad\u00e1sra k\u00edn\u00e1lunk egy BMW E46 328i Touring Induvidual-t. Az aut\u00f3 ebben a k\u00fcls\u0151-bels\u0151 sz\u00edn\u00f6ssze\u00e1ll\u00edt\u00e1sban nagyon kis darabsz\u00e1mban k\u00e9sz\u00fclt, ebb\u0151l fakad\u00f3an kiv\u00e1l\u00f3 \u00e9rt\u00e9k\u00e1ll\u00f3 befektet\u00e9s. Az aut\u00f3 \u00f6sszess\u00e9g\u00e9ben meg\u0151rz\u00f6tt \u00e1llapotban van, de a karossz\u00e9ri\u00e1j\u00e1val n\u00e9h\u00e1ny helyen foglalkozni kell. (l\u00e1sd a fot\u00f3kon) Ig\u00e9ny eset\u00e9n tudunk seg\u00edteni az aut\u00f3 rendbet\u00e9tel\u00e9ben, valamint a forgalomba helyez\u00e9s\u00e9ben is (a forgalomba helyez\u00e9s k\u00f6lts\u00e9ge [&hellip;]","og_url":"https:\/\/karaiexclusiveracing.hu\/de\/produkt\/bmw-e46-328i-touring\/","og_site_name":"K\u00e1rai Exclusive","article_publisher":"https:\/\/www.facebook.com\/karaiexclusiveracing.hu","article_modified_time":"2026-02-20T11:07:16+00:00","og_image":[{"width":1600,"height":740,"url":"https:\/\/karaiexclusiveracing.hu\/wp-content\/uploads\/2025\/11\/BMW328iTouring.jpg","type":"image\/jpeg"}],"twitter_card":"summary_large_image","twitter_misc":{"Gesch\u00e4tzte Lesezeit":"2\u00a0Minuten"},"schema":{"@context":"https:\/\/schema.org","@graph":[{"@type":"WebPage","@id":"https:\/\/karaiexclusiveracing.hu\/termek\/bmw-e46-328i-touring\/","url":"https:\/\/karaiexclusiveracing.hu\/termek\/bmw-e46-328i-touring\/","name":"BMW E46 328i Touring - K\u00e1rai Exclusive","isPartOf":{"@id":"https:\/\/karaiexclusiveracing.hu\/#website"},"primaryImageOfPage":{"@id":"https:\/\/karaiexclusiveracing.hu\/termek\/bmw-e46-328i-touring\/#primaryimage"},"image":{"@id":"https:\/\/karaiexclusiveracing.hu\/termek\/bmw-e46-328i-touring\/#primaryimage"},"thumbnailUrl":"https:\/\/karaiexclusiveracing.hu\/wp-content\/uploads\/2025\/11\/BMW328iTouring.jpg","datePublished":"2025-11-07T11:47:43+00:00","dateModified":"2026-02-20T11:07:16+00:00","breadcrumb":{"@id":"https:\/\/karaiexclusiveracing.hu\/termek\/bmw-e46-328i-touring\/#breadcrumb"},"inLanguage":"de","potentialAction":[{"@type":"ReadAction","target":["https:\/\/karaiexclusiveracing.hu\/termek\/bmw-e46-328i-touring\/"]}]},{"@type":"ImageObject","inLanguage":"de","@id":"https:\/\/karaiexclusiveracing.hu\/termek\/bmw-e46-328i-touring\/#primaryimage","url":"https:\/\/karaiexclusiveracing.hu\/wp-content\/uploads\/2025\/11\/BMW328iTouring.jpg","contentUrl":"https:\/\/karaiexclusiveracing.hu\/wp-content\/uploads\/2025\/11\/BMW328iTouring.jpg","width":1600,"height":740},{"@type":"BreadcrumbList","@id":"https:\/\/karaiexclusiveracing.hu\/termek\/bmw-e46-328i-touring\/#breadcrumb","itemListElement":[{"@type":"ListItem","position":1,"name":"Kezd\u0151lap","item":"https:\/\/karaiexclusiveracing.hu\/"},{"@type":"ListItem","position":2,"name":"Elad\u00f3 aut\u00f3k","item":"https:\/\/karaiexclusiveracing.hu\/elado-autok\/"},{"@type":"ListItem","position":3,"name":"BMW E46 328i Touring"}]},{"@type":"WebSite","@id":"https:\/\/karaiexclusiveracing.hu\/#website","url":"https:\/\/karaiexclusiveracing.hu\/","name":"K\u00e1rai Exclusive Racing","description":"","publisher":{"@id":"https:\/\/karaiexclusiveracing.hu\/#organization"},"potentialAction":[{"@type":"SearchAction","target":{"@type":"EntryPoint","urlTemplate":"https:\/\/karaiexclusiveracing.hu\/?s={search_term_string}"},"query-input":{"@type":"PropertyValueSpecification","valueRequired":true,"valueName":"search_term_string"}}],"inLanguage":"de"},{"@type":"Organization","@id":"https:\/\/karaiexclusiveracing.hu\/#organization","name":"K\u00e1rai Exclusive Racing","url":"https:\/\/karaiexclusiveracing.hu\/","logo":{"@type":"ImageObject","inLanguage":"de","@id":"https:\/\/karaiexclusiveracing.hu\/#\/schema\/logo\/image\/","url":"https:\/\/www.karaiexclusiveracing.hu\/wp-content\/uploads\/2023\/10\/karai_exclusive_logo-1-1.png","contentUrl":"https:\/\/www.karaiexclusiveracing.hu\/wp-content\/uploads\/2023\/10\/karai_exclusive_logo-1-1.png","width":1575,"height":435,"caption":"K\u00e1rai Exclusive Racing"},"image":{"@id":"https:\/\/karaiexclusiveracing.hu\/#\/schema\/logo\/image\/"},"sameAs":["https:\/\/www.facebook.com\/karaiexclusiveracing.hu","https:\/\/www.instagram.com\/karaiexclusiveracing\/"]}]}},"_links":{"self":[{"href":"http:\/\/karaiexclusiveracing.hu\/de\/wp-json\/wp\/v2\/product\/23599","targetHints":{"allow":["GET"]}}],"collection":[{"href":"http:\/\/karaiexclusiveracing.hu\/de\/wp-json\/wp\/v2\/product"}],"about":[{"href":"http:\/\/karaiexclusiveracing.hu\/de\/wp-json\/wp\/v2\/types\/product"}],"wp:featuredmedia":[{"embeddable":true,"href":"http:\/\/karaiexclusiveracing.hu\/de\/wp-json\/wp\/v2\/media\/23601"}],"wp:attachment":[{"href":"http:\/\/karaiexclusiveracing.hu\/de\/wp-json\/wp\/v2\/media?parent=23599"}],"wp:term":[{"taxonomy":"manufactures","embeddable":true,"href":"http:\/\/karaiexclusiveracing.hu\/de\/wp-json\/wp\/v2\/manufactures?post=23599"},{"taxonomy":"product_brand","embeddable":true,"href":"http:\/\/karaiexclusiveracing.hu\/de\/wp-json\/wp\/v2\/product_brand?post=23599"},{"taxonomy":"product_cat","embeddable":true,"href":"http:\/\/karaiexclusiveracing.hu\/de\/wp-json\/wp\/v2\/product_cat?post=23599"},{"taxonomy":"product_tag","embeddable":true,"href":"http:\/\/karaiexclusiveracing.hu\/de\/wp-json\/wp\/v2\/product_tag?post=23599"}],"curies":[{"name":"wp","href":"https:\/\/api.w.org\/{rel}","templated":true}]}}