{"id":23505,"date":"2025-10-22T12:27:16","date_gmt":"2025-10-22T10:27:16","guid":{"rendered":"https:\/\/www.karaiexclusiveracing.hu\/?post_type=product&#038;p=23505"},"modified":"2026-01-01T18:32:37","modified_gmt":"2026-01-01T17:32:37","slug":"mercedes-benz-420-se","status":"publish","type":"product","link":"http:\/\/karaiexclusiveracing.hu\/de\/termek\/mercedes-benz-420-se\/","title":{"rendered":"Mercedes-Benz 420 SE"},"content":{"rendered":"<p>Mercedes-Benz 420 SE. Az aut\u00f3 \u00e1llapota a hihetetlen \u00e9s a meseszer\u0171 k\u00f6z\u00f6tt van valahol. 2023-ban \u00e9rkezett az orsz\u00e1gba hosszas keresg\u00e9l\u00e9s ut\u00e1n. Az elm\u00falt k\u00e9t \u00e9vben kb. 3.000.000 Ft lett r\u00e1 k\u00f6ltve. A beltere enyhe t\u00falz\u00e1ssal teljesen \u00fajszer\u0171. Karossz\u00e9ri\u00e1ja kimagasl\u00f3 \u00e1llapotban van. Ig\u00e9ny eset\u00e9n OT-vizsg\u00e1val is \u00e1t tudjuk adni!<br \/>\nB\u0151vebb inform\u00e1ci\u00f3 telefonon k\u00e9rhet\u0151!<br \/>\nA g\u00e9pj\u00e1rm\u0171 el\u0151zetes egyeztet\u00e9st k\u00f6vet\u0151en megtekinthet\u0151 Nagytarcs\u00e1n a Fels\u0151 Ipari K\u00f6r\u00fat 2\/C c\u00edmen.<\/p>\n<p><strong>Belt\u00e9r<\/strong><\/p>\n<p>b\u0151r bels\u0151<\/p>\n<p>faberak\u00e1s<\/p>\n<p>f\u0171thet\u0151 els\u0151 \u00fcl\u00e9s<\/p>\n<p>f\u0171thet\u0151 els\u0151 \u00e9s h\u00e1ts\u00f3 \u00fcl\u00e9sek<\/p>\n<p>b\u0151rkorm\u00e1ny<\/p>\n<p>vezet\u0151oldali l\u00e9gzs\u00e1k<\/p>\n<p>\u00e1ll\u00edthat\u00f3 korm\u00e1ny<\/p>\n<p><strong>M\u0171szaki<\/strong><\/p>\n<p>ABS (blokkol\u00e1sg\u00e1tl\u00f3)<\/p>\n<p>tempomat<\/p>\n<p>centr\u00e1lz\u00e1r<\/p>\n<p>szervokorm\u00e1ny<\/p>\n<p><strong>K\u00fclt\u00e9r<\/strong><\/p>\n<p>elektromos ablak el\u00f6l<\/p>\n<p>elektromos ablak h\u00e1tul<\/p>\n<p>elektromos t\u00fck\u00f6r<\/p>\n<p>k\u00f6nny\u0171f\u00e9m felni<\/p>\n<p>sz\u00ednezett \u00fcveg<\/p>","protected":false},"excerpt":{"rendered":"<p>Mercedes-Benz 420 SE. Az aut\u00f3 \u00e1llapota a hihetetlen \u00e9s a meseszer\u0171 k\u00f6z\u00f6tt van valahol. 2023-ban \u00e9rkezett az orsz\u00e1gba hosszas keresg\u00e9l\u00e9s ut\u00e1n. Az elm\u00falt k\u00e9t \u00e9vben kb. 3.000.000 Ft lett r\u00e1 k\u00f6ltve. A beltere enyhe t\u00falz\u00e1ssal teljesen \u00fajszer\u0171. Karossz\u00e9ri\u00e1ja kimagasl\u00f3 \u00e1llapotban van. Ig\u00e9ny eset\u00e9n OT-vizsg\u00e1val is \u00e1t tudjuk adni! B\u0151vebb inform\u00e1ci\u00f3 telefonon k\u00e9rhet\u0151! A g\u00e9pj\u00e1rm\u0171 el\u0151zetes [&hellip;]<\/p>\n","protected":false},"featured_media":23898,"template":"","meta":{"_acf_changed":false},"manufactures":[],"product_brand":[],"product_cat":[25],"product_tag":[109],"class_list":{"0":"post-23505","1":"product","2":"type-product","3":"status-publish","4":"has-post-thumbnail","6":"product_cat-streetcar","7":"product_tag-sold","9":"first","10":"instock","11":"taxable","12":"shipping-taxable","13":"purchasable","14":"product-type-simple"},"exclude_global_add_ons":[],"addons":[],"acf":[],"yoast_head":"<!-- This site is optimized with the Yoast SEO Premium plugin v27.1 (Yoast SEO v27.2) - https:\/\/yoast.com\/product\/yoast-seo-premium-wordpress\/ -->\n<title>Mercedes-Benz 420 SE - K\u00e1rai Exclusive<\/title>\n<meta name=\"robots\" content=\"index, follow, max-snippet:-1, max-image-preview:large, max-video-preview:-1\" \/>\n<link rel=\"canonical\" href=\"https:\/\/karaiexclusiveracing.hu\/de\/produkt\/mercedes-benz-420-se\/\" \/>\n<meta property=\"og:locale\" content=\"de_DE\" \/>\n<meta property=\"og:type\" content=\"article\" \/>\n<meta property=\"og:title\" content=\"Mercedes-Benz 420 SE\" \/>\n<meta property=\"og:description\" content=\"Mercedes-Benz 420 SE. Az aut\u00f3 \u00e1llapota a hihetetlen \u00e9s a meseszer\u0171 k\u00f6z\u00f6tt van valahol. 2023-ban \u00e9rkezett az orsz\u00e1gba hosszas keresg\u00e9l\u00e9s ut\u00e1n. Az elm\u00falt k\u00e9t \u00e9vben kb. 3.000.000 Ft lett r\u00e1 k\u00f6ltve. A beltere enyhe t\u00falz\u00e1ssal teljesen \u00fajszer\u0171. Karossz\u00e9ri\u00e1ja kimagasl\u00f3 \u00e1llapotban van. Ig\u00e9ny eset\u00e9n OT-vizsg\u00e1val is \u00e1t tudjuk adni! B\u0151vebb inform\u00e1ci\u00f3 telefonon k\u00e9rhet\u0151! A g\u00e9pj\u00e1rm\u0171 el\u0151zetes [&hellip;]\" \/>\n<meta property=\"og:url\" content=\"https:\/\/karaiexclusiveracing.hu\/de\/produkt\/mercedes-benz-420-se\/\" \/>\n<meta property=\"og:site_name\" content=\"K\u00e1rai Exclusive\" \/>\n<meta property=\"article:publisher\" content=\"https:\/\/www.facebook.com\/karaiexclusiveracing.hu\" \/>\n<meta property=\"article:modified_time\" content=\"2026-01-01T17:32:37+00:00\" \/>\n<meta property=\"og:image\" content=\"https:\/\/karaiexclusiveracing.hu\/wp-content\/uploads\/2025\/10\/Cimsor-hozzaadasa-23.png\" \/>\n\t<meta property=\"og:image:width\" content=\"1013\" \/>\n\t<meta property=\"og:image:height\" content=\"768\" \/>\n\t<meta property=\"og:image:type\" content=\"image\/png\" \/>\n<meta name=\"twitter:card\" content=\"summary_large_image\" \/>\n<meta name=\"twitter:label1\" content=\"Gesch\u00e4tzte Lesezeit\" \/>\n\t<meta name=\"twitter:data1\" content=\"1\u00a0Minute\" \/>\n<script type=\"application\/ld+json\" class=\"yoast-schema-graph\">{\"@context\":\"https:\/\/schema.org\",\"@graph\":[{\"@type\":\"WebPage\",\"@id\":\"https:\/\/karaiexclusiveracing.hu\/termek\/mercedes-benz-420-se\/\",\"url\":\"https:\/\/karaiexclusiveracing.hu\/termek\/mercedes-benz-420-se\/\",\"name\":\"Mercedes-Benz 420 SE - K\u00e1rai Exclusive\",\"isPartOf\":{\"@id\":\"https:\/\/karaiexclusiveracing.hu\/#website\"},\"primaryImageOfPage\":{\"@id\":\"https:\/\/karaiexclusiveracing.hu\/termek\/mercedes-benz-420-se\/#primaryimage\"},\"image\":{\"@id\":\"https:\/\/karaiexclusiveracing.hu\/termek\/mercedes-benz-420-se\/#primaryimage\"},\"thumbnailUrl\":\"https:\/\/karaiexclusiveracing.hu\/wp-content\/uploads\/2025\/10\/Cimsor-hozzaadasa-23.png\",\"datePublished\":\"2025-10-22T10:27:16+00:00\",\"dateModified\":\"2026-01-01T17:32:37+00:00\",\"breadcrumb\":{\"@id\":\"https:\/\/karaiexclusiveracing.hu\/termek\/mercedes-benz-420-se\/#breadcrumb\"},\"inLanguage\":\"de\",\"potentialAction\":[{\"@type\":\"ReadAction\",\"target\":[\"https:\/\/karaiexclusiveracing.hu\/termek\/mercedes-benz-420-se\/\"]}]},{\"@type\":\"ImageObject\",\"inLanguage\":\"de\",\"@id\":\"https:\/\/karaiexclusiveracing.hu\/termek\/mercedes-benz-420-se\/#primaryimage\",\"url\":\"https:\/\/karaiexclusiveracing.hu\/wp-content\/uploads\/2025\/10\/Cimsor-hozzaadasa-23.png\",\"contentUrl\":\"https:\/\/karaiexclusiveracing.hu\/wp-content\/uploads\/2025\/10\/Cimsor-hozzaadasa-23.png\",\"width\":1013,\"height\":768},{\"@type\":\"BreadcrumbList\",\"@id\":\"https:\/\/karaiexclusiveracing.hu\/termek\/mercedes-benz-420-se\/#breadcrumb\",\"itemListElement\":[{\"@type\":\"ListItem\",\"position\":1,\"name\":\"Kezd\u0151lap\",\"item\":\"https:\/\/karaiexclusiveracing.hu\/\"},{\"@type\":\"ListItem\",\"position\":2,\"name\":\"Elad\u00f3 aut\u00f3k\",\"item\":\"https:\/\/karaiexclusiveracing.hu\/elado-autok\/\"},{\"@type\":\"ListItem\",\"position\":3,\"name\":\"Mercedes-Benz 420 SE\"}]},{\"@type\":\"WebSite\",\"@id\":\"https:\/\/karaiexclusiveracing.hu\/#website\",\"url\":\"https:\/\/karaiexclusiveracing.hu\/\",\"name\":\"K\u00e1rai Exclusive Racing\",\"description\":\"\",\"publisher\":{\"@id\":\"https:\/\/karaiexclusiveracing.hu\/#organization\"},\"potentialAction\":[{\"@type\":\"SearchAction\",\"target\":{\"@type\":\"EntryPoint\",\"urlTemplate\":\"https:\/\/karaiexclusiveracing.hu\/?s={search_term_string}\"},\"query-input\":{\"@type\":\"PropertyValueSpecification\",\"valueRequired\":true,\"valueName\":\"search_term_string\"}}],\"inLanguage\":\"de\"},{\"@type\":\"Organization\",\"@id\":\"https:\/\/karaiexclusiveracing.hu\/#organization\",\"name\":\"K\u00e1rai Exclusive Racing\",\"url\":\"https:\/\/karaiexclusiveracing.hu\/\",\"logo\":{\"@type\":\"ImageObject\",\"inLanguage\":\"de\",\"@id\":\"https:\/\/karaiexclusiveracing.hu\/#\/schema\/logo\/image\/\",\"url\":\"https:\/\/www.karaiexclusiveracing.hu\/wp-content\/uploads\/2023\/10\/karai_exclusive_logo-1-1.png\",\"contentUrl\":\"https:\/\/www.karaiexclusiveracing.hu\/wp-content\/uploads\/2023\/10\/karai_exclusive_logo-1-1.png\",\"width\":1575,\"height\":435,\"caption\":\"K\u00e1rai Exclusive Racing\"},\"image\":{\"@id\":\"https:\/\/karaiexclusiveracing.hu\/#\/schema\/logo\/image\/\"},\"sameAs\":[\"https:\/\/www.facebook.com\/karaiexclusiveracing.hu\",\"https:\/\/www.instagram.com\/karaiexclusiveracing\/\"]}]}<\/script>\n<!-- \/ Yoast SEO Premium plugin. -->","yoast_head_json":{"title":"Mercedes-Benz 420 SE - K\u00e1rai Exclusive","robots":{"index":"index","follow":"follow","max-snippet":"max-snippet:-1","max-image-preview":"max-image-preview:large","max-video-preview":"max-video-preview:-1"},"canonical":"https:\/\/karaiexclusiveracing.hu\/de\/produkt\/mercedes-benz-420-se\/","og_locale":"de_DE","og_type":"article","og_title":"Mercedes-Benz 420 SE","og_description":"Mercedes-Benz 420 SE. Az aut\u00f3 \u00e1llapota a hihetetlen \u00e9s a meseszer\u0171 k\u00f6z\u00f6tt van valahol. 2023-ban \u00e9rkezett az orsz\u00e1gba hosszas keresg\u00e9l\u00e9s ut\u00e1n. Az elm\u00falt k\u00e9t \u00e9vben kb. 3.000.000 Ft lett r\u00e1 k\u00f6ltve. A beltere enyhe t\u00falz\u00e1ssal teljesen \u00fajszer\u0171. Karossz\u00e9ri\u00e1ja kimagasl\u00f3 \u00e1llapotban van. Ig\u00e9ny eset\u00e9n OT-vizsg\u00e1val is \u00e1t tudjuk adni! B\u0151vebb inform\u00e1ci\u00f3 telefonon k\u00e9rhet\u0151! A g\u00e9pj\u00e1rm\u0171 el\u0151zetes [&hellip;]","og_url":"https:\/\/karaiexclusiveracing.hu\/de\/produkt\/mercedes-benz-420-se\/","og_site_name":"K\u00e1rai Exclusive","article_publisher":"https:\/\/www.facebook.com\/karaiexclusiveracing.hu","article_modified_time":"2026-01-01T17:32:37+00:00","og_image":[{"width":1013,"height":768,"url":"https:\/\/karaiexclusiveracing.hu\/wp-content\/uploads\/2025\/10\/Cimsor-hozzaadasa-23.png","type":"image\/png"}],"twitter_card":"summary_large_image","twitter_misc":{"Gesch\u00e4tzte Lesezeit":"1\u00a0Minute"},"schema":{"@context":"https:\/\/schema.org","@graph":[{"@type":"WebPage","@id":"https:\/\/karaiexclusiveracing.hu\/termek\/mercedes-benz-420-se\/","url":"https:\/\/karaiexclusiveracing.hu\/termek\/mercedes-benz-420-se\/","name":"Mercedes-Benz 420 SE - K\u00e1rai Exclusive","isPartOf":{"@id":"https:\/\/karaiexclusiveracing.hu\/#website"},"primaryImageOfPage":{"@id":"https:\/\/karaiexclusiveracing.hu\/termek\/mercedes-benz-420-se\/#primaryimage"},"image":{"@id":"https:\/\/karaiexclusiveracing.hu\/termek\/mercedes-benz-420-se\/#primaryimage"},"thumbnailUrl":"https:\/\/karaiexclusiveracing.hu\/wp-content\/uploads\/2025\/10\/Cimsor-hozzaadasa-23.png","datePublished":"2025-10-22T10:27:16+00:00","dateModified":"2026-01-01T17:32:37+00:00","breadcrumb":{"@id":"https:\/\/karaiexclusiveracing.hu\/termek\/mercedes-benz-420-se\/#breadcrumb"},"inLanguage":"de","potentialAction":[{"@type":"ReadAction","target":["https:\/\/karaiexclusiveracing.hu\/termek\/mercedes-benz-420-se\/"]}]},{"@type":"ImageObject","inLanguage":"de","@id":"https:\/\/karaiexclusiveracing.hu\/termek\/mercedes-benz-420-se\/#primaryimage","url":"https:\/\/karaiexclusiveracing.hu\/wp-content\/uploads\/2025\/10\/Cimsor-hozzaadasa-23.png","contentUrl":"https:\/\/karaiexclusiveracing.hu\/wp-content\/uploads\/2025\/10\/Cimsor-hozzaadasa-23.png","width":1013,"height":768},{"@type":"BreadcrumbList","@id":"https:\/\/karaiexclusiveracing.hu\/termek\/mercedes-benz-420-se\/#breadcrumb","itemListElement":[{"@type":"ListItem","position":1,"name":"Kezd\u0151lap","item":"https:\/\/karaiexclusiveracing.hu\/"},{"@type":"ListItem","position":2,"name":"Elad\u00f3 aut\u00f3k","item":"https:\/\/karaiexclusiveracing.hu\/elado-autok\/"},{"@type":"ListItem","position":3,"name":"Mercedes-Benz 420 SE"}]},{"@type":"WebSite","@id":"https:\/\/karaiexclusiveracing.hu\/#website","url":"https:\/\/karaiexclusiveracing.hu\/","name":"K\u00e1rai Exclusive Racing","description":"","publisher":{"@id":"https:\/\/karaiexclusiveracing.hu\/#organization"},"potentialAction":[{"@type":"SearchAction","target":{"@type":"EntryPoint","urlTemplate":"https:\/\/karaiexclusiveracing.hu\/?s={search_term_string}"},"query-input":{"@type":"PropertyValueSpecification","valueRequired":true,"valueName":"search_term_string"}}],"inLanguage":"de"},{"@type":"Organization","@id":"https:\/\/karaiexclusiveracing.hu\/#organization","name":"K\u00e1rai Exclusive Racing","url":"https:\/\/karaiexclusiveracing.hu\/","logo":{"@type":"ImageObject","inLanguage":"de","@id":"https:\/\/karaiexclusiveracing.hu\/#\/schema\/logo\/image\/","url":"https:\/\/www.karaiexclusiveracing.hu\/wp-content\/uploads\/2023\/10\/karai_exclusive_logo-1-1.png","contentUrl":"https:\/\/www.karaiexclusiveracing.hu\/wp-content\/uploads\/2023\/10\/karai_exclusive_logo-1-1.png","width":1575,"height":435,"caption":"K\u00e1rai Exclusive Racing"},"image":{"@id":"https:\/\/karaiexclusiveracing.hu\/#\/schema\/logo\/image\/"},"sameAs":["https:\/\/www.facebook.com\/karaiexclusiveracing.hu","https:\/\/www.instagram.com\/karaiexclusiveracing\/"]}]}},"_links":{"self":[{"href":"http:\/\/karaiexclusiveracing.hu\/de\/wp-json\/wp\/v2\/product\/23505","targetHints":{"allow":["GET"]}}],"collection":[{"href":"http:\/\/karaiexclusiveracing.hu\/de\/wp-json\/wp\/v2\/product"}],"about":[{"href":"http:\/\/karaiexclusiveracing.hu\/de\/wp-json\/wp\/v2\/types\/product"}],"wp:featuredmedia":[{"embeddable":true,"href":"http:\/\/karaiexclusiveracing.hu\/de\/wp-json\/wp\/v2\/media\/23898"}],"wp:attachment":[{"href":"http:\/\/karaiexclusiveracing.hu\/de\/wp-json\/wp\/v2\/media?parent=23505"}],"wp:term":[{"taxonomy":"manufactures","embeddable":true,"href":"http:\/\/karaiexclusiveracing.hu\/de\/wp-json\/wp\/v2\/manufactures?post=23505"},{"taxonomy":"product_brand","embeddable":true,"href":"http:\/\/karaiexclusiveracing.hu\/de\/wp-json\/wp\/v2\/product_brand?post=23505"},{"taxonomy":"product_cat","embeddable":true,"href":"http:\/\/karaiexclusiveracing.hu\/de\/wp-json\/wp\/v2\/product_cat?post=23505"},{"taxonomy":"product_tag","embeddable":true,"href":"http:\/\/karaiexclusiveracing.hu\/de\/wp-json\/wp\/v2\/product_tag?post=23505"}],"curies":[{"name":"wp","href":"https:\/\/api.w.org\/{rel}","templated":true}]}}