{"id":23457,"date":"2025-09-30T11:52:04","date_gmt":"2025-09-30T09:52:04","guid":{"rendered":"https:\/\/www.karaiexclusiveracing.hu\/?post_type=product&#038;p=23457"},"modified":"2025-12-22T13:36:58","modified_gmt":"2025-12-22T12:36:58","slug":"chevrolet-corvette-cabrio-kemenytetovel","status":"publish","type":"product","link":"http:\/\/karaiexclusiveracing.hu\/de\/termek\/chevrolet-corvette-cabrio-kemenytetovel\/","title":{"rendered":"CHEVROLET CORVETTE Cabrio-kem\u00e9nytet\u0151vel"},"content":{"rendered":"<p>Nincs nagy tapasztalatunk az Amerikai aut\u00f3kban de egy kedves bar\u00e1tunk meg k\u00e9rt hogy seg\u00edts\u00fcnk az aut\u00f3t \u00e9rt\u00e9kes\u00edteni Eur\u00f3p\u00e1ban! Az aut\u00f3 egy hagyat\u00e9kb\u00f3l sz\u00e1rmazik nincsenek r\u00f3la 100% -os inform\u00e1ci\u00f3k hogy pontosan milyen \u00e1talak\u00edt\u00e1sok lettek rajta! Az aut\u00f3 \u00f6sszes\u00e9g\u00e9ben j\u00f3 \u00e1llapotban van kiv\u00e1l\u00f3 fel\u00faj\u00edt\u00e1si alap, indul j\u00f6n megy m\u0171k\u00f6dik!\u00a0 Van r\u00f3la rengeteg fot\u00f3 \u00e9s vide\u00f3!<\/p>","protected":false},"excerpt":{"rendered":"<p>Nincs nagy tapasztalatunk az Amerikai aut\u00f3kban de egy kedves bar\u00e1tunk meg k\u00e9rt hogy seg\u00edts\u00fcnk az aut\u00f3t \u00e9rt\u00e9kes\u00edteni Eur\u00f3p\u00e1ban! Az aut\u00f3 egy hagyat\u00e9kb\u00f3l sz\u00e1rmazik nincsenek r\u00f3la 100% -os inform\u00e1ci\u00f3k hogy pontosan milyen \u00e1talak\u00edt\u00e1sok lettek rajta! Az aut\u00f3 \u00f6sszes\u00e9g\u00e9ben j\u00f3 \u00e1llapotban van kiv\u00e1l\u00f3 fel\u00faj\u00edt\u00e1si alap, indul j\u00f6n megy m\u0171k\u00f6dik!\u00a0 Van r\u00f3la rengeteg fot\u00f3 \u00e9s vide\u00f3!<\/p>","protected":false},"featured_media":23549,"template":"","meta":{"_acf_changed":false},"manufactures":[],"product_brand":[],"product_cat":[25],"product_tag":[109],"class_list":{"0":"post-23457","1":"product","2":"type-product","3":"status-publish","4":"has-post-thumbnail","6":"product_cat-streetcar","7":"product_tag-sold","9":"first","10":"instock","11":"taxable","12":"shipping-taxable","13":"purchasable","14":"product-type-simple"},"exclude_global_add_ons":[],"addons":[],"acf":[],"yoast_head":"<!-- This site is optimized with the Yoast SEO Premium plugin v27.1 (Yoast SEO v27.2) - https:\/\/yoast.com\/product\/yoast-seo-premium-wordpress\/ -->\n<title>CHEVROLET CORVETTE Cabrio-kem\u00e9nytet\u0151vel - K\u00e1rai Exclusive<\/title>\n<meta name=\"robots\" content=\"index, follow, max-snippet:-1, max-image-preview:large, max-video-preview:-1\" \/>\n<link rel=\"canonical\" href=\"https:\/\/karaiexclusiveracing.hu\/de\/produkt\/chevrolet-corvette-cabrio-kemenytetovel\/\" \/>\n<meta property=\"og:locale\" content=\"de_DE\" \/>\n<meta property=\"og:type\" content=\"article\" \/>\n<meta property=\"og:title\" content=\"CHEVROLET CORVETTE Cabrio-kem\u00e9nytet\u0151vel\" \/>\n<meta property=\"og:description\" content=\"Nincs nagy tapasztalatunk az Amerikai aut\u00f3kban de egy kedves bar\u00e1tunk meg k\u00e9rt hogy seg\u00edts\u00fcnk az aut\u00f3t \u00e9rt\u00e9kes\u00edteni Eur\u00f3p\u00e1ban! Az aut\u00f3 egy hagyat\u00e9kb\u00f3l sz\u00e1rmazik nincsenek r\u00f3la 100% -os inform\u00e1ci\u00f3k hogy pontosan milyen \u00e1talak\u00edt\u00e1sok lettek rajta! Az aut\u00f3 \u00f6sszes\u00e9g\u00e9ben j\u00f3 \u00e1llapotban van kiv\u00e1l\u00f3 fel\u00faj\u00edt\u00e1si alap, indul j\u00f6n megy m\u0171k\u00f6dik!\u00a0 Van r\u00f3la rengeteg fot\u00f3 \u00e9s vide\u00f3!\" \/>\n<meta property=\"og:url\" content=\"https:\/\/karaiexclusiveracing.hu\/de\/produkt\/chevrolet-corvette-cabrio-kemenytetovel\/\" \/>\n<meta property=\"og:site_name\" content=\"K\u00e1rai Exclusive\" \/>\n<meta property=\"article:publisher\" content=\"https:\/\/www.facebook.com\/karaiexclusiveracing.hu\" \/>\n<meta property=\"article:modified_time\" content=\"2025-12-22T12:36:58+00:00\" \/>\n<meta property=\"og:image\" content=\"https:\/\/karaiexclusiveracing.hu\/wp-content\/uploads\/2025\/09\/Corvette.png\" \/>\n\t<meta property=\"og:image:width\" content=\"1003\" \/>\n\t<meta property=\"og:image:height\" content=\"768\" \/>\n\t<meta property=\"og:image:type\" content=\"image\/png\" \/>\n<meta name=\"twitter:card\" content=\"summary_large_image\" \/>\n<meta name=\"twitter:label1\" content=\"Gesch\u00e4tzte Lesezeit\" \/>\n\t<meta name=\"twitter:data1\" content=\"1\u00a0Minute\" \/>\n<script type=\"application\/ld+json\" class=\"yoast-schema-graph\">{\"@context\":\"https:\/\/schema.org\",\"@graph\":[{\"@type\":\"WebPage\",\"@id\":\"https:\/\/karaiexclusiveracing.hu\/de\/produkt\/chevrolet-corvette-cabrio-kemenytetovel\/\",\"url\":\"https:\/\/karaiexclusiveracing.hu\/de\/produkt\/chevrolet-corvette-cabrio-kemenytetovel\/\",\"name\":\"CHEVROLET CORVETTE Cabrio-kem\u00e9nytet\u0151vel - K\u00e1rai Exclusive\",\"isPartOf\":{\"@id\":\"https:\/\/karaiexclusiveracing.hu\/#website\"},\"primaryImageOfPage\":{\"@id\":\"https:\/\/karaiexclusiveracing.hu\/de\/produkt\/chevrolet-corvette-cabrio-kemenytetovel\/#primaryimage\"},\"image\":{\"@id\":\"https:\/\/karaiexclusiveracing.hu\/de\/produkt\/chevrolet-corvette-cabrio-kemenytetovel\/#primaryimage\"},\"thumbnailUrl\":\"https:\/\/karaiexclusiveracing.hu\/wp-content\/uploads\/2025\/09\/Corvette.png\",\"datePublished\":\"2025-09-30T09:52:04+00:00\",\"dateModified\":\"2025-12-22T12:36:58+00:00\",\"breadcrumb\":{\"@id\":\"https:\/\/karaiexclusiveracing.hu\/de\/produkt\/chevrolet-corvette-cabrio-kemenytetovel\/#breadcrumb\"},\"inLanguage\":\"de\",\"potentialAction\":[{\"@type\":\"ReadAction\",\"target\":[\"https:\/\/karaiexclusiveracing.hu\/de\/produkt\/chevrolet-corvette-cabrio-kemenytetovel\/\"]}]},{\"@type\":\"ImageObject\",\"inLanguage\":\"de\",\"@id\":\"https:\/\/karaiexclusiveracing.hu\/de\/produkt\/chevrolet-corvette-cabrio-kemenytetovel\/#primaryimage\",\"url\":\"https:\/\/karaiexclusiveracing.hu\/wp-content\/uploads\/2025\/09\/Corvette.png\",\"contentUrl\":\"https:\/\/karaiexclusiveracing.hu\/wp-content\/uploads\/2025\/09\/Corvette.png\",\"width\":1003,\"height\":768},{\"@type\":\"BreadcrumbList\",\"@id\":\"https:\/\/karaiexclusiveracing.hu\/de\/produkt\/chevrolet-corvette-cabrio-kemenytetovel\/#breadcrumb\",\"itemListElement\":[{\"@type\":\"ListItem\",\"position\":1,\"name\":\"Kezd\u0151lap\",\"item\":\"https:\/\/karaiexclusiveracing.hu\/\"},{\"@type\":\"ListItem\",\"position\":2,\"name\":\"Elad\u00f3 aut\u00f3k\",\"item\":\"https:\/\/karaiexclusiveracing.hu\/elado-autok\/\"},{\"@type\":\"ListItem\",\"position\":3,\"name\":\"CHEVROLET CORVETTE Cabrio-kem\u00e9nytet\u0151vel\"}]},{\"@type\":\"WebSite\",\"@id\":\"https:\/\/karaiexclusiveracing.hu\/#website\",\"url\":\"https:\/\/karaiexclusiveracing.hu\/\",\"name\":\"K\u00e1rai Exclusive Racing\",\"description\":\"\",\"publisher\":{\"@id\":\"https:\/\/karaiexclusiveracing.hu\/#organization\"},\"potentialAction\":[{\"@type\":\"SearchAction\",\"target\":{\"@type\":\"EntryPoint\",\"urlTemplate\":\"https:\/\/karaiexclusiveracing.hu\/?s={search_term_string}\"},\"query-input\":{\"@type\":\"PropertyValueSpecification\",\"valueRequired\":true,\"valueName\":\"search_term_string\"}}],\"inLanguage\":\"de\"},{\"@type\":\"Organization\",\"@id\":\"https:\/\/karaiexclusiveracing.hu\/#organization\",\"name\":\"K\u00e1rai Exclusive Racing\",\"url\":\"https:\/\/karaiexclusiveracing.hu\/\",\"logo\":{\"@type\":\"ImageObject\",\"inLanguage\":\"de\",\"@id\":\"https:\/\/karaiexclusiveracing.hu\/#\/schema\/logo\/image\/\",\"url\":\"https:\/\/www.karaiexclusiveracing.hu\/wp-content\/uploads\/2023\/10\/karai_exclusive_logo-1-1.png\",\"contentUrl\":\"https:\/\/www.karaiexclusiveracing.hu\/wp-content\/uploads\/2023\/10\/karai_exclusive_logo-1-1.png\",\"width\":1575,\"height\":435,\"caption\":\"K\u00e1rai Exclusive Racing\"},\"image\":{\"@id\":\"https:\/\/karaiexclusiveracing.hu\/#\/schema\/logo\/image\/\"},\"sameAs\":[\"https:\/\/www.facebook.com\/karaiexclusiveracing.hu\",\"https:\/\/www.instagram.com\/karaiexclusiveracing\/\"]}]}<\/script>\n<!-- \/ Yoast SEO Premium plugin. -->","yoast_head_json":{"title":"CHEVROLET CORVETTE Cabrio-kem\u00e9nytet\u0151vel - K\u00e1rai Exclusive","robots":{"index":"index","follow":"follow","max-snippet":"max-snippet:-1","max-image-preview":"max-image-preview:large","max-video-preview":"max-video-preview:-1"},"canonical":"https:\/\/karaiexclusiveracing.hu\/de\/produkt\/chevrolet-corvette-cabrio-kemenytetovel\/","og_locale":"de_DE","og_type":"article","og_title":"CHEVROLET CORVETTE Cabrio-kem\u00e9nytet\u0151vel","og_description":"Nincs nagy tapasztalatunk az Amerikai aut\u00f3kban de egy kedves bar\u00e1tunk meg k\u00e9rt hogy seg\u00edts\u00fcnk az aut\u00f3t \u00e9rt\u00e9kes\u00edteni Eur\u00f3p\u00e1ban! Az aut\u00f3 egy hagyat\u00e9kb\u00f3l sz\u00e1rmazik nincsenek r\u00f3la 100% -os inform\u00e1ci\u00f3k hogy pontosan milyen \u00e1talak\u00edt\u00e1sok lettek rajta! Az aut\u00f3 \u00f6sszes\u00e9g\u00e9ben j\u00f3 \u00e1llapotban van kiv\u00e1l\u00f3 fel\u00faj\u00edt\u00e1si alap, indul j\u00f6n megy m\u0171k\u00f6dik!\u00a0 Van r\u00f3la rengeteg fot\u00f3 \u00e9s vide\u00f3!","og_url":"https:\/\/karaiexclusiveracing.hu\/de\/produkt\/chevrolet-corvette-cabrio-kemenytetovel\/","og_site_name":"K\u00e1rai Exclusive","article_publisher":"https:\/\/www.facebook.com\/karaiexclusiveracing.hu","article_modified_time":"2025-12-22T12:36:58+00:00","og_image":[{"width":1003,"height":768,"url":"https:\/\/karaiexclusiveracing.hu\/wp-content\/uploads\/2025\/09\/Corvette.png","type":"image\/png"}],"twitter_card":"summary_large_image","twitter_misc":{"Gesch\u00e4tzte Lesezeit":"1\u00a0Minute"},"schema":{"@context":"https:\/\/schema.org","@graph":[{"@type":"WebPage","@id":"https:\/\/karaiexclusiveracing.hu\/de\/produkt\/chevrolet-corvette-cabrio-kemenytetovel\/","url":"https:\/\/karaiexclusiveracing.hu\/de\/produkt\/chevrolet-corvette-cabrio-kemenytetovel\/","name":"CHEVROLET CORVETTE Cabrio-kem\u00e9nytet\u0151vel - K\u00e1rai Exclusive","isPartOf":{"@id":"https:\/\/karaiexclusiveracing.hu\/#website"},"primaryImageOfPage":{"@id":"https:\/\/karaiexclusiveracing.hu\/de\/produkt\/chevrolet-corvette-cabrio-kemenytetovel\/#primaryimage"},"image":{"@id":"https:\/\/karaiexclusiveracing.hu\/de\/produkt\/chevrolet-corvette-cabrio-kemenytetovel\/#primaryimage"},"thumbnailUrl":"https:\/\/karaiexclusiveracing.hu\/wp-content\/uploads\/2025\/09\/Corvette.png","datePublished":"2025-09-30T09:52:04+00:00","dateModified":"2025-12-22T12:36:58+00:00","breadcrumb":{"@id":"https:\/\/karaiexclusiveracing.hu\/de\/produkt\/chevrolet-corvette-cabrio-kemenytetovel\/#breadcrumb"},"inLanguage":"de","potentialAction":[{"@type":"ReadAction","target":["https:\/\/karaiexclusiveracing.hu\/de\/produkt\/chevrolet-corvette-cabrio-kemenytetovel\/"]}]},{"@type":"ImageObject","inLanguage":"de","@id":"https:\/\/karaiexclusiveracing.hu\/de\/produkt\/chevrolet-corvette-cabrio-kemenytetovel\/#primaryimage","url":"https:\/\/karaiexclusiveracing.hu\/wp-content\/uploads\/2025\/09\/Corvette.png","contentUrl":"https:\/\/karaiexclusiveracing.hu\/wp-content\/uploads\/2025\/09\/Corvette.png","width":1003,"height":768},{"@type":"BreadcrumbList","@id":"https:\/\/karaiexclusiveracing.hu\/de\/produkt\/chevrolet-corvette-cabrio-kemenytetovel\/#breadcrumb","itemListElement":[{"@type":"ListItem","position":1,"name":"Kezd\u0151lap","item":"https:\/\/karaiexclusiveracing.hu\/"},{"@type":"ListItem","position":2,"name":"Elad\u00f3 aut\u00f3k","item":"https:\/\/karaiexclusiveracing.hu\/elado-autok\/"},{"@type":"ListItem","position":3,"name":"CHEVROLET CORVETTE Cabrio-kem\u00e9nytet\u0151vel"}]},{"@type":"WebSite","@id":"https:\/\/karaiexclusiveracing.hu\/#website","url":"https:\/\/karaiexclusiveracing.hu\/","name":"K\u00e1rai Exclusive Racing","description":"","publisher":{"@id":"https:\/\/karaiexclusiveracing.hu\/#organization"},"potentialAction":[{"@type":"SearchAction","target":{"@type":"EntryPoint","urlTemplate":"https:\/\/karaiexclusiveracing.hu\/?s={search_term_string}"},"query-input":{"@type":"PropertyValueSpecification","valueRequired":true,"valueName":"search_term_string"}}],"inLanguage":"de"},{"@type":"Organization","@id":"https:\/\/karaiexclusiveracing.hu\/#organization","name":"K\u00e1rai Exclusive Racing","url":"https:\/\/karaiexclusiveracing.hu\/","logo":{"@type":"ImageObject","inLanguage":"de","@id":"https:\/\/karaiexclusiveracing.hu\/#\/schema\/logo\/image\/","url":"https:\/\/www.karaiexclusiveracing.hu\/wp-content\/uploads\/2023\/10\/karai_exclusive_logo-1-1.png","contentUrl":"https:\/\/www.karaiexclusiveracing.hu\/wp-content\/uploads\/2023\/10\/karai_exclusive_logo-1-1.png","width":1575,"height":435,"caption":"K\u00e1rai Exclusive Racing"},"image":{"@id":"https:\/\/karaiexclusiveracing.hu\/#\/schema\/logo\/image\/"},"sameAs":["https:\/\/www.facebook.com\/karaiexclusiveracing.hu","https:\/\/www.instagram.com\/karaiexclusiveracing\/"]}]}},"_links":{"self":[{"href":"http:\/\/karaiexclusiveracing.hu\/de\/wp-json\/wp\/v2\/product\/23457","targetHints":{"allow":["GET"]}}],"collection":[{"href":"http:\/\/karaiexclusiveracing.hu\/de\/wp-json\/wp\/v2\/product"}],"about":[{"href":"http:\/\/karaiexclusiveracing.hu\/de\/wp-json\/wp\/v2\/types\/product"}],"wp:featuredmedia":[{"embeddable":true,"href":"http:\/\/karaiexclusiveracing.hu\/de\/wp-json\/wp\/v2\/media\/23549"}],"wp:attachment":[{"href":"http:\/\/karaiexclusiveracing.hu\/de\/wp-json\/wp\/v2\/media?parent=23457"}],"wp:term":[{"taxonomy":"manufactures","embeddable":true,"href":"http:\/\/karaiexclusiveracing.hu\/de\/wp-json\/wp\/v2\/manufactures?post=23457"},{"taxonomy":"product_brand","embeddable":true,"href":"http:\/\/karaiexclusiveracing.hu\/de\/wp-json\/wp\/v2\/product_brand?post=23457"},{"taxonomy":"product_cat","embeddable":true,"href":"http:\/\/karaiexclusiveracing.hu\/de\/wp-json\/wp\/v2\/product_cat?post=23457"},{"taxonomy":"product_tag","embeddable":true,"href":"http:\/\/karaiexclusiveracing.hu\/de\/wp-json\/wp\/v2\/product_tag?post=23457"}],"curies":[{"name":"wp","href":"https:\/\/api.w.org\/{rel}","templated":true}]}}