{"id":23432,"date":"2025-09-29T09:35:32","date_gmt":"2025-09-29T07:35:32","guid":{"rendered":"https:\/\/www.karaiexclusiveracing.hu\/?post_type=product&#038;p=23432"},"modified":"2025-12-22T13:37:22","modified_gmt":"2025-12-22T12:37:22","slug":"bmw-325i-automata","status":"publish","type":"product","link":"http:\/\/karaiexclusiveracing.hu\/de\/termek\/bmw-325i-automata\/","title":{"rendered":"BMW 325i (Automata)"},"content":{"rendered":"<p>Elad\u00e1sra k\u00edn\u00e1lunk egy ritka \u00e1llapotnak \u00f6rvend\u0151 BMW E93 325i -t. Az aut\u00f3 2019-ben \u00e9rkezett az orsz\u00e1gba az\u00f3ta k\u00e9t tulaja volt! Az aut\u00f3 rendszeresen volt szervizelve! F\u00e9nyez\u00e9se egys\u00e9ges de volt m\u00e1r f\u00e9nyezve. Beltere kimagasl\u00f3an k\u00falt\u00far\u00e1lt, az \u00f6sszes extra t\u00f6k\u00e9letesen m\u0171k\u00f6dik benne \u00e9s hibak\u00f3d mentes! Az aut\u00f3 bizom\u00e1nyos \u00e9rt\u00e9kes\u00edt\u00e9sre van n\u00e1lunk b\u0151vebb felvil\u00e1gos\u00edt\u00e1st telefonon tudunk biztos\u00edtani! BMW besz\u00e1m\u00edt\u00e1sa megoldhat\u00f3!<\/p>\n<p><strong> Az aut\u00f3t el\u0151zetes egyeztet\u00e9s ut\u00e1n a Nagytarcsai telephely\u00fcnk\u00f6n tudjuk megmutatni!<\/strong><\/p>\n<div>\n<div class=\"mb-3 fw-bold\">Belt\u00e9r<\/div>\n<ul class=\"grid ps-4 gap-0 column-gap-4\">\n<li class=\"g-col-12 g-col-sm-6 g-col-md-4\">b\u0151r bels\u0151<\/li>\n<li class=\"g-col-12 g-col-sm-6 g-col-md-4\">faberak\u00e1s<\/li>\n<li class=\"g-col-12 g-col-sm-6 g-col-md-4\">f\u0171thet\u0151 els\u0151 \u00fcl\u00e9s<\/li>\n<li class=\"g-col-12 g-col-sm-6 g-col-md-4\">\u00fcl\u00e9smagass\u00e1g \u00e1ll\u00edt\u00e1s<\/li>\n<li class=\"g-col-12 g-col-sm-6 g-col-md-4\">k\u00f6z\u00e9ps\u0151 kart\u00e1masz<\/li>\n<li class=\"g-col-12 g-col-sm-6 g-col-md-4\">multifunkci\u00f3s korm\u00e1nyker\u00e9k<\/li>\n<li class=\"g-col-12 g-col-sm-6 g-col-md-4\">\u00e1ll\u00edthat\u00f3 combt\u00e1masz<\/li>\n<li class=\"g-col-12 g-col-sm-6 g-col-md-4\">der\u00e9kt\u00e1masz<\/li>\n<li class=\"g-col-12 g-col-sm-6 g-col-md-4\">b\u0151rkorm\u00e1ny<\/li>\n<li class=\"g-col-12 g-col-sm-6 g-col-md-4\">oldall\u00e9gzs\u00e1k<\/li>\n<li class=\"g-col-12 g-col-sm-6 g-col-md-4\">utasoldali l\u00e9gzs\u00e1k<\/li>\n<li class=\"g-col-12 g-col-sm-6 g-col-md-4\">vezet\u0151oldali l\u00e9gzs\u00e1k<\/li>\n<li class=\"g-col-12 g-col-sm-6 g-col-md-4\">\u00e1ll\u00edthat\u00f3 korm\u00e1ny<\/li>\n<li class=\"g-col-12 g-col-sm-6 g-col-md-4\">fed\u00e9lzeti komputer<\/li>\n<li class=\"g-col-12 g-col-sm-6 g-col-md-4\">sport\u00fcl\u00e9sek<\/li>\n<\/ul>\n<div class=\"border-bottom border-secondary-subtle mt-3\"><\/div>\n<\/div>\n<div>\n<div class=\"mb-3 fw-bold\">M\u0171szaki adatok<\/div>\n<ul class=\"grid ps-4 gap-0 column-gap-4\">\n<li class=\"g-col-12 g-col-sm-6 g-col-md-4\">tolat\u00f3radar<\/li>\n<li class=\"g-col-12 g-col-sm-6 g-col-md-4\">els\u0151-h\u00e1ts\u00f3 parkol\u00f3radar<\/li>\n<li class=\"g-col-12 g-col-sm-6 g-col-md-4\">ABS (blokkol\u00e1sg\u00e1tl\u00f3)<\/li>\n<li class=\"g-col-12 g-col-sm-6 g-col-md-4\">ASR (kip\u00f6rg\u00e9sg\u00e1tl\u00f3)<\/li>\n<li class=\"g-col-12 g-col-sm-6 g-col-md-4\">tempomat<\/li>\n<li class=\"g-col-12 g-col-sm-6 g-col-md-4\">centr\u00e1lz\u00e1r<\/li>\n<li class=\"g-col-12 g-col-sm-6 g-col-md-4\">szervokorm\u00e1ny<\/li>\n<\/ul>\n<div class=\"border-bottom border-secondary-subtle mt-3\"><\/div>\n<\/div>\n<div>\n<div class=\"mb-3 fw-bold\">K\u00fclt\u00e9r<\/div>\n<ul class=\"grid ps-4 gap-0 column-gap-4\">\n<li class=\"g-col-12 g-col-sm-6 g-col-md-4\">elektromosan behajthat\u00f3 k\u00fcls\u0151 t\u00fckr\u00f6k<\/li>\n<li class=\"g-col-12 g-col-sm-6 g-col-md-4\">f\u0171thet\u0151 ablakmos\u00f3 f\u00fav\u00f3k\u00e1k<\/li>\n<li class=\"g-col-12 g-col-sm-6 g-col-md-4\">xenon f\u00e9nysz\u00f3r\u00f3<\/li>\n<li class=\"g-col-12 g-col-sm-6 g-col-md-4\">es\u0151szenzor<\/li>\n<li class=\"g-col-12 g-col-sm-6 g-col-md-4\">elektromos ablak el\u00f6l<\/li>\n<li class=\"g-col-12 g-col-sm-6 g-col-md-4\">elektromos ablak h\u00e1tul<\/li>\n<li class=\"g-col-12 g-col-sm-6 g-col-md-4\">elektromos t\u00fck\u00f6r<\/li>\n<li class=\"g-col-12 g-col-sm-6 g-col-md-4\">f\u0171thet\u0151 t\u00fck\u00f6r<\/li>\n<li class=\"g-col-12 g-col-sm-6 g-col-md-4\">k\u00f6nny\u0171f\u00e9m felni<\/li>\n<li class=\"g-col-12 g-col-sm-6 g-col-md-4\">sz\u00ednezett \u00fcveg<\/li>\n<\/ul>\n<div class=\"border-bottom border-secondary-subtle mt-3\"><\/div>\n<\/div>\n<div>\n<div class=\"mb-3 fw-bold\">Multim\u00e9dia \/ Navig\u00e1ci\u00f3<\/div>\n<ul class=\"grid ps-4 gap-0 column-gap-4\">\n<li class=\"g-col-12 g-col-sm-6 g-col-md-4\">GPS (navig\u00e1ci\u00f3)<\/li>\n<li class=\"g-col-12 g-col-sm-6 g-col-md-4\">multifunkcion\u00e1lis kijelz\u0151<\/li>\n<\/ul>\n<div class=\"border-bottom border-secondary-subtle mt-3\"><\/div>\n<\/div>\n<div>\n<div class=\"mb-3 fw-bold\">Egy\u00e9b inform\u00e1ci\u00f3<\/div>\n<ul class=\"grid ps-4 gap-0 column-gap-4\">\n<li class=\"g-col-12 g-col-sm-6 g-col-md-4\">azonnal elvihet\u0151<\/li>\n<li class=\"g-col-12 g-col-sm-6 g-col-md-4\">gar\u00e1zsban tartott<\/li>\n<li class=\"g-col-12 g-col-sm-6 g-col-md-4\">keveset futott<\/li>\n<li class=\"g-col-12 g-col-sm-6 g-col-md-4\">t\u00f6rzsk\u00f6nyv<\/li>\n<\/ul>\n<\/div>","protected":false},"excerpt":{"rendered":"<p>Elad\u00e1sra k\u00edn\u00e1lunk egy ritka \u00e1llapotnak \u00f6rvend\u0151 BMW E93 325i -t. Az aut\u00f3 2019-ben \u00e9rkezett az orsz\u00e1gba az\u00f3ta k\u00e9t tulaja volt! Az aut\u00f3 rendszeresen volt szervizelve! F\u00e9nyez\u00e9se egys\u00e9ges de volt m\u00e1r f\u00e9nyezve. Beltere kimagasl\u00f3an k\u00falt\u00far\u00e1lt, az \u00f6sszes extra t\u00f6k\u00e9letesen m\u0171k\u00f6dik benne \u00e9s hibak\u00f3d mentes! Az aut\u00f3 bizom\u00e1nyos \u00e9rt\u00e9kes\u00edt\u00e9sre van n\u00e1lunk b\u0151vebb felvil\u00e1gos\u00edt\u00e1st telefonon tudunk biztos\u00edtani! BMW [&hellip;]<\/p>\n","protected":false},"featured_media":23589,"template":"","meta":{"_acf_changed":false},"manufactures":[],"product_brand":[165],"product_cat":[25],"product_tag":[109],"class_list":{"0":"post-23432","1":"product","2":"type-product","3":"status-publish","4":"has-post-thumbnail","6":"product_brand-bmw","7":"product_cat-streetcar","8":"product_tag-sold","10":"first","11":"instock","12":"taxable","13":"shipping-taxable","14":"purchasable","15":"product-type-simple"},"exclude_global_add_ons":[],"addons":[],"acf":[],"yoast_head":"<!-- This site is optimized with the Yoast SEO Premium plugin v27.1 (Yoast SEO v27.2) - https:\/\/yoast.com\/product\/yoast-seo-premium-wordpress\/ -->\n<title>BMW 325i (Automata) - K\u00e1rai Exclusive<\/title>\n<meta name=\"robots\" content=\"index, follow, max-snippet:-1, max-image-preview:large, max-video-preview:-1\" \/>\n<link rel=\"canonical\" href=\"https:\/\/karaiexclusiveracing.hu\/de\/produkt\/bmw-325i-automata\/\" \/>\n<meta property=\"og:locale\" content=\"de_DE\" \/>\n<meta property=\"og:type\" content=\"article\" \/>\n<meta property=\"og:title\" content=\"BMW 325i (Automata)\" \/>\n<meta property=\"og:description\" content=\"Elad\u00e1sra k\u00edn\u00e1lunk egy ritka \u00e1llapotnak \u00f6rvend\u0151 BMW E93 325i -t. Az aut\u00f3 2019-ben \u00e9rkezett az orsz\u00e1gba az\u00f3ta k\u00e9t tulaja volt! Az aut\u00f3 rendszeresen volt szervizelve! F\u00e9nyez\u00e9se egys\u00e9ges de volt m\u00e1r f\u00e9nyezve. Beltere kimagasl\u00f3an k\u00falt\u00far\u00e1lt, az \u00f6sszes extra t\u00f6k\u00e9letesen m\u0171k\u00f6dik benne \u00e9s hibak\u00f3d mentes! Az aut\u00f3 bizom\u00e1nyos \u00e9rt\u00e9kes\u00edt\u00e9sre van n\u00e1lunk b\u0151vebb felvil\u00e1gos\u00edt\u00e1st telefonon tudunk biztos\u00edtani! BMW [&hellip;]\" \/>\n<meta property=\"og:url\" content=\"https:\/\/karaiexclusiveracing.hu\/de\/produkt\/bmw-325i-automata\/\" \/>\n<meta property=\"og:site_name\" content=\"K\u00e1rai Exclusive\" \/>\n<meta property=\"article:publisher\" content=\"https:\/\/www.facebook.com\/karaiexclusiveracing.hu\" \/>\n<meta property=\"article:modified_time\" content=\"2025-12-22T12:37:22+00:00\" \/>\n<meta property=\"og:image\" content=\"https:\/\/karaiexclusiveracing.hu\/wp-content\/uploads\/2025\/09\/Cimsor-hozzaadasa-13.png\" \/>\n\t<meta property=\"og:image:width\" content=\"1147\" \/>\n\t<meta property=\"og:image:height\" content=\"643\" \/>\n\t<meta property=\"og:image:type\" content=\"image\/png\" \/>\n<meta name=\"twitter:card\" content=\"summary_large_image\" \/>\n<meta name=\"twitter:label1\" content=\"Gesch\u00e4tzte Lesezeit\" \/>\n\t<meta name=\"twitter:data1\" content=\"2\u00a0Minuten\" \/>\n<script type=\"application\/ld+json\" class=\"yoast-schema-graph\">{\"@context\":\"https:\/\/schema.org\",\"@graph\":[{\"@type\":\"WebPage\",\"@id\":\"https:\/\/karaiexclusiveracing.hu\/termek\/bmw-325i-automata\/\",\"url\":\"https:\/\/karaiexclusiveracing.hu\/termek\/bmw-325i-automata\/\",\"name\":\"BMW 325i (Automata) - K\u00e1rai Exclusive\",\"isPartOf\":{\"@id\":\"https:\/\/karaiexclusiveracing.hu\/#website\"},\"primaryImageOfPage\":{\"@id\":\"https:\/\/karaiexclusiveracing.hu\/termek\/bmw-325i-automata\/#primaryimage\"},\"image\":{\"@id\":\"https:\/\/karaiexclusiveracing.hu\/termek\/bmw-325i-automata\/#primaryimage\"},\"thumbnailUrl\":\"https:\/\/karaiexclusiveracing.hu\/wp-content\/uploads\/2025\/09\/Cimsor-hozzaadasa-13.png\",\"datePublished\":\"2025-09-29T07:35:32+00:00\",\"dateModified\":\"2025-12-22T12:37:22+00:00\",\"breadcrumb\":{\"@id\":\"https:\/\/karaiexclusiveracing.hu\/termek\/bmw-325i-automata\/#breadcrumb\"},\"inLanguage\":\"de\",\"potentialAction\":[{\"@type\":\"ReadAction\",\"target\":[\"https:\/\/karaiexclusiveracing.hu\/termek\/bmw-325i-automata\/\"]}]},{\"@type\":\"ImageObject\",\"inLanguage\":\"de\",\"@id\":\"https:\/\/karaiexclusiveracing.hu\/termek\/bmw-325i-automata\/#primaryimage\",\"url\":\"https:\/\/karaiexclusiveracing.hu\/wp-content\/uploads\/2025\/09\/Cimsor-hozzaadasa-13.png\",\"contentUrl\":\"https:\/\/karaiexclusiveracing.hu\/wp-content\/uploads\/2025\/09\/Cimsor-hozzaadasa-13.png\",\"width\":1147,\"height\":643},{\"@type\":\"BreadcrumbList\",\"@id\":\"https:\/\/karaiexclusiveracing.hu\/termek\/bmw-325i-automata\/#breadcrumb\",\"itemListElement\":[{\"@type\":\"ListItem\",\"position\":1,\"name\":\"Kezd\u0151lap\",\"item\":\"https:\/\/karaiexclusiveracing.hu\/\"},{\"@type\":\"ListItem\",\"position\":2,\"name\":\"Elad\u00f3 aut\u00f3k\",\"item\":\"https:\/\/karaiexclusiveracing.hu\/elado-autok\/\"},{\"@type\":\"ListItem\",\"position\":3,\"name\":\"BMW 325i (Automata)\"}]},{\"@type\":\"WebSite\",\"@id\":\"https:\/\/karaiexclusiveracing.hu\/#website\",\"url\":\"https:\/\/karaiexclusiveracing.hu\/\",\"name\":\"K\u00e1rai Exclusive Racing\",\"description\":\"\",\"publisher\":{\"@id\":\"https:\/\/karaiexclusiveracing.hu\/#organization\"},\"potentialAction\":[{\"@type\":\"SearchAction\",\"target\":{\"@type\":\"EntryPoint\",\"urlTemplate\":\"https:\/\/karaiexclusiveracing.hu\/?s={search_term_string}\"},\"query-input\":{\"@type\":\"PropertyValueSpecification\",\"valueRequired\":true,\"valueName\":\"search_term_string\"}}],\"inLanguage\":\"de\"},{\"@type\":\"Organization\",\"@id\":\"https:\/\/karaiexclusiveracing.hu\/#organization\",\"name\":\"K\u00e1rai Exclusive Racing\",\"url\":\"https:\/\/karaiexclusiveracing.hu\/\",\"logo\":{\"@type\":\"ImageObject\",\"inLanguage\":\"de\",\"@id\":\"https:\/\/karaiexclusiveracing.hu\/#\/schema\/logo\/image\/\",\"url\":\"https:\/\/www.karaiexclusiveracing.hu\/wp-content\/uploads\/2023\/10\/karai_exclusive_logo-1-1.png\",\"contentUrl\":\"https:\/\/www.karaiexclusiveracing.hu\/wp-content\/uploads\/2023\/10\/karai_exclusive_logo-1-1.png\",\"width\":1575,\"height\":435,\"caption\":\"K\u00e1rai Exclusive Racing\"},\"image\":{\"@id\":\"https:\/\/karaiexclusiveracing.hu\/#\/schema\/logo\/image\/\"},\"sameAs\":[\"https:\/\/www.facebook.com\/karaiexclusiveracing.hu\",\"https:\/\/www.instagram.com\/karaiexclusiveracing\/\"]}]}<\/script>\n<!-- \/ Yoast SEO Premium plugin. -->","yoast_head_json":{"title":"BMW 325i (Automata) - K\u00e1rai Exclusive","robots":{"index":"index","follow":"follow","max-snippet":"max-snippet:-1","max-image-preview":"max-image-preview:large","max-video-preview":"max-video-preview:-1"},"canonical":"https:\/\/karaiexclusiveracing.hu\/de\/produkt\/bmw-325i-automata\/","og_locale":"de_DE","og_type":"article","og_title":"BMW 325i (Automata)","og_description":"Elad\u00e1sra k\u00edn\u00e1lunk egy ritka \u00e1llapotnak \u00f6rvend\u0151 BMW E93 325i -t. Az aut\u00f3 2019-ben \u00e9rkezett az orsz\u00e1gba az\u00f3ta k\u00e9t tulaja volt! Az aut\u00f3 rendszeresen volt szervizelve! F\u00e9nyez\u00e9se egys\u00e9ges de volt m\u00e1r f\u00e9nyezve. Beltere kimagasl\u00f3an k\u00falt\u00far\u00e1lt, az \u00f6sszes extra t\u00f6k\u00e9letesen m\u0171k\u00f6dik benne \u00e9s hibak\u00f3d mentes! Az aut\u00f3 bizom\u00e1nyos \u00e9rt\u00e9kes\u00edt\u00e9sre van n\u00e1lunk b\u0151vebb felvil\u00e1gos\u00edt\u00e1st telefonon tudunk biztos\u00edtani! BMW [&hellip;]","og_url":"https:\/\/karaiexclusiveracing.hu\/de\/produkt\/bmw-325i-automata\/","og_site_name":"K\u00e1rai Exclusive","article_publisher":"https:\/\/www.facebook.com\/karaiexclusiveracing.hu","article_modified_time":"2025-12-22T12:37:22+00:00","og_image":[{"width":1147,"height":643,"url":"https:\/\/karaiexclusiveracing.hu\/wp-content\/uploads\/2025\/09\/Cimsor-hozzaadasa-13.png","type":"image\/png"}],"twitter_card":"summary_large_image","twitter_misc":{"Gesch\u00e4tzte Lesezeit":"2\u00a0Minuten"},"schema":{"@context":"https:\/\/schema.org","@graph":[{"@type":"WebPage","@id":"https:\/\/karaiexclusiveracing.hu\/termek\/bmw-325i-automata\/","url":"https:\/\/karaiexclusiveracing.hu\/termek\/bmw-325i-automata\/","name":"BMW 325i (Automata) - K\u00e1rai Exclusive","isPartOf":{"@id":"https:\/\/karaiexclusiveracing.hu\/#website"},"primaryImageOfPage":{"@id":"https:\/\/karaiexclusiveracing.hu\/termek\/bmw-325i-automata\/#primaryimage"},"image":{"@id":"https:\/\/karaiexclusiveracing.hu\/termek\/bmw-325i-automata\/#primaryimage"},"thumbnailUrl":"https:\/\/karaiexclusiveracing.hu\/wp-content\/uploads\/2025\/09\/Cimsor-hozzaadasa-13.png","datePublished":"2025-09-29T07:35:32+00:00","dateModified":"2025-12-22T12:37:22+00:00","breadcrumb":{"@id":"https:\/\/karaiexclusiveracing.hu\/termek\/bmw-325i-automata\/#breadcrumb"},"inLanguage":"de","potentialAction":[{"@type":"ReadAction","target":["https:\/\/karaiexclusiveracing.hu\/termek\/bmw-325i-automata\/"]}]},{"@type":"ImageObject","inLanguage":"de","@id":"https:\/\/karaiexclusiveracing.hu\/termek\/bmw-325i-automata\/#primaryimage","url":"https:\/\/karaiexclusiveracing.hu\/wp-content\/uploads\/2025\/09\/Cimsor-hozzaadasa-13.png","contentUrl":"https:\/\/karaiexclusiveracing.hu\/wp-content\/uploads\/2025\/09\/Cimsor-hozzaadasa-13.png","width":1147,"height":643},{"@type":"BreadcrumbList","@id":"https:\/\/karaiexclusiveracing.hu\/termek\/bmw-325i-automata\/#breadcrumb","itemListElement":[{"@type":"ListItem","position":1,"name":"Kezd\u0151lap","item":"https:\/\/karaiexclusiveracing.hu\/"},{"@type":"ListItem","position":2,"name":"Elad\u00f3 aut\u00f3k","item":"https:\/\/karaiexclusiveracing.hu\/elado-autok\/"},{"@type":"ListItem","position":3,"name":"BMW 325i (Automata)"}]},{"@type":"WebSite","@id":"https:\/\/karaiexclusiveracing.hu\/#website","url":"https:\/\/karaiexclusiveracing.hu\/","name":"K\u00e1rai Exclusive Racing","description":"","publisher":{"@id":"https:\/\/karaiexclusiveracing.hu\/#organization"},"potentialAction":[{"@type":"SearchAction","target":{"@type":"EntryPoint","urlTemplate":"https:\/\/karaiexclusiveracing.hu\/?s={search_term_string}"},"query-input":{"@type":"PropertyValueSpecification","valueRequired":true,"valueName":"search_term_string"}}],"inLanguage":"de"},{"@type":"Organization","@id":"https:\/\/karaiexclusiveracing.hu\/#organization","name":"K\u00e1rai Exclusive Racing","url":"https:\/\/karaiexclusiveracing.hu\/","logo":{"@type":"ImageObject","inLanguage":"de","@id":"https:\/\/karaiexclusiveracing.hu\/#\/schema\/logo\/image\/","url":"https:\/\/www.karaiexclusiveracing.hu\/wp-content\/uploads\/2023\/10\/karai_exclusive_logo-1-1.png","contentUrl":"https:\/\/www.karaiexclusiveracing.hu\/wp-content\/uploads\/2023\/10\/karai_exclusive_logo-1-1.png","width":1575,"height":435,"caption":"K\u00e1rai Exclusive Racing"},"image":{"@id":"https:\/\/karaiexclusiveracing.hu\/#\/schema\/logo\/image\/"},"sameAs":["https:\/\/www.facebook.com\/karaiexclusiveracing.hu","https:\/\/www.instagram.com\/karaiexclusiveracing\/"]}]}},"_links":{"self":[{"href":"http:\/\/karaiexclusiveracing.hu\/de\/wp-json\/wp\/v2\/product\/23432","targetHints":{"allow":["GET"]}}],"collection":[{"href":"http:\/\/karaiexclusiveracing.hu\/de\/wp-json\/wp\/v2\/product"}],"about":[{"href":"http:\/\/karaiexclusiveracing.hu\/de\/wp-json\/wp\/v2\/types\/product"}],"wp:featuredmedia":[{"embeddable":true,"href":"http:\/\/karaiexclusiveracing.hu\/de\/wp-json\/wp\/v2\/media\/23589"}],"wp:attachment":[{"href":"http:\/\/karaiexclusiveracing.hu\/de\/wp-json\/wp\/v2\/media?parent=23432"}],"wp:term":[{"taxonomy":"manufactures","embeddable":true,"href":"http:\/\/karaiexclusiveracing.hu\/de\/wp-json\/wp\/v2\/manufactures?post=23432"},{"taxonomy":"product_brand","embeddable":true,"href":"http:\/\/karaiexclusiveracing.hu\/de\/wp-json\/wp\/v2\/product_brand?post=23432"},{"taxonomy":"product_cat","embeddable":true,"href":"http:\/\/karaiexclusiveracing.hu\/de\/wp-json\/wp\/v2\/product_cat?post=23432"},{"taxonomy":"product_tag","embeddable":true,"href":"http:\/\/karaiexclusiveracing.hu\/de\/wp-json\/wp\/v2\/product_tag?post=23432"}],"curies":[{"name":"wp","href":"https:\/\/api.w.org\/{rel}","templated":true}]}}