{"id":23348,"date":"2025-08-29T12:01:32","date_gmt":"2025-08-29T10:01:32","guid":{"rendered":"https:\/\/www.karaiexclusiveracing.hu\/?post_type=product&#038;p=23348"},"modified":"2026-01-29T08:21:18","modified_gmt":"2026-01-29T07:21:18","slug":"bmw-335i-xdrive-automata-nagyon-ritka-allapot","status":"publish","type":"product","link":"http:\/\/karaiexclusiveracing.hu\/de\/termek\/bmw-335i-xdrive-automata-nagyon-ritka-allapot\/","title":{"rendered":"BMW 335i xDrive (Automata) Nagyon ritka \u00e1llapotban"},"content":{"rendered":"<p>Elad\u00e1sra k\u00edn\u00e1lunk egy ritka csal\u00e1di sport limuzint egy BMW E90 335I Sedant. Az aut\u00f3 mind m\u0171szakilag, mind eszt\u00e9tikailag nagyon j\u00f3 \u00e1llapotban van.(enyhe t\u00falz\u00e1ssal karcmentes az aut\u00f3) BMW-n\u00e9l vezetett szerv\u00edzk\u00f6nyvvel. Az aut\u00f3t saj\u00e1t, BMW-re szakosodott restaur\u00e1tor m\u0171hely\u00fcnkbe raktuk rendbe. Rengeteg \u00faj alkatr\u00e9sszel.(Mindenr\u0151l dokument\u00e1ci\u00f3, csap\u00e1gyazva, nagy szerv\u00edz, olaj cser\u00e9k stb) Eur\u00f3pai t\u00e1rsaihoz k\u00e9pest az eg\u00e9sz aut\u00f3 padl\u00f3 lemeze, h\u00e1ts\u00f3 fut\u00f3m\u0171ve rozsdamentes. Saj\u00e1t m\u0171hely\u00fcnkben lehet\u0151s\u00e9get biztos\u00edtunk az aut\u00f3 teljes k\u00f6r\u0171 \u00e1tvizsg\u00e1l\u00e1s\u00e1ra emel\u0151n. A j\u00e1rm\u0171 \u00e9rv\u00e9nyes magyar okm\u00e1nyokkal rendelkezik.<br \/>\nBMW besz\u00e1m\u00edt\u00e1sa cser\u00e9je \u00e9rdekel minket olcs\u00f3bb dr\u00e1g\u00e1bb egyar\u00e1nt.<\/p>\n<p><strong> A j\u00e1rm\u0171 el\u0151zetes egyeztet\u00e9st k\u00f6vet\u0151en megtekinthet\u0151 Nagytarcs\u00e1n, a Fels\u0151 Ipari K\u00f6r\u00fat 2\/C c\u00edmen.<\/strong><\/p>\n<p><strong>Belt\u00e9rre vonatkoz\u00f3 inform\u00e1ci\u00f3k:<\/strong><\/p>\n<p>b\u0151r bels\u0151<br \/>\nmem\u00f3ri\u00e1s utas\u00fcl\u00e9s<br \/>\nfaberak\u00e1s<br \/>\nf\u0171thet\u0151 els\u0151 \u00fcl\u00e9s<br \/>\nmem\u00f3ri\u00e1s vezet\u0151\u00fcl\u00e9s<br \/>\n\u00fcl\u00e9smagass\u00e1g \u00e1ll\u00edt\u00e1s<br \/>\nf\u0171thet\u0151 korm\u00e1ny<br \/>\nk\u00f6z\u00e9ps\u0151 kart\u00e1masz<br \/>\nautomatikusan s\u00f6t\u00e9ted\u0151 bels\u0151 t\u00fck\u00f6r<br \/>\nh\u0171thet\u0151 kart\u00e1masz<br \/>\nmultifunkci\u00f3s korm\u00e1nyker\u00e9k<br \/>\nder\u00e9kt\u00e1masz<br \/>\nelektromos \u00fcl\u00e9s\u00e1ll\u00edt\u00e1s vezet\u0151oldal<br \/>\nelektromos \u00fcl\u00e9s\u00e1ll\u00edt\u00e1s utasoldal<br \/>\nb\u0151rkorm\u00e1ny<br \/>\nf\u00fcgg\u00f6nyl\u00e9gzs\u00e1k<br \/>\noldall\u00e9gzs\u00e1k<br \/>\nutasoldali l\u00e9gzs\u00e1k<br \/>\nvezet\u0151oldali l\u00e9gzs\u00e1k<br \/>\n\u00e1ll\u00edthat\u00f3 korm\u00e1ny<br \/>\nfed\u00e9lzeti komputer<\/p>\n<p><strong>K\u00fclt\u00e9rre vonatkoz\u00f3 inform\u00e1ci\u00f3k:<\/strong><\/p>\n<p>f\u0171thet\u0151 ablakmos\u00f3 f\u00fav\u00f3k\u00e1k<br \/>\nxenon f\u00e9nysz\u00f3r\u00f3<br \/>\nbi-xenon f\u00e9nysz\u00f3r\u00f3<br \/>\nelektromos ablak el\u00f6l<br \/>\nelektromos ablak h\u00e1tul<br \/>\nelektromos t\u00fck\u00f6r<br \/>\nf\u0171thet\u0151 t\u00fck\u00f6r<br \/>\nsz\u00ednezett \u00fcveg<br \/>\ntol\u00f3tet\u0151 (napf\u00e9nytet\u0151)<br \/>\ntol\u00f3tet\u0151 &#8211; elektromos<\/p>\n<p><strong>M\u0171szaki adatok:<\/strong><\/p>\n<p>ABS (blokkol\u00e1sg\u00e1tl\u00f3)<br \/>\nASR (kip\u00f6rg\u00e9sg\u00e1tl\u00f3)<br \/>\ntempomat<br \/>\ncentr\u00e1lz\u00e1r<br \/>\nszervokorm\u00e1ny<br \/>\nsebess\u00e9gf\u00fcgg\u0151 szerv\u00f3korm\u00e1ny<br \/>\nMultim\u00e9dia \/ Navig\u00e1ci\u00f3<br \/>\nGPS (navig\u00e1ci\u00f3)<br \/>\nbluetooth-os kihangos\u00edt\u00f3<br \/>\naut\u00f3telefon<\/p>\n<p><strong>Egy\u00e9b inform\u00e1ci\u00f3k:<\/strong><\/p>\n<p>amerikai modell<br \/>\nazonnal elvihet\u0151<br \/>\nels\u0151 tulajdonost\u00f3l<br \/>\nfrissen szervizelt<br \/>\ngarant\u00e1lt km fut\u00e1s<br \/>\ngar\u00e1zsban tartott<\/p>","protected":false},"excerpt":{"rendered":"<p>Elad\u00e1sra k\u00edn\u00e1lunk egy ritka csal\u00e1di sport limuzint egy BMW E90 335I Sedant. Az aut\u00f3 mind m\u0171szakilag, mind eszt\u00e9tikailag nagyon j\u00f3 \u00e1llapotban van.(enyhe t\u00falz\u00e1ssal karcmentes az aut\u00f3) BMW-n\u00e9l vezetett szerv\u00edzk\u00f6nyvvel. Az aut\u00f3t saj\u00e1t, BMW-re szakosodott restaur\u00e1tor m\u0171hely\u00fcnkbe raktuk rendbe. Rengeteg \u00faj alkatr\u00e9sszel.(Mindenr\u0151l dokument\u00e1ci\u00f3, csap\u00e1gyazva, nagy szerv\u00edz, olaj cser\u00e9k stb) Eur\u00f3pai t\u00e1rsaihoz k\u00e9pest az eg\u00e9sz aut\u00f3 padl\u00f3 [&hellip;]<\/p>\n","protected":false},"featured_media":23951,"template":"","meta":{"_acf_changed":false},"manufactures":[],"product_brand":[165],"product_cat":[25],"product_tag":[],"class_list":{"0":"post-23348","1":"product","2":"type-product","3":"status-publish","4":"has-post-thumbnail","6":"product_brand-bmw","7":"product_cat-streetcar","9":"first","10":"instock","11":"taxable","12":"shipping-taxable","13":"purchasable","14":"product-type-simple"},"exclude_global_add_ons":[],"addons":[],"acf":[],"yoast_head":"<!-- This site is optimized with the Yoast SEO Premium plugin v27.1 (Yoast SEO v27.2) - https:\/\/yoast.com\/product\/yoast-seo-premium-wordpress\/ -->\n<title>BMW 335i xDrive (Automata) Nagyon ritka \u00e1llapotban - K\u00e1rai Exclusive<\/title>\n<meta name=\"robots\" content=\"index, follow, max-snippet:-1, max-image-preview:large, max-video-preview:-1\" \/>\n<link rel=\"canonical\" href=\"https:\/\/karaiexclusiveracing.hu\/de\/produkt\/bmw-335i-xdrive-automata-nagyon-ritka-allapot\/\" \/>\n<meta property=\"og:locale\" content=\"de_DE\" \/>\n<meta property=\"og:type\" content=\"article\" \/>\n<meta property=\"og:title\" content=\"BMW 335i xDrive (Automata) Nagyon ritka \u00e1llapotban\" \/>\n<meta property=\"og:description\" content=\"Elad\u00e1sra k\u00edn\u00e1lunk egy ritka csal\u00e1di sport limuzint egy BMW E90 335I Sedant. Az aut\u00f3 mind m\u0171szakilag, mind eszt\u00e9tikailag nagyon j\u00f3 \u00e1llapotban van.(enyhe t\u00falz\u00e1ssal karcmentes az aut\u00f3) BMW-n\u00e9l vezetett szerv\u00edzk\u00f6nyvvel. Az aut\u00f3t saj\u00e1t, BMW-re szakosodott restaur\u00e1tor m\u0171hely\u00fcnkbe raktuk rendbe. Rengeteg \u00faj alkatr\u00e9sszel.(Mindenr\u0151l dokument\u00e1ci\u00f3, csap\u00e1gyazva, nagy szerv\u00edz, olaj cser\u00e9k stb) Eur\u00f3pai t\u00e1rsaihoz k\u00e9pest az eg\u00e9sz aut\u00f3 padl\u00f3 [&hellip;]\" \/>\n<meta property=\"og:url\" content=\"https:\/\/karaiexclusiveracing.hu\/de\/produkt\/bmw-335i-xdrive-automata-nagyon-ritka-allapot\/\" \/>\n<meta property=\"og:site_name\" content=\"K\u00e1rai Exclusive\" \/>\n<meta property=\"article:publisher\" content=\"https:\/\/www.facebook.com\/karaiexclusiveracing.hu\" \/>\n<meta property=\"article:modified_time\" content=\"2026-01-29T07:21:18+00:00\" \/>\n<meta property=\"og:image\" content=\"https:\/\/karaiexclusiveracing.hu\/wp-content\/uploads\/2025\/08\/viber_kep_2026-01-29_05-22-39-979.jpg\" \/>\n\t<meta property=\"og:image:width\" content=\"1600\" \/>\n\t<meta property=\"og:image:height\" content=\"740\" \/>\n\t<meta property=\"og:image:type\" content=\"image\/jpeg\" \/>\n<meta name=\"twitter:card\" content=\"summary_large_image\" \/>\n<meta name=\"twitter:label1\" content=\"Gesch\u00e4tzte Lesezeit\" \/>\n\t<meta name=\"twitter:data1\" content=\"2\u00a0Minuten\" \/>\n<script type=\"application\/ld+json\" class=\"yoast-schema-graph\">{\"@context\":\"https:\/\/schema.org\",\"@graph\":[{\"@type\":\"WebPage\",\"@id\":\"https:\/\/karaiexclusiveracing.hu\/termek\/bmw-335i-xdrive-automata-nagyon-ritka-allapot\/\",\"url\":\"https:\/\/karaiexclusiveracing.hu\/termek\/bmw-335i-xdrive-automata-nagyon-ritka-allapot\/\",\"name\":\"BMW 335i xDrive (Automata) Nagyon ritka \u00e1llapotban - K\u00e1rai Exclusive\",\"isPartOf\":{\"@id\":\"https:\/\/karaiexclusiveracing.hu\/#website\"},\"primaryImageOfPage\":{\"@id\":\"https:\/\/karaiexclusiveracing.hu\/termek\/bmw-335i-xdrive-automata-nagyon-ritka-allapot\/#primaryimage\"},\"image\":{\"@id\":\"https:\/\/karaiexclusiveracing.hu\/termek\/bmw-335i-xdrive-automata-nagyon-ritka-allapot\/#primaryimage\"},\"thumbnailUrl\":\"https:\/\/karaiexclusiveracing.hu\/wp-content\/uploads\/2025\/08\/viber_kep_2026-01-29_05-22-39-979.jpg\",\"datePublished\":\"2025-08-29T10:01:32+00:00\",\"dateModified\":\"2026-01-29T07:21:18+00:00\",\"breadcrumb\":{\"@id\":\"https:\/\/karaiexclusiveracing.hu\/termek\/bmw-335i-xdrive-automata-nagyon-ritka-allapot\/#breadcrumb\"},\"inLanguage\":\"de\",\"potentialAction\":[{\"@type\":\"ReadAction\",\"target\":[\"https:\/\/karaiexclusiveracing.hu\/termek\/bmw-335i-xdrive-automata-nagyon-ritka-allapot\/\"]}]},{\"@type\":\"ImageObject\",\"inLanguage\":\"de\",\"@id\":\"https:\/\/karaiexclusiveracing.hu\/termek\/bmw-335i-xdrive-automata-nagyon-ritka-allapot\/#primaryimage\",\"url\":\"https:\/\/karaiexclusiveracing.hu\/wp-content\/uploads\/2025\/08\/viber_kep_2026-01-29_05-22-39-979.jpg\",\"contentUrl\":\"https:\/\/karaiexclusiveracing.hu\/wp-content\/uploads\/2025\/08\/viber_kep_2026-01-29_05-22-39-979.jpg\",\"width\":1600,\"height\":740},{\"@type\":\"BreadcrumbList\",\"@id\":\"https:\/\/karaiexclusiveracing.hu\/termek\/bmw-335i-xdrive-automata-nagyon-ritka-allapot\/#breadcrumb\",\"itemListElement\":[{\"@type\":\"ListItem\",\"position\":1,\"name\":\"Kezd\u0151lap\",\"item\":\"https:\/\/karaiexclusiveracing.hu\/\"},{\"@type\":\"ListItem\",\"position\":2,\"name\":\"Elad\u00f3 aut\u00f3k\",\"item\":\"https:\/\/karaiexclusiveracing.hu\/elado-autok\/\"},{\"@type\":\"ListItem\",\"position\":3,\"name\":\"BMW 335i xDrive (Automata) Nagyon ritka \u00e1llapotban\"}]},{\"@type\":\"WebSite\",\"@id\":\"https:\/\/karaiexclusiveracing.hu\/#website\",\"url\":\"https:\/\/karaiexclusiveracing.hu\/\",\"name\":\"K\u00e1rai Exclusive Racing\",\"description\":\"\",\"publisher\":{\"@id\":\"https:\/\/karaiexclusiveracing.hu\/#organization\"},\"potentialAction\":[{\"@type\":\"SearchAction\",\"target\":{\"@type\":\"EntryPoint\",\"urlTemplate\":\"https:\/\/karaiexclusiveracing.hu\/?s={search_term_string}\"},\"query-input\":{\"@type\":\"PropertyValueSpecification\",\"valueRequired\":true,\"valueName\":\"search_term_string\"}}],\"inLanguage\":\"de\"},{\"@type\":\"Organization\",\"@id\":\"https:\/\/karaiexclusiveracing.hu\/#organization\",\"name\":\"K\u00e1rai Exclusive Racing\",\"url\":\"https:\/\/karaiexclusiveracing.hu\/\",\"logo\":{\"@type\":\"ImageObject\",\"inLanguage\":\"de\",\"@id\":\"https:\/\/karaiexclusiveracing.hu\/#\/schema\/logo\/image\/\",\"url\":\"https:\/\/www.karaiexclusiveracing.hu\/wp-content\/uploads\/2023\/10\/karai_exclusive_logo-1-1.png\",\"contentUrl\":\"https:\/\/www.karaiexclusiveracing.hu\/wp-content\/uploads\/2023\/10\/karai_exclusive_logo-1-1.png\",\"width\":1575,\"height\":435,\"caption\":\"K\u00e1rai Exclusive Racing\"},\"image\":{\"@id\":\"https:\/\/karaiexclusiveracing.hu\/#\/schema\/logo\/image\/\"},\"sameAs\":[\"https:\/\/www.facebook.com\/karaiexclusiveracing.hu\",\"https:\/\/www.instagram.com\/karaiexclusiveracing\/\"]}]}<\/script>\n<!-- \/ Yoast SEO Premium plugin. -->","yoast_head_json":{"title":"BMW 335i xDrive (Automata) Nagyon ritka \u00e1llapotban - K\u00e1rai Exclusive","robots":{"index":"index","follow":"follow","max-snippet":"max-snippet:-1","max-image-preview":"max-image-preview:large","max-video-preview":"max-video-preview:-1"},"canonical":"https:\/\/karaiexclusiveracing.hu\/de\/produkt\/bmw-335i-xdrive-automata-nagyon-ritka-allapot\/","og_locale":"de_DE","og_type":"article","og_title":"BMW 335i xDrive (Automata) Nagyon ritka \u00e1llapotban","og_description":"Elad\u00e1sra k\u00edn\u00e1lunk egy ritka csal\u00e1di sport limuzint egy BMW E90 335I Sedant. Az aut\u00f3 mind m\u0171szakilag, mind eszt\u00e9tikailag nagyon j\u00f3 \u00e1llapotban van.(enyhe t\u00falz\u00e1ssal karcmentes az aut\u00f3) BMW-n\u00e9l vezetett szerv\u00edzk\u00f6nyvvel. Az aut\u00f3t saj\u00e1t, BMW-re szakosodott restaur\u00e1tor m\u0171hely\u00fcnkbe raktuk rendbe. Rengeteg \u00faj alkatr\u00e9sszel.(Mindenr\u0151l dokument\u00e1ci\u00f3, csap\u00e1gyazva, nagy szerv\u00edz, olaj cser\u00e9k stb) Eur\u00f3pai t\u00e1rsaihoz k\u00e9pest az eg\u00e9sz aut\u00f3 padl\u00f3 [&hellip;]","og_url":"https:\/\/karaiexclusiveracing.hu\/de\/produkt\/bmw-335i-xdrive-automata-nagyon-ritka-allapot\/","og_site_name":"K\u00e1rai Exclusive","article_publisher":"https:\/\/www.facebook.com\/karaiexclusiveracing.hu","article_modified_time":"2026-01-29T07:21:18+00:00","og_image":[{"width":1600,"height":740,"url":"https:\/\/karaiexclusiveracing.hu\/wp-content\/uploads\/2025\/08\/viber_kep_2026-01-29_05-22-39-979.jpg","type":"image\/jpeg"}],"twitter_card":"summary_large_image","twitter_misc":{"Gesch\u00e4tzte Lesezeit":"2\u00a0Minuten"},"schema":{"@context":"https:\/\/schema.org","@graph":[{"@type":"WebPage","@id":"https:\/\/karaiexclusiveracing.hu\/termek\/bmw-335i-xdrive-automata-nagyon-ritka-allapot\/","url":"https:\/\/karaiexclusiveracing.hu\/termek\/bmw-335i-xdrive-automata-nagyon-ritka-allapot\/","name":"BMW 335i xDrive (Automata) Nagyon ritka \u00e1llapotban - K\u00e1rai Exclusive","isPartOf":{"@id":"https:\/\/karaiexclusiveracing.hu\/#website"},"primaryImageOfPage":{"@id":"https:\/\/karaiexclusiveracing.hu\/termek\/bmw-335i-xdrive-automata-nagyon-ritka-allapot\/#primaryimage"},"image":{"@id":"https:\/\/karaiexclusiveracing.hu\/termek\/bmw-335i-xdrive-automata-nagyon-ritka-allapot\/#primaryimage"},"thumbnailUrl":"https:\/\/karaiexclusiveracing.hu\/wp-content\/uploads\/2025\/08\/viber_kep_2026-01-29_05-22-39-979.jpg","datePublished":"2025-08-29T10:01:32+00:00","dateModified":"2026-01-29T07:21:18+00:00","breadcrumb":{"@id":"https:\/\/karaiexclusiveracing.hu\/termek\/bmw-335i-xdrive-automata-nagyon-ritka-allapot\/#breadcrumb"},"inLanguage":"de","potentialAction":[{"@type":"ReadAction","target":["https:\/\/karaiexclusiveracing.hu\/termek\/bmw-335i-xdrive-automata-nagyon-ritka-allapot\/"]}]},{"@type":"ImageObject","inLanguage":"de","@id":"https:\/\/karaiexclusiveracing.hu\/termek\/bmw-335i-xdrive-automata-nagyon-ritka-allapot\/#primaryimage","url":"https:\/\/karaiexclusiveracing.hu\/wp-content\/uploads\/2025\/08\/viber_kep_2026-01-29_05-22-39-979.jpg","contentUrl":"https:\/\/karaiexclusiveracing.hu\/wp-content\/uploads\/2025\/08\/viber_kep_2026-01-29_05-22-39-979.jpg","width":1600,"height":740},{"@type":"BreadcrumbList","@id":"https:\/\/karaiexclusiveracing.hu\/termek\/bmw-335i-xdrive-automata-nagyon-ritka-allapot\/#breadcrumb","itemListElement":[{"@type":"ListItem","position":1,"name":"Kezd\u0151lap","item":"https:\/\/karaiexclusiveracing.hu\/"},{"@type":"ListItem","position":2,"name":"Elad\u00f3 aut\u00f3k","item":"https:\/\/karaiexclusiveracing.hu\/elado-autok\/"},{"@type":"ListItem","position":3,"name":"BMW 335i xDrive (Automata) Nagyon ritka \u00e1llapotban"}]},{"@type":"WebSite","@id":"https:\/\/karaiexclusiveracing.hu\/#website","url":"https:\/\/karaiexclusiveracing.hu\/","name":"K\u00e1rai Exclusive Racing","description":"","publisher":{"@id":"https:\/\/karaiexclusiveracing.hu\/#organization"},"potentialAction":[{"@type":"SearchAction","target":{"@type":"EntryPoint","urlTemplate":"https:\/\/karaiexclusiveracing.hu\/?s={search_term_string}"},"query-input":{"@type":"PropertyValueSpecification","valueRequired":true,"valueName":"search_term_string"}}],"inLanguage":"de"},{"@type":"Organization","@id":"https:\/\/karaiexclusiveracing.hu\/#organization","name":"K\u00e1rai Exclusive Racing","url":"https:\/\/karaiexclusiveracing.hu\/","logo":{"@type":"ImageObject","inLanguage":"de","@id":"https:\/\/karaiexclusiveracing.hu\/#\/schema\/logo\/image\/","url":"https:\/\/www.karaiexclusiveracing.hu\/wp-content\/uploads\/2023\/10\/karai_exclusive_logo-1-1.png","contentUrl":"https:\/\/www.karaiexclusiveracing.hu\/wp-content\/uploads\/2023\/10\/karai_exclusive_logo-1-1.png","width":1575,"height":435,"caption":"K\u00e1rai Exclusive Racing"},"image":{"@id":"https:\/\/karaiexclusiveracing.hu\/#\/schema\/logo\/image\/"},"sameAs":["https:\/\/www.facebook.com\/karaiexclusiveracing.hu","https:\/\/www.instagram.com\/karaiexclusiveracing\/"]}]}},"_links":{"self":[{"href":"http:\/\/karaiexclusiveracing.hu\/de\/wp-json\/wp\/v2\/product\/23348","targetHints":{"allow":["GET"]}}],"collection":[{"href":"http:\/\/karaiexclusiveracing.hu\/de\/wp-json\/wp\/v2\/product"}],"about":[{"href":"http:\/\/karaiexclusiveracing.hu\/de\/wp-json\/wp\/v2\/types\/product"}],"wp:featuredmedia":[{"embeddable":true,"href":"http:\/\/karaiexclusiveracing.hu\/de\/wp-json\/wp\/v2\/media\/23951"}],"wp:attachment":[{"href":"http:\/\/karaiexclusiveracing.hu\/de\/wp-json\/wp\/v2\/media?parent=23348"}],"wp:term":[{"taxonomy":"manufactures","embeddable":true,"href":"http:\/\/karaiexclusiveracing.hu\/de\/wp-json\/wp\/v2\/manufactures?post=23348"},{"taxonomy":"product_brand","embeddable":true,"href":"http:\/\/karaiexclusiveracing.hu\/de\/wp-json\/wp\/v2\/product_brand?post=23348"},{"taxonomy":"product_cat","embeddable":true,"href":"http:\/\/karaiexclusiveracing.hu\/de\/wp-json\/wp\/v2\/product_cat?post=23348"},{"taxonomy":"product_tag","embeddable":true,"href":"http:\/\/karaiexclusiveracing.hu\/de\/wp-json\/wp\/v2\/product_tag?post=23348"}],"curies":[{"name":"wp","href":"https:\/\/api.w.org\/{rel}","templated":true}]}}