{"id":22905,"date":"2025-05-05T18:41:19","date_gmt":"2025-05-05T16:41:19","guid":{"rendered":"https:\/\/www.karaiexclusiveracing.hu\/?post_type=product&#038;p=22905"},"modified":"2025-12-22T13:41:42","modified_gmt":"2025-12-22T12:41:42","slug":"bmw-m3","status":"publish","type":"product","link":"http:\/\/karaiexclusiveracing.hu\/de\/termek\/bmw-m3\/","title":{"rendered":"BMW M3"},"content":{"rendered":"<p>Elad\u00e1sra k\u00edn\u00e1lunk egy <strong>BMW E46 M3 Manualt<\/strong>! Az aut\u00f3 pozit\u00edvumai: Original balkorm\u00e1nyos, Eur\u00f3pai piacra gy\u00e1rtott! Az aut\u00f3nak szinte \u00fajkora \u00f3ta az \u00f6sszes szerviz sz\u00e1ml\u00e1ja lef\u0171zve, \u00fajkora \u00f3ta BMW-n\u00e9l szervizelt! \u00daj kuplung \u00faj lendker\u00e9k, meg csap\u00e1gyazva, \u00faj komplett f\u00e9k stb.(mindenr\u0151l sz\u00e1mla). \u00d6sszes\u00e9g\u00e9ben egy Gy\u00e1rias \u00e1llapotnak \u00f6rvend\u0151 M3. Az aut\u00f3 negat\u00edvuma: Az aut\u00f3 gy\u00e1rilag ez\u00fcst sz\u00edn\u0171.<\/p>\n<p><strong>K\u00fclt\u00e9r:<br \/>\n<\/strong><\/p>\n<ul>\n<li>b\u0151r bels\u0151<\/li>\n<li>d\u00f6nthet\u0151 utas\u00fcl\u00e9sek<\/li>\n<li>f\u0171thet\u0151 els\u0151 \u00fcl\u00e9s<\/li>\n<li>\u00fcl\u00e9smagass\u00e1g \u00e1ll\u00edt\u00e1s<\/li>\n<li>k\u00f6z\u00e9ps\u0151 kart\u00e1masz<\/li>\n<li>multifunkci\u00f3s korm\u00e1nyker\u00e9k<\/li>\n<li>\u00e1ll\u00edthat\u00f3 combt\u00e1masz<\/li>\n<li>der\u00e9kt\u00e1masz<\/li>\n<li>elektromos \u00fcl\u00e9s\u00e1ll\u00edt\u00e1s vezet\u0151oldal<\/li>\n<li>elektromos \u00fcl\u00e9s\u00e1ll\u00edt\u00e1s utasoldal<\/li>\n<li>b\u0151rkorm\u00e1ny<\/li>\n<li>f\u00fcgg\u00f6nyl\u00e9gzs\u00e1k<\/li>\n<li>oldall\u00e9gzs\u00e1k<\/li>\n<li>utasoldali l\u00e9gzs\u00e1k<\/li>\n<li>vezet\u0151oldali l\u00e9gzs\u00e1k<\/li>\n<li>\u00e1ll\u00edthat\u00f3 korm\u00e1ny<\/li>\n<li>fed\u00e9lzeti komputer<\/li>\n<\/ul>\n<p>&nbsp;<\/p>\n<p><strong>Belt\u00e9r:<\/strong><\/p>\n<ul>\n<li>xenon f\u00e9nysz\u00f3r\u00f3<\/li>\n<li>es\u0151szenzor<\/li>\n<li>f\u00e9nysz\u00f3r\u00f3mos\u00f3<\/li>\n<li>elektromos ablak el\u00f6l<\/li>\n<li>elektromos ablak h\u00e1tul<\/li>\n<li>elektromos t\u00fck\u00f6r<\/li>\n<li>f\u0171thet\u0151 t\u00fck\u00f6r<\/li>\n<li>k\u00f6nny\u0171f\u00e9m felni<\/li>\n<li>sz\u00ednezett \u00fcveg<\/li>\n<\/ul>\n<p>&nbsp;<\/p>\n<p><strong>M\u0171szaki:<\/strong><\/p>\n<ul>\n<li>tolat\u00f3radar<\/li>\n<li>ABS (blokkol\u00e1sg\u00e1tl\u00f3)<\/li>\n<li>ASR (kip\u00f6rg\u00e9sg\u00e1tl\u00f3)<\/li>\n<li>ESP (menetstabiliz\u00e1tor)<\/li>\n<li>tempomat<\/li>\n<li>centr\u00e1lz\u00e1r<\/li>\n<li>szervokorm\u00e1ny<\/li>\n<li>sportfut\u00f3m\u0171<\/li>\n<li>sperr differenci\u00e1lm\u0171<\/li>\n<\/ul>\n<p>&nbsp;<\/p>\n<p><strong>A g\u00e9pj\u00e1rm\u0171 el\u0151zetes egyeztet\u00e9st k\u00f6vet\u0151en megtekinthet\u0151 Nagytarcs\u00e1n a Fels\u0151 Ipari K\u00f6r\u00fat 2\/C c\u00edmen.<br \/>\nTov\u00e1bbi inform\u00e1ci\u00f3k\u00e9rt \u00e9rdekl\u0151dj telefonon!<\/strong><\/p>","protected":false},"excerpt":{"rendered":"<p>Elad\u00e1sra k\u00edn\u00e1lunk egy BMW E46 M3 Manualt! Az aut\u00f3 pozit\u00edvumai: Original balkorm\u00e1nyos, Eur\u00f3pai piacra gy\u00e1rtott! Az aut\u00f3nak szinte \u00fajkora \u00f3ta az \u00f6sszes szerviz sz\u00e1ml\u00e1ja lef\u0171zve, \u00fajkora \u00f3ta BMW-n\u00e9l szervizelt! \u00daj kuplung \u00faj lendker\u00e9k, meg csap\u00e1gyazva, \u00faj komplett f\u00e9k stb.(mindenr\u0151l sz\u00e1mla). \u00d6sszes\u00e9g\u00e9ben egy Gy\u00e1rias \u00e1llapotnak \u00f6rvend\u0151 M3. Az aut\u00f3 negat\u00edvuma: Az aut\u00f3 gy\u00e1rilag ez\u00fcst sz\u00edn\u0171. K\u00fclt\u00e9r: [&hellip;]<\/p>\n","protected":false},"featured_media":23591,"template":"","meta":{"_acf_changed":false},"manufactures":[],"product_brand":[],"product_cat":[25],"product_tag":[109],"class_list":{"0":"post-22905","1":"product","2":"type-product","3":"status-publish","4":"has-post-thumbnail","6":"product_cat-streetcar","7":"product_tag-sold","9":"first","10":"instock","11":"taxable","12":"shipping-taxable","13":"purchasable","14":"product-type-simple"},"exclude_global_add_ons":[],"addons":[],"acf":[],"yoast_head":"<!-- This site is optimized with the Yoast SEO Premium plugin v27.1 (Yoast SEO v27.2) - https:\/\/yoast.com\/product\/yoast-seo-premium-wordpress\/ -->\n<title>BMW M3 - K\u00e1rai Exclusive<\/title>\n<meta name=\"description\" content=\"BMW E46 M3 Manual, eur\u00f3pai piacra gy\u00e1rtott original bal korm\u00e1nyos. \u00daj kuplung, lendker\u00e9k, f\u00e9k \u00e9s meg csap\u00e1gyazva. \u00d6sszes szerviz sz\u00e1ml\u00e1ja lef\u0171zve!\" \/>\n<meta name=\"robots\" content=\"index, follow, max-snippet:-1, max-image-preview:large, max-video-preview:-1\" \/>\n<link rel=\"canonical\" href=\"https:\/\/karaiexclusiveracing.hu\/de\/produkt\/bmw-m3\/\" \/>\n<meta property=\"og:locale\" content=\"de_DE\" \/>\n<meta property=\"og:type\" content=\"article\" \/>\n<meta property=\"og:title\" content=\"BMW M3\" \/>\n<meta property=\"og:description\" content=\"BMW E46 M3 Manual, eur\u00f3pai piacra gy\u00e1rtott original bal korm\u00e1nyos. \u00daj kuplung, lendker\u00e9k, f\u00e9k \u00e9s meg csap\u00e1gyazva. \u00d6sszes szerviz sz\u00e1ml\u00e1ja lef\u0171zve!\" \/>\n<meta property=\"og:url\" content=\"https:\/\/karaiexclusiveracing.hu\/de\/produkt\/bmw-m3\/\" \/>\n<meta property=\"og:site_name\" content=\"K\u00e1rai Exclusive\" \/>\n<meta property=\"article:publisher\" content=\"https:\/\/www.facebook.com\/karaiexclusiveracing.hu\" \/>\n<meta property=\"article:modified_time\" content=\"2025-12-22T12:41:42+00:00\" \/>\n<meta property=\"og:image\" content=\"https:\/\/karaiexclusiveracing.hu\/wp-content\/uploads\/2025\/05\/SOLD-BMWM3.png\" \/>\n\t<meta property=\"og:image:width\" content=\"973\" \/>\n\t<meta property=\"og:image:height\" content=\"691\" \/>\n\t<meta property=\"og:image:type\" content=\"image\/png\" \/>\n<meta name=\"twitter:card\" content=\"summary_large_image\" \/>\n<meta name=\"twitter:label1\" content=\"Gesch\u00e4tzte Lesezeit\" \/>\n\t<meta name=\"twitter:data1\" content=\"1\u00a0Minute\" \/>\n<script type=\"application\/ld+json\" class=\"yoast-schema-graph\">{\"@context\":\"https:\/\/schema.org\",\"@graph\":[{\"@type\":\"WebPage\",\"@id\":\"https:\/\/karaiexclusiveracing.hu\/termek\/bmw-m3\/\",\"url\":\"https:\/\/karaiexclusiveracing.hu\/termek\/bmw-m3\/\",\"name\":\"BMW M3 - K\u00e1rai Exclusive\",\"isPartOf\":{\"@id\":\"https:\/\/karaiexclusiveracing.hu\/#website\"},\"primaryImageOfPage\":{\"@id\":\"https:\/\/karaiexclusiveracing.hu\/termek\/bmw-m3\/#primaryimage\"},\"image\":{\"@id\":\"https:\/\/karaiexclusiveracing.hu\/termek\/bmw-m3\/#primaryimage\"},\"thumbnailUrl\":\"https:\/\/karaiexclusiveracing.hu\/wp-content\/uploads\/2025\/05\/SOLD-BMWM3.png\",\"datePublished\":\"2025-05-05T16:41:19+00:00\",\"dateModified\":\"2025-12-22T12:41:42+00:00\",\"description\":\"BMW E46 M3 Manual, eur\u00f3pai piacra gy\u00e1rtott original bal korm\u00e1nyos. \u00daj kuplung, lendker\u00e9k, f\u00e9k \u00e9s meg csap\u00e1gyazva. \u00d6sszes szerviz sz\u00e1ml\u00e1ja lef\u0171zve!\",\"breadcrumb\":{\"@id\":\"https:\/\/karaiexclusiveracing.hu\/termek\/bmw-m3\/#breadcrumb\"},\"inLanguage\":\"de\",\"potentialAction\":[{\"@type\":\"ReadAction\",\"target\":[\"https:\/\/karaiexclusiveracing.hu\/termek\/bmw-m3\/\"]}]},{\"@type\":\"ImageObject\",\"inLanguage\":\"de\",\"@id\":\"https:\/\/karaiexclusiveracing.hu\/termek\/bmw-m3\/#primaryimage\",\"url\":\"https:\/\/karaiexclusiveracing.hu\/wp-content\/uploads\/2025\/05\/SOLD-BMWM3.png\",\"contentUrl\":\"https:\/\/karaiexclusiveracing.hu\/wp-content\/uploads\/2025\/05\/SOLD-BMWM3.png\",\"width\":973,\"height\":691},{\"@type\":\"BreadcrumbList\",\"@id\":\"https:\/\/karaiexclusiveracing.hu\/termek\/bmw-m3\/#breadcrumb\",\"itemListElement\":[{\"@type\":\"ListItem\",\"position\":1,\"name\":\"Kezd\u0151lap\",\"item\":\"https:\/\/karaiexclusiveracing.hu\/\"},{\"@type\":\"ListItem\",\"position\":2,\"name\":\"Elad\u00f3 aut\u00f3k\",\"item\":\"https:\/\/karaiexclusiveracing.hu\/elado-autok\/\"},{\"@type\":\"ListItem\",\"position\":3,\"name\":\"BMW M3\"}]},{\"@type\":\"WebSite\",\"@id\":\"https:\/\/karaiexclusiveracing.hu\/#website\",\"url\":\"https:\/\/karaiexclusiveracing.hu\/\",\"name\":\"K\u00e1rai Exclusive Racing\",\"description\":\"\",\"publisher\":{\"@id\":\"https:\/\/karaiexclusiveracing.hu\/#organization\"},\"potentialAction\":[{\"@type\":\"SearchAction\",\"target\":{\"@type\":\"EntryPoint\",\"urlTemplate\":\"https:\/\/karaiexclusiveracing.hu\/?s={search_term_string}\"},\"query-input\":{\"@type\":\"PropertyValueSpecification\",\"valueRequired\":true,\"valueName\":\"search_term_string\"}}],\"inLanguage\":\"de\"},{\"@type\":\"Organization\",\"@id\":\"https:\/\/karaiexclusiveracing.hu\/#organization\",\"name\":\"K\u00e1rai Exclusive Racing\",\"url\":\"https:\/\/karaiexclusiveracing.hu\/\",\"logo\":{\"@type\":\"ImageObject\",\"inLanguage\":\"de\",\"@id\":\"https:\/\/karaiexclusiveracing.hu\/#\/schema\/logo\/image\/\",\"url\":\"https:\/\/www.karaiexclusiveracing.hu\/wp-content\/uploads\/2023\/10\/karai_exclusive_logo-1-1.png\",\"contentUrl\":\"https:\/\/www.karaiexclusiveracing.hu\/wp-content\/uploads\/2023\/10\/karai_exclusive_logo-1-1.png\",\"width\":1575,\"height\":435,\"caption\":\"K\u00e1rai Exclusive Racing\"},\"image\":{\"@id\":\"https:\/\/karaiexclusiveracing.hu\/#\/schema\/logo\/image\/\"},\"sameAs\":[\"https:\/\/www.facebook.com\/karaiexclusiveracing.hu\",\"https:\/\/www.instagram.com\/karaiexclusiveracing\/\"]}]}<\/script>\n<!-- \/ Yoast SEO Premium plugin. -->","yoast_head_json":{"title":"BMW M3 - K\u00e1rai Exclusive","description":"BMW E46 M3 Manual, eur\u00f3pai piacra gy\u00e1rtott original bal korm\u00e1nyos. \u00daj kuplung, lendker\u00e9k, f\u00e9k \u00e9s meg csap\u00e1gyazva. \u00d6sszes szerviz sz\u00e1ml\u00e1ja lef\u0171zve!","robots":{"index":"index","follow":"follow","max-snippet":"max-snippet:-1","max-image-preview":"max-image-preview:large","max-video-preview":"max-video-preview:-1"},"canonical":"https:\/\/karaiexclusiveracing.hu\/de\/produkt\/bmw-m3\/","og_locale":"de_DE","og_type":"article","og_title":"BMW M3","og_description":"BMW E46 M3 Manual, eur\u00f3pai piacra gy\u00e1rtott original bal korm\u00e1nyos. \u00daj kuplung, lendker\u00e9k, f\u00e9k \u00e9s meg csap\u00e1gyazva. \u00d6sszes szerviz sz\u00e1ml\u00e1ja lef\u0171zve!","og_url":"https:\/\/karaiexclusiveracing.hu\/de\/produkt\/bmw-m3\/","og_site_name":"K\u00e1rai Exclusive","article_publisher":"https:\/\/www.facebook.com\/karaiexclusiveracing.hu","article_modified_time":"2025-12-22T12:41:42+00:00","og_image":[{"width":973,"height":691,"url":"https:\/\/karaiexclusiveracing.hu\/wp-content\/uploads\/2025\/05\/SOLD-BMWM3.png","type":"image\/png"}],"twitter_card":"summary_large_image","twitter_misc":{"Gesch\u00e4tzte Lesezeit":"1\u00a0Minute"},"schema":{"@context":"https:\/\/schema.org","@graph":[{"@type":"WebPage","@id":"https:\/\/karaiexclusiveracing.hu\/termek\/bmw-m3\/","url":"https:\/\/karaiexclusiveracing.hu\/termek\/bmw-m3\/","name":"BMW M3 - K\u00e1rai Exclusive","isPartOf":{"@id":"https:\/\/karaiexclusiveracing.hu\/#website"},"primaryImageOfPage":{"@id":"https:\/\/karaiexclusiveracing.hu\/termek\/bmw-m3\/#primaryimage"},"image":{"@id":"https:\/\/karaiexclusiveracing.hu\/termek\/bmw-m3\/#primaryimage"},"thumbnailUrl":"https:\/\/karaiexclusiveracing.hu\/wp-content\/uploads\/2025\/05\/SOLD-BMWM3.png","datePublished":"2025-05-05T16:41:19+00:00","dateModified":"2025-12-22T12:41:42+00:00","description":"BMW E46 M3 Manual, eur\u00f3pai piacra gy\u00e1rtott original bal korm\u00e1nyos. \u00daj kuplung, lendker\u00e9k, f\u00e9k \u00e9s meg csap\u00e1gyazva. \u00d6sszes szerviz sz\u00e1ml\u00e1ja lef\u0171zve!","breadcrumb":{"@id":"https:\/\/karaiexclusiveracing.hu\/termek\/bmw-m3\/#breadcrumb"},"inLanguage":"de","potentialAction":[{"@type":"ReadAction","target":["https:\/\/karaiexclusiveracing.hu\/termek\/bmw-m3\/"]}]},{"@type":"ImageObject","inLanguage":"de","@id":"https:\/\/karaiexclusiveracing.hu\/termek\/bmw-m3\/#primaryimage","url":"https:\/\/karaiexclusiveracing.hu\/wp-content\/uploads\/2025\/05\/SOLD-BMWM3.png","contentUrl":"https:\/\/karaiexclusiveracing.hu\/wp-content\/uploads\/2025\/05\/SOLD-BMWM3.png","width":973,"height":691},{"@type":"BreadcrumbList","@id":"https:\/\/karaiexclusiveracing.hu\/termek\/bmw-m3\/#breadcrumb","itemListElement":[{"@type":"ListItem","position":1,"name":"Kezd\u0151lap","item":"https:\/\/karaiexclusiveracing.hu\/"},{"@type":"ListItem","position":2,"name":"Elad\u00f3 aut\u00f3k","item":"https:\/\/karaiexclusiveracing.hu\/elado-autok\/"},{"@type":"ListItem","position":3,"name":"BMW M3"}]},{"@type":"WebSite","@id":"https:\/\/karaiexclusiveracing.hu\/#website","url":"https:\/\/karaiexclusiveracing.hu\/","name":"K\u00e1rai Exclusive Racing","description":"","publisher":{"@id":"https:\/\/karaiexclusiveracing.hu\/#organization"},"potentialAction":[{"@type":"SearchAction","target":{"@type":"EntryPoint","urlTemplate":"https:\/\/karaiexclusiveracing.hu\/?s={search_term_string}"},"query-input":{"@type":"PropertyValueSpecification","valueRequired":true,"valueName":"search_term_string"}}],"inLanguage":"de"},{"@type":"Organization","@id":"https:\/\/karaiexclusiveracing.hu\/#organization","name":"K\u00e1rai Exclusive Racing","url":"https:\/\/karaiexclusiveracing.hu\/","logo":{"@type":"ImageObject","inLanguage":"de","@id":"https:\/\/karaiexclusiveracing.hu\/#\/schema\/logo\/image\/","url":"https:\/\/www.karaiexclusiveracing.hu\/wp-content\/uploads\/2023\/10\/karai_exclusive_logo-1-1.png","contentUrl":"https:\/\/www.karaiexclusiveracing.hu\/wp-content\/uploads\/2023\/10\/karai_exclusive_logo-1-1.png","width":1575,"height":435,"caption":"K\u00e1rai Exclusive Racing"},"image":{"@id":"https:\/\/karaiexclusiveracing.hu\/#\/schema\/logo\/image\/"},"sameAs":["https:\/\/www.facebook.com\/karaiexclusiveracing.hu","https:\/\/www.instagram.com\/karaiexclusiveracing\/"]}]}},"_links":{"self":[{"href":"http:\/\/karaiexclusiveracing.hu\/de\/wp-json\/wp\/v2\/product\/22905","targetHints":{"allow":["GET"]}}],"collection":[{"href":"http:\/\/karaiexclusiveracing.hu\/de\/wp-json\/wp\/v2\/product"}],"about":[{"href":"http:\/\/karaiexclusiveracing.hu\/de\/wp-json\/wp\/v2\/types\/product"}],"wp:featuredmedia":[{"embeddable":true,"href":"http:\/\/karaiexclusiveracing.hu\/de\/wp-json\/wp\/v2\/media\/23591"}],"wp:attachment":[{"href":"http:\/\/karaiexclusiveracing.hu\/de\/wp-json\/wp\/v2\/media?parent=22905"}],"wp:term":[{"taxonomy":"manufactures","embeddable":true,"href":"http:\/\/karaiexclusiveracing.hu\/de\/wp-json\/wp\/v2\/manufactures?post=22905"},{"taxonomy":"product_brand","embeddable":true,"href":"http:\/\/karaiexclusiveracing.hu\/de\/wp-json\/wp\/v2\/product_brand?post=22905"},{"taxonomy":"product_cat","embeddable":true,"href":"http:\/\/karaiexclusiveracing.hu\/de\/wp-json\/wp\/v2\/product_cat?post=22905"},{"taxonomy":"product_tag","embeddable":true,"href":"http:\/\/karaiexclusiveracing.hu\/de\/wp-json\/wp\/v2\/product_tag?post=22905"}],"curies":[{"name":"wp","href":"https:\/\/api.w.org\/{rel}","templated":true}]}}