{"id":22824,"date":"2025-04-15T09:57:06","date_gmt":"2025-04-15T07:57:06","guid":{"rendered":"https:\/\/www.karaiexclusiveracing.hu\/?post_type=product&#038;p=22824"},"modified":"2025-09-11T17:47:03","modified_gmt":"2025-09-11T15:47:03","slug":"bmw-e30-325is","status":"publish","type":"product","link":"http:\/\/karaiexclusiveracing.hu\/de\/termek\/bmw-e30-325is\/","title":{"rendered":"BMW E30 325IS"},"content":{"rendered":"<p>Elad\u00e1sra k\u00edn\u00e1ljuk E30 <strong>gy\u0171jtem\u00e9ny\u00fcnk<\/strong> egy nagyon k\u00fcl\u00f6nleges darabj\u00e1t! BMW E30 325 IS Az aut\u00f3 amerikai modell, eur\u00f3pai t\u00e1rsaihoz k\u00e9pest elk\u00e9peszt\u0151en felszerelt! <strong>Kl\u00edma, tempomat, sport bels\u0151, \u00fcveg napf\u00e9nytet\u0151, Premium Sound System<\/strong>, stb. Az aut\u00f3 karossz\u00e9ri\u00e1ja korrod\u00e1lt a k\u00f6vetkez\u0151 helyeken: Jobb \u00e9s bal oldali els\u0151 tapos\u00f3k, h\u00e1ts\u00f3 tapos\u00f3k, csomagt\u00e9r zsebek, akkumul\u00e1tor t\u00e1lca, els\u0151 als\u00f3 gerend\u00e1k a tapos\u00f3k mellett! Az aut\u00f3 motorja indul, j\u00f6n megy m\u0171k\u00f6dik. Az aut\u00f3 teljes karossz\u00e9ri\u00e1j\u00e1n a f\u00e9nyez\u00e9s 120-240 mikron k\u00f6z\u00f6tt van! Soha nem volt lakatolva, teljesen gy\u00e1ri benne minden! Az aut\u00f3 teljes fel\u00faj\u00edt\u00e1s\u00e1ban \u00e9s a forgalomba helyez\u00e9s\u00e9ben is tudunk seg\u00edteni!<\/p>\n<p><strong>K\u00fclt\u00e9r:<\/strong><\/p>\n<ul>\n<li>elektromos ablak el\u00f6l<\/li>\n<li>elektromos t\u00fck\u00f6r<\/li>\n<li>f\u0171thet\u0151 t\u00fck\u00f6r<\/li>\n<li>k\u00f6nny\u0171f\u00e9m felni<\/li>\n<li>sz\u00ednezett \u00fcveg<\/li>\n<li>tol\u00f3tet\u0151 (napf\u00e9nytet\u0151)<\/li>\n<li>tol\u00f3tet\u0151 &#8211; elektromos<\/li>\n<\/ul>\n<p><strong><br \/>\nBelt\u00e9r:<\/strong><\/p>\n<ul>\n<li>b\u0151r bels\u0151<\/li>\n<li>\u00fcl\u00e9smagass\u00e1g \u00e1ll\u00edt\u00e1s<\/li>\n<li>\u00e1ll\u00edthat\u00f3 combt\u00e1masz<\/li>\n<li>b\u0151rkorm\u00e1ny<\/li>\n<li>fed\u00e9lzeti komputer<\/li>\n<li>sport\u00fcl\u00e9sek<\/li>\n<\/ul>\n<p><strong><br \/>\nM\u0171szaki:<\/strong><\/p>\n<ul>\n<li>ABS (blokkol\u00e1sg\u00e1tl\u00f3)<\/li>\n<li>tempomat<\/li>\n<li>centr\u00e1lz\u00e1r<\/li>\n<li>szervokorm\u00e1ny<\/li>\n<li>sportfut\u00f3m\u0171<\/li>\n<li>sperr differenci\u00e1lm\u0171<\/li>\n<\/ul>\n<p><strong>Tov\u00e1bbi inform\u00e1ci\u00f3k\u00e9rt \u00e9rdekl\u0151dj telefonon!<\/strong><\/p>","protected":false},"excerpt":{"rendered":"<p>Elad\u00e1sra k\u00edn\u00e1ljuk E30 gy\u0171jtem\u00e9ny\u00fcnk egy nagyon k\u00fcl\u00f6nleges darabj\u00e1t! BMW E30 325 IS Az aut\u00f3 amerikai modell, eur\u00f3pai t\u00e1rsaihoz k\u00e9pest elk\u00e9peszt\u0151en felszerelt! Kl\u00edma, tempomat, sport bels\u0151, \u00fcveg napf\u00e9nytet\u0151, Premium Sound System, stb. Az aut\u00f3 karossz\u00e9ri\u00e1ja korrod\u00e1lt a k\u00f6vetkez\u0151 helyeken: Jobb \u00e9s bal oldali els\u0151 tapos\u00f3k, h\u00e1ts\u00f3 tapos\u00f3k, csomagt\u00e9r zsebek, akkumul\u00e1tor t\u00e1lca, els\u0151 als\u00f3 gerend\u00e1k a tapos\u00f3k [&hellip;]<\/p>\n","protected":false},"featured_media":22840,"template":"","meta":{"_acf_changed":false},"manufactures":[],"product_brand":[],"product_cat":[25],"product_tag":[],"class_list":{"0":"post-22824","1":"product","2":"type-product","3":"status-publish","4":"has-post-thumbnail","6":"product_cat-streetcar","8":"first","9":"instock","10":"taxable","11":"shipping-taxable","12":"purchasable","13":"product-type-simple"},"exclude_global_add_ons":[],"addons":[],"acf":[],"yoast_head":"<!-- This site is optimized with the Yoast SEO Premium plugin v27.1 (Yoast SEO v27.2) - https:\/\/yoast.com\/product\/yoast-seo-premium-wordpress\/ -->\n<title>BMW E30 325IS - K\u00e1rai Exclusive<\/title>\n<meta name=\"description\" content=\"Elad\u00e1sra k\u00edn\u00e1ljuk E30 gy\u0171jtem\u00e9ny\u00fcnk amerikai modellj\u00e9t! Kl\u00edma, tempomat, sport bels\u0151, \u00fcveg napf\u00e9nytet\u0151, Premium Sound System.\" \/>\n<meta name=\"robots\" content=\"index, follow, max-snippet:-1, max-image-preview:large, max-video-preview:-1\" \/>\n<link rel=\"canonical\" href=\"https:\/\/karaiexclusiveracing.hu\/de\/produkt\/bmw-e30-325is\/\" \/>\n<meta property=\"og:locale\" content=\"de_DE\" \/>\n<meta property=\"og:type\" content=\"article\" \/>\n<meta property=\"og:title\" content=\"BMW E30 325IS\" \/>\n<meta property=\"og:description\" content=\"Elad\u00e1sra k\u00edn\u00e1ljuk E30 gy\u0171jtem\u00e9ny\u00fcnk amerikai modellj\u00e9t! Kl\u00edma, tempomat, sport bels\u0151, \u00fcveg napf\u00e9nytet\u0151, Premium Sound System.\" \/>\n<meta property=\"og:url\" content=\"https:\/\/karaiexclusiveracing.hu\/de\/produkt\/bmw-e30-325is\/\" \/>\n<meta property=\"og:site_name\" content=\"K\u00e1rai Exclusive\" \/>\n<meta property=\"article:publisher\" content=\"https:\/\/www.facebook.com\/karaiexclusiveracing.hu\" \/>\n<meta property=\"article:modified_time\" content=\"2025-09-11T15:47:03+00:00\" \/>\n<meta property=\"og:image\" content=\"https:\/\/karaiexclusiveracing.hu\/wp-content\/uploads\/2025\/04\/viber_kep_2025-04-14_14-40-38-800.jpg\" \/>\n\t<meta property=\"og:image:width\" content=\"1600\" \/>\n\t<meta property=\"og:image:height\" content=\"1350\" \/>\n\t<meta property=\"og:image:type\" content=\"image\/jpeg\" \/>\n<meta name=\"twitter:card\" content=\"summary_large_image\" \/>\n<meta name=\"twitter:label1\" content=\"Gesch\u00e4tzte Lesezeit\" \/>\n\t<meta name=\"twitter:data1\" content=\"1\u00a0Minute\" \/>\n<script type=\"application\/ld+json\" class=\"yoast-schema-graph\">{\"@context\":\"https:\/\/schema.org\",\"@graph\":[{\"@type\":\"WebPage\",\"@id\":\"https:\/\/karaiexclusiveracing.hu\/termek\/bmw-e30-325is\/\",\"url\":\"https:\/\/karaiexclusiveracing.hu\/termek\/bmw-e30-325is\/\",\"name\":\"BMW E30 325IS - K\u00e1rai Exclusive\",\"isPartOf\":{\"@id\":\"https:\/\/karaiexclusiveracing.hu\/#website\"},\"primaryImageOfPage\":{\"@id\":\"https:\/\/karaiexclusiveracing.hu\/termek\/bmw-e30-325is\/#primaryimage\"},\"image\":{\"@id\":\"https:\/\/karaiexclusiveracing.hu\/termek\/bmw-e30-325is\/#primaryimage\"},\"thumbnailUrl\":\"https:\/\/karaiexclusiveracing.hu\/wp-content\/uploads\/2025\/04\/viber_kep_2025-04-14_14-40-38-800.jpg\",\"datePublished\":\"2025-04-15T07:57:06+00:00\",\"dateModified\":\"2025-09-11T15:47:03+00:00\",\"description\":\"Elad\u00e1sra k\u00edn\u00e1ljuk E30 gy\u0171jtem\u00e9ny\u00fcnk amerikai modellj\u00e9t! Kl\u00edma, tempomat, sport bels\u0151, \u00fcveg napf\u00e9nytet\u0151, Premium Sound System.\",\"breadcrumb\":{\"@id\":\"https:\/\/karaiexclusiveracing.hu\/termek\/bmw-e30-325is\/#breadcrumb\"},\"inLanguage\":\"de\",\"potentialAction\":[{\"@type\":\"ReadAction\",\"target\":[\"https:\/\/karaiexclusiveracing.hu\/termek\/bmw-e30-325is\/\"]}]},{\"@type\":\"ImageObject\",\"inLanguage\":\"de\",\"@id\":\"https:\/\/karaiexclusiveracing.hu\/termek\/bmw-e30-325is\/#primaryimage\",\"url\":\"https:\/\/karaiexclusiveracing.hu\/wp-content\/uploads\/2025\/04\/viber_kep_2025-04-14_14-40-38-800.jpg\",\"contentUrl\":\"https:\/\/karaiexclusiveracing.hu\/wp-content\/uploads\/2025\/04\/viber_kep_2025-04-14_14-40-38-800.jpg\",\"width\":1600,\"height\":1350},{\"@type\":\"BreadcrumbList\",\"@id\":\"https:\/\/karaiexclusiveracing.hu\/termek\/bmw-e30-325is\/#breadcrumb\",\"itemListElement\":[{\"@type\":\"ListItem\",\"position\":1,\"name\":\"Kezd\u0151lap\",\"item\":\"https:\/\/karaiexclusiveracing.hu\/\"},{\"@type\":\"ListItem\",\"position\":2,\"name\":\"Elad\u00f3 aut\u00f3k\",\"item\":\"https:\/\/karaiexclusiveracing.hu\/elado-autok\/\"},{\"@type\":\"ListItem\",\"position\":3,\"name\":\"BMW E30 325IS\"}]},{\"@type\":\"WebSite\",\"@id\":\"https:\/\/karaiexclusiveracing.hu\/#website\",\"url\":\"https:\/\/karaiexclusiveracing.hu\/\",\"name\":\"K\u00e1rai Exclusive Racing\",\"description\":\"\",\"publisher\":{\"@id\":\"https:\/\/karaiexclusiveracing.hu\/#organization\"},\"potentialAction\":[{\"@type\":\"SearchAction\",\"target\":{\"@type\":\"EntryPoint\",\"urlTemplate\":\"https:\/\/karaiexclusiveracing.hu\/?s={search_term_string}\"},\"query-input\":{\"@type\":\"PropertyValueSpecification\",\"valueRequired\":true,\"valueName\":\"search_term_string\"}}],\"inLanguage\":\"de\"},{\"@type\":\"Organization\",\"@id\":\"https:\/\/karaiexclusiveracing.hu\/#organization\",\"name\":\"K\u00e1rai Exclusive Racing\",\"url\":\"https:\/\/karaiexclusiveracing.hu\/\",\"logo\":{\"@type\":\"ImageObject\",\"inLanguage\":\"de\",\"@id\":\"https:\/\/karaiexclusiveracing.hu\/#\/schema\/logo\/image\/\",\"url\":\"https:\/\/www.karaiexclusiveracing.hu\/wp-content\/uploads\/2023\/10\/karai_exclusive_logo-1-1.png\",\"contentUrl\":\"https:\/\/www.karaiexclusiveracing.hu\/wp-content\/uploads\/2023\/10\/karai_exclusive_logo-1-1.png\",\"width\":1575,\"height\":435,\"caption\":\"K\u00e1rai Exclusive Racing\"},\"image\":{\"@id\":\"https:\/\/karaiexclusiveracing.hu\/#\/schema\/logo\/image\/\"},\"sameAs\":[\"https:\/\/www.facebook.com\/karaiexclusiveracing.hu\",\"https:\/\/www.instagram.com\/karaiexclusiveracing\/\"]}]}<\/script>\n<!-- \/ Yoast SEO Premium plugin. -->","yoast_head_json":{"title":"BMW E30 325IS - K\u00e1rai Exclusive","description":"Elad\u00e1sra k\u00edn\u00e1ljuk E30 gy\u0171jtem\u00e9ny\u00fcnk amerikai modellj\u00e9t! Kl\u00edma, tempomat, sport bels\u0151, \u00fcveg napf\u00e9nytet\u0151, Premium Sound System.","robots":{"index":"index","follow":"follow","max-snippet":"max-snippet:-1","max-image-preview":"max-image-preview:large","max-video-preview":"max-video-preview:-1"},"canonical":"https:\/\/karaiexclusiveracing.hu\/de\/produkt\/bmw-e30-325is\/","og_locale":"de_DE","og_type":"article","og_title":"BMW E30 325IS","og_description":"Elad\u00e1sra k\u00edn\u00e1ljuk E30 gy\u0171jtem\u00e9ny\u00fcnk amerikai modellj\u00e9t! Kl\u00edma, tempomat, sport bels\u0151, \u00fcveg napf\u00e9nytet\u0151, Premium Sound System.","og_url":"https:\/\/karaiexclusiveracing.hu\/de\/produkt\/bmw-e30-325is\/","og_site_name":"K\u00e1rai Exclusive","article_publisher":"https:\/\/www.facebook.com\/karaiexclusiveracing.hu","article_modified_time":"2025-09-11T15:47:03+00:00","og_image":[{"width":1600,"height":1350,"url":"https:\/\/karaiexclusiveracing.hu\/wp-content\/uploads\/2025\/04\/viber_kep_2025-04-14_14-40-38-800.jpg","type":"image\/jpeg"}],"twitter_card":"summary_large_image","twitter_misc":{"Gesch\u00e4tzte Lesezeit":"1\u00a0Minute"},"schema":{"@context":"https:\/\/schema.org","@graph":[{"@type":"WebPage","@id":"https:\/\/karaiexclusiveracing.hu\/termek\/bmw-e30-325is\/","url":"https:\/\/karaiexclusiveracing.hu\/termek\/bmw-e30-325is\/","name":"BMW E30 325IS - K\u00e1rai Exclusive","isPartOf":{"@id":"https:\/\/karaiexclusiveracing.hu\/#website"},"primaryImageOfPage":{"@id":"https:\/\/karaiexclusiveracing.hu\/termek\/bmw-e30-325is\/#primaryimage"},"image":{"@id":"https:\/\/karaiexclusiveracing.hu\/termek\/bmw-e30-325is\/#primaryimage"},"thumbnailUrl":"https:\/\/karaiexclusiveracing.hu\/wp-content\/uploads\/2025\/04\/viber_kep_2025-04-14_14-40-38-800.jpg","datePublished":"2025-04-15T07:57:06+00:00","dateModified":"2025-09-11T15:47:03+00:00","description":"Elad\u00e1sra k\u00edn\u00e1ljuk E30 gy\u0171jtem\u00e9ny\u00fcnk amerikai modellj\u00e9t! Kl\u00edma, tempomat, sport bels\u0151, \u00fcveg napf\u00e9nytet\u0151, Premium Sound System.","breadcrumb":{"@id":"https:\/\/karaiexclusiveracing.hu\/termek\/bmw-e30-325is\/#breadcrumb"},"inLanguage":"de","potentialAction":[{"@type":"ReadAction","target":["https:\/\/karaiexclusiveracing.hu\/termek\/bmw-e30-325is\/"]}]},{"@type":"ImageObject","inLanguage":"de","@id":"https:\/\/karaiexclusiveracing.hu\/termek\/bmw-e30-325is\/#primaryimage","url":"https:\/\/karaiexclusiveracing.hu\/wp-content\/uploads\/2025\/04\/viber_kep_2025-04-14_14-40-38-800.jpg","contentUrl":"https:\/\/karaiexclusiveracing.hu\/wp-content\/uploads\/2025\/04\/viber_kep_2025-04-14_14-40-38-800.jpg","width":1600,"height":1350},{"@type":"BreadcrumbList","@id":"https:\/\/karaiexclusiveracing.hu\/termek\/bmw-e30-325is\/#breadcrumb","itemListElement":[{"@type":"ListItem","position":1,"name":"Kezd\u0151lap","item":"https:\/\/karaiexclusiveracing.hu\/"},{"@type":"ListItem","position":2,"name":"Elad\u00f3 aut\u00f3k","item":"https:\/\/karaiexclusiveracing.hu\/elado-autok\/"},{"@type":"ListItem","position":3,"name":"BMW E30 325IS"}]},{"@type":"WebSite","@id":"https:\/\/karaiexclusiveracing.hu\/#website","url":"https:\/\/karaiexclusiveracing.hu\/","name":"K\u00e1rai Exclusive Racing","description":"","publisher":{"@id":"https:\/\/karaiexclusiveracing.hu\/#organization"},"potentialAction":[{"@type":"SearchAction","target":{"@type":"EntryPoint","urlTemplate":"https:\/\/karaiexclusiveracing.hu\/?s={search_term_string}"},"query-input":{"@type":"PropertyValueSpecification","valueRequired":true,"valueName":"search_term_string"}}],"inLanguage":"de"},{"@type":"Organization","@id":"https:\/\/karaiexclusiveracing.hu\/#organization","name":"K\u00e1rai Exclusive Racing","url":"https:\/\/karaiexclusiveracing.hu\/","logo":{"@type":"ImageObject","inLanguage":"de","@id":"https:\/\/karaiexclusiveracing.hu\/#\/schema\/logo\/image\/","url":"https:\/\/www.karaiexclusiveracing.hu\/wp-content\/uploads\/2023\/10\/karai_exclusive_logo-1-1.png","contentUrl":"https:\/\/www.karaiexclusiveracing.hu\/wp-content\/uploads\/2023\/10\/karai_exclusive_logo-1-1.png","width":1575,"height":435,"caption":"K\u00e1rai Exclusive Racing"},"image":{"@id":"https:\/\/karaiexclusiveracing.hu\/#\/schema\/logo\/image\/"},"sameAs":["https:\/\/www.facebook.com\/karaiexclusiveracing.hu","https:\/\/www.instagram.com\/karaiexclusiveracing\/"]}]}},"_links":{"self":[{"href":"http:\/\/karaiexclusiveracing.hu\/de\/wp-json\/wp\/v2\/product\/22824","targetHints":{"allow":["GET"]}}],"collection":[{"href":"http:\/\/karaiexclusiveracing.hu\/de\/wp-json\/wp\/v2\/product"}],"about":[{"href":"http:\/\/karaiexclusiveracing.hu\/de\/wp-json\/wp\/v2\/types\/product"}],"wp:featuredmedia":[{"embeddable":true,"href":"http:\/\/karaiexclusiveracing.hu\/de\/wp-json\/wp\/v2\/media\/22840"}],"wp:attachment":[{"href":"http:\/\/karaiexclusiveracing.hu\/de\/wp-json\/wp\/v2\/media?parent=22824"}],"wp:term":[{"taxonomy":"manufactures","embeddable":true,"href":"http:\/\/karaiexclusiveracing.hu\/de\/wp-json\/wp\/v2\/manufactures?post=22824"},{"taxonomy":"product_brand","embeddable":true,"href":"http:\/\/karaiexclusiveracing.hu\/de\/wp-json\/wp\/v2\/product_brand?post=22824"},{"taxonomy":"product_cat","embeddable":true,"href":"http:\/\/karaiexclusiveracing.hu\/de\/wp-json\/wp\/v2\/product_cat?post=22824"},{"taxonomy":"product_tag","embeddable":true,"href":"http:\/\/karaiexclusiveracing.hu\/de\/wp-json\/wp\/v2\/product_tag?post=22824"}],"curies":[{"name":"wp","href":"https:\/\/api.w.org\/{rel}","templated":true}]}}