{"id":22816,"date":"2025-04-15T09:30:39","date_gmt":"2025-04-15T07:30:39","guid":{"rendered":"https:\/\/www.karaiexclusiveracing.hu\/?post_type=product&#038;p=22816"},"modified":"2025-04-15T14:26:20","modified_gmt":"2025-04-15T12:26:20","slug":"bmw-324td","status":"publish","type":"product","link":"http:\/\/karaiexclusiveracing.hu\/de\/termek\/bmw-324td\/","title":{"rendered":"BMW 324td"},"content":{"rendered":"<p><strong>BMW E30 324TD<\/strong> \u00e9vek \u00f3ta \u0151rizgetett project aut\u00f3nkat eladn\u00e1nk! AF-es alv\u00e1zsz\u00e1m! Az aut\u00f3t <strong>legink\u00e1bb alkatr\u00e9sznek aj\u00e1nlan\u00e1nk<\/strong> mivel rengeteg m\u00e1ra m\u00e1r nagyon ritka alkatr\u00e9sz van benne \u00e9s a karossz\u00e9ri\u00e1ja er\u0151sen korrod\u00e1lt! Szev\u00f3, kl\u00edm\u00e1s volt nyomokban m\u00e9g tartalmaz kl\u00edm\u00e1s alkatr\u00e9szeket, 2 El ablak stb! Ha j\u00f3l eml\u00e9ksz\u00fcnk anno mikor hozz\u00e1nk ker\u00fclt az el\u0151z\u0151 tulaj azt \u00e1ll\u00edtotta hogy a motor fel volt \u00faj\u00edtva!<\/p>\n<p>K\u00fclt\u00e9r<\/p>\n<ul>\n<li>elektromos ablak el\u00f6l<\/li>\n<\/ul>\n<p>&nbsp;<\/p>\n<p><strong>B\u0151vebb inform\u00e1ci\u00f3k\u00e9rt \u00e9rdekl\u0151dj telefonon!<\/strong><\/p>","protected":false},"excerpt":{"rendered":"<p>BMW E30 324TD \u00e9vek \u00f3ta \u0151rizgetett project aut\u00f3nkat eladn\u00e1nk! AF-es alv\u00e1zsz\u00e1m! Az aut\u00f3t legink\u00e1bb alkatr\u00e9sznek aj\u00e1nlan\u00e1nk mivel rengeteg m\u00e1ra m\u00e1r nagyon ritka alkatr\u00e9sz van benne \u00e9s a karossz\u00e9ri\u00e1ja er\u0151sen korrod\u00e1lt! Szev\u00f3, kl\u00edm\u00e1s volt nyomokban m\u00e9g tartalmaz kl\u00edm\u00e1s alkatr\u00e9szeket, 2 El ablak stb! Ha j\u00f3l eml\u00e9ksz\u00fcnk anno mikor hozz\u00e1nk ker\u00fclt az el\u0151z\u0151 tulaj azt \u00e1ll\u00edtotta hogy [&hellip;]<\/p>\n","protected":false},"featured_media":22854,"template":"","meta":{"_acf_changed":false},"manufactures":[],"product_brand":[],"product_cat":[25],"product_tag":[],"class_list":{"0":"post-22816","1":"product","2":"type-product","3":"status-publish","4":"has-post-thumbnail","6":"product_cat-streetcar","8":"first","9":"instock","10":"taxable","11":"shipping-taxable","12":"purchasable","13":"product-type-simple"},"exclude_global_add_ons":[],"addons":[],"acf":[],"yoast_head":"<!-- This site is optimized with the Yoast SEO Premium plugin v27.1 (Yoast SEO v27.2) - https:\/\/yoast.com\/product\/yoast-seo-premium-wordpress\/ -->\n<title>BMW 324td - K\u00e1rai Exclusive<\/title>\n<meta name=\"description\" content=\"BMW E30 324TD \u00e9vek \u00f3ta \u0151rizgetett project aut\u00f3nkat eladn\u00e1nk! AF-es alv\u00e1zsz\u00e1m! Az aut\u00f3t legink\u00e1bb alkatr\u00e9sznek aj\u00e1nlan\u00e1nk.\" \/>\n<meta name=\"robots\" content=\"index, follow, max-snippet:-1, max-image-preview:large, max-video-preview:-1\" \/>\n<link rel=\"canonical\" href=\"https:\/\/karaiexclusiveracing.hu\/de\/produkt\/bmw-324td\/\" \/>\n<meta property=\"og:locale\" content=\"de_DE\" \/>\n<meta property=\"og:type\" content=\"article\" \/>\n<meta property=\"og:title\" content=\"BMW 324td\" \/>\n<meta property=\"og:description\" content=\"BMW E30 324TD \u00e9vek \u00f3ta \u0151rizgetett project aut\u00f3nkat eladn\u00e1nk! AF-es alv\u00e1zsz\u00e1m! Az aut\u00f3t legink\u00e1bb alkatr\u00e9sznek aj\u00e1nlan\u00e1nk.\" \/>\n<meta property=\"og:url\" content=\"https:\/\/karaiexclusiveracing.hu\/de\/produkt\/bmw-324td\/\" \/>\n<meta property=\"og:site_name\" content=\"K\u00e1rai Exclusive\" \/>\n<meta property=\"article:publisher\" content=\"https:\/\/www.facebook.com\/karaiexclusiveracing.hu\" \/>\n<meta property=\"article:modified_time\" content=\"2025-04-15T12:26:20+00:00\" \/>\n<meta property=\"og:image\" content=\"https:\/\/karaiexclusiveracing.hu\/wp-content\/uploads\/2025\/04\/IMG_7505-scaleds-1024x768.png\" \/>\n\t<meta property=\"og:image:width\" content=\"1024\" \/>\n\t<meta property=\"og:image:height\" content=\"768\" \/>\n\t<meta property=\"og:image:type\" content=\"image\/png\" \/>\n<meta name=\"twitter:card\" content=\"summary_large_image\" \/>\n<meta name=\"twitter:label1\" content=\"Gesch\u00e4tzte Lesezeit\" \/>\n\t<meta name=\"twitter:data1\" content=\"1\u00a0Minute\" \/>\n<script type=\"application\/ld+json\" class=\"yoast-schema-graph\">{\"@context\":\"https:\/\/schema.org\",\"@graph\":[{\"@type\":\"WebPage\",\"@id\":\"https:\/\/karaiexclusiveracing.hu\/termek\/bmw-324td\/\",\"url\":\"https:\/\/karaiexclusiveracing.hu\/termek\/bmw-324td\/\",\"name\":\"BMW 324td - K\u00e1rai Exclusive\",\"isPartOf\":{\"@id\":\"https:\/\/karaiexclusiveracing.hu\/#website\"},\"primaryImageOfPage\":{\"@id\":\"https:\/\/karaiexclusiveracing.hu\/termek\/bmw-324td\/#primaryimage\"},\"image\":{\"@id\":\"https:\/\/karaiexclusiveracing.hu\/termek\/bmw-324td\/#primaryimage\"},\"thumbnailUrl\":\"https:\/\/karaiexclusiveracing.hu\/wp-content\/uploads\/2025\/04\/IMG_7505-scaleds.png\",\"datePublished\":\"2025-04-15T07:30:39+00:00\",\"dateModified\":\"2025-04-15T12:26:20+00:00\",\"description\":\"BMW E30 324TD \u00e9vek \u00f3ta \u0151rizgetett project aut\u00f3nkat eladn\u00e1nk! AF-es alv\u00e1zsz\u00e1m! Az aut\u00f3t legink\u00e1bb alkatr\u00e9sznek aj\u00e1nlan\u00e1nk.\",\"breadcrumb\":{\"@id\":\"https:\/\/karaiexclusiveracing.hu\/termek\/bmw-324td\/#breadcrumb\"},\"inLanguage\":\"de\",\"potentialAction\":[{\"@type\":\"ReadAction\",\"target\":[\"https:\/\/karaiexclusiveracing.hu\/termek\/bmw-324td\/\"]}]},{\"@type\":\"ImageObject\",\"inLanguage\":\"de\",\"@id\":\"https:\/\/karaiexclusiveracing.hu\/termek\/bmw-324td\/#primaryimage\",\"url\":\"https:\/\/karaiexclusiveracing.hu\/wp-content\/uploads\/2025\/04\/IMG_7505-scaleds.png\",\"contentUrl\":\"https:\/\/karaiexclusiveracing.hu\/wp-content\/uploads\/2025\/04\/IMG_7505-scaleds.png\",\"width\":2560,\"height\":1920},{\"@type\":\"BreadcrumbList\",\"@id\":\"https:\/\/karaiexclusiveracing.hu\/termek\/bmw-324td\/#breadcrumb\",\"itemListElement\":[{\"@type\":\"ListItem\",\"position\":1,\"name\":\"Kezd\u0151lap\",\"item\":\"https:\/\/karaiexclusiveracing.hu\/\"},{\"@type\":\"ListItem\",\"position\":2,\"name\":\"Elad\u00f3 aut\u00f3k\",\"item\":\"https:\/\/karaiexclusiveracing.hu\/elado-autok\/\"},{\"@type\":\"ListItem\",\"position\":3,\"name\":\"BMW 324td\"}]},{\"@type\":\"WebSite\",\"@id\":\"https:\/\/karaiexclusiveracing.hu\/#website\",\"url\":\"https:\/\/karaiexclusiveracing.hu\/\",\"name\":\"K\u00e1rai Exclusive Racing\",\"description\":\"\",\"publisher\":{\"@id\":\"https:\/\/karaiexclusiveracing.hu\/#organization\"},\"potentialAction\":[{\"@type\":\"SearchAction\",\"target\":{\"@type\":\"EntryPoint\",\"urlTemplate\":\"https:\/\/karaiexclusiveracing.hu\/?s={search_term_string}\"},\"query-input\":{\"@type\":\"PropertyValueSpecification\",\"valueRequired\":true,\"valueName\":\"search_term_string\"}}],\"inLanguage\":\"de\"},{\"@type\":\"Organization\",\"@id\":\"https:\/\/karaiexclusiveracing.hu\/#organization\",\"name\":\"K\u00e1rai Exclusive Racing\",\"url\":\"https:\/\/karaiexclusiveracing.hu\/\",\"logo\":{\"@type\":\"ImageObject\",\"inLanguage\":\"de\",\"@id\":\"https:\/\/karaiexclusiveracing.hu\/#\/schema\/logo\/image\/\",\"url\":\"https:\/\/www.karaiexclusiveracing.hu\/wp-content\/uploads\/2023\/10\/karai_exclusive_logo-1-1.png\",\"contentUrl\":\"https:\/\/www.karaiexclusiveracing.hu\/wp-content\/uploads\/2023\/10\/karai_exclusive_logo-1-1.png\",\"width\":1575,\"height\":435,\"caption\":\"K\u00e1rai Exclusive Racing\"},\"image\":{\"@id\":\"https:\/\/karaiexclusiveracing.hu\/#\/schema\/logo\/image\/\"},\"sameAs\":[\"https:\/\/www.facebook.com\/karaiexclusiveracing.hu\",\"https:\/\/www.instagram.com\/karaiexclusiveracing\/\"]}]}<\/script>\n<!-- \/ Yoast SEO Premium plugin. -->","yoast_head_json":{"title":"BMW 324td - K\u00e1rai Exclusive","description":"BMW E30 324TD \u00e9vek \u00f3ta \u0151rizgetett project aut\u00f3nkat eladn\u00e1nk! AF-es alv\u00e1zsz\u00e1m! Az aut\u00f3t legink\u00e1bb alkatr\u00e9sznek aj\u00e1nlan\u00e1nk.","robots":{"index":"index","follow":"follow","max-snippet":"max-snippet:-1","max-image-preview":"max-image-preview:large","max-video-preview":"max-video-preview:-1"},"canonical":"https:\/\/karaiexclusiveracing.hu\/de\/produkt\/bmw-324td\/","og_locale":"de_DE","og_type":"article","og_title":"BMW 324td","og_description":"BMW E30 324TD \u00e9vek \u00f3ta \u0151rizgetett project aut\u00f3nkat eladn\u00e1nk! AF-es alv\u00e1zsz\u00e1m! Az aut\u00f3t legink\u00e1bb alkatr\u00e9sznek aj\u00e1nlan\u00e1nk.","og_url":"https:\/\/karaiexclusiveracing.hu\/de\/produkt\/bmw-324td\/","og_site_name":"K\u00e1rai Exclusive","article_publisher":"https:\/\/www.facebook.com\/karaiexclusiveracing.hu","article_modified_time":"2025-04-15T12:26:20+00:00","og_image":[{"width":1024,"height":768,"url":"https:\/\/karaiexclusiveracing.hu\/wp-content\/uploads\/2025\/04\/IMG_7505-scaleds-1024x768.png","type":"image\/png"}],"twitter_card":"summary_large_image","twitter_misc":{"Gesch\u00e4tzte Lesezeit":"1\u00a0Minute"},"schema":{"@context":"https:\/\/schema.org","@graph":[{"@type":"WebPage","@id":"https:\/\/karaiexclusiveracing.hu\/termek\/bmw-324td\/","url":"https:\/\/karaiexclusiveracing.hu\/termek\/bmw-324td\/","name":"BMW 324td - K\u00e1rai Exclusive","isPartOf":{"@id":"https:\/\/karaiexclusiveracing.hu\/#website"},"primaryImageOfPage":{"@id":"https:\/\/karaiexclusiveracing.hu\/termek\/bmw-324td\/#primaryimage"},"image":{"@id":"https:\/\/karaiexclusiveracing.hu\/termek\/bmw-324td\/#primaryimage"},"thumbnailUrl":"https:\/\/karaiexclusiveracing.hu\/wp-content\/uploads\/2025\/04\/IMG_7505-scaleds.png","datePublished":"2025-04-15T07:30:39+00:00","dateModified":"2025-04-15T12:26:20+00:00","description":"BMW E30 324TD \u00e9vek \u00f3ta \u0151rizgetett project aut\u00f3nkat eladn\u00e1nk! AF-es alv\u00e1zsz\u00e1m! Az aut\u00f3t legink\u00e1bb alkatr\u00e9sznek aj\u00e1nlan\u00e1nk.","breadcrumb":{"@id":"https:\/\/karaiexclusiveracing.hu\/termek\/bmw-324td\/#breadcrumb"},"inLanguage":"de","potentialAction":[{"@type":"ReadAction","target":["https:\/\/karaiexclusiveracing.hu\/termek\/bmw-324td\/"]}]},{"@type":"ImageObject","inLanguage":"de","@id":"https:\/\/karaiexclusiveracing.hu\/termek\/bmw-324td\/#primaryimage","url":"https:\/\/karaiexclusiveracing.hu\/wp-content\/uploads\/2025\/04\/IMG_7505-scaleds.png","contentUrl":"https:\/\/karaiexclusiveracing.hu\/wp-content\/uploads\/2025\/04\/IMG_7505-scaleds.png","width":2560,"height":1920},{"@type":"BreadcrumbList","@id":"https:\/\/karaiexclusiveracing.hu\/termek\/bmw-324td\/#breadcrumb","itemListElement":[{"@type":"ListItem","position":1,"name":"Kezd\u0151lap","item":"https:\/\/karaiexclusiveracing.hu\/"},{"@type":"ListItem","position":2,"name":"Elad\u00f3 aut\u00f3k","item":"https:\/\/karaiexclusiveracing.hu\/elado-autok\/"},{"@type":"ListItem","position":3,"name":"BMW 324td"}]},{"@type":"WebSite","@id":"https:\/\/karaiexclusiveracing.hu\/#website","url":"https:\/\/karaiexclusiveracing.hu\/","name":"K\u00e1rai Exclusive Racing","description":"","publisher":{"@id":"https:\/\/karaiexclusiveracing.hu\/#organization"},"potentialAction":[{"@type":"SearchAction","target":{"@type":"EntryPoint","urlTemplate":"https:\/\/karaiexclusiveracing.hu\/?s={search_term_string}"},"query-input":{"@type":"PropertyValueSpecification","valueRequired":true,"valueName":"search_term_string"}}],"inLanguage":"de"},{"@type":"Organization","@id":"https:\/\/karaiexclusiveracing.hu\/#organization","name":"K\u00e1rai Exclusive Racing","url":"https:\/\/karaiexclusiveracing.hu\/","logo":{"@type":"ImageObject","inLanguage":"de","@id":"https:\/\/karaiexclusiveracing.hu\/#\/schema\/logo\/image\/","url":"https:\/\/www.karaiexclusiveracing.hu\/wp-content\/uploads\/2023\/10\/karai_exclusive_logo-1-1.png","contentUrl":"https:\/\/www.karaiexclusiveracing.hu\/wp-content\/uploads\/2023\/10\/karai_exclusive_logo-1-1.png","width":1575,"height":435,"caption":"K\u00e1rai Exclusive Racing"},"image":{"@id":"https:\/\/karaiexclusiveracing.hu\/#\/schema\/logo\/image\/"},"sameAs":["https:\/\/www.facebook.com\/karaiexclusiveracing.hu","https:\/\/www.instagram.com\/karaiexclusiveracing\/"]}]}},"_links":{"self":[{"href":"http:\/\/karaiexclusiveracing.hu\/de\/wp-json\/wp\/v2\/product\/22816","targetHints":{"allow":["GET"]}}],"collection":[{"href":"http:\/\/karaiexclusiveracing.hu\/de\/wp-json\/wp\/v2\/product"}],"about":[{"href":"http:\/\/karaiexclusiveracing.hu\/de\/wp-json\/wp\/v2\/types\/product"}],"wp:featuredmedia":[{"embeddable":true,"href":"http:\/\/karaiexclusiveracing.hu\/de\/wp-json\/wp\/v2\/media\/22854"}],"wp:attachment":[{"href":"http:\/\/karaiexclusiveracing.hu\/de\/wp-json\/wp\/v2\/media?parent=22816"}],"wp:term":[{"taxonomy":"manufactures","embeddable":true,"href":"http:\/\/karaiexclusiveracing.hu\/de\/wp-json\/wp\/v2\/manufactures?post=22816"},{"taxonomy":"product_brand","embeddable":true,"href":"http:\/\/karaiexclusiveracing.hu\/de\/wp-json\/wp\/v2\/product_brand?post=22816"},{"taxonomy":"product_cat","embeddable":true,"href":"http:\/\/karaiexclusiveracing.hu\/de\/wp-json\/wp\/v2\/product_cat?post=22816"},{"taxonomy":"product_tag","embeddable":true,"href":"http:\/\/karaiexclusiveracing.hu\/de\/wp-json\/wp\/v2\/product_tag?post=22816"}],"curies":[{"name":"wp","href":"https:\/\/api.w.org\/{rel}","templated":true}]}}