{"id":22656,"date":"2025-03-20T11:53:32","date_gmt":"2025-03-20T10:53:32","guid":{"rendered":"https:\/\/www.karaiexclusiveracing.hu\/?post_type=product&#038;p=22656"},"modified":"2025-09-23T13:09:18","modified_gmt":"2025-09-23T11:09:18","slug":"bmw-740il-automata","status":"publish","type":"product","link":"http:\/\/karaiexclusiveracing.hu\/de\/termek\/bmw-740il-automata\/","title":{"rendered":"BMW 740iL (Automata)"},"content":{"rendered":"<p>Elad\u00e1sra k\u00edn\u00e1lunk egy <strong>BMW E38 740iL<\/strong> modellt, amely kiemelked\u0151en <strong>gy\u00e1rias \u00e1llapotnak<\/strong> \u00f6rvend. <strong>K\u00fclf\u00f6ldi \u00e9rv\u00e9nyes okm\u00e1nyokkal<\/strong>. Karossz\u00e9ri\u00e1ja E38 t\u00edpushoz k\u00e9pest kimagasl\u00f3an j\u00f3, <strong>rozsdamentes \u00e1llapot\u00fa<\/strong>, csup\u00e1n <strong>n\u00e9h\u00e1ny<\/strong> karossz\u00e9riaelemen tapasztalhat\u00f3 <strong>lakk-leperg\u00e9s<\/strong>. Az aut\u00f3n jelenleg az ABS l\u00e1mpa vil\u00e1g\u00edt. Felszerelts\u00e9g r\u00e9szek\u00e9nt <strong>18 colos M-Parallel felni szett<\/strong> tal\u00e1lhat\u00f3 rajta. BMW-re szakosodott hivatalos fel\u00faj\u00edt\u00f3 m\u0171hely\u00fcnkben lehet\u0151s\u00e9get biztos\u00edtunk az aut\u00f3 teljes \u00e1tvizsg\u00e1l\u00e1s\u00e1ra (emel\u0151n, alul-fel\u00fcl r\u00e9szletes \u00e1tn\u00e9z\u00e9s). <strong>Az aut\u00f3 \u00e1ra tartalmazza a v\u00e1mot \u00e9s minden egy\u00e9b k\u00f6lts\u00e9get, valamint a Budapestre t\u00f6rt\u00e9n\u0151 sz\u00e1ll\u00edt\u00e1st is!<\/strong><\/p>\n<p><strong>K\u00fclt\u00e9r:<\/strong><\/p>\n<ul>\n<li><span style=\"font-weight: 400;\">f\u0171thet\u0151 ablakmos\u00f3 f\u00fav\u00f3k\u00e1k<\/span><\/li>\n<li><span style=\"font-weight: 400;\">xenon f\u00e9nysz\u00f3r\u00f3<\/span><\/li>\n<li><span style=\"font-weight: 400;\">bi-xenon f\u00e9nysz\u00f3r\u00f3<\/span><\/li>\n<li><span style=\"font-weight: 400;\">es\u0151szenzor<\/span><\/li>\n<li><span style=\"font-weight: 400;\">f\u00e9nysz\u00f3r\u00f3mos\u00f3<\/span><\/li>\n<li><span style=\"font-weight: 400;\">elektromos ablak el\u00f6l<\/span><\/li>\n<li><span style=\"font-weight: 400;\">elektromos ablak h\u00e1tul<\/span><\/li>\n<li><span style=\"font-weight: 400;\">elektromos t\u00fck\u00f6r<\/span><\/li>\n<li><span style=\"font-weight: 400;\">f\u0171thet\u0151 t\u00fck\u00f6r<\/span><\/li>\n<li><span style=\"font-weight: 400;\">k\u00f6nny\u0171f\u00e9m felni<\/span><\/li>\n<li><span style=\"font-weight: 400;\">sz\u00ednezett \u00fcveg<\/span><\/li>\n<li><span style=\"font-weight: 400;\">tol\u00f3tet\u0151 (napf\u00e9nytet\u0151)<\/span><\/li>\n<li><span style=\"font-weight: 400;\">tol\u00f3tet\u0151 &#8211; elektromos<\/span><\/li>\n<\/ul>\n<p>&nbsp;<\/p>\n<p><strong>Belt\u00e9r:<\/strong><\/p>\n<ul>\n<li><span style=\"font-weight: 400;\">b\u0151r bels\u0151<\/span><\/li>\n<li><span style=\"font-weight: 400;\">f\u0171thet\u0151 els\u0151 \u00fcl\u00e9s<\/span><\/li>\n<li><span style=\"font-weight: 400;\">mem\u00f3ri\u00e1s vezet\u0151\u00fcl\u00e9s<\/span><\/li>\n<li><span style=\"font-weight: 400;\">\u00fcl\u00e9smagass\u00e1g \u00e1ll\u00edt\u00e1s<\/span><\/li>\n<li><span style=\"font-weight: 400;\">f\u0171thet\u0151 korm\u00e1ny<\/span><\/li>\n<li><span style=\"font-weight: 400;\">h\u0171thet\u0151 keszty\u0171tart\u00f3<\/span><\/li>\n<li><span style=\"font-weight: 400;\">multifunkci\u00f3s korm\u00e1nyker\u00e9k<\/span><\/li>\n<li><span style=\"font-weight: 400;\">der\u00e9kt\u00e1masz<\/span><\/li>\n<li><span style=\"font-weight: 400;\">elektromos \u00fcl\u00e9s\u00e1ll\u00edt\u00e1s vezet\u0151oldal<\/span><\/li>\n<li><span style=\"font-weight: 400;\">elektromos \u00fcl\u00e9s\u00e1ll\u00edt\u00e1s utasoldal<\/span><\/li>\n<li><span style=\"font-weight: 400;\">f\u0171thet\u0151 els\u0151 \u00e9s h\u00e1ts\u00f3 \u00fcl\u00e9sek<\/span><\/li>\n<li><span style=\"font-weight: 400;\">b\u0151rkorm\u00e1ny<\/span><\/li>\n<li><span style=\"font-weight: 400;\">f\u00fcgg\u00f6nyl\u00e9gzs\u00e1k<\/span><\/li>\n<li><span style=\"font-weight: 400;\">oldall\u00e9gzs\u00e1k<\/span><\/li>\n<li><span style=\"font-weight: 400;\">utasoldali l\u00e9gzs\u00e1k<\/span><\/li>\n<li><span style=\"font-weight: 400;\">vezet\u0151oldali l\u00e9gzs\u00e1k<\/span><\/li>\n<li><span style=\"font-weight: 400;\">\u00e1ll\u00edthat\u00f3 korm\u00e1ny<\/span><\/li>\n<li><span style=\"font-weight: 400;\">fed\u00e9lzeti komputer<\/span><\/li>\n<\/ul>\n<p>&nbsp;<\/p>\n<p><strong>M\u0171szaki:<\/strong><\/p>\n<ul>\n<li><span style=\"font-weight: 400;\">tolat\u00f3radar<\/span><\/li>\n<li><span style=\"font-weight: 400;\">els\u0151-h\u00e1ts\u00f3 parkol\u00f3radar<\/span><\/li>\n<li><span style=\"font-weight: 400;\">ABS (blokkol\u00e1sg\u00e1tl\u00f3)<\/span><\/li>\n<li><span style=\"font-weight: 400;\">ASR (kip\u00f6rg\u00e9sg\u00e1tl\u00f3)<\/span><\/li>\n<li><span style=\"font-weight: 400;\">ESP (menetstabiliz\u00e1tor)<\/span><\/li>\n<li><span style=\"font-weight: 400;\">tempomat<\/span><\/li>\n<li><span style=\"font-weight: 400;\">centr\u00e1lz\u00e1r<\/span><\/li>\n<li><span style=\"font-weight: 400;\">riaszt\u00f3<\/span><\/li>\n<\/ul>\n<p>&nbsp;<\/p>\n<p><strong>A g\u00e9pj\u00e1rm\u0171 el\u0151zetes egyeztet\u00e9st k\u00f6vet\u0151en megtekinthet\u0151 Nagytarcs\u00e1n a Fels\u0151 Ipari K\u00f6r\u00fat 2\/C c\u00edmen.<br \/>\nTov\u00e1bbi inform\u00e1ci\u00f3k\u00e9rt \u00e9rdekl\u0151dj telefonon!<\/strong><\/p>","protected":false},"excerpt":{"rendered":"<p>Elad\u00e1sra k\u00edn\u00e1lunk egy BMW E38 740iL modellt, amely kiemelked\u0151en gy\u00e1rias \u00e1llapotnak \u00f6rvend. K\u00fclf\u00f6ldi \u00e9rv\u00e9nyes okm\u00e1nyokkal. Karossz\u00e9ri\u00e1ja E38 t\u00edpushoz k\u00e9pest kimagasl\u00f3an j\u00f3, rozsdamentes \u00e1llapot\u00fa, csup\u00e1n n\u00e9h\u00e1ny karossz\u00e9riaelemen tapasztalhat\u00f3 lakk-leperg\u00e9s. Az aut\u00f3n jelenleg az ABS l\u00e1mpa vil\u00e1g\u00edt. Felszerelts\u00e9g r\u00e9szek\u00e9nt 18 colos M-Parallel felni szett tal\u00e1lhat\u00f3 rajta. BMW-re szakosodott hivatalos fel\u00faj\u00edt\u00f3 m\u0171hely\u00fcnkben lehet\u0151s\u00e9get biztos\u00edtunk az aut\u00f3 teljes \u00e1tvizsg\u00e1l\u00e1s\u00e1ra [&hellip;]<\/p>\n","protected":false},"featured_media":22895,"template":"","meta":{"_acf_changed":false},"manufactures":[],"product_brand":[],"product_cat":[25],"product_tag":[],"class_list":{"0":"post-22656","1":"product","2":"type-product","3":"status-publish","4":"has-post-thumbnail","6":"product_cat-streetcar","8":"first","9":"instock","10":"taxable","11":"shipping-taxable","12":"purchasable","13":"product-type-simple"},"exclude_global_add_ons":[],"addons":[],"acf":[],"yoast_head":"<!-- This site is optimized with the Yoast SEO Premium plugin v27.1 (Yoast SEO v27.2) - https:\/\/yoast.com\/product\/yoast-seo-premium-wordpress\/ -->\n<title>BMW 740iL (Automata) - K\u00e1rai Exclusive<\/title>\n<meta name=\"description\" content=\"Kimagasl\u00f3an gy\u00e1rias, rozsdamentes \u00e1llapotban, 18&quot; M-Parallel felnikkel. Kisebb eszt\u00e9tikai hib\u00e1k, ABS-l\u00e1mpa vil\u00e1g\u00edt. \u00c1tvizsg\u00e1l\u00e1sra van lehet\u0151s\u00e9g!\" \/>\n<meta name=\"robots\" content=\"index, follow, max-snippet:-1, max-image-preview:large, max-video-preview:-1\" \/>\n<link rel=\"canonical\" href=\"https:\/\/karaiexclusiveracing.hu\/de\/produkt\/bmw-740il-automata\/\" \/>\n<meta property=\"og:locale\" content=\"de_DE\" \/>\n<meta property=\"og:type\" content=\"article\" \/>\n<meta property=\"og:title\" content=\"BMW 740iL (Automata)\" \/>\n<meta property=\"og:description\" content=\"Kimagasl\u00f3an gy\u00e1rias, rozsdamentes \u00e1llapotban, 18&quot; M-Parallel felnikkel. Kisebb eszt\u00e9tikai hib\u00e1k, ABS-l\u00e1mpa vil\u00e1g\u00edt. \u00c1tvizsg\u00e1l\u00e1sra van lehet\u0151s\u00e9g!\" \/>\n<meta property=\"og:url\" content=\"https:\/\/karaiexclusiveracing.hu\/de\/produkt\/bmw-740il-automata\/\" \/>\n<meta property=\"og:site_name\" content=\"K\u00e1rai Exclusive\" \/>\n<meta property=\"article:publisher\" content=\"https:\/\/www.facebook.com\/karaiexclusiveracing.hu\" \/>\n<meta property=\"article:modified_time\" content=\"2025-09-23T11:09:18+00:00\" \/>\n<meta property=\"og:image\" content=\"https:\/\/karaiexclusiveracing.hu\/wp-content\/uploads\/2025\/03\/viber_kep_2025-05-05_17-59-12-762.jpg\" \/>\n\t<meta property=\"og:image:width\" content=\"1800\" \/>\n\t<meta property=\"og:image:height\" content=\"1350\" \/>\n\t<meta property=\"og:image:type\" content=\"image\/jpeg\" \/>\n<meta name=\"twitter:card\" content=\"summary_large_image\" \/>\n<meta name=\"twitter:label1\" content=\"Gesch\u00e4tzte Lesezeit\" \/>\n\t<meta name=\"twitter:data1\" content=\"2\u00a0Minuten\" \/>\n<script type=\"application\/ld+json\" class=\"yoast-schema-graph\">{\"@context\":\"https:\/\/schema.org\",\"@graph\":[{\"@type\":\"WebPage\",\"@id\":\"https:\/\/karaiexclusiveracing.hu\/termek\/bmw-740il-automata\/\",\"url\":\"https:\/\/karaiexclusiveracing.hu\/termek\/bmw-740il-automata\/\",\"name\":\"BMW 740iL (Automata) - K\u00e1rai Exclusive\",\"isPartOf\":{\"@id\":\"https:\/\/karaiexclusiveracing.hu\/#website\"},\"primaryImageOfPage\":{\"@id\":\"https:\/\/karaiexclusiveracing.hu\/termek\/bmw-740il-automata\/#primaryimage\"},\"image\":{\"@id\":\"https:\/\/karaiexclusiveracing.hu\/termek\/bmw-740il-automata\/#primaryimage\"},\"thumbnailUrl\":\"https:\/\/karaiexclusiveracing.hu\/wp-content\/uploads\/2025\/03\/viber_kep_2025-05-05_17-59-12-762.jpg\",\"datePublished\":\"2025-03-20T10:53:32+00:00\",\"dateModified\":\"2025-09-23T11:09:18+00:00\",\"description\":\"Kimagasl\u00f3an gy\u00e1rias, rozsdamentes \u00e1llapotban, 18\\\" M-Parallel felnikkel. Kisebb eszt\u00e9tikai hib\u00e1k, ABS-l\u00e1mpa vil\u00e1g\u00edt. \u00c1tvizsg\u00e1l\u00e1sra van lehet\u0151s\u00e9g!\",\"breadcrumb\":{\"@id\":\"https:\/\/karaiexclusiveracing.hu\/termek\/bmw-740il-automata\/#breadcrumb\"},\"inLanguage\":\"de\",\"potentialAction\":[{\"@type\":\"ReadAction\",\"target\":[\"https:\/\/karaiexclusiveracing.hu\/termek\/bmw-740il-automata\/\"]}]},{\"@type\":\"ImageObject\",\"inLanguage\":\"de\",\"@id\":\"https:\/\/karaiexclusiveracing.hu\/termek\/bmw-740il-automata\/#primaryimage\",\"url\":\"https:\/\/karaiexclusiveracing.hu\/wp-content\/uploads\/2025\/03\/viber_kep_2025-05-05_17-59-12-762.jpg\",\"contentUrl\":\"https:\/\/karaiexclusiveracing.hu\/wp-content\/uploads\/2025\/03\/viber_kep_2025-05-05_17-59-12-762.jpg\",\"width\":1800,\"height\":1350},{\"@type\":\"BreadcrumbList\",\"@id\":\"https:\/\/karaiexclusiveracing.hu\/termek\/bmw-740il-automata\/#breadcrumb\",\"itemListElement\":[{\"@type\":\"ListItem\",\"position\":1,\"name\":\"Kezd\u0151lap\",\"item\":\"https:\/\/karaiexclusiveracing.hu\/\"},{\"@type\":\"ListItem\",\"position\":2,\"name\":\"Elad\u00f3 aut\u00f3k\",\"item\":\"https:\/\/karaiexclusiveracing.hu\/elado-autok\/\"},{\"@type\":\"ListItem\",\"position\":3,\"name\":\"BMW 740iL (Automata)\"}]},{\"@type\":\"WebSite\",\"@id\":\"https:\/\/karaiexclusiveracing.hu\/#website\",\"url\":\"https:\/\/karaiexclusiveracing.hu\/\",\"name\":\"K\u00e1rai Exclusive Racing\",\"description\":\"\",\"publisher\":{\"@id\":\"https:\/\/karaiexclusiveracing.hu\/#organization\"},\"potentialAction\":[{\"@type\":\"SearchAction\",\"target\":{\"@type\":\"EntryPoint\",\"urlTemplate\":\"https:\/\/karaiexclusiveracing.hu\/?s={search_term_string}\"},\"query-input\":{\"@type\":\"PropertyValueSpecification\",\"valueRequired\":true,\"valueName\":\"search_term_string\"}}],\"inLanguage\":\"de\"},{\"@type\":\"Organization\",\"@id\":\"https:\/\/karaiexclusiveracing.hu\/#organization\",\"name\":\"K\u00e1rai Exclusive Racing\",\"url\":\"https:\/\/karaiexclusiveracing.hu\/\",\"logo\":{\"@type\":\"ImageObject\",\"inLanguage\":\"de\",\"@id\":\"https:\/\/karaiexclusiveracing.hu\/#\/schema\/logo\/image\/\",\"url\":\"https:\/\/www.karaiexclusiveracing.hu\/wp-content\/uploads\/2023\/10\/karai_exclusive_logo-1-1.png\",\"contentUrl\":\"https:\/\/www.karaiexclusiveracing.hu\/wp-content\/uploads\/2023\/10\/karai_exclusive_logo-1-1.png\",\"width\":1575,\"height\":435,\"caption\":\"K\u00e1rai Exclusive Racing\"},\"image\":{\"@id\":\"https:\/\/karaiexclusiveracing.hu\/#\/schema\/logo\/image\/\"},\"sameAs\":[\"https:\/\/www.facebook.com\/karaiexclusiveracing.hu\",\"https:\/\/www.instagram.com\/karaiexclusiveracing\/\"]}]}<\/script>\n<!-- \/ Yoast SEO Premium plugin. -->","yoast_head_json":{"title":"BMW 740iL (Automata) - K\u00e1rai Exclusive","description":"Kimagasl\u00f3an gy\u00e1rias, rozsdamentes \u00e1llapotban, 18\" M-Parallel felnikkel. Kisebb eszt\u00e9tikai hib\u00e1k, ABS-l\u00e1mpa vil\u00e1g\u00edt. \u00c1tvizsg\u00e1l\u00e1sra van lehet\u0151s\u00e9g!","robots":{"index":"index","follow":"follow","max-snippet":"max-snippet:-1","max-image-preview":"max-image-preview:large","max-video-preview":"max-video-preview:-1"},"canonical":"https:\/\/karaiexclusiveracing.hu\/de\/produkt\/bmw-740il-automata\/","og_locale":"de_DE","og_type":"article","og_title":"BMW 740iL (Automata)","og_description":"Kimagasl\u00f3an gy\u00e1rias, rozsdamentes \u00e1llapotban, 18\" M-Parallel felnikkel. Kisebb eszt\u00e9tikai hib\u00e1k, ABS-l\u00e1mpa vil\u00e1g\u00edt. \u00c1tvizsg\u00e1l\u00e1sra van lehet\u0151s\u00e9g!","og_url":"https:\/\/karaiexclusiveracing.hu\/de\/produkt\/bmw-740il-automata\/","og_site_name":"K\u00e1rai Exclusive","article_publisher":"https:\/\/www.facebook.com\/karaiexclusiveracing.hu","article_modified_time":"2025-09-23T11:09:18+00:00","og_image":[{"width":1800,"height":1350,"url":"https:\/\/karaiexclusiveracing.hu\/wp-content\/uploads\/2025\/03\/viber_kep_2025-05-05_17-59-12-762.jpg","type":"image\/jpeg"}],"twitter_card":"summary_large_image","twitter_misc":{"Gesch\u00e4tzte Lesezeit":"2\u00a0Minuten"},"schema":{"@context":"https:\/\/schema.org","@graph":[{"@type":"WebPage","@id":"https:\/\/karaiexclusiveracing.hu\/termek\/bmw-740il-automata\/","url":"https:\/\/karaiexclusiveracing.hu\/termek\/bmw-740il-automata\/","name":"BMW 740iL (Automata) - K\u00e1rai Exclusive","isPartOf":{"@id":"https:\/\/karaiexclusiveracing.hu\/#website"},"primaryImageOfPage":{"@id":"https:\/\/karaiexclusiveracing.hu\/termek\/bmw-740il-automata\/#primaryimage"},"image":{"@id":"https:\/\/karaiexclusiveracing.hu\/termek\/bmw-740il-automata\/#primaryimage"},"thumbnailUrl":"https:\/\/karaiexclusiveracing.hu\/wp-content\/uploads\/2025\/03\/viber_kep_2025-05-05_17-59-12-762.jpg","datePublished":"2025-03-20T10:53:32+00:00","dateModified":"2025-09-23T11:09:18+00:00","description":"Kimagasl\u00f3an gy\u00e1rias, rozsdamentes \u00e1llapotban, 18\" M-Parallel felnikkel. Kisebb eszt\u00e9tikai hib\u00e1k, ABS-l\u00e1mpa vil\u00e1g\u00edt. \u00c1tvizsg\u00e1l\u00e1sra van lehet\u0151s\u00e9g!","breadcrumb":{"@id":"https:\/\/karaiexclusiveracing.hu\/termek\/bmw-740il-automata\/#breadcrumb"},"inLanguage":"de","potentialAction":[{"@type":"ReadAction","target":["https:\/\/karaiexclusiveracing.hu\/termek\/bmw-740il-automata\/"]}]},{"@type":"ImageObject","inLanguage":"de","@id":"https:\/\/karaiexclusiveracing.hu\/termek\/bmw-740il-automata\/#primaryimage","url":"https:\/\/karaiexclusiveracing.hu\/wp-content\/uploads\/2025\/03\/viber_kep_2025-05-05_17-59-12-762.jpg","contentUrl":"https:\/\/karaiexclusiveracing.hu\/wp-content\/uploads\/2025\/03\/viber_kep_2025-05-05_17-59-12-762.jpg","width":1800,"height":1350},{"@type":"BreadcrumbList","@id":"https:\/\/karaiexclusiveracing.hu\/termek\/bmw-740il-automata\/#breadcrumb","itemListElement":[{"@type":"ListItem","position":1,"name":"Kezd\u0151lap","item":"https:\/\/karaiexclusiveracing.hu\/"},{"@type":"ListItem","position":2,"name":"Elad\u00f3 aut\u00f3k","item":"https:\/\/karaiexclusiveracing.hu\/elado-autok\/"},{"@type":"ListItem","position":3,"name":"BMW 740iL (Automata)"}]},{"@type":"WebSite","@id":"https:\/\/karaiexclusiveracing.hu\/#website","url":"https:\/\/karaiexclusiveracing.hu\/","name":"K\u00e1rai Exclusive Racing","description":"","publisher":{"@id":"https:\/\/karaiexclusiveracing.hu\/#organization"},"potentialAction":[{"@type":"SearchAction","target":{"@type":"EntryPoint","urlTemplate":"https:\/\/karaiexclusiveracing.hu\/?s={search_term_string}"},"query-input":{"@type":"PropertyValueSpecification","valueRequired":true,"valueName":"search_term_string"}}],"inLanguage":"de"},{"@type":"Organization","@id":"https:\/\/karaiexclusiveracing.hu\/#organization","name":"K\u00e1rai Exclusive Racing","url":"https:\/\/karaiexclusiveracing.hu\/","logo":{"@type":"ImageObject","inLanguage":"de","@id":"https:\/\/karaiexclusiveracing.hu\/#\/schema\/logo\/image\/","url":"https:\/\/www.karaiexclusiveracing.hu\/wp-content\/uploads\/2023\/10\/karai_exclusive_logo-1-1.png","contentUrl":"https:\/\/www.karaiexclusiveracing.hu\/wp-content\/uploads\/2023\/10\/karai_exclusive_logo-1-1.png","width":1575,"height":435,"caption":"K\u00e1rai Exclusive Racing"},"image":{"@id":"https:\/\/karaiexclusiveracing.hu\/#\/schema\/logo\/image\/"},"sameAs":["https:\/\/www.facebook.com\/karaiexclusiveracing.hu","https:\/\/www.instagram.com\/karaiexclusiveracing\/"]}]}},"_links":{"self":[{"href":"http:\/\/karaiexclusiveracing.hu\/de\/wp-json\/wp\/v2\/product\/22656","targetHints":{"allow":["GET"]}}],"collection":[{"href":"http:\/\/karaiexclusiveracing.hu\/de\/wp-json\/wp\/v2\/product"}],"about":[{"href":"http:\/\/karaiexclusiveracing.hu\/de\/wp-json\/wp\/v2\/types\/product"}],"wp:featuredmedia":[{"embeddable":true,"href":"http:\/\/karaiexclusiveracing.hu\/de\/wp-json\/wp\/v2\/media\/22895"}],"wp:attachment":[{"href":"http:\/\/karaiexclusiveracing.hu\/de\/wp-json\/wp\/v2\/media?parent=22656"}],"wp:term":[{"taxonomy":"manufactures","embeddable":true,"href":"http:\/\/karaiexclusiveracing.hu\/de\/wp-json\/wp\/v2\/manufactures?post=22656"},{"taxonomy":"product_brand","embeddable":true,"href":"http:\/\/karaiexclusiveracing.hu\/de\/wp-json\/wp\/v2\/product_brand?post=22656"},{"taxonomy":"product_cat","embeddable":true,"href":"http:\/\/karaiexclusiveracing.hu\/de\/wp-json\/wp\/v2\/product_cat?post=22656"},{"taxonomy":"product_tag","embeddable":true,"href":"http:\/\/karaiexclusiveracing.hu\/de\/wp-json\/wp\/v2\/product_tag?post=22656"}],"curies":[{"name":"wp","href":"https:\/\/api.w.org\/{rel}","templated":true}]}}