{"id":22644,"date":"2025-03-20T11:27:47","date_gmt":"2025-03-20T10:27:47","guid":{"rendered":"https:\/\/www.karaiexclusiveracing.hu\/?post_type=product&#038;p=22644"},"modified":"2025-11-04T15:37:50","modified_gmt":"2025-11-04T14:37:50","slug":"bmw-e60-m5-v10","status":"publish","type":"product","link":"http:\/\/karaiexclusiveracing.hu\/de\/termek\/bmw-e60-m5-v10\/","title":{"rendered":"BMW E60 M5 V10"},"content":{"rendered":"<p data-pm-slice=\"1 1 []\">Elad\u00e1sra k\u00edn\u00e1lunk egy BMW E60 M5 V10 (WBSNB93558CX0F310), kit\u0171n\u0151 szervizel\u0151\u00e9lettel \u00e9s tiszta m\u00falttal (Clean Title), s\u00e9r\u00fcl\u00e9smentes el\u0151\u00e9lettel. Az aut\u00f3 8. henger\u00e9ben 4 bar a kompresszi\u00f3 a V10 tipusbetegs\u00e9g miatt. Az aut\u00f3 \u00f6sszess\u00e9g\u00e9ben gy\u00e1rias, megk\u00edm\u00e9lt \u00e1llapotban van. Szervizt\u00f6rt\u00e9nete alapj\u00e1n folyamatos, gondos karbantart\u00e1sban r\u00e9szes\u00fclt, m\u00e9g a guminyom\u00e1s ellen\u0151rz\u00e9se \u00e9s mos\u00e1s is BMW m\u00e1rkaszervizben t\u00f6rt\u00e9nt. \u00c9rv\u00e9nyes k\u00fclf\u00f6ldi okm\u00e1nyokkal.<\/p>\n<p><strong>F\u0151bb adatok \u00e9s jellemz\u0151k:<\/strong><\/p>\n<ul data-spread=\"false\">\n<li>Alv\u00e1zsz\u00e1m: WBSNB93558CX0F310<\/li>\n<li>Fut\u00e1steljes\u00edtm\u00e9ny: kb. 103.000 m\u00e9rf\u00f6ld<\/li>\n<li>Tiszta, s\u00e9r\u00fcl\u00e9smentes m\u00falt (nem volt t\u00f6rve, eredeti \u00e1llapot)<\/li>\n<li>Rendszeres BMW m\u00e1rkaszervizes karbantart\u00e1s 60.000 m\u00e9rf\u00f6ldig, majd ezt k\u00f6vet\u0151en is folyamatosan karbantartott<\/li>\n<li>1 \u00e9v eltelt\u00e9vel m\u00e9g ak\u00e1r 1000 km ut\u00e1n is olajcsere t\u00f6rt\u00e9nt<\/li>\n<li>Eisenmann sportkipufog\u00f3 rendszerrel felszerelve<\/li>\n<li>50.000 m\u00e9rf\u00f6ldn\u00e9l v\u00e1lt\u00f3vez\u00e9rl\u0151 cser\u00e9lve<\/li>\n<li>70.000 m\u00e9rf\u00f6ldn\u00e9l \u00faj kuplung be\u00e9p\u00edtve<\/li>\n<li>102.514 m\u00e9rf\u00f6ldn\u00e9l sz\u00edv\u00f3cs\u00f6vek cser\u00e9lve<\/li>\n<li>103.000 m\u00e9rf\u00f6ldn\u00e9l \u00faj gy\u00fajt\u00f3traf\u00f3k \u00e9s gyerty\u00e1k<\/li>\n<\/ul>\n<p>&nbsp;<\/p>\n<p><strong>K\u00fcls\u0151 \u00e1llapot:<\/strong><\/p>\n<ul data-spread=\"false\">\n<li>A f\u00e9nyez\u00e9s egys\u00e9ges, j\u00f3 \u00e1llapot\u00fa<\/li>\n<li>Kisebb eszt\u00e9tikai hiba: bal els\u0151 s\u00e1rv\u00e9d\u0151n \u00e9s els\u0151 l\u00f6kh\u00e1r\u00edt\u00f3n lakk-leperg\u00e9s tapasztalhat\u00f3<\/li>\n<\/ul>\n<p>&nbsp;<\/p>\n<p><strong>K\u00fclt\u00e9r:<\/strong><\/p>\n<ul>\n<li><span style=\"font-weight: 400;\">automatikusan s\u00f6t\u00e9ted\u0151 k\u00fcls\u0151 t\u00fck\u00f6r\u00a0<\/span><\/li>\n<li><span style=\"font-weight: 400;\">elektromosan behajthat\u00f3 k\u00fcls\u0151 t\u00fckr\u00f6k\u00a0<\/span><\/li>\n<li><span style=\"font-weight: 400;\">f\u0171thet\u0151 ablakmos\u00f3 f\u00fav\u00f3k\u00e1k\u00a0<\/span><\/li>\n<li><span style=\"font-weight: 400;\">xenon f\u00e9nysz\u00f3r\u00f3\u00a0<\/span><\/li>\n<li><span style=\"font-weight: 400;\">bi-xenon f\u00e9nysz\u00f3r\u00f3\u00a0<\/span><\/li>\n<li><span style=\"font-weight: 400;\">es\u0151szenzor\u00a0<\/span><\/li>\n<li><span style=\"font-weight: 400;\">f\u00e9nysz\u00f3r\u00f3mos\u00f3\u00a0<\/span><\/li>\n<li><span style=\"font-weight: 400;\">elektromos ablak el\u00f6l\u00a0<\/span><\/li>\n<li><span style=\"font-weight: 400;\">elektromos ablak h\u00e1tul\u00a0<\/span><\/li>\n<li><span style=\"font-weight: 400;\">elektromos t\u00fck\u00f6r\u00a0<\/span><\/li>\n<li><span style=\"font-weight: 400;\">f\u0171thet\u0151 t\u00fck\u00f6r\u00a0<\/span><\/li>\n<li><span style=\"font-weight: 400;\">k\u00f6nny\u0171f\u00e9m felni\u00a0<\/span><\/li>\n<li><span style=\"font-weight: 400;\">sz\u00ednezett \u00fcveg\u00a0<\/span><\/li>\n<li><span style=\"font-weight: 400;\">tol\u00f3tet\u0151 (napf\u00e9nytet\u0151)\u00a0<\/span><\/li>\n<li><span style=\"font-weight: 400;\">tol\u00f3tet\u0151 &#8211; elektromos<\/span><\/li>\n<\/ul>\n<p>&nbsp;<\/p>\n<p><strong>Belt\u00e9r:<\/strong><\/p>\n<ul>\n<li><span style=\"font-weight: 400;\">b\u0151r bels\u0151\u00a0<\/span><\/li>\n<li><span style=\"font-weight: 400;\">mem\u00f3ri\u00e1s utas\u00fcl\u00e9s\u00a0<\/span><\/li>\n<li><span style=\"font-weight: 400;\">f\u0171thet\u0151 els\u0151 \u00fcl\u00e9s\u00a0<\/span><\/li>\n<li><span style=\"font-weight: 400;\">mem\u00f3ri\u00e1s vezet\u0151\u00fcl\u00e9s\u00a0<\/span><\/li>\n<li><span style=\"font-weight: 400;\">\u00fcl\u00e9smagass\u00e1g \u00e1ll\u00edt\u00e1s\u00a0<\/span><\/li>\n<li><span style=\"font-weight: 400;\">\u00e1ll\u00f3f\u0171t\u00e9s\u00a0<\/span><\/li>\n<li><span style=\"font-weight: 400;\">automatikusan s\u00f6t\u00e9ted\u0151 bels\u0151 t\u00fck\u00f6r\u00a0<\/span><\/li>\n<li><span style=\"font-weight: 400;\">h\u0171thet\u0151 keszty\u0171tart\u00f3\u00a0<\/span><\/li>\n<li><span style=\"font-weight: 400;\">multifunkci\u00f3s korm\u00e1nyker\u00e9k\u00a0<\/span><\/li>\n<li><span style=\"font-weight: 400;\">elektromosan \u00e1ll\u00edthat\u00f3 fejt\u00e1ml\u00e1k\u00a0<\/span><\/li>\n<li><span style=\"font-weight: 400;\">\u00e1ll\u00edthat\u00f3 combt\u00e1masz\u00a0<\/span><\/li>\n<li><span style=\"font-weight: 400;\">der\u00e9kt\u00e1masz\u00a0<\/span><\/li>\n<li><span style=\"font-weight: 400;\">elektromos \u00fcl\u00e9s\u00e1ll\u00edt\u00e1s vezet\u0151oldal\u00a0<\/span><\/li>\n<li><span style=\"font-weight: 400;\">elektromos \u00fcl\u00e9s\u00e1ll\u00edt\u00e1s utasoldal\u00a0<\/span><\/li>\n<li><span style=\"font-weight: 400;\">f\u0171thet\u0151 els\u0151 \u00e9s h\u00e1ts\u00f3 \u00fcl\u00e9sek\u00a0<\/span><\/li>\n<li><span style=\"font-weight: 400;\">Alcantara k\u00e1rpit\u00a0<\/span><\/li>\n<li><span style=\"font-weight: 400;\">b\u0151rkorm\u00e1ny\u00a0<\/span><\/li>\n<li><span style=\"font-weight: 400;\">f\u00fcgg\u00f6nyl\u00e9gzs\u00e1k\u00a0<\/span><\/li>\n<li><span style=\"font-weight: 400;\">h\u00e1ts\u00f3 oldal l\u00e9gzs\u00e1k\u00a0<\/span><\/li>\n<li><span style=\"font-weight: 400;\">oldall\u00e9gzs\u00e1k\u00a0<\/span><\/li>\n<li><span style=\"font-weight: 400;\">utasoldali l\u00e9gzs\u00e1k\u00a0<\/span><\/li>\n<li><span style=\"font-weight: 400;\">vezet\u0151oldali l\u00e9gzs\u00e1k\u00a0<\/span><\/li>\n<li><span style=\"font-weight: 400;\">h\u00e1ts\u00f3 fejt\u00e1ml\u00e1k\u00a0<\/span><\/li>\n<li><span style=\"font-weight: 400;\">\u00e1ll\u00edthat\u00f3 korm\u00e1ny\u00a0<\/span><\/li>\n<li><span style=\"font-weight: 400;\">fed\u00e9lzeti komputer\u00a0<\/span><\/li>\n<li><span style=\"font-weight: 400;\">korm\u00e1nyv\u00e1lt\u00f3\u00a0<\/span><\/li>\n<li><span style=\"font-weight: 400;\">sport\u00fcl\u00e9sek\u00a0<\/span><\/li>\n<li><span style=\"font-weight: 400;\">HUD \/ Head-Up Display\u00a0<\/span><\/li>\n<\/ul>\n<p>&nbsp;<\/p>\n<p><strong>M\u0171szaki:<\/strong><\/p>\n<ul>\n<li><span style=\"font-weight: 400;\">\u00a0tolat\u00f3radar\u00a0<\/span><\/li>\n<li><span style=\"font-weight: 400;\">\u00a0elektronikus fut\u00f3m\u0171 hangol\u00e1s\u00a0<\/span><\/li>\n<li><span style=\"font-weight: 400;\">els\u0151-h\u00e1ts\u00f3 parkol\u00f3radar\u00a0<\/span><\/li>\n<li><span style=\"font-weight: 400;\">ABS (blokkol\u00e1sg\u00e1tl\u00f3)\u00a0<\/span><\/li>\n<li><span style=\"font-weight: 400;\">ASR (kip\u00f6rg\u00e9sg\u00e1tl\u00f3)\u00a0<\/span><\/li>\n<li><span style=\"font-weight: 400;\">ESP (menetstabiliz\u00e1tor)\u00a0<\/span><\/li>\n<li><span style=\"font-weight: 400;\">ADS (adapt\u00edv leng\u00e9scsillap\u00edt\u00f3)\u00a0<\/span><\/li>\n<li><span style=\"font-weight: 400;\">EBD\/EBV (elektronikus f\u00e9ker\u0151-eloszt\u00f3)\u00a0<\/span><\/li>\n<li><span style=\"font-weight: 400;\">EDS (elektronikus differenci\u00e1lz\u00e1r)\u00a0<\/span><\/li>\n<li><span style=\"font-weight: 400;\">tempomat\u00a0<\/span><\/li>\n<li><span style=\"font-weight: 400;\">guminyom\u00e1s-ellen\u0151rz\u0151 rendszer\u00a0<\/span><\/li>\n<li><span style=\"font-weight: 400;\">lejtmenet asszisztens\u00a0<\/span><\/li>\n<li><span style=\"font-weight: 400;\">centr\u00e1lz\u00e1r\u00a0<\/span><\/li>\n<li><span style=\"font-weight: 400;\">riaszt\u00f3\u00a0<\/span><\/li>\n<li><span style=\"font-weight: 400;\">szervokorm\u00e1ny\u00a0<\/span><\/li>\n<li><span style=\"font-weight: 400;\">EDC (elektronikus leng\u00e9scsillap\u00edt\u00e1s vez\u00e9rl\u00e9s)\u00a0<\/span><\/li>\n<li><span style=\"font-weight: 400;\">sebess\u00e9gf\u00fcgg\u0151 szerv\u00f3korm\u00e1ny\u00a0<\/span><\/li>\n<li><span style=\"font-weight: 400;\">sportfut\u00f3m\u0171\u00a0<\/span><\/li>\n<li><span style=\"font-weight: 400;\">sperr differenci\u00e1lm\u0171\u00a0<\/span><\/li>\n<li><span style=\"font-weight: 400;\">start-stop\/motormeg\u00e1ll\u00edt\u00f3 rendszer<\/span><\/li>\n<\/ul>\n<p>&nbsp;<\/p>\n<p>Ig\u00e9ny eset\u00e9n seg\u00edteni tudunk a jav\u00edt\u00e1s \u00e9s a forgalomba helyez\u00e9s folyamat\u00e1ban.<\/p>\n<p><strong>Tov\u00e1bbi inform\u00e1ci\u00f3k\u00e9rt \u00e9rdekl\u0151dj telefonon!<\/strong><\/p>","protected":false},"excerpt":{"rendered":"<p>Elad\u00e1sra k\u00edn\u00e1lunk egy BMW E60 M5 V10 (WBSNB93558CX0F310), kit\u0171n\u0151 szervizel\u0151\u00e9lettel \u00e9s tiszta m\u00falttal (Clean Title), s\u00e9r\u00fcl\u00e9smentes el\u0151\u00e9lettel. Az aut\u00f3 8. henger\u00e9ben 4 bar a kompresszi\u00f3 a V10 tipusbetegs\u00e9g miatt. Az aut\u00f3 \u00f6sszess\u00e9g\u00e9ben gy\u00e1rias, megk\u00edm\u00e9lt \u00e1llapotban van. Szervizt\u00f6rt\u00e9nete alapj\u00e1n folyamatos, gondos karbantart\u00e1sban r\u00e9szes\u00fclt, m\u00e9g a guminyom\u00e1s ellen\u0151rz\u00e9se \u00e9s mos\u00e1s is BMW m\u00e1rkaszervizben t\u00f6rt\u00e9nt. \u00c9rv\u00e9nyes k\u00fclf\u00f6ldi okm\u00e1nyokkal. [&hellip;]<\/p>\n","protected":false},"featured_media":23581,"template":"","meta":{"_acf_changed":false},"manufactures":[],"product_brand":[],"product_cat":[25],"product_tag":[],"class_list":{"0":"post-22644","1":"product","2":"type-product","3":"status-publish","4":"has-post-thumbnail","6":"product_cat-streetcar","8":"first","9":"instock","10":"taxable","11":"shipping-taxable","12":"purchasable","13":"product-type-simple"},"exclude_global_add_ons":[],"addons":[],"acf":[],"yoast_head":"<!-- This site is optimized with the Yoast SEO Premium plugin v27.1 (Yoast SEO v27.2) - https:\/\/yoast.com\/product\/yoast-seo-premium-wordpress\/ -->\n<title>BMW E60 M5 V10 - K\u00e1rai Exclusive<\/title>\n<meta name=\"description\" content=\"BMW E60 M5 V10 kit\u0171n\u0151 szervizel\u0151\u00e9lettel \u00e9s tiszta m\u00falttal. \u00c9rv\u00e9nyes k\u00fclf\u00f6ldi okm\u00e1nyokkal, gy\u00e1rias, megk\u00edm\u00e9lt \u00e1llapotban van.\" \/>\n<meta name=\"robots\" content=\"index, follow, max-snippet:-1, max-image-preview:large, max-video-preview:-1\" \/>\n<link rel=\"canonical\" href=\"http:\/\/karaiexclusiveracing.hu\/de\/produkt\/bmw-e60-m5-v10\/\" \/>\n<meta property=\"og:locale\" content=\"de_DE\" \/>\n<meta property=\"og:type\" content=\"article\" \/>\n<meta property=\"og:title\" content=\"BMW E60 M5 V10\" \/>\n<meta property=\"og:description\" content=\"BMW E60 M5 V10 kit\u0171n\u0151 szervizel\u0151\u00e9lettel \u00e9s tiszta m\u00falttal. \u00c9rv\u00e9nyes k\u00fclf\u00f6ldi okm\u00e1nyokkal, gy\u00e1rias, megk\u00edm\u00e9lt \u00e1llapotban van.\" \/>\n<meta property=\"og:url\" content=\"http:\/\/karaiexclusiveracing.hu\/de\/produkt\/bmw-e60-m5-v10\/\" \/>\n<meta property=\"og:site_name\" content=\"K\u00e1rai Exclusive\" \/>\n<meta property=\"article:publisher\" content=\"https:\/\/www.facebook.com\/karaiexclusiveracing.hu\" \/>\n<meta property=\"article:modified_time\" content=\"2025-11-04T14:37:50+00:00\" \/>\n<meta property=\"og:image\" content=\"https:\/\/karaiexclusiveracing.hu\/wp-content\/uploads\/2025\/03\/20251104_M5_1.jpg\" \/>\n\t<meta property=\"og:image:width\" content=\"1600\" \/>\n\t<meta property=\"og:image:height\" content=\"1200\" \/>\n\t<meta property=\"og:image:type\" content=\"image\/jpeg\" \/>\n<meta name=\"twitter:card\" content=\"summary_large_image\" \/>\n<meta name=\"twitter:label1\" content=\"Gesch\u00e4tzte Lesezeit\" \/>\n\t<meta name=\"twitter:data1\" content=\"2\u00a0Minuten\" \/>\n<script type=\"application\/ld+json\" class=\"yoast-schema-graph\">{\"@context\":\"https:\/\/schema.org\",\"@graph\":[{\"@type\":\"WebPage\",\"@id\":\"http:\/\/karaiexclusiveracing.hu\/en\/product\/bmw-e60-m5-v10\/\",\"url\":\"http:\/\/karaiexclusiveracing.hu\/en\/product\/bmw-e60-m5-v10\/\",\"name\":\"BMW E60 M5 V10 - K\u00e1rai Exclusive\",\"isPartOf\":{\"@id\":\"https:\/\/karaiexclusiveracing.hu\/#website\"},\"primaryImageOfPage\":{\"@id\":\"http:\/\/karaiexclusiveracing.hu\/en\/product\/bmw-e60-m5-v10\/#primaryimage\"},\"image\":{\"@id\":\"http:\/\/karaiexclusiveracing.hu\/en\/product\/bmw-e60-m5-v10\/#primaryimage\"},\"thumbnailUrl\":\"https:\/\/karaiexclusiveracing.hu\/wp-content\/uploads\/2025\/03\/20251104_M5_1.jpg\",\"datePublished\":\"2025-03-20T10:27:47+00:00\",\"dateModified\":\"2025-11-04T14:37:50+00:00\",\"description\":\"BMW E60 M5 V10 kit\u0171n\u0151 szervizel\u0151\u00e9lettel \u00e9s tiszta m\u00falttal. \u00c9rv\u00e9nyes k\u00fclf\u00f6ldi okm\u00e1nyokkal, gy\u00e1rias, megk\u00edm\u00e9lt \u00e1llapotban van.\",\"breadcrumb\":{\"@id\":\"http:\/\/karaiexclusiveracing.hu\/en\/product\/bmw-e60-m5-v10\/#breadcrumb\"},\"inLanguage\":\"de\",\"potentialAction\":[{\"@type\":\"ReadAction\",\"target\":[\"http:\/\/karaiexclusiveracing.hu\/en\/product\/bmw-e60-m5-v10\/\"]}]},{\"@type\":\"ImageObject\",\"inLanguage\":\"de\",\"@id\":\"http:\/\/karaiexclusiveracing.hu\/en\/product\/bmw-e60-m5-v10\/#primaryimage\",\"url\":\"https:\/\/karaiexclusiveracing.hu\/wp-content\/uploads\/2025\/03\/20251104_M5_1.jpg\",\"contentUrl\":\"https:\/\/karaiexclusiveracing.hu\/wp-content\/uploads\/2025\/03\/20251104_M5_1.jpg\",\"width\":1600,\"height\":1200},{\"@type\":\"BreadcrumbList\",\"@id\":\"http:\/\/karaiexclusiveracing.hu\/en\/product\/bmw-e60-m5-v10\/#breadcrumb\",\"itemListElement\":[{\"@type\":\"ListItem\",\"position\":1,\"name\":\"Kezd\u0151lap\",\"item\":\"https:\/\/karaiexclusiveracing.hu\/\"},{\"@type\":\"ListItem\",\"position\":2,\"name\":\"Elad\u00f3 aut\u00f3k\",\"item\":\"https:\/\/karaiexclusiveracing.hu\/elado-autok\/\"},{\"@type\":\"ListItem\",\"position\":3,\"name\":\"BMW E60 M5 V10\"}]},{\"@type\":\"WebSite\",\"@id\":\"https:\/\/karaiexclusiveracing.hu\/#website\",\"url\":\"https:\/\/karaiexclusiveracing.hu\/\",\"name\":\"K\u00e1rai Exclusive Racing\",\"description\":\"\",\"publisher\":{\"@id\":\"https:\/\/karaiexclusiveracing.hu\/#organization\"},\"potentialAction\":[{\"@type\":\"SearchAction\",\"target\":{\"@type\":\"EntryPoint\",\"urlTemplate\":\"https:\/\/karaiexclusiveracing.hu\/?s={search_term_string}\"},\"query-input\":{\"@type\":\"PropertyValueSpecification\",\"valueRequired\":true,\"valueName\":\"search_term_string\"}}],\"inLanguage\":\"de\"},{\"@type\":\"Organization\",\"@id\":\"https:\/\/karaiexclusiveracing.hu\/#organization\",\"name\":\"K\u00e1rai Exclusive Racing\",\"url\":\"https:\/\/karaiexclusiveracing.hu\/\",\"logo\":{\"@type\":\"ImageObject\",\"inLanguage\":\"de\",\"@id\":\"https:\/\/karaiexclusiveracing.hu\/#\/schema\/logo\/image\/\",\"url\":\"https:\/\/www.karaiexclusiveracing.hu\/wp-content\/uploads\/2023\/10\/karai_exclusive_logo-1-1.png\",\"contentUrl\":\"https:\/\/www.karaiexclusiveracing.hu\/wp-content\/uploads\/2023\/10\/karai_exclusive_logo-1-1.png\",\"width\":1575,\"height\":435,\"caption\":\"K\u00e1rai Exclusive Racing\"},\"image\":{\"@id\":\"https:\/\/karaiexclusiveracing.hu\/#\/schema\/logo\/image\/\"},\"sameAs\":[\"https:\/\/www.facebook.com\/karaiexclusiveracing.hu\",\"https:\/\/www.instagram.com\/karaiexclusiveracing\/\"]}]}<\/script>\n<!-- \/ Yoast SEO Premium plugin. -->","yoast_head_json":{"title":"BMW E60 M5 V10 - K\u00e1rai Exclusive","description":"BMW E60 M5 V10 kit\u0171n\u0151 szervizel\u0151\u00e9lettel \u00e9s tiszta m\u00falttal. \u00c9rv\u00e9nyes k\u00fclf\u00f6ldi okm\u00e1nyokkal, gy\u00e1rias, megk\u00edm\u00e9lt \u00e1llapotban van.","robots":{"index":"index","follow":"follow","max-snippet":"max-snippet:-1","max-image-preview":"max-image-preview:large","max-video-preview":"max-video-preview:-1"},"canonical":"http:\/\/karaiexclusiveracing.hu\/de\/produkt\/bmw-e60-m5-v10\/","og_locale":"de_DE","og_type":"article","og_title":"BMW E60 M5 V10","og_description":"BMW E60 M5 V10 kit\u0171n\u0151 szervizel\u0151\u00e9lettel \u00e9s tiszta m\u00falttal. \u00c9rv\u00e9nyes k\u00fclf\u00f6ldi okm\u00e1nyokkal, gy\u00e1rias, megk\u00edm\u00e9lt \u00e1llapotban van.","og_url":"http:\/\/karaiexclusiveracing.hu\/de\/produkt\/bmw-e60-m5-v10\/","og_site_name":"K\u00e1rai Exclusive","article_publisher":"https:\/\/www.facebook.com\/karaiexclusiveracing.hu","article_modified_time":"2025-11-04T14:37:50+00:00","og_image":[{"width":1600,"height":1200,"url":"https:\/\/karaiexclusiveracing.hu\/wp-content\/uploads\/2025\/03\/20251104_M5_1.jpg","type":"image\/jpeg"}],"twitter_card":"summary_large_image","twitter_misc":{"Gesch\u00e4tzte Lesezeit":"2\u00a0Minuten"},"schema":{"@context":"https:\/\/schema.org","@graph":[{"@type":"WebPage","@id":"http:\/\/karaiexclusiveracing.hu\/en\/product\/bmw-e60-m5-v10\/","url":"http:\/\/karaiexclusiveracing.hu\/en\/product\/bmw-e60-m5-v10\/","name":"BMW E60 M5 V10 - K\u00e1rai Exclusive","isPartOf":{"@id":"https:\/\/karaiexclusiveracing.hu\/#website"},"primaryImageOfPage":{"@id":"http:\/\/karaiexclusiveracing.hu\/en\/product\/bmw-e60-m5-v10\/#primaryimage"},"image":{"@id":"http:\/\/karaiexclusiveracing.hu\/en\/product\/bmw-e60-m5-v10\/#primaryimage"},"thumbnailUrl":"https:\/\/karaiexclusiveracing.hu\/wp-content\/uploads\/2025\/03\/20251104_M5_1.jpg","datePublished":"2025-03-20T10:27:47+00:00","dateModified":"2025-11-04T14:37:50+00:00","description":"BMW E60 M5 V10 kit\u0171n\u0151 szervizel\u0151\u00e9lettel \u00e9s tiszta m\u00falttal. \u00c9rv\u00e9nyes k\u00fclf\u00f6ldi okm\u00e1nyokkal, gy\u00e1rias, megk\u00edm\u00e9lt \u00e1llapotban van.","breadcrumb":{"@id":"http:\/\/karaiexclusiveracing.hu\/en\/product\/bmw-e60-m5-v10\/#breadcrumb"},"inLanguage":"de","potentialAction":[{"@type":"ReadAction","target":["http:\/\/karaiexclusiveracing.hu\/en\/product\/bmw-e60-m5-v10\/"]}]},{"@type":"ImageObject","inLanguage":"de","@id":"http:\/\/karaiexclusiveracing.hu\/en\/product\/bmw-e60-m5-v10\/#primaryimage","url":"https:\/\/karaiexclusiveracing.hu\/wp-content\/uploads\/2025\/03\/20251104_M5_1.jpg","contentUrl":"https:\/\/karaiexclusiveracing.hu\/wp-content\/uploads\/2025\/03\/20251104_M5_1.jpg","width":1600,"height":1200},{"@type":"BreadcrumbList","@id":"http:\/\/karaiexclusiveracing.hu\/en\/product\/bmw-e60-m5-v10\/#breadcrumb","itemListElement":[{"@type":"ListItem","position":1,"name":"Kezd\u0151lap","item":"https:\/\/karaiexclusiveracing.hu\/"},{"@type":"ListItem","position":2,"name":"Elad\u00f3 aut\u00f3k","item":"https:\/\/karaiexclusiveracing.hu\/elado-autok\/"},{"@type":"ListItem","position":3,"name":"BMW E60 M5 V10"}]},{"@type":"WebSite","@id":"https:\/\/karaiexclusiveracing.hu\/#website","url":"https:\/\/karaiexclusiveracing.hu\/","name":"K\u00e1rai Exclusive Racing","description":"","publisher":{"@id":"https:\/\/karaiexclusiveracing.hu\/#organization"},"potentialAction":[{"@type":"SearchAction","target":{"@type":"EntryPoint","urlTemplate":"https:\/\/karaiexclusiveracing.hu\/?s={search_term_string}"},"query-input":{"@type":"PropertyValueSpecification","valueRequired":true,"valueName":"search_term_string"}}],"inLanguage":"de"},{"@type":"Organization","@id":"https:\/\/karaiexclusiveracing.hu\/#organization","name":"K\u00e1rai Exclusive Racing","url":"https:\/\/karaiexclusiveracing.hu\/","logo":{"@type":"ImageObject","inLanguage":"de","@id":"https:\/\/karaiexclusiveracing.hu\/#\/schema\/logo\/image\/","url":"https:\/\/www.karaiexclusiveracing.hu\/wp-content\/uploads\/2023\/10\/karai_exclusive_logo-1-1.png","contentUrl":"https:\/\/www.karaiexclusiveracing.hu\/wp-content\/uploads\/2023\/10\/karai_exclusive_logo-1-1.png","width":1575,"height":435,"caption":"K\u00e1rai Exclusive Racing"},"image":{"@id":"https:\/\/karaiexclusiveracing.hu\/#\/schema\/logo\/image\/"},"sameAs":["https:\/\/www.facebook.com\/karaiexclusiveracing.hu","https:\/\/www.instagram.com\/karaiexclusiveracing\/"]}]}},"_links":{"self":[{"href":"http:\/\/karaiexclusiveracing.hu\/de\/wp-json\/wp\/v2\/product\/22644","targetHints":{"allow":["GET"]}}],"collection":[{"href":"http:\/\/karaiexclusiveracing.hu\/de\/wp-json\/wp\/v2\/product"}],"about":[{"href":"http:\/\/karaiexclusiveracing.hu\/de\/wp-json\/wp\/v2\/types\/product"}],"wp:featuredmedia":[{"embeddable":true,"href":"http:\/\/karaiexclusiveracing.hu\/de\/wp-json\/wp\/v2\/media\/23581"}],"wp:attachment":[{"href":"http:\/\/karaiexclusiveracing.hu\/de\/wp-json\/wp\/v2\/media?parent=22644"}],"wp:term":[{"taxonomy":"manufactures","embeddable":true,"href":"http:\/\/karaiexclusiveracing.hu\/de\/wp-json\/wp\/v2\/manufactures?post=22644"},{"taxonomy":"product_brand","embeddable":true,"href":"http:\/\/karaiexclusiveracing.hu\/de\/wp-json\/wp\/v2\/product_brand?post=22644"},{"taxonomy":"product_cat","embeddable":true,"href":"http:\/\/karaiexclusiveracing.hu\/de\/wp-json\/wp\/v2\/product_cat?post=22644"},{"taxonomy":"product_tag","embeddable":true,"href":"http:\/\/karaiexclusiveracing.hu\/de\/wp-json\/wp\/v2\/product_tag?post=22644"}],"curies":[{"name":"wp","href":"https:\/\/api.w.org\/{rel}","templated":true}]}}