{"id":22402,"date":"2025-02-12T23:35:22","date_gmt":"2025-02-12T22:35:22","guid":{"rendered":"https:\/\/www.karaiexclusiveracing.hu\/?post_type=product&#038;p=22402"},"modified":"2026-01-20T19:19:22","modified_gmt":"2026-01-20T18:19:22","slug":"bmw-750i-automata","status":"publish","type":"product","link":"http:\/\/karaiexclusiveracing.hu\/de\/termek\/bmw-750i-automata\/","title":{"rendered":"BMW 750i (Automata)"},"content":{"rendered":"<p data-start=\"124\" data-end=\"383\">Elad\u00f3 egy <strong data-start=\"134\" data-end=\"150\">BMW E32 750i<\/strong>, amely <strong data-start=\"158\" data-end=\"207\">kor\u00e1hoz k\u00e9pest kiemelked\u0151en j\u00f3 \u00e1llapotban van<\/strong>. Az aut\u00f3 <strong data-start=\"217\" data-end=\"244\">N\u00e9metorsz\u00e1gb\u00f3l \u00e9rkezett<\/strong>, \u00e9s <strong data-start=\"249\" data-end=\"289\">vezetett szervizk\u00f6nyvvel rendelkezik<\/strong>. A karossz\u00e9ria <strong data-start=\"305\" data-end=\"321\">rozsdamentes<\/strong>, a bels\u0151 t\u00e9r pedig <strong data-start=\"341\" data-end=\"380\">szinte \u00fajszer\u0171 \u00e1llapotban meg\u0151rz\u00f6tt<\/strong>.<\/p>\n<p data-start=\"385\" data-end=\"466\">Ha egy <strong data-start=\"392\" data-end=\"445\">ig\u00e9nyesen karbantartott, klasszikus BMW-t keresel<\/strong>, \u00e9rdemes megn\u00e9zni.<\/p>\n<p data-start=\"488\" data-end=\"599\"><strong>Belt\u00e9r:<\/strong><\/p>\n<ul>\n<li data-start=\"488\" data-end=\"599\">b\u0151r bels\u0151<\/li>\n<li data-start=\"488\" data-end=\"599\">f\u0171thet\u0151 els\u0151 \u00fcl\u00e9s<\/li>\n<li data-start=\"488\" data-end=\"599\">mem\u00f3ri\u00e1s vezet\u0151\u00fcl\u00e9s<\/li>\n<li data-start=\"488\" data-end=\"599\">\u00fcl\u00e9smagass\u00e1g \u00e1ll\u00edt\u00e1s<\/li>\n<li data-start=\"488\" data-end=\"599\">b\u0151rkorm\u00e1ny<\/li>\n<li data-start=\"488\" data-end=\"599\">\u00e1ll\u00edthat\u00f3 korm\u00e1ny<\/li>\n<li data-start=\"488\" data-end=\"599\">fed\u00e9lzeti komputer<\/li>\n<\/ul>\n<p data-start=\"488\" data-end=\"599\"><strong>K\u00fclt\u00e9r:<\/strong><\/p>\n<ul>\n<li data-start=\"488\" data-end=\"599\">elektromos ablak el\u00f6l<\/li>\n<li data-start=\"488\" data-end=\"599\">elektromos ablak h\u00e1tul<\/li>\n<li data-start=\"488\" data-end=\"599\">elektromos t\u00fck\u00f6r<\/li>\n<li data-start=\"488\" data-end=\"599\">f\u0171thet\u0151 t\u00fck\u00f6r<\/li>\n<li data-start=\"488\" data-end=\"599\">k\u00f6nny\u0171f\u00e9m felni<\/li>\n<li data-start=\"488\" data-end=\"599\">sz\u00ednezett \u00fcveg<\/li>\n<li data-start=\"488\" data-end=\"599\">tol\u00f3tet\u0151 &#8211; elektromos<\/li>\n<\/ul>\n<p data-start=\"488\" data-end=\"599\"><strong>M\u0171szaki:<\/strong><\/p>\n<ul>\n<li data-start=\"488\" data-end=\"599\">centr\u00e1lz\u00e1r<\/li>\n<li data-start=\"488\" data-end=\"599\">szervokorm\u00e1ny<\/li>\n<li data-start=\"488\" data-end=\"599\">sportfut\u00f3m\u0171<\/li>\n<\/ul>\n<p>&nbsp;<\/p>\n<p><strong>A g\u00e9pj\u00e1rm\u0171 el\u0151zetes egyeztet\u00e9st k\u00f6vet\u0151en megtekinthet\u0151 Nagytarcs\u00e1n a Fels\u0151 Ipari K\u00f6r\u00fat 2\/C c\u00edmen.<br \/>\nTov\u00e1bbi inform\u00e1ci\u00f3k\u00e9rt \u00e9rdekl\u0151dj telefonon!<\/strong><\/p>","protected":false},"excerpt":{"rendered":"<p>Elad\u00f3 egy BMW E32 750i, amely kor\u00e1hoz k\u00e9pest kiemelked\u0151en j\u00f3 \u00e1llapotban van. Az aut\u00f3 N\u00e9metorsz\u00e1gb\u00f3l \u00e9rkezett, \u00e9s vezetett szervizk\u00f6nyvvel rendelkezik. A karossz\u00e9ria rozsdamentes, a bels\u0151 t\u00e9r pedig szinte \u00fajszer\u0171 \u00e1llapotban meg\u0151rz\u00f6tt. Ha egy ig\u00e9nyesen karbantartott, klasszikus BMW-t keresel, \u00e9rdemes megn\u00e9zni. Belt\u00e9r: b\u0151r bels\u0151 f\u0171thet\u0151 els\u0151 \u00fcl\u00e9s mem\u00f3ri\u00e1s vezet\u0151\u00fcl\u00e9s \u00fcl\u00e9smagass\u00e1g \u00e1ll\u00edt\u00e1s b\u0151rkorm\u00e1ny \u00e1ll\u00edthat\u00f3 korm\u00e1ny fed\u00e9lzeti komputer [&hellip;]<\/p>\n","protected":false},"featured_media":22404,"template":"","meta":{"_acf_changed":false},"manufactures":[],"product_brand":[],"product_cat":[24],"product_tag":[],"class_list":{"0":"post-22402","1":"product","2":"type-product","3":"status-publish","4":"has-post-thumbnail","6":"product_cat-classic-car","8":"first","9":"instock","10":"taxable","11":"shipping-taxable","12":"purchasable","13":"product-type-simple"},"exclude_global_add_ons":[],"addons":[],"acf":[],"yoast_head":"<!-- This site is optimized with the Yoast SEO Premium plugin v27.1 (Yoast SEO v27.2) - https:\/\/yoast.com\/product\/yoast-seo-premium-wordpress\/ -->\n<title>BMW 750i (Automata) - K\u00e1rai Exclusive<\/title>\n<meta name=\"description\" content=\"Elad\u00f3 BMW E32 750i megk\u00edm\u00e9lt \u00e1llapotban, rozsdamentes karossz\u00e9ri\u00e1val \u00e9s vezetett szervizk\u00f6nyvvel. N\u00e9metorsz\u00e1gb\u00f3l sz\u00e1rmazik, beltere szinte \u00fajszer\u0171.\" \/>\n<meta name=\"robots\" content=\"index, follow, max-snippet:-1, max-image-preview:large, max-video-preview:-1\" \/>\n<link rel=\"canonical\" href=\"https:\/\/karaiexclusiveracing.hu\/de\/produkt\/bmw-750i-automata\/\" \/>\n<meta property=\"og:locale\" content=\"de_DE\" \/>\n<meta property=\"og:type\" content=\"article\" \/>\n<meta property=\"og:title\" content=\"BMW 750i (Automata)\" \/>\n<meta property=\"og:description\" content=\"Elad\u00f3 BMW E32 750i megk\u00edm\u00e9lt \u00e1llapotban, rozsdamentes karossz\u00e9ri\u00e1val \u00e9s vezetett szervizk\u00f6nyvvel. N\u00e9metorsz\u00e1gb\u00f3l sz\u00e1rmazik, beltere szinte \u00fajszer\u0171.\" \/>\n<meta property=\"og:url\" content=\"https:\/\/karaiexclusiveracing.hu\/de\/produkt\/bmw-750i-automata\/\" \/>\n<meta property=\"og:site_name\" content=\"K\u00e1rai Exclusive\" \/>\n<meta property=\"article:publisher\" content=\"https:\/\/www.facebook.com\/karaiexclusiveracing.hu\" \/>\n<meta property=\"article:modified_time\" content=\"2026-01-20T18:19:22+00:00\" \/>\n<meta property=\"og:image\" content=\"https:\/\/karaiexclusiveracing.hu\/wp-content\/uploads\/2025\/02\/viber_kep_2025-02-12_21-31-42-306.jpg\" \/>\n\t<meta property=\"og:image:width\" content=\"1600\" \/>\n\t<meta property=\"og:image:height\" content=\"1200\" \/>\n\t<meta property=\"og:image:type\" content=\"image\/jpeg\" \/>\n<meta name=\"twitter:card\" content=\"summary_large_image\" \/>\n<meta name=\"twitter:label1\" content=\"Gesch\u00e4tzte Lesezeit\" \/>\n\t<meta name=\"twitter:data1\" content=\"1\u00a0Minute\" \/>\n<script type=\"application\/ld+json\" class=\"yoast-schema-graph\">{\"@context\":\"https:\/\/schema.org\",\"@graph\":[{\"@type\":\"WebPage\",\"@id\":\"https:\/\/karaiexclusiveracing.hu\/termek\/bmw-750i-automata\/\",\"url\":\"https:\/\/karaiexclusiveracing.hu\/termek\/bmw-750i-automata\/\",\"name\":\"BMW 750i (Automata) - K\u00e1rai Exclusive\",\"isPartOf\":{\"@id\":\"https:\/\/karaiexclusiveracing.hu\/#website\"},\"primaryImageOfPage\":{\"@id\":\"https:\/\/karaiexclusiveracing.hu\/termek\/bmw-750i-automata\/#primaryimage\"},\"image\":{\"@id\":\"https:\/\/karaiexclusiveracing.hu\/termek\/bmw-750i-automata\/#primaryimage\"},\"thumbnailUrl\":\"https:\/\/karaiexclusiveracing.hu\/wp-content\/uploads\/2025\/02\/viber_kep_2025-02-12_21-31-42-306.jpg\",\"datePublished\":\"2025-02-12T22:35:22+00:00\",\"dateModified\":\"2026-01-20T18:19:22+00:00\",\"description\":\"Elad\u00f3 BMW E32 750i megk\u00edm\u00e9lt \u00e1llapotban, rozsdamentes karossz\u00e9ri\u00e1val \u00e9s vezetett szervizk\u00f6nyvvel. N\u00e9metorsz\u00e1gb\u00f3l sz\u00e1rmazik, beltere szinte \u00fajszer\u0171.\",\"breadcrumb\":{\"@id\":\"https:\/\/karaiexclusiveracing.hu\/termek\/bmw-750i-automata\/#breadcrumb\"},\"inLanguage\":\"de\",\"potentialAction\":[{\"@type\":\"ReadAction\",\"target\":[\"https:\/\/karaiexclusiveracing.hu\/termek\/bmw-750i-automata\/\"]}]},{\"@type\":\"ImageObject\",\"inLanguage\":\"de\",\"@id\":\"https:\/\/karaiexclusiveracing.hu\/termek\/bmw-750i-automata\/#primaryimage\",\"url\":\"https:\/\/karaiexclusiveracing.hu\/wp-content\/uploads\/2025\/02\/viber_kep_2025-02-12_21-31-42-306.jpg\",\"contentUrl\":\"https:\/\/karaiexclusiveracing.hu\/wp-content\/uploads\/2025\/02\/viber_kep_2025-02-12_21-31-42-306.jpg\",\"width\":1600,\"height\":1200},{\"@type\":\"BreadcrumbList\",\"@id\":\"https:\/\/karaiexclusiveracing.hu\/termek\/bmw-750i-automata\/#breadcrumb\",\"itemListElement\":[{\"@type\":\"ListItem\",\"position\":1,\"name\":\"Kezd\u0151lap\",\"item\":\"https:\/\/karaiexclusiveracing.hu\/\"},{\"@type\":\"ListItem\",\"position\":2,\"name\":\"Elad\u00f3 aut\u00f3k\",\"item\":\"https:\/\/karaiexclusiveracing.hu\/elado-autok\/\"},{\"@type\":\"ListItem\",\"position\":3,\"name\":\"BMW 750i (Automata)\"}]},{\"@type\":\"WebSite\",\"@id\":\"https:\/\/karaiexclusiveracing.hu\/#website\",\"url\":\"https:\/\/karaiexclusiveracing.hu\/\",\"name\":\"K\u00e1rai Exclusive Racing\",\"description\":\"\",\"publisher\":{\"@id\":\"https:\/\/karaiexclusiveracing.hu\/#organization\"},\"potentialAction\":[{\"@type\":\"SearchAction\",\"target\":{\"@type\":\"EntryPoint\",\"urlTemplate\":\"https:\/\/karaiexclusiveracing.hu\/?s={search_term_string}\"},\"query-input\":{\"@type\":\"PropertyValueSpecification\",\"valueRequired\":true,\"valueName\":\"search_term_string\"}}],\"inLanguage\":\"de\"},{\"@type\":\"Organization\",\"@id\":\"https:\/\/karaiexclusiveracing.hu\/#organization\",\"name\":\"K\u00e1rai Exclusive Racing\",\"url\":\"https:\/\/karaiexclusiveracing.hu\/\",\"logo\":{\"@type\":\"ImageObject\",\"inLanguage\":\"de\",\"@id\":\"https:\/\/karaiexclusiveracing.hu\/#\/schema\/logo\/image\/\",\"url\":\"https:\/\/www.karaiexclusiveracing.hu\/wp-content\/uploads\/2023\/10\/karai_exclusive_logo-1-1.png\",\"contentUrl\":\"https:\/\/www.karaiexclusiveracing.hu\/wp-content\/uploads\/2023\/10\/karai_exclusive_logo-1-1.png\",\"width\":1575,\"height\":435,\"caption\":\"K\u00e1rai Exclusive Racing\"},\"image\":{\"@id\":\"https:\/\/karaiexclusiveracing.hu\/#\/schema\/logo\/image\/\"},\"sameAs\":[\"https:\/\/www.facebook.com\/karaiexclusiveracing.hu\",\"https:\/\/www.instagram.com\/karaiexclusiveracing\/\"]}]}<\/script>\n<!-- \/ Yoast SEO Premium plugin. -->","yoast_head_json":{"title":"BMW 750i (Automata) - K\u00e1rai Exclusive","description":"Elad\u00f3 BMW E32 750i megk\u00edm\u00e9lt \u00e1llapotban, rozsdamentes karossz\u00e9ri\u00e1val \u00e9s vezetett szervizk\u00f6nyvvel. N\u00e9metorsz\u00e1gb\u00f3l sz\u00e1rmazik, beltere szinte \u00fajszer\u0171.","robots":{"index":"index","follow":"follow","max-snippet":"max-snippet:-1","max-image-preview":"max-image-preview:large","max-video-preview":"max-video-preview:-1"},"canonical":"https:\/\/karaiexclusiveracing.hu\/de\/produkt\/bmw-750i-automata\/","og_locale":"de_DE","og_type":"article","og_title":"BMW 750i (Automata)","og_description":"Elad\u00f3 BMW E32 750i megk\u00edm\u00e9lt \u00e1llapotban, rozsdamentes karossz\u00e9ri\u00e1val \u00e9s vezetett szervizk\u00f6nyvvel. N\u00e9metorsz\u00e1gb\u00f3l sz\u00e1rmazik, beltere szinte \u00fajszer\u0171.","og_url":"https:\/\/karaiexclusiveracing.hu\/de\/produkt\/bmw-750i-automata\/","og_site_name":"K\u00e1rai Exclusive","article_publisher":"https:\/\/www.facebook.com\/karaiexclusiveracing.hu","article_modified_time":"2026-01-20T18:19:22+00:00","og_image":[{"width":1600,"height":1200,"url":"https:\/\/karaiexclusiveracing.hu\/wp-content\/uploads\/2025\/02\/viber_kep_2025-02-12_21-31-42-306.jpg","type":"image\/jpeg"}],"twitter_card":"summary_large_image","twitter_misc":{"Gesch\u00e4tzte Lesezeit":"1\u00a0Minute"},"schema":{"@context":"https:\/\/schema.org","@graph":[{"@type":"WebPage","@id":"https:\/\/karaiexclusiveracing.hu\/termek\/bmw-750i-automata\/","url":"https:\/\/karaiexclusiveracing.hu\/termek\/bmw-750i-automata\/","name":"BMW 750i (Automata) - K\u00e1rai Exclusive","isPartOf":{"@id":"https:\/\/karaiexclusiveracing.hu\/#website"},"primaryImageOfPage":{"@id":"https:\/\/karaiexclusiveracing.hu\/termek\/bmw-750i-automata\/#primaryimage"},"image":{"@id":"https:\/\/karaiexclusiveracing.hu\/termek\/bmw-750i-automata\/#primaryimage"},"thumbnailUrl":"https:\/\/karaiexclusiveracing.hu\/wp-content\/uploads\/2025\/02\/viber_kep_2025-02-12_21-31-42-306.jpg","datePublished":"2025-02-12T22:35:22+00:00","dateModified":"2026-01-20T18:19:22+00:00","description":"Elad\u00f3 BMW E32 750i megk\u00edm\u00e9lt \u00e1llapotban, rozsdamentes karossz\u00e9ri\u00e1val \u00e9s vezetett szervizk\u00f6nyvvel. N\u00e9metorsz\u00e1gb\u00f3l sz\u00e1rmazik, beltere szinte \u00fajszer\u0171.","breadcrumb":{"@id":"https:\/\/karaiexclusiveracing.hu\/termek\/bmw-750i-automata\/#breadcrumb"},"inLanguage":"de","potentialAction":[{"@type":"ReadAction","target":["https:\/\/karaiexclusiveracing.hu\/termek\/bmw-750i-automata\/"]}]},{"@type":"ImageObject","inLanguage":"de","@id":"https:\/\/karaiexclusiveracing.hu\/termek\/bmw-750i-automata\/#primaryimage","url":"https:\/\/karaiexclusiveracing.hu\/wp-content\/uploads\/2025\/02\/viber_kep_2025-02-12_21-31-42-306.jpg","contentUrl":"https:\/\/karaiexclusiveracing.hu\/wp-content\/uploads\/2025\/02\/viber_kep_2025-02-12_21-31-42-306.jpg","width":1600,"height":1200},{"@type":"BreadcrumbList","@id":"https:\/\/karaiexclusiveracing.hu\/termek\/bmw-750i-automata\/#breadcrumb","itemListElement":[{"@type":"ListItem","position":1,"name":"Kezd\u0151lap","item":"https:\/\/karaiexclusiveracing.hu\/"},{"@type":"ListItem","position":2,"name":"Elad\u00f3 aut\u00f3k","item":"https:\/\/karaiexclusiveracing.hu\/elado-autok\/"},{"@type":"ListItem","position":3,"name":"BMW 750i (Automata)"}]},{"@type":"WebSite","@id":"https:\/\/karaiexclusiveracing.hu\/#website","url":"https:\/\/karaiexclusiveracing.hu\/","name":"K\u00e1rai Exclusive Racing","description":"","publisher":{"@id":"https:\/\/karaiexclusiveracing.hu\/#organization"},"potentialAction":[{"@type":"SearchAction","target":{"@type":"EntryPoint","urlTemplate":"https:\/\/karaiexclusiveracing.hu\/?s={search_term_string}"},"query-input":{"@type":"PropertyValueSpecification","valueRequired":true,"valueName":"search_term_string"}}],"inLanguage":"de"},{"@type":"Organization","@id":"https:\/\/karaiexclusiveracing.hu\/#organization","name":"K\u00e1rai Exclusive Racing","url":"https:\/\/karaiexclusiveracing.hu\/","logo":{"@type":"ImageObject","inLanguage":"de","@id":"https:\/\/karaiexclusiveracing.hu\/#\/schema\/logo\/image\/","url":"https:\/\/www.karaiexclusiveracing.hu\/wp-content\/uploads\/2023\/10\/karai_exclusive_logo-1-1.png","contentUrl":"https:\/\/www.karaiexclusiveracing.hu\/wp-content\/uploads\/2023\/10\/karai_exclusive_logo-1-1.png","width":1575,"height":435,"caption":"K\u00e1rai Exclusive Racing"},"image":{"@id":"https:\/\/karaiexclusiveracing.hu\/#\/schema\/logo\/image\/"},"sameAs":["https:\/\/www.facebook.com\/karaiexclusiveracing.hu","https:\/\/www.instagram.com\/karaiexclusiveracing\/"]}]}},"_links":{"self":[{"href":"http:\/\/karaiexclusiveracing.hu\/de\/wp-json\/wp\/v2\/product\/22402","targetHints":{"allow":["GET"]}}],"collection":[{"href":"http:\/\/karaiexclusiveracing.hu\/de\/wp-json\/wp\/v2\/product"}],"about":[{"href":"http:\/\/karaiexclusiveracing.hu\/de\/wp-json\/wp\/v2\/types\/product"}],"wp:featuredmedia":[{"embeddable":true,"href":"http:\/\/karaiexclusiveracing.hu\/de\/wp-json\/wp\/v2\/media\/22404"}],"wp:attachment":[{"href":"http:\/\/karaiexclusiveracing.hu\/de\/wp-json\/wp\/v2\/media?parent=22402"}],"wp:term":[{"taxonomy":"manufactures","embeddable":true,"href":"http:\/\/karaiexclusiveracing.hu\/de\/wp-json\/wp\/v2\/manufactures?post=22402"},{"taxonomy":"product_brand","embeddable":true,"href":"http:\/\/karaiexclusiveracing.hu\/de\/wp-json\/wp\/v2\/product_brand?post=22402"},{"taxonomy":"product_cat","embeddable":true,"href":"http:\/\/karaiexclusiveracing.hu\/de\/wp-json\/wp\/v2\/product_cat?post=22402"},{"taxonomy":"product_tag","embeddable":true,"href":"http:\/\/karaiexclusiveracing.hu\/de\/wp-json\/wp\/v2\/product_tag?post=22402"}],"curies":[{"name":"wp","href":"https:\/\/api.w.org\/{rel}","templated":true}]}}