{"id":22387,"date":"2025-02-04T12:58:50","date_gmt":"2025-02-04T11:58:50","guid":{"rendered":"https:\/\/www.karaiexclusiveracing.hu\/?post_type=product&#038;p=22387"},"modified":"2025-10-22T10:15:36","modified_gmt":"2025-10-22T08:15:36","slug":"bmw-m3-1989","status":"publish","type":"product","link":"http:\/\/karaiexclusiveracing.hu\/de\/termek\/bmw-m3-1989\/","title":{"rendered":"BMW M3 (1989)"},"content":{"rendered":"<p>Elad\u00e1sra k\u00edn\u00e1lunk egy <strong>BMW E30 M3-at<\/strong>, amely kiv\u00e1l\u00f3 alap lehet egy restaur\u00e1l\u00e1si projekthez vagy egyedi \u00e9p\u00edt\u00e9shez. Az aut\u00f3 <strong>10 \u00e9ve egyetlen tulajdonos birtok\u00e1ban van<\/strong>, \u00e9s egy <strong>2.5 literes S14 stroker motorral rendelkezik<\/strong>, amelyet <strong>Pete McHenry \u00e9p\u00edtett<\/strong>. B\u00e1r a motorr\u00f3l nem \u00e1ll rendelkez\u00e9sre dokument\u00e1ci\u00f3, az aut\u00f3ban sz\u00e1mos friss\u00edtett \u00e9s karbantartott alkatr\u00e9sz tal\u00e1lhat\u00f3. Utolso olaj csere 500 m\u00e9rf\u00f6lddel (800 km) ezel\u0151tt t\u00f6rt\u00e9nt.<\/p>\n<p>B\u00e1r a karossz\u00e9ria n\u00e9mi munk\u00e1t ig\u00e9nyel, az eur\u00f3pai E30 M3 modellekhez k\u00e9pest <strong>kiemelked\u0151en j\u00f3 \u00e1llapotban van<\/strong>. Az aut\u00f3 a <strong>gy\u00e1ri BBS felniken<\/strong> \u00e9rkezik Magyarorsz\u00e1gra, \u00e9s az \u00e1r tartalmazza a <strong>teljes sz\u00e1ll\u00edt\u00e1si \u00e9s v\u00e1mkezel\u00e9si k\u00f6lts\u00e9geket<\/strong>.<\/p>\n<p>Ez egy kiv\u00e9teles lehet\u0151s\u00e9g, ha egy <strong>legend\u00e1s BMW E30 M3-at<\/strong> szeretn\u00e9l a birtokodban tudni \u2013 <strong>ne hagyd ki Eur\u00f3pa egyik legkedvez\u0151bb \u00e1r\u00fa p\u00e9ld\u00e1ny\u00e1t!<\/strong><\/p>\n<p><strong>Belt\u00e9r:<\/strong><\/p>\n<ul>\n<li>b\u0151r bels\u0151<\/li>\n<li>\u00fcl\u00e9smagass\u00e1g \u00e1ll\u00edt\u00e1s<\/li>\n<li>\u00e1ll\u00edthat\u00f3 combt\u00e1masz<\/li>\n<li>b\u0151rkorm\u00e1ny<\/li>\n<li>fed\u00e9lzeti komputer<\/li>\n<li>sport\u00fcl\u00e9sek<\/li>\n<li>K\u00e9zif\u00e9k \u00e9s v\u00e1lt\u00f3kar burkolat \u00fajrah\u00fazva eredeti <strong>M-Rain anyagb\u00f3l<\/strong><\/li>\n<\/ul>\n<p>&nbsp;<\/p>\n<p><strong>K\u00fclt\u00e9r:<\/strong><\/p>\n<ul>\n<li>elektromos ablak el\u00f6l<\/li>\n<li>f\u0171thet\u0151 t\u00fck\u00f6r<\/li>\n<li>k\u00f6nny\u0171f\u00e9m felni<\/li>\n<li>sz\u00ednezett \u00fcveg<\/li>\n<li>Karossz\u00e9ria <strong>foglalkoz\u00e1st ig\u00e9nyel<\/strong> \u2013 sz\u00e9lv\u00e9d\u0151 koszor\u00fa \u00e9s tapos\u00f3lemez rozsd\u00e1s<\/li>\n<\/ul>\n<p>&nbsp;<\/p>\n<p><strong>M\u0171szaki:<\/strong><\/p>\n<ul>\n<li><strong>Fut\u00f3m\u0171:<\/strong> H&amp;R rug\u00f3k \u00e9s Koni leng\u00e9scsillap\u00edt\u00f3k a stabilabb \u00fattart\u00e1s \u00e9rdek\u00e9ben<\/li>\n<li><strong>Kipufog\u00f3rendszer:<\/strong> BORLA kipufog\u00f3 sportos hangz\u00e1ssal<\/li>\n<li><strong>\u00daj alkatr\u00e9szek:<\/strong> Gener\u00e1tor, kilom\u00e9ter\u00f3ra fogaskerekek, v\u00e1lt\u00f3 perselyek, k\u00e9zif\u00e9k bowden<\/li>\n<li><strong>F\u00e9kek:<\/strong> H\u00e1ts\u00f3 f\u00e9kk\u00e1belek \u00e9s f\u00e9kpof\u00e1k cser\u00e9lve<\/li>\n<li><strong>Motor \u00e1llapota:<\/strong> Vez\u00e9rm\u0171l\u00e1nc enyhe zajjal<\/li>\n<li>ABS (blokkol\u00e1sg\u00e1tl\u00f3)<\/li>\n<li>centr\u00e1lz\u00e1r<\/li>\n<li>szervokorm\u00e1ny<\/li>\n<li>\u00e1ll\u00edthat\u00f3 felf\u00fcggeszt\u00e9s<\/li>\n<li>sportfut\u00f3m\u0171<\/li>\n<li>sperr differenci\u00e1lm\u0171<\/li>\n<\/ul>\n<p>&nbsp;<\/p>\n<p>B\u0151vebb inform\u00e1ci\u00f3\u00e9rt \u00e9rdekl\u0151dj telefonon!<\/p>","protected":false},"excerpt":{"rendered":"<p>Elad\u00e1sra k\u00edn\u00e1lunk egy BMW E30 M3-at, amely kiv\u00e1l\u00f3 alap lehet egy restaur\u00e1l\u00e1si projekthez vagy egyedi \u00e9p\u00edt\u00e9shez. Az aut\u00f3 10 \u00e9ve egyetlen tulajdonos birtok\u00e1ban van, \u00e9s egy 2.5 literes S14 stroker motorral rendelkezik, amelyet Pete McHenry \u00e9p\u00edtett. B\u00e1r a motorr\u00f3l nem \u00e1ll rendelkez\u00e9sre dokument\u00e1ci\u00f3, az aut\u00f3ban sz\u00e1mos friss\u00edtett \u00e9s karbantartott alkatr\u00e9sz tal\u00e1lhat\u00f3. Utolso olaj csere 500 [&hellip;]<\/p>\n","protected":false},"featured_media":23498,"template":"","meta":{"_acf_changed":false},"manufactures":[],"product_brand":[],"product_cat":[24],"product_tag":[],"class_list":{"0":"post-22387","1":"product","2":"type-product","3":"status-publish","4":"has-post-thumbnail","6":"product_cat-classic-car","8":"first","9":"instock","10":"taxable","11":"shipping-taxable","12":"purchasable","13":"product-type-simple"},"exclude_global_add_ons":[],"addons":[],"acf":[],"yoast_head":"<!-- This site is optimized with the Yoast SEO Premium plugin v27.1 (Yoast SEO v27.2) - https:\/\/yoast.com\/product\/yoast-seo-premium-wordpress\/ -->\n<title>BMW M3 (1989) - K\u00e1rai Exclusive<\/title>\n<meta name=\"description\" content=\"BMW E30 M3, 2.5 S14 stroker motorral, BORLA kipufog\u00f3val, H&amp;R rug\u00f3kkal. Restaur\u00e1l\u00e1si alap, kedvez\u0151 \u00e1ron! Teljes sz\u00e1ll\u00edt\u00e1s \u00e9s v\u00e1mkezel\u00e9s benne van az \u00e1rban.\" \/>\n<meta name=\"robots\" content=\"index, follow, max-snippet:-1, max-image-preview:large, max-video-preview:-1\" \/>\n<link rel=\"canonical\" href=\"http:\/\/karaiexclusiveracing.hu\/de\/produkt\/bmw-m3-1989\/\" \/>\n<meta property=\"og:locale\" content=\"de_DE\" \/>\n<meta property=\"og:type\" content=\"article\" \/>\n<meta property=\"og:title\" content=\"BMW M3 (1989)\" \/>\n<meta property=\"og:description\" content=\"BMW E30 M3, 2.5 S14 stroker motorral, BORLA kipufog\u00f3val, H&amp;R rug\u00f3kkal. Restaur\u00e1l\u00e1si alap, kedvez\u0151 \u00e1ron! Teljes sz\u00e1ll\u00edt\u00e1s \u00e9s v\u00e1mkezel\u00e9s benne van az \u00e1rban.\" \/>\n<meta property=\"og:url\" content=\"http:\/\/karaiexclusiveracing.hu\/de\/produkt\/bmw-m3-1989\/\" \/>\n<meta property=\"og:site_name\" content=\"K\u00e1rai Exclusive\" \/>\n<meta property=\"article:publisher\" content=\"https:\/\/www.facebook.com\/karaiexclusiveracing.hu\" \/>\n<meta property=\"article:modified_time\" content=\"2025-10-22T08:15:36+00:00\" \/>\n<meta property=\"og:image\" content=\"https:\/\/karaiexclusiveracing.hu\/wp-content\/uploads\/2025\/02\/Cimsor-hozzaadasa-13.png\" \/>\n\t<meta property=\"og:image:width\" content=\"1055\" \/>\n\t<meta property=\"og:image:height\" content=\"683\" \/>\n\t<meta property=\"og:image:type\" content=\"image\/png\" \/>\n<meta name=\"twitter:card\" content=\"summary_large_image\" \/>\n<meta name=\"twitter:label1\" content=\"Gesch\u00e4tzte Lesezeit\" \/>\n\t<meta name=\"twitter:data1\" content=\"2\u00a0Minuten\" \/>\n<script type=\"application\/ld+json\" class=\"yoast-schema-graph\">{\"@context\":\"https:\/\/schema.org\",\"@graph\":[{\"@type\":\"WebPage\",\"@id\":\"http:\/\/karaiexclusiveracing.hu\/en\/product\/bmw-m3-1989\/\",\"url\":\"http:\/\/karaiexclusiveracing.hu\/en\/product\/bmw-m3-1989\/\",\"name\":\"BMW M3 (1989) - K\u00e1rai Exclusive\",\"isPartOf\":{\"@id\":\"https:\/\/karaiexclusiveracing.hu\/#website\"},\"primaryImageOfPage\":{\"@id\":\"http:\/\/karaiexclusiveracing.hu\/en\/product\/bmw-m3-1989\/#primaryimage\"},\"image\":{\"@id\":\"http:\/\/karaiexclusiveracing.hu\/en\/product\/bmw-m3-1989\/#primaryimage\"},\"thumbnailUrl\":\"https:\/\/karaiexclusiveracing.hu\/wp-content\/uploads\/2025\/02\/Cimsor-hozzaadasa-13.png\",\"datePublished\":\"2025-02-04T11:58:50+00:00\",\"dateModified\":\"2025-10-22T08:15:36+00:00\",\"description\":\"BMW E30 M3, 2.5 S14 stroker motorral, BORLA kipufog\u00f3val, H&R rug\u00f3kkal. Restaur\u00e1l\u00e1si alap, kedvez\u0151 \u00e1ron! Teljes sz\u00e1ll\u00edt\u00e1s \u00e9s v\u00e1mkezel\u00e9s benne van az \u00e1rban.\",\"breadcrumb\":{\"@id\":\"http:\/\/karaiexclusiveracing.hu\/en\/product\/bmw-m3-1989\/#breadcrumb\"},\"inLanguage\":\"de\",\"potentialAction\":[{\"@type\":\"ReadAction\",\"target\":[\"http:\/\/karaiexclusiveracing.hu\/en\/product\/bmw-m3-1989\/\"]}]},{\"@type\":\"ImageObject\",\"inLanguage\":\"de\",\"@id\":\"http:\/\/karaiexclusiveracing.hu\/en\/product\/bmw-m3-1989\/#primaryimage\",\"url\":\"https:\/\/karaiexclusiveracing.hu\/wp-content\/uploads\/2025\/02\/Cimsor-hozzaadasa-13.png\",\"contentUrl\":\"https:\/\/karaiexclusiveracing.hu\/wp-content\/uploads\/2025\/02\/Cimsor-hozzaadasa-13.png\",\"width\":1055,\"height\":683},{\"@type\":\"BreadcrumbList\",\"@id\":\"http:\/\/karaiexclusiveracing.hu\/en\/product\/bmw-m3-1989\/#breadcrumb\",\"itemListElement\":[{\"@type\":\"ListItem\",\"position\":1,\"name\":\"Kezd\u0151lap\",\"item\":\"https:\/\/karaiexclusiveracing.hu\/\"},{\"@type\":\"ListItem\",\"position\":2,\"name\":\"Elad\u00f3 aut\u00f3k\",\"item\":\"https:\/\/karaiexclusiveracing.hu\/elado-autok\/\"},{\"@type\":\"ListItem\",\"position\":3,\"name\":\"BMW M3 (1989)\"}]},{\"@type\":\"WebSite\",\"@id\":\"https:\/\/karaiexclusiveracing.hu\/#website\",\"url\":\"https:\/\/karaiexclusiveracing.hu\/\",\"name\":\"K\u00e1rai Exclusive Racing\",\"description\":\"\",\"publisher\":{\"@id\":\"https:\/\/karaiexclusiveracing.hu\/#organization\"},\"potentialAction\":[{\"@type\":\"SearchAction\",\"target\":{\"@type\":\"EntryPoint\",\"urlTemplate\":\"https:\/\/karaiexclusiveracing.hu\/?s={search_term_string}\"},\"query-input\":{\"@type\":\"PropertyValueSpecification\",\"valueRequired\":true,\"valueName\":\"search_term_string\"}}],\"inLanguage\":\"de\"},{\"@type\":\"Organization\",\"@id\":\"https:\/\/karaiexclusiveracing.hu\/#organization\",\"name\":\"K\u00e1rai Exclusive Racing\",\"url\":\"https:\/\/karaiexclusiveracing.hu\/\",\"logo\":{\"@type\":\"ImageObject\",\"inLanguage\":\"de\",\"@id\":\"https:\/\/karaiexclusiveracing.hu\/#\/schema\/logo\/image\/\",\"url\":\"https:\/\/www.karaiexclusiveracing.hu\/wp-content\/uploads\/2023\/10\/karai_exclusive_logo-1-1.png\",\"contentUrl\":\"https:\/\/www.karaiexclusiveracing.hu\/wp-content\/uploads\/2023\/10\/karai_exclusive_logo-1-1.png\",\"width\":1575,\"height\":435,\"caption\":\"K\u00e1rai Exclusive Racing\"},\"image\":{\"@id\":\"https:\/\/karaiexclusiveracing.hu\/#\/schema\/logo\/image\/\"},\"sameAs\":[\"https:\/\/www.facebook.com\/karaiexclusiveracing.hu\",\"https:\/\/www.instagram.com\/karaiexclusiveracing\/\"]}]}<\/script>\n<!-- \/ Yoast SEO Premium plugin. -->","yoast_head_json":{"title":"BMW M3 (1989) - K\u00e1rai Exclusive","description":"BMW E30 M3, 2.5 S14 stroker motorral, BORLA kipufog\u00f3val, H&R rug\u00f3kkal. Restaur\u00e1l\u00e1si alap, kedvez\u0151 \u00e1ron! Teljes sz\u00e1ll\u00edt\u00e1s \u00e9s v\u00e1mkezel\u00e9s benne van az \u00e1rban.","robots":{"index":"index","follow":"follow","max-snippet":"max-snippet:-1","max-image-preview":"max-image-preview:large","max-video-preview":"max-video-preview:-1"},"canonical":"http:\/\/karaiexclusiveracing.hu\/de\/produkt\/bmw-m3-1989\/","og_locale":"de_DE","og_type":"article","og_title":"BMW M3 (1989)","og_description":"BMW E30 M3, 2.5 S14 stroker motorral, BORLA kipufog\u00f3val, H&R rug\u00f3kkal. Restaur\u00e1l\u00e1si alap, kedvez\u0151 \u00e1ron! Teljes sz\u00e1ll\u00edt\u00e1s \u00e9s v\u00e1mkezel\u00e9s benne van az \u00e1rban.","og_url":"http:\/\/karaiexclusiveracing.hu\/de\/produkt\/bmw-m3-1989\/","og_site_name":"K\u00e1rai Exclusive","article_publisher":"https:\/\/www.facebook.com\/karaiexclusiveracing.hu","article_modified_time":"2025-10-22T08:15:36+00:00","og_image":[{"width":1055,"height":683,"url":"https:\/\/karaiexclusiveracing.hu\/wp-content\/uploads\/2025\/02\/Cimsor-hozzaadasa-13.png","type":"image\/png"}],"twitter_card":"summary_large_image","twitter_misc":{"Gesch\u00e4tzte Lesezeit":"2\u00a0Minuten"},"schema":{"@context":"https:\/\/schema.org","@graph":[{"@type":"WebPage","@id":"http:\/\/karaiexclusiveracing.hu\/en\/product\/bmw-m3-1989\/","url":"http:\/\/karaiexclusiveracing.hu\/en\/product\/bmw-m3-1989\/","name":"BMW M3 (1989) - K\u00e1rai Exclusive","isPartOf":{"@id":"https:\/\/karaiexclusiveracing.hu\/#website"},"primaryImageOfPage":{"@id":"http:\/\/karaiexclusiveracing.hu\/en\/product\/bmw-m3-1989\/#primaryimage"},"image":{"@id":"http:\/\/karaiexclusiveracing.hu\/en\/product\/bmw-m3-1989\/#primaryimage"},"thumbnailUrl":"https:\/\/karaiexclusiveracing.hu\/wp-content\/uploads\/2025\/02\/Cimsor-hozzaadasa-13.png","datePublished":"2025-02-04T11:58:50+00:00","dateModified":"2025-10-22T08:15:36+00:00","description":"BMW E30 M3, 2.5 S14 stroker motorral, BORLA kipufog\u00f3val, H&R rug\u00f3kkal. Restaur\u00e1l\u00e1si alap, kedvez\u0151 \u00e1ron! Teljes sz\u00e1ll\u00edt\u00e1s \u00e9s v\u00e1mkezel\u00e9s benne van az \u00e1rban.","breadcrumb":{"@id":"http:\/\/karaiexclusiveracing.hu\/en\/product\/bmw-m3-1989\/#breadcrumb"},"inLanguage":"de","potentialAction":[{"@type":"ReadAction","target":["http:\/\/karaiexclusiveracing.hu\/en\/product\/bmw-m3-1989\/"]}]},{"@type":"ImageObject","inLanguage":"de","@id":"http:\/\/karaiexclusiveracing.hu\/en\/product\/bmw-m3-1989\/#primaryimage","url":"https:\/\/karaiexclusiveracing.hu\/wp-content\/uploads\/2025\/02\/Cimsor-hozzaadasa-13.png","contentUrl":"https:\/\/karaiexclusiveracing.hu\/wp-content\/uploads\/2025\/02\/Cimsor-hozzaadasa-13.png","width":1055,"height":683},{"@type":"BreadcrumbList","@id":"http:\/\/karaiexclusiveracing.hu\/en\/product\/bmw-m3-1989\/#breadcrumb","itemListElement":[{"@type":"ListItem","position":1,"name":"Kezd\u0151lap","item":"https:\/\/karaiexclusiveracing.hu\/"},{"@type":"ListItem","position":2,"name":"Elad\u00f3 aut\u00f3k","item":"https:\/\/karaiexclusiveracing.hu\/elado-autok\/"},{"@type":"ListItem","position":3,"name":"BMW M3 (1989)"}]},{"@type":"WebSite","@id":"https:\/\/karaiexclusiveracing.hu\/#website","url":"https:\/\/karaiexclusiveracing.hu\/","name":"K\u00e1rai Exclusive Racing","description":"","publisher":{"@id":"https:\/\/karaiexclusiveracing.hu\/#organization"},"potentialAction":[{"@type":"SearchAction","target":{"@type":"EntryPoint","urlTemplate":"https:\/\/karaiexclusiveracing.hu\/?s={search_term_string}"},"query-input":{"@type":"PropertyValueSpecification","valueRequired":true,"valueName":"search_term_string"}}],"inLanguage":"de"},{"@type":"Organization","@id":"https:\/\/karaiexclusiveracing.hu\/#organization","name":"K\u00e1rai Exclusive Racing","url":"https:\/\/karaiexclusiveracing.hu\/","logo":{"@type":"ImageObject","inLanguage":"de","@id":"https:\/\/karaiexclusiveracing.hu\/#\/schema\/logo\/image\/","url":"https:\/\/www.karaiexclusiveracing.hu\/wp-content\/uploads\/2023\/10\/karai_exclusive_logo-1-1.png","contentUrl":"https:\/\/www.karaiexclusiveracing.hu\/wp-content\/uploads\/2023\/10\/karai_exclusive_logo-1-1.png","width":1575,"height":435,"caption":"K\u00e1rai Exclusive Racing"},"image":{"@id":"https:\/\/karaiexclusiveracing.hu\/#\/schema\/logo\/image\/"},"sameAs":["https:\/\/www.facebook.com\/karaiexclusiveracing.hu","https:\/\/www.instagram.com\/karaiexclusiveracing\/"]}]}},"_links":{"self":[{"href":"http:\/\/karaiexclusiveracing.hu\/de\/wp-json\/wp\/v2\/product\/22387","targetHints":{"allow":["GET"]}}],"collection":[{"href":"http:\/\/karaiexclusiveracing.hu\/de\/wp-json\/wp\/v2\/product"}],"about":[{"href":"http:\/\/karaiexclusiveracing.hu\/de\/wp-json\/wp\/v2\/types\/product"}],"wp:featuredmedia":[{"embeddable":true,"href":"http:\/\/karaiexclusiveracing.hu\/de\/wp-json\/wp\/v2\/media\/23498"}],"wp:attachment":[{"href":"http:\/\/karaiexclusiveracing.hu\/de\/wp-json\/wp\/v2\/media?parent=22387"}],"wp:term":[{"taxonomy":"manufactures","embeddable":true,"href":"http:\/\/karaiexclusiveracing.hu\/de\/wp-json\/wp\/v2\/manufactures?post=22387"},{"taxonomy":"product_brand","embeddable":true,"href":"http:\/\/karaiexclusiveracing.hu\/de\/wp-json\/wp\/v2\/product_brand?post=22387"},{"taxonomy":"product_cat","embeddable":true,"href":"http:\/\/karaiexclusiveracing.hu\/de\/wp-json\/wp\/v2\/product_cat?post=22387"},{"taxonomy":"product_tag","embeddable":true,"href":"http:\/\/karaiexclusiveracing.hu\/de\/wp-json\/wp\/v2\/product_tag?post=22387"}],"curies":[{"name":"wp","href":"https:\/\/api.w.org\/{rel}","templated":true}]}}