{"id":22333,"date":"2025-01-24T14:16:02","date_gmt":"2025-01-24T13:16:02","guid":{"rendered":"https:\/\/www.karaiexclusiveracing.hu\/?post_type=product&#038;p=22333"},"modified":"2025-09-15T15:49:23","modified_gmt":"2025-09-15T13:49:23","slug":"bmw-316i-1990","status":"publish","type":"product","link":"http:\/\/karaiexclusiveracing.hu\/de\/termek\/bmw-316i-1990\/","title":{"rendered":"BMW 316i (1990)"},"content":{"rendered":"<p>Elad\u00e1sra k\u00edn\u00e1lunk egy <strong>BMW E30 316i sedant<\/strong>, amely remek amely remek <strong>\u00e1lomaut\u00f3 alap<\/strong>. Az aut\u00f3 motorja <strong>m\u0171k\u00f6d\u0151k\u00e9pes<\/strong>, azonban a karossz\u00e9ria <strong>foglalkoz\u00e1st ig\u00e9nyel<\/strong>, ahogy azt a fot\u00f3kon is l\u00e1thatod.<\/p>\n<p>Fontos, hogy az aut\u00f3 <strong>Magyarorsz\u00e1gon \u00fajonnan \u00fczembe helyezett<\/strong>, \u00edgy hazai eredet\u0171 dokument\u00e1ci\u00f3val rendelkezik, de jelenleg <strong>lej\u00e1rt magyar okm\u00e1nyokkal<\/strong> elad\u00f3. Az E30-as sz\u00e9ria klasszikus st\u00edlus\u00e1val \u00e9s id\u0151t\u00e1ll\u00f3 diz\u00e1jnj\u00e1val ez a j\u00e1rm\u0171 ide\u00e1lis v\u00e1laszt\u00e1s lehet gy\u0171jt\u0151k vagy aut\u00f3rajong\u00f3k sz\u00e1m\u00e1ra, akik saj\u00e1t elk\u00e9pzel\u00e9seik szerint szeretn\u00e9k \u00fajj\u00e1\u00e9p\u00edteni. Ig\u00e9ny szerint ebben is tudunk seg\u00edteni.<\/p>\n<p><strong>Tov\u00e1bbi inform\u00e1ci\u00f3\u00e9rt \u00e9rdekl\u0151dj telefonon!<\/strong><\/p>","protected":false},"excerpt":{"rendered":"<p>Elad\u00e1sra k\u00edn\u00e1lunk egy BMW E30 316i sedant, amely remek amely remek \u00e1lomaut\u00f3 alap. Az aut\u00f3 motorja m\u0171k\u00f6d\u0151k\u00e9pes, azonban a karossz\u00e9ria foglalkoz\u00e1st ig\u00e9nyel, ahogy azt a fot\u00f3kon is l\u00e1thatod. Fontos, hogy az aut\u00f3 Magyarorsz\u00e1gon \u00fajonnan \u00fczembe helyezett, \u00edgy hazai eredet\u0171 dokument\u00e1ci\u00f3val rendelkezik, de jelenleg lej\u00e1rt magyar okm\u00e1nyokkal elad\u00f3. Az E30-as sz\u00e9ria klasszikus st\u00edlus\u00e1val \u00e9s id\u0151t\u00e1ll\u00f3 diz\u00e1jnj\u00e1val [&hellip;]<\/p>\n","protected":false},"featured_media":23391,"template":"","meta":{"_acf_changed":false},"manufactures":[],"product_brand":[],"product_cat":[24],"product_tag":[],"class_list":{"0":"post-22333","1":"product","2":"type-product","3":"status-publish","4":"has-post-thumbnail","6":"product_cat-classic-car","8":"first","9":"instock","10":"taxable","11":"shipping-taxable","12":"purchasable","13":"product-type-simple"},"exclude_global_add_ons":[],"addons":[],"acf":[],"yoast_head":"<!-- This site is optimized with the Yoast SEO Premium plugin v27.1 (Yoast SEO v27.2) - https:\/\/yoast.com\/product\/yoast-seo-premium-wordpress\/ -->\n<title>BMW 316i (1990) - K\u00e1rai Exclusive<\/title>\n<meta name=\"description\" content=\"BMW 316i (1990) m\u0171k\u00f6d\u0151 motorral \u00e9s foglalkoz\u00e1st ig\u00e9nyl\u0151 karossz\u00e9ri\u00e1val. Magyarorsz\u00e1gon \u00fajonnan \u00fczembe helyezett, t\u00f6k\u00e9letes \u00e1lomaut\u00f3 alap!\" \/>\n<meta name=\"robots\" content=\"index, follow, max-snippet:-1, max-image-preview:large, max-video-preview:-1\" \/>\n<link rel=\"canonical\" href=\"https:\/\/karaiexclusiveracing.hu\/de\/produkt\/bmw-316i-1990\/\" \/>\n<meta property=\"og:locale\" content=\"de_DE\" \/>\n<meta property=\"og:type\" content=\"article\" \/>\n<meta property=\"og:title\" content=\"BMW 316i (1990)\" \/>\n<meta property=\"og:description\" content=\"BMW 316i (1990) m\u0171k\u00f6d\u0151 motorral \u00e9s foglalkoz\u00e1st ig\u00e9nyl\u0151 karossz\u00e9ri\u00e1val. Magyarorsz\u00e1gon \u00fajonnan \u00fczembe helyezett, t\u00f6k\u00e9letes \u00e1lomaut\u00f3 alap!\" \/>\n<meta property=\"og:url\" content=\"https:\/\/karaiexclusiveracing.hu\/de\/produkt\/bmw-316i-1990\/\" \/>\n<meta property=\"og:site_name\" content=\"K\u00e1rai Exclusive\" \/>\n<meta property=\"article:publisher\" content=\"https:\/\/www.facebook.com\/karaiexclusiveracing.hu\" \/>\n<meta property=\"article:modified_time\" content=\"2025-09-15T13:49:23+00:00\" \/>\n<meta property=\"og:image\" content=\"https:\/\/karaiexclusiveracing.hu\/wp-content\/uploads\/2025\/01\/Cimsor-hozzaadasa-7.png\" \/>\n\t<meta property=\"og:image:width\" content=\"965\" \/>\n\t<meta property=\"og:image:height\" content=\"721\" \/>\n\t<meta property=\"og:image:type\" content=\"image\/png\" \/>\n<meta name=\"twitter:card\" content=\"summary_large_image\" \/>\n<meta name=\"twitter:label1\" content=\"Gesch\u00e4tzte Lesezeit\" \/>\n\t<meta name=\"twitter:data1\" content=\"1\u00a0Minute\" \/>\n<script type=\"application\/ld+json\" class=\"yoast-schema-graph\">{\"@context\":\"https:\/\/schema.org\",\"@graph\":[{\"@type\":\"WebPage\",\"@id\":\"https:\/\/karaiexclusiveracing.hu\/de\/produkt\/bmw-316i-1990\/\",\"url\":\"https:\/\/karaiexclusiveracing.hu\/de\/produkt\/bmw-316i-1990\/\",\"name\":\"BMW 316i (1990) - K\u00e1rai Exclusive\",\"isPartOf\":{\"@id\":\"https:\/\/karaiexclusiveracing.hu\/#website\"},\"primaryImageOfPage\":{\"@id\":\"https:\/\/karaiexclusiveracing.hu\/de\/produkt\/bmw-316i-1990\/#primaryimage\"},\"image\":{\"@id\":\"https:\/\/karaiexclusiveracing.hu\/de\/produkt\/bmw-316i-1990\/#primaryimage\"},\"thumbnailUrl\":\"https:\/\/karaiexclusiveracing.hu\/wp-content\/uploads\/2025\/01\/Cimsor-hozzaadasa-7.png\",\"datePublished\":\"2025-01-24T13:16:02+00:00\",\"dateModified\":\"2025-09-15T13:49:23+00:00\",\"description\":\"BMW 316i (1990) m\u0171k\u00f6d\u0151 motorral \u00e9s foglalkoz\u00e1st ig\u00e9nyl\u0151 karossz\u00e9ri\u00e1val. Magyarorsz\u00e1gon \u00fajonnan \u00fczembe helyezett, t\u00f6k\u00e9letes \u00e1lomaut\u00f3 alap!\",\"breadcrumb\":{\"@id\":\"https:\/\/karaiexclusiveracing.hu\/de\/produkt\/bmw-316i-1990\/#breadcrumb\"},\"inLanguage\":\"de\",\"potentialAction\":[{\"@type\":\"ReadAction\",\"target\":[\"https:\/\/karaiexclusiveracing.hu\/de\/produkt\/bmw-316i-1990\/\"]}]},{\"@type\":\"ImageObject\",\"inLanguage\":\"de\",\"@id\":\"https:\/\/karaiexclusiveracing.hu\/de\/produkt\/bmw-316i-1990\/#primaryimage\",\"url\":\"https:\/\/karaiexclusiveracing.hu\/wp-content\/uploads\/2025\/01\/Cimsor-hozzaadasa-7.png\",\"contentUrl\":\"https:\/\/karaiexclusiveracing.hu\/wp-content\/uploads\/2025\/01\/Cimsor-hozzaadasa-7.png\",\"width\":965,\"height\":721},{\"@type\":\"BreadcrumbList\",\"@id\":\"https:\/\/karaiexclusiveracing.hu\/de\/produkt\/bmw-316i-1990\/#breadcrumb\",\"itemListElement\":[{\"@type\":\"ListItem\",\"position\":1,\"name\":\"Kezd\u0151lap\",\"item\":\"https:\/\/karaiexclusiveracing.hu\/\"},{\"@type\":\"ListItem\",\"position\":2,\"name\":\"Elad\u00f3 aut\u00f3k\",\"item\":\"https:\/\/karaiexclusiveracing.hu\/elado-autok\/\"},{\"@type\":\"ListItem\",\"position\":3,\"name\":\"BMW 316i (1990)\"}]},{\"@type\":\"WebSite\",\"@id\":\"https:\/\/karaiexclusiveracing.hu\/#website\",\"url\":\"https:\/\/karaiexclusiveracing.hu\/\",\"name\":\"K\u00e1rai Exclusive Racing\",\"description\":\"\",\"publisher\":{\"@id\":\"https:\/\/karaiexclusiveracing.hu\/#organization\"},\"potentialAction\":[{\"@type\":\"SearchAction\",\"target\":{\"@type\":\"EntryPoint\",\"urlTemplate\":\"https:\/\/karaiexclusiveracing.hu\/?s={search_term_string}\"},\"query-input\":{\"@type\":\"PropertyValueSpecification\",\"valueRequired\":true,\"valueName\":\"search_term_string\"}}],\"inLanguage\":\"de\"},{\"@type\":\"Organization\",\"@id\":\"https:\/\/karaiexclusiveracing.hu\/#organization\",\"name\":\"K\u00e1rai Exclusive Racing\",\"url\":\"https:\/\/karaiexclusiveracing.hu\/\",\"logo\":{\"@type\":\"ImageObject\",\"inLanguage\":\"de\",\"@id\":\"https:\/\/karaiexclusiveracing.hu\/#\/schema\/logo\/image\/\",\"url\":\"https:\/\/www.karaiexclusiveracing.hu\/wp-content\/uploads\/2023\/10\/karai_exclusive_logo-1-1.png\",\"contentUrl\":\"https:\/\/www.karaiexclusiveracing.hu\/wp-content\/uploads\/2023\/10\/karai_exclusive_logo-1-1.png\",\"width\":1575,\"height\":435,\"caption\":\"K\u00e1rai Exclusive Racing\"},\"image\":{\"@id\":\"https:\/\/karaiexclusiveracing.hu\/#\/schema\/logo\/image\/\"},\"sameAs\":[\"https:\/\/www.facebook.com\/karaiexclusiveracing.hu\",\"https:\/\/www.instagram.com\/karaiexclusiveracing\/\"]}]}<\/script>\n<!-- \/ Yoast SEO Premium plugin. -->","yoast_head_json":{"title":"BMW 316i (1990) - K\u00e1rai Exclusive","description":"BMW 316i (1990) m\u0171k\u00f6d\u0151 motorral \u00e9s foglalkoz\u00e1st ig\u00e9nyl\u0151 karossz\u00e9ri\u00e1val. Magyarorsz\u00e1gon \u00fajonnan \u00fczembe helyezett, t\u00f6k\u00e9letes \u00e1lomaut\u00f3 alap!","robots":{"index":"index","follow":"follow","max-snippet":"max-snippet:-1","max-image-preview":"max-image-preview:large","max-video-preview":"max-video-preview:-1"},"canonical":"https:\/\/karaiexclusiveracing.hu\/de\/produkt\/bmw-316i-1990\/","og_locale":"de_DE","og_type":"article","og_title":"BMW 316i (1990)","og_description":"BMW 316i (1990) m\u0171k\u00f6d\u0151 motorral \u00e9s foglalkoz\u00e1st ig\u00e9nyl\u0151 karossz\u00e9ri\u00e1val. Magyarorsz\u00e1gon \u00fajonnan \u00fczembe helyezett, t\u00f6k\u00e9letes \u00e1lomaut\u00f3 alap!","og_url":"https:\/\/karaiexclusiveracing.hu\/de\/produkt\/bmw-316i-1990\/","og_site_name":"K\u00e1rai Exclusive","article_publisher":"https:\/\/www.facebook.com\/karaiexclusiveracing.hu","article_modified_time":"2025-09-15T13:49:23+00:00","og_image":[{"width":965,"height":721,"url":"https:\/\/karaiexclusiveracing.hu\/wp-content\/uploads\/2025\/01\/Cimsor-hozzaadasa-7.png","type":"image\/png"}],"twitter_card":"summary_large_image","twitter_misc":{"Gesch\u00e4tzte Lesezeit":"1\u00a0Minute"},"schema":{"@context":"https:\/\/schema.org","@graph":[{"@type":"WebPage","@id":"https:\/\/karaiexclusiveracing.hu\/de\/produkt\/bmw-316i-1990\/","url":"https:\/\/karaiexclusiveracing.hu\/de\/produkt\/bmw-316i-1990\/","name":"BMW 316i (1990) - K\u00e1rai Exclusive","isPartOf":{"@id":"https:\/\/karaiexclusiveracing.hu\/#website"},"primaryImageOfPage":{"@id":"https:\/\/karaiexclusiveracing.hu\/de\/produkt\/bmw-316i-1990\/#primaryimage"},"image":{"@id":"https:\/\/karaiexclusiveracing.hu\/de\/produkt\/bmw-316i-1990\/#primaryimage"},"thumbnailUrl":"https:\/\/karaiexclusiveracing.hu\/wp-content\/uploads\/2025\/01\/Cimsor-hozzaadasa-7.png","datePublished":"2025-01-24T13:16:02+00:00","dateModified":"2025-09-15T13:49:23+00:00","description":"BMW 316i (1990) m\u0171k\u00f6d\u0151 motorral \u00e9s foglalkoz\u00e1st ig\u00e9nyl\u0151 karossz\u00e9ri\u00e1val. Magyarorsz\u00e1gon \u00fajonnan \u00fczembe helyezett, t\u00f6k\u00e9letes \u00e1lomaut\u00f3 alap!","breadcrumb":{"@id":"https:\/\/karaiexclusiveracing.hu\/de\/produkt\/bmw-316i-1990\/#breadcrumb"},"inLanguage":"de","potentialAction":[{"@type":"ReadAction","target":["https:\/\/karaiexclusiveracing.hu\/de\/produkt\/bmw-316i-1990\/"]}]},{"@type":"ImageObject","inLanguage":"de","@id":"https:\/\/karaiexclusiveracing.hu\/de\/produkt\/bmw-316i-1990\/#primaryimage","url":"https:\/\/karaiexclusiveracing.hu\/wp-content\/uploads\/2025\/01\/Cimsor-hozzaadasa-7.png","contentUrl":"https:\/\/karaiexclusiveracing.hu\/wp-content\/uploads\/2025\/01\/Cimsor-hozzaadasa-7.png","width":965,"height":721},{"@type":"BreadcrumbList","@id":"https:\/\/karaiexclusiveracing.hu\/de\/produkt\/bmw-316i-1990\/#breadcrumb","itemListElement":[{"@type":"ListItem","position":1,"name":"Kezd\u0151lap","item":"https:\/\/karaiexclusiveracing.hu\/"},{"@type":"ListItem","position":2,"name":"Elad\u00f3 aut\u00f3k","item":"https:\/\/karaiexclusiveracing.hu\/elado-autok\/"},{"@type":"ListItem","position":3,"name":"BMW 316i (1990)"}]},{"@type":"WebSite","@id":"https:\/\/karaiexclusiveracing.hu\/#website","url":"https:\/\/karaiexclusiveracing.hu\/","name":"K\u00e1rai Exclusive Racing","description":"","publisher":{"@id":"https:\/\/karaiexclusiveracing.hu\/#organization"},"potentialAction":[{"@type":"SearchAction","target":{"@type":"EntryPoint","urlTemplate":"https:\/\/karaiexclusiveracing.hu\/?s={search_term_string}"},"query-input":{"@type":"PropertyValueSpecification","valueRequired":true,"valueName":"search_term_string"}}],"inLanguage":"de"},{"@type":"Organization","@id":"https:\/\/karaiexclusiveracing.hu\/#organization","name":"K\u00e1rai Exclusive Racing","url":"https:\/\/karaiexclusiveracing.hu\/","logo":{"@type":"ImageObject","inLanguage":"de","@id":"https:\/\/karaiexclusiveracing.hu\/#\/schema\/logo\/image\/","url":"https:\/\/www.karaiexclusiveracing.hu\/wp-content\/uploads\/2023\/10\/karai_exclusive_logo-1-1.png","contentUrl":"https:\/\/www.karaiexclusiveracing.hu\/wp-content\/uploads\/2023\/10\/karai_exclusive_logo-1-1.png","width":1575,"height":435,"caption":"K\u00e1rai Exclusive Racing"},"image":{"@id":"https:\/\/karaiexclusiveracing.hu\/#\/schema\/logo\/image\/"},"sameAs":["https:\/\/www.facebook.com\/karaiexclusiveracing.hu","https:\/\/www.instagram.com\/karaiexclusiveracing\/"]}]}},"_links":{"self":[{"href":"http:\/\/karaiexclusiveracing.hu\/de\/wp-json\/wp\/v2\/product\/22333","targetHints":{"allow":["GET"]}}],"collection":[{"href":"http:\/\/karaiexclusiveracing.hu\/de\/wp-json\/wp\/v2\/product"}],"about":[{"href":"http:\/\/karaiexclusiveracing.hu\/de\/wp-json\/wp\/v2\/types\/product"}],"wp:featuredmedia":[{"embeddable":true,"href":"http:\/\/karaiexclusiveracing.hu\/de\/wp-json\/wp\/v2\/media\/23391"}],"wp:attachment":[{"href":"http:\/\/karaiexclusiveracing.hu\/de\/wp-json\/wp\/v2\/media?parent=22333"}],"wp:term":[{"taxonomy":"manufactures","embeddable":true,"href":"http:\/\/karaiexclusiveracing.hu\/de\/wp-json\/wp\/v2\/manufactures?post=22333"},{"taxonomy":"product_brand","embeddable":true,"href":"http:\/\/karaiexclusiveracing.hu\/de\/wp-json\/wp\/v2\/product_brand?post=22333"},{"taxonomy":"product_cat","embeddable":true,"href":"http:\/\/karaiexclusiveracing.hu\/de\/wp-json\/wp\/v2\/product_cat?post=22333"},{"taxonomy":"product_tag","embeddable":true,"href":"http:\/\/karaiexclusiveracing.hu\/de\/wp-json\/wp\/v2\/product_tag?post=22333"}],"curies":[{"name":"wp","href":"https:\/\/api.w.org\/{rel}","templated":true}]}}