{"id":22325,"date":"2025-01-23T20:19:37","date_gmt":"2025-01-23T19:19:37","guid":{"rendered":"https:\/\/www.karaiexclusiveracing.hu\/?post_type=product&#038;p=22325"},"modified":"2025-01-24T09:54:13","modified_gmt":"2025-01-24T08:54:13","slug":"bmw-e30-320i-1985","status":"publish","type":"product","link":"http:\/\/karaiexclusiveracing.hu\/de\/termek\/bmw-e30-320i-1985\/","title":{"rendered":"BMW E30 320i (1985)"},"content":{"rendered":"<p>Elad\u00f3 egy <strong>1985 k\u00f6r\u00fcli \u00e9vj\u00e1rat\u00fa BMW E30 320i<\/strong>, amely kiv\u00e1l\u00f3 projektalap lehet azok sz\u00e1m\u00e1ra, akik egy klasszikus BMW-t szeretn\u00e9nek \u00fajj\u00e1\u00e9p\u00edteni. Az aut\u00f3 <strong>rendezett magyar okm\u00e1nyokkal<\/strong> rendelkezik, ami jelent\u0151sen megk\u00f6nny\u00edti az adminisztr\u00e1ci\u00f3t \u00e9s a forgalomba helyez\u00e9st.<\/p>\n<p>Az aut\u00f3 kor\u00e1bban lakatosmunk\u00e1ra lett sz\u00e9tbontva, \u00e9s a karossz\u00e9ria helyre\u00e1ll\u00edt\u00e1s\u00e1nak <strong>60-70%-\u00e1t magas min\u0151s\u00e9gben elv\u00e9gezt\u00e9k<\/strong>. Ez a m\u00e1r elv\u00e9gzett munka nagyszer\u0171 kiindul\u00f3pontot biztos\u00edt, \u00edgy a projekt kevesebb id\u0151- \u00e9s k\u00f6lts\u00e9gbefektet\u00e9ssel befejezhet\u0151. Ig\u00e9ny szerint ebben mi is tudunk seg\u00edteni.<\/p>\n<p>Ez a BMW E30 320i t\u00f6k\u00e9letes v\u00e1laszt\u00e1s azoknak, akik a legend\u00e1s 3-as sorozat egy darabj\u00e1t szeretn\u00e9k \u00fajj\u00e1\u00e9leszteni, ak\u00e1r eredeti \u00e1llapotban, ak\u00e1r egyedi \u00e1talak\u00edt\u00e1sokkal.<\/p>\n<p><strong>Tov\u00e1bbi inform\u00e1ci\u00f3\u00e9rt \u00e9rdekl\u0151dj telefonon!<\/strong><\/p>","protected":false},"excerpt":{"rendered":"<p>Elad\u00f3 egy 1985 k\u00f6r\u00fcli \u00e9vj\u00e1rat\u00fa BMW E30 320i, amely kiv\u00e1l\u00f3 projektalap lehet azok sz\u00e1m\u00e1ra, akik egy klasszikus BMW-t szeretn\u00e9nek \u00fajj\u00e1\u00e9p\u00edteni. Az aut\u00f3 rendezett magyar okm\u00e1nyokkal rendelkezik, ami jelent\u0151sen megk\u00f6nny\u00edti az adminisztr\u00e1ci\u00f3t \u00e9s a forgalomba helyez\u00e9st. Az aut\u00f3 kor\u00e1bban lakatosmunk\u00e1ra lett sz\u00e9tbontva, \u00e9s a karossz\u00e9ria helyre\u00e1ll\u00edt\u00e1s\u00e1nak 60-70%-\u00e1t magas min\u0151s\u00e9gben elv\u00e9gezt\u00e9k. Ez a m\u00e1r elv\u00e9gzett munka nagyszer\u0171 [&hellip;]<\/p>\n","protected":false},"featured_media":22329,"template":"","meta":{"_acf_changed":false},"manufactures":[],"product_brand":[],"product_cat":[24],"product_tag":[],"class_list":{"0":"post-22325","1":"product","2":"type-product","3":"status-publish","4":"has-post-thumbnail","6":"product_cat-classic-car","8":"first","9":"instock","10":"taxable","11":"shipping-taxable","12":"purchasable","13":"product-type-simple"},"exclude_global_add_ons":[],"addons":[],"acf":[],"yoast_head":"<!-- This site is optimized with the Yoast SEO Premium plugin v27.1 (Yoast SEO v27.2) - https:\/\/yoast.com\/product\/yoast-seo-premium-wordpress\/ -->\n<title>BMW E30 320i (1985) - K\u00e1rai Exclusive<\/title>\n<meta name=\"description\" content=\"Rendezett magyar okm\u00e1nyokkal, lakatosmunka 60-70%-ban elk\u00e9sz\u00edtve magas min\u0151s\u00e9gben. Ide\u00e1lis projektalap gy\u0171jt\u0151knek \u00e9s fel\u00faj\u00edt\u00f3knak.\" \/>\n<meta name=\"robots\" content=\"index, follow, max-snippet:-1, max-image-preview:large, max-video-preview:-1\" \/>\n<link rel=\"canonical\" href=\"http:\/\/karaiexclusiveracing.hu\/de\/produkt\/bmw-e30-320i-1985\/\" \/>\n<meta property=\"og:locale\" content=\"de_DE\" \/>\n<meta property=\"og:type\" content=\"article\" \/>\n<meta property=\"og:title\" content=\"BMW E30 320i (1985)\" \/>\n<meta property=\"og:description\" content=\"Rendezett magyar okm\u00e1nyokkal, lakatosmunka 60-70%-ban elk\u00e9sz\u00edtve magas min\u0151s\u00e9gben. Ide\u00e1lis projektalap gy\u0171jt\u0151knek \u00e9s fel\u00faj\u00edt\u00f3knak.\" \/>\n<meta property=\"og:url\" content=\"http:\/\/karaiexclusiveracing.hu\/de\/produkt\/bmw-e30-320i-1985\/\" \/>\n<meta property=\"og:site_name\" content=\"K\u00e1rai Exclusive\" \/>\n<meta property=\"article:publisher\" content=\"https:\/\/www.facebook.com\/karaiexclusiveracing.hu\" \/>\n<meta property=\"article:modified_time\" content=\"2025-01-24T08:54:13+00:00\" \/>\n<meta property=\"og:image\" content=\"https:\/\/karaiexclusiveracing.hu\/wp-content\/uploads\/2025\/01\/viber_kep_2025-01-21_22-48-52-002.jpg\" \/>\n\t<meta property=\"og:image:width\" content=\"1600\" \/>\n\t<meta property=\"og:image:height\" content=\"1200\" \/>\n\t<meta property=\"og:image:type\" content=\"image\/jpeg\" \/>\n<meta name=\"twitter:card\" content=\"summary_large_image\" \/>\n<meta name=\"twitter:label1\" content=\"Gesch\u00e4tzte Lesezeit\" \/>\n\t<meta name=\"twitter:data1\" content=\"1\u00a0Minute\" \/>\n<script type=\"application\/ld+json\" class=\"yoast-schema-graph\">{\"@context\":\"https:\/\/schema.org\",\"@graph\":[{\"@type\":\"WebPage\",\"@id\":\"http:\/\/karaiexclusiveracing.hu\/de\/produkt\/bmw-e30-320i-1985\/\",\"url\":\"http:\/\/karaiexclusiveracing.hu\/de\/produkt\/bmw-e30-320i-1985\/\",\"name\":\"BMW E30 320i (1985) - K\u00e1rai Exclusive\",\"isPartOf\":{\"@id\":\"https:\/\/karaiexclusiveracing.hu\/#website\"},\"primaryImageOfPage\":{\"@id\":\"http:\/\/karaiexclusiveracing.hu\/de\/produkt\/bmw-e30-320i-1985\/#primaryimage\"},\"image\":{\"@id\":\"http:\/\/karaiexclusiveracing.hu\/de\/produkt\/bmw-e30-320i-1985\/#primaryimage\"},\"thumbnailUrl\":\"https:\/\/karaiexclusiveracing.hu\/wp-content\/uploads\/2025\/01\/viber_kep_2025-01-21_22-48-52-002.jpg\",\"datePublished\":\"2025-01-23T19:19:37+00:00\",\"dateModified\":\"2025-01-24T08:54:13+00:00\",\"description\":\"Rendezett magyar okm\u00e1nyokkal, lakatosmunka 60-70%-ban elk\u00e9sz\u00edtve magas min\u0151s\u00e9gben. Ide\u00e1lis projektalap gy\u0171jt\u0151knek \u00e9s fel\u00faj\u00edt\u00f3knak.\",\"breadcrumb\":{\"@id\":\"http:\/\/karaiexclusiveracing.hu\/de\/produkt\/bmw-e30-320i-1985\/#breadcrumb\"},\"inLanguage\":\"de\",\"potentialAction\":[{\"@type\":\"ReadAction\",\"target\":[\"http:\/\/karaiexclusiveracing.hu\/de\/produkt\/bmw-e30-320i-1985\/\"]}]},{\"@type\":\"ImageObject\",\"inLanguage\":\"de\",\"@id\":\"http:\/\/karaiexclusiveracing.hu\/de\/produkt\/bmw-e30-320i-1985\/#primaryimage\",\"url\":\"https:\/\/karaiexclusiveracing.hu\/wp-content\/uploads\/2025\/01\/viber_kep_2025-01-21_22-48-52-002.jpg\",\"contentUrl\":\"https:\/\/karaiexclusiveracing.hu\/wp-content\/uploads\/2025\/01\/viber_kep_2025-01-21_22-48-52-002.jpg\",\"width\":1600,\"height\":1200},{\"@type\":\"BreadcrumbList\",\"@id\":\"http:\/\/karaiexclusiveracing.hu\/de\/produkt\/bmw-e30-320i-1985\/#breadcrumb\",\"itemListElement\":[{\"@type\":\"ListItem\",\"position\":1,\"name\":\"Kezd\u0151lap\",\"item\":\"https:\/\/karaiexclusiveracing.hu\/\"},{\"@type\":\"ListItem\",\"position\":2,\"name\":\"Elad\u00f3 aut\u00f3k\",\"item\":\"https:\/\/karaiexclusiveracing.hu\/elado-autok\/\"},{\"@type\":\"ListItem\",\"position\":3,\"name\":\"BMW E30 320i (1985)\"}]},{\"@type\":\"WebSite\",\"@id\":\"https:\/\/karaiexclusiveracing.hu\/#website\",\"url\":\"https:\/\/karaiexclusiveracing.hu\/\",\"name\":\"K\u00e1rai Exclusive Racing\",\"description\":\"\",\"publisher\":{\"@id\":\"https:\/\/karaiexclusiveracing.hu\/#organization\"},\"potentialAction\":[{\"@type\":\"SearchAction\",\"target\":{\"@type\":\"EntryPoint\",\"urlTemplate\":\"https:\/\/karaiexclusiveracing.hu\/?s={search_term_string}\"},\"query-input\":{\"@type\":\"PropertyValueSpecification\",\"valueRequired\":true,\"valueName\":\"search_term_string\"}}],\"inLanguage\":\"de\"},{\"@type\":\"Organization\",\"@id\":\"https:\/\/karaiexclusiveracing.hu\/#organization\",\"name\":\"K\u00e1rai Exclusive Racing\",\"url\":\"https:\/\/karaiexclusiveracing.hu\/\",\"logo\":{\"@type\":\"ImageObject\",\"inLanguage\":\"de\",\"@id\":\"https:\/\/karaiexclusiveracing.hu\/#\/schema\/logo\/image\/\",\"url\":\"https:\/\/www.karaiexclusiveracing.hu\/wp-content\/uploads\/2023\/10\/karai_exclusive_logo-1-1.png\",\"contentUrl\":\"https:\/\/www.karaiexclusiveracing.hu\/wp-content\/uploads\/2023\/10\/karai_exclusive_logo-1-1.png\",\"width\":1575,\"height\":435,\"caption\":\"K\u00e1rai Exclusive Racing\"},\"image\":{\"@id\":\"https:\/\/karaiexclusiveracing.hu\/#\/schema\/logo\/image\/\"},\"sameAs\":[\"https:\/\/www.facebook.com\/karaiexclusiveracing.hu\",\"https:\/\/www.instagram.com\/karaiexclusiveracing\/\"]}]}<\/script>\n<!-- \/ Yoast SEO Premium plugin. -->","yoast_head_json":{"title":"BMW E30 320i (1985) - K\u00e1rai Exclusive","description":"Rendezett magyar okm\u00e1nyokkal, lakatosmunka 60-70%-ban elk\u00e9sz\u00edtve magas min\u0151s\u00e9gben. Ide\u00e1lis projektalap gy\u0171jt\u0151knek \u00e9s fel\u00faj\u00edt\u00f3knak.","robots":{"index":"index","follow":"follow","max-snippet":"max-snippet:-1","max-image-preview":"max-image-preview:large","max-video-preview":"max-video-preview:-1"},"canonical":"http:\/\/karaiexclusiveracing.hu\/de\/produkt\/bmw-e30-320i-1985\/","og_locale":"de_DE","og_type":"article","og_title":"BMW E30 320i (1985)","og_description":"Rendezett magyar okm\u00e1nyokkal, lakatosmunka 60-70%-ban elk\u00e9sz\u00edtve magas min\u0151s\u00e9gben. Ide\u00e1lis projektalap gy\u0171jt\u0151knek \u00e9s fel\u00faj\u00edt\u00f3knak.","og_url":"http:\/\/karaiexclusiveracing.hu\/de\/produkt\/bmw-e30-320i-1985\/","og_site_name":"K\u00e1rai Exclusive","article_publisher":"https:\/\/www.facebook.com\/karaiexclusiveracing.hu","article_modified_time":"2025-01-24T08:54:13+00:00","og_image":[{"width":1600,"height":1200,"url":"https:\/\/karaiexclusiveracing.hu\/wp-content\/uploads\/2025\/01\/viber_kep_2025-01-21_22-48-52-002.jpg","type":"image\/jpeg"}],"twitter_card":"summary_large_image","twitter_misc":{"Gesch\u00e4tzte Lesezeit":"1\u00a0Minute"},"schema":{"@context":"https:\/\/schema.org","@graph":[{"@type":"WebPage","@id":"http:\/\/karaiexclusiveracing.hu\/de\/produkt\/bmw-e30-320i-1985\/","url":"http:\/\/karaiexclusiveracing.hu\/de\/produkt\/bmw-e30-320i-1985\/","name":"BMW E30 320i (1985) - K\u00e1rai Exclusive","isPartOf":{"@id":"https:\/\/karaiexclusiveracing.hu\/#website"},"primaryImageOfPage":{"@id":"http:\/\/karaiexclusiveracing.hu\/de\/produkt\/bmw-e30-320i-1985\/#primaryimage"},"image":{"@id":"http:\/\/karaiexclusiveracing.hu\/de\/produkt\/bmw-e30-320i-1985\/#primaryimage"},"thumbnailUrl":"https:\/\/karaiexclusiveracing.hu\/wp-content\/uploads\/2025\/01\/viber_kep_2025-01-21_22-48-52-002.jpg","datePublished":"2025-01-23T19:19:37+00:00","dateModified":"2025-01-24T08:54:13+00:00","description":"Rendezett magyar okm\u00e1nyokkal, lakatosmunka 60-70%-ban elk\u00e9sz\u00edtve magas min\u0151s\u00e9gben. Ide\u00e1lis projektalap gy\u0171jt\u0151knek \u00e9s fel\u00faj\u00edt\u00f3knak.","breadcrumb":{"@id":"http:\/\/karaiexclusiveracing.hu\/de\/produkt\/bmw-e30-320i-1985\/#breadcrumb"},"inLanguage":"de","potentialAction":[{"@type":"ReadAction","target":["http:\/\/karaiexclusiveracing.hu\/de\/produkt\/bmw-e30-320i-1985\/"]}]},{"@type":"ImageObject","inLanguage":"de","@id":"http:\/\/karaiexclusiveracing.hu\/de\/produkt\/bmw-e30-320i-1985\/#primaryimage","url":"https:\/\/karaiexclusiveracing.hu\/wp-content\/uploads\/2025\/01\/viber_kep_2025-01-21_22-48-52-002.jpg","contentUrl":"https:\/\/karaiexclusiveracing.hu\/wp-content\/uploads\/2025\/01\/viber_kep_2025-01-21_22-48-52-002.jpg","width":1600,"height":1200},{"@type":"BreadcrumbList","@id":"http:\/\/karaiexclusiveracing.hu\/de\/produkt\/bmw-e30-320i-1985\/#breadcrumb","itemListElement":[{"@type":"ListItem","position":1,"name":"Kezd\u0151lap","item":"https:\/\/karaiexclusiveracing.hu\/"},{"@type":"ListItem","position":2,"name":"Elad\u00f3 aut\u00f3k","item":"https:\/\/karaiexclusiveracing.hu\/elado-autok\/"},{"@type":"ListItem","position":3,"name":"BMW E30 320i (1985)"}]},{"@type":"WebSite","@id":"https:\/\/karaiexclusiveracing.hu\/#website","url":"https:\/\/karaiexclusiveracing.hu\/","name":"K\u00e1rai Exclusive Racing","description":"","publisher":{"@id":"https:\/\/karaiexclusiveracing.hu\/#organization"},"potentialAction":[{"@type":"SearchAction","target":{"@type":"EntryPoint","urlTemplate":"https:\/\/karaiexclusiveracing.hu\/?s={search_term_string}"},"query-input":{"@type":"PropertyValueSpecification","valueRequired":true,"valueName":"search_term_string"}}],"inLanguage":"de"},{"@type":"Organization","@id":"https:\/\/karaiexclusiveracing.hu\/#organization","name":"K\u00e1rai Exclusive Racing","url":"https:\/\/karaiexclusiveracing.hu\/","logo":{"@type":"ImageObject","inLanguage":"de","@id":"https:\/\/karaiexclusiveracing.hu\/#\/schema\/logo\/image\/","url":"https:\/\/www.karaiexclusiveracing.hu\/wp-content\/uploads\/2023\/10\/karai_exclusive_logo-1-1.png","contentUrl":"https:\/\/www.karaiexclusiveracing.hu\/wp-content\/uploads\/2023\/10\/karai_exclusive_logo-1-1.png","width":1575,"height":435,"caption":"K\u00e1rai Exclusive Racing"},"image":{"@id":"https:\/\/karaiexclusiveracing.hu\/#\/schema\/logo\/image\/"},"sameAs":["https:\/\/www.facebook.com\/karaiexclusiveracing.hu","https:\/\/www.instagram.com\/karaiexclusiveracing\/"]}]}},"_links":{"self":[{"href":"http:\/\/karaiexclusiveracing.hu\/de\/wp-json\/wp\/v2\/product\/22325","targetHints":{"allow":["GET"]}}],"collection":[{"href":"http:\/\/karaiexclusiveracing.hu\/de\/wp-json\/wp\/v2\/product"}],"about":[{"href":"http:\/\/karaiexclusiveracing.hu\/de\/wp-json\/wp\/v2\/types\/product"}],"wp:featuredmedia":[{"embeddable":true,"href":"http:\/\/karaiexclusiveracing.hu\/de\/wp-json\/wp\/v2\/media\/22329"}],"wp:attachment":[{"href":"http:\/\/karaiexclusiveracing.hu\/de\/wp-json\/wp\/v2\/media?parent=22325"}],"wp:term":[{"taxonomy":"manufactures","embeddable":true,"href":"http:\/\/karaiexclusiveracing.hu\/de\/wp-json\/wp\/v2\/manufactures?post=22325"},{"taxonomy":"product_brand","embeddable":true,"href":"http:\/\/karaiexclusiveracing.hu\/de\/wp-json\/wp\/v2\/product_brand?post=22325"},{"taxonomy":"product_cat","embeddable":true,"href":"http:\/\/karaiexclusiveracing.hu\/de\/wp-json\/wp\/v2\/product_cat?post=22325"},{"taxonomy":"product_tag","embeddable":true,"href":"http:\/\/karaiexclusiveracing.hu\/de\/wp-json\/wp\/v2\/product_tag?post=22325"}],"curies":[{"name":"wp","href":"https:\/\/api.w.org\/{rel}","templated":true}]}}