{"id":22179,"date":"2024-12-29T14:42:27","date_gmt":"2024-12-29T13:42:27","guid":{"rendered":"https:\/\/www.karaiexclusiveracing.hu\/?post_type=product&#038;p=22179"},"modified":"2025-12-15T12:44:40","modified_gmt":"2025-12-15T11:44:40","slug":"nissan-silvia","status":"publish","type":"product","link":"http:\/\/karaiexclusiveracing.hu\/de\/termek\/nissan-silvia\/","title":{"rendered":"Nissan 200 SX Silvia RB25DET"},"content":{"rendered":"<p><strong>Elad\u00f3 egy 1995-\u00f6s Nissan 200SX Silvia RB25DET<\/strong>,\u00a0kiv\u00e1l\u00f3 alap driftel\u00e9shez vagy tuningprojekthez. Az aut\u00f3 eredetileg <strong>SR20 motorral<\/strong> k\u00e9sz\u00fclt, de jelenleg egy er\u0151s \u00e9s megb\u00edzhat\u00f3 <strong>RB25DET motork\u00f3dos motorral<\/strong> rendelkezik. Az <strong>RB25DET motor<\/strong> teljes\u00edtm\u00e9ny\u00e9t tov\u00e1bb n\u00f6velik:<\/p>\n<ul>\n<li><strong>Maxpeeding GT30 turb\u00f3<\/strong> (\u00faj)<\/li>\n<li><strong>Maxxecu Sport Premium motorvez\u00e9rl\u0151<\/strong><\/li>\n<li><strong>Audi gy\u00fajt\u00f3traf\u00f3k<\/strong><\/li>\n<li><strong>Nagy injektorok<\/strong><\/li>\n<li><strong>Alum\u00ednium sz\u00edv\u00f3sor<\/strong><\/li>\n<\/ul>\n<p>A v\u00e1lt\u00f3 egy <strong>RB20 manu\u00e1lis v\u00e1lt\u00f3<\/strong>, amelyhez <strong>Ogura k\u00e9t t\u00e1rcs\u00e1s kuplung<\/strong> p\u00e1rosul. Az aut\u00f3 remek stabilit\u00e1s\u00e1t \u00e9s tapad\u00e1s\u00e1t <strong>Maxpeeding \u00e1ll\u00edthat\u00f3 fut\u00f3m\u0171<\/strong> biztos\u00edtja. Kor\u00e1bbi teszteken <strong>GT35 turb\u00f3val<\/strong> az aut\u00f3 <strong>420 WHP teljes\u00edtm\u00e9nyt \u00e9rt el padon<\/strong>.<\/p>\n<p>Mechanikailag j\u00f3l karbantartott, a megfelel\u0151 h\u0171t\u00e9sr\u0151l egy <strong>Mishimoto v\u00edzh\u0171t\u0151<\/strong> \u00e9s <strong>SX POWER intercooler<\/strong> gondoskodik. Az aut\u00f3 <strong>motork\u00f3dos<\/strong> st\u00e1tusza \u00e9s felszerelts\u00e9ge miatt kiv\u00e1l\u00f3 v\u00e1laszt\u00e1s tuningprojekthez vagy driftel\u00e9shez.<\/p>\n<p><strong>K\u00fcls\u0151 felszerelts\u00e9g:<\/strong><\/p>\n<ul>\n<li>Elektromos els\u0151 ablakok<\/li>\n<li>Elektromos \u00e9s f\u0171thet\u0151 t\u00fckr\u00f6k<\/li>\n<li>K\u00f6nny\u0171f\u00e9m felnik<\/li>\n<li>Sz\u00ednezett \u00fcvegek<\/li>\n<\/ul>\n<p><strong>M\u0171szaki felszerelts\u00e9g:<\/strong><\/p>\n<ul>\n<li>Centr\u00e1lz\u00e1r<\/li>\n<li>Szerv\u00f3korm\u00e1ny<\/li>\n<li>\u00c1ll\u00edthat\u00f3 sportfut\u00f3m\u0171<\/li>\n<\/ul>\n<p><strong>Belt\u00e9r:<\/strong><\/p>\n<ul>\n<li>\u00c1ll\u00edthat\u00f3 m\u00e9lyagyas sportkorm\u00e1ny<\/li>\n<\/ul>\n<p><strong>Fontos tudnival\u00f3:<\/strong> Az aut\u00f3 <strong>lej\u00e1rt magyar okm\u00e1nyokkal rendelkezik<\/strong>, viszont egyedi tuningalapnak t\u00f6k\u00e9letes.<\/p>\n<p>\u00c9rdekl\u0151dj telefonon a r\u00e9szletek\u00e9rt!<\/p>","protected":false},"excerpt":{"rendered":"<p>Elad\u00f3 egy 1995-\u00f6s Nissan 200SX Silvia RB25DET,\u00a0kiv\u00e1l\u00f3 alap driftel\u00e9shez vagy tuningprojekthez. Az aut\u00f3 eredetileg SR20 motorral k\u00e9sz\u00fclt, de jelenleg egy er\u0151s \u00e9s megb\u00edzhat\u00f3 RB25DET motork\u00f3dos motorral rendelkezik. Az RB25DET motor teljes\u00edtm\u00e9ny\u00e9t tov\u00e1bb n\u00f6velik: Maxpeeding GT30 turb\u00f3 (\u00faj) Maxxecu Sport Premium motorvez\u00e9rl\u0151 Audi gy\u00fajt\u00f3traf\u00f3k Nagy injektorok Alum\u00ednium sz\u00edv\u00f3sor A v\u00e1lt\u00f3 egy RB20 manu\u00e1lis v\u00e1lt\u00f3, amelyhez Ogura [&hellip;]<\/p>\n","protected":false},"featured_media":22188,"template":"","meta":{"_acf_changed":false},"manufactures":[],"product_brand":[],"product_cat":[25],"product_tag":[],"class_list":{"0":"post-22179","1":"product","2":"type-product","3":"status-publish","4":"has-post-thumbnail","6":"product_cat-streetcar","8":"first","9":"instock","10":"taxable","11":"shipping-taxable","12":"purchasable","13":"product-type-simple"},"exclude_global_add_ons":[],"addons":[],"acf":[],"yoast_head":"<!-- This site is optimized with the Yoast SEO Premium plugin v27.1 (Yoast SEO v27.2) - https:\/\/yoast.com\/product\/yoast-seo-premium-wordpress\/ -->\n<title>Nissan 200 SX Silvia RB25DET - K\u00e1rai Exclusive<\/title>\n<meta name=\"description\" content=\"Nissan 200SX Silvia RB25DET motork\u00f3dos motorral, Maxpeeding GT30 turb\u00f3val \u00e9s 420 WHP teljes\u00edtm\u00e9nnyel. Tuningolt drift aut\u00f3 t\u00f6k\u00e9letes alap! H\u00edvj m\u00e9g ma!\" \/>\n<meta name=\"robots\" content=\"index, follow, max-snippet:-1, max-image-preview:large, max-video-preview:-1\" \/>\n<link rel=\"canonical\" href=\"https:\/\/karaiexclusiveracing.hu\/de\/produkt\/nissan-silvia\/\" \/>\n<meta property=\"og:locale\" content=\"de_DE\" \/>\n<meta property=\"og:type\" content=\"article\" \/>\n<meta property=\"og:title\" content=\"Nissan 200 SX Silvia RB25DET\" \/>\n<meta property=\"og:description\" content=\"Nissan 200SX Silvia RB25DET motork\u00f3dos motorral, Maxpeeding GT30 turb\u00f3val \u00e9s 420 WHP teljes\u00edtm\u00e9nnyel. Tuningolt drift aut\u00f3 t\u00f6k\u00e9letes alap! H\u00edvj m\u00e9g ma!\" \/>\n<meta property=\"og:url\" content=\"https:\/\/karaiexclusiveracing.hu\/de\/produkt\/nissan-silvia\/\" \/>\n<meta property=\"og:site_name\" content=\"K\u00e1rai Exclusive\" \/>\n<meta property=\"article:publisher\" content=\"https:\/\/www.facebook.com\/karaiexclusiveracing.hu\" \/>\n<meta property=\"article:modified_time\" content=\"2025-12-15T11:44:40+00:00\" \/>\n<meta property=\"og:image\" content=\"https:\/\/karaiexclusiveracing.hu\/wp-content\/uploads\/2024\/12\/IMG_3616-scaled.jpeg\" \/>\n\t<meta property=\"og:image:width\" content=\"2560\" \/>\n\t<meta property=\"og:image:height\" content=\"1920\" \/>\n\t<meta property=\"og:image:type\" content=\"image\/jpeg\" \/>\n<meta name=\"twitter:card\" content=\"summary_large_image\" \/>\n<meta name=\"twitter:label1\" content=\"Gesch\u00e4tzte Lesezeit\" \/>\n\t<meta name=\"twitter:data1\" content=\"2\u00a0Minuten\" \/>\n<script type=\"application\/ld+json\" class=\"yoast-schema-graph\">{\"@context\":\"https:\/\/schema.org\",\"@graph\":[{\"@type\":\"WebPage\",\"@id\":\"https:\/\/karaiexclusiveracing.hu\/de\/produkt\/nissan-silvia\/\",\"url\":\"https:\/\/karaiexclusiveracing.hu\/de\/produkt\/nissan-silvia\/\",\"name\":\"Nissan 200 SX Silvia RB25DET - K\u00e1rai Exclusive\",\"isPartOf\":{\"@id\":\"https:\/\/karaiexclusiveracing.hu\/#website\"},\"primaryImageOfPage\":{\"@id\":\"https:\/\/karaiexclusiveracing.hu\/de\/produkt\/nissan-silvia\/#primaryimage\"},\"image\":{\"@id\":\"https:\/\/karaiexclusiveracing.hu\/de\/produkt\/nissan-silvia\/#primaryimage\"},\"thumbnailUrl\":\"https:\/\/karaiexclusiveracing.hu\/wp-content\/uploads\/2024\/12\/IMG_3616-scaled.jpeg\",\"datePublished\":\"2024-12-29T13:42:27+00:00\",\"dateModified\":\"2025-12-15T11:44:40+00:00\",\"description\":\"Nissan 200SX Silvia RB25DET motork\u00f3dos motorral, Maxpeeding GT30 turb\u00f3val \u00e9s 420 WHP teljes\u00edtm\u00e9nnyel. Tuningolt drift aut\u00f3 t\u00f6k\u00e9letes alap! H\u00edvj m\u00e9g ma!\",\"breadcrumb\":{\"@id\":\"https:\/\/karaiexclusiveracing.hu\/de\/produkt\/nissan-silvia\/#breadcrumb\"},\"inLanguage\":\"de\",\"potentialAction\":[{\"@type\":\"ReadAction\",\"target\":[\"https:\/\/karaiexclusiveracing.hu\/de\/produkt\/nissan-silvia\/\"]}]},{\"@type\":\"ImageObject\",\"inLanguage\":\"de\",\"@id\":\"https:\/\/karaiexclusiveracing.hu\/de\/produkt\/nissan-silvia\/#primaryimage\",\"url\":\"https:\/\/karaiexclusiveracing.hu\/wp-content\/uploads\/2024\/12\/IMG_3616-scaled.jpeg\",\"contentUrl\":\"https:\/\/karaiexclusiveracing.hu\/wp-content\/uploads\/2024\/12\/IMG_3616-scaled.jpeg\",\"width\":2560,\"height\":1920},{\"@type\":\"BreadcrumbList\",\"@id\":\"https:\/\/karaiexclusiveracing.hu\/de\/produkt\/nissan-silvia\/#breadcrumb\",\"itemListElement\":[{\"@type\":\"ListItem\",\"position\":1,\"name\":\"Kezd\u0151lap\",\"item\":\"https:\/\/karaiexclusiveracing.hu\/\"},{\"@type\":\"ListItem\",\"position\":2,\"name\":\"Elad\u00f3 aut\u00f3k\",\"item\":\"https:\/\/karaiexclusiveracing.hu\/elado-autok\/\"},{\"@type\":\"ListItem\",\"position\":3,\"name\":\"Nissan 200 SX Silvia RB25DET\"}]},{\"@type\":\"WebSite\",\"@id\":\"https:\/\/karaiexclusiveracing.hu\/#website\",\"url\":\"https:\/\/karaiexclusiveracing.hu\/\",\"name\":\"K\u00e1rai Exclusive Racing\",\"description\":\"\",\"publisher\":{\"@id\":\"https:\/\/karaiexclusiveracing.hu\/#organization\"},\"potentialAction\":[{\"@type\":\"SearchAction\",\"target\":{\"@type\":\"EntryPoint\",\"urlTemplate\":\"https:\/\/karaiexclusiveracing.hu\/?s={search_term_string}\"},\"query-input\":{\"@type\":\"PropertyValueSpecification\",\"valueRequired\":true,\"valueName\":\"search_term_string\"}}],\"inLanguage\":\"de\"},{\"@type\":\"Organization\",\"@id\":\"https:\/\/karaiexclusiveracing.hu\/#organization\",\"name\":\"K\u00e1rai Exclusive Racing\",\"url\":\"https:\/\/karaiexclusiveracing.hu\/\",\"logo\":{\"@type\":\"ImageObject\",\"inLanguage\":\"de\",\"@id\":\"https:\/\/karaiexclusiveracing.hu\/#\/schema\/logo\/image\/\",\"url\":\"https:\/\/www.karaiexclusiveracing.hu\/wp-content\/uploads\/2023\/10\/karai_exclusive_logo-1-1.png\",\"contentUrl\":\"https:\/\/www.karaiexclusiveracing.hu\/wp-content\/uploads\/2023\/10\/karai_exclusive_logo-1-1.png\",\"width\":1575,\"height\":435,\"caption\":\"K\u00e1rai Exclusive Racing\"},\"image\":{\"@id\":\"https:\/\/karaiexclusiveracing.hu\/#\/schema\/logo\/image\/\"},\"sameAs\":[\"https:\/\/www.facebook.com\/karaiexclusiveracing.hu\",\"https:\/\/www.instagram.com\/karaiexclusiveracing\/\"]}]}<\/script>\n<!-- \/ Yoast SEO Premium plugin. -->","yoast_head_json":{"title":"Nissan 200 SX Silvia RB25DET - K\u00e1rai Exclusive","description":"Nissan 200SX Silvia RB25DET motork\u00f3dos motorral, Maxpeeding GT30 turb\u00f3val \u00e9s 420 WHP teljes\u00edtm\u00e9nnyel. Tuningolt drift aut\u00f3 t\u00f6k\u00e9letes alap! H\u00edvj m\u00e9g ma!","robots":{"index":"index","follow":"follow","max-snippet":"max-snippet:-1","max-image-preview":"max-image-preview:large","max-video-preview":"max-video-preview:-1"},"canonical":"https:\/\/karaiexclusiveracing.hu\/de\/produkt\/nissan-silvia\/","og_locale":"de_DE","og_type":"article","og_title":"Nissan 200 SX Silvia RB25DET","og_description":"Nissan 200SX Silvia RB25DET motork\u00f3dos motorral, Maxpeeding GT30 turb\u00f3val \u00e9s 420 WHP teljes\u00edtm\u00e9nnyel. Tuningolt drift aut\u00f3 t\u00f6k\u00e9letes alap! H\u00edvj m\u00e9g ma!","og_url":"https:\/\/karaiexclusiveracing.hu\/de\/produkt\/nissan-silvia\/","og_site_name":"K\u00e1rai Exclusive","article_publisher":"https:\/\/www.facebook.com\/karaiexclusiveracing.hu","article_modified_time":"2025-12-15T11:44:40+00:00","og_image":[{"width":2560,"height":1920,"url":"https:\/\/karaiexclusiveracing.hu\/wp-content\/uploads\/2024\/12\/IMG_3616-scaled.jpeg","type":"image\/jpeg"}],"twitter_card":"summary_large_image","twitter_misc":{"Gesch\u00e4tzte Lesezeit":"2\u00a0Minuten"},"schema":{"@context":"https:\/\/schema.org","@graph":[{"@type":"WebPage","@id":"https:\/\/karaiexclusiveracing.hu\/de\/produkt\/nissan-silvia\/","url":"https:\/\/karaiexclusiveracing.hu\/de\/produkt\/nissan-silvia\/","name":"Nissan 200 SX Silvia RB25DET - K\u00e1rai Exclusive","isPartOf":{"@id":"https:\/\/karaiexclusiveracing.hu\/#website"},"primaryImageOfPage":{"@id":"https:\/\/karaiexclusiveracing.hu\/de\/produkt\/nissan-silvia\/#primaryimage"},"image":{"@id":"https:\/\/karaiexclusiveracing.hu\/de\/produkt\/nissan-silvia\/#primaryimage"},"thumbnailUrl":"https:\/\/karaiexclusiveracing.hu\/wp-content\/uploads\/2024\/12\/IMG_3616-scaled.jpeg","datePublished":"2024-12-29T13:42:27+00:00","dateModified":"2025-12-15T11:44:40+00:00","description":"Nissan 200SX Silvia RB25DET motork\u00f3dos motorral, Maxpeeding GT30 turb\u00f3val \u00e9s 420 WHP teljes\u00edtm\u00e9nnyel. Tuningolt drift aut\u00f3 t\u00f6k\u00e9letes alap! H\u00edvj m\u00e9g ma!","breadcrumb":{"@id":"https:\/\/karaiexclusiveracing.hu\/de\/produkt\/nissan-silvia\/#breadcrumb"},"inLanguage":"de","potentialAction":[{"@type":"ReadAction","target":["https:\/\/karaiexclusiveracing.hu\/de\/produkt\/nissan-silvia\/"]}]},{"@type":"ImageObject","inLanguage":"de","@id":"https:\/\/karaiexclusiveracing.hu\/de\/produkt\/nissan-silvia\/#primaryimage","url":"https:\/\/karaiexclusiveracing.hu\/wp-content\/uploads\/2024\/12\/IMG_3616-scaled.jpeg","contentUrl":"https:\/\/karaiexclusiveracing.hu\/wp-content\/uploads\/2024\/12\/IMG_3616-scaled.jpeg","width":2560,"height":1920},{"@type":"BreadcrumbList","@id":"https:\/\/karaiexclusiveracing.hu\/de\/produkt\/nissan-silvia\/#breadcrumb","itemListElement":[{"@type":"ListItem","position":1,"name":"Kezd\u0151lap","item":"https:\/\/karaiexclusiveracing.hu\/"},{"@type":"ListItem","position":2,"name":"Elad\u00f3 aut\u00f3k","item":"https:\/\/karaiexclusiveracing.hu\/elado-autok\/"},{"@type":"ListItem","position":3,"name":"Nissan 200 SX Silvia RB25DET"}]},{"@type":"WebSite","@id":"https:\/\/karaiexclusiveracing.hu\/#website","url":"https:\/\/karaiexclusiveracing.hu\/","name":"K\u00e1rai Exclusive Racing","description":"","publisher":{"@id":"https:\/\/karaiexclusiveracing.hu\/#organization"},"potentialAction":[{"@type":"SearchAction","target":{"@type":"EntryPoint","urlTemplate":"https:\/\/karaiexclusiveracing.hu\/?s={search_term_string}"},"query-input":{"@type":"PropertyValueSpecification","valueRequired":true,"valueName":"search_term_string"}}],"inLanguage":"de"},{"@type":"Organization","@id":"https:\/\/karaiexclusiveracing.hu\/#organization","name":"K\u00e1rai Exclusive Racing","url":"https:\/\/karaiexclusiveracing.hu\/","logo":{"@type":"ImageObject","inLanguage":"de","@id":"https:\/\/karaiexclusiveracing.hu\/#\/schema\/logo\/image\/","url":"https:\/\/www.karaiexclusiveracing.hu\/wp-content\/uploads\/2023\/10\/karai_exclusive_logo-1-1.png","contentUrl":"https:\/\/www.karaiexclusiveracing.hu\/wp-content\/uploads\/2023\/10\/karai_exclusive_logo-1-1.png","width":1575,"height":435,"caption":"K\u00e1rai Exclusive Racing"},"image":{"@id":"https:\/\/karaiexclusiveracing.hu\/#\/schema\/logo\/image\/"},"sameAs":["https:\/\/www.facebook.com\/karaiexclusiveracing.hu","https:\/\/www.instagram.com\/karaiexclusiveracing\/"]}]}},"_links":{"self":[{"href":"http:\/\/karaiexclusiveracing.hu\/de\/wp-json\/wp\/v2\/product\/22179","targetHints":{"allow":["GET"]}}],"collection":[{"href":"http:\/\/karaiexclusiveracing.hu\/de\/wp-json\/wp\/v2\/product"}],"about":[{"href":"http:\/\/karaiexclusiveracing.hu\/de\/wp-json\/wp\/v2\/types\/product"}],"wp:featuredmedia":[{"embeddable":true,"href":"http:\/\/karaiexclusiveracing.hu\/de\/wp-json\/wp\/v2\/media\/22188"}],"wp:attachment":[{"href":"http:\/\/karaiexclusiveracing.hu\/de\/wp-json\/wp\/v2\/media?parent=22179"}],"wp:term":[{"taxonomy":"manufactures","embeddable":true,"href":"http:\/\/karaiexclusiveracing.hu\/de\/wp-json\/wp\/v2\/manufactures?post=22179"},{"taxonomy":"product_brand","embeddable":true,"href":"http:\/\/karaiexclusiveracing.hu\/de\/wp-json\/wp\/v2\/product_brand?post=22179"},{"taxonomy":"product_cat","embeddable":true,"href":"http:\/\/karaiexclusiveracing.hu\/de\/wp-json\/wp\/v2\/product_cat?post=22179"},{"taxonomy":"product_tag","embeddable":true,"href":"http:\/\/karaiexclusiveracing.hu\/de\/wp-json\/wp\/v2\/product_tag?post=22179"}],"curies":[{"name":"wp","href":"https:\/\/api.w.org\/{rel}","templated":true}]}}