{"id":20698,"date":"2024-08-17T09:20:30","date_gmt":"2024-08-17T07:20:30","guid":{"rendered":"https:\/\/www.karaiexclusiveracing.hu\/?post_type=product&#038;p=20698"},"modified":"2025-09-02T10:39:26","modified_gmt":"2025-09-02T08:39:26","slug":"mercedes-benz-w124-e250-td-klimas","status":"publish","type":"product","link":"http:\/\/karaiexclusiveracing.hu\/de\/termek\/mercedes-benz-w124-e250-td-klimas\/","title":{"rendered":"Mercedes-Benz W124 E250 TD Kl\u00edm\u00e1s &#8211; SOLD"},"content":{"rendered":"<p>Mercedes-Benz E250 td kort\u00e1rsaihoz k\u00e9pest kimagasl\u00f3 \u00e1llapotnak \u00f6rvend! Gy\u00e1ri kulcsok, szerv\u00edzk\u00f6nyv, \u00f6sszes gy\u00e1ri dokument\u00e1ci\u00f3. Az aut\u00f3 2010 ben \u00e9rkezett az orsz\u00e1gba az\u00f3ta mi vagyunk a 4. Tulaja. Az aut\u00f3ban minden m\u0171k\u00f6dik semmilyen hibajelz\u0151 l\u00e1mpa nem vil\u00e1g\u00edt! M\u0171k\u00f6d\u0151 Kl\u00edma! B\u00e1rmennyire is j\u00f3 \u00e1llapotban van az aut\u00f3 sajnos a h\u00e1ts\u00f3 fut\u00f3m\u0171 bek\u00f6t\u00e9si pontokkal foglalkozni kell. (Ig\u00e9ny szerint az aut\u00f3n b\u00e1rmilyen munk\u00e1ban tudunk seg\u00edteni)Az aut\u00f3 ideiglenesen ki van vonva forgalomb\u00f3l a megtekint\u00e9s\u00e9hez el\u0151zetes egyeztet\u00e9sre van sz\u00fcks\u00e9g!<\/p>","protected":false},"excerpt":{"rendered":"<p>Mercedes-Benz E250 td kort\u00e1rsaihoz k\u00e9pest kimagasl\u00f3 \u00e1llapotnak \u00f6rvend! Gy\u00e1ri kulcsok, szerv\u00edzk\u00f6nyv, \u00f6sszes gy\u00e1ri dokument\u00e1ci\u00f3. Az aut\u00f3 2010 ben \u00e9rkezett az orsz\u00e1gba az\u00f3ta mi vagyunk a 4. Tulaja. Az aut\u00f3ban minden m\u0171k\u00f6dik semmilyen hibajelz\u0151 l\u00e1mpa nem vil\u00e1g\u00edt! M\u0171k\u00f6d\u0151 Kl\u00edma! B\u00e1rmennyire is j\u00f3 \u00e1llapotban van az aut\u00f3 sajnos a h\u00e1ts\u00f3 fut\u00f3m\u0171 bek\u00f6t\u00e9si pontokkal foglalkozni kell. (Ig\u00e9ny szerint [&hellip;]<\/p>\n","protected":false},"featured_media":21362,"template":"","meta":{"_acf_changed":false},"manufactures":[],"product_brand":[],"product_cat":[24],"product_tag":[109],"class_list":{"0":"post-20698","1":"product","2":"type-product","3":"status-publish","4":"has-post-thumbnail","6":"product_cat-classic-car","7":"product_tag-sold","9":"first","10":"instock","11":"taxable","12":"shipping-taxable","13":"purchasable","14":"product-type-simple"},"exclude_global_add_ons":[],"addons":[],"acf":[],"yoast_head":"<!-- This site is optimized with the Yoast SEO Premium plugin v27.1 (Yoast SEO v27.2) - https:\/\/yoast.com\/product\/yoast-seo-premium-wordpress\/ -->\n<title>Mercedes-Benz W124 E250 TD Kl\u00edm\u00e1s - SOLD - K\u00e1rai Exclusive<\/title>\n<meta name=\"robots\" content=\"index, follow, max-snippet:-1, max-image-preview:large, max-video-preview:-1\" \/>\n<link rel=\"canonical\" href=\"http:\/\/karaiexclusiveracing.hu\/de\/produkt\/mercedes-benz-w124-e250-td-klimas\/\" \/>\n<meta property=\"og:locale\" content=\"de_DE\" \/>\n<meta property=\"og:type\" content=\"article\" \/>\n<meta property=\"og:title\" content=\"Mercedes-Benz W124 E250 TD Kl\u00edm\u00e1s - SOLD\" \/>\n<meta property=\"og:description\" content=\"Mercedes-Benz E250 td kort\u00e1rsaihoz k\u00e9pest kimagasl\u00f3 \u00e1llapotnak \u00f6rvend! Gy\u00e1ri kulcsok, szerv\u00edzk\u00f6nyv, \u00f6sszes gy\u00e1ri dokument\u00e1ci\u00f3. Az aut\u00f3 2010 ben \u00e9rkezett az orsz\u00e1gba az\u00f3ta mi vagyunk a 4. Tulaja. Az aut\u00f3ban minden m\u0171k\u00f6dik semmilyen hibajelz\u0151 l\u00e1mpa nem vil\u00e1g\u00edt! M\u0171k\u00f6d\u0151 Kl\u00edma! B\u00e1rmennyire is j\u00f3 \u00e1llapotban van az aut\u00f3 sajnos a h\u00e1ts\u00f3 fut\u00f3m\u0171 bek\u00f6t\u00e9si pontokkal foglalkozni kell. (Ig\u00e9ny szerint [&hellip;]\" \/>\n<meta property=\"og:url\" content=\"http:\/\/karaiexclusiveracing.hu\/de\/produkt\/mercedes-benz-w124-e250-td-klimas\/\" \/>\n<meta property=\"og:site_name\" content=\"K\u00e1rai Exclusive\" \/>\n<meta property=\"article:publisher\" content=\"https:\/\/www.facebook.com\/karaiexclusiveracing.hu\" \/>\n<meta property=\"article:modified_time\" content=\"2025-09-02T08:39:26+00:00\" \/>\n<meta property=\"og:image\" content=\"https:\/\/karaiexclusiveracing.hu\/wp-content\/uploads\/2024\/08\/SOLD-3-1024x768.png\" \/>\n\t<meta property=\"og:image:width\" content=\"1024\" \/>\n\t<meta property=\"og:image:height\" content=\"768\" \/>\n\t<meta property=\"og:image:type\" content=\"image\/png\" \/>\n<meta name=\"twitter:card\" content=\"summary_large_image\" \/>\n<meta name=\"twitter:label1\" content=\"Gesch\u00e4tzte Lesezeit\" \/>\n\t<meta name=\"twitter:data1\" content=\"1\u00a0Minute\" \/>\n<script type=\"application\/ld+json\" class=\"yoast-schema-graph\">{\"@context\":\"https:\/\/schema.org\",\"@graph\":[{\"@type\":\"WebPage\",\"@id\":\"http:\/\/karaiexclusiveracing.hu\/de\/produkt\/mercedes-benz-w124-e250-td-klimas\/\",\"url\":\"http:\/\/karaiexclusiveracing.hu\/de\/produkt\/mercedes-benz-w124-e250-td-klimas\/\",\"name\":\"Mercedes-Benz W124 E250 TD Kl\u00edm\u00e1s - SOLD - K\u00e1rai Exclusive\",\"isPartOf\":{\"@id\":\"https:\/\/karaiexclusiveracing.hu\/#website\"},\"primaryImageOfPage\":{\"@id\":\"http:\/\/karaiexclusiveracing.hu\/de\/produkt\/mercedes-benz-w124-e250-td-klimas\/#primaryimage\"},\"image\":{\"@id\":\"http:\/\/karaiexclusiveracing.hu\/de\/produkt\/mercedes-benz-w124-e250-td-klimas\/#primaryimage\"},\"thumbnailUrl\":\"https:\/\/karaiexclusiveracing.hu\/wp-content\/uploads\/2024\/08\/SOLD-3.png\",\"datePublished\":\"2024-08-17T07:20:30+00:00\",\"dateModified\":\"2025-09-02T08:39:26+00:00\",\"breadcrumb\":{\"@id\":\"http:\/\/karaiexclusiveracing.hu\/de\/produkt\/mercedes-benz-w124-e250-td-klimas\/#breadcrumb\"},\"inLanguage\":\"de\",\"potentialAction\":[{\"@type\":\"ReadAction\",\"target\":[\"http:\/\/karaiexclusiveracing.hu\/de\/produkt\/mercedes-benz-w124-e250-td-klimas\/\"]}]},{\"@type\":\"ImageObject\",\"inLanguage\":\"de\",\"@id\":\"http:\/\/karaiexclusiveracing.hu\/de\/produkt\/mercedes-benz-w124-e250-td-klimas\/#primaryimage\",\"url\":\"https:\/\/karaiexclusiveracing.hu\/wp-content\/uploads\/2024\/08\/SOLD-3.png\",\"contentUrl\":\"https:\/\/karaiexclusiveracing.hu\/wp-content\/uploads\/2024\/08\/SOLD-3.png\",\"width\":2560,\"height\":1920},{\"@type\":\"BreadcrumbList\",\"@id\":\"http:\/\/karaiexclusiveracing.hu\/de\/produkt\/mercedes-benz-w124-e250-td-klimas\/#breadcrumb\",\"itemListElement\":[{\"@type\":\"ListItem\",\"position\":1,\"name\":\"Kezd\u0151lap\",\"item\":\"https:\/\/karaiexclusiveracing.hu\/\"},{\"@type\":\"ListItem\",\"position\":2,\"name\":\"Elad\u00f3 aut\u00f3k\",\"item\":\"https:\/\/karaiexclusiveracing.hu\/elado-autok\/\"},{\"@type\":\"ListItem\",\"position\":3,\"name\":\"Mercedes-Benz W124 E250 TD Kl\u00edm\u00e1s &#8211; SOLD\"}]},{\"@type\":\"WebSite\",\"@id\":\"https:\/\/karaiexclusiveracing.hu\/#website\",\"url\":\"https:\/\/karaiexclusiveracing.hu\/\",\"name\":\"K\u00e1rai Exclusive Racing\",\"description\":\"\",\"publisher\":{\"@id\":\"https:\/\/karaiexclusiveracing.hu\/#organization\"},\"potentialAction\":[{\"@type\":\"SearchAction\",\"target\":{\"@type\":\"EntryPoint\",\"urlTemplate\":\"https:\/\/karaiexclusiveracing.hu\/?s={search_term_string}\"},\"query-input\":{\"@type\":\"PropertyValueSpecification\",\"valueRequired\":true,\"valueName\":\"search_term_string\"}}],\"inLanguage\":\"de\"},{\"@type\":\"Organization\",\"@id\":\"https:\/\/karaiexclusiveracing.hu\/#organization\",\"name\":\"K\u00e1rai Exclusive Racing\",\"url\":\"https:\/\/karaiexclusiveracing.hu\/\",\"logo\":{\"@type\":\"ImageObject\",\"inLanguage\":\"de\",\"@id\":\"https:\/\/karaiexclusiveracing.hu\/#\/schema\/logo\/image\/\",\"url\":\"https:\/\/www.karaiexclusiveracing.hu\/wp-content\/uploads\/2023\/10\/karai_exclusive_logo-1-1.png\",\"contentUrl\":\"https:\/\/www.karaiexclusiveracing.hu\/wp-content\/uploads\/2023\/10\/karai_exclusive_logo-1-1.png\",\"width\":1575,\"height\":435,\"caption\":\"K\u00e1rai Exclusive Racing\"},\"image\":{\"@id\":\"https:\/\/karaiexclusiveracing.hu\/#\/schema\/logo\/image\/\"},\"sameAs\":[\"https:\/\/www.facebook.com\/karaiexclusiveracing.hu\",\"https:\/\/www.instagram.com\/karaiexclusiveracing\/\"]}]}<\/script>\n<!-- \/ Yoast SEO Premium plugin. -->","yoast_head_json":{"title":"Mercedes-Benz W124 E250 TD Kl\u00edm\u00e1s - SOLD - K\u00e1rai Exclusive","robots":{"index":"index","follow":"follow","max-snippet":"max-snippet:-1","max-image-preview":"max-image-preview:large","max-video-preview":"max-video-preview:-1"},"canonical":"http:\/\/karaiexclusiveracing.hu\/de\/produkt\/mercedes-benz-w124-e250-td-klimas\/","og_locale":"de_DE","og_type":"article","og_title":"Mercedes-Benz W124 E250 TD Kl\u00edm\u00e1s - SOLD","og_description":"Mercedes-Benz E250 td kort\u00e1rsaihoz k\u00e9pest kimagasl\u00f3 \u00e1llapotnak \u00f6rvend! Gy\u00e1ri kulcsok, szerv\u00edzk\u00f6nyv, \u00f6sszes gy\u00e1ri dokument\u00e1ci\u00f3. Az aut\u00f3 2010 ben \u00e9rkezett az orsz\u00e1gba az\u00f3ta mi vagyunk a 4. Tulaja. Az aut\u00f3ban minden m\u0171k\u00f6dik semmilyen hibajelz\u0151 l\u00e1mpa nem vil\u00e1g\u00edt! M\u0171k\u00f6d\u0151 Kl\u00edma! B\u00e1rmennyire is j\u00f3 \u00e1llapotban van az aut\u00f3 sajnos a h\u00e1ts\u00f3 fut\u00f3m\u0171 bek\u00f6t\u00e9si pontokkal foglalkozni kell. (Ig\u00e9ny szerint [&hellip;]","og_url":"http:\/\/karaiexclusiveracing.hu\/de\/produkt\/mercedes-benz-w124-e250-td-klimas\/","og_site_name":"K\u00e1rai Exclusive","article_publisher":"https:\/\/www.facebook.com\/karaiexclusiveracing.hu","article_modified_time":"2025-09-02T08:39:26+00:00","og_image":[{"width":1024,"height":768,"url":"https:\/\/karaiexclusiveracing.hu\/wp-content\/uploads\/2024\/08\/SOLD-3-1024x768.png","type":"image\/png"}],"twitter_card":"summary_large_image","twitter_misc":{"Gesch\u00e4tzte Lesezeit":"1\u00a0Minute"},"schema":{"@context":"https:\/\/schema.org","@graph":[{"@type":"WebPage","@id":"http:\/\/karaiexclusiveracing.hu\/de\/produkt\/mercedes-benz-w124-e250-td-klimas\/","url":"http:\/\/karaiexclusiveracing.hu\/de\/produkt\/mercedes-benz-w124-e250-td-klimas\/","name":"Mercedes-Benz W124 E250 TD Kl\u00edm\u00e1s - SOLD - K\u00e1rai Exclusive","isPartOf":{"@id":"https:\/\/karaiexclusiveracing.hu\/#website"},"primaryImageOfPage":{"@id":"http:\/\/karaiexclusiveracing.hu\/de\/produkt\/mercedes-benz-w124-e250-td-klimas\/#primaryimage"},"image":{"@id":"http:\/\/karaiexclusiveracing.hu\/de\/produkt\/mercedes-benz-w124-e250-td-klimas\/#primaryimage"},"thumbnailUrl":"https:\/\/karaiexclusiveracing.hu\/wp-content\/uploads\/2024\/08\/SOLD-3.png","datePublished":"2024-08-17T07:20:30+00:00","dateModified":"2025-09-02T08:39:26+00:00","breadcrumb":{"@id":"http:\/\/karaiexclusiveracing.hu\/de\/produkt\/mercedes-benz-w124-e250-td-klimas\/#breadcrumb"},"inLanguage":"de","potentialAction":[{"@type":"ReadAction","target":["http:\/\/karaiexclusiveracing.hu\/de\/produkt\/mercedes-benz-w124-e250-td-klimas\/"]}]},{"@type":"ImageObject","inLanguage":"de","@id":"http:\/\/karaiexclusiveracing.hu\/de\/produkt\/mercedes-benz-w124-e250-td-klimas\/#primaryimage","url":"https:\/\/karaiexclusiveracing.hu\/wp-content\/uploads\/2024\/08\/SOLD-3.png","contentUrl":"https:\/\/karaiexclusiveracing.hu\/wp-content\/uploads\/2024\/08\/SOLD-3.png","width":2560,"height":1920},{"@type":"BreadcrumbList","@id":"http:\/\/karaiexclusiveracing.hu\/de\/produkt\/mercedes-benz-w124-e250-td-klimas\/#breadcrumb","itemListElement":[{"@type":"ListItem","position":1,"name":"Kezd\u0151lap","item":"https:\/\/karaiexclusiveracing.hu\/"},{"@type":"ListItem","position":2,"name":"Elad\u00f3 aut\u00f3k","item":"https:\/\/karaiexclusiveracing.hu\/elado-autok\/"},{"@type":"ListItem","position":3,"name":"Mercedes-Benz W124 E250 TD Kl\u00edm\u00e1s &#8211; SOLD"}]},{"@type":"WebSite","@id":"https:\/\/karaiexclusiveracing.hu\/#website","url":"https:\/\/karaiexclusiveracing.hu\/","name":"K\u00e1rai Exclusive Racing","description":"","publisher":{"@id":"https:\/\/karaiexclusiveracing.hu\/#organization"},"potentialAction":[{"@type":"SearchAction","target":{"@type":"EntryPoint","urlTemplate":"https:\/\/karaiexclusiveracing.hu\/?s={search_term_string}"},"query-input":{"@type":"PropertyValueSpecification","valueRequired":true,"valueName":"search_term_string"}}],"inLanguage":"de"},{"@type":"Organization","@id":"https:\/\/karaiexclusiveracing.hu\/#organization","name":"K\u00e1rai Exclusive Racing","url":"https:\/\/karaiexclusiveracing.hu\/","logo":{"@type":"ImageObject","inLanguage":"de","@id":"https:\/\/karaiexclusiveracing.hu\/#\/schema\/logo\/image\/","url":"https:\/\/www.karaiexclusiveracing.hu\/wp-content\/uploads\/2023\/10\/karai_exclusive_logo-1-1.png","contentUrl":"https:\/\/www.karaiexclusiveracing.hu\/wp-content\/uploads\/2023\/10\/karai_exclusive_logo-1-1.png","width":1575,"height":435,"caption":"K\u00e1rai Exclusive Racing"},"image":{"@id":"https:\/\/karaiexclusiveracing.hu\/#\/schema\/logo\/image\/"},"sameAs":["https:\/\/www.facebook.com\/karaiexclusiveracing.hu","https:\/\/www.instagram.com\/karaiexclusiveracing\/"]}]}},"_links":{"self":[{"href":"http:\/\/karaiexclusiveracing.hu\/de\/wp-json\/wp\/v2\/product\/20698","targetHints":{"allow":["GET"]}}],"collection":[{"href":"http:\/\/karaiexclusiveracing.hu\/de\/wp-json\/wp\/v2\/product"}],"about":[{"href":"http:\/\/karaiexclusiveracing.hu\/de\/wp-json\/wp\/v2\/types\/product"}],"wp:featuredmedia":[{"embeddable":true,"href":"http:\/\/karaiexclusiveracing.hu\/de\/wp-json\/wp\/v2\/media\/21362"}],"wp:attachment":[{"href":"http:\/\/karaiexclusiveracing.hu\/de\/wp-json\/wp\/v2\/media?parent=20698"}],"wp:term":[{"taxonomy":"manufactures","embeddable":true,"href":"http:\/\/karaiexclusiveracing.hu\/de\/wp-json\/wp\/v2\/manufactures?post=20698"},{"taxonomy":"product_brand","embeddable":true,"href":"http:\/\/karaiexclusiveracing.hu\/de\/wp-json\/wp\/v2\/product_brand?post=20698"},{"taxonomy":"product_cat","embeddable":true,"href":"http:\/\/karaiexclusiveracing.hu\/de\/wp-json\/wp\/v2\/product_cat?post=20698"},{"taxonomy":"product_tag","embeddable":true,"href":"http:\/\/karaiexclusiveracing.hu\/de\/wp-json\/wp\/v2\/product_tag?post=20698"}],"curies":[{"name":"wp","href":"https:\/\/api.w.org\/{rel}","templated":true}]}}