{"id":20592,"date":"2024-08-12T14:04:37","date_gmt":"2024-08-12T12:04:37","guid":{"rendered":"https:\/\/www.karaiexclusiveracing.hu\/?post_type=product&#038;p=20592"},"modified":"2025-09-02T10:39:51","modified_gmt":"2025-09-02T08:39:51","slug":"mini-cooper-s","status":"publish","type":"product","link":"http:\/\/karaiexclusiveracing.hu\/de\/termek\/mini-cooper-s\/","title":{"rendered":"Mini Cooper S &#8211; SOLD"},"content":{"rendered":"<p>Mini Cooper Jhon Cooper Works limited edition. AZ AUT\u00d3 MOTORHIB\u00c1S. Jelenleg sz\u00e9t van szedve! (1 db dugatty\u00fa elolvadt) A motorhib\u00e1n k\u00edv\u00fcl az aut\u00f3 nagyon j\u00f3 m\u0171szaki \u00e9s eszt\u00e9tikai \u00e1llapotban van! Leinform\u00e1lhat\u00f3 szerv\u00edz m\u00falt, vezetett szerv\u00edzk\u00f6nyv! Az aut\u00f3val az elm\u00falt \u00e9vekben rengeteket foglalkoztak (\u00faj turb\u00f3 stb.) B\u0151vebb inform\u00e1ci\u00f3 Telefonon!<\/p>","protected":false},"excerpt":{"rendered":"<p>Mini Cooper Jhon Cooper Works limited edition. AZ AUT\u00d3 MOTORHIB\u00c1S. Jelenleg sz\u00e9t van szedve! (1 db dugatty\u00fa elolvadt) A motorhib\u00e1n k\u00edv\u00fcl az aut\u00f3 nagyon j\u00f3 m\u0171szaki \u00e9s eszt\u00e9tikai \u00e1llapotban van! Leinform\u00e1lhat\u00f3 szerv\u00edz m\u00falt, vezetett szerv\u00edzk\u00f6nyv! Az aut\u00f3val az elm\u00falt \u00e9vekben rengeteket foglalkoztak (\u00faj turb\u00f3 stb.) B\u0151vebb inform\u00e1ci\u00f3 Telefonon!<\/p>","protected":false},"featured_media":21219,"template":"","meta":{"_acf_changed":false},"manufactures":[],"product_brand":[],"product_cat":[25],"product_tag":[139,109],"class_list":{"0":"post-20592","1":"product","2":"type-product","3":"status-publish","4":"has-post-thumbnail","6":"product_cat-streetcar","7":"product_tag-mini","8":"product_tag-sold","10":"first","11":"instock","12":"taxable","13":"shipping-taxable","14":"purchasable","15":"product-type-simple"},"exclude_global_add_ons":[],"addons":[],"acf":[],"yoast_head":"<!-- This site is optimized with the Yoast SEO Premium plugin v27.1 (Yoast SEO v27.2) - https:\/\/yoast.com\/product\/yoast-seo-premium-wordpress\/ -->\n<title>Mini Cooper S - SOLD - K\u00e1rai Exclusive<\/title>\n<meta name=\"robots\" content=\"index, follow, max-snippet:-1, max-image-preview:large, max-video-preview:-1\" \/>\n<link rel=\"canonical\" href=\"https:\/\/karaiexclusiveracing.hu\/de\/produkt\/mini-cooper-s\/\" \/>\n<meta property=\"og:locale\" content=\"de_DE\" \/>\n<meta property=\"og:type\" content=\"article\" \/>\n<meta property=\"og:title\" content=\"Mini Cooper S - SOLD\" \/>\n<meta property=\"og:description\" content=\"Mini Cooper Jhon Cooper Works limited edition. AZ AUT\u00d3 MOTORHIB\u00c1S. Jelenleg sz\u00e9t van szedve! (1 db dugatty\u00fa elolvadt) A motorhib\u00e1n k\u00edv\u00fcl az aut\u00f3 nagyon j\u00f3 m\u0171szaki \u00e9s eszt\u00e9tikai \u00e1llapotban van! Leinform\u00e1lhat\u00f3 szerv\u00edz m\u00falt, vezetett szerv\u00edzk\u00f6nyv! Az aut\u00f3val az elm\u00falt \u00e9vekben rengeteket foglalkoztak (\u00faj turb\u00f3 stb.) B\u0151vebb inform\u00e1ci\u00f3 Telefonon!\" \/>\n<meta property=\"og:url\" content=\"https:\/\/karaiexclusiveracing.hu\/de\/produkt\/mini-cooper-s\/\" \/>\n<meta property=\"og:site_name\" content=\"K\u00e1rai Exclusive\" \/>\n<meta property=\"article:publisher\" content=\"https:\/\/www.facebook.com\/karaiexclusiveracing.hu\" \/>\n<meta property=\"article:modified_time\" content=\"2025-09-02T08:39:51+00:00\" \/>\n<meta property=\"og:image\" content=\"https:\/\/karaiexclusiveracing.hu\/wp-content\/uploads\/2024\/08\/SOLD-1.png\" \/>\n\t<meta property=\"og:image:width\" content=\"659\" \/>\n\t<meta property=\"og:image:height\" content=\"752\" \/>\n\t<meta property=\"og:image:type\" content=\"image\/png\" \/>\n<meta name=\"twitter:card\" content=\"summary_large_image\" \/>\n<meta name=\"twitter:label1\" content=\"Gesch\u00e4tzte Lesezeit\" \/>\n\t<meta name=\"twitter:data1\" content=\"1\u00a0Minute\" \/>\n<script type=\"application\/ld+json\" class=\"yoast-schema-graph\">{\"@context\":\"https:\/\/schema.org\",\"@graph\":[{\"@type\":\"WebPage\",\"@id\":\"https:\/\/karaiexclusiveracing.hu\/termek\/mini-cooper-s\/\",\"url\":\"https:\/\/karaiexclusiveracing.hu\/termek\/mini-cooper-s\/\",\"name\":\"Mini Cooper S - SOLD - K\u00e1rai Exclusive\",\"isPartOf\":{\"@id\":\"https:\/\/karaiexclusiveracing.hu\/#website\"},\"primaryImageOfPage\":{\"@id\":\"https:\/\/karaiexclusiveracing.hu\/termek\/mini-cooper-s\/#primaryimage\"},\"image\":{\"@id\":\"https:\/\/karaiexclusiveracing.hu\/termek\/mini-cooper-s\/#primaryimage\"},\"thumbnailUrl\":\"https:\/\/karaiexclusiveracing.hu\/wp-content\/uploads\/2024\/08\/SOLD-1.png\",\"datePublished\":\"2024-08-12T12:04:37+00:00\",\"dateModified\":\"2025-09-02T08:39:51+00:00\",\"breadcrumb\":{\"@id\":\"https:\/\/karaiexclusiveracing.hu\/termek\/mini-cooper-s\/#breadcrumb\"},\"inLanguage\":\"de\",\"potentialAction\":[{\"@type\":\"ReadAction\",\"target\":[\"https:\/\/karaiexclusiveracing.hu\/termek\/mini-cooper-s\/\"]}]},{\"@type\":\"ImageObject\",\"inLanguage\":\"de\",\"@id\":\"https:\/\/karaiexclusiveracing.hu\/termek\/mini-cooper-s\/#primaryimage\",\"url\":\"https:\/\/karaiexclusiveracing.hu\/wp-content\/uploads\/2024\/08\/SOLD-1.png\",\"contentUrl\":\"https:\/\/karaiexclusiveracing.hu\/wp-content\/uploads\/2024\/08\/SOLD-1.png\",\"width\":659,\"height\":752},{\"@type\":\"BreadcrumbList\",\"@id\":\"https:\/\/karaiexclusiveracing.hu\/termek\/mini-cooper-s\/#breadcrumb\",\"itemListElement\":[{\"@type\":\"ListItem\",\"position\":1,\"name\":\"Kezd\u0151lap\",\"item\":\"https:\/\/karaiexclusiveracing.hu\/\"},{\"@type\":\"ListItem\",\"position\":2,\"name\":\"Elad\u00f3 aut\u00f3k\",\"item\":\"https:\/\/karaiexclusiveracing.hu\/elado-autok\/\"},{\"@type\":\"ListItem\",\"position\":3,\"name\":\"Mini Cooper S &#8211; SOLD\"}]},{\"@type\":\"WebSite\",\"@id\":\"https:\/\/karaiexclusiveracing.hu\/#website\",\"url\":\"https:\/\/karaiexclusiveracing.hu\/\",\"name\":\"K\u00e1rai Exclusive Racing\",\"description\":\"\",\"publisher\":{\"@id\":\"https:\/\/karaiexclusiveracing.hu\/#organization\"},\"potentialAction\":[{\"@type\":\"SearchAction\",\"target\":{\"@type\":\"EntryPoint\",\"urlTemplate\":\"https:\/\/karaiexclusiveracing.hu\/?s={search_term_string}\"},\"query-input\":{\"@type\":\"PropertyValueSpecification\",\"valueRequired\":true,\"valueName\":\"search_term_string\"}}],\"inLanguage\":\"de\"},{\"@type\":\"Organization\",\"@id\":\"https:\/\/karaiexclusiveracing.hu\/#organization\",\"name\":\"K\u00e1rai Exclusive Racing\",\"url\":\"https:\/\/karaiexclusiveracing.hu\/\",\"logo\":{\"@type\":\"ImageObject\",\"inLanguage\":\"de\",\"@id\":\"https:\/\/karaiexclusiveracing.hu\/#\/schema\/logo\/image\/\",\"url\":\"https:\/\/www.karaiexclusiveracing.hu\/wp-content\/uploads\/2023\/10\/karai_exclusive_logo-1-1.png\",\"contentUrl\":\"https:\/\/www.karaiexclusiveracing.hu\/wp-content\/uploads\/2023\/10\/karai_exclusive_logo-1-1.png\",\"width\":1575,\"height\":435,\"caption\":\"K\u00e1rai Exclusive Racing\"},\"image\":{\"@id\":\"https:\/\/karaiexclusiveracing.hu\/#\/schema\/logo\/image\/\"},\"sameAs\":[\"https:\/\/www.facebook.com\/karaiexclusiveracing.hu\",\"https:\/\/www.instagram.com\/karaiexclusiveracing\/\"]}]}<\/script>\n<!-- \/ Yoast SEO Premium plugin. -->","yoast_head_json":{"title":"Mini Cooper S - SOLD - K\u00e1rai Exclusive","robots":{"index":"index","follow":"follow","max-snippet":"max-snippet:-1","max-image-preview":"max-image-preview:large","max-video-preview":"max-video-preview:-1"},"canonical":"https:\/\/karaiexclusiveracing.hu\/de\/produkt\/mini-cooper-s\/","og_locale":"de_DE","og_type":"article","og_title":"Mini Cooper S - SOLD","og_description":"Mini Cooper Jhon Cooper Works limited edition. AZ AUT\u00d3 MOTORHIB\u00c1S. Jelenleg sz\u00e9t van szedve! (1 db dugatty\u00fa elolvadt) A motorhib\u00e1n k\u00edv\u00fcl az aut\u00f3 nagyon j\u00f3 m\u0171szaki \u00e9s eszt\u00e9tikai \u00e1llapotban van! Leinform\u00e1lhat\u00f3 szerv\u00edz m\u00falt, vezetett szerv\u00edzk\u00f6nyv! Az aut\u00f3val az elm\u00falt \u00e9vekben rengeteket foglalkoztak (\u00faj turb\u00f3 stb.) B\u0151vebb inform\u00e1ci\u00f3 Telefonon!","og_url":"https:\/\/karaiexclusiveracing.hu\/de\/produkt\/mini-cooper-s\/","og_site_name":"K\u00e1rai Exclusive","article_publisher":"https:\/\/www.facebook.com\/karaiexclusiveracing.hu","article_modified_time":"2025-09-02T08:39:51+00:00","og_image":[{"width":659,"height":752,"url":"https:\/\/karaiexclusiveracing.hu\/wp-content\/uploads\/2024\/08\/SOLD-1.png","type":"image\/png"}],"twitter_card":"summary_large_image","twitter_misc":{"Gesch\u00e4tzte Lesezeit":"1\u00a0Minute"},"schema":{"@context":"https:\/\/schema.org","@graph":[{"@type":"WebPage","@id":"https:\/\/karaiexclusiveracing.hu\/termek\/mini-cooper-s\/","url":"https:\/\/karaiexclusiveracing.hu\/termek\/mini-cooper-s\/","name":"Mini Cooper S - SOLD - K\u00e1rai Exclusive","isPartOf":{"@id":"https:\/\/karaiexclusiveracing.hu\/#website"},"primaryImageOfPage":{"@id":"https:\/\/karaiexclusiveracing.hu\/termek\/mini-cooper-s\/#primaryimage"},"image":{"@id":"https:\/\/karaiexclusiveracing.hu\/termek\/mini-cooper-s\/#primaryimage"},"thumbnailUrl":"https:\/\/karaiexclusiveracing.hu\/wp-content\/uploads\/2024\/08\/SOLD-1.png","datePublished":"2024-08-12T12:04:37+00:00","dateModified":"2025-09-02T08:39:51+00:00","breadcrumb":{"@id":"https:\/\/karaiexclusiveracing.hu\/termek\/mini-cooper-s\/#breadcrumb"},"inLanguage":"de","potentialAction":[{"@type":"ReadAction","target":["https:\/\/karaiexclusiveracing.hu\/termek\/mini-cooper-s\/"]}]},{"@type":"ImageObject","inLanguage":"de","@id":"https:\/\/karaiexclusiveracing.hu\/termek\/mini-cooper-s\/#primaryimage","url":"https:\/\/karaiexclusiveracing.hu\/wp-content\/uploads\/2024\/08\/SOLD-1.png","contentUrl":"https:\/\/karaiexclusiveracing.hu\/wp-content\/uploads\/2024\/08\/SOLD-1.png","width":659,"height":752},{"@type":"BreadcrumbList","@id":"https:\/\/karaiexclusiveracing.hu\/termek\/mini-cooper-s\/#breadcrumb","itemListElement":[{"@type":"ListItem","position":1,"name":"Kezd\u0151lap","item":"https:\/\/karaiexclusiveracing.hu\/"},{"@type":"ListItem","position":2,"name":"Elad\u00f3 aut\u00f3k","item":"https:\/\/karaiexclusiveracing.hu\/elado-autok\/"},{"@type":"ListItem","position":3,"name":"Mini Cooper S &#8211; SOLD"}]},{"@type":"WebSite","@id":"https:\/\/karaiexclusiveracing.hu\/#website","url":"https:\/\/karaiexclusiveracing.hu\/","name":"K\u00e1rai Exclusive Racing","description":"","publisher":{"@id":"https:\/\/karaiexclusiveracing.hu\/#organization"},"potentialAction":[{"@type":"SearchAction","target":{"@type":"EntryPoint","urlTemplate":"https:\/\/karaiexclusiveracing.hu\/?s={search_term_string}"},"query-input":{"@type":"PropertyValueSpecification","valueRequired":true,"valueName":"search_term_string"}}],"inLanguage":"de"},{"@type":"Organization","@id":"https:\/\/karaiexclusiveracing.hu\/#organization","name":"K\u00e1rai Exclusive Racing","url":"https:\/\/karaiexclusiveracing.hu\/","logo":{"@type":"ImageObject","inLanguage":"de","@id":"https:\/\/karaiexclusiveracing.hu\/#\/schema\/logo\/image\/","url":"https:\/\/www.karaiexclusiveracing.hu\/wp-content\/uploads\/2023\/10\/karai_exclusive_logo-1-1.png","contentUrl":"https:\/\/www.karaiexclusiveracing.hu\/wp-content\/uploads\/2023\/10\/karai_exclusive_logo-1-1.png","width":1575,"height":435,"caption":"K\u00e1rai Exclusive Racing"},"image":{"@id":"https:\/\/karaiexclusiveracing.hu\/#\/schema\/logo\/image\/"},"sameAs":["https:\/\/www.facebook.com\/karaiexclusiveracing.hu","https:\/\/www.instagram.com\/karaiexclusiveracing\/"]}]}},"_links":{"self":[{"href":"http:\/\/karaiexclusiveracing.hu\/de\/wp-json\/wp\/v2\/product\/20592","targetHints":{"allow":["GET"]}}],"collection":[{"href":"http:\/\/karaiexclusiveracing.hu\/de\/wp-json\/wp\/v2\/product"}],"about":[{"href":"http:\/\/karaiexclusiveracing.hu\/de\/wp-json\/wp\/v2\/types\/product"}],"wp:featuredmedia":[{"embeddable":true,"href":"http:\/\/karaiexclusiveracing.hu\/de\/wp-json\/wp\/v2\/media\/21219"}],"wp:attachment":[{"href":"http:\/\/karaiexclusiveracing.hu\/de\/wp-json\/wp\/v2\/media?parent=20592"}],"wp:term":[{"taxonomy":"manufactures","embeddable":true,"href":"http:\/\/karaiexclusiveracing.hu\/de\/wp-json\/wp\/v2\/manufactures?post=20592"},{"taxonomy":"product_brand","embeddable":true,"href":"http:\/\/karaiexclusiveracing.hu\/de\/wp-json\/wp\/v2\/product_brand?post=20592"},{"taxonomy":"product_cat","embeddable":true,"href":"http:\/\/karaiexclusiveracing.hu\/de\/wp-json\/wp\/v2\/product_cat?post=20592"},{"taxonomy":"product_tag","embeddable":true,"href":"http:\/\/karaiexclusiveracing.hu\/de\/wp-json\/wp\/v2\/product_tag?post=20592"}],"curies":[{"name":"wp","href":"https:\/\/api.w.org\/{rel}","templated":true}]}}