{"id":20477,"date":"2024-07-22T11:04:30","date_gmt":"2024-07-22T09:04:30","guid":{"rendered":"https:\/\/www.karaiexclusiveracing.hu\/?post_type=product&#038;p=20477"},"modified":"2026-02-04T11:05:31","modified_gmt":"2026-02-04T10:05:31","slug":"opel-ascona-c","status":"publish","type":"product","link":"http:\/\/karaiexclusiveracing.hu\/de\/termek\/opel-ascona-c\/","title":{"rendered":"Opel Ascona CD Exclusive"},"content":{"rendered":"<p>Elad\u00f3 egy k\u00fcl\u00f6nleges <strong>Opel Ascona CD Exclusive<\/strong>, amely gy\u0171jt\u0151knek \u00e9s aut\u00f3rajong\u00f3knak egyar\u00e1nt t\u00f6k\u00e9letes v\u00e1laszt\u00e1s. Az aut\u00f3 ritka k\u00fcls\u0151 \u00e9s bels\u0151 felszerelts\u00e9ggel, valamint teljesen fel\u00faj\u00edtott motorral rendelkezik, amely mind\u00f6ssze <strong>3000 km-t futott<\/strong> a fel\u00faj\u00edt\u00e1s \u00f3ta.<\/p>\n<p>Az aut\u00f3 sportos megjelen\u00e9s\u00e9t a <strong>gy\u00e1ri k\u00fcsz\u00f6b spoiler<\/strong>, az <strong>Irmscher csomagtart\u00f3 spoiler<\/strong>, a <strong>GT h\u0171t\u0151maszk<\/strong>, valamint a <strong>s\u00e1rga Hella Comet 450 k\u00f6dl\u00e1mp\u00e1k<\/strong> emelik ki. A karossz\u00e9ria \u00e9s a teljes\u00edtm\u00e9ny \u00f6sszhangj\u00e1t az <strong>\u00faj Michelin Pilot Sport 3 FSL gumik<\/strong>, a <strong>15 colos RONAL k\u00f6nny\u0171f\u00e9m felnik<\/strong> \u00e9s a gy\u00e1ri GM s\u00e1rfog\u00f3k biztos\u00edtj\u00e1k.<\/p>\n<p>A j\u00e1rm\u0171 eset\u00e9ben BMW Klasszik aut\u00f3besz\u00e1m\u00edt\u00e1s, illetve csere is sz\u00f3ba j\u00f6het.<\/p>\n<p><strong>K\u00fcls\u0151 felszerel\u00e9sek:<\/strong><\/p>\n<ul>\n<li>Gy\u00e1ri k\u00fcsz\u00f6b spoiler<\/li>\n<li>Irmscher csomagtart\u00f3 spoiler<\/li>\n<li>GT h\u0171t\u0151maszk<\/li>\n<li>S\u00e1rga Hella Comet 450 k\u00f6dl\u00e1mp\u00e1k<\/li>\n<li>15 colos RONAL k\u00f6nny\u0171f\u00e9m felnik<\/li>\n<li>\u00daj Michelin Pilot Sport 3 gumik<\/li>\n<\/ul>\n<p>&nbsp;<\/p>\n<p><strong>Ablakok \u00e9s t\u00fckr\u00f6k:<\/strong><\/p>\n<ul>\n<li>Z\u00f6ld sz\u00ednezett \u00fcvegek<\/li>\n<li>S\u00f6t\u00e9t\u00edtett \u00fcvegek (m\u0171bizonylattal)<\/li>\n<li>Elektromos \u00e9s f\u0171thet\u0151 t\u00fckr\u00f6k<\/li>\n<li>El\u00f6l elektromos ablakemel\u0151<\/li>\n<\/ul>\n<h3><\/h3>\n<p><strong>Motor:<\/strong><\/p>\n<ul>\n<li><strong>C20NE motork\u00f3d<\/strong> \u2013 teljes fel\u00faj\u00edt\u00e1s (~3000 km)<\/li>\n<li>\u00daj MAHLE dugatty\u00fak \u00e9s vez\u00e9rl\u00e9s<\/li>\n<li>45-\u00f6s WEBER karbur\u00e1torok<\/li>\n<li>K\u00f6nny\u00edtett, grammolt f\u0151tengely<\/li>\n<li>Nagy szelepes hengerfej, foszforbronz szelepvezet\u0151k<\/li>\n<li>296-os SCHRICK vez\u00e9rm\u0171tengely<\/li>\n<li>Pol\u00edrozott sz\u00edv\u00f3- \u00e9s kipufog\u00f3csatorn\u00e1k<\/li>\n<\/ul>\n<p>&nbsp;<\/p>\n<p><strong>Kipufog\u00f3rendszer:<\/strong><\/p>\n<ul>\n<li>Rozsdamentes ac\u00e9l 60 mm-es rendszer<\/li>\n<li>Mattig kipufog\u00f3v\u00e9g \u00e9s LEXMAUL 4-2-1 le\u00f6ml\u0151<\/li>\n<\/ul>\n<p>&nbsp;<\/p>\n<p><strong>Sebess\u00e9gv\u00e1lt\u00f3:<\/strong><\/p>\n<ul>\n<li>Egyedileg \u00f6sszerakott Vectra 4\u00d74 F20 v\u00e1lt\u00f3<\/li>\n<li>\u00daj szinkronok, hossz\u00fa 5. fokozat<\/li>\n<li>K\u00f6nny\u00edtett lendker\u00e9k<\/li>\n<\/ul>\n<p>&nbsp;<\/p>\n<p><strong>Fut\u00f3m\u0171 \u00e9s f\u00e9krendszer:<\/strong><\/p>\n<ul>\n<li>256 mm-es ATE PowerDisc t\u00e1rcsaf\u00e9kek el\u00f6l, dobf\u00e9k h\u00e1tul<\/li>\n<li>\u00c1ll\u00edthat\u00f3 s\u00e1rga KONI Sport leng\u00e9scsillap\u00edt\u00f3k el\u00f6l<\/li>\n<li>KYB Ultra SR leng\u00e9scsillap\u00edt\u00f3k h\u00e1tul<\/li>\n<li>Eibach Pro-Kit \u00fcltet\u0151rug\u00f3k<\/li>\n<li>Wiechers toronymerev\u00edt\u0151k el\u00f6l \u00e9s h\u00e1tul<\/li>\n<\/ul>\n<p>&nbsp;<\/p>\n<p><strong>Korm\u00e1ny \u00e9s m\u0171szerfal:<\/strong><\/p>\n<ul>\n<li>Gy\u00e1ri \u00faj Irmscher b\u0151rkorm\u00e1ny<\/li>\n<li>RAID HP korm\u00e1ny hub<\/li>\n<li>GSI digit\u00e1lis m\u0171szerfal<\/li>\n<li>Gy\u00e1ri Broad Computer (nem m\u0171k\u00f6dik a karbur\u00e1tor miatt)<\/li>\n<\/ul>\n<p>&nbsp;<\/p>\n<p><strong>Hifi rendszer:<\/strong><\/p>\n<ul>\n<li>Kenwood KDC-BT640U aut\u00f3r\u00e1di\u00f3<\/li>\n<li>MAC Audio Olympic Gold 6\u00d79 h\u00e1ts\u00f3 kevl\u00e1r hangsz\u00f3r\u00f3k<\/li>\n<li>MacAudio Fearless 5000 D er\u0151s\u00edt\u0151<\/li>\n<\/ul>\n<p>&nbsp;<\/p>\n<p><strong>A j\u00e1rm\u0171 el\u0151zetes egyeztet\u00e9s ut\u00e1n megtekinthet\u0151 Nagytarcs\u00e1n, a Fels\u0151 Ipari K\u00f6r\u00fat 2\/C c\u00edmen.<br \/>\nTov\u00e1bbi inform\u00e1ci\u00f3\u00e9rt \u00e9rdekl\u0151dj telefonon!<\/strong><\/p>","protected":false},"excerpt":{"rendered":"<p>Elad\u00f3 egy k\u00fcl\u00f6nleges Opel Ascona CD Exclusive, amely gy\u0171jt\u0151knek \u00e9s aut\u00f3rajong\u00f3knak egyar\u00e1nt t\u00f6k\u00e9letes v\u00e1laszt\u00e1s. Az aut\u00f3 ritka k\u00fcls\u0151 \u00e9s bels\u0151 felszerelts\u00e9ggel, valamint teljesen fel\u00faj\u00edtott motorral rendelkezik, amely mind\u00f6ssze 3000 km-t futott a fel\u00faj\u00edt\u00e1s \u00f3ta. Az aut\u00f3 sportos megjelen\u00e9s\u00e9t a gy\u00e1ri k\u00fcsz\u00f6b spoiler, az Irmscher csomagtart\u00f3 spoiler, a GT h\u0171t\u0151maszk, valamint a s\u00e1rga Hella Comet 450 [&hellip;]<\/p>\n","protected":false},"featured_media":20178,"template":"","meta":{"_acf_changed":false},"manufactures":[],"product_brand":[],"product_cat":[24],"product_tag":[],"class_list":{"0":"post-20477","1":"product","2":"type-product","3":"status-publish","4":"has-post-thumbnail","6":"product_cat-classic-car","8":"first","9":"instock","10":"taxable","11":"shipping-taxable","12":"purchasable","13":"product-type-simple"},"exclude_global_add_ons":[],"addons":[],"acf":[],"yoast_head":"<!-- This site is optimized with the Yoast SEO Premium plugin v27.1 (Yoast SEO v27.2) - https:\/\/yoast.com\/product\/yoast-seo-premium-wordpress\/ -->\n<title>Opel Ascona CD Exclusive - K\u00e1rai Exclusive<\/title>\n<meta name=\"description\" content=\"Gy\u00e1ri k\u00fcls\u0151 spoilerekkel, fel\u00faj\u00edtott motorral \u00e9s egyedi sportfelszerelts\u00e9ggel. Hifi rendszerrel, egyedileg \u00f6sszerakott v\u00e1lt\u00f3val \u00e9s pr\u00e9mium kieg\u00e9sz\u00edt\u0151kkel.\" \/>\n<meta name=\"robots\" content=\"index, follow, max-snippet:-1, max-image-preview:large, max-video-preview:-1\" \/>\n<link rel=\"canonical\" href=\"https:\/\/karaiexclusiveracing.hu\/de\/produkt\/opel-ascona-c\/\" \/>\n<meta property=\"og:locale\" content=\"de_DE\" \/>\n<meta property=\"og:type\" content=\"article\" \/>\n<meta property=\"og:title\" content=\"Opel Ascona CD Exclusive\" \/>\n<meta property=\"og:description\" content=\"Gy\u00e1ri k\u00fcls\u0151 spoilerekkel, fel\u00faj\u00edtott motorral \u00e9s egyedi sportfelszerelts\u00e9ggel. Hifi rendszerrel, egyedileg \u00f6sszerakott v\u00e1lt\u00f3val \u00e9s pr\u00e9mium kieg\u00e9sz\u00edt\u0151kkel.\" \/>\n<meta property=\"og:url\" content=\"https:\/\/karaiexclusiveracing.hu\/de\/produkt\/opel-ascona-c\/\" \/>\n<meta property=\"og:site_name\" content=\"K\u00e1rai Exclusive\" \/>\n<meta property=\"article:publisher\" content=\"https:\/\/www.facebook.com\/karaiexclusiveracing.hu\" \/>\n<meta property=\"article:modified_time\" content=\"2026-02-04T10:05:31+00:00\" \/>\n<meta property=\"og:image\" content=\"https:\/\/karaiexclusiveracing.hu\/wp-content\/uploads\/2024\/07\/DSC01486-1-scaled.jpg\" \/>\n\t<meta property=\"og:image:width\" content=\"2560\" \/>\n\t<meta property=\"og:image:height\" content=\"1439\" \/>\n\t<meta property=\"og:image:type\" content=\"image\/jpeg\" \/>\n<meta name=\"twitter:card\" content=\"summary_large_image\" \/>\n<meta name=\"twitter:label1\" content=\"Gesch\u00e4tzte Lesezeit\" \/>\n\t<meta name=\"twitter:data1\" content=\"2\u00a0Minuten\" \/>\n<script type=\"application\/ld+json\" class=\"yoast-schema-graph\">{\"@context\":\"https:\/\/schema.org\",\"@graph\":[{\"@type\":\"WebPage\",\"@id\":\"https:\/\/karaiexclusiveracing.hu\/termek\/opel-ascona-c\/\",\"url\":\"https:\/\/karaiexclusiveracing.hu\/termek\/opel-ascona-c\/\",\"name\":\"Opel Ascona CD Exclusive - K\u00e1rai Exclusive\",\"isPartOf\":{\"@id\":\"https:\/\/karaiexclusiveracing.hu\/#website\"},\"primaryImageOfPage\":{\"@id\":\"https:\/\/karaiexclusiveracing.hu\/termek\/opel-ascona-c\/#primaryimage\"},\"image\":{\"@id\":\"https:\/\/karaiexclusiveracing.hu\/termek\/opel-ascona-c\/#primaryimage\"},\"thumbnailUrl\":\"https:\/\/karaiexclusiveracing.hu\/wp-content\/uploads\/2024\/07\/DSC01486-1-scaled.jpg\",\"datePublished\":\"2024-07-22T09:04:30+00:00\",\"dateModified\":\"2026-02-04T10:05:31+00:00\",\"description\":\"Gy\u00e1ri k\u00fcls\u0151 spoilerekkel, fel\u00faj\u00edtott motorral \u00e9s egyedi sportfelszerelts\u00e9ggel. Hifi rendszerrel, egyedileg \u00f6sszerakott v\u00e1lt\u00f3val \u00e9s pr\u00e9mium kieg\u00e9sz\u00edt\u0151kkel.\",\"breadcrumb\":{\"@id\":\"https:\/\/karaiexclusiveracing.hu\/termek\/opel-ascona-c\/#breadcrumb\"},\"inLanguage\":\"de\",\"potentialAction\":[{\"@type\":\"ReadAction\",\"target\":[\"https:\/\/karaiexclusiveracing.hu\/termek\/opel-ascona-c\/\"]}]},{\"@type\":\"ImageObject\",\"inLanguage\":\"de\",\"@id\":\"https:\/\/karaiexclusiveracing.hu\/termek\/opel-ascona-c\/#primaryimage\",\"url\":\"https:\/\/karaiexclusiveracing.hu\/wp-content\/uploads\/2024\/07\/DSC01486-1-scaled.jpg\",\"contentUrl\":\"https:\/\/karaiexclusiveracing.hu\/wp-content\/uploads\/2024\/07\/DSC01486-1-scaled.jpg\",\"width\":2560,\"height\":1439},{\"@type\":\"BreadcrumbList\",\"@id\":\"https:\/\/karaiexclusiveracing.hu\/termek\/opel-ascona-c\/#breadcrumb\",\"itemListElement\":[{\"@type\":\"ListItem\",\"position\":1,\"name\":\"Kezd\u0151lap\",\"item\":\"https:\/\/karaiexclusiveracing.hu\/\"},{\"@type\":\"ListItem\",\"position\":2,\"name\":\"Elad\u00f3 aut\u00f3k\",\"item\":\"https:\/\/karaiexclusiveracing.hu\/elado-autok\/\"},{\"@type\":\"ListItem\",\"position\":3,\"name\":\"Opel Ascona CD Exclusive\"}]},{\"@type\":\"WebSite\",\"@id\":\"https:\/\/karaiexclusiveracing.hu\/#website\",\"url\":\"https:\/\/karaiexclusiveracing.hu\/\",\"name\":\"K\u00e1rai Exclusive Racing\",\"description\":\"\",\"publisher\":{\"@id\":\"https:\/\/karaiexclusiveracing.hu\/#organization\"},\"potentialAction\":[{\"@type\":\"SearchAction\",\"target\":{\"@type\":\"EntryPoint\",\"urlTemplate\":\"https:\/\/karaiexclusiveracing.hu\/?s={search_term_string}\"},\"query-input\":{\"@type\":\"PropertyValueSpecification\",\"valueRequired\":true,\"valueName\":\"search_term_string\"}}],\"inLanguage\":\"de\"},{\"@type\":\"Organization\",\"@id\":\"https:\/\/karaiexclusiveracing.hu\/#organization\",\"name\":\"K\u00e1rai Exclusive Racing\",\"url\":\"https:\/\/karaiexclusiveracing.hu\/\",\"logo\":{\"@type\":\"ImageObject\",\"inLanguage\":\"de\",\"@id\":\"https:\/\/karaiexclusiveracing.hu\/#\/schema\/logo\/image\/\",\"url\":\"https:\/\/www.karaiexclusiveracing.hu\/wp-content\/uploads\/2023\/10\/karai_exclusive_logo-1-1.png\",\"contentUrl\":\"https:\/\/www.karaiexclusiveracing.hu\/wp-content\/uploads\/2023\/10\/karai_exclusive_logo-1-1.png\",\"width\":1575,\"height\":435,\"caption\":\"K\u00e1rai Exclusive Racing\"},\"image\":{\"@id\":\"https:\/\/karaiexclusiveracing.hu\/#\/schema\/logo\/image\/\"},\"sameAs\":[\"https:\/\/www.facebook.com\/karaiexclusiveracing.hu\",\"https:\/\/www.instagram.com\/karaiexclusiveracing\/\"]}]}<\/script>\n<!-- \/ Yoast SEO Premium plugin. -->","yoast_head_json":{"title":"Opel Ascona CD Exclusive - K\u00e1rai Exclusive","description":"Gy\u00e1ri k\u00fcls\u0151 spoilerekkel, fel\u00faj\u00edtott motorral \u00e9s egyedi sportfelszerelts\u00e9ggel. Hifi rendszerrel, egyedileg \u00f6sszerakott v\u00e1lt\u00f3val \u00e9s pr\u00e9mium kieg\u00e9sz\u00edt\u0151kkel.","robots":{"index":"index","follow":"follow","max-snippet":"max-snippet:-1","max-image-preview":"max-image-preview:large","max-video-preview":"max-video-preview:-1"},"canonical":"https:\/\/karaiexclusiveracing.hu\/de\/produkt\/opel-ascona-c\/","og_locale":"de_DE","og_type":"article","og_title":"Opel Ascona CD Exclusive","og_description":"Gy\u00e1ri k\u00fcls\u0151 spoilerekkel, fel\u00faj\u00edtott motorral \u00e9s egyedi sportfelszerelts\u00e9ggel. Hifi rendszerrel, egyedileg \u00f6sszerakott v\u00e1lt\u00f3val \u00e9s pr\u00e9mium kieg\u00e9sz\u00edt\u0151kkel.","og_url":"https:\/\/karaiexclusiveracing.hu\/de\/produkt\/opel-ascona-c\/","og_site_name":"K\u00e1rai Exclusive","article_publisher":"https:\/\/www.facebook.com\/karaiexclusiveracing.hu","article_modified_time":"2026-02-04T10:05:31+00:00","og_image":[{"width":2560,"height":1439,"url":"https:\/\/karaiexclusiveracing.hu\/wp-content\/uploads\/2024\/07\/DSC01486-1-scaled.jpg","type":"image\/jpeg"}],"twitter_card":"summary_large_image","twitter_misc":{"Gesch\u00e4tzte Lesezeit":"2\u00a0Minuten"},"schema":{"@context":"https:\/\/schema.org","@graph":[{"@type":"WebPage","@id":"https:\/\/karaiexclusiveracing.hu\/termek\/opel-ascona-c\/","url":"https:\/\/karaiexclusiveracing.hu\/termek\/opel-ascona-c\/","name":"Opel Ascona CD Exclusive - K\u00e1rai Exclusive","isPartOf":{"@id":"https:\/\/karaiexclusiveracing.hu\/#website"},"primaryImageOfPage":{"@id":"https:\/\/karaiexclusiveracing.hu\/termek\/opel-ascona-c\/#primaryimage"},"image":{"@id":"https:\/\/karaiexclusiveracing.hu\/termek\/opel-ascona-c\/#primaryimage"},"thumbnailUrl":"https:\/\/karaiexclusiveracing.hu\/wp-content\/uploads\/2024\/07\/DSC01486-1-scaled.jpg","datePublished":"2024-07-22T09:04:30+00:00","dateModified":"2026-02-04T10:05:31+00:00","description":"Gy\u00e1ri k\u00fcls\u0151 spoilerekkel, fel\u00faj\u00edtott motorral \u00e9s egyedi sportfelszerelts\u00e9ggel. Hifi rendszerrel, egyedileg \u00f6sszerakott v\u00e1lt\u00f3val \u00e9s pr\u00e9mium kieg\u00e9sz\u00edt\u0151kkel.","breadcrumb":{"@id":"https:\/\/karaiexclusiveracing.hu\/termek\/opel-ascona-c\/#breadcrumb"},"inLanguage":"de","potentialAction":[{"@type":"ReadAction","target":["https:\/\/karaiexclusiveracing.hu\/termek\/opel-ascona-c\/"]}]},{"@type":"ImageObject","inLanguage":"de","@id":"https:\/\/karaiexclusiveracing.hu\/termek\/opel-ascona-c\/#primaryimage","url":"https:\/\/karaiexclusiveracing.hu\/wp-content\/uploads\/2024\/07\/DSC01486-1-scaled.jpg","contentUrl":"https:\/\/karaiexclusiveracing.hu\/wp-content\/uploads\/2024\/07\/DSC01486-1-scaled.jpg","width":2560,"height":1439},{"@type":"BreadcrumbList","@id":"https:\/\/karaiexclusiveracing.hu\/termek\/opel-ascona-c\/#breadcrumb","itemListElement":[{"@type":"ListItem","position":1,"name":"Kezd\u0151lap","item":"https:\/\/karaiexclusiveracing.hu\/"},{"@type":"ListItem","position":2,"name":"Elad\u00f3 aut\u00f3k","item":"https:\/\/karaiexclusiveracing.hu\/elado-autok\/"},{"@type":"ListItem","position":3,"name":"Opel Ascona CD Exclusive"}]},{"@type":"WebSite","@id":"https:\/\/karaiexclusiveracing.hu\/#website","url":"https:\/\/karaiexclusiveracing.hu\/","name":"K\u00e1rai Exclusive Racing","description":"","publisher":{"@id":"https:\/\/karaiexclusiveracing.hu\/#organization"},"potentialAction":[{"@type":"SearchAction","target":{"@type":"EntryPoint","urlTemplate":"https:\/\/karaiexclusiveracing.hu\/?s={search_term_string}"},"query-input":{"@type":"PropertyValueSpecification","valueRequired":true,"valueName":"search_term_string"}}],"inLanguage":"de"},{"@type":"Organization","@id":"https:\/\/karaiexclusiveracing.hu\/#organization","name":"K\u00e1rai Exclusive Racing","url":"https:\/\/karaiexclusiveracing.hu\/","logo":{"@type":"ImageObject","inLanguage":"de","@id":"https:\/\/karaiexclusiveracing.hu\/#\/schema\/logo\/image\/","url":"https:\/\/www.karaiexclusiveracing.hu\/wp-content\/uploads\/2023\/10\/karai_exclusive_logo-1-1.png","contentUrl":"https:\/\/www.karaiexclusiveracing.hu\/wp-content\/uploads\/2023\/10\/karai_exclusive_logo-1-1.png","width":1575,"height":435,"caption":"K\u00e1rai Exclusive Racing"},"image":{"@id":"https:\/\/karaiexclusiveracing.hu\/#\/schema\/logo\/image\/"},"sameAs":["https:\/\/www.facebook.com\/karaiexclusiveracing.hu","https:\/\/www.instagram.com\/karaiexclusiveracing\/"]}]}},"_links":{"self":[{"href":"http:\/\/karaiexclusiveracing.hu\/de\/wp-json\/wp\/v2\/product\/20477","targetHints":{"allow":["GET"]}}],"collection":[{"href":"http:\/\/karaiexclusiveracing.hu\/de\/wp-json\/wp\/v2\/product"}],"about":[{"href":"http:\/\/karaiexclusiveracing.hu\/de\/wp-json\/wp\/v2\/types\/product"}],"wp:featuredmedia":[{"embeddable":true,"href":"http:\/\/karaiexclusiveracing.hu\/de\/wp-json\/wp\/v2\/media\/20178"}],"wp:attachment":[{"href":"http:\/\/karaiexclusiveracing.hu\/de\/wp-json\/wp\/v2\/media?parent=20477"}],"wp:term":[{"taxonomy":"manufactures","embeddable":true,"href":"http:\/\/karaiexclusiveracing.hu\/de\/wp-json\/wp\/v2\/manufactures?post=20477"},{"taxonomy":"product_brand","embeddable":true,"href":"http:\/\/karaiexclusiveracing.hu\/de\/wp-json\/wp\/v2\/product_brand?post=20477"},{"taxonomy":"product_cat","embeddable":true,"href":"http:\/\/karaiexclusiveracing.hu\/de\/wp-json\/wp\/v2\/product_cat?post=20477"},{"taxonomy":"product_tag","embeddable":true,"href":"http:\/\/karaiexclusiveracing.hu\/de\/wp-json\/wp\/v2\/product_tag?post=20477"}],"curies":[{"name":"wp","href":"https:\/\/api.w.org\/{rel}","templated":true}]}}