{"id":19509,"date":"2024-06-02T16:24:42","date_gmt":"2024-06-02T14:24:42","guid":{"rendered":"http:\/\/www.karaiexclusiveracing.hu\/?post_type=product&#038;p=19509"},"modified":"2025-09-02T10:51:42","modified_gmt":"2025-09-02T08:51:42","slug":"mercedes-benz-sl-380","status":"publish","type":"product","link":"http:\/\/karaiexclusiveracing.hu\/de\/termek\/mercedes-benz-sl-380\/","title":{"rendered":"Mercedes-Benz SL 380 &#8211; SOLD"},"content":{"rendered":"<p>MERCEDES-BENZ SL 380 Kor\u00e1hoz k\u00e9pest kok\u00e1nyol\u00e1s mentes gy\u00e1rias \u00e1llapotban. Ig\u00e9ny eset\u00e9n n\u00e9vre \u00edrt OT vizsg\u00e1val is \u00e1t tudjuk adni az aut\u00f3t! (Ehhez foglalkozni kell az aut\u00f3val) Okm\u00e1nyai rendezettek!<\/p>\n<p>Ha felkeltett\u00fck \u00e9rdekl\u0151d\u00e9sedet \u00e9s komoly v\u00e9teli sz\u00e1nd\u00e9kkal vagy az aut\u00f3 ir\u00e1nt, ne habozz az el\u00e9rhet\u0151s\u00e9geink valamelyik\u00e9n felvenni vel\u00fcnk a kapcsolatot.<\/p>","protected":false},"excerpt":{"rendered":"<p>MERCEDES-BENZ SL 380 Kor\u00e1hoz k\u00e9pest kok\u00e1nyol\u00e1s mentes gy\u00e1rias \u00e1llapotban. Ig\u00e9ny eset\u00e9n n\u00e9vre \u00edrt OT vizsg\u00e1val is \u00e1t tudjuk adni az aut\u00f3t! (Ehhez foglalkozni kell az aut\u00f3val) Okm\u00e1nyai rendezettek! Ha felkeltett\u00fck \u00e9rdekl\u0151d\u00e9sedet \u00e9s komoly v\u00e9teli sz\u00e1nd\u00e9kkal vagy az aut\u00f3 ir\u00e1nt, ne habozz az el\u00e9rhet\u0151s\u00e9geink valamelyik\u00e9n felvenni vel\u00fcnk a kapcsolatot.<\/p>","protected":false},"featured_media":22206,"template":"","meta":{"_acf_changed":false},"manufactures":[],"product_brand":[],"product_cat":[24],"product_tag":[109],"class_list":{"0":"post-19509","1":"product","2":"type-product","3":"status-publish","4":"has-post-thumbnail","6":"product_cat-classic-car","7":"product_tag-sold","9":"first","10":"instock","11":"taxable","12":"shipping-taxable","13":"purchasable","14":"product-type-simple"},"exclude_global_add_ons":[],"addons":[],"acf":[],"yoast_head":"<!-- This site is optimized with the Yoast SEO Premium plugin v27.1 (Yoast SEO v27.2) - https:\/\/yoast.com\/product\/yoast-seo-premium-wordpress\/ -->\n<title>Mercedes-Benz SL 380 - SOLD - K\u00e1rai Exclusive<\/title>\n<meta name=\"robots\" content=\"index, follow, max-snippet:-1, max-image-preview:large, max-video-preview:-1\" \/>\n<link rel=\"canonical\" href=\"http:\/\/karaiexclusiveracing.hu\/de\/produkt\/mercedes-benz-sl-380\/\" \/>\n<meta property=\"og:locale\" content=\"de_DE\" \/>\n<meta property=\"og:type\" content=\"article\" \/>\n<meta property=\"og:title\" content=\"Mercedes-Benz SL 380 - SOLD\" \/>\n<meta property=\"og:description\" content=\"MERCEDES-BENZ SL 380 Kor\u00e1hoz k\u00e9pest kok\u00e1nyol\u00e1s mentes gy\u00e1rias \u00e1llapotban. Ig\u00e9ny eset\u00e9n n\u00e9vre \u00edrt OT vizsg\u00e1val is \u00e1t tudjuk adni az aut\u00f3t! (Ehhez foglalkozni kell az aut\u00f3val) Okm\u00e1nyai rendezettek! Ha felkeltett\u00fck \u00e9rdekl\u0151d\u00e9sedet \u00e9s komoly v\u00e9teli sz\u00e1nd\u00e9kkal vagy az aut\u00f3 ir\u00e1nt, ne habozz az el\u00e9rhet\u0151s\u00e9geink valamelyik\u00e9n felvenni vel\u00fcnk a kapcsolatot.\" \/>\n<meta property=\"og:url\" content=\"http:\/\/karaiexclusiveracing.hu\/de\/produkt\/mercedes-benz-sl-380\/\" \/>\n<meta property=\"og:site_name\" content=\"K\u00e1rai Exclusive\" \/>\n<meta property=\"article:publisher\" content=\"https:\/\/www.facebook.com\/karaiexclusiveracing.hu\" \/>\n<meta property=\"article:modified_time\" content=\"2025-09-02T08:51:42+00:00\" \/>\n<meta property=\"og:image\" content=\"https:\/\/karaiexclusiveracing.hu\/wp-content\/uploads\/2024\/06\/SOLD-9-1024x606.png\" \/>\n\t<meta property=\"og:image:width\" content=\"1024\" \/>\n\t<meta property=\"og:image:height\" content=\"606\" \/>\n\t<meta property=\"og:image:type\" content=\"image\/png\" \/>\n<meta name=\"twitter:card\" content=\"summary_large_image\" \/>\n<meta name=\"twitter:label1\" content=\"Gesch\u00e4tzte Lesezeit\" \/>\n\t<meta name=\"twitter:data1\" content=\"1\u00a0Minute\" \/>\n<script type=\"application\/ld+json\" class=\"yoast-schema-graph\">{\"@context\":\"https:\/\/schema.org\",\"@graph\":[{\"@type\":\"WebPage\",\"@id\":\"http:\/\/karaiexclusiveracing.hu\/de\/produkt\/mercedes-benz-sl-380\/\",\"url\":\"http:\/\/karaiexclusiveracing.hu\/de\/produkt\/mercedes-benz-sl-380\/\",\"name\":\"Mercedes-Benz SL 380 - SOLD - K\u00e1rai Exclusive\",\"isPartOf\":{\"@id\":\"https:\/\/karaiexclusiveracing.hu\/#website\"},\"primaryImageOfPage\":{\"@id\":\"http:\/\/karaiexclusiveracing.hu\/de\/produkt\/mercedes-benz-sl-380\/#primaryimage\"},\"image\":{\"@id\":\"http:\/\/karaiexclusiveracing.hu\/de\/produkt\/mercedes-benz-sl-380\/#primaryimage\"},\"thumbnailUrl\":\"https:\/\/karaiexclusiveracing.hu\/wp-content\/uploads\/2024\/06\/SOLD-9.png\",\"datePublished\":\"2024-06-02T14:24:42+00:00\",\"dateModified\":\"2025-09-02T08:51:42+00:00\",\"breadcrumb\":{\"@id\":\"http:\/\/karaiexclusiveracing.hu\/de\/produkt\/mercedes-benz-sl-380\/#breadcrumb\"},\"inLanguage\":\"de\",\"potentialAction\":[{\"@type\":\"ReadAction\",\"target\":[\"http:\/\/karaiexclusiveracing.hu\/de\/produkt\/mercedes-benz-sl-380\/\"]}]},{\"@type\":\"ImageObject\",\"inLanguage\":\"de\",\"@id\":\"http:\/\/karaiexclusiveracing.hu\/de\/produkt\/mercedes-benz-sl-380\/#primaryimage\",\"url\":\"https:\/\/karaiexclusiveracing.hu\/wp-content\/uploads\/2024\/06\/SOLD-9.png\",\"contentUrl\":\"https:\/\/karaiexclusiveracing.hu\/wp-content\/uploads\/2024\/06\/SOLD-9.png\",\"width\":2560,\"height\":1515},{\"@type\":\"BreadcrumbList\",\"@id\":\"http:\/\/karaiexclusiveracing.hu\/de\/produkt\/mercedes-benz-sl-380\/#breadcrumb\",\"itemListElement\":[{\"@type\":\"ListItem\",\"position\":1,\"name\":\"Kezd\u0151lap\",\"item\":\"https:\/\/karaiexclusiveracing.hu\/\"},{\"@type\":\"ListItem\",\"position\":2,\"name\":\"Elad\u00f3 aut\u00f3k\",\"item\":\"https:\/\/karaiexclusiveracing.hu\/elado-autok\/\"},{\"@type\":\"ListItem\",\"position\":3,\"name\":\"Mercedes-Benz SL 380 &#8211; SOLD\"}]},{\"@type\":\"WebSite\",\"@id\":\"https:\/\/karaiexclusiveracing.hu\/#website\",\"url\":\"https:\/\/karaiexclusiveracing.hu\/\",\"name\":\"K\u00e1rai Exclusive Racing\",\"description\":\"\",\"publisher\":{\"@id\":\"https:\/\/karaiexclusiveracing.hu\/#organization\"},\"potentialAction\":[{\"@type\":\"SearchAction\",\"target\":{\"@type\":\"EntryPoint\",\"urlTemplate\":\"https:\/\/karaiexclusiveracing.hu\/?s={search_term_string}\"},\"query-input\":{\"@type\":\"PropertyValueSpecification\",\"valueRequired\":true,\"valueName\":\"search_term_string\"}}],\"inLanguage\":\"de\"},{\"@type\":\"Organization\",\"@id\":\"https:\/\/karaiexclusiveracing.hu\/#organization\",\"name\":\"K\u00e1rai Exclusive Racing\",\"url\":\"https:\/\/karaiexclusiveracing.hu\/\",\"logo\":{\"@type\":\"ImageObject\",\"inLanguage\":\"de\",\"@id\":\"https:\/\/karaiexclusiveracing.hu\/#\/schema\/logo\/image\/\",\"url\":\"https:\/\/www.karaiexclusiveracing.hu\/wp-content\/uploads\/2023\/10\/karai_exclusive_logo-1-1.png\",\"contentUrl\":\"https:\/\/www.karaiexclusiveracing.hu\/wp-content\/uploads\/2023\/10\/karai_exclusive_logo-1-1.png\",\"width\":1575,\"height\":435,\"caption\":\"K\u00e1rai Exclusive Racing\"},\"image\":{\"@id\":\"https:\/\/karaiexclusiveracing.hu\/#\/schema\/logo\/image\/\"},\"sameAs\":[\"https:\/\/www.facebook.com\/karaiexclusiveracing.hu\",\"https:\/\/www.instagram.com\/karaiexclusiveracing\/\"]}]}<\/script>\n<!-- \/ Yoast SEO Premium plugin. -->","yoast_head_json":{"title":"Mercedes-Benz SL 380 - SOLD - K\u00e1rai Exclusive","robots":{"index":"index","follow":"follow","max-snippet":"max-snippet:-1","max-image-preview":"max-image-preview:large","max-video-preview":"max-video-preview:-1"},"canonical":"http:\/\/karaiexclusiveracing.hu\/de\/produkt\/mercedes-benz-sl-380\/","og_locale":"de_DE","og_type":"article","og_title":"Mercedes-Benz SL 380 - SOLD","og_description":"MERCEDES-BENZ SL 380 Kor\u00e1hoz k\u00e9pest kok\u00e1nyol\u00e1s mentes gy\u00e1rias \u00e1llapotban. Ig\u00e9ny eset\u00e9n n\u00e9vre \u00edrt OT vizsg\u00e1val is \u00e1t tudjuk adni az aut\u00f3t! (Ehhez foglalkozni kell az aut\u00f3val) Okm\u00e1nyai rendezettek! Ha felkeltett\u00fck \u00e9rdekl\u0151d\u00e9sedet \u00e9s komoly v\u00e9teli sz\u00e1nd\u00e9kkal vagy az aut\u00f3 ir\u00e1nt, ne habozz az el\u00e9rhet\u0151s\u00e9geink valamelyik\u00e9n felvenni vel\u00fcnk a kapcsolatot.","og_url":"http:\/\/karaiexclusiveracing.hu\/de\/produkt\/mercedes-benz-sl-380\/","og_site_name":"K\u00e1rai Exclusive","article_publisher":"https:\/\/www.facebook.com\/karaiexclusiveracing.hu","article_modified_time":"2025-09-02T08:51:42+00:00","og_image":[{"width":1024,"height":606,"url":"https:\/\/karaiexclusiveracing.hu\/wp-content\/uploads\/2024\/06\/SOLD-9-1024x606.png","type":"image\/png"}],"twitter_card":"summary_large_image","twitter_misc":{"Gesch\u00e4tzte Lesezeit":"1\u00a0Minute"},"schema":{"@context":"https:\/\/schema.org","@graph":[{"@type":"WebPage","@id":"http:\/\/karaiexclusiveracing.hu\/de\/produkt\/mercedes-benz-sl-380\/","url":"http:\/\/karaiexclusiveracing.hu\/de\/produkt\/mercedes-benz-sl-380\/","name":"Mercedes-Benz SL 380 - SOLD - K\u00e1rai Exclusive","isPartOf":{"@id":"https:\/\/karaiexclusiveracing.hu\/#website"},"primaryImageOfPage":{"@id":"http:\/\/karaiexclusiveracing.hu\/de\/produkt\/mercedes-benz-sl-380\/#primaryimage"},"image":{"@id":"http:\/\/karaiexclusiveracing.hu\/de\/produkt\/mercedes-benz-sl-380\/#primaryimage"},"thumbnailUrl":"https:\/\/karaiexclusiveracing.hu\/wp-content\/uploads\/2024\/06\/SOLD-9.png","datePublished":"2024-06-02T14:24:42+00:00","dateModified":"2025-09-02T08:51:42+00:00","breadcrumb":{"@id":"http:\/\/karaiexclusiveracing.hu\/de\/produkt\/mercedes-benz-sl-380\/#breadcrumb"},"inLanguage":"de","potentialAction":[{"@type":"ReadAction","target":["http:\/\/karaiexclusiveracing.hu\/de\/produkt\/mercedes-benz-sl-380\/"]}]},{"@type":"ImageObject","inLanguage":"de","@id":"http:\/\/karaiexclusiveracing.hu\/de\/produkt\/mercedes-benz-sl-380\/#primaryimage","url":"https:\/\/karaiexclusiveracing.hu\/wp-content\/uploads\/2024\/06\/SOLD-9.png","contentUrl":"https:\/\/karaiexclusiveracing.hu\/wp-content\/uploads\/2024\/06\/SOLD-9.png","width":2560,"height":1515},{"@type":"BreadcrumbList","@id":"http:\/\/karaiexclusiveracing.hu\/de\/produkt\/mercedes-benz-sl-380\/#breadcrumb","itemListElement":[{"@type":"ListItem","position":1,"name":"Kezd\u0151lap","item":"https:\/\/karaiexclusiveracing.hu\/"},{"@type":"ListItem","position":2,"name":"Elad\u00f3 aut\u00f3k","item":"https:\/\/karaiexclusiveracing.hu\/elado-autok\/"},{"@type":"ListItem","position":3,"name":"Mercedes-Benz SL 380 &#8211; SOLD"}]},{"@type":"WebSite","@id":"https:\/\/karaiexclusiveracing.hu\/#website","url":"https:\/\/karaiexclusiveracing.hu\/","name":"K\u00e1rai Exclusive Racing","description":"","publisher":{"@id":"https:\/\/karaiexclusiveracing.hu\/#organization"},"potentialAction":[{"@type":"SearchAction","target":{"@type":"EntryPoint","urlTemplate":"https:\/\/karaiexclusiveracing.hu\/?s={search_term_string}"},"query-input":{"@type":"PropertyValueSpecification","valueRequired":true,"valueName":"search_term_string"}}],"inLanguage":"de"},{"@type":"Organization","@id":"https:\/\/karaiexclusiveracing.hu\/#organization","name":"K\u00e1rai Exclusive Racing","url":"https:\/\/karaiexclusiveracing.hu\/","logo":{"@type":"ImageObject","inLanguage":"de","@id":"https:\/\/karaiexclusiveracing.hu\/#\/schema\/logo\/image\/","url":"https:\/\/www.karaiexclusiveracing.hu\/wp-content\/uploads\/2023\/10\/karai_exclusive_logo-1-1.png","contentUrl":"https:\/\/www.karaiexclusiveracing.hu\/wp-content\/uploads\/2023\/10\/karai_exclusive_logo-1-1.png","width":1575,"height":435,"caption":"K\u00e1rai Exclusive Racing"},"image":{"@id":"https:\/\/karaiexclusiveracing.hu\/#\/schema\/logo\/image\/"},"sameAs":["https:\/\/www.facebook.com\/karaiexclusiveracing.hu","https:\/\/www.instagram.com\/karaiexclusiveracing\/"]}]}},"_links":{"self":[{"href":"http:\/\/karaiexclusiveracing.hu\/de\/wp-json\/wp\/v2\/product\/19509","targetHints":{"allow":["GET"]}}],"collection":[{"href":"http:\/\/karaiexclusiveracing.hu\/de\/wp-json\/wp\/v2\/product"}],"about":[{"href":"http:\/\/karaiexclusiveracing.hu\/de\/wp-json\/wp\/v2\/types\/product"}],"wp:featuredmedia":[{"embeddable":true,"href":"http:\/\/karaiexclusiveracing.hu\/de\/wp-json\/wp\/v2\/media\/22206"}],"wp:attachment":[{"href":"http:\/\/karaiexclusiveracing.hu\/de\/wp-json\/wp\/v2\/media?parent=19509"}],"wp:term":[{"taxonomy":"manufactures","embeddable":true,"href":"http:\/\/karaiexclusiveracing.hu\/de\/wp-json\/wp\/v2\/manufactures?post=19509"},{"taxonomy":"product_brand","embeddable":true,"href":"http:\/\/karaiexclusiveracing.hu\/de\/wp-json\/wp\/v2\/product_brand?post=19509"},{"taxonomy":"product_cat","embeddable":true,"href":"http:\/\/karaiexclusiveracing.hu\/de\/wp-json\/wp\/v2\/product_cat?post=19509"},{"taxonomy":"product_tag","embeddable":true,"href":"http:\/\/karaiexclusiveracing.hu\/de\/wp-json\/wp\/v2\/product_tag?post=19509"}],"curies":[{"name":"wp","href":"https:\/\/api.w.org\/{rel}","templated":true}]}}