{"id":19488,"date":"2024-06-02T16:15:06","date_gmt":"2024-06-02T14:15:06","guid":{"rendered":"http:\/\/www.karaiexclusiveracing.hu\/?post_type=product&#038;p=19488"},"modified":"2025-09-02T10:52:17","modified_gmt":"2025-09-02T08:52:17","slug":"mercedes-benz-sl-500-3","status":"publish","type":"product","link":"http:\/\/karaiexclusiveracing.hu\/de\/termek\/mercedes-benz-sl-500-3\/","title":{"rendered":"Mercedes-Benz SL 500 &#8211; SOLD!"},"content":{"rendered":"<p>Elad\u00f3 egy <strong>Mercedes-Benz SL 500 (R129)<\/strong>, amely motorikusan kiv\u00e1l\u00f3 \u00e1llapotban van, \u00e9s karossz\u00e9ri\u00e1ja teljesen <strong>rozsdamentes<\/strong>. Az aut\u00f3 <strong>egys\u00e9ges, sz\u00e9p f\u00e9nyez\u00e9ssel<\/strong> rendelkezik, b\u00e1r a motorh\u00e1ztet\u0151n tal\u00e1lhat\u00f3 egy kisebb s\u00e9r\u00fcl\u00e9s. A v\u00e1szontet\u0151 m\u0171k\u00f6d\u00e9se jelenleg a szok\u00e1sos <strong>R129 tet\u0151mozgat\u00f3 munkahenger probl\u00e9m\u00e1ja miatt akad\u00e1lyozott<\/strong>, de a fel\u00faj\u00edt\u00e1shoz sz\u00fcks\u00e9ges k\u00e9szlet m\u00e1r rendelkez\u00e9sre \u00e1ll.<\/p>\n<p>Az aut\u00f3 kis r\u00e1ford\u00edt\u00e1ssal <strong>OT vizsg\u00e1ra alkalmas<\/strong>, \u00edgy ak\u00e1r n\u00e9vre \u00edrt muze\u00e1lis min\u0151s\u00edt\u00e9ssel is \u00e1t tudjuk adni. Az aut\u00f3 ide\u00e1lis v\u00e1laszt\u00e1s klasszikus aut\u00f3rajong\u00f3k \u00e9s gy\u0171jt\u0151k sz\u00e1m\u00e1ra, akik egy pr\u00e9mium \u00e1llapot\u00fa, legend\u00e1s Mercedes modellre v\u00e1gynak.<\/p>\n<p><strong>\u00c1llapot:<\/strong><\/p>\n<ul>\n<li>Motorikusan kiv\u00e1l\u00f3 \u00e1llapot<\/li>\n<li>Gy\u00fajt\u00e1s teljes k\u00f6r\u0171 fel\u00faj\u00edt\u00e1sa<\/li>\n<li>Rozsdamentes karossz\u00e9ria<\/li>\n<li>Sz\u00e9p, egys\u00e9ges f\u00e9nyez\u00e9s<\/li>\n<\/ul>\n<p>&nbsp;<\/p>\n<p><strong>Egyedi jellemz\u0151k:<\/strong><\/p>\n<ul>\n<li>V\u00e1szontet\u0151 fel\u00faj\u00edt\u00e1s\u00e1hoz sz\u00fcks\u00e9ges k\u00e9szlet mell\u00e9kelve<\/li>\n<li>OT vizsg\u00e1ra alkalmas<\/li>\n<\/ul>\n<p>&nbsp;<\/p>\n<p><strong>Tov\u00e1bbi inform\u00e1ci\u00f3:<\/strong><\/p>\n<ul>\n<li>Seg\u00edts\u00e9g az aut\u00f3 teljes fel\u00faj\u00edt\u00e1s\u00e1ban<\/li>\n<li>N\u00e9vre \u00edrt OT vizsg\u00e1val is el\u00e9rhet\u0151<\/li>\n<\/ul>\n<p>&nbsp;<\/p>\n<p><strong>Tov\u00e1bbi inform\u00e1ci\u00f3\u00e9rt \u00e9rdekl\u0151dj telefonon!<\/strong><\/p>\n<p>&nbsp;<\/p>\n<p>&nbsp;<\/p>","protected":false},"excerpt":{"rendered":"<p>Elad\u00f3 egy Mercedes-Benz SL 500 (R129), amely motorikusan kiv\u00e1l\u00f3 \u00e1llapotban van, \u00e9s karossz\u00e9ri\u00e1ja teljesen rozsdamentes. Az aut\u00f3 egys\u00e9ges, sz\u00e9p f\u00e9nyez\u00e9ssel rendelkezik, b\u00e1r a motorh\u00e1ztet\u0151n tal\u00e1lhat\u00f3 egy kisebb s\u00e9r\u00fcl\u00e9s. A v\u00e1szontet\u0151 m\u0171k\u00f6d\u00e9se jelenleg a szok\u00e1sos R129 tet\u0151mozgat\u00f3 munkahenger probl\u00e9m\u00e1ja miatt akad\u00e1lyozott, de a fel\u00faj\u00edt\u00e1shoz sz\u00fcks\u00e9ges k\u00e9szlet m\u00e1r rendelkez\u00e9sre \u00e1ll. Az aut\u00f3 kis r\u00e1ford\u00edt\u00e1ssal OT vizsg\u00e1ra alkalmas, [&hellip;]<\/p>\n","protected":false},"featured_media":23267,"template":"","meta":{"_acf_changed":false},"manufactures":[],"product_brand":[],"product_cat":[24],"product_tag":[109],"class_list":{"0":"post-19488","1":"product","2":"type-product","3":"status-publish","4":"has-post-thumbnail","6":"product_cat-classic-car","7":"product_tag-sold","9":"first","10":"instock","11":"taxable","12":"shipping-taxable","13":"purchasable","14":"product-type-simple"},"exclude_global_add_ons":[],"addons":[],"acf":[],"yoast_head":"<!-- This site is optimized with the Yoast SEO Premium plugin v27.1 (Yoast SEO v27.2) - https:\/\/yoast.com\/product\/yoast-seo-premium-wordpress\/ -->\n<title>Mercedes-Benz SL 500 - SOLD! - K\u00e1rai Exclusive<\/title>\n<meta name=\"description\" content=\"Rozsdamentes karossz\u00e9ri\u00e1val, sz\u00e9p f\u00e9nyez\u00e9ssel \u00e9s kiv\u00e1l\u00f3 motorikus \u00e1llapotban. OT vizsg\u00e1ra alkalmas, n\u00e9vre \u00edrt muze\u00e1lis min\u0151s\u00edt\u00e9ssel is el\u00e9rhet\u0151!\" \/>\n<meta name=\"robots\" content=\"index, follow, max-snippet:-1, max-image-preview:large, max-video-preview:-1\" \/>\n<link rel=\"canonical\" href=\"https:\/\/karaiexclusiveracing.hu\/de\/produkt\/mercedes-benz-sl-500-3\/\" \/>\n<meta property=\"og:locale\" content=\"de_DE\" \/>\n<meta property=\"og:type\" content=\"article\" \/>\n<meta property=\"og:title\" content=\"Mercedes-Benz SL 500 - SOLD!\" \/>\n<meta property=\"og:description\" content=\"Rozsdamentes karossz\u00e9ri\u00e1val, sz\u00e9p f\u00e9nyez\u00e9ssel \u00e9s kiv\u00e1l\u00f3 motorikus \u00e1llapotban. OT vizsg\u00e1ra alkalmas, n\u00e9vre \u00edrt muze\u00e1lis min\u0151s\u00edt\u00e9ssel is el\u00e9rhet\u0151!\" \/>\n<meta property=\"og:url\" content=\"https:\/\/karaiexclusiveracing.hu\/de\/produkt\/mercedes-benz-sl-500-3\/\" \/>\n<meta property=\"og:site_name\" content=\"K\u00e1rai Exclusive\" \/>\n<meta property=\"article:publisher\" content=\"https:\/\/www.facebook.com\/karaiexclusiveracing.hu\" \/>\n<meta property=\"article:modified_time\" content=\"2025-09-02T08:52:17+00:00\" \/>\n<meta property=\"og:image\" content=\"https:\/\/karaiexclusiveracing.hu\/wp-content\/uploads\/2024\/06\/Cimsor-hozzaadasa-4.png\" \/>\n\t<meta property=\"og:image:width\" content=\"1366\" \/>\n\t<meta property=\"og:image:height\" content=\"768\" \/>\n\t<meta property=\"og:image:type\" content=\"image\/png\" \/>\n<meta name=\"twitter:card\" content=\"summary_large_image\" \/>\n<meta name=\"twitter:label1\" content=\"Gesch\u00e4tzte Lesezeit\" \/>\n\t<meta name=\"twitter:data1\" content=\"1\u00a0Minute\" \/>\n<script type=\"application\/ld+json\" class=\"yoast-schema-graph\">{\"@context\":\"https:\/\/schema.org\",\"@graph\":[{\"@type\":\"WebPage\",\"@id\":\"https:\/\/karaiexclusiveracing.hu\/en\/product\/mercedes-benz-sl-500-3\/\",\"url\":\"https:\/\/karaiexclusiveracing.hu\/en\/product\/mercedes-benz-sl-500-3\/\",\"name\":\"Mercedes-Benz SL 500 - SOLD! - K\u00e1rai Exclusive\",\"isPartOf\":{\"@id\":\"https:\/\/karaiexclusiveracing.hu\/#website\"},\"primaryImageOfPage\":{\"@id\":\"https:\/\/karaiexclusiveracing.hu\/en\/product\/mercedes-benz-sl-500-3\/#primaryimage\"},\"image\":{\"@id\":\"https:\/\/karaiexclusiveracing.hu\/en\/product\/mercedes-benz-sl-500-3\/#primaryimage\"},\"thumbnailUrl\":\"https:\/\/karaiexclusiveracing.hu\/wp-content\/uploads\/2024\/06\/Cimsor-hozzaadasa-4.png\",\"datePublished\":\"2024-06-02T14:15:06+00:00\",\"dateModified\":\"2025-09-02T08:52:17+00:00\",\"description\":\"Rozsdamentes karossz\u00e9ri\u00e1val, sz\u00e9p f\u00e9nyez\u00e9ssel \u00e9s kiv\u00e1l\u00f3 motorikus \u00e1llapotban. OT vizsg\u00e1ra alkalmas, n\u00e9vre \u00edrt muze\u00e1lis min\u0151s\u00edt\u00e9ssel is el\u00e9rhet\u0151!\",\"breadcrumb\":{\"@id\":\"https:\/\/karaiexclusiveracing.hu\/en\/product\/mercedes-benz-sl-500-3\/#breadcrumb\"},\"inLanguage\":\"de\",\"potentialAction\":[{\"@type\":\"ReadAction\",\"target\":[\"https:\/\/karaiexclusiveracing.hu\/en\/product\/mercedes-benz-sl-500-3\/\"]}]},{\"@type\":\"ImageObject\",\"inLanguage\":\"de\",\"@id\":\"https:\/\/karaiexclusiveracing.hu\/en\/product\/mercedes-benz-sl-500-3\/#primaryimage\",\"url\":\"https:\/\/karaiexclusiveracing.hu\/wp-content\/uploads\/2024\/06\/Cimsor-hozzaadasa-4.png\",\"contentUrl\":\"https:\/\/karaiexclusiveracing.hu\/wp-content\/uploads\/2024\/06\/Cimsor-hozzaadasa-4.png\",\"width\":1366,\"height\":768},{\"@type\":\"BreadcrumbList\",\"@id\":\"https:\/\/karaiexclusiveracing.hu\/en\/product\/mercedes-benz-sl-500-3\/#breadcrumb\",\"itemListElement\":[{\"@type\":\"ListItem\",\"position\":1,\"name\":\"Kezd\u0151lap\",\"item\":\"https:\/\/karaiexclusiveracing.hu\/\"},{\"@type\":\"ListItem\",\"position\":2,\"name\":\"Elad\u00f3 aut\u00f3k\",\"item\":\"https:\/\/karaiexclusiveracing.hu\/elado-autok\/\"},{\"@type\":\"ListItem\",\"position\":3,\"name\":\"Mercedes-Benz SL 500 &#8211; SOLD!\"}]},{\"@type\":\"WebSite\",\"@id\":\"https:\/\/karaiexclusiveracing.hu\/#website\",\"url\":\"https:\/\/karaiexclusiveracing.hu\/\",\"name\":\"K\u00e1rai Exclusive Racing\",\"description\":\"\",\"publisher\":{\"@id\":\"https:\/\/karaiexclusiveracing.hu\/#organization\"},\"potentialAction\":[{\"@type\":\"SearchAction\",\"target\":{\"@type\":\"EntryPoint\",\"urlTemplate\":\"https:\/\/karaiexclusiveracing.hu\/?s={search_term_string}\"},\"query-input\":{\"@type\":\"PropertyValueSpecification\",\"valueRequired\":true,\"valueName\":\"search_term_string\"}}],\"inLanguage\":\"de\"},{\"@type\":\"Organization\",\"@id\":\"https:\/\/karaiexclusiveracing.hu\/#organization\",\"name\":\"K\u00e1rai Exclusive Racing\",\"url\":\"https:\/\/karaiexclusiveracing.hu\/\",\"logo\":{\"@type\":\"ImageObject\",\"inLanguage\":\"de\",\"@id\":\"https:\/\/karaiexclusiveracing.hu\/#\/schema\/logo\/image\/\",\"url\":\"https:\/\/www.karaiexclusiveracing.hu\/wp-content\/uploads\/2023\/10\/karai_exclusive_logo-1-1.png\",\"contentUrl\":\"https:\/\/www.karaiexclusiveracing.hu\/wp-content\/uploads\/2023\/10\/karai_exclusive_logo-1-1.png\",\"width\":1575,\"height\":435,\"caption\":\"K\u00e1rai Exclusive Racing\"},\"image\":{\"@id\":\"https:\/\/karaiexclusiveracing.hu\/#\/schema\/logo\/image\/\"},\"sameAs\":[\"https:\/\/www.facebook.com\/karaiexclusiveracing.hu\",\"https:\/\/www.instagram.com\/karaiexclusiveracing\/\"]}]}<\/script>\n<!-- \/ Yoast SEO Premium plugin. -->","yoast_head_json":{"title":"Mercedes-Benz SL 500 - SOLD! - K\u00e1rai Exclusive","description":"Rozsdamentes karossz\u00e9ri\u00e1val, sz\u00e9p f\u00e9nyez\u00e9ssel \u00e9s kiv\u00e1l\u00f3 motorikus \u00e1llapotban. OT vizsg\u00e1ra alkalmas, n\u00e9vre \u00edrt muze\u00e1lis min\u0151s\u00edt\u00e9ssel is el\u00e9rhet\u0151!","robots":{"index":"index","follow":"follow","max-snippet":"max-snippet:-1","max-image-preview":"max-image-preview:large","max-video-preview":"max-video-preview:-1"},"canonical":"https:\/\/karaiexclusiveracing.hu\/de\/produkt\/mercedes-benz-sl-500-3\/","og_locale":"de_DE","og_type":"article","og_title":"Mercedes-Benz SL 500 - SOLD!","og_description":"Rozsdamentes karossz\u00e9ri\u00e1val, sz\u00e9p f\u00e9nyez\u00e9ssel \u00e9s kiv\u00e1l\u00f3 motorikus \u00e1llapotban. OT vizsg\u00e1ra alkalmas, n\u00e9vre \u00edrt muze\u00e1lis min\u0151s\u00edt\u00e9ssel is el\u00e9rhet\u0151!","og_url":"https:\/\/karaiexclusiveracing.hu\/de\/produkt\/mercedes-benz-sl-500-3\/","og_site_name":"K\u00e1rai Exclusive","article_publisher":"https:\/\/www.facebook.com\/karaiexclusiveracing.hu","article_modified_time":"2025-09-02T08:52:17+00:00","og_image":[{"width":1366,"height":768,"url":"https:\/\/karaiexclusiveracing.hu\/wp-content\/uploads\/2024\/06\/Cimsor-hozzaadasa-4.png","type":"image\/png"}],"twitter_card":"summary_large_image","twitter_misc":{"Gesch\u00e4tzte Lesezeit":"1\u00a0Minute"},"schema":{"@context":"https:\/\/schema.org","@graph":[{"@type":"WebPage","@id":"https:\/\/karaiexclusiveracing.hu\/en\/product\/mercedes-benz-sl-500-3\/","url":"https:\/\/karaiexclusiveracing.hu\/en\/product\/mercedes-benz-sl-500-3\/","name":"Mercedes-Benz SL 500 - SOLD! - K\u00e1rai Exclusive","isPartOf":{"@id":"https:\/\/karaiexclusiveracing.hu\/#website"},"primaryImageOfPage":{"@id":"https:\/\/karaiexclusiveracing.hu\/en\/product\/mercedes-benz-sl-500-3\/#primaryimage"},"image":{"@id":"https:\/\/karaiexclusiveracing.hu\/en\/product\/mercedes-benz-sl-500-3\/#primaryimage"},"thumbnailUrl":"https:\/\/karaiexclusiveracing.hu\/wp-content\/uploads\/2024\/06\/Cimsor-hozzaadasa-4.png","datePublished":"2024-06-02T14:15:06+00:00","dateModified":"2025-09-02T08:52:17+00:00","description":"Rozsdamentes karossz\u00e9ri\u00e1val, sz\u00e9p f\u00e9nyez\u00e9ssel \u00e9s kiv\u00e1l\u00f3 motorikus \u00e1llapotban. OT vizsg\u00e1ra alkalmas, n\u00e9vre \u00edrt muze\u00e1lis min\u0151s\u00edt\u00e9ssel is el\u00e9rhet\u0151!","breadcrumb":{"@id":"https:\/\/karaiexclusiveracing.hu\/en\/product\/mercedes-benz-sl-500-3\/#breadcrumb"},"inLanguage":"de","potentialAction":[{"@type":"ReadAction","target":["https:\/\/karaiexclusiveracing.hu\/en\/product\/mercedes-benz-sl-500-3\/"]}]},{"@type":"ImageObject","inLanguage":"de","@id":"https:\/\/karaiexclusiveracing.hu\/en\/product\/mercedes-benz-sl-500-3\/#primaryimage","url":"https:\/\/karaiexclusiveracing.hu\/wp-content\/uploads\/2024\/06\/Cimsor-hozzaadasa-4.png","contentUrl":"https:\/\/karaiexclusiveracing.hu\/wp-content\/uploads\/2024\/06\/Cimsor-hozzaadasa-4.png","width":1366,"height":768},{"@type":"BreadcrumbList","@id":"https:\/\/karaiexclusiveracing.hu\/en\/product\/mercedes-benz-sl-500-3\/#breadcrumb","itemListElement":[{"@type":"ListItem","position":1,"name":"Kezd\u0151lap","item":"https:\/\/karaiexclusiveracing.hu\/"},{"@type":"ListItem","position":2,"name":"Elad\u00f3 aut\u00f3k","item":"https:\/\/karaiexclusiveracing.hu\/elado-autok\/"},{"@type":"ListItem","position":3,"name":"Mercedes-Benz SL 500 &#8211; SOLD!"}]},{"@type":"WebSite","@id":"https:\/\/karaiexclusiveracing.hu\/#website","url":"https:\/\/karaiexclusiveracing.hu\/","name":"K\u00e1rai Exclusive Racing","description":"","publisher":{"@id":"https:\/\/karaiexclusiveracing.hu\/#organization"},"potentialAction":[{"@type":"SearchAction","target":{"@type":"EntryPoint","urlTemplate":"https:\/\/karaiexclusiveracing.hu\/?s={search_term_string}"},"query-input":{"@type":"PropertyValueSpecification","valueRequired":true,"valueName":"search_term_string"}}],"inLanguage":"de"},{"@type":"Organization","@id":"https:\/\/karaiexclusiveracing.hu\/#organization","name":"K\u00e1rai Exclusive Racing","url":"https:\/\/karaiexclusiveracing.hu\/","logo":{"@type":"ImageObject","inLanguage":"de","@id":"https:\/\/karaiexclusiveracing.hu\/#\/schema\/logo\/image\/","url":"https:\/\/www.karaiexclusiveracing.hu\/wp-content\/uploads\/2023\/10\/karai_exclusive_logo-1-1.png","contentUrl":"https:\/\/www.karaiexclusiveracing.hu\/wp-content\/uploads\/2023\/10\/karai_exclusive_logo-1-1.png","width":1575,"height":435,"caption":"K\u00e1rai Exclusive Racing"},"image":{"@id":"https:\/\/karaiexclusiveracing.hu\/#\/schema\/logo\/image\/"},"sameAs":["https:\/\/www.facebook.com\/karaiexclusiveracing.hu","https:\/\/www.instagram.com\/karaiexclusiveracing\/"]}]}},"_links":{"self":[{"href":"http:\/\/karaiexclusiveracing.hu\/de\/wp-json\/wp\/v2\/product\/19488","targetHints":{"allow":["GET"]}}],"collection":[{"href":"http:\/\/karaiexclusiveracing.hu\/de\/wp-json\/wp\/v2\/product"}],"about":[{"href":"http:\/\/karaiexclusiveracing.hu\/de\/wp-json\/wp\/v2\/types\/product"}],"wp:featuredmedia":[{"embeddable":true,"href":"http:\/\/karaiexclusiveracing.hu\/de\/wp-json\/wp\/v2\/media\/23267"}],"wp:attachment":[{"href":"http:\/\/karaiexclusiveracing.hu\/de\/wp-json\/wp\/v2\/media?parent=19488"}],"wp:term":[{"taxonomy":"manufactures","embeddable":true,"href":"http:\/\/karaiexclusiveracing.hu\/de\/wp-json\/wp\/v2\/manufactures?post=19488"},{"taxonomy":"product_brand","embeddable":true,"href":"http:\/\/karaiexclusiveracing.hu\/de\/wp-json\/wp\/v2\/product_brand?post=19488"},{"taxonomy":"product_cat","embeddable":true,"href":"http:\/\/karaiexclusiveracing.hu\/de\/wp-json\/wp\/v2\/product_cat?post=19488"},{"taxonomy":"product_tag","embeddable":true,"href":"http:\/\/karaiexclusiveracing.hu\/de\/wp-json\/wp\/v2\/product_tag?post=19488"}],"curies":[{"name":"wp","href":"https:\/\/api.w.org\/{rel}","templated":true}]}}