{"id":19360,"date":"2024-03-20T06:21:23","date_gmt":"2024-03-20T05:21:23","guid":{"rendered":"https:\/\/www.karaiexclusiveracing.hu\/?post_type=product&#038;p=19360"},"modified":"2025-03-07T18:48:17","modified_gmt":"2025-03-07T17:48:17","slug":"bmw-e30-320i-m-tech-1","status":"publish","type":"product","link":"http:\/\/karaiexclusiveracing.hu\/de\/termek\/bmw-e30-320i-m-tech-1\/","title":{"rendered":"BMW E30 320I M-TECH 1"},"content":{"rendered":"<p>Az aut\u00f3 1984-ben ker\u00fclt el\u0151sz\u00f6r tulajdonba, \u00e9s m\u00e9g a fel\u00faj\u00edt\u00e1s el\u0151tt is teljesen rozsdamentes \u00e1llapotban volt, \u00edgy szinte nulla karossz\u00e9ria munk\u00e1t ig\u00e9nyelt. Az aut\u00f3 minden egyes r\u00e9szlet\u00e9t gondosan fel\u00faj\u00edtottuk, a belt\u00e9rre k\u00fcl\u00f6n hangs\u00falyt fektett\u00fcnk. Minden eredeti dokument\u00e1ci\u00f3ja megvan, b\u0151rk\u00f6t\u00e9s\u0171 k\u00f6nyvbe foglalva.<\/p>\n<p><strong>Tov\u00e1bbi inform\u00e1ci\u00f3k\u00e9rt \u00e9rdekl\u0151dj telefonon!<\/strong><\/p>","protected":false},"excerpt":{"rendered":"<p>Bmw E30 320 i M-tech 1<\/p>\n<p>Az\u00a0 aut\u00f3 1984 ben \u00fajonann v\u00e1s\u00e1rolt a fel\u00faj\u00edt\u00e1s el\u0151tt is teljesen rozsdamentes volt. Mondhatni nulla karossz\u00e9ria munka volt rajta! Az aut\u00f3 minden porcik\u00e1ja fel lett \u00faj\u00edtva teljesen. \u00daj kor\u00e1t\u00f3l minden dokument\u00e1ci\u00f3 egy b\u00f6rk\u00f6t\u00e9s\u00fc k\u00f6nyvben bek\u00f6tve.<\/p>\n<p>Teljesen fel\u00faj\u00edtott belt\u00e9r.<\/p>","protected":false},"featured_media":19361,"template":"","meta":{"_acf_changed":false},"manufactures":[],"product_brand":[],"product_cat":[24],"product_tag":[],"class_list":{"0":"post-19360","1":"product","2":"type-product","3":"status-publish","4":"has-post-thumbnail","6":"product_cat-classic-car","8":"first","9":"instock","10":"taxable","11":"shipping-taxable","12":"purchasable","13":"product-type-simple"},"exclude_global_add_ons":[],"addons":[],"acf":[],"yoast_head":"<!-- This site is optimized with the Yoast SEO Premium plugin v27.1 (Yoast SEO v27.2) - https:\/\/yoast.com\/product\/yoast-seo-premium-wordpress\/ -->\n<title>BMW E30 320I M-TECH 1 - K\u00e1rai Exclusive<\/title>\n<meta name=\"description\" content=\"Legend\u00e1s M Tech 1 - Rozsdamentes, gondosan fel\u00faj\u00edtott. Minden eredeti dokument\u00e1ci\u00f3ja megvan, b\u0151rk\u00f6t\u00e9s\u0171 k\u00f6nyvbe foglalva.\" \/>\n<meta name=\"robots\" content=\"index, follow, max-snippet:-1, max-image-preview:large, max-video-preview:-1\" \/>\n<link rel=\"canonical\" href=\"https:\/\/karaiexclusiveracing.hu\/de\/produkt\/bmw-e30-320i-m-tech-1\/\" \/>\n<meta property=\"og:locale\" content=\"de_DE\" \/>\n<meta property=\"og:type\" content=\"article\" \/>\n<meta property=\"og:title\" content=\"BMW E30 320I M-TECH 1\" \/>\n<meta property=\"og:description\" content=\"Legend\u00e1s M Tech 1 - Rozsdamentes, gondosan fel\u00faj\u00edtott. Minden eredeti dokument\u00e1ci\u00f3ja megvan, b\u0151rk\u00f6t\u00e9s\u0171 k\u00f6nyvbe foglalva.\" \/>\n<meta property=\"og:url\" content=\"https:\/\/karaiexclusiveracing.hu\/de\/produkt\/bmw-e30-320i-m-tech-1\/\" \/>\n<meta property=\"og:site_name\" content=\"K\u00e1rai Exclusive\" \/>\n<meta property=\"article:publisher\" content=\"https:\/\/www.facebook.com\/karaiexclusiveracing.hu\" \/>\n<meta property=\"article:modified_time\" content=\"2025-03-07T17:48:17+00:00\" \/>\n<meta property=\"og:image\" content=\"https:\/\/karaiexclusiveracing.hu\/wp-content\/uploads\/2024\/03\/726195AB-4AC6-48FB-BBD8-659CDAC2146A-scaled.jpeg\" \/>\n\t<meta property=\"og:image:width\" content=\"2560\" \/>\n\t<meta property=\"og:image:height\" content=\"1440\" \/>\n\t<meta property=\"og:image:type\" content=\"image\/jpeg\" \/>\n<meta name=\"twitter:card\" content=\"summary_large_image\" \/>\n<meta name=\"twitter:label1\" content=\"Gesch\u00e4tzte Lesezeit\" \/>\n\t<meta name=\"twitter:data1\" content=\"1\u00a0Minute\" \/>\n<script type=\"application\/ld+json\" class=\"yoast-schema-graph\">{\"@context\":\"https:\/\/schema.org\",\"@graph\":[{\"@type\":\"WebPage\",\"@id\":\"https:\/\/karaiexclusiveracing.hu\/termek\/bmw-e30-320i-m-tech-1\/\",\"url\":\"https:\/\/karaiexclusiveracing.hu\/termek\/bmw-e30-320i-m-tech-1\/\",\"name\":\"BMW E30 320I M-TECH 1 - K\u00e1rai Exclusive\",\"isPartOf\":{\"@id\":\"https:\/\/karaiexclusiveracing.hu\/#website\"},\"primaryImageOfPage\":{\"@id\":\"https:\/\/karaiexclusiveracing.hu\/termek\/bmw-e30-320i-m-tech-1\/#primaryimage\"},\"image\":{\"@id\":\"https:\/\/karaiexclusiveracing.hu\/termek\/bmw-e30-320i-m-tech-1\/#primaryimage\"},\"thumbnailUrl\":\"https:\/\/karaiexclusiveracing.hu\/wp-content\/uploads\/2024\/03\/726195AB-4AC6-48FB-BBD8-659CDAC2146A-scaled.jpeg\",\"datePublished\":\"2024-03-20T05:21:23+00:00\",\"dateModified\":\"2025-03-07T17:48:17+00:00\",\"description\":\"Legend\u00e1s M Tech 1 - Rozsdamentes, gondosan fel\u00faj\u00edtott. Minden eredeti dokument\u00e1ci\u00f3ja megvan, b\u0151rk\u00f6t\u00e9s\u0171 k\u00f6nyvbe foglalva.\",\"breadcrumb\":{\"@id\":\"https:\/\/karaiexclusiveracing.hu\/termek\/bmw-e30-320i-m-tech-1\/#breadcrumb\"},\"inLanguage\":\"de\",\"potentialAction\":[{\"@type\":\"ReadAction\",\"target\":[\"https:\/\/karaiexclusiveracing.hu\/termek\/bmw-e30-320i-m-tech-1\/\"]}]},{\"@type\":\"ImageObject\",\"inLanguage\":\"de\",\"@id\":\"https:\/\/karaiexclusiveracing.hu\/termek\/bmw-e30-320i-m-tech-1\/#primaryimage\",\"url\":\"https:\/\/karaiexclusiveracing.hu\/wp-content\/uploads\/2024\/03\/726195AB-4AC6-48FB-BBD8-659CDAC2146A-scaled.jpeg\",\"contentUrl\":\"https:\/\/karaiexclusiveracing.hu\/wp-content\/uploads\/2024\/03\/726195AB-4AC6-48FB-BBD8-659CDAC2146A-scaled.jpeg\",\"width\":2560,\"height\":1440},{\"@type\":\"BreadcrumbList\",\"@id\":\"https:\/\/karaiexclusiveracing.hu\/termek\/bmw-e30-320i-m-tech-1\/#breadcrumb\",\"itemListElement\":[{\"@type\":\"ListItem\",\"position\":1,\"name\":\"Kezd\u0151lap\",\"item\":\"https:\/\/karaiexclusiveracing.hu\/\"},{\"@type\":\"ListItem\",\"position\":2,\"name\":\"Elad\u00f3 aut\u00f3k\",\"item\":\"https:\/\/karaiexclusiveracing.hu\/elado-autok\/\"},{\"@type\":\"ListItem\",\"position\":3,\"name\":\"BMW E30 320I M-TECH 1\"}]},{\"@type\":\"WebSite\",\"@id\":\"https:\/\/karaiexclusiveracing.hu\/#website\",\"url\":\"https:\/\/karaiexclusiveracing.hu\/\",\"name\":\"K\u00e1rai Exclusive Racing\",\"description\":\"\",\"publisher\":{\"@id\":\"https:\/\/karaiexclusiveracing.hu\/#organization\"},\"potentialAction\":[{\"@type\":\"SearchAction\",\"target\":{\"@type\":\"EntryPoint\",\"urlTemplate\":\"https:\/\/karaiexclusiveracing.hu\/?s={search_term_string}\"},\"query-input\":{\"@type\":\"PropertyValueSpecification\",\"valueRequired\":true,\"valueName\":\"search_term_string\"}}],\"inLanguage\":\"de\"},{\"@type\":\"Organization\",\"@id\":\"https:\/\/karaiexclusiveracing.hu\/#organization\",\"name\":\"K\u00e1rai Exclusive Racing\",\"url\":\"https:\/\/karaiexclusiveracing.hu\/\",\"logo\":{\"@type\":\"ImageObject\",\"inLanguage\":\"de\",\"@id\":\"https:\/\/karaiexclusiveracing.hu\/#\/schema\/logo\/image\/\",\"url\":\"https:\/\/www.karaiexclusiveracing.hu\/wp-content\/uploads\/2023\/10\/karai_exclusive_logo-1-1.png\",\"contentUrl\":\"https:\/\/www.karaiexclusiveracing.hu\/wp-content\/uploads\/2023\/10\/karai_exclusive_logo-1-1.png\",\"width\":1575,\"height\":435,\"caption\":\"K\u00e1rai Exclusive Racing\"},\"image\":{\"@id\":\"https:\/\/karaiexclusiveracing.hu\/#\/schema\/logo\/image\/\"},\"sameAs\":[\"https:\/\/www.facebook.com\/karaiexclusiveracing.hu\",\"https:\/\/www.instagram.com\/karaiexclusiveracing\/\"]}]}<\/script>\n<!-- \/ Yoast SEO Premium plugin. -->","yoast_head_json":{"title":"BMW E30 320I M-TECH 1 - K\u00e1rai Exclusive","description":"Legend\u00e1s M Tech 1 - Rozsdamentes, gondosan fel\u00faj\u00edtott. Minden eredeti dokument\u00e1ci\u00f3ja megvan, b\u0151rk\u00f6t\u00e9s\u0171 k\u00f6nyvbe foglalva.","robots":{"index":"index","follow":"follow","max-snippet":"max-snippet:-1","max-image-preview":"max-image-preview:large","max-video-preview":"max-video-preview:-1"},"canonical":"https:\/\/karaiexclusiveracing.hu\/de\/produkt\/bmw-e30-320i-m-tech-1\/","og_locale":"de_DE","og_type":"article","og_title":"BMW E30 320I M-TECH 1","og_description":"Legend\u00e1s M Tech 1 - Rozsdamentes, gondosan fel\u00faj\u00edtott. Minden eredeti dokument\u00e1ci\u00f3ja megvan, b\u0151rk\u00f6t\u00e9s\u0171 k\u00f6nyvbe foglalva.","og_url":"https:\/\/karaiexclusiveracing.hu\/de\/produkt\/bmw-e30-320i-m-tech-1\/","og_site_name":"K\u00e1rai Exclusive","article_publisher":"https:\/\/www.facebook.com\/karaiexclusiveracing.hu","article_modified_time":"2025-03-07T17:48:17+00:00","og_image":[{"width":2560,"height":1440,"url":"https:\/\/karaiexclusiveracing.hu\/wp-content\/uploads\/2024\/03\/726195AB-4AC6-48FB-BBD8-659CDAC2146A-scaled.jpeg","type":"image\/jpeg"}],"twitter_card":"summary_large_image","twitter_misc":{"Gesch\u00e4tzte Lesezeit":"1\u00a0Minute"},"schema":{"@context":"https:\/\/schema.org","@graph":[{"@type":"WebPage","@id":"https:\/\/karaiexclusiveracing.hu\/termek\/bmw-e30-320i-m-tech-1\/","url":"https:\/\/karaiexclusiveracing.hu\/termek\/bmw-e30-320i-m-tech-1\/","name":"BMW E30 320I M-TECH 1 - K\u00e1rai Exclusive","isPartOf":{"@id":"https:\/\/karaiexclusiveracing.hu\/#website"},"primaryImageOfPage":{"@id":"https:\/\/karaiexclusiveracing.hu\/termek\/bmw-e30-320i-m-tech-1\/#primaryimage"},"image":{"@id":"https:\/\/karaiexclusiveracing.hu\/termek\/bmw-e30-320i-m-tech-1\/#primaryimage"},"thumbnailUrl":"https:\/\/karaiexclusiveracing.hu\/wp-content\/uploads\/2024\/03\/726195AB-4AC6-48FB-BBD8-659CDAC2146A-scaled.jpeg","datePublished":"2024-03-20T05:21:23+00:00","dateModified":"2025-03-07T17:48:17+00:00","description":"Legend\u00e1s M Tech 1 - Rozsdamentes, gondosan fel\u00faj\u00edtott. Minden eredeti dokument\u00e1ci\u00f3ja megvan, b\u0151rk\u00f6t\u00e9s\u0171 k\u00f6nyvbe foglalva.","breadcrumb":{"@id":"https:\/\/karaiexclusiveracing.hu\/termek\/bmw-e30-320i-m-tech-1\/#breadcrumb"},"inLanguage":"de","potentialAction":[{"@type":"ReadAction","target":["https:\/\/karaiexclusiveracing.hu\/termek\/bmw-e30-320i-m-tech-1\/"]}]},{"@type":"ImageObject","inLanguage":"de","@id":"https:\/\/karaiexclusiveracing.hu\/termek\/bmw-e30-320i-m-tech-1\/#primaryimage","url":"https:\/\/karaiexclusiveracing.hu\/wp-content\/uploads\/2024\/03\/726195AB-4AC6-48FB-BBD8-659CDAC2146A-scaled.jpeg","contentUrl":"https:\/\/karaiexclusiveracing.hu\/wp-content\/uploads\/2024\/03\/726195AB-4AC6-48FB-BBD8-659CDAC2146A-scaled.jpeg","width":2560,"height":1440},{"@type":"BreadcrumbList","@id":"https:\/\/karaiexclusiveracing.hu\/termek\/bmw-e30-320i-m-tech-1\/#breadcrumb","itemListElement":[{"@type":"ListItem","position":1,"name":"Kezd\u0151lap","item":"https:\/\/karaiexclusiveracing.hu\/"},{"@type":"ListItem","position":2,"name":"Elad\u00f3 aut\u00f3k","item":"https:\/\/karaiexclusiveracing.hu\/elado-autok\/"},{"@type":"ListItem","position":3,"name":"BMW E30 320I M-TECH 1"}]},{"@type":"WebSite","@id":"https:\/\/karaiexclusiveracing.hu\/#website","url":"https:\/\/karaiexclusiveracing.hu\/","name":"K\u00e1rai Exclusive Racing","description":"","publisher":{"@id":"https:\/\/karaiexclusiveracing.hu\/#organization"},"potentialAction":[{"@type":"SearchAction","target":{"@type":"EntryPoint","urlTemplate":"https:\/\/karaiexclusiveracing.hu\/?s={search_term_string}"},"query-input":{"@type":"PropertyValueSpecification","valueRequired":true,"valueName":"search_term_string"}}],"inLanguage":"de"},{"@type":"Organization","@id":"https:\/\/karaiexclusiveracing.hu\/#organization","name":"K\u00e1rai Exclusive Racing","url":"https:\/\/karaiexclusiveracing.hu\/","logo":{"@type":"ImageObject","inLanguage":"de","@id":"https:\/\/karaiexclusiveracing.hu\/#\/schema\/logo\/image\/","url":"https:\/\/www.karaiexclusiveracing.hu\/wp-content\/uploads\/2023\/10\/karai_exclusive_logo-1-1.png","contentUrl":"https:\/\/www.karaiexclusiveracing.hu\/wp-content\/uploads\/2023\/10\/karai_exclusive_logo-1-1.png","width":1575,"height":435,"caption":"K\u00e1rai Exclusive Racing"},"image":{"@id":"https:\/\/karaiexclusiveracing.hu\/#\/schema\/logo\/image\/"},"sameAs":["https:\/\/www.facebook.com\/karaiexclusiveracing.hu","https:\/\/www.instagram.com\/karaiexclusiveracing\/"]}]}},"_links":{"self":[{"href":"http:\/\/karaiexclusiveracing.hu\/de\/wp-json\/wp\/v2\/product\/19360","targetHints":{"allow":["GET"]}}],"collection":[{"href":"http:\/\/karaiexclusiveracing.hu\/de\/wp-json\/wp\/v2\/product"}],"about":[{"href":"http:\/\/karaiexclusiveracing.hu\/de\/wp-json\/wp\/v2\/types\/product"}],"wp:featuredmedia":[{"embeddable":true,"href":"http:\/\/karaiexclusiveracing.hu\/de\/wp-json\/wp\/v2\/media\/19361"}],"wp:attachment":[{"href":"http:\/\/karaiexclusiveracing.hu\/de\/wp-json\/wp\/v2\/media?parent=19360"}],"wp:term":[{"taxonomy":"manufactures","embeddable":true,"href":"http:\/\/karaiexclusiveracing.hu\/de\/wp-json\/wp\/v2\/manufactures?post=19360"},{"taxonomy":"product_brand","embeddable":true,"href":"http:\/\/karaiexclusiveracing.hu\/de\/wp-json\/wp\/v2\/product_brand?post=19360"},{"taxonomy":"product_cat","embeddable":true,"href":"http:\/\/karaiexclusiveracing.hu\/de\/wp-json\/wp\/v2\/product_cat?post=19360"},{"taxonomy":"product_tag","embeddable":true,"href":"http:\/\/karaiexclusiveracing.hu\/de\/wp-json\/wp\/v2\/product_tag?post=19360"}],"curies":[{"name":"wp","href":"https:\/\/api.w.org\/{rel}","templated":true}]}}