{"id":1753,"date":"2023-11-06T11:00:47","date_gmt":"2023-11-06T10:00:47","guid":{"rendered":"https:\/\/www.karaiexclusiveracing.hu\/?post_type=product&#038;p=1753"},"modified":"2025-09-02T11:00:37","modified_gmt":"2025-09-02T09:00:37","slug":"bmw-e31-850ci","status":"publish","type":"product","link":"http:\/\/karaiexclusiveracing.hu\/de\/termek\/bmw-e31-850ci\/","title":{"rendered":"BMW E31 850Ci &#8211; SOLD!"},"content":{"rendered":"<div id=\"ut-row-inner-653a2e06d150a\" class=\"vc_row wpb_row vc_inner vc_row-fluid vc_column-gap-10 ut-row-inner-653a2e06d1512\">\n<div class=\"wpb_column vc_column_container vc_col-sm-9\">\n<div id=\"ut-column-inner-653a2e06d18bf\" class=\"vc_column-inner vc_column-inner-nested\">\n<div class=\"wpb_wrapper\">\n<div class=\"wpb_text_column wpb_content_element\">\n<div class=\"wpb_wrapper\">\n<p>Elad\u00e1sra k\u00edn\u00e1lunk egy <strong>rendk\u00edv\u00fcl ritka BMW 850Ci Individual modellt<\/strong>, amely egyed\u00fcl\u00e1ll\u00f3 lehet\u0151s\u00e9get ny\u00fajt a klasszikus BMW-rajong\u00f3k \u00e9s gy\u0171jt\u0151k sz\u00e1m\u00e1ra. Az aut\u00f3 <strong>teljes k\u00f6r\u0171 fel\u00faj\u00edt\u00e1son esett \u00e1t m\u0171hely\u00fcnkben<\/strong>, amely mag\u00e1ban foglalta a teljes f\u00e9nyez\u00e9st is.<\/p>\n<p>A j\u00e1rm\u0171 <strong>n\u00e9met okm\u00e1nyokkal<\/strong> rendelkezik, \u00e9s mind\u00f6ssze <strong>173.000 km-t futott<\/strong>, ami a kor\u00e1hoz k\u00e9pest kiv\u00e9teles adat. Az aut\u00f3 <strong>els\u0151 tulajdonost\u00f3l sz\u00e1rmazik<\/strong>, \u00e9s a t\u00f6rt\u00e9net\u00e9t ADAC \u00e9rt\u00e9kbecsl\u00e9s is igazolja, amelyen <strong>maxim\u00e1lis \u00e9rt\u00e9kel\u00e9st kapott<\/strong>. Ez a modell t\u00f6k\u00e9letes v\u00e1laszt\u00e1s mind befektet\u00e9si c\u00e9lra, mind mindennapi haszn\u00e1latra azok sz\u00e1m\u00e1ra, akik egy legend\u00e1s luxusaut\u00f3t keresnek.<\/p>\n<p><strong>F\u0151bb jellemz\u0151k:<\/strong><\/p>\n<ul>\n<li><strong>Individual modell<\/strong>: Ritka \u00e9s exkluz\u00edv kivitel<\/li>\n<li><strong>Teljes fel\u00faj\u00edt\u00e1s<\/strong>: Karossz\u00e9ria \u00e9s f\u00e9nyez\u00e9s \u00fajragondolva<\/li>\n<li><strong>N\u00e9met okm\u00e1nyokkal<\/strong> rendelkezik<\/li>\n<li><strong>173.000 km fut\u00e1steljes\u00edtm\u00e9ny<\/strong><\/li>\n<li><strong>Els\u0151 tulajdonost\u00f3l<\/strong><\/li>\n<li><strong>ADAC maxim\u00e1lis \u00e9rt\u00e9kel\u00e9s<\/strong><\/li>\n<\/ul>\n<p>&nbsp;<\/p>\n<p><strong>Tov\u00e1bbi inform\u00e1ci\u00f3\u00e9rt \u00e9rdekl\u0151dj telefonon!<\/strong><\/p>\n<\/div>\n<\/div>\n<\/div>\n<\/div>\n<\/div>\n<\/div>\n<div id=\"vc-sep-653a2e06d1ae1\" class=\"vc_separator wpb_content_element vc_separator_align_center vc_sep_width_100 vc_sep_pos_align_center vc_separator_no_text vc_sep_color_grey vc_custom_1623245990100 vc_custom_1623245990100\"><\/div>","protected":false},"excerpt":{"rendered":"<p>Elad\u00e1sra k\u00edn\u00e1lunk egy rendk\u00edv\u00fcl ritka BMW 850Ci Individual modellt, amely egyed\u00fcl\u00e1ll\u00f3 lehet\u0151s\u00e9get ny\u00fajt a klasszikus BMW-rajong\u00f3k \u00e9s gy\u0171jt\u0151k sz\u00e1m\u00e1ra. Az aut\u00f3 teljes k\u00f6r\u0171 fel\u00faj\u00edt\u00e1son esett \u00e1t m\u0171hely\u00fcnkben, amely mag\u00e1ban foglalta a teljes f\u00e9nyez\u00e9st is. A j\u00e1rm\u0171 n\u00e9met okm\u00e1nyokkal rendelkezik, \u00e9s mind\u00f6ssze 173.000 km-t futott, ami a kor\u00e1hoz k\u00e9pest kiv\u00e9teles adat. Az aut\u00f3 els\u0151 tulajdonost\u00f3l sz\u00e1rmazik, [&hellip;]<\/p>\n","protected":false},"featured_media":22547,"template":"","meta":{"_acf_changed":false},"manufactures":[52],"product_brand":[],"product_cat":[24],"product_tag":[109],"class_list":{"0":"post-1753","1":"product","2":"type-product","3":"status-publish","4":"has-post-thumbnail","6":"manufactures-bmw","7":"product_cat-classic-car","8":"product_tag-sold","10":"first","11":"instock","12":"taxable","13":"shipping-taxable","14":"purchasable","15":"product-type-simple"},"exclude_global_add_ons":[],"addons":[],"acf":[],"yoast_head":"<!-- This site is optimized with the Yoast SEO Premium plugin v27.1 (Yoast SEO v27.2) - https:\/\/yoast.com\/product\/yoast-seo-premium-wordpress\/ -->\n<title>BMW E31 850Ci - SOLD! - K\u00e1rai Exclusive<\/title>\n<meta name=\"description\" content=\"Individual modell, teljes fel\u00faj\u00edt\u00e1ssal, n\u00e9met okm\u00e1nyokkal, els\u0151 tulajdonost\u00f3l. 173.000 km fut\u00e1steljes\u00edtm\u00e9ny, maxim\u00e1lis ADAC \u00e9rt\u00e9kel\u00e9ssel.\" \/>\n<meta name=\"robots\" content=\"index, follow, max-snippet:-1, max-image-preview:large, max-video-preview:-1\" \/>\n<link rel=\"canonical\" href=\"https:\/\/karaiexclusiveracing.hu\/de\/produkt\/bmw-e31-850ci\/\" \/>\n<meta property=\"og:locale\" content=\"de_DE\" \/>\n<meta property=\"og:type\" content=\"article\" \/>\n<meta property=\"og:title\" content=\"BMW E31 850Ci - SOLD!\" \/>\n<meta property=\"og:description\" content=\"Individual modell, teljes fel\u00faj\u00edt\u00e1ssal, n\u00e9met okm\u00e1nyokkal, els\u0151 tulajdonost\u00f3l. 173.000 km fut\u00e1steljes\u00edtm\u00e9ny, maxim\u00e1lis ADAC \u00e9rt\u00e9kel\u00e9ssel.\" \/>\n<meta property=\"og:url\" content=\"https:\/\/karaiexclusiveracing.hu\/de\/produkt\/bmw-e31-850ci\/\" \/>\n<meta property=\"og:site_name\" content=\"K\u00e1rai Exclusive\" \/>\n<meta property=\"article:publisher\" content=\"https:\/\/www.facebook.com\/karaiexclusiveracing.hu\" \/>\n<meta property=\"article:modified_time\" content=\"2025-09-02T09:00:37+00:00\" \/>\n<meta property=\"og:image\" content=\"https:\/\/karaiexclusiveracing.hu\/wp-content\/uploads\/2023\/11\/DSC03170-scaled-1-1024x576.png\" \/>\n\t<meta property=\"og:image:width\" content=\"1024\" \/>\n\t<meta property=\"og:image:height\" content=\"576\" \/>\n\t<meta property=\"og:image:type\" content=\"image\/png\" \/>\n<meta name=\"twitter:card\" content=\"summary_large_image\" \/>\n<meta name=\"twitter:label1\" content=\"Gesch\u00e4tzte Lesezeit\" \/>\n\t<meta name=\"twitter:data1\" content=\"1\u00a0Minute\" \/>\n<script type=\"application\/ld+json\" class=\"yoast-schema-graph\">{\"@context\":\"https:\/\/schema.org\",\"@graph\":[{\"@type\":\"WebPage\",\"@id\":\"https:\/\/karaiexclusiveracing.hu\/de\/produkt\/bmw-e31-850ci\/\",\"url\":\"https:\/\/karaiexclusiveracing.hu\/de\/produkt\/bmw-e31-850ci\/\",\"name\":\"BMW E31 850Ci - SOLD! - K\u00e1rai Exclusive\",\"isPartOf\":{\"@id\":\"https:\/\/karaiexclusiveracing.hu\/#website\"},\"primaryImageOfPage\":{\"@id\":\"https:\/\/karaiexclusiveracing.hu\/de\/produkt\/bmw-e31-850ci\/#primaryimage\"},\"image\":{\"@id\":\"https:\/\/karaiexclusiveracing.hu\/de\/produkt\/bmw-e31-850ci\/#primaryimage\"},\"thumbnailUrl\":\"https:\/\/karaiexclusiveracing.hu\/wp-content\/uploads\/2023\/11\/DSC03170-scaled-1.png\",\"datePublished\":\"2023-11-06T10:00:47+00:00\",\"dateModified\":\"2025-09-02T09:00:37+00:00\",\"description\":\"Individual modell, teljes fel\u00faj\u00edt\u00e1ssal, n\u00e9met okm\u00e1nyokkal, els\u0151 tulajdonost\u00f3l. 173.000 km fut\u00e1steljes\u00edtm\u00e9ny, maxim\u00e1lis ADAC \u00e9rt\u00e9kel\u00e9ssel.\",\"breadcrumb\":{\"@id\":\"https:\/\/karaiexclusiveracing.hu\/de\/produkt\/bmw-e31-850ci\/#breadcrumb\"},\"inLanguage\":\"de\",\"potentialAction\":[{\"@type\":\"ReadAction\",\"target\":[\"https:\/\/karaiexclusiveracing.hu\/de\/produkt\/bmw-e31-850ci\/\"]}]},{\"@type\":\"ImageObject\",\"inLanguage\":\"de\",\"@id\":\"https:\/\/karaiexclusiveracing.hu\/de\/produkt\/bmw-e31-850ci\/#primaryimage\",\"url\":\"https:\/\/karaiexclusiveracing.hu\/wp-content\/uploads\/2023\/11\/DSC03170-scaled-1.png\",\"contentUrl\":\"https:\/\/karaiexclusiveracing.hu\/wp-content\/uploads\/2023\/11\/DSC03170-scaled-1.png\",\"width\":2560,\"height\":1440},{\"@type\":\"BreadcrumbList\",\"@id\":\"https:\/\/karaiexclusiveracing.hu\/de\/produkt\/bmw-e31-850ci\/#breadcrumb\",\"itemListElement\":[{\"@type\":\"ListItem\",\"position\":1,\"name\":\"Kezd\u0151lap\",\"item\":\"https:\/\/karaiexclusiveracing.hu\/\"},{\"@type\":\"ListItem\",\"position\":2,\"name\":\"Elad\u00f3 aut\u00f3k\",\"item\":\"https:\/\/karaiexclusiveracing.hu\/elado-autok\/\"},{\"@type\":\"ListItem\",\"position\":3,\"name\":\"BMW E31 850Ci &#8211; SOLD!\"}]},{\"@type\":\"WebSite\",\"@id\":\"https:\/\/karaiexclusiveracing.hu\/#website\",\"url\":\"https:\/\/karaiexclusiveracing.hu\/\",\"name\":\"K\u00e1rai Exclusive Racing\",\"description\":\"\",\"publisher\":{\"@id\":\"https:\/\/karaiexclusiveracing.hu\/#organization\"},\"potentialAction\":[{\"@type\":\"SearchAction\",\"target\":{\"@type\":\"EntryPoint\",\"urlTemplate\":\"https:\/\/karaiexclusiveracing.hu\/?s={search_term_string}\"},\"query-input\":{\"@type\":\"PropertyValueSpecification\",\"valueRequired\":true,\"valueName\":\"search_term_string\"}}],\"inLanguage\":\"de\"},{\"@type\":\"Organization\",\"@id\":\"https:\/\/karaiexclusiveracing.hu\/#organization\",\"name\":\"K\u00e1rai Exclusive Racing\",\"url\":\"https:\/\/karaiexclusiveracing.hu\/\",\"logo\":{\"@type\":\"ImageObject\",\"inLanguage\":\"de\",\"@id\":\"https:\/\/karaiexclusiveracing.hu\/#\/schema\/logo\/image\/\",\"url\":\"https:\/\/www.karaiexclusiveracing.hu\/wp-content\/uploads\/2023\/10\/karai_exclusive_logo-1-1.png\",\"contentUrl\":\"https:\/\/www.karaiexclusiveracing.hu\/wp-content\/uploads\/2023\/10\/karai_exclusive_logo-1-1.png\",\"width\":1575,\"height\":435,\"caption\":\"K\u00e1rai Exclusive Racing\"},\"image\":{\"@id\":\"https:\/\/karaiexclusiveracing.hu\/#\/schema\/logo\/image\/\"},\"sameAs\":[\"https:\/\/www.facebook.com\/karaiexclusiveracing.hu\",\"https:\/\/www.instagram.com\/karaiexclusiveracing\/\"]}]}<\/script>\n<!-- \/ Yoast SEO Premium plugin. -->","yoast_head_json":{"title":"BMW E31 850Ci - SOLD! - K\u00e1rai Exclusive","description":"Individual modell, teljes fel\u00faj\u00edt\u00e1ssal, n\u00e9met okm\u00e1nyokkal, els\u0151 tulajdonost\u00f3l. 173.000 km fut\u00e1steljes\u00edtm\u00e9ny, maxim\u00e1lis ADAC \u00e9rt\u00e9kel\u00e9ssel.","robots":{"index":"index","follow":"follow","max-snippet":"max-snippet:-1","max-image-preview":"max-image-preview:large","max-video-preview":"max-video-preview:-1"},"canonical":"https:\/\/karaiexclusiveracing.hu\/de\/produkt\/bmw-e31-850ci\/","og_locale":"de_DE","og_type":"article","og_title":"BMW E31 850Ci - SOLD!","og_description":"Individual modell, teljes fel\u00faj\u00edt\u00e1ssal, n\u00e9met okm\u00e1nyokkal, els\u0151 tulajdonost\u00f3l. 173.000 km fut\u00e1steljes\u00edtm\u00e9ny, maxim\u00e1lis ADAC \u00e9rt\u00e9kel\u00e9ssel.","og_url":"https:\/\/karaiexclusiveracing.hu\/de\/produkt\/bmw-e31-850ci\/","og_site_name":"K\u00e1rai Exclusive","article_publisher":"https:\/\/www.facebook.com\/karaiexclusiveracing.hu","article_modified_time":"2025-09-02T09:00:37+00:00","og_image":[{"width":1024,"height":576,"url":"https:\/\/karaiexclusiveracing.hu\/wp-content\/uploads\/2023\/11\/DSC03170-scaled-1-1024x576.png","type":"image\/png"}],"twitter_card":"summary_large_image","twitter_misc":{"Gesch\u00e4tzte Lesezeit":"1\u00a0Minute"},"schema":{"@context":"https:\/\/schema.org","@graph":[{"@type":"WebPage","@id":"https:\/\/karaiexclusiveracing.hu\/de\/produkt\/bmw-e31-850ci\/","url":"https:\/\/karaiexclusiveracing.hu\/de\/produkt\/bmw-e31-850ci\/","name":"BMW E31 850Ci - SOLD! - K\u00e1rai Exclusive","isPartOf":{"@id":"https:\/\/karaiexclusiveracing.hu\/#website"},"primaryImageOfPage":{"@id":"https:\/\/karaiexclusiveracing.hu\/de\/produkt\/bmw-e31-850ci\/#primaryimage"},"image":{"@id":"https:\/\/karaiexclusiveracing.hu\/de\/produkt\/bmw-e31-850ci\/#primaryimage"},"thumbnailUrl":"https:\/\/karaiexclusiveracing.hu\/wp-content\/uploads\/2023\/11\/DSC03170-scaled-1.png","datePublished":"2023-11-06T10:00:47+00:00","dateModified":"2025-09-02T09:00:37+00:00","description":"Individual modell, teljes fel\u00faj\u00edt\u00e1ssal, n\u00e9met okm\u00e1nyokkal, els\u0151 tulajdonost\u00f3l. 173.000 km fut\u00e1steljes\u00edtm\u00e9ny, maxim\u00e1lis ADAC \u00e9rt\u00e9kel\u00e9ssel.","breadcrumb":{"@id":"https:\/\/karaiexclusiveracing.hu\/de\/produkt\/bmw-e31-850ci\/#breadcrumb"},"inLanguage":"de","potentialAction":[{"@type":"ReadAction","target":["https:\/\/karaiexclusiveracing.hu\/de\/produkt\/bmw-e31-850ci\/"]}]},{"@type":"ImageObject","inLanguage":"de","@id":"https:\/\/karaiexclusiveracing.hu\/de\/produkt\/bmw-e31-850ci\/#primaryimage","url":"https:\/\/karaiexclusiveracing.hu\/wp-content\/uploads\/2023\/11\/DSC03170-scaled-1.png","contentUrl":"https:\/\/karaiexclusiveracing.hu\/wp-content\/uploads\/2023\/11\/DSC03170-scaled-1.png","width":2560,"height":1440},{"@type":"BreadcrumbList","@id":"https:\/\/karaiexclusiveracing.hu\/de\/produkt\/bmw-e31-850ci\/#breadcrumb","itemListElement":[{"@type":"ListItem","position":1,"name":"Kezd\u0151lap","item":"https:\/\/karaiexclusiveracing.hu\/"},{"@type":"ListItem","position":2,"name":"Elad\u00f3 aut\u00f3k","item":"https:\/\/karaiexclusiveracing.hu\/elado-autok\/"},{"@type":"ListItem","position":3,"name":"BMW E31 850Ci &#8211; SOLD!"}]},{"@type":"WebSite","@id":"https:\/\/karaiexclusiveracing.hu\/#website","url":"https:\/\/karaiexclusiveracing.hu\/","name":"K\u00e1rai Exclusive Racing","description":"","publisher":{"@id":"https:\/\/karaiexclusiveracing.hu\/#organization"},"potentialAction":[{"@type":"SearchAction","target":{"@type":"EntryPoint","urlTemplate":"https:\/\/karaiexclusiveracing.hu\/?s={search_term_string}"},"query-input":{"@type":"PropertyValueSpecification","valueRequired":true,"valueName":"search_term_string"}}],"inLanguage":"de"},{"@type":"Organization","@id":"https:\/\/karaiexclusiveracing.hu\/#organization","name":"K\u00e1rai Exclusive Racing","url":"https:\/\/karaiexclusiveracing.hu\/","logo":{"@type":"ImageObject","inLanguage":"de","@id":"https:\/\/karaiexclusiveracing.hu\/#\/schema\/logo\/image\/","url":"https:\/\/www.karaiexclusiveracing.hu\/wp-content\/uploads\/2023\/10\/karai_exclusive_logo-1-1.png","contentUrl":"https:\/\/www.karaiexclusiveracing.hu\/wp-content\/uploads\/2023\/10\/karai_exclusive_logo-1-1.png","width":1575,"height":435,"caption":"K\u00e1rai Exclusive Racing"},"image":{"@id":"https:\/\/karaiexclusiveracing.hu\/#\/schema\/logo\/image\/"},"sameAs":["https:\/\/www.facebook.com\/karaiexclusiveracing.hu","https:\/\/www.instagram.com\/karaiexclusiveracing\/"]}]}},"_links":{"self":[{"href":"http:\/\/karaiexclusiveracing.hu\/de\/wp-json\/wp\/v2\/product\/1753","targetHints":{"allow":["GET"]}}],"collection":[{"href":"http:\/\/karaiexclusiveracing.hu\/de\/wp-json\/wp\/v2\/product"}],"about":[{"href":"http:\/\/karaiexclusiveracing.hu\/de\/wp-json\/wp\/v2\/types\/product"}],"wp:featuredmedia":[{"embeddable":true,"href":"http:\/\/karaiexclusiveracing.hu\/de\/wp-json\/wp\/v2\/media\/22547"}],"wp:attachment":[{"href":"http:\/\/karaiexclusiveracing.hu\/de\/wp-json\/wp\/v2\/media?parent=1753"}],"wp:term":[{"taxonomy":"manufactures","embeddable":true,"href":"http:\/\/karaiexclusiveracing.hu\/de\/wp-json\/wp\/v2\/manufactures?post=1753"},{"taxonomy":"product_brand","embeddable":true,"href":"http:\/\/karaiexclusiveracing.hu\/de\/wp-json\/wp\/v2\/product_brand?post=1753"},{"taxonomy":"product_cat","embeddable":true,"href":"http:\/\/karaiexclusiveracing.hu\/de\/wp-json\/wp\/v2\/product_cat?post=1753"},{"taxonomy":"product_tag","embeddable":true,"href":"http:\/\/karaiexclusiveracing.hu\/de\/wp-json\/wp\/v2\/product_tag?post=1753"}],"curies":[{"name":"wp","href":"https:\/\/api.w.org\/{rel}","templated":true}]}}