{"id":1732,"date":"2023-11-06T10:53:27","date_gmt":"2023-11-06T09:53:27","guid":{"rendered":"https:\/\/www.karaiexclusiveracing.hu\/?post_type=product&#038;p=1732"},"modified":"2025-01-23T17:41:47","modified_gmt":"2025-01-23T16:41:47","slug":"bmw-e12-518i","status":"publish","type":"product","link":"http:\/\/karaiexclusiveracing.hu\/de\/termek\/bmw-e12-518i\/","title":{"rendered":"BMW E12 518i"},"content":{"rendered":"<div id=\"ut-row-inner-653a2e06d150a\" class=\"vc_row wpb_row vc_inner vc_row-fluid vc_column-gap-10 ut-row-inner-653a2e06d1512\">\n<div class=\"wpb_column vc_column_container vc_col-sm-9\">\n<div id=\"ut-column-inner-653a2e06d18bf\" class=\"vc_column-inner vc_column-inner-nested\">\n<div class=\"wpb_wrapper\">\n<div class=\"wpb_text_column wpb_content_element\">\n<div class=\"wpb_wrapper\">\n<p><strong>1979-es BMW E12<\/strong>, a BMW klasszikus sorozat\u00e1nak korai darabja. Ez az <strong>\u201cold\u2019s cool\u201d modell<\/strong> nemcsak a rajong\u00f3k sz\u00e1m\u00e1ra k\u00edn\u00e1l egyed\u00fcl\u00e1ll\u00f3 vezet\u00e9si \u00e9lm\u00e9nyt, hanem gy\u0171jt\u0151k sz\u00e1m\u00e1ra is t\u00f6k\u00e9letes v\u00e1laszt\u00e1s.<\/p>\n<p>Az aut\u00f3 <strong>magyar okm\u00e1nyokkal<\/strong> rendelkezik, \u00e9s jelenleg is <strong>\u00e9rv\u00e9nyes m\u0171szaki vizsg\u00e1val<\/strong> van ell\u00e1tva, ami azt jelenti, hogy azonnal haszn\u00e1lhat\u00f3. Ez a ritka BMW E12 modell kiv\u00e1l\u00f3 lehet\u0151s\u00e9get ny\u00fajt azok sz\u00e1m\u00e1ra, akik egy st\u00edlusos \u00e9s autentikus klasszikus aut\u00f3t keresnek.<\/p>\n<p><strong>Tov\u00e1bbi inform\u00e1ci\u00f3\u00e9rt \u00e9rdekl\u0151dj telefonon!<\/strong><\/p>\n<\/div>\n<\/div>\n<\/div>\n<\/div>\n<\/div>\n<\/div>","protected":false},"excerpt":{"rendered":"<p>1979-es BMW E12, a BMW klasszikus sorozat\u00e1nak korai darabja. Ez az \u201cold\u2019s cool\u201d modell nemcsak a rajong\u00f3k sz\u00e1m\u00e1ra k\u00edn\u00e1l egyed\u00fcl\u00e1ll\u00f3 vezet\u00e9si \u00e9lm\u00e9nyt, hanem gy\u0171jt\u0151k sz\u00e1m\u00e1ra is t\u00f6k\u00e9letes v\u00e1laszt\u00e1s. Az aut\u00f3 magyar okm\u00e1nyokkal rendelkezik, \u00e9s jelenleg is \u00e9rv\u00e9nyes m\u0171szaki vizsg\u00e1val van ell\u00e1tva, ami azt jelenti, hogy azonnal haszn\u00e1lhat\u00f3. Ez a ritka BMW E12 modell kiv\u00e1l\u00f3 lehet\u0151s\u00e9get [&hellip;]<\/p>\n","protected":false},"featured_media":1752,"template":"","meta":{"_acf_changed":false},"manufactures":[52],"product_brand":[],"product_cat":[24],"product_tag":[],"class_list":{"0":"post-1732","1":"product","2":"type-product","3":"status-publish","4":"has-post-thumbnail","6":"manufactures-bmw","7":"product_cat-classic-car","9":"first","10":"instock","11":"taxable","12":"shipping-taxable","13":"purchasable","14":"product-type-simple"},"exclude_global_add_ons":[],"addons":[],"acf":[],"yoast_head":"<!-- This site is optimized with the Yoast SEO Premium plugin v27.1 (Yoast SEO v27.2) - https:\/\/yoast.com\/product\/yoast-seo-premium-wordpress\/ -->\n<title>BMW E12 518i - K\u00e1rai Exclusive<\/title>\n<meta name=\"description\" content=\"Klasszikus 1979-es BMW E12 magyar okm\u00e1nyokkal \u00e9s \u00e9rv\u00e9nyes m\u0171szaki vizsg\u00e1val. Old\u2019s cool st\u00edlus gy\u0171jt\u0151knek \u00e9s rajong\u00f3knak.\" \/>\n<meta name=\"robots\" content=\"index, follow, max-snippet:-1, max-image-preview:large, max-video-preview:-1\" \/>\n<link rel=\"canonical\" href=\"https:\/\/karaiexclusiveracing.hu\/de\/produkt\/bmw-e12-518i\/\" \/>\n<meta property=\"og:locale\" content=\"de_DE\" \/>\n<meta property=\"og:type\" content=\"article\" \/>\n<meta property=\"og:title\" content=\"BMW E12 518i\" \/>\n<meta property=\"og:description\" content=\"Klasszikus 1979-es BMW E12 magyar okm\u00e1nyokkal \u00e9s \u00e9rv\u00e9nyes m\u0171szaki vizsg\u00e1val. Old\u2019s cool st\u00edlus gy\u0171jt\u0151knek \u00e9s rajong\u00f3knak.\" \/>\n<meta property=\"og:url\" content=\"https:\/\/karaiexclusiveracing.hu\/de\/produkt\/bmw-e12-518i\/\" \/>\n<meta property=\"og:site_name\" content=\"K\u00e1rai Exclusive\" \/>\n<meta property=\"article:publisher\" content=\"https:\/\/www.facebook.com\/karaiexclusiveracing.hu\" \/>\n<meta property=\"article:modified_time\" content=\"2025-01-23T16:41:47+00:00\" \/>\n<meta property=\"og:image\" content=\"https:\/\/karaiexclusiveracing.hu\/wp-content\/uploads\/2023\/11\/MAL06063-scaled.jpg\" \/>\n\t<meta property=\"og:image:width\" content=\"2560\" \/>\n\t<meta property=\"og:image:height\" content=\"1440\" \/>\n\t<meta property=\"og:image:type\" content=\"image\/jpeg\" \/>\n<meta name=\"twitter:card\" content=\"summary_large_image\" \/>\n<meta name=\"twitter:label1\" content=\"Gesch\u00e4tzte Lesezeit\" \/>\n\t<meta name=\"twitter:data1\" content=\"1\u00a0Minute\" \/>\n<script type=\"application\/ld+json\" class=\"yoast-schema-graph\">{\"@context\":\"https:\/\/schema.org\",\"@graph\":[{\"@type\":\"WebPage\",\"@id\":\"https:\/\/karaiexclusiveracing.hu\/termek\/bmw-e12-518i\/\",\"url\":\"https:\/\/karaiexclusiveracing.hu\/termek\/bmw-e12-518i\/\",\"name\":\"BMW E12 518i - K\u00e1rai Exclusive\",\"isPartOf\":{\"@id\":\"https:\/\/karaiexclusiveracing.hu\/#website\"},\"primaryImageOfPage\":{\"@id\":\"https:\/\/karaiexclusiveracing.hu\/termek\/bmw-e12-518i\/#primaryimage\"},\"image\":{\"@id\":\"https:\/\/karaiexclusiveracing.hu\/termek\/bmw-e12-518i\/#primaryimage\"},\"thumbnailUrl\":\"https:\/\/karaiexclusiveracing.hu\/wp-content\/uploads\/2023\/11\/MAL06063-scaled.jpg\",\"datePublished\":\"2023-11-06T09:53:27+00:00\",\"dateModified\":\"2025-01-23T16:41:47+00:00\",\"description\":\"Klasszikus 1979-es BMW E12 magyar okm\u00e1nyokkal \u00e9s \u00e9rv\u00e9nyes m\u0171szaki vizsg\u00e1val. Old\u2019s cool st\u00edlus gy\u0171jt\u0151knek \u00e9s rajong\u00f3knak.\",\"breadcrumb\":{\"@id\":\"https:\/\/karaiexclusiveracing.hu\/termek\/bmw-e12-518i\/#breadcrumb\"},\"inLanguage\":\"de\",\"potentialAction\":[{\"@type\":\"ReadAction\",\"target\":[\"https:\/\/karaiexclusiveracing.hu\/termek\/bmw-e12-518i\/\"]}]},{\"@type\":\"ImageObject\",\"inLanguage\":\"de\",\"@id\":\"https:\/\/karaiexclusiveracing.hu\/termek\/bmw-e12-518i\/#primaryimage\",\"url\":\"https:\/\/karaiexclusiveracing.hu\/wp-content\/uploads\/2023\/11\/MAL06063-scaled.jpg\",\"contentUrl\":\"https:\/\/karaiexclusiveracing.hu\/wp-content\/uploads\/2023\/11\/MAL06063-scaled.jpg\",\"width\":2560,\"height\":1440},{\"@type\":\"BreadcrumbList\",\"@id\":\"https:\/\/karaiexclusiveracing.hu\/termek\/bmw-e12-518i\/#breadcrumb\",\"itemListElement\":[{\"@type\":\"ListItem\",\"position\":1,\"name\":\"Kezd\u0151lap\",\"item\":\"https:\/\/karaiexclusiveracing.hu\/\"},{\"@type\":\"ListItem\",\"position\":2,\"name\":\"Elad\u00f3 aut\u00f3k\",\"item\":\"https:\/\/karaiexclusiveracing.hu\/elado-autok\/\"},{\"@type\":\"ListItem\",\"position\":3,\"name\":\"BMW E12 518i\"}]},{\"@type\":\"WebSite\",\"@id\":\"https:\/\/karaiexclusiveracing.hu\/#website\",\"url\":\"https:\/\/karaiexclusiveracing.hu\/\",\"name\":\"K\u00e1rai Exclusive Racing\",\"description\":\"\",\"publisher\":{\"@id\":\"https:\/\/karaiexclusiveracing.hu\/#organization\"},\"potentialAction\":[{\"@type\":\"SearchAction\",\"target\":{\"@type\":\"EntryPoint\",\"urlTemplate\":\"https:\/\/karaiexclusiveracing.hu\/?s={search_term_string}\"},\"query-input\":{\"@type\":\"PropertyValueSpecification\",\"valueRequired\":true,\"valueName\":\"search_term_string\"}}],\"inLanguage\":\"de\"},{\"@type\":\"Organization\",\"@id\":\"https:\/\/karaiexclusiveracing.hu\/#organization\",\"name\":\"K\u00e1rai Exclusive Racing\",\"url\":\"https:\/\/karaiexclusiveracing.hu\/\",\"logo\":{\"@type\":\"ImageObject\",\"inLanguage\":\"de\",\"@id\":\"https:\/\/karaiexclusiveracing.hu\/#\/schema\/logo\/image\/\",\"url\":\"https:\/\/www.karaiexclusiveracing.hu\/wp-content\/uploads\/2023\/10\/karai_exclusive_logo-1-1.png\",\"contentUrl\":\"https:\/\/www.karaiexclusiveracing.hu\/wp-content\/uploads\/2023\/10\/karai_exclusive_logo-1-1.png\",\"width\":1575,\"height\":435,\"caption\":\"K\u00e1rai Exclusive Racing\"},\"image\":{\"@id\":\"https:\/\/karaiexclusiveracing.hu\/#\/schema\/logo\/image\/\"},\"sameAs\":[\"https:\/\/www.facebook.com\/karaiexclusiveracing.hu\",\"https:\/\/www.instagram.com\/karaiexclusiveracing\/\"]}]}<\/script>\n<!-- \/ Yoast SEO Premium plugin. -->","yoast_head_json":{"title":"BMW E12 518i - K\u00e1rai Exclusive","description":"Klasszikus 1979-es BMW E12 magyar okm\u00e1nyokkal \u00e9s \u00e9rv\u00e9nyes m\u0171szaki vizsg\u00e1val. Old\u2019s cool st\u00edlus gy\u0171jt\u0151knek \u00e9s rajong\u00f3knak.","robots":{"index":"index","follow":"follow","max-snippet":"max-snippet:-1","max-image-preview":"max-image-preview:large","max-video-preview":"max-video-preview:-1"},"canonical":"https:\/\/karaiexclusiveracing.hu\/de\/produkt\/bmw-e12-518i\/","og_locale":"de_DE","og_type":"article","og_title":"BMW E12 518i","og_description":"Klasszikus 1979-es BMW E12 magyar okm\u00e1nyokkal \u00e9s \u00e9rv\u00e9nyes m\u0171szaki vizsg\u00e1val. Old\u2019s cool st\u00edlus gy\u0171jt\u0151knek \u00e9s rajong\u00f3knak.","og_url":"https:\/\/karaiexclusiveracing.hu\/de\/produkt\/bmw-e12-518i\/","og_site_name":"K\u00e1rai Exclusive","article_publisher":"https:\/\/www.facebook.com\/karaiexclusiveracing.hu","article_modified_time":"2025-01-23T16:41:47+00:00","og_image":[{"width":2560,"height":1440,"url":"https:\/\/karaiexclusiveracing.hu\/wp-content\/uploads\/2023\/11\/MAL06063-scaled.jpg","type":"image\/jpeg"}],"twitter_card":"summary_large_image","twitter_misc":{"Gesch\u00e4tzte Lesezeit":"1\u00a0Minute"},"schema":{"@context":"https:\/\/schema.org","@graph":[{"@type":"WebPage","@id":"https:\/\/karaiexclusiveracing.hu\/termek\/bmw-e12-518i\/","url":"https:\/\/karaiexclusiveracing.hu\/termek\/bmw-e12-518i\/","name":"BMW E12 518i - K\u00e1rai Exclusive","isPartOf":{"@id":"https:\/\/karaiexclusiveracing.hu\/#website"},"primaryImageOfPage":{"@id":"https:\/\/karaiexclusiveracing.hu\/termek\/bmw-e12-518i\/#primaryimage"},"image":{"@id":"https:\/\/karaiexclusiveracing.hu\/termek\/bmw-e12-518i\/#primaryimage"},"thumbnailUrl":"https:\/\/karaiexclusiveracing.hu\/wp-content\/uploads\/2023\/11\/MAL06063-scaled.jpg","datePublished":"2023-11-06T09:53:27+00:00","dateModified":"2025-01-23T16:41:47+00:00","description":"Klasszikus 1979-es BMW E12 magyar okm\u00e1nyokkal \u00e9s \u00e9rv\u00e9nyes m\u0171szaki vizsg\u00e1val. Old\u2019s cool st\u00edlus gy\u0171jt\u0151knek \u00e9s rajong\u00f3knak.","breadcrumb":{"@id":"https:\/\/karaiexclusiveracing.hu\/termek\/bmw-e12-518i\/#breadcrumb"},"inLanguage":"de","potentialAction":[{"@type":"ReadAction","target":["https:\/\/karaiexclusiveracing.hu\/termek\/bmw-e12-518i\/"]}]},{"@type":"ImageObject","inLanguage":"de","@id":"https:\/\/karaiexclusiveracing.hu\/termek\/bmw-e12-518i\/#primaryimage","url":"https:\/\/karaiexclusiveracing.hu\/wp-content\/uploads\/2023\/11\/MAL06063-scaled.jpg","contentUrl":"https:\/\/karaiexclusiveracing.hu\/wp-content\/uploads\/2023\/11\/MAL06063-scaled.jpg","width":2560,"height":1440},{"@type":"BreadcrumbList","@id":"https:\/\/karaiexclusiveracing.hu\/termek\/bmw-e12-518i\/#breadcrumb","itemListElement":[{"@type":"ListItem","position":1,"name":"Kezd\u0151lap","item":"https:\/\/karaiexclusiveracing.hu\/"},{"@type":"ListItem","position":2,"name":"Elad\u00f3 aut\u00f3k","item":"https:\/\/karaiexclusiveracing.hu\/elado-autok\/"},{"@type":"ListItem","position":3,"name":"BMW E12 518i"}]},{"@type":"WebSite","@id":"https:\/\/karaiexclusiveracing.hu\/#website","url":"https:\/\/karaiexclusiveracing.hu\/","name":"K\u00e1rai Exclusive Racing","description":"","publisher":{"@id":"https:\/\/karaiexclusiveracing.hu\/#organization"},"potentialAction":[{"@type":"SearchAction","target":{"@type":"EntryPoint","urlTemplate":"https:\/\/karaiexclusiveracing.hu\/?s={search_term_string}"},"query-input":{"@type":"PropertyValueSpecification","valueRequired":true,"valueName":"search_term_string"}}],"inLanguage":"de"},{"@type":"Organization","@id":"https:\/\/karaiexclusiveracing.hu\/#organization","name":"K\u00e1rai Exclusive Racing","url":"https:\/\/karaiexclusiveracing.hu\/","logo":{"@type":"ImageObject","inLanguage":"de","@id":"https:\/\/karaiexclusiveracing.hu\/#\/schema\/logo\/image\/","url":"https:\/\/www.karaiexclusiveracing.hu\/wp-content\/uploads\/2023\/10\/karai_exclusive_logo-1-1.png","contentUrl":"https:\/\/www.karaiexclusiveracing.hu\/wp-content\/uploads\/2023\/10\/karai_exclusive_logo-1-1.png","width":1575,"height":435,"caption":"K\u00e1rai Exclusive Racing"},"image":{"@id":"https:\/\/karaiexclusiveracing.hu\/#\/schema\/logo\/image\/"},"sameAs":["https:\/\/www.facebook.com\/karaiexclusiveracing.hu","https:\/\/www.instagram.com\/karaiexclusiveracing\/"]}]}},"_links":{"self":[{"href":"http:\/\/karaiexclusiveracing.hu\/de\/wp-json\/wp\/v2\/product\/1732","targetHints":{"allow":["GET"]}}],"collection":[{"href":"http:\/\/karaiexclusiveracing.hu\/de\/wp-json\/wp\/v2\/product"}],"about":[{"href":"http:\/\/karaiexclusiveracing.hu\/de\/wp-json\/wp\/v2\/types\/product"}],"wp:featuredmedia":[{"embeddable":true,"href":"http:\/\/karaiexclusiveracing.hu\/de\/wp-json\/wp\/v2\/media\/1752"}],"wp:attachment":[{"href":"http:\/\/karaiexclusiveracing.hu\/de\/wp-json\/wp\/v2\/media?parent=1732"}],"wp:term":[{"taxonomy":"manufactures","embeddable":true,"href":"http:\/\/karaiexclusiveracing.hu\/de\/wp-json\/wp\/v2\/manufactures?post=1732"},{"taxonomy":"product_brand","embeddable":true,"href":"http:\/\/karaiexclusiveracing.hu\/de\/wp-json\/wp\/v2\/product_brand?post=1732"},{"taxonomy":"product_cat","embeddable":true,"href":"http:\/\/karaiexclusiveracing.hu\/de\/wp-json\/wp\/v2\/product_cat?post=1732"},{"taxonomy":"product_tag","embeddable":true,"href":"http:\/\/karaiexclusiveracing.hu\/de\/wp-json\/wp\/v2\/product_tag?post=1732"}],"curies":[{"name":"wp","href":"https:\/\/api.w.org\/{rel}","templated":true}]}}