{"id":1563,"date":"2023-11-06T09:50:46","date_gmt":"2023-11-06T08:50:46","guid":{"rendered":"https:\/\/www.karaiexclusiveracing.hu\/?post_type=product&#038;p=1563"},"modified":"2025-09-02T11:00:51","modified_gmt":"2025-09-02T09:00:51","slug":"bmw-e30-325ix-touring","status":"publish","type":"product","link":"http:\/\/karaiexclusiveracing.hu\/de\/termek\/bmw-e30-325ix-touring\/","title":{"rendered":"BMW E30 325ix TOURING &#8211; SOLD"},"content":{"rendered":"<div id=\"ut-row-inner-653a2e06d150a\" class=\"vc_row wpb_row vc_inner vc_row-fluid vc_column-gap-10 ut-row-inner-653a2e06d1512\">\n<div class=\"wpb_column vc_column_container vc_col-sm-9\">\n<div id=\"ut-column-inner-653a2e06d18bf\" class=\"vc_column-inner vc_column-inner-nested\">\n<div class=\"wpb_wrapper\">\n<div class=\"wpb_text_column wpb_content_element\">\n<div class=\"wpb_wrapper\">\n<p><strong>Rendk\u00edv\u00fcl ritka BMW E30 325ix Touring<\/strong> modellt, amely kiv\u00e1l\u00f3 \u00e1llapotban van. Ez a legend\u00e1s <strong>\u00f6sszker\u00e9khajt\u00e1s\u00fa Touring verzi\u00f3<\/strong> nemcsak a BMW rajong\u00f3k k\u00f6r\u00e9ben k\u00fcl\u00f6nleges, hanem gy\u0171jt\u0151k sz\u00e1m\u00e1ra is p\u00e1ratlan lehet\u0151s\u00e9get ny\u00fajt.<\/p>\n<p>Az aut\u00f3 ritkas\u00e1g\u00e1t \u00e9s megk\u00edm\u00e9lt \u00e1llapot\u00e1t kihaszn\u00e1lva ide\u00e1lis v\u00e1laszt\u00e1s mindennapi haszn\u00e1latra, gy\u0171jtem\u00e9nybe vagy ak\u00e1r restaur\u00e1l\u00e1si projektk\u00e9nt. Az E30 325ix Touring az egyik legkeresettebb klasszikus BMW modell, amely garant\u00e1ltan \u00e9rt\u00e9kn\u00f6veked\u00e9st jelent a j\u00f6v\u0151ben.<\/p>\n<p><strong>Tov\u00e1bbi inform\u00e1ci\u00f3\u00e9rt \u00e9rdekl\u0151dj telefonon!<\/strong><\/p>\n<\/div>\n<\/div>\n<\/div>\n<\/div>\n<\/div>\n<\/div>","protected":false},"excerpt":{"rendered":"<p>Rendk\u00edv\u00fcl ritka BMW E30 325ix Touring modellt, amely kiv\u00e1l\u00f3 \u00e1llapotban van. Ez a legend\u00e1s \u00f6sszker\u00e9khajt\u00e1s\u00fa Touring verzi\u00f3 nemcsak a BMW rajong\u00f3k k\u00f6r\u00e9ben k\u00fcl\u00f6nleges, hanem gy\u0171jt\u0151k sz\u00e1m\u00e1ra is p\u00e1ratlan lehet\u0151s\u00e9get ny\u00fajt. Az aut\u00f3 ritkas\u00e1g\u00e1t \u00e9s megk\u00edm\u00e9lt \u00e1llapot\u00e1t kihaszn\u00e1lva ide\u00e1lis v\u00e1laszt\u00e1s mindennapi haszn\u00e1latra, gy\u0171jtem\u00e9nybe vagy ak\u00e1r restaur\u00e1l\u00e1si projektk\u00e9nt. Az E30 325ix Touring az egyik legkeresettebb klasszikus BMW [&hellip;]<\/p>\n","protected":false},"featured_media":22979,"template":"","meta":{"_acf_changed":false},"manufactures":[52],"product_brand":[],"product_cat":[24],"product_tag":[109],"class_list":{"0":"post-1563","1":"product","2":"type-product","3":"status-publish","4":"has-post-thumbnail","6":"manufactures-bmw","7":"product_cat-classic-car","8":"product_tag-sold","10":"first","11":"instock","12":"taxable","13":"shipping-taxable","14":"purchasable","15":"product-type-simple"},"exclude_global_add_ons":[],"addons":[],"acf":[],"yoast_head":"<!-- This site is optimized with the Yoast SEO Premium plugin v27.1 (Yoast SEO v27.2) - https:\/\/yoast.com\/product\/yoast-seo-premium-wordpress\/ -->\n<title>BMW E30 325ix TOURING - SOLD - K\u00e1rai Exclusive<\/title>\n<meta name=\"description\" content=\"BMW E30 325ix Touring elad\u00f3, ritka \u00f6sszker\u00e9khajt\u00e1s\u00fa modell, kiv\u00e1l\u00f3 \u00e1llapotban. P\u00e1ratlan lehet\u0151s\u00e9g BMW gy\u0171jt\u0151k \u00e9s rajong\u00f3k sz\u00e1m\u00e1ra!\" \/>\n<meta name=\"robots\" content=\"index, follow, max-snippet:-1, max-image-preview:large, max-video-preview:-1\" \/>\n<link rel=\"canonical\" href=\"https:\/\/karaiexclusiveracing.hu\/de\/produkt\/bmw-e30-325ix-touring\/\" \/>\n<meta property=\"og:locale\" content=\"de_DE\" \/>\n<meta property=\"og:type\" content=\"article\" \/>\n<meta property=\"og:title\" content=\"BMW E30 325ix TOURING - SOLD\" \/>\n<meta property=\"og:description\" content=\"BMW E30 325ix Touring elad\u00f3, ritka \u00f6sszker\u00e9khajt\u00e1s\u00fa modell, kiv\u00e1l\u00f3 \u00e1llapotban. P\u00e1ratlan lehet\u0151s\u00e9g BMW gy\u0171jt\u0151k \u00e9s rajong\u00f3k sz\u00e1m\u00e1ra!\" \/>\n<meta property=\"og:url\" content=\"https:\/\/karaiexclusiveracing.hu\/de\/produkt\/bmw-e30-325ix-touring\/\" \/>\n<meta property=\"og:site_name\" content=\"K\u00e1rai Exclusive\" \/>\n<meta property=\"article:publisher\" content=\"https:\/\/www.facebook.com\/karaiexclusiveracing.hu\" \/>\n<meta property=\"article:modified_time\" content=\"2025-09-02T09:00:51+00:00\" \/>\n<meta property=\"og:image\" content=\"https:\/\/karaiexclusiveracing.hu\/wp-content\/uploads\/2023\/11\/DSC00902-scaleds-1024x576.png\" \/>\n\t<meta property=\"og:image:width\" content=\"1024\" \/>\n\t<meta property=\"og:image:height\" content=\"576\" \/>\n\t<meta property=\"og:image:type\" content=\"image\/png\" \/>\n<meta name=\"twitter:card\" content=\"summary_large_image\" \/>\n<meta name=\"twitter:label1\" content=\"Gesch\u00e4tzte Lesezeit\" \/>\n\t<meta name=\"twitter:data1\" content=\"1\u00a0Minute\" \/>\n<script type=\"application\/ld+json\" class=\"yoast-schema-graph\">{\"@context\":\"https:\/\/schema.org\",\"@graph\":[{\"@type\":\"WebPage\",\"@id\":\"https:\/\/karaiexclusiveracing.hu\/termek\/bmw-e30-325ix-touring\/\",\"url\":\"https:\/\/karaiexclusiveracing.hu\/termek\/bmw-e30-325ix-touring\/\",\"name\":\"BMW E30 325ix TOURING - SOLD - K\u00e1rai Exclusive\",\"isPartOf\":{\"@id\":\"https:\/\/karaiexclusiveracing.hu\/#website\"},\"primaryImageOfPage\":{\"@id\":\"https:\/\/karaiexclusiveracing.hu\/termek\/bmw-e30-325ix-touring\/#primaryimage\"},\"image\":{\"@id\":\"https:\/\/karaiexclusiveracing.hu\/termek\/bmw-e30-325ix-touring\/#primaryimage\"},\"thumbnailUrl\":\"https:\/\/karaiexclusiveracing.hu\/wp-content\/uploads\/2023\/11\/DSC00902-scaleds.png\",\"datePublished\":\"2023-11-06T08:50:46+00:00\",\"dateModified\":\"2025-09-02T09:00:51+00:00\",\"description\":\"BMW E30 325ix Touring elad\u00f3, ritka \u00f6sszker\u00e9khajt\u00e1s\u00fa modell, kiv\u00e1l\u00f3 \u00e1llapotban. P\u00e1ratlan lehet\u0151s\u00e9g BMW gy\u0171jt\u0151k \u00e9s rajong\u00f3k sz\u00e1m\u00e1ra!\",\"breadcrumb\":{\"@id\":\"https:\/\/karaiexclusiveracing.hu\/termek\/bmw-e30-325ix-touring\/#breadcrumb\"},\"inLanguage\":\"de\",\"potentialAction\":[{\"@type\":\"ReadAction\",\"target\":[\"https:\/\/karaiexclusiveracing.hu\/termek\/bmw-e30-325ix-touring\/\"]}]},{\"@type\":\"ImageObject\",\"inLanguage\":\"de\",\"@id\":\"https:\/\/karaiexclusiveracing.hu\/termek\/bmw-e30-325ix-touring\/#primaryimage\",\"url\":\"https:\/\/karaiexclusiveracing.hu\/wp-content\/uploads\/2023\/11\/DSC00902-scaleds.png\",\"contentUrl\":\"https:\/\/karaiexclusiveracing.hu\/wp-content\/uploads\/2023\/11\/DSC00902-scaleds.png\",\"width\":2560,\"height\":1439},{\"@type\":\"BreadcrumbList\",\"@id\":\"https:\/\/karaiexclusiveracing.hu\/termek\/bmw-e30-325ix-touring\/#breadcrumb\",\"itemListElement\":[{\"@type\":\"ListItem\",\"position\":1,\"name\":\"Kezd\u0151lap\",\"item\":\"https:\/\/karaiexclusiveracing.hu\/\"},{\"@type\":\"ListItem\",\"position\":2,\"name\":\"Elad\u00f3 aut\u00f3k\",\"item\":\"https:\/\/karaiexclusiveracing.hu\/elado-autok\/\"},{\"@type\":\"ListItem\",\"position\":3,\"name\":\"BMW E30 325ix TOURING &#8211; SOLD\"}]},{\"@type\":\"WebSite\",\"@id\":\"https:\/\/karaiexclusiveracing.hu\/#website\",\"url\":\"https:\/\/karaiexclusiveracing.hu\/\",\"name\":\"K\u00e1rai Exclusive Racing\",\"description\":\"\",\"publisher\":{\"@id\":\"https:\/\/karaiexclusiveracing.hu\/#organization\"},\"potentialAction\":[{\"@type\":\"SearchAction\",\"target\":{\"@type\":\"EntryPoint\",\"urlTemplate\":\"https:\/\/karaiexclusiveracing.hu\/?s={search_term_string}\"},\"query-input\":{\"@type\":\"PropertyValueSpecification\",\"valueRequired\":true,\"valueName\":\"search_term_string\"}}],\"inLanguage\":\"de\"},{\"@type\":\"Organization\",\"@id\":\"https:\/\/karaiexclusiveracing.hu\/#organization\",\"name\":\"K\u00e1rai Exclusive Racing\",\"url\":\"https:\/\/karaiexclusiveracing.hu\/\",\"logo\":{\"@type\":\"ImageObject\",\"inLanguage\":\"de\",\"@id\":\"https:\/\/karaiexclusiveracing.hu\/#\/schema\/logo\/image\/\",\"url\":\"https:\/\/www.karaiexclusiveracing.hu\/wp-content\/uploads\/2023\/10\/karai_exclusive_logo-1-1.png\",\"contentUrl\":\"https:\/\/www.karaiexclusiveracing.hu\/wp-content\/uploads\/2023\/10\/karai_exclusive_logo-1-1.png\",\"width\":1575,\"height\":435,\"caption\":\"K\u00e1rai Exclusive Racing\"},\"image\":{\"@id\":\"https:\/\/karaiexclusiveracing.hu\/#\/schema\/logo\/image\/\"},\"sameAs\":[\"https:\/\/www.facebook.com\/karaiexclusiveracing.hu\",\"https:\/\/www.instagram.com\/karaiexclusiveracing\/\"]}]}<\/script>\n<!-- \/ Yoast SEO Premium plugin. -->","yoast_head_json":{"title":"BMW E30 325ix TOURING - SOLD - K\u00e1rai Exclusive","description":"BMW E30 325ix Touring elad\u00f3, ritka \u00f6sszker\u00e9khajt\u00e1s\u00fa modell, kiv\u00e1l\u00f3 \u00e1llapotban. P\u00e1ratlan lehet\u0151s\u00e9g BMW gy\u0171jt\u0151k \u00e9s rajong\u00f3k sz\u00e1m\u00e1ra!","robots":{"index":"index","follow":"follow","max-snippet":"max-snippet:-1","max-image-preview":"max-image-preview:large","max-video-preview":"max-video-preview:-1"},"canonical":"https:\/\/karaiexclusiveracing.hu\/de\/produkt\/bmw-e30-325ix-touring\/","og_locale":"de_DE","og_type":"article","og_title":"BMW E30 325ix TOURING - SOLD","og_description":"BMW E30 325ix Touring elad\u00f3, ritka \u00f6sszker\u00e9khajt\u00e1s\u00fa modell, kiv\u00e1l\u00f3 \u00e1llapotban. P\u00e1ratlan lehet\u0151s\u00e9g BMW gy\u0171jt\u0151k \u00e9s rajong\u00f3k sz\u00e1m\u00e1ra!","og_url":"https:\/\/karaiexclusiveracing.hu\/de\/produkt\/bmw-e30-325ix-touring\/","og_site_name":"K\u00e1rai Exclusive","article_publisher":"https:\/\/www.facebook.com\/karaiexclusiveracing.hu","article_modified_time":"2025-09-02T09:00:51+00:00","og_image":[{"width":1024,"height":576,"url":"https:\/\/karaiexclusiveracing.hu\/wp-content\/uploads\/2023\/11\/DSC00902-scaleds-1024x576.png","type":"image\/png"}],"twitter_card":"summary_large_image","twitter_misc":{"Gesch\u00e4tzte Lesezeit":"1\u00a0Minute"},"schema":{"@context":"https:\/\/schema.org","@graph":[{"@type":"WebPage","@id":"https:\/\/karaiexclusiveracing.hu\/termek\/bmw-e30-325ix-touring\/","url":"https:\/\/karaiexclusiveracing.hu\/termek\/bmw-e30-325ix-touring\/","name":"BMW E30 325ix TOURING - SOLD - K\u00e1rai Exclusive","isPartOf":{"@id":"https:\/\/karaiexclusiveracing.hu\/#website"},"primaryImageOfPage":{"@id":"https:\/\/karaiexclusiveracing.hu\/termek\/bmw-e30-325ix-touring\/#primaryimage"},"image":{"@id":"https:\/\/karaiexclusiveracing.hu\/termek\/bmw-e30-325ix-touring\/#primaryimage"},"thumbnailUrl":"https:\/\/karaiexclusiveracing.hu\/wp-content\/uploads\/2023\/11\/DSC00902-scaleds.png","datePublished":"2023-11-06T08:50:46+00:00","dateModified":"2025-09-02T09:00:51+00:00","description":"BMW E30 325ix Touring elad\u00f3, ritka \u00f6sszker\u00e9khajt\u00e1s\u00fa modell, kiv\u00e1l\u00f3 \u00e1llapotban. P\u00e1ratlan lehet\u0151s\u00e9g BMW gy\u0171jt\u0151k \u00e9s rajong\u00f3k sz\u00e1m\u00e1ra!","breadcrumb":{"@id":"https:\/\/karaiexclusiveracing.hu\/termek\/bmw-e30-325ix-touring\/#breadcrumb"},"inLanguage":"de","potentialAction":[{"@type":"ReadAction","target":["https:\/\/karaiexclusiveracing.hu\/termek\/bmw-e30-325ix-touring\/"]}]},{"@type":"ImageObject","inLanguage":"de","@id":"https:\/\/karaiexclusiveracing.hu\/termek\/bmw-e30-325ix-touring\/#primaryimage","url":"https:\/\/karaiexclusiveracing.hu\/wp-content\/uploads\/2023\/11\/DSC00902-scaleds.png","contentUrl":"https:\/\/karaiexclusiveracing.hu\/wp-content\/uploads\/2023\/11\/DSC00902-scaleds.png","width":2560,"height":1439},{"@type":"BreadcrumbList","@id":"https:\/\/karaiexclusiveracing.hu\/termek\/bmw-e30-325ix-touring\/#breadcrumb","itemListElement":[{"@type":"ListItem","position":1,"name":"Kezd\u0151lap","item":"https:\/\/karaiexclusiveracing.hu\/"},{"@type":"ListItem","position":2,"name":"Elad\u00f3 aut\u00f3k","item":"https:\/\/karaiexclusiveracing.hu\/elado-autok\/"},{"@type":"ListItem","position":3,"name":"BMW E30 325ix TOURING &#8211; SOLD"}]},{"@type":"WebSite","@id":"https:\/\/karaiexclusiveracing.hu\/#website","url":"https:\/\/karaiexclusiveracing.hu\/","name":"K\u00e1rai Exclusive Racing","description":"","publisher":{"@id":"https:\/\/karaiexclusiveracing.hu\/#organization"},"potentialAction":[{"@type":"SearchAction","target":{"@type":"EntryPoint","urlTemplate":"https:\/\/karaiexclusiveracing.hu\/?s={search_term_string}"},"query-input":{"@type":"PropertyValueSpecification","valueRequired":true,"valueName":"search_term_string"}}],"inLanguage":"de"},{"@type":"Organization","@id":"https:\/\/karaiexclusiveracing.hu\/#organization","name":"K\u00e1rai Exclusive Racing","url":"https:\/\/karaiexclusiveracing.hu\/","logo":{"@type":"ImageObject","inLanguage":"de","@id":"https:\/\/karaiexclusiveracing.hu\/#\/schema\/logo\/image\/","url":"https:\/\/www.karaiexclusiveracing.hu\/wp-content\/uploads\/2023\/10\/karai_exclusive_logo-1-1.png","contentUrl":"https:\/\/www.karaiexclusiveracing.hu\/wp-content\/uploads\/2023\/10\/karai_exclusive_logo-1-1.png","width":1575,"height":435,"caption":"K\u00e1rai Exclusive Racing"},"image":{"@id":"https:\/\/karaiexclusiveracing.hu\/#\/schema\/logo\/image\/"},"sameAs":["https:\/\/www.facebook.com\/karaiexclusiveracing.hu","https:\/\/www.instagram.com\/karaiexclusiveracing\/"]}]}},"_links":{"self":[{"href":"http:\/\/karaiexclusiveracing.hu\/de\/wp-json\/wp\/v2\/product\/1563","targetHints":{"allow":["GET"]}}],"collection":[{"href":"http:\/\/karaiexclusiveracing.hu\/de\/wp-json\/wp\/v2\/product"}],"about":[{"href":"http:\/\/karaiexclusiveracing.hu\/de\/wp-json\/wp\/v2\/types\/product"}],"wp:featuredmedia":[{"embeddable":true,"href":"http:\/\/karaiexclusiveracing.hu\/de\/wp-json\/wp\/v2\/media\/22979"}],"wp:attachment":[{"href":"http:\/\/karaiexclusiveracing.hu\/de\/wp-json\/wp\/v2\/media?parent=1563"}],"wp:term":[{"taxonomy":"manufactures","embeddable":true,"href":"http:\/\/karaiexclusiveracing.hu\/de\/wp-json\/wp\/v2\/manufactures?post=1563"},{"taxonomy":"product_brand","embeddable":true,"href":"http:\/\/karaiexclusiveracing.hu\/de\/wp-json\/wp\/v2\/product_brand?post=1563"},{"taxonomy":"product_cat","embeddable":true,"href":"http:\/\/karaiexclusiveracing.hu\/de\/wp-json\/wp\/v2\/product_cat?post=1563"},{"taxonomy":"product_tag","embeddable":true,"href":"http:\/\/karaiexclusiveracing.hu\/de\/wp-json\/wp\/v2\/product_tag?post=1563"}],"curies":[{"name":"wp","href":"https:\/\/api.w.org\/{rel}","templated":true}]}}