{"id":15312,"date":"2023-11-20T20:21:30","date_gmt":"2023-11-20T19:21:30","guid":{"rendered":"https:\/\/www.karaiexclusiveracing.hu\/?post_type=product&#038;p=15312"},"modified":"2025-09-02T10:55:30","modified_gmt":"2025-09-02T08:55:30","slug":"bmw-e30-320i-sold","status":"publish","type":"product","link":"http:\/\/karaiexclusiveracing.hu\/de\/termek\/bmw-e30-320i-sold\/","title":{"rendered":"BMW E30 320i &#8211; SOLD!"},"content":{"rendered":"<p>Elad\u00e1sra k\u00edn\u00e1ljuk ezt a teljesen fel\u00faj\u00edtott 320i E30-at. Az aut\u00f3 val\u00f3ban kifog\u00e1stalan, t\u00f6bb inform\u00e1ci\u00f3\u00e9rt keressenek bizalommal! Az felt\u00fcntetett \u00e1r a k\u00e9peken l\u00e1that\u00f3 alufelni n\u00e9lk\u00fcl \u00e9rtend\u0151!<\/p>","protected":false},"excerpt":{"rendered":"<p>Elad\u00e1sra k\u00edn\u00e1ljuk ezt a teljesen fel\u00faj\u00edtott 320i E30-at. Az aut\u00f3 val\u00f3ban kifog\u00e1stalan, t\u00f6bb inform\u00e1ci\u00f3\u00e9rt keressenek bizalommal! Az felt\u00fcntetett \u00e1r a k\u00e9peken l\u00e1that\u00f3 alufelni n\u00e9lk\u00fcl \u00e9rtend\u0151!<\/p>","protected":false},"featured_media":15317,"template":"","meta":{"_acf_changed":false},"manufactures":[],"product_brand":[],"product_cat":[24],"product_tag":[109],"class_list":{"0":"post-15312","1":"product","2":"type-product","3":"status-publish","4":"has-post-thumbnail","6":"product_cat-classic-car","7":"product_tag-sold","9":"first","10":"instock","11":"taxable","12":"shipping-taxable","13":"purchasable","14":"product-type-simple"},"exclude_global_add_ons":[],"addons":[],"acf":[],"yoast_head":"<!-- This site is optimized with the Yoast SEO Premium plugin v27.1 (Yoast SEO v27.2) - https:\/\/yoast.com\/product\/yoast-seo-premium-wordpress\/ -->\n<title>BMW E30 320i - SOLD! - K\u00e1rai Exclusive<\/title>\n<meta name=\"description\" content=\"Elad\u00e1sra k\u00edn\u00e1ljuk ezt a teljesen fel\u00faj\u00edtott 320i E30-at. Az aut\u00f3 val\u00f3ban kifog\u00e1stalan, t\u00f6bb inform\u00e1ci\u00f3\u00e9rt keressenek bizalommal! Az felt\u00fcntetett \u00e1r a k\u00e9peken l\u00e1that\u00f3 alufelni n\u00e9lk\u00fcl \u00e9rtend\u0151!\" \/>\n<meta name=\"robots\" content=\"index, follow, max-snippet:-1, max-image-preview:large, max-video-preview:-1\" \/>\n<link rel=\"canonical\" href=\"http:\/\/karaiexclusiveracing.hu\/de\/produkt\/bmw-e30-320i-sold\/\" \/>\n<meta property=\"og:locale\" content=\"de_DE\" \/>\n<meta property=\"og:type\" content=\"article\" \/>\n<meta property=\"og:title\" content=\"BMW E30 320i - SOLD!\" \/>\n<meta property=\"og:description\" content=\"Elad\u00e1sra k\u00edn\u00e1ljuk ezt a teljesen fel\u00faj\u00edtott 320i E30-at. Az aut\u00f3 val\u00f3ban kifog\u00e1stalan, t\u00f6bb inform\u00e1ci\u00f3\u00e9rt keressenek bizalommal! Az felt\u00fcntetett \u00e1r a k\u00e9peken l\u00e1that\u00f3 alufelni n\u00e9lk\u00fcl \u00e9rtend\u0151!\" \/>\n<meta property=\"og:url\" content=\"http:\/\/karaiexclusiveracing.hu\/de\/produkt\/bmw-e30-320i-sold\/\" \/>\n<meta property=\"og:site_name\" content=\"K\u00e1rai Exclusive\" \/>\n<meta property=\"article:publisher\" content=\"https:\/\/www.facebook.com\/karaiexclusiveracing.hu\" \/>\n<meta property=\"article:modified_time\" content=\"2025-09-02T08:55:30+00:00\" \/>\n<meta property=\"og:image\" content=\"https:\/\/karaiexclusiveracing.hu\/wp-content\/uploads\/2023\/11\/Eladva1-01.jpg\" \/>\n\t<meta property=\"og:image:width\" content=\"1778\" \/>\n\t<meta property=\"og:image:height\" content=\"1001\" \/>\n\t<meta property=\"og:image:type\" content=\"image\/jpeg\" \/>\n<meta name=\"twitter:card\" content=\"summary_large_image\" \/>\n<meta name=\"twitter:label1\" content=\"Gesch\u00e4tzte Lesezeit\" \/>\n\t<meta name=\"twitter:data1\" content=\"1\u00a0Minute\" \/>\n<script type=\"application\/ld+json\" class=\"yoast-schema-graph\">{\"@context\":\"https:\/\/schema.org\",\"@graph\":[{\"@type\":\"WebPage\",\"@id\":\"http:\/\/karaiexclusiveracing.hu\/en\/product\/bmw-e30-320i-sold\/\",\"url\":\"http:\/\/karaiexclusiveracing.hu\/en\/product\/bmw-e30-320i-sold\/\",\"name\":\"BMW E30 320i - SOLD! - K\u00e1rai Exclusive\",\"isPartOf\":{\"@id\":\"https:\/\/karaiexclusiveracing.hu\/#website\"},\"primaryImageOfPage\":{\"@id\":\"http:\/\/karaiexclusiveracing.hu\/en\/product\/bmw-e30-320i-sold\/#primaryimage\"},\"image\":{\"@id\":\"http:\/\/karaiexclusiveracing.hu\/en\/product\/bmw-e30-320i-sold\/#primaryimage\"},\"thumbnailUrl\":\"https:\/\/karaiexclusiveracing.hu\/wp-content\/uploads\/2023\/11\/Eladva1-01.jpg\",\"datePublished\":\"2023-11-20T19:21:30+00:00\",\"dateModified\":\"2025-09-02T08:55:30+00:00\",\"description\":\"Elad\u00e1sra k\u00edn\u00e1ljuk ezt a teljesen fel\u00faj\u00edtott 320i E30-at. Az aut\u00f3 val\u00f3ban kifog\u00e1stalan, t\u00f6bb inform\u00e1ci\u00f3\u00e9rt keressenek bizalommal! Az felt\u00fcntetett \u00e1r a k\u00e9peken l\u00e1that\u00f3 alufelni n\u00e9lk\u00fcl \u00e9rtend\u0151!\",\"breadcrumb\":{\"@id\":\"http:\/\/karaiexclusiveracing.hu\/en\/product\/bmw-e30-320i-sold\/#breadcrumb\"},\"inLanguage\":\"de\",\"potentialAction\":[{\"@type\":\"ReadAction\",\"target\":[\"http:\/\/karaiexclusiveracing.hu\/en\/product\/bmw-e30-320i-sold\/\"]}]},{\"@type\":\"ImageObject\",\"inLanguage\":\"de\",\"@id\":\"http:\/\/karaiexclusiveracing.hu\/en\/product\/bmw-e30-320i-sold\/#primaryimage\",\"url\":\"https:\/\/karaiexclusiveracing.hu\/wp-content\/uploads\/2023\/11\/Eladva1-01.jpg\",\"contentUrl\":\"https:\/\/karaiexclusiveracing.hu\/wp-content\/uploads\/2023\/11\/Eladva1-01.jpg\",\"width\":1778,\"height\":1001},{\"@type\":\"BreadcrumbList\",\"@id\":\"http:\/\/karaiexclusiveracing.hu\/en\/product\/bmw-e30-320i-sold\/#breadcrumb\",\"itemListElement\":[{\"@type\":\"ListItem\",\"position\":1,\"name\":\"Kezd\u0151lap\",\"item\":\"https:\/\/karaiexclusiveracing.hu\/\"},{\"@type\":\"ListItem\",\"position\":2,\"name\":\"Elad\u00f3 aut\u00f3k\",\"item\":\"https:\/\/karaiexclusiveracing.hu\/elado-autok\/\"},{\"@type\":\"ListItem\",\"position\":3,\"name\":\"BMW E30 320i &#8211; SOLD!\"}]},{\"@type\":\"WebSite\",\"@id\":\"https:\/\/karaiexclusiveracing.hu\/#website\",\"url\":\"https:\/\/karaiexclusiveracing.hu\/\",\"name\":\"K\u00e1rai Exclusive Racing\",\"description\":\"\",\"publisher\":{\"@id\":\"https:\/\/karaiexclusiveracing.hu\/#organization\"},\"potentialAction\":[{\"@type\":\"SearchAction\",\"target\":{\"@type\":\"EntryPoint\",\"urlTemplate\":\"https:\/\/karaiexclusiveracing.hu\/?s={search_term_string}\"},\"query-input\":{\"@type\":\"PropertyValueSpecification\",\"valueRequired\":true,\"valueName\":\"search_term_string\"}}],\"inLanguage\":\"de\"},{\"@type\":\"Organization\",\"@id\":\"https:\/\/karaiexclusiveracing.hu\/#organization\",\"name\":\"K\u00e1rai Exclusive Racing\",\"url\":\"https:\/\/karaiexclusiveracing.hu\/\",\"logo\":{\"@type\":\"ImageObject\",\"inLanguage\":\"de\",\"@id\":\"https:\/\/karaiexclusiveracing.hu\/#\/schema\/logo\/image\/\",\"url\":\"https:\/\/www.karaiexclusiveracing.hu\/wp-content\/uploads\/2023\/10\/karai_exclusive_logo-1-1.png\",\"contentUrl\":\"https:\/\/www.karaiexclusiveracing.hu\/wp-content\/uploads\/2023\/10\/karai_exclusive_logo-1-1.png\",\"width\":1575,\"height\":435,\"caption\":\"K\u00e1rai Exclusive Racing\"},\"image\":{\"@id\":\"https:\/\/karaiexclusiveracing.hu\/#\/schema\/logo\/image\/\"},\"sameAs\":[\"https:\/\/www.facebook.com\/karaiexclusiveracing.hu\",\"https:\/\/www.instagram.com\/karaiexclusiveracing\/\"]}]}<\/script>\n<!-- \/ Yoast SEO Premium plugin. -->","yoast_head_json":{"title":"BMW E30 320i - SOLD! - K\u00e1rai Exclusive","description":"Elad\u00e1sra k\u00edn\u00e1ljuk ezt a teljesen fel\u00faj\u00edtott 320i E30-at. Az aut\u00f3 val\u00f3ban kifog\u00e1stalan, t\u00f6bb inform\u00e1ci\u00f3\u00e9rt keressenek bizalommal! Az felt\u00fcntetett \u00e1r a k\u00e9peken l\u00e1that\u00f3 alufelni n\u00e9lk\u00fcl \u00e9rtend\u0151!","robots":{"index":"index","follow":"follow","max-snippet":"max-snippet:-1","max-image-preview":"max-image-preview:large","max-video-preview":"max-video-preview:-1"},"canonical":"http:\/\/karaiexclusiveracing.hu\/de\/produkt\/bmw-e30-320i-sold\/","og_locale":"de_DE","og_type":"article","og_title":"BMW E30 320i - SOLD!","og_description":"Elad\u00e1sra k\u00edn\u00e1ljuk ezt a teljesen fel\u00faj\u00edtott 320i E30-at. Az aut\u00f3 val\u00f3ban kifog\u00e1stalan, t\u00f6bb inform\u00e1ci\u00f3\u00e9rt keressenek bizalommal! Az felt\u00fcntetett \u00e1r a k\u00e9peken l\u00e1that\u00f3 alufelni n\u00e9lk\u00fcl \u00e9rtend\u0151!","og_url":"http:\/\/karaiexclusiveracing.hu\/de\/produkt\/bmw-e30-320i-sold\/","og_site_name":"K\u00e1rai Exclusive","article_publisher":"https:\/\/www.facebook.com\/karaiexclusiveracing.hu","article_modified_time":"2025-09-02T08:55:30+00:00","og_image":[{"width":1778,"height":1001,"url":"https:\/\/karaiexclusiveracing.hu\/wp-content\/uploads\/2023\/11\/Eladva1-01.jpg","type":"image\/jpeg"}],"twitter_card":"summary_large_image","twitter_misc":{"Gesch\u00e4tzte Lesezeit":"1\u00a0Minute"},"schema":{"@context":"https:\/\/schema.org","@graph":[{"@type":"WebPage","@id":"http:\/\/karaiexclusiveracing.hu\/en\/product\/bmw-e30-320i-sold\/","url":"http:\/\/karaiexclusiveracing.hu\/en\/product\/bmw-e30-320i-sold\/","name":"BMW E30 320i - SOLD! - K\u00e1rai Exclusive","isPartOf":{"@id":"https:\/\/karaiexclusiveracing.hu\/#website"},"primaryImageOfPage":{"@id":"http:\/\/karaiexclusiveracing.hu\/en\/product\/bmw-e30-320i-sold\/#primaryimage"},"image":{"@id":"http:\/\/karaiexclusiveracing.hu\/en\/product\/bmw-e30-320i-sold\/#primaryimage"},"thumbnailUrl":"https:\/\/karaiexclusiveracing.hu\/wp-content\/uploads\/2023\/11\/Eladva1-01.jpg","datePublished":"2023-11-20T19:21:30+00:00","dateModified":"2025-09-02T08:55:30+00:00","description":"Elad\u00e1sra k\u00edn\u00e1ljuk ezt a teljesen fel\u00faj\u00edtott 320i E30-at. Az aut\u00f3 val\u00f3ban kifog\u00e1stalan, t\u00f6bb inform\u00e1ci\u00f3\u00e9rt keressenek bizalommal! Az felt\u00fcntetett \u00e1r a k\u00e9peken l\u00e1that\u00f3 alufelni n\u00e9lk\u00fcl \u00e9rtend\u0151!","breadcrumb":{"@id":"http:\/\/karaiexclusiveracing.hu\/en\/product\/bmw-e30-320i-sold\/#breadcrumb"},"inLanguage":"de","potentialAction":[{"@type":"ReadAction","target":["http:\/\/karaiexclusiveracing.hu\/en\/product\/bmw-e30-320i-sold\/"]}]},{"@type":"ImageObject","inLanguage":"de","@id":"http:\/\/karaiexclusiveracing.hu\/en\/product\/bmw-e30-320i-sold\/#primaryimage","url":"https:\/\/karaiexclusiveracing.hu\/wp-content\/uploads\/2023\/11\/Eladva1-01.jpg","contentUrl":"https:\/\/karaiexclusiveracing.hu\/wp-content\/uploads\/2023\/11\/Eladva1-01.jpg","width":1778,"height":1001},{"@type":"BreadcrumbList","@id":"http:\/\/karaiexclusiveracing.hu\/en\/product\/bmw-e30-320i-sold\/#breadcrumb","itemListElement":[{"@type":"ListItem","position":1,"name":"Kezd\u0151lap","item":"https:\/\/karaiexclusiveracing.hu\/"},{"@type":"ListItem","position":2,"name":"Elad\u00f3 aut\u00f3k","item":"https:\/\/karaiexclusiveracing.hu\/elado-autok\/"},{"@type":"ListItem","position":3,"name":"BMW E30 320i &#8211; SOLD!"}]},{"@type":"WebSite","@id":"https:\/\/karaiexclusiveracing.hu\/#website","url":"https:\/\/karaiexclusiveracing.hu\/","name":"K\u00e1rai Exclusive Racing","description":"","publisher":{"@id":"https:\/\/karaiexclusiveracing.hu\/#organization"},"potentialAction":[{"@type":"SearchAction","target":{"@type":"EntryPoint","urlTemplate":"https:\/\/karaiexclusiveracing.hu\/?s={search_term_string}"},"query-input":{"@type":"PropertyValueSpecification","valueRequired":true,"valueName":"search_term_string"}}],"inLanguage":"de"},{"@type":"Organization","@id":"https:\/\/karaiexclusiveracing.hu\/#organization","name":"K\u00e1rai Exclusive Racing","url":"https:\/\/karaiexclusiveracing.hu\/","logo":{"@type":"ImageObject","inLanguage":"de","@id":"https:\/\/karaiexclusiveracing.hu\/#\/schema\/logo\/image\/","url":"https:\/\/www.karaiexclusiveracing.hu\/wp-content\/uploads\/2023\/10\/karai_exclusive_logo-1-1.png","contentUrl":"https:\/\/www.karaiexclusiveracing.hu\/wp-content\/uploads\/2023\/10\/karai_exclusive_logo-1-1.png","width":1575,"height":435,"caption":"K\u00e1rai Exclusive Racing"},"image":{"@id":"https:\/\/karaiexclusiveracing.hu\/#\/schema\/logo\/image\/"},"sameAs":["https:\/\/www.facebook.com\/karaiexclusiveracing.hu","https:\/\/www.instagram.com\/karaiexclusiveracing\/"]}]}},"_links":{"self":[{"href":"http:\/\/karaiexclusiveracing.hu\/de\/wp-json\/wp\/v2\/product\/15312","targetHints":{"allow":["GET"]}}],"collection":[{"href":"http:\/\/karaiexclusiveracing.hu\/de\/wp-json\/wp\/v2\/product"}],"about":[{"href":"http:\/\/karaiexclusiveracing.hu\/de\/wp-json\/wp\/v2\/types\/product"}],"wp:featuredmedia":[{"embeddable":true,"href":"http:\/\/karaiexclusiveracing.hu\/de\/wp-json\/wp\/v2\/media\/15317"}],"wp:attachment":[{"href":"http:\/\/karaiexclusiveracing.hu\/de\/wp-json\/wp\/v2\/media?parent=15312"}],"wp:term":[{"taxonomy":"manufactures","embeddable":true,"href":"http:\/\/karaiexclusiveracing.hu\/de\/wp-json\/wp\/v2\/manufactures?post=15312"},{"taxonomy":"product_brand","embeddable":true,"href":"http:\/\/karaiexclusiveracing.hu\/de\/wp-json\/wp\/v2\/product_brand?post=15312"},{"taxonomy":"product_cat","embeddable":true,"href":"http:\/\/karaiexclusiveracing.hu\/de\/wp-json\/wp\/v2\/product_cat?post=15312"},{"taxonomy":"product_tag","embeddable":true,"href":"http:\/\/karaiexclusiveracing.hu\/de\/wp-json\/wp\/v2\/product_tag?post=15312"}],"curies":[{"name":"wp","href":"https:\/\/api.w.org\/{rel}","templated":true}]}}