{"id":15304,"date":"2023-11-20T20:09:31","date_gmt":"2023-11-20T19:09:31","guid":{"rendered":"https:\/\/www.karaiexclusiveracing.hu\/?post_type=product&#038;p=15304"},"modified":"2025-09-02T10:56:49","modified_gmt":"2025-09-02T08:56:49","slug":"audi-rs6-avant-performance-sold","status":"publish","type":"product","link":"http:\/\/karaiexclusiveracing.hu\/de\/termek\/audi-rs6-avant-performance-sold\/","title":{"rendered":"Audi RS6 Avant Performance &#8211; SOLD!"},"content":{"rendered":"<p>Elad\u00e1sra k\u00edn\u00e1lunk egy t\u00f6k\u00e9letes m\u0171szaki \u00e9s eszt\u00e9tikai \u00e1llapotban l\u00e9v\u0151 RS6 Performancet, MTM tuninggal. Az aut\u00f3 k\u00f6zel 700LE-t k\u00e9pes leadni, melynek k\u00f6sz\u00f6nhet\u0151en val\u00f3ban felejthetetlen \u00e9lm\u00e9nyt ny\u00fajt! T\u00e9li-ny\u00e1ri garnit\u00far\u00e1val, m\u00e9g 1 \u00e9v vagy 40.000 km garanci\u00e1val elad\u00f3 ez a csal\u00e1di fenevad!<\/p>","protected":false},"excerpt":{"rendered":"<p>Elad\u00e1sra k\u00edn\u00e1lunk egy t\u00f6k\u00e9letes m\u0171szaki \u00e9s eszt\u00e9tikai \u00e1llapotban l\u00e9v\u0151 RS6 Performancet, MTM tuninggal. Az aut\u00f3 k\u00f6zel 700LE-t k\u00e9pes leadni, melynek k\u00f6sz\u00f6nhet\u0151en val\u00f3ban felejthetetlen \u00e9lm\u00e9nyt ny\u00fajt! T\u00e9li-ny\u00e1ri garnit\u00far\u00e1val, m\u00e9g 1 \u00e9v vagy 40.000 km garanci\u00e1val elad\u00f3 ez a csal\u00e1di fenevad!<\/p>","protected":false},"featured_media":15305,"template":"","meta":{"_acf_changed":false},"manufactures":[],"product_brand":[],"product_cat":[25],"product_tag":[109],"class_list":{"0":"post-15304","1":"product","2":"type-product","3":"status-publish","4":"has-post-thumbnail","6":"product_cat-streetcar","7":"product_tag-sold","9":"first","10":"instock","11":"taxable","12":"shipping-taxable","13":"purchasable","14":"product-type-simple"},"exclude_global_add_ons":[],"addons":[],"acf":[],"yoast_head":"<!-- This site is optimized with the Yoast SEO Premium plugin v27.1 (Yoast SEO v27.2) - https:\/\/yoast.com\/product\/yoast-seo-premium-wordpress\/ -->\n<title>Audi RS6 Avant Performance - SOLD! - K\u00e1rai Exclusive<\/title>\n<meta name=\"robots\" content=\"index, follow, max-snippet:-1, max-image-preview:large, max-video-preview:-1\" \/>\n<link rel=\"canonical\" href=\"https:\/\/karaiexclusiveracing.hu\/de\/produkt\/audi-rs6-avant-performance-sold\/\" \/>\n<meta property=\"og:locale\" content=\"de_DE\" \/>\n<meta property=\"og:type\" content=\"article\" \/>\n<meta property=\"og:title\" content=\"Audi RS6 Avant Performance - SOLD!\" \/>\n<meta property=\"og:description\" content=\"Elad\u00e1sra k\u00edn\u00e1lunk egy t\u00f6k\u00e9letes m\u0171szaki \u00e9s eszt\u00e9tikai \u00e1llapotban l\u00e9v\u0151 RS6 Performancet, MTM tuninggal. Az aut\u00f3 k\u00f6zel 700LE-t k\u00e9pes leadni, melynek k\u00f6sz\u00f6nhet\u0151en val\u00f3ban felejthetetlen \u00e9lm\u00e9nyt ny\u00fajt! T\u00e9li-ny\u00e1ri garnit\u00far\u00e1val, m\u00e9g 1 \u00e9v vagy 40.000 km garanci\u00e1val elad\u00f3 ez a csal\u00e1di fenevad!\" \/>\n<meta property=\"og:url\" content=\"https:\/\/karaiexclusiveracing.hu\/de\/produkt\/audi-rs6-avant-performance-sold\/\" \/>\n<meta property=\"og:site_name\" content=\"K\u00e1rai Exclusive\" \/>\n<meta property=\"article:publisher\" content=\"https:\/\/www.facebook.com\/karaiexclusiveracing.hu\" \/>\n<meta property=\"article:modified_time\" content=\"2025-09-02T08:56:49+00:00\" \/>\n<meta property=\"og:image\" content=\"https:\/\/karaiexclusiveracing.hu\/wp-content\/uploads\/2023\/11\/rs6-01-scaled.jpg\" \/>\n\t<meta property=\"og:image:width\" content=\"2560\" \/>\n\t<meta property=\"og:image:height\" content=\"1440\" \/>\n\t<meta property=\"og:image:type\" content=\"image\/jpeg\" \/>\n<meta name=\"twitter:card\" content=\"summary_large_image\" \/>\n<meta name=\"twitter:label1\" content=\"Gesch\u00e4tzte Lesezeit\" \/>\n\t<meta name=\"twitter:data1\" content=\"1\u00a0Minute\" \/>\n<script type=\"application\/ld+json\" class=\"yoast-schema-graph\">{\"@context\":\"https:\/\/schema.org\",\"@graph\":[{\"@type\":\"WebPage\",\"@id\":\"https:\/\/karaiexclusiveracing.hu\/termek\/audi-rs6-avant-performance-sold\/\",\"url\":\"https:\/\/karaiexclusiveracing.hu\/termek\/audi-rs6-avant-performance-sold\/\",\"name\":\"Audi RS6 Avant Performance - SOLD! - K\u00e1rai Exclusive\",\"isPartOf\":{\"@id\":\"https:\/\/karaiexclusiveracing.hu\/#website\"},\"primaryImageOfPage\":{\"@id\":\"https:\/\/karaiexclusiveracing.hu\/termek\/audi-rs6-avant-performance-sold\/#primaryimage\"},\"image\":{\"@id\":\"https:\/\/karaiexclusiveracing.hu\/termek\/audi-rs6-avant-performance-sold\/#primaryimage\"},\"thumbnailUrl\":\"https:\/\/karaiexclusiveracing.hu\/wp-content\/uploads\/2023\/11\/rs6-01-scaled.jpg\",\"datePublished\":\"2023-11-20T19:09:31+00:00\",\"dateModified\":\"2025-09-02T08:56:49+00:00\",\"breadcrumb\":{\"@id\":\"https:\/\/karaiexclusiveracing.hu\/termek\/audi-rs6-avant-performance-sold\/#breadcrumb\"},\"inLanguage\":\"de\",\"potentialAction\":[{\"@type\":\"ReadAction\",\"target\":[\"https:\/\/karaiexclusiveracing.hu\/termek\/audi-rs6-avant-performance-sold\/\"]}]},{\"@type\":\"ImageObject\",\"inLanguage\":\"de\",\"@id\":\"https:\/\/karaiexclusiveracing.hu\/termek\/audi-rs6-avant-performance-sold\/#primaryimage\",\"url\":\"https:\/\/karaiexclusiveracing.hu\/wp-content\/uploads\/2023\/11\/rs6-01-scaled.jpg\",\"contentUrl\":\"https:\/\/karaiexclusiveracing.hu\/wp-content\/uploads\/2023\/11\/rs6-01-scaled.jpg\",\"width\":2560,\"height\":1440},{\"@type\":\"BreadcrumbList\",\"@id\":\"https:\/\/karaiexclusiveracing.hu\/termek\/audi-rs6-avant-performance-sold\/#breadcrumb\",\"itemListElement\":[{\"@type\":\"ListItem\",\"position\":1,\"name\":\"Kezd\u0151lap\",\"item\":\"https:\/\/karaiexclusiveracing.hu\/\"},{\"@type\":\"ListItem\",\"position\":2,\"name\":\"Elad\u00f3 aut\u00f3k\",\"item\":\"https:\/\/karaiexclusiveracing.hu\/elado-autok\/\"},{\"@type\":\"ListItem\",\"position\":3,\"name\":\"Audi RS6 Avant Performance &#8211; SOLD!\"}]},{\"@type\":\"WebSite\",\"@id\":\"https:\/\/karaiexclusiveracing.hu\/#website\",\"url\":\"https:\/\/karaiexclusiveracing.hu\/\",\"name\":\"K\u00e1rai Exclusive Racing\",\"description\":\"\",\"publisher\":{\"@id\":\"https:\/\/karaiexclusiveracing.hu\/#organization\"},\"potentialAction\":[{\"@type\":\"SearchAction\",\"target\":{\"@type\":\"EntryPoint\",\"urlTemplate\":\"https:\/\/karaiexclusiveracing.hu\/?s={search_term_string}\"},\"query-input\":{\"@type\":\"PropertyValueSpecification\",\"valueRequired\":true,\"valueName\":\"search_term_string\"}}],\"inLanguage\":\"de\"},{\"@type\":\"Organization\",\"@id\":\"https:\/\/karaiexclusiveracing.hu\/#organization\",\"name\":\"K\u00e1rai Exclusive Racing\",\"url\":\"https:\/\/karaiexclusiveracing.hu\/\",\"logo\":{\"@type\":\"ImageObject\",\"inLanguage\":\"de\",\"@id\":\"https:\/\/karaiexclusiveracing.hu\/#\/schema\/logo\/image\/\",\"url\":\"https:\/\/www.karaiexclusiveracing.hu\/wp-content\/uploads\/2023\/10\/karai_exclusive_logo-1-1.png\",\"contentUrl\":\"https:\/\/www.karaiexclusiveracing.hu\/wp-content\/uploads\/2023\/10\/karai_exclusive_logo-1-1.png\",\"width\":1575,\"height\":435,\"caption\":\"K\u00e1rai Exclusive Racing\"},\"image\":{\"@id\":\"https:\/\/karaiexclusiveracing.hu\/#\/schema\/logo\/image\/\"},\"sameAs\":[\"https:\/\/www.facebook.com\/karaiexclusiveracing.hu\",\"https:\/\/www.instagram.com\/karaiexclusiveracing\/\"]}]}<\/script>\n<!-- \/ Yoast SEO Premium plugin. -->","yoast_head_json":{"title":"Audi RS6 Avant Performance - SOLD! - K\u00e1rai Exclusive","robots":{"index":"index","follow":"follow","max-snippet":"max-snippet:-1","max-image-preview":"max-image-preview:large","max-video-preview":"max-video-preview:-1"},"canonical":"https:\/\/karaiexclusiveracing.hu\/de\/produkt\/audi-rs6-avant-performance-sold\/","og_locale":"de_DE","og_type":"article","og_title":"Audi RS6 Avant Performance - SOLD!","og_description":"Elad\u00e1sra k\u00edn\u00e1lunk egy t\u00f6k\u00e9letes m\u0171szaki \u00e9s eszt\u00e9tikai \u00e1llapotban l\u00e9v\u0151 RS6 Performancet, MTM tuninggal. Az aut\u00f3 k\u00f6zel 700LE-t k\u00e9pes leadni, melynek k\u00f6sz\u00f6nhet\u0151en val\u00f3ban felejthetetlen \u00e9lm\u00e9nyt ny\u00fajt! T\u00e9li-ny\u00e1ri garnit\u00far\u00e1val, m\u00e9g 1 \u00e9v vagy 40.000 km garanci\u00e1val elad\u00f3 ez a csal\u00e1di fenevad!","og_url":"https:\/\/karaiexclusiveracing.hu\/de\/produkt\/audi-rs6-avant-performance-sold\/","og_site_name":"K\u00e1rai Exclusive","article_publisher":"https:\/\/www.facebook.com\/karaiexclusiveracing.hu","article_modified_time":"2025-09-02T08:56:49+00:00","og_image":[{"width":2560,"height":1440,"url":"https:\/\/karaiexclusiveracing.hu\/wp-content\/uploads\/2023\/11\/rs6-01-scaled.jpg","type":"image\/jpeg"}],"twitter_card":"summary_large_image","twitter_misc":{"Gesch\u00e4tzte Lesezeit":"1\u00a0Minute"},"schema":{"@context":"https:\/\/schema.org","@graph":[{"@type":"WebPage","@id":"https:\/\/karaiexclusiveracing.hu\/termek\/audi-rs6-avant-performance-sold\/","url":"https:\/\/karaiexclusiveracing.hu\/termek\/audi-rs6-avant-performance-sold\/","name":"Audi RS6 Avant Performance - SOLD! - K\u00e1rai Exclusive","isPartOf":{"@id":"https:\/\/karaiexclusiveracing.hu\/#website"},"primaryImageOfPage":{"@id":"https:\/\/karaiexclusiveracing.hu\/termek\/audi-rs6-avant-performance-sold\/#primaryimage"},"image":{"@id":"https:\/\/karaiexclusiveracing.hu\/termek\/audi-rs6-avant-performance-sold\/#primaryimage"},"thumbnailUrl":"https:\/\/karaiexclusiveracing.hu\/wp-content\/uploads\/2023\/11\/rs6-01-scaled.jpg","datePublished":"2023-11-20T19:09:31+00:00","dateModified":"2025-09-02T08:56:49+00:00","breadcrumb":{"@id":"https:\/\/karaiexclusiveracing.hu\/termek\/audi-rs6-avant-performance-sold\/#breadcrumb"},"inLanguage":"de","potentialAction":[{"@type":"ReadAction","target":["https:\/\/karaiexclusiveracing.hu\/termek\/audi-rs6-avant-performance-sold\/"]}]},{"@type":"ImageObject","inLanguage":"de","@id":"https:\/\/karaiexclusiveracing.hu\/termek\/audi-rs6-avant-performance-sold\/#primaryimage","url":"https:\/\/karaiexclusiveracing.hu\/wp-content\/uploads\/2023\/11\/rs6-01-scaled.jpg","contentUrl":"https:\/\/karaiexclusiveracing.hu\/wp-content\/uploads\/2023\/11\/rs6-01-scaled.jpg","width":2560,"height":1440},{"@type":"BreadcrumbList","@id":"https:\/\/karaiexclusiveracing.hu\/termek\/audi-rs6-avant-performance-sold\/#breadcrumb","itemListElement":[{"@type":"ListItem","position":1,"name":"Kezd\u0151lap","item":"https:\/\/karaiexclusiveracing.hu\/"},{"@type":"ListItem","position":2,"name":"Elad\u00f3 aut\u00f3k","item":"https:\/\/karaiexclusiveracing.hu\/elado-autok\/"},{"@type":"ListItem","position":3,"name":"Audi RS6 Avant Performance &#8211; SOLD!"}]},{"@type":"WebSite","@id":"https:\/\/karaiexclusiveracing.hu\/#website","url":"https:\/\/karaiexclusiveracing.hu\/","name":"K\u00e1rai Exclusive Racing","description":"","publisher":{"@id":"https:\/\/karaiexclusiveracing.hu\/#organization"},"potentialAction":[{"@type":"SearchAction","target":{"@type":"EntryPoint","urlTemplate":"https:\/\/karaiexclusiveracing.hu\/?s={search_term_string}"},"query-input":{"@type":"PropertyValueSpecification","valueRequired":true,"valueName":"search_term_string"}}],"inLanguage":"de"},{"@type":"Organization","@id":"https:\/\/karaiexclusiveracing.hu\/#organization","name":"K\u00e1rai Exclusive Racing","url":"https:\/\/karaiexclusiveracing.hu\/","logo":{"@type":"ImageObject","inLanguage":"de","@id":"https:\/\/karaiexclusiveracing.hu\/#\/schema\/logo\/image\/","url":"https:\/\/www.karaiexclusiveracing.hu\/wp-content\/uploads\/2023\/10\/karai_exclusive_logo-1-1.png","contentUrl":"https:\/\/www.karaiexclusiveracing.hu\/wp-content\/uploads\/2023\/10\/karai_exclusive_logo-1-1.png","width":1575,"height":435,"caption":"K\u00e1rai Exclusive Racing"},"image":{"@id":"https:\/\/karaiexclusiveracing.hu\/#\/schema\/logo\/image\/"},"sameAs":["https:\/\/www.facebook.com\/karaiexclusiveracing.hu","https:\/\/www.instagram.com\/karaiexclusiveracing\/"]}]}},"_links":{"self":[{"href":"http:\/\/karaiexclusiveracing.hu\/de\/wp-json\/wp\/v2\/product\/15304","targetHints":{"allow":["GET"]}}],"collection":[{"href":"http:\/\/karaiexclusiveracing.hu\/de\/wp-json\/wp\/v2\/product"}],"about":[{"href":"http:\/\/karaiexclusiveracing.hu\/de\/wp-json\/wp\/v2\/types\/product"}],"wp:featuredmedia":[{"embeddable":true,"href":"http:\/\/karaiexclusiveracing.hu\/de\/wp-json\/wp\/v2\/media\/15305"}],"wp:attachment":[{"href":"http:\/\/karaiexclusiveracing.hu\/de\/wp-json\/wp\/v2\/media?parent=15304"}],"wp:term":[{"taxonomy":"manufactures","embeddable":true,"href":"http:\/\/karaiexclusiveracing.hu\/de\/wp-json\/wp\/v2\/manufactures?post=15304"},{"taxonomy":"product_brand","embeddable":true,"href":"http:\/\/karaiexclusiveracing.hu\/de\/wp-json\/wp\/v2\/product_brand?post=15304"},{"taxonomy":"product_cat","embeddable":true,"href":"http:\/\/karaiexclusiveracing.hu\/de\/wp-json\/wp\/v2\/product_cat?post=15304"},{"taxonomy":"product_tag","embeddable":true,"href":"http:\/\/karaiexclusiveracing.hu\/de\/wp-json\/wp\/v2\/product_tag?post=15304"}],"curies":[{"name":"wp","href":"https:\/\/api.w.org\/{rel}","templated":true}]}}