{"id":15296,"date":"2023-11-20T20:01:21","date_gmt":"2023-11-20T19:01:21","guid":{"rendered":"https:\/\/www.karaiexclusiveracing.hu\/?post_type=product&#038;p=15296"},"modified":"2025-09-02T10:57:54","modified_gmt":"2025-09-02T08:57:54","slug":"bmw-e36-racecar-sold-2","status":"publish","type":"product","link":"http:\/\/karaiexclusiveracing.hu\/de\/termek\/bmw-e36-racecar-sold-2\/","title":{"rendered":"BMW E36 Racecar &#8211; SOLD!"},"content":{"rendered":"<p style=\"color: #999999;\"><span style=\"color: #000000;\">Elad\u00e1sra k\u00edn\u00e1lunk egy \u00e1ltalunk egyedileg \u00e9p\u00edtett, teljesen fel\u00faj\u00edtott E36 versenyaut\u00f3t.<\/span><br \/>\n<span style=\"color: #000000;\">Ahogyan a fot\u00f3gal\u00e9ri\u00e1ban l\u00e1tsz\u00f3dik, az aut\u00f3 mondhatni teljes fel\u00faj\u00edt\u00e1son esett \u00e1t. A karossz\u00e9ria kapott egy telif\u00e9nyez\u00e9st, illetve az aut\u00f3 legt\u00f6bb alkatr\u00e9sze \u00faj. A versenyaut\u00f3 sport rendsz\u00e1mmal \u00e9s friss m\u0171szakival rendelkezik.<\/span><br \/>\n<span style=\"color: #000000;\">A g\u00e9pj\u00e1rm\u0171 n\u00e9h\u00e1ny adata al\u00e1bb olvashat\u00f3:<\/span><\/p>\n<ul>\n<li style=\"color: #999999;\"><span style=\"color: #000000;\">Motor:<\/span>\n<ul>\n<li>\n<div dir=\"auto\"><span style=\"color: #000000;\">M54B30 (csap\u00e1gyazva, teljes revizi\u00f3 ut\u00e1n)<\/span><\/div>\n<\/li>\n<li>\n<div dir=\"auto\"><span style=\"color: #000000;\">Meger\u0151s\u00edtett olajpumpa<\/span><\/div>\n<\/li>\n<li>\n<div dir=\"auto\"><span style=\"color: #000000;\">Szuromi tengelyek<\/span><\/div>\n<\/li>\n<li>\n<div dir=\"auto\"><span style=\"color: #000000;\">Portolt hengerfej<\/span><\/div>\n<\/li>\n<li>\n<div dir=\"auto\"><span style=\"color: #000000;\">S54 6 pillang\u00f3<\/span><\/div>\n<\/li>\n<li>\n<div dir=\"auto\"><span style=\"color: #000000;\">S54 Olajsz\u0171r\u0151 h\u00e1z<\/span><\/div>\n<\/li>\n<li>\n<div dir=\"auto\"><span style=\"color: #000000;\">Turbo Works rozsdamentes hatos le\u00f6ml\u0151<\/span><\/div>\n<\/li>\n<li>\n<div dir=\"auto\"><span style=\"color: #000000;\">Teljes rozsdamentes kipufog\u00f3rendszer<\/span><\/div>\n<\/li>\n<li>\n<div dir=\"auto\"><span style=\"color: #000000;\">Teflon \u00fczemanyag rendszer<\/span><\/div>\n<\/li>\n<li>\n<div dir=\"auto\"><span style=\"color: #000000;\">Nagrad alu h\u0171t\u0151<\/span><\/div>\n<\/li>\n<\/ul>\n<\/li>\n<li style=\"color: #999999;\"><span style=\"color: #000000;\">Hajt\u00e1sl\u00e1nc:<\/span>\n<ul>\n<li>\n<div dir=\"auto\"><span style=\"color: #000000;\">E36 3.0 M3 v\u00e1lt\u00f3<\/span><\/div>\n<\/li>\n<li>\n<div dir=\"auto\"><span style=\"color: #000000;\">Szinter kuplung<\/span><\/div>\n<\/li>\n<li>\n<div dir=\"auto\"><span style=\"color: #000000;\">188 Sperr difi 3,91<\/span><\/div>\n<\/li>\n<li>\n<div dir=\"auto\"><span style=\"color: #000000;\">E46 330D f\u00e9ltengelyek<\/span><\/div>\n<\/li>\n<li>\n<div dir=\"auto\">\n<p><span style=\"color: #000000;\">IRP V3 ShortShifter<\/span><\/p>\n<\/div>\n<\/li>\n<\/ul>\n<\/li>\n<li style=\"color: #999999;\"><span style=\"color: #000000;\">Fut\u00f3m\u0171:<\/span>\n<ul>\n<li style=\"color: #999999;\">\n<div dir=\"auto\"><span style=\"color: #000000;\">GL Szemes \u00e1ll\u00edthat\u00f3 leng\u0151karok<\/span><\/div>\n<\/li>\n<li style=\"color: #999999;\">\n<div dir=\"auto\"><span style=\"color: #000000;\">E46 330D Leng\u0151karok<\/span><\/div>\n<\/li>\n<li style=\"color: #999999;\">\n<div dir=\"auto\"><span style=\"color: #000000;\">Stongflex szilentek<\/span><\/div>\n<\/li>\n<li style=\"color: #999999;\">\n<div dir=\"auto\"><span style=\"color: #000000;\">\u00daj ker\u00e9kcsap\u00e1gyak<\/span><\/div>\n<\/li>\n<li style=\"color: #999999;\">\n<div dir=\"auto\"><span style=\"color: #000000;\">KW V2 fut\u00f3m\u0171 fel\u00faj\u00edtva (h\u00e1tul egyberug\u00f3s)<\/span><\/div>\n<\/li>\n<\/ul>\n<\/li>\n<li style=\"color: #999999;\"><span style=\"color: #000000;\">Felni-f\u00e9kek:<\/span>\n<ul>\n<li style=\"color: #999999;\">\n<div dir=\"auto\"><span style=\"color: #000000;\">Porsche 993 els\u0151 f\u00e9knyergek<\/span><\/div>\n<\/li>\n<li style=\"color: #999999;\">\n<div dir=\"auto\"><span style=\"color: #000000;\">E46 M3 Gy\u00e1ri \u00faj t\u00e1rcs\u00e1kkal<\/span><\/div>\n<\/li>\n<li style=\"color: #999999;\">\n<div dir=\"auto\"><span style=\"color: #000000;\">H\u00e1tul E46 330i f\u00e9kt\u00e1rcsa F80 M3 f\u00e9knyereggel<\/span><\/div>\n<\/li>\n<li style=\"color: #999999;\">\n<div dir=\"auto\"><span style=\"color: #000000;\">Teflon f\u00e9kcs\u0151<\/span><\/div>\n<\/li>\n<li style=\"color: #999999;\">\n<div dir=\"auto\"><span style=\"color: #000000;\">Tilton f\u00e9ker\u0151 szab\u00e1lyz\u00f3<\/span><\/div>\n<\/li>\n<li style=\"color: #999999;\">\n<div dir=\"auto\"><span style=\"color: #000000;\">Speedline 18\u201d felnik<\/span><\/div>\n<\/li>\n<\/ul>\n<\/li>\n<li style=\"color: #999999;\"><span style=\"color: #000000;\">Elektronika:<\/span>\n<ul>\n<li style=\"color: #999999;\">\n<div dir=\"auto\"><span style=\"color: #000000;\">VEMS motorvez\u00e9rl\u0151<\/span><\/div>\n<\/li>\n<li style=\"color: #999999;\">\n<div dir=\"auto\"><span style=\"color: #000000;\">Power modul<\/span><\/div>\n<\/li>\n<li style=\"color: #999999;\">\n<div dir=\"auto\"><span style=\"color: #000000;\">Elektromos \u00e1ramtalan\u00edt\u00f3<\/span><\/div>\n<\/li>\n<li style=\"color: #999999;\">\n<div dir=\"auto\"><span style=\"color: #000000;\">Dash Board<\/span><\/div>\n<\/li>\n<li style=\"color: #999999;\">\n<div dir=\"auto\"><span style=\"color: #000000;\">Teljes \u00faj k\u00e1belk\u00f6teg<\/span><\/div>\n<\/li>\n<\/ul>\n<\/li>\n<li style=\"color: #999999;\"><span style=\"color: #000000;\">Belt\u00e9r:<\/span>\n<ul>\n<li style=\"color: #999999;\">\n<div dir=\"auto\"><span style=\"color: #000000;\">Mirco RS7 \u00fcl\u00e9sek (2025-ig homol\u00f3g)<\/span><\/div>\n<\/li>\n<li style=\"color: #999999;\">\n<div dir=\"auto\"><span style=\"color: #000000;\">Homol\u00f3g \u00f6vek<\/span><\/div>\n<\/li>\n<li style=\"color: #999999;\">\n<div dir=\"auto\"><span style=\"color: #000000;\">OMP k\u00f6zponti t\u0171zolt\u00f3 rendszer<\/span><\/div>\n<\/li>\n<li style=\"color: #999999;\">\n<div dir=\"auto\"><span style=\"color: #000000;\">Karbon kieg\u00e9sz\u00edt\u0151k<\/span><\/div>\n<\/li>\n<li style=\"color: #999999;\">\n<div dir=\"auto\"><span style=\"color: #000000;\">Buk\u00f3cs\u0151<\/span><\/div>\n<\/li>\n<\/ul>\n<p style=\"color: #999999;\"><span style=\"color: #000000;\">A teljes alkatr\u00e9szlist\u00e1t csak telefonon egyeztetve tudjuk k\u00f6z\u00f6lni, \u00edgy \u00e9rdekl\u0151d\u00e9s eset\u00e9n mindenk\u00e9ppen k\u00e9rjen tov\u00e1bbi t\u00e1j\u00e9koztat\u00e1st!<\/span><\/p>\n<p style=\"color: #999999;\"><span style=\"color: #000000;\"><strong>Az esetleges el\u00edr\u00e1sok\u00e9rt, hirdet\u00e9sbeli hib\u00e1k\u00e9rt felel\u0151ss\u00e9get nem v\u00e1llalunk. K\u00e9rj\u00fck, mindenk\u00e9pp \u00e9rdekl\u0151dj\u00f6n telefonon a pontos inform\u00e1ci\u00f3k\u00e9rt!<\/strong><\/span><\/p>\n<\/li>\n<\/ul>","protected":false},"excerpt":{"rendered":"<p>Elad\u00e1sra k\u00edn\u00e1lunk egy \u00e1ltalunk egyedileg \u00e9p\u00edtett, teljesen fel\u00faj\u00edtott E36 versenyaut\u00f3t. Ahogyan a fot\u00f3gal\u00e9ri\u00e1ban l\u00e1tsz\u00f3dik, az aut\u00f3 mondhatni teljes fel\u00faj\u00edt\u00e1son esett \u00e1t. A karossz\u00e9ria kapott egy telif\u00e9nyez\u00e9st, illetve az aut\u00f3 legt\u00f6bb alkatr\u00e9sze \u00faj. A versenyaut\u00f3 sport rendsz\u00e1mmal \u00e9s friss m\u0171szakival rendelkezik. A g\u00e9pj\u00e1rm\u0171 n\u00e9h\u00e1ny adata al\u00e1bb olvashat\u00f3: Motor: M54B30 (csap\u00e1gyazva, teljes revizi\u00f3 ut\u00e1n) Meger\u0151s\u00edtett olajpumpa Szuromi [&hellip;]<\/p>\n","protected":false},"featured_media":15297,"template":"","meta":{"_acf_changed":false},"manufactures":[],"product_brand":[],"product_cat":[23],"product_tag":[109],"class_list":{"0":"post-15296","1":"product","2":"type-product","3":"status-publish","4":"has-post-thumbnail","6":"product_cat-race-car","7":"product_tag-sold","9":"first","10":"instock","11":"taxable","12":"shipping-taxable","13":"purchasable","14":"product-type-simple"},"exclude_global_add_ons":[],"addons":[],"acf":[],"yoast_head":"<!-- This site is optimized with the Yoast SEO Premium plugin v27.1 (Yoast SEO v27.2) - https:\/\/yoast.com\/product\/yoast-seo-premium-wordpress\/ -->\n<title>BMW E36 Racecar - SOLD! - K\u00e1rai Exclusive<\/title>\n<meta name=\"robots\" content=\"index, follow, max-snippet:-1, max-image-preview:large, max-video-preview:-1\" \/>\n<link rel=\"canonical\" href=\"https:\/\/karaiexclusiveracing.hu\/de\/produkt\/bmw-e36-racecar-sold-2\/\" \/>\n<meta property=\"og:locale\" content=\"de_DE\" \/>\n<meta property=\"og:type\" content=\"article\" \/>\n<meta property=\"og:title\" content=\"BMW E36 Racecar - SOLD!\" \/>\n<meta property=\"og:description\" content=\"Elad\u00e1sra k\u00edn\u00e1lunk egy \u00e1ltalunk egyedileg \u00e9p\u00edtett, teljesen fel\u00faj\u00edtott E36 versenyaut\u00f3t. Ahogyan a fot\u00f3gal\u00e9ri\u00e1ban l\u00e1tsz\u00f3dik, az aut\u00f3 mondhatni teljes fel\u00faj\u00edt\u00e1son esett \u00e1t. A karossz\u00e9ria kapott egy telif\u00e9nyez\u00e9st, illetve az aut\u00f3 legt\u00f6bb alkatr\u00e9sze \u00faj. A versenyaut\u00f3 sport rendsz\u00e1mmal \u00e9s friss m\u0171szakival rendelkezik. A g\u00e9pj\u00e1rm\u0171 n\u00e9h\u00e1ny adata al\u00e1bb olvashat\u00f3: Motor: M54B30 (csap\u00e1gyazva, teljes revizi\u00f3 ut\u00e1n) Meger\u0151s\u00edtett olajpumpa Szuromi [&hellip;]\" \/>\n<meta property=\"og:url\" content=\"https:\/\/karaiexclusiveracing.hu\/de\/produkt\/bmw-e36-racecar-sold-2\/\" \/>\n<meta property=\"og:site_name\" content=\"K\u00e1rai Exclusive\" \/>\n<meta property=\"article:publisher\" content=\"https:\/\/www.facebook.com\/karaiexclusiveracing.hu\" \/>\n<meta property=\"article:modified_time\" content=\"2025-09-02T08:57:54+00:00\" \/>\n<meta property=\"og:image\" content=\"https:\/\/karaiexclusiveracing.hu\/wp-content\/uploads\/2023\/11\/IMG_1244-1300x867-01-scaled.jpg\" \/>\n\t<meta property=\"og:image:width\" content=\"2560\" \/>\n\t<meta property=\"og:image:height\" content=\"1440\" \/>\n\t<meta property=\"og:image:type\" content=\"image\/jpeg\" \/>\n<meta name=\"twitter:card\" content=\"summary_large_image\" \/>\n<meta name=\"twitter:label1\" content=\"Gesch\u00e4tzte Lesezeit\" \/>\n\t<meta name=\"twitter:data1\" content=\"2\u00a0Minuten\" \/>\n<script type=\"application\/ld+json\" class=\"yoast-schema-graph\">{\"@context\":\"https:\/\/schema.org\",\"@graph\":[{\"@type\":\"WebPage\",\"@id\":\"https:\/\/karaiexclusiveracing.hu\/termek\/bmw-e36-racecar-sold-2\/\",\"url\":\"https:\/\/karaiexclusiveracing.hu\/termek\/bmw-e36-racecar-sold-2\/\",\"name\":\"BMW E36 Racecar - SOLD! - K\u00e1rai Exclusive\",\"isPartOf\":{\"@id\":\"https:\/\/karaiexclusiveracing.hu\/#website\"},\"primaryImageOfPage\":{\"@id\":\"https:\/\/karaiexclusiveracing.hu\/termek\/bmw-e36-racecar-sold-2\/#primaryimage\"},\"image\":{\"@id\":\"https:\/\/karaiexclusiveracing.hu\/termek\/bmw-e36-racecar-sold-2\/#primaryimage\"},\"thumbnailUrl\":\"https:\/\/karaiexclusiveracing.hu\/wp-content\/uploads\/2023\/11\/IMG_1244-1300x867-01-scaled.jpg\",\"datePublished\":\"2023-11-20T19:01:21+00:00\",\"dateModified\":\"2025-09-02T08:57:54+00:00\",\"breadcrumb\":{\"@id\":\"https:\/\/karaiexclusiveracing.hu\/termek\/bmw-e36-racecar-sold-2\/#breadcrumb\"},\"inLanguage\":\"de\",\"potentialAction\":[{\"@type\":\"ReadAction\",\"target\":[\"https:\/\/karaiexclusiveracing.hu\/termek\/bmw-e36-racecar-sold-2\/\"]}]},{\"@type\":\"ImageObject\",\"inLanguage\":\"de\",\"@id\":\"https:\/\/karaiexclusiveracing.hu\/termek\/bmw-e36-racecar-sold-2\/#primaryimage\",\"url\":\"https:\/\/karaiexclusiveracing.hu\/wp-content\/uploads\/2023\/11\/IMG_1244-1300x867-01-scaled.jpg\",\"contentUrl\":\"https:\/\/karaiexclusiveracing.hu\/wp-content\/uploads\/2023\/11\/IMG_1244-1300x867-01-scaled.jpg\",\"width\":2560,\"height\":1440},{\"@type\":\"BreadcrumbList\",\"@id\":\"https:\/\/karaiexclusiveracing.hu\/termek\/bmw-e36-racecar-sold-2\/#breadcrumb\",\"itemListElement\":[{\"@type\":\"ListItem\",\"position\":1,\"name\":\"Kezd\u0151lap\",\"item\":\"https:\/\/karaiexclusiveracing.hu\/\"},{\"@type\":\"ListItem\",\"position\":2,\"name\":\"Elad\u00f3 aut\u00f3k\",\"item\":\"https:\/\/karaiexclusiveracing.hu\/elado-autok\/\"},{\"@type\":\"ListItem\",\"position\":3,\"name\":\"BMW E36 Racecar &#8211; SOLD!\"}]},{\"@type\":\"WebSite\",\"@id\":\"https:\/\/karaiexclusiveracing.hu\/#website\",\"url\":\"https:\/\/karaiexclusiveracing.hu\/\",\"name\":\"K\u00e1rai Exclusive Racing\",\"description\":\"\",\"publisher\":{\"@id\":\"https:\/\/karaiexclusiveracing.hu\/#organization\"},\"potentialAction\":[{\"@type\":\"SearchAction\",\"target\":{\"@type\":\"EntryPoint\",\"urlTemplate\":\"https:\/\/karaiexclusiveracing.hu\/?s={search_term_string}\"},\"query-input\":{\"@type\":\"PropertyValueSpecification\",\"valueRequired\":true,\"valueName\":\"search_term_string\"}}],\"inLanguage\":\"de\"},{\"@type\":\"Organization\",\"@id\":\"https:\/\/karaiexclusiveracing.hu\/#organization\",\"name\":\"K\u00e1rai Exclusive Racing\",\"url\":\"https:\/\/karaiexclusiveracing.hu\/\",\"logo\":{\"@type\":\"ImageObject\",\"inLanguage\":\"de\",\"@id\":\"https:\/\/karaiexclusiveracing.hu\/#\/schema\/logo\/image\/\",\"url\":\"https:\/\/www.karaiexclusiveracing.hu\/wp-content\/uploads\/2023\/10\/karai_exclusive_logo-1-1.png\",\"contentUrl\":\"https:\/\/www.karaiexclusiveracing.hu\/wp-content\/uploads\/2023\/10\/karai_exclusive_logo-1-1.png\",\"width\":1575,\"height\":435,\"caption\":\"K\u00e1rai Exclusive Racing\"},\"image\":{\"@id\":\"https:\/\/karaiexclusiveracing.hu\/#\/schema\/logo\/image\/\"},\"sameAs\":[\"https:\/\/www.facebook.com\/karaiexclusiveracing.hu\",\"https:\/\/www.instagram.com\/karaiexclusiveracing\/\"]}]}<\/script>\n<!-- \/ Yoast SEO Premium plugin. -->","yoast_head_json":{"title":"BMW E36 Racecar - SOLD! - K\u00e1rai Exclusive","robots":{"index":"index","follow":"follow","max-snippet":"max-snippet:-1","max-image-preview":"max-image-preview:large","max-video-preview":"max-video-preview:-1"},"canonical":"https:\/\/karaiexclusiveracing.hu\/de\/produkt\/bmw-e36-racecar-sold-2\/","og_locale":"de_DE","og_type":"article","og_title":"BMW E36 Racecar - SOLD!","og_description":"Elad\u00e1sra k\u00edn\u00e1lunk egy \u00e1ltalunk egyedileg \u00e9p\u00edtett, teljesen fel\u00faj\u00edtott E36 versenyaut\u00f3t. Ahogyan a fot\u00f3gal\u00e9ri\u00e1ban l\u00e1tsz\u00f3dik, az aut\u00f3 mondhatni teljes fel\u00faj\u00edt\u00e1son esett \u00e1t. A karossz\u00e9ria kapott egy telif\u00e9nyez\u00e9st, illetve az aut\u00f3 legt\u00f6bb alkatr\u00e9sze \u00faj. A versenyaut\u00f3 sport rendsz\u00e1mmal \u00e9s friss m\u0171szakival rendelkezik. A g\u00e9pj\u00e1rm\u0171 n\u00e9h\u00e1ny adata al\u00e1bb olvashat\u00f3: Motor: M54B30 (csap\u00e1gyazva, teljes revizi\u00f3 ut\u00e1n) Meger\u0151s\u00edtett olajpumpa Szuromi [&hellip;]","og_url":"https:\/\/karaiexclusiveracing.hu\/de\/produkt\/bmw-e36-racecar-sold-2\/","og_site_name":"K\u00e1rai Exclusive","article_publisher":"https:\/\/www.facebook.com\/karaiexclusiveracing.hu","article_modified_time":"2025-09-02T08:57:54+00:00","og_image":[{"width":2560,"height":1440,"url":"https:\/\/karaiexclusiveracing.hu\/wp-content\/uploads\/2023\/11\/IMG_1244-1300x867-01-scaled.jpg","type":"image\/jpeg"}],"twitter_card":"summary_large_image","twitter_misc":{"Gesch\u00e4tzte Lesezeit":"2\u00a0Minuten"},"schema":{"@context":"https:\/\/schema.org","@graph":[{"@type":"WebPage","@id":"https:\/\/karaiexclusiveracing.hu\/termek\/bmw-e36-racecar-sold-2\/","url":"https:\/\/karaiexclusiveracing.hu\/termek\/bmw-e36-racecar-sold-2\/","name":"BMW E36 Racecar - SOLD! - K\u00e1rai Exclusive","isPartOf":{"@id":"https:\/\/karaiexclusiveracing.hu\/#website"},"primaryImageOfPage":{"@id":"https:\/\/karaiexclusiveracing.hu\/termek\/bmw-e36-racecar-sold-2\/#primaryimage"},"image":{"@id":"https:\/\/karaiexclusiveracing.hu\/termek\/bmw-e36-racecar-sold-2\/#primaryimage"},"thumbnailUrl":"https:\/\/karaiexclusiveracing.hu\/wp-content\/uploads\/2023\/11\/IMG_1244-1300x867-01-scaled.jpg","datePublished":"2023-11-20T19:01:21+00:00","dateModified":"2025-09-02T08:57:54+00:00","breadcrumb":{"@id":"https:\/\/karaiexclusiveracing.hu\/termek\/bmw-e36-racecar-sold-2\/#breadcrumb"},"inLanguage":"de","potentialAction":[{"@type":"ReadAction","target":["https:\/\/karaiexclusiveracing.hu\/termek\/bmw-e36-racecar-sold-2\/"]}]},{"@type":"ImageObject","inLanguage":"de","@id":"https:\/\/karaiexclusiveracing.hu\/termek\/bmw-e36-racecar-sold-2\/#primaryimage","url":"https:\/\/karaiexclusiveracing.hu\/wp-content\/uploads\/2023\/11\/IMG_1244-1300x867-01-scaled.jpg","contentUrl":"https:\/\/karaiexclusiveracing.hu\/wp-content\/uploads\/2023\/11\/IMG_1244-1300x867-01-scaled.jpg","width":2560,"height":1440},{"@type":"BreadcrumbList","@id":"https:\/\/karaiexclusiveracing.hu\/termek\/bmw-e36-racecar-sold-2\/#breadcrumb","itemListElement":[{"@type":"ListItem","position":1,"name":"Kezd\u0151lap","item":"https:\/\/karaiexclusiveracing.hu\/"},{"@type":"ListItem","position":2,"name":"Elad\u00f3 aut\u00f3k","item":"https:\/\/karaiexclusiveracing.hu\/elado-autok\/"},{"@type":"ListItem","position":3,"name":"BMW E36 Racecar &#8211; SOLD!"}]},{"@type":"WebSite","@id":"https:\/\/karaiexclusiveracing.hu\/#website","url":"https:\/\/karaiexclusiveracing.hu\/","name":"K\u00e1rai Exclusive Racing","description":"","publisher":{"@id":"https:\/\/karaiexclusiveracing.hu\/#organization"},"potentialAction":[{"@type":"SearchAction","target":{"@type":"EntryPoint","urlTemplate":"https:\/\/karaiexclusiveracing.hu\/?s={search_term_string}"},"query-input":{"@type":"PropertyValueSpecification","valueRequired":true,"valueName":"search_term_string"}}],"inLanguage":"de"},{"@type":"Organization","@id":"https:\/\/karaiexclusiveracing.hu\/#organization","name":"K\u00e1rai Exclusive Racing","url":"https:\/\/karaiexclusiveracing.hu\/","logo":{"@type":"ImageObject","inLanguage":"de","@id":"https:\/\/karaiexclusiveracing.hu\/#\/schema\/logo\/image\/","url":"https:\/\/www.karaiexclusiveracing.hu\/wp-content\/uploads\/2023\/10\/karai_exclusive_logo-1-1.png","contentUrl":"https:\/\/www.karaiexclusiveracing.hu\/wp-content\/uploads\/2023\/10\/karai_exclusive_logo-1-1.png","width":1575,"height":435,"caption":"K\u00e1rai Exclusive Racing"},"image":{"@id":"https:\/\/karaiexclusiveracing.hu\/#\/schema\/logo\/image\/"},"sameAs":["https:\/\/www.facebook.com\/karaiexclusiveracing.hu","https:\/\/www.instagram.com\/karaiexclusiveracing\/"]}]}},"_links":{"self":[{"href":"http:\/\/karaiexclusiveracing.hu\/de\/wp-json\/wp\/v2\/product\/15296","targetHints":{"allow":["GET"]}}],"collection":[{"href":"http:\/\/karaiexclusiveracing.hu\/de\/wp-json\/wp\/v2\/product"}],"about":[{"href":"http:\/\/karaiexclusiveracing.hu\/de\/wp-json\/wp\/v2\/types\/product"}],"wp:featuredmedia":[{"embeddable":true,"href":"http:\/\/karaiexclusiveracing.hu\/de\/wp-json\/wp\/v2\/media\/15297"}],"wp:attachment":[{"href":"http:\/\/karaiexclusiveracing.hu\/de\/wp-json\/wp\/v2\/media?parent=15296"}],"wp:term":[{"taxonomy":"manufactures","embeddable":true,"href":"http:\/\/karaiexclusiveracing.hu\/de\/wp-json\/wp\/v2\/manufactures?post=15296"},{"taxonomy":"product_brand","embeddable":true,"href":"http:\/\/karaiexclusiveracing.hu\/de\/wp-json\/wp\/v2\/product_brand?post=15296"},{"taxonomy":"product_cat","embeddable":true,"href":"http:\/\/karaiexclusiveracing.hu\/de\/wp-json\/wp\/v2\/product_cat?post=15296"},{"taxonomy":"product_tag","embeddable":true,"href":"http:\/\/karaiexclusiveracing.hu\/de\/wp-json\/wp\/v2\/product_tag?post=15296"}],"curies":[{"name":"wp","href":"https:\/\/api.w.org\/{rel}","templated":true}]}}