{"id":15156,"date":"2023-11-19T06:25:02","date_gmt":"2023-11-19T05:25:02","guid":{"rendered":"https:\/\/www.karaiexclusiveracing.hu\/?post_type=product&#038;p=15156"},"modified":"2025-09-02T11:00:13","modified_gmt":"2025-09-02T09:00:13","slug":"bmw-635-csi","status":"publish","type":"product","link":"http:\/\/karaiexclusiveracing.hu\/de\/termek\/bmw-635-csi\/","title":{"rendered":"BMW 635 CSI &#8211; SOLD"},"content":{"rendered":"<div>\n<p>BMW 635 CSI AUT.<\/p>\n<p>Karossz\u00e9ri\u00e1ja eur\u00f3pai kort\u00e1rsaihoz k\u00e9pest nagyon j\u00f3! Az aut\u00f3 beltere fel\u00faj\u00edt\u00e1st ig\u00e9nyel! Az aut\u00f3 indul j\u00f6n megy kipr\u00f3b\u00e1lhat\u00f3! Az aut\u00f3 nagyon felszerelt alv\u00e1zsz\u00e1m szerint is elekrtomos sport bels\u0151,kl\u00edma,tempomat,board,stb!<\/p>\n<p>Ig\u00e9ny szerint az aut\u00f3 teljes fel\u00faj\u00edt\u00e1s\u00e1t is el tudjuk v\u00e9gezni!<\/p>\n<p>AZ AUT\u00d3INKAL FOLYMATOSAN FOGLALKOZUNK ENNEK F\u00c9NY\u00c9BEN AZ \u00c1RA IS V\u00c1LTOZHAT!!!<\/p>\n<p>&nbsp;<\/p>\n<p><strong>Az esetleges el\u00edr\u00e1sok\u00e9rt, hirdet\u00e9sbeli hib\u00e1k\u00e9rt felel\u0151ss\u00e9get nem v\u00e1llalunk. K\u00e9rj\u00fck, mindenk\u00e9pp \u00e9rdekl\u0151dj\u00f6n telefonon a pontos inform\u00e1ci\u00f3k\u00e9rt!<\/strong><\/p>\n<\/div>\n<div><\/div>\n<div><\/div>","protected":false},"excerpt":{"rendered":"<p>BMW 635 CSI AUT. Karossz\u00e9ri\u00e1ja eur\u00f3pai kort\u00e1rsaihoz k\u00e9pest nagyon j\u00f3! Az aut\u00f3 beltere fel\u00faj\u00edt\u00e1st ig\u00e9nyel! Az aut\u00f3 indul j\u00f6n megy kipr\u00f3b\u00e1lhat\u00f3! Az aut\u00f3 nagyon felszerelt alv\u00e1zsz\u00e1m szerint is elekrtomos sport bels\u0151,kl\u00edma,tempomat,board,stb! Ig\u00e9ny szerint az aut\u00f3 teljes fel\u00faj\u00edt\u00e1s\u00e1t is el tudjuk v\u00e9gezni! AZ AUT\u00d3INKAL FOLYMATOSAN FOGLALKOZUNK ENNEK F\u00c9NY\u00c9BEN AZ \u00c1RA IS V\u00c1LTOZHAT!!! &nbsp; Az esetleges el\u00edr\u00e1sok\u00e9rt, [&hellip;]<\/p>\n","protected":false},"featured_media":22214,"template":"","meta":{"_acf_changed":false},"manufactures":[],"product_brand":[],"product_cat":[24],"product_tag":[109],"class_list":{"0":"post-15156","1":"product","2":"type-product","3":"status-publish","4":"has-post-thumbnail","6":"product_cat-classic-car","7":"product_tag-sold","9":"first","10":"instock","11":"taxable","12":"shipping-taxable","13":"purchasable","14":"product-type-simple"},"exclude_global_add_ons":[],"addons":[],"acf":[],"yoast_head":"<!-- This site is optimized with the Yoast SEO Premium plugin v27.1 (Yoast SEO v27.2) - https:\/\/yoast.com\/product\/yoast-seo-premium-wordpress\/ -->\n<title>BMW 635 CSI - SOLD - K\u00e1rai Exclusive<\/title>\n<meta name=\"robots\" content=\"index, follow, max-snippet:-1, max-image-preview:large, max-video-preview:-1\" \/>\n<link rel=\"canonical\" href=\"https:\/\/karaiexclusiveracing.hu\/de\/produkt\/bmw-635-csi\/\" \/>\n<meta property=\"og:locale\" content=\"de_DE\" \/>\n<meta property=\"og:type\" content=\"article\" \/>\n<meta property=\"og:title\" content=\"BMW 635 CSI - SOLD\" \/>\n<meta property=\"og:description\" content=\"BMW 635 CSI AUT. Karossz\u00e9ri\u00e1ja eur\u00f3pai kort\u00e1rsaihoz k\u00e9pest nagyon j\u00f3! Az aut\u00f3 beltere fel\u00faj\u00edt\u00e1st ig\u00e9nyel! Az aut\u00f3 indul j\u00f6n megy kipr\u00f3b\u00e1lhat\u00f3! Az aut\u00f3 nagyon felszerelt alv\u00e1zsz\u00e1m szerint is elekrtomos sport bels\u0151,kl\u00edma,tempomat,board,stb! Ig\u00e9ny szerint az aut\u00f3 teljes fel\u00faj\u00edt\u00e1s\u00e1t is el tudjuk v\u00e9gezni! AZ AUT\u00d3INKAL FOLYMATOSAN FOGLALKOZUNK ENNEK F\u00c9NY\u00c9BEN AZ \u00c1RA IS V\u00c1LTOZHAT!!! &nbsp; Az esetleges el\u00edr\u00e1sok\u00e9rt, [&hellip;]\" \/>\n<meta property=\"og:url\" content=\"https:\/\/karaiexclusiveracing.hu\/de\/produkt\/bmw-635-csi\/\" \/>\n<meta property=\"og:site_name\" content=\"K\u00e1rai Exclusive\" \/>\n<meta property=\"article:publisher\" content=\"https:\/\/www.facebook.com\/karaiexclusiveracing.hu\" \/>\n<meta property=\"article:modified_time\" content=\"2025-09-02T09:00:13+00:00\" \/>\n<meta property=\"og:image\" content=\"https:\/\/karaiexclusiveracing.hu\/wp-content\/uploads\/2023\/11\/SOLD-13-1024x606.png\" \/>\n\t<meta property=\"og:image:width\" content=\"1024\" \/>\n\t<meta property=\"og:image:height\" content=\"606\" \/>\n\t<meta property=\"og:image:type\" content=\"image\/png\" \/>\n<meta name=\"twitter:card\" content=\"summary_large_image\" \/>\n<meta name=\"twitter:label1\" content=\"Gesch\u00e4tzte Lesezeit\" \/>\n\t<meta name=\"twitter:data1\" content=\"1\u00a0Minute\" \/>\n<script type=\"application\/ld+json\" class=\"yoast-schema-graph\">{\"@context\":\"https:\/\/schema.org\",\"@graph\":[{\"@type\":\"WebPage\",\"@id\":\"https:\/\/karaiexclusiveracing.hu\/termek\/bmw-635-csi\/\",\"url\":\"https:\/\/karaiexclusiveracing.hu\/termek\/bmw-635-csi\/\",\"name\":\"BMW 635 CSI - SOLD - K\u00e1rai Exclusive\",\"isPartOf\":{\"@id\":\"https:\/\/karaiexclusiveracing.hu\/#website\"},\"primaryImageOfPage\":{\"@id\":\"https:\/\/karaiexclusiveracing.hu\/termek\/bmw-635-csi\/#primaryimage\"},\"image\":{\"@id\":\"https:\/\/karaiexclusiveracing.hu\/termek\/bmw-635-csi\/#primaryimage\"},\"thumbnailUrl\":\"https:\/\/karaiexclusiveracing.hu\/wp-content\/uploads\/2023\/11\/SOLD-13.png\",\"datePublished\":\"2023-11-19T05:25:02+00:00\",\"dateModified\":\"2025-09-02T09:00:13+00:00\",\"breadcrumb\":{\"@id\":\"https:\/\/karaiexclusiveracing.hu\/termek\/bmw-635-csi\/#breadcrumb\"},\"inLanguage\":\"de\",\"potentialAction\":[{\"@type\":\"ReadAction\",\"target\":[\"https:\/\/karaiexclusiveracing.hu\/termek\/bmw-635-csi\/\"]}]},{\"@type\":\"ImageObject\",\"inLanguage\":\"de\",\"@id\":\"https:\/\/karaiexclusiveracing.hu\/termek\/bmw-635-csi\/#primaryimage\",\"url\":\"https:\/\/karaiexclusiveracing.hu\/wp-content\/uploads\/2023\/11\/SOLD-13.png\",\"contentUrl\":\"https:\/\/karaiexclusiveracing.hu\/wp-content\/uploads\/2023\/11\/SOLD-13.png\",\"width\":2560,\"height\":1515},{\"@type\":\"BreadcrumbList\",\"@id\":\"https:\/\/karaiexclusiveracing.hu\/termek\/bmw-635-csi\/#breadcrumb\",\"itemListElement\":[{\"@type\":\"ListItem\",\"position\":1,\"name\":\"Kezd\u0151lap\",\"item\":\"https:\/\/karaiexclusiveracing.hu\/\"},{\"@type\":\"ListItem\",\"position\":2,\"name\":\"Elad\u00f3 aut\u00f3k\",\"item\":\"https:\/\/karaiexclusiveracing.hu\/elado-autok\/\"},{\"@type\":\"ListItem\",\"position\":3,\"name\":\"BMW 635 CSI &#8211; SOLD\"}]},{\"@type\":\"WebSite\",\"@id\":\"https:\/\/karaiexclusiveracing.hu\/#website\",\"url\":\"https:\/\/karaiexclusiveracing.hu\/\",\"name\":\"K\u00e1rai Exclusive Racing\",\"description\":\"\",\"publisher\":{\"@id\":\"https:\/\/karaiexclusiveracing.hu\/#organization\"},\"potentialAction\":[{\"@type\":\"SearchAction\",\"target\":{\"@type\":\"EntryPoint\",\"urlTemplate\":\"https:\/\/karaiexclusiveracing.hu\/?s={search_term_string}\"},\"query-input\":{\"@type\":\"PropertyValueSpecification\",\"valueRequired\":true,\"valueName\":\"search_term_string\"}}],\"inLanguage\":\"de\"},{\"@type\":\"Organization\",\"@id\":\"https:\/\/karaiexclusiveracing.hu\/#organization\",\"name\":\"K\u00e1rai Exclusive Racing\",\"url\":\"https:\/\/karaiexclusiveracing.hu\/\",\"logo\":{\"@type\":\"ImageObject\",\"inLanguage\":\"de\",\"@id\":\"https:\/\/karaiexclusiveracing.hu\/#\/schema\/logo\/image\/\",\"url\":\"https:\/\/www.karaiexclusiveracing.hu\/wp-content\/uploads\/2023\/10\/karai_exclusive_logo-1-1.png\",\"contentUrl\":\"https:\/\/www.karaiexclusiveracing.hu\/wp-content\/uploads\/2023\/10\/karai_exclusive_logo-1-1.png\",\"width\":1575,\"height\":435,\"caption\":\"K\u00e1rai Exclusive Racing\"},\"image\":{\"@id\":\"https:\/\/karaiexclusiveracing.hu\/#\/schema\/logo\/image\/\"},\"sameAs\":[\"https:\/\/www.facebook.com\/karaiexclusiveracing.hu\",\"https:\/\/www.instagram.com\/karaiexclusiveracing\/\"]}]}<\/script>\n<!-- \/ Yoast SEO Premium plugin. -->","yoast_head_json":{"title":"BMW 635 CSI - SOLD - K\u00e1rai Exclusive","robots":{"index":"index","follow":"follow","max-snippet":"max-snippet:-1","max-image-preview":"max-image-preview:large","max-video-preview":"max-video-preview:-1"},"canonical":"https:\/\/karaiexclusiveracing.hu\/de\/produkt\/bmw-635-csi\/","og_locale":"de_DE","og_type":"article","og_title":"BMW 635 CSI - SOLD","og_description":"BMW 635 CSI AUT. Karossz\u00e9ri\u00e1ja eur\u00f3pai kort\u00e1rsaihoz k\u00e9pest nagyon j\u00f3! Az aut\u00f3 beltere fel\u00faj\u00edt\u00e1st ig\u00e9nyel! Az aut\u00f3 indul j\u00f6n megy kipr\u00f3b\u00e1lhat\u00f3! Az aut\u00f3 nagyon felszerelt alv\u00e1zsz\u00e1m szerint is elekrtomos sport bels\u0151,kl\u00edma,tempomat,board,stb! Ig\u00e9ny szerint az aut\u00f3 teljes fel\u00faj\u00edt\u00e1s\u00e1t is el tudjuk v\u00e9gezni! AZ AUT\u00d3INKAL FOLYMATOSAN FOGLALKOZUNK ENNEK F\u00c9NY\u00c9BEN AZ \u00c1RA IS V\u00c1LTOZHAT!!! &nbsp; Az esetleges el\u00edr\u00e1sok\u00e9rt, [&hellip;]","og_url":"https:\/\/karaiexclusiveracing.hu\/de\/produkt\/bmw-635-csi\/","og_site_name":"K\u00e1rai Exclusive","article_publisher":"https:\/\/www.facebook.com\/karaiexclusiveracing.hu","article_modified_time":"2025-09-02T09:00:13+00:00","og_image":[{"width":1024,"height":606,"url":"https:\/\/karaiexclusiveracing.hu\/wp-content\/uploads\/2023\/11\/SOLD-13-1024x606.png","type":"image\/png"}],"twitter_card":"summary_large_image","twitter_misc":{"Gesch\u00e4tzte Lesezeit":"1\u00a0Minute"},"schema":{"@context":"https:\/\/schema.org","@graph":[{"@type":"WebPage","@id":"https:\/\/karaiexclusiveracing.hu\/termek\/bmw-635-csi\/","url":"https:\/\/karaiexclusiveracing.hu\/termek\/bmw-635-csi\/","name":"BMW 635 CSI - SOLD - K\u00e1rai Exclusive","isPartOf":{"@id":"https:\/\/karaiexclusiveracing.hu\/#website"},"primaryImageOfPage":{"@id":"https:\/\/karaiexclusiveracing.hu\/termek\/bmw-635-csi\/#primaryimage"},"image":{"@id":"https:\/\/karaiexclusiveracing.hu\/termek\/bmw-635-csi\/#primaryimage"},"thumbnailUrl":"https:\/\/karaiexclusiveracing.hu\/wp-content\/uploads\/2023\/11\/SOLD-13.png","datePublished":"2023-11-19T05:25:02+00:00","dateModified":"2025-09-02T09:00:13+00:00","breadcrumb":{"@id":"https:\/\/karaiexclusiveracing.hu\/termek\/bmw-635-csi\/#breadcrumb"},"inLanguage":"de","potentialAction":[{"@type":"ReadAction","target":["https:\/\/karaiexclusiveracing.hu\/termek\/bmw-635-csi\/"]}]},{"@type":"ImageObject","inLanguage":"de","@id":"https:\/\/karaiexclusiveracing.hu\/termek\/bmw-635-csi\/#primaryimage","url":"https:\/\/karaiexclusiveracing.hu\/wp-content\/uploads\/2023\/11\/SOLD-13.png","contentUrl":"https:\/\/karaiexclusiveracing.hu\/wp-content\/uploads\/2023\/11\/SOLD-13.png","width":2560,"height":1515},{"@type":"BreadcrumbList","@id":"https:\/\/karaiexclusiveracing.hu\/termek\/bmw-635-csi\/#breadcrumb","itemListElement":[{"@type":"ListItem","position":1,"name":"Kezd\u0151lap","item":"https:\/\/karaiexclusiveracing.hu\/"},{"@type":"ListItem","position":2,"name":"Elad\u00f3 aut\u00f3k","item":"https:\/\/karaiexclusiveracing.hu\/elado-autok\/"},{"@type":"ListItem","position":3,"name":"BMW 635 CSI &#8211; SOLD"}]},{"@type":"WebSite","@id":"https:\/\/karaiexclusiveracing.hu\/#website","url":"https:\/\/karaiexclusiveracing.hu\/","name":"K\u00e1rai Exclusive Racing","description":"","publisher":{"@id":"https:\/\/karaiexclusiveracing.hu\/#organization"},"potentialAction":[{"@type":"SearchAction","target":{"@type":"EntryPoint","urlTemplate":"https:\/\/karaiexclusiveracing.hu\/?s={search_term_string}"},"query-input":{"@type":"PropertyValueSpecification","valueRequired":true,"valueName":"search_term_string"}}],"inLanguage":"de"},{"@type":"Organization","@id":"https:\/\/karaiexclusiveracing.hu\/#organization","name":"K\u00e1rai Exclusive Racing","url":"https:\/\/karaiexclusiveracing.hu\/","logo":{"@type":"ImageObject","inLanguage":"de","@id":"https:\/\/karaiexclusiveracing.hu\/#\/schema\/logo\/image\/","url":"https:\/\/www.karaiexclusiveracing.hu\/wp-content\/uploads\/2023\/10\/karai_exclusive_logo-1-1.png","contentUrl":"https:\/\/www.karaiexclusiveracing.hu\/wp-content\/uploads\/2023\/10\/karai_exclusive_logo-1-1.png","width":1575,"height":435,"caption":"K\u00e1rai Exclusive Racing"},"image":{"@id":"https:\/\/karaiexclusiveracing.hu\/#\/schema\/logo\/image\/"},"sameAs":["https:\/\/www.facebook.com\/karaiexclusiveracing.hu","https:\/\/www.instagram.com\/karaiexclusiveracing\/"]}]}},"_links":{"self":[{"href":"http:\/\/karaiexclusiveracing.hu\/de\/wp-json\/wp\/v2\/product\/15156","targetHints":{"allow":["GET"]}}],"collection":[{"href":"http:\/\/karaiexclusiveracing.hu\/de\/wp-json\/wp\/v2\/product"}],"about":[{"href":"http:\/\/karaiexclusiveracing.hu\/de\/wp-json\/wp\/v2\/types\/product"}],"wp:featuredmedia":[{"embeddable":true,"href":"http:\/\/karaiexclusiveracing.hu\/de\/wp-json\/wp\/v2\/media\/22214"}],"wp:attachment":[{"href":"http:\/\/karaiexclusiveracing.hu\/de\/wp-json\/wp\/v2\/media?parent=15156"}],"wp:term":[{"taxonomy":"manufactures","embeddable":true,"href":"http:\/\/karaiexclusiveracing.hu\/de\/wp-json\/wp\/v2\/manufactures?post=15156"},{"taxonomy":"product_brand","embeddable":true,"href":"http:\/\/karaiexclusiveracing.hu\/de\/wp-json\/wp\/v2\/product_brand?post=15156"},{"taxonomy":"product_cat","embeddable":true,"href":"http:\/\/karaiexclusiveracing.hu\/de\/wp-json\/wp\/v2\/product_cat?post=15156"},{"taxonomy":"product_tag","embeddable":true,"href":"http:\/\/karaiexclusiveracing.hu\/de\/wp-json\/wp\/v2\/product_tag?post=15156"}],"curies":[{"name":"wp","href":"https:\/\/api.w.org\/{rel}","templated":true}]}}