{"id":14970,"date":"2023-11-17T14:46:46","date_gmt":"2023-11-17T13:46:46","guid":{"rendered":"https:\/\/www.karaiexclusiveracing.hu\/?post_type=product&#038;p=14970"},"modified":"2025-09-11T20:13:59","modified_gmt":"2025-09-11T18:13:59","slug":"mercedes-w124","status":"publish","type":"product","link":"http:\/\/karaiexclusiveracing.hu\/de\/termek\/mercedes-w124\/","title":{"rendered":"Mercedes W124 300E"},"content":{"rendered":"<div id=\"ut-row-inner-653a2e06d150a\" class=\"vc_row wpb_row vc_inner vc_row-fluid vc_column-gap-10 ut-row-inner-653a2e06d1512\">\n<div class=\"wpb_column vc_column_container vc_col-sm-9\">\n<div id=\"ut-column-inner-653a2e06d18bf\" class=\"vc_column-inner vc_column-inner-nested\">\n<div class=\"wpb_wrapper\">\n<div class=\"wpb_text_column wpb_content_element\">\n<div class=\"wpb_wrapper\">\n<p><strong>A karossz\u00e9ria egy kis foglalkoz\u00e1st ig\u00e9nyel.<\/strong> Az aut\u00f3 az amerikai piacra k\u00e9sz\u00fclt, \u00edgy <strong>eur\u00f3pai t\u00e1rsaihoz k\u00e9pest rendk\u00edv\u00fcl gazdag felszerelts\u00e9ggel<\/strong> rendelkezik.<\/p>\n<p>Ez a klasszikus W124 modell nemcsak megjelen\u00e9s\u00e9ben, hanem \u00e1llapot\u00e1ban is k\u00fcl\u00f6nleges darab, amelyet <strong>m\u00faze\u00e1lis min\u0151s\u00edt\u00e9ssel<\/strong> is \u00e1t tudunk adni ig\u00e9ny szerint. Emellett v\u00e1llaljuk az aut\u00f3 b\u00e1rmilyen jelleg\u0171 <strong>fel\u00faj\u00edt\u00e1s\u00e1t vagy szem\u00e9lyre szab\u00e1s\u00e1t<\/strong>, hogy a tulajdonos ig\u00e9nyeinek t\u00f6k\u00e9letesen megfeleljen.<\/p>\n<p>Mivel az aut\u00f3 folyamatos karbantart\u00e1s alatt \u00e1ll, az \u00e1r az elv\u00e9gzett munk\u00e1k f\u00fcggv\u00e9ny\u00e9ben v\u00e1ltozhat. <strong>Ne hagyd ki ezt az egyedi lehet\u0151s\u00e9get, hogy egy legend\u00e1s W124 modell tulajdonosa lehess!<\/strong><\/p>\n<p>&nbsp;<\/p>\n<\/div>\n<div class=\"wpb_wrapper\">\n<p><strong>Tov\u00e1bbi inform\u00e1ci\u00f3\u00e9rt \u00e9rdekl\u0151dj telefonon!<\/strong><\/p>\n<\/div>\n<\/div>\n<\/div>\n<\/div>\n<\/div>\n<\/div>","protected":false},"excerpt":{"rendered":"<p>A karossz\u00e9ria egy kis foglalkoz\u00e1st ig\u00e9nyel. Az aut\u00f3 az amerikai piacra k\u00e9sz\u00fclt, \u00edgy eur\u00f3pai t\u00e1rsaihoz k\u00e9pest rendk\u00edv\u00fcl gazdag felszerelts\u00e9ggel rendelkezik. Ez a klasszikus W124 modell nemcsak megjelen\u00e9s\u00e9ben, hanem \u00e1llapot\u00e1ban is k\u00fcl\u00f6nleges darab, amelyet m\u00faze\u00e1lis min\u0151s\u00edt\u00e9ssel is \u00e1t tudunk adni ig\u00e9ny szerint. Emellett v\u00e1llaljuk az aut\u00f3 b\u00e1rmilyen jelleg\u0171 fel\u00faj\u00edt\u00e1s\u00e1t vagy szem\u00e9lyre szab\u00e1s\u00e1t, hogy a tulajdonos ig\u00e9nyeinek [&hellip;]<\/p>\n","protected":false},"featured_media":20689,"template":"","meta":{"_acf_changed":false},"manufactures":[],"product_brand":[],"product_cat":[24],"product_tag":[],"class_list":{"0":"post-14970","1":"product","2":"type-product","3":"status-publish","4":"has-post-thumbnail","6":"product_cat-classic-car","8":"first","9":"instock","10":"taxable","11":"shipping-taxable","12":"purchasable","13":"product-type-simple"},"exclude_global_add_ons":[],"addons":[],"acf":[],"yoast_head":"<!-- This site is optimized with the Yoast SEO Premium plugin v27.1 (Yoast SEO v27.2) - https:\/\/yoast.com\/product\/yoast-seo-premium-wordpress\/ -->\n<title>Mercedes W124 300E - K\u00e1rai Exclusive<\/title>\n<meta name=\"description\" content=\"Gy\u00e1ri \u00e1llapotban, USA import, teljesen rozsdamentes. M\u00faze\u00e1lis min\u0151s\u00edt\u00e9ssel vagy fel\u00faj\u00edt\u00e1ssal is el\u00e9rhet\u0151! \u00c9rdekl\u0151dj most!\" \/>\n<meta name=\"robots\" content=\"index, follow, max-snippet:-1, max-image-preview:large, max-video-preview:-1\" \/>\n<link rel=\"canonical\" href=\"https:\/\/karaiexclusiveracing.hu\/de\/produkt\/mercedes-w124\/\" \/>\n<meta property=\"og:locale\" content=\"de_DE\" \/>\n<meta property=\"og:type\" content=\"article\" \/>\n<meta property=\"og:title\" content=\"Mercedes W124 300E\" \/>\n<meta property=\"og:description\" content=\"Gy\u00e1ri \u00e1llapotban, USA import, teljesen rozsdamentes. M\u00faze\u00e1lis min\u0151s\u00edt\u00e9ssel vagy fel\u00faj\u00edt\u00e1ssal is el\u00e9rhet\u0151! \u00c9rdekl\u0151dj most!\" \/>\n<meta property=\"og:url\" content=\"https:\/\/karaiexclusiveracing.hu\/de\/produkt\/mercedes-w124\/\" \/>\n<meta property=\"og:site_name\" content=\"K\u00e1rai Exclusive\" \/>\n<meta property=\"article:publisher\" content=\"https:\/\/www.facebook.com\/karaiexclusiveracing.hu\" \/>\n<meta property=\"article:modified_time\" content=\"2025-09-11T18:13:59+00:00\" \/>\n<meta property=\"og:image\" content=\"https:\/\/karaiexclusiveracing.hu\/wp-content\/uploads\/2023\/11\/453686629_8124051430971782_4302936365488002372_n.jpg\" \/>\n\t<meta property=\"og:image:width\" content=\"1170\" \/>\n\t<meta property=\"og:image:height\" content=\"876\" \/>\n\t<meta property=\"og:image:type\" content=\"image\/jpeg\" \/>\n<meta name=\"twitter:card\" content=\"summary_large_image\" \/>\n<meta name=\"twitter:label1\" content=\"Gesch\u00e4tzte Lesezeit\" \/>\n\t<meta name=\"twitter:data1\" content=\"1\u00a0Minute\" \/>\n<script type=\"application\/ld+json\" class=\"yoast-schema-graph\">{\"@context\":\"https:\/\/schema.org\",\"@graph\":[{\"@type\":\"WebPage\",\"@id\":\"https:\/\/karaiexclusiveracing.hu\/termek\/mercedes-w124\/\",\"url\":\"https:\/\/karaiexclusiveracing.hu\/termek\/mercedes-w124\/\",\"name\":\"Mercedes W124 300E - K\u00e1rai Exclusive\",\"isPartOf\":{\"@id\":\"https:\/\/karaiexclusiveracing.hu\/#website\"},\"primaryImageOfPage\":{\"@id\":\"https:\/\/karaiexclusiveracing.hu\/termek\/mercedes-w124\/#primaryimage\"},\"image\":{\"@id\":\"https:\/\/karaiexclusiveracing.hu\/termek\/mercedes-w124\/#primaryimage\"},\"thumbnailUrl\":\"https:\/\/karaiexclusiveracing.hu\/wp-content\/uploads\/2023\/11\/453686629_8124051430971782_4302936365488002372_n.jpg\",\"datePublished\":\"2023-11-17T13:46:46+00:00\",\"dateModified\":\"2025-09-11T18:13:59+00:00\",\"description\":\"Gy\u00e1ri \u00e1llapotban, USA import, teljesen rozsdamentes. M\u00faze\u00e1lis min\u0151s\u00edt\u00e9ssel vagy fel\u00faj\u00edt\u00e1ssal is el\u00e9rhet\u0151! \u00c9rdekl\u0151dj most!\",\"breadcrumb\":{\"@id\":\"https:\/\/karaiexclusiveracing.hu\/termek\/mercedes-w124\/#breadcrumb\"},\"inLanguage\":\"de\",\"potentialAction\":[{\"@type\":\"ReadAction\",\"target\":[\"https:\/\/karaiexclusiveracing.hu\/termek\/mercedes-w124\/\"]}]},{\"@type\":\"ImageObject\",\"inLanguage\":\"de\",\"@id\":\"https:\/\/karaiexclusiveracing.hu\/termek\/mercedes-w124\/#primaryimage\",\"url\":\"https:\/\/karaiexclusiveracing.hu\/wp-content\/uploads\/2023\/11\/453686629_8124051430971782_4302936365488002372_n.jpg\",\"contentUrl\":\"https:\/\/karaiexclusiveracing.hu\/wp-content\/uploads\/2023\/11\/453686629_8124051430971782_4302936365488002372_n.jpg\",\"width\":1170,\"height\":876},{\"@type\":\"BreadcrumbList\",\"@id\":\"https:\/\/karaiexclusiveracing.hu\/termek\/mercedes-w124\/#breadcrumb\",\"itemListElement\":[{\"@type\":\"ListItem\",\"position\":1,\"name\":\"Kezd\u0151lap\",\"item\":\"https:\/\/karaiexclusiveracing.hu\/\"},{\"@type\":\"ListItem\",\"position\":2,\"name\":\"Elad\u00f3 aut\u00f3k\",\"item\":\"https:\/\/karaiexclusiveracing.hu\/elado-autok\/\"},{\"@type\":\"ListItem\",\"position\":3,\"name\":\"Mercedes W124 300E\"}]},{\"@type\":\"WebSite\",\"@id\":\"https:\/\/karaiexclusiveracing.hu\/#website\",\"url\":\"https:\/\/karaiexclusiveracing.hu\/\",\"name\":\"K\u00e1rai Exclusive Racing\",\"description\":\"\",\"publisher\":{\"@id\":\"https:\/\/karaiexclusiveracing.hu\/#organization\"},\"potentialAction\":[{\"@type\":\"SearchAction\",\"target\":{\"@type\":\"EntryPoint\",\"urlTemplate\":\"https:\/\/karaiexclusiveracing.hu\/?s={search_term_string}\"},\"query-input\":{\"@type\":\"PropertyValueSpecification\",\"valueRequired\":true,\"valueName\":\"search_term_string\"}}],\"inLanguage\":\"de\"},{\"@type\":\"Organization\",\"@id\":\"https:\/\/karaiexclusiveracing.hu\/#organization\",\"name\":\"K\u00e1rai Exclusive Racing\",\"url\":\"https:\/\/karaiexclusiveracing.hu\/\",\"logo\":{\"@type\":\"ImageObject\",\"inLanguage\":\"de\",\"@id\":\"https:\/\/karaiexclusiveracing.hu\/#\/schema\/logo\/image\/\",\"url\":\"https:\/\/www.karaiexclusiveracing.hu\/wp-content\/uploads\/2023\/10\/karai_exclusive_logo-1-1.png\",\"contentUrl\":\"https:\/\/www.karaiexclusiveracing.hu\/wp-content\/uploads\/2023\/10\/karai_exclusive_logo-1-1.png\",\"width\":1575,\"height\":435,\"caption\":\"K\u00e1rai Exclusive Racing\"},\"image\":{\"@id\":\"https:\/\/karaiexclusiveracing.hu\/#\/schema\/logo\/image\/\"},\"sameAs\":[\"https:\/\/www.facebook.com\/karaiexclusiveracing.hu\",\"https:\/\/www.instagram.com\/karaiexclusiveracing\/\"]}]}<\/script>\n<!-- \/ Yoast SEO Premium plugin. -->","yoast_head_json":{"title":"Mercedes W124 300E - K\u00e1rai Exclusive","description":"Gy\u00e1ri \u00e1llapotban, USA import, teljesen rozsdamentes. M\u00faze\u00e1lis min\u0151s\u00edt\u00e9ssel vagy fel\u00faj\u00edt\u00e1ssal is el\u00e9rhet\u0151! \u00c9rdekl\u0151dj most!","robots":{"index":"index","follow":"follow","max-snippet":"max-snippet:-1","max-image-preview":"max-image-preview:large","max-video-preview":"max-video-preview:-1"},"canonical":"https:\/\/karaiexclusiveracing.hu\/de\/produkt\/mercedes-w124\/","og_locale":"de_DE","og_type":"article","og_title":"Mercedes W124 300E","og_description":"Gy\u00e1ri \u00e1llapotban, USA import, teljesen rozsdamentes. M\u00faze\u00e1lis min\u0151s\u00edt\u00e9ssel vagy fel\u00faj\u00edt\u00e1ssal is el\u00e9rhet\u0151! \u00c9rdekl\u0151dj most!","og_url":"https:\/\/karaiexclusiveracing.hu\/de\/produkt\/mercedes-w124\/","og_site_name":"K\u00e1rai Exclusive","article_publisher":"https:\/\/www.facebook.com\/karaiexclusiveracing.hu","article_modified_time":"2025-09-11T18:13:59+00:00","og_image":[{"width":1170,"height":876,"url":"https:\/\/karaiexclusiveracing.hu\/wp-content\/uploads\/2023\/11\/453686629_8124051430971782_4302936365488002372_n.jpg","type":"image\/jpeg"}],"twitter_card":"summary_large_image","twitter_misc":{"Gesch\u00e4tzte Lesezeit":"1\u00a0Minute"},"schema":{"@context":"https:\/\/schema.org","@graph":[{"@type":"WebPage","@id":"https:\/\/karaiexclusiveracing.hu\/termek\/mercedes-w124\/","url":"https:\/\/karaiexclusiveracing.hu\/termek\/mercedes-w124\/","name":"Mercedes W124 300E - K\u00e1rai Exclusive","isPartOf":{"@id":"https:\/\/karaiexclusiveracing.hu\/#website"},"primaryImageOfPage":{"@id":"https:\/\/karaiexclusiveracing.hu\/termek\/mercedes-w124\/#primaryimage"},"image":{"@id":"https:\/\/karaiexclusiveracing.hu\/termek\/mercedes-w124\/#primaryimage"},"thumbnailUrl":"https:\/\/karaiexclusiveracing.hu\/wp-content\/uploads\/2023\/11\/453686629_8124051430971782_4302936365488002372_n.jpg","datePublished":"2023-11-17T13:46:46+00:00","dateModified":"2025-09-11T18:13:59+00:00","description":"Gy\u00e1ri \u00e1llapotban, USA import, teljesen rozsdamentes. M\u00faze\u00e1lis min\u0151s\u00edt\u00e9ssel vagy fel\u00faj\u00edt\u00e1ssal is el\u00e9rhet\u0151! \u00c9rdekl\u0151dj most!","breadcrumb":{"@id":"https:\/\/karaiexclusiveracing.hu\/termek\/mercedes-w124\/#breadcrumb"},"inLanguage":"de","potentialAction":[{"@type":"ReadAction","target":["https:\/\/karaiexclusiveracing.hu\/termek\/mercedes-w124\/"]}]},{"@type":"ImageObject","inLanguage":"de","@id":"https:\/\/karaiexclusiveracing.hu\/termek\/mercedes-w124\/#primaryimage","url":"https:\/\/karaiexclusiveracing.hu\/wp-content\/uploads\/2023\/11\/453686629_8124051430971782_4302936365488002372_n.jpg","contentUrl":"https:\/\/karaiexclusiveracing.hu\/wp-content\/uploads\/2023\/11\/453686629_8124051430971782_4302936365488002372_n.jpg","width":1170,"height":876},{"@type":"BreadcrumbList","@id":"https:\/\/karaiexclusiveracing.hu\/termek\/mercedes-w124\/#breadcrumb","itemListElement":[{"@type":"ListItem","position":1,"name":"Kezd\u0151lap","item":"https:\/\/karaiexclusiveracing.hu\/"},{"@type":"ListItem","position":2,"name":"Elad\u00f3 aut\u00f3k","item":"https:\/\/karaiexclusiveracing.hu\/elado-autok\/"},{"@type":"ListItem","position":3,"name":"Mercedes W124 300E"}]},{"@type":"WebSite","@id":"https:\/\/karaiexclusiveracing.hu\/#website","url":"https:\/\/karaiexclusiveracing.hu\/","name":"K\u00e1rai Exclusive Racing","description":"","publisher":{"@id":"https:\/\/karaiexclusiveracing.hu\/#organization"},"potentialAction":[{"@type":"SearchAction","target":{"@type":"EntryPoint","urlTemplate":"https:\/\/karaiexclusiveracing.hu\/?s={search_term_string}"},"query-input":{"@type":"PropertyValueSpecification","valueRequired":true,"valueName":"search_term_string"}}],"inLanguage":"de"},{"@type":"Organization","@id":"https:\/\/karaiexclusiveracing.hu\/#organization","name":"K\u00e1rai Exclusive Racing","url":"https:\/\/karaiexclusiveracing.hu\/","logo":{"@type":"ImageObject","inLanguage":"de","@id":"https:\/\/karaiexclusiveracing.hu\/#\/schema\/logo\/image\/","url":"https:\/\/www.karaiexclusiveracing.hu\/wp-content\/uploads\/2023\/10\/karai_exclusive_logo-1-1.png","contentUrl":"https:\/\/www.karaiexclusiveracing.hu\/wp-content\/uploads\/2023\/10\/karai_exclusive_logo-1-1.png","width":1575,"height":435,"caption":"K\u00e1rai Exclusive Racing"},"image":{"@id":"https:\/\/karaiexclusiveracing.hu\/#\/schema\/logo\/image\/"},"sameAs":["https:\/\/www.facebook.com\/karaiexclusiveracing.hu","https:\/\/www.instagram.com\/karaiexclusiveracing\/"]}]}},"_links":{"self":[{"href":"http:\/\/karaiexclusiveracing.hu\/de\/wp-json\/wp\/v2\/product\/14970","targetHints":{"allow":["GET"]}}],"collection":[{"href":"http:\/\/karaiexclusiveracing.hu\/de\/wp-json\/wp\/v2\/product"}],"about":[{"href":"http:\/\/karaiexclusiveracing.hu\/de\/wp-json\/wp\/v2\/types\/product"}],"wp:featuredmedia":[{"embeddable":true,"href":"http:\/\/karaiexclusiveracing.hu\/de\/wp-json\/wp\/v2\/media\/20689"}],"wp:attachment":[{"href":"http:\/\/karaiexclusiveracing.hu\/de\/wp-json\/wp\/v2\/media?parent=14970"}],"wp:term":[{"taxonomy":"manufactures","embeddable":true,"href":"http:\/\/karaiexclusiveracing.hu\/de\/wp-json\/wp\/v2\/manufactures?post=14970"},{"taxonomy":"product_brand","embeddable":true,"href":"http:\/\/karaiexclusiveracing.hu\/de\/wp-json\/wp\/v2\/product_brand?post=14970"},{"taxonomy":"product_cat","embeddable":true,"href":"http:\/\/karaiexclusiveracing.hu\/de\/wp-json\/wp\/v2\/product_cat?post=14970"},{"taxonomy":"product_tag","embeddable":true,"href":"http:\/\/karaiexclusiveracing.hu\/de\/wp-json\/wp\/v2\/product_tag?post=14970"}],"curies":[{"name":"wp","href":"https:\/\/api.w.org\/{rel}","templated":true}]}}