{"id":1392,"date":"2023-11-03T14:16:18","date_gmt":"2023-11-03T13:16:18","guid":{"rendered":"https:\/\/www.karaiexclusiveracing.hu\/?post_type=product&#038;p=1392"},"modified":"2025-12-02T14:19:11","modified_gmt":"2025-12-02T13:19:11","slug":"bmw-635csi","status":"publish","type":"product","link":"http:\/\/karaiexclusiveracing.hu\/de\/termek\/bmw-635csi\/","title":{"rendered":"BMW 635CSi"},"content":{"rendered":"<div id=\"ut-row-inner-653a2e06d150a\" class=\"vc_row wpb_row vc_inner vc_row-fluid vc_column-gap-10 ut-row-inner-653a2e06d1512\">\n<div class=\"wpb_column vc_column_container vc_col-sm-9\">\n<div id=\"ut-column-inner-653a2e06d18bf\" class=\"vc_column-inner vc_column-inner-nested\">\n<div class=\"wpb_wrapper\">\n<div class=\"wpb_text_column wpb_content_element\">\n<div class=\"wpb_wrapper\">\n<p>Elad\u00e1sra k\u00edn\u00e1lunk egy <strong>BMW 635CSi-t<\/strong>, az Egyes\u00fclt \u00c1llamokb\u00f3l \u00e9rkezett, \u00e9s a kor\u00e1hoz k\u00e9pest <strong>remek \u00e1llapotban<\/strong> van. Az aut\u00f3 <strong>amerikai okm\u00e1nyokkal<\/strong> rendelkezik, v\u00e1m \u00e9s \u00c1FA fizetve, \u00edgy <strong>minden dokument\u00e1ci\u00f3 rendezett<\/strong>.<\/p>\n<p>A j\u00e1rm\u0171 motorikusan <strong>t\u00f6k\u00e9letesen m\u0171k\u00f6dik<\/strong>, \u00edgy azonnal haszn\u00e1lhat\u00f3. Karossz\u00e9ri\u00e1ja n\u00e9h\u00e1ny kisebb jav\u00edt\u00e1st ig\u00e9nyel, de ez nem befoly\u00e1solja sem a vezet\u00e9si \u00e9lm\u00e9nyt, sem az aut\u00f3 \u00e9rt\u00e9k\u00e9t. A 17 colos <strong>BBS RC090 felnik<\/strong> tov\u00e1bb n\u00f6velik az aut\u00f3 sportos megjelen\u00e9s\u00e9t, \u00e9s k\u00fcl\u00f6nlegess\u00e9 teszik ezt a klasszikus modellt.<\/p>\n<p><strong>Tov\u00e1bbi inform\u00e1ci\u00f3\u00e9rt \u00e9rdekl\u0151dj telefonon!<\/strong><\/p>\n<\/div>\n<\/div>\n<\/div>\n<\/div>\n<\/div>\n<\/div>","protected":false},"excerpt":{"rendered":"<p>Elad\u00e1sra k\u00edn\u00e1lunk egy BMW 635CSi-t, az Egyes\u00fclt \u00c1llamokb\u00f3l \u00e9rkezett, \u00e9s a kor\u00e1hoz k\u00e9pest remek \u00e1llapotban van. Az aut\u00f3 amerikai okm\u00e1nyokkal rendelkezik, v\u00e1m \u00e9s \u00c1FA fizetve, \u00edgy minden dokument\u00e1ci\u00f3 rendezett. A j\u00e1rm\u0171 motorikusan t\u00f6k\u00e9letesen m\u0171k\u00f6dik, \u00edgy azonnal haszn\u00e1lhat\u00f3. Karossz\u00e9ri\u00e1ja n\u00e9h\u00e1ny kisebb jav\u00edt\u00e1st ig\u00e9nyel, de ez nem befoly\u00e1solja sem a vezet\u00e9si \u00e9lm\u00e9nyt, sem az aut\u00f3 \u00e9rt\u00e9k\u00e9t. A [&hellip;]<\/p>\n","protected":false},"featured_media":23658,"template":"","meta":{"_acf_changed":false},"manufactures":[52],"product_brand":[],"product_cat":[24],"product_tag":[],"class_list":{"0":"post-1392","1":"product","2":"type-product","3":"status-publish","4":"has-post-thumbnail","6":"manufactures-bmw","7":"product_cat-classic-car","9":"first","10":"instock","11":"taxable","12":"shipping-taxable","13":"purchasable","14":"product-type-simple"},"exclude_global_add_ons":[],"addons":[],"acf":[],"yoast_head":"<!-- This site is optimized with the Yoast SEO Premium plugin v27.1 (Yoast SEO v27.2) - https:\/\/yoast.com\/product\/yoast-seo-premium-wordpress\/ -->\n<title>BMW 635CSi - K\u00e1rai Exclusive<\/title>\n<meta name=\"description\" content=\"BMW 635CSi USA-import, rendezett okm\u00e1nyokkal, v\u00e1m \u00e9s \u00c1FA fizetve. T\u00f6k\u00e9letesen m\u0171k\u00f6d\u0151 motor, 17\u2033 BBS kerekek, kisebb karossz\u00e9riajav\u00edt\u00e1ssal elad\u00f3.\" \/>\n<meta name=\"robots\" content=\"index, follow, max-snippet:-1, max-image-preview:large, max-video-preview:-1\" \/>\n<link rel=\"canonical\" href=\"http:\/\/karaiexclusiveracing.hu\/de\/produkt\/bmw-635csi\/\" \/>\n<meta property=\"og:locale\" content=\"de_DE\" \/>\n<meta property=\"og:type\" content=\"article\" \/>\n<meta property=\"og:title\" content=\"BMW 635CSi\" \/>\n<meta property=\"og:description\" content=\"BMW 635CSi USA-import, rendezett okm\u00e1nyokkal, v\u00e1m \u00e9s \u00c1FA fizetve. T\u00f6k\u00e9letesen m\u0171k\u00f6d\u0151 motor, 17\u2033 BBS kerekek, kisebb karossz\u00e9riajav\u00edt\u00e1ssal elad\u00f3.\" \/>\n<meta property=\"og:url\" content=\"http:\/\/karaiexclusiveracing.hu\/de\/produkt\/bmw-635csi\/\" \/>\n<meta property=\"og:site_name\" content=\"K\u00e1rai Exclusive\" \/>\n<meta property=\"article:publisher\" content=\"https:\/\/www.facebook.com\/karaiexclusiveracing.hu\" \/>\n<meta property=\"article:modified_time\" content=\"2025-12-02T13:19:11+00:00\" \/>\n<meta property=\"og:image\" content=\"https:\/\/karaiexclusiveracing.hu\/wp-content\/uploads\/2023\/11\/BMW635CSI.png\" \/>\n\t<meta property=\"og:image:width\" content=\"594\" \/>\n\t<meta property=\"og:image:height\" content=\"768\" \/>\n\t<meta property=\"og:image:type\" content=\"image\/png\" \/>\n<meta name=\"twitter:card\" content=\"summary_large_image\" \/>\n<meta name=\"twitter:label1\" content=\"Gesch\u00e4tzte Lesezeit\" \/>\n\t<meta name=\"twitter:data1\" content=\"1\u00a0Minute\" \/>\n<script type=\"application\/ld+json\" class=\"yoast-schema-graph\">{\"@context\":\"https:\/\/schema.org\",\"@graph\":[{\"@type\":\"WebPage\",\"@id\":\"http:\/\/karaiexclusiveracing.hu\/de\/produkt\/bmw-635csi\/\",\"url\":\"http:\/\/karaiexclusiveracing.hu\/de\/produkt\/bmw-635csi\/\",\"name\":\"BMW 635CSi - K\u00e1rai Exclusive\",\"isPartOf\":{\"@id\":\"https:\/\/karaiexclusiveracing.hu\/#website\"},\"primaryImageOfPage\":{\"@id\":\"http:\/\/karaiexclusiveracing.hu\/de\/produkt\/bmw-635csi\/#primaryimage\"},\"image\":{\"@id\":\"http:\/\/karaiexclusiveracing.hu\/de\/produkt\/bmw-635csi\/#primaryimage\"},\"thumbnailUrl\":\"https:\/\/karaiexclusiveracing.hu\/wp-content\/uploads\/2023\/11\/BMW635CSI.png\",\"datePublished\":\"2023-11-03T13:16:18+00:00\",\"dateModified\":\"2025-12-02T13:19:11+00:00\",\"description\":\"BMW 635CSi USA-import, rendezett okm\u00e1nyokkal, v\u00e1m \u00e9s \u00c1FA fizetve. T\u00f6k\u00e9letesen m\u0171k\u00f6d\u0151 motor, 17\u2033 BBS kerekek, kisebb karossz\u00e9riajav\u00edt\u00e1ssal elad\u00f3.\",\"breadcrumb\":{\"@id\":\"http:\/\/karaiexclusiveracing.hu\/de\/produkt\/bmw-635csi\/#breadcrumb\"},\"inLanguage\":\"de\",\"potentialAction\":[{\"@type\":\"ReadAction\",\"target\":[\"http:\/\/karaiexclusiveracing.hu\/de\/produkt\/bmw-635csi\/\"]}]},{\"@type\":\"ImageObject\",\"inLanguage\":\"de\",\"@id\":\"http:\/\/karaiexclusiveracing.hu\/de\/produkt\/bmw-635csi\/#primaryimage\",\"url\":\"https:\/\/karaiexclusiveracing.hu\/wp-content\/uploads\/2023\/11\/BMW635CSI.png\",\"contentUrl\":\"https:\/\/karaiexclusiveracing.hu\/wp-content\/uploads\/2023\/11\/BMW635CSI.png\",\"width\":594,\"height\":768},{\"@type\":\"BreadcrumbList\",\"@id\":\"http:\/\/karaiexclusiveracing.hu\/de\/produkt\/bmw-635csi\/#breadcrumb\",\"itemListElement\":[{\"@type\":\"ListItem\",\"position\":1,\"name\":\"Kezd\u0151lap\",\"item\":\"https:\/\/karaiexclusiveracing.hu\/\"},{\"@type\":\"ListItem\",\"position\":2,\"name\":\"Elad\u00f3 aut\u00f3k\",\"item\":\"https:\/\/karaiexclusiveracing.hu\/elado-autok\/\"},{\"@type\":\"ListItem\",\"position\":3,\"name\":\"BMW 635CSi\"}]},{\"@type\":\"WebSite\",\"@id\":\"https:\/\/karaiexclusiveracing.hu\/#website\",\"url\":\"https:\/\/karaiexclusiveracing.hu\/\",\"name\":\"K\u00e1rai Exclusive Racing\",\"description\":\"\",\"publisher\":{\"@id\":\"https:\/\/karaiexclusiveracing.hu\/#organization\"},\"potentialAction\":[{\"@type\":\"SearchAction\",\"target\":{\"@type\":\"EntryPoint\",\"urlTemplate\":\"https:\/\/karaiexclusiveracing.hu\/?s={search_term_string}\"},\"query-input\":{\"@type\":\"PropertyValueSpecification\",\"valueRequired\":true,\"valueName\":\"search_term_string\"}}],\"inLanguage\":\"de\"},{\"@type\":\"Organization\",\"@id\":\"https:\/\/karaiexclusiveracing.hu\/#organization\",\"name\":\"K\u00e1rai Exclusive Racing\",\"url\":\"https:\/\/karaiexclusiveracing.hu\/\",\"logo\":{\"@type\":\"ImageObject\",\"inLanguage\":\"de\",\"@id\":\"https:\/\/karaiexclusiveracing.hu\/#\/schema\/logo\/image\/\",\"url\":\"https:\/\/www.karaiexclusiveracing.hu\/wp-content\/uploads\/2023\/10\/karai_exclusive_logo-1-1.png\",\"contentUrl\":\"https:\/\/www.karaiexclusiveracing.hu\/wp-content\/uploads\/2023\/10\/karai_exclusive_logo-1-1.png\",\"width\":1575,\"height\":435,\"caption\":\"K\u00e1rai Exclusive Racing\"},\"image\":{\"@id\":\"https:\/\/karaiexclusiveracing.hu\/#\/schema\/logo\/image\/\"},\"sameAs\":[\"https:\/\/www.facebook.com\/karaiexclusiveracing.hu\",\"https:\/\/www.instagram.com\/karaiexclusiveracing\/\"]}]}<\/script>\n<!-- \/ Yoast SEO Premium plugin. -->","yoast_head_json":{"title":"BMW 635CSi - K\u00e1rai Exclusive","description":"BMW 635CSi USA-import, rendezett okm\u00e1nyokkal, v\u00e1m \u00e9s \u00c1FA fizetve. T\u00f6k\u00e9letesen m\u0171k\u00f6d\u0151 motor, 17\u2033 BBS kerekek, kisebb karossz\u00e9riajav\u00edt\u00e1ssal elad\u00f3.","robots":{"index":"index","follow":"follow","max-snippet":"max-snippet:-1","max-image-preview":"max-image-preview:large","max-video-preview":"max-video-preview:-1"},"canonical":"http:\/\/karaiexclusiveracing.hu\/de\/produkt\/bmw-635csi\/","og_locale":"de_DE","og_type":"article","og_title":"BMW 635CSi","og_description":"BMW 635CSi USA-import, rendezett okm\u00e1nyokkal, v\u00e1m \u00e9s \u00c1FA fizetve. T\u00f6k\u00e9letesen m\u0171k\u00f6d\u0151 motor, 17\u2033 BBS kerekek, kisebb karossz\u00e9riajav\u00edt\u00e1ssal elad\u00f3.","og_url":"http:\/\/karaiexclusiveracing.hu\/de\/produkt\/bmw-635csi\/","og_site_name":"K\u00e1rai Exclusive","article_publisher":"https:\/\/www.facebook.com\/karaiexclusiveracing.hu","article_modified_time":"2025-12-02T13:19:11+00:00","og_image":[{"width":594,"height":768,"url":"https:\/\/karaiexclusiveracing.hu\/wp-content\/uploads\/2023\/11\/BMW635CSI.png","type":"image\/png"}],"twitter_card":"summary_large_image","twitter_misc":{"Gesch\u00e4tzte Lesezeit":"1\u00a0Minute"},"schema":{"@context":"https:\/\/schema.org","@graph":[{"@type":"WebPage","@id":"http:\/\/karaiexclusiveracing.hu\/de\/produkt\/bmw-635csi\/","url":"http:\/\/karaiexclusiveracing.hu\/de\/produkt\/bmw-635csi\/","name":"BMW 635CSi - K\u00e1rai Exclusive","isPartOf":{"@id":"https:\/\/karaiexclusiveracing.hu\/#website"},"primaryImageOfPage":{"@id":"http:\/\/karaiexclusiveracing.hu\/de\/produkt\/bmw-635csi\/#primaryimage"},"image":{"@id":"http:\/\/karaiexclusiveracing.hu\/de\/produkt\/bmw-635csi\/#primaryimage"},"thumbnailUrl":"https:\/\/karaiexclusiveracing.hu\/wp-content\/uploads\/2023\/11\/BMW635CSI.png","datePublished":"2023-11-03T13:16:18+00:00","dateModified":"2025-12-02T13:19:11+00:00","description":"BMW 635CSi USA-import, rendezett okm\u00e1nyokkal, v\u00e1m \u00e9s \u00c1FA fizetve. T\u00f6k\u00e9letesen m\u0171k\u00f6d\u0151 motor, 17\u2033 BBS kerekek, kisebb karossz\u00e9riajav\u00edt\u00e1ssal elad\u00f3.","breadcrumb":{"@id":"http:\/\/karaiexclusiveracing.hu\/de\/produkt\/bmw-635csi\/#breadcrumb"},"inLanguage":"de","potentialAction":[{"@type":"ReadAction","target":["http:\/\/karaiexclusiveracing.hu\/de\/produkt\/bmw-635csi\/"]}]},{"@type":"ImageObject","inLanguage":"de","@id":"http:\/\/karaiexclusiveracing.hu\/de\/produkt\/bmw-635csi\/#primaryimage","url":"https:\/\/karaiexclusiveracing.hu\/wp-content\/uploads\/2023\/11\/BMW635CSI.png","contentUrl":"https:\/\/karaiexclusiveracing.hu\/wp-content\/uploads\/2023\/11\/BMW635CSI.png","width":594,"height":768},{"@type":"BreadcrumbList","@id":"http:\/\/karaiexclusiveracing.hu\/de\/produkt\/bmw-635csi\/#breadcrumb","itemListElement":[{"@type":"ListItem","position":1,"name":"Kezd\u0151lap","item":"https:\/\/karaiexclusiveracing.hu\/"},{"@type":"ListItem","position":2,"name":"Elad\u00f3 aut\u00f3k","item":"https:\/\/karaiexclusiveracing.hu\/elado-autok\/"},{"@type":"ListItem","position":3,"name":"BMW 635CSi"}]},{"@type":"WebSite","@id":"https:\/\/karaiexclusiveracing.hu\/#website","url":"https:\/\/karaiexclusiveracing.hu\/","name":"K\u00e1rai Exclusive Racing","description":"","publisher":{"@id":"https:\/\/karaiexclusiveracing.hu\/#organization"},"potentialAction":[{"@type":"SearchAction","target":{"@type":"EntryPoint","urlTemplate":"https:\/\/karaiexclusiveracing.hu\/?s={search_term_string}"},"query-input":{"@type":"PropertyValueSpecification","valueRequired":true,"valueName":"search_term_string"}}],"inLanguage":"de"},{"@type":"Organization","@id":"https:\/\/karaiexclusiveracing.hu\/#organization","name":"K\u00e1rai Exclusive Racing","url":"https:\/\/karaiexclusiveracing.hu\/","logo":{"@type":"ImageObject","inLanguage":"de","@id":"https:\/\/karaiexclusiveracing.hu\/#\/schema\/logo\/image\/","url":"https:\/\/www.karaiexclusiveracing.hu\/wp-content\/uploads\/2023\/10\/karai_exclusive_logo-1-1.png","contentUrl":"https:\/\/www.karaiexclusiveracing.hu\/wp-content\/uploads\/2023\/10\/karai_exclusive_logo-1-1.png","width":1575,"height":435,"caption":"K\u00e1rai Exclusive Racing"},"image":{"@id":"https:\/\/karaiexclusiveracing.hu\/#\/schema\/logo\/image\/"},"sameAs":["https:\/\/www.facebook.com\/karaiexclusiveracing.hu","https:\/\/www.instagram.com\/karaiexclusiveracing\/"]}]}},"_links":{"self":[{"href":"http:\/\/karaiexclusiveracing.hu\/de\/wp-json\/wp\/v2\/product\/1392","targetHints":{"allow":["GET"]}}],"collection":[{"href":"http:\/\/karaiexclusiveracing.hu\/de\/wp-json\/wp\/v2\/product"}],"about":[{"href":"http:\/\/karaiexclusiveracing.hu\/de\/wp-json\/wp\/v2\/types\/product"}],"wp:featuredmedia":[{"embeddable":true,"href":"http:\/\/karaiexclusiveracing.hu\/de\/wp-json\/wp\/v2\/media\/23658"}],"wp:attachment":[{"href":"http:\/\/karaiexclusiveracing.hu\/de\/wp-json\/wp\/v2\/media?parent=1392"}],"wp:term":[{"taxonomy":"manufactures","embeddable":true,"href":"http:\/\/karaiexclusiveracing.hu\/de\/wp-json\/wp\/v2\/manufactures?post=1392"},{"taxonomy":"product_brand","embeddable":true,"href":"http:\/\/karaiexclusiveracing.hu\/de\/wp-json\/wp\/v2\/product_brand?post=1392"},{"taxonomy":"product_cat","embeddable":true,"href":"http:\/\/karaiexclusiveracing.hu\/de\/wp-json\/wp\/v2\/product_cat?post=1392"},{"taxonomy":"product_tag","embeddable":true,"href":"http:\/\/karaiexclusiveracing.hu\/de\/wp-json\/wp\/v2\/product_tag?post=1392"}],"curies":[{"name":"wp","href":"https:\/\/api.w.org\/{rel}","templated":true}]}}