{"id":1375,"date":"2023-11-03T12:51:17","date_gmt":"2023-11-03T11:51:17","guid":{"rendered":"https:\/\/www.karaiexclusiveracing.hu\/?post_type=product&#038;p=1375"},"modified":"2025-09-02T11:02:04","modified_gmt":"2025-09-02T09:02:04","slug":"bmw-e38-740il","status":"publish","type":"product","link":"http:\/\/karaiexclusiveracing.hu\/de\/termek\/bmw-e38-740il\/","title":{"rendered":"BMW E38 740iL &#8211; SOLD"},"content":{"rendered":"<div id=\"ut-row-inner-653a2e06d150a\" class=\"vc_row wpb_row vc_inner vc_row-fluid vc_column-gap-10 ut-row-inner-653a2e06d1512\">\n<div class=\"wpb_column vc_column_container vc_col-sm-9\">\n<div id=\"ut-column-inner-653a2e06d18bf\" class=\"vc_column-inner vc_column-inner-nested\">\n<div class=\"wpb_wrapper\">\n<div class=\"wpb_text_column wpb_content_element\">\n<div class=\"wpb_wrapper\">\n<p>Elad\u00f3 egy Kaliforni\u00e1b\u00f3l \u00e9rkezett BMW E38 740iL. Sz\u00e1rmaz\u00e1s\u00e1nak legf\u0151bb pozit\u00edvuma, hogy az aut\u00f3n, k\u00f6zel 30 \u00e9ves kora ellen\u00e9re sem lelhet\u0151 fel rozsda sehol, m\u00e9g a tipikus E38 hib\u00e1k hely\u00e9n\u00e9l sem. Az \u00f6ssze ajt\u00f3, k\u00fcsz\u00f6b\u00f6k, valamint a j\u00e1rm\u0171 teljes alja hib\u00e1tlan, rozsdamentes bele\u00e9rtve a fut\u00f3m\u0171alkatr\u00e9szeket vagy p\u00e9ld\u00e1ul az \u00fczemanyagtankot is. Az aut\u00f3 szinte v\u00e9gig vezetett szerv\u00edzk\u00f6nyves, minden elv\u00e9gzett szerv\u00edz (t\u00f6bb t\u00edzezer doll\u00e1r \u00e9rt\u00e9kben) sz\u00e1ml\u00e1kkal igazolt, bele\u00e9rtve p\u00e9ld\u00e1ul f\u00e9kek (\u00faj), sz\u00edjak, v\u00edzpumpa, gener\u00e1tor, stb.<\/p>\n<p><strong>Az esetleges el\u00edr\u00e1sok\u00e9rt, hirdet\u00e9sbeli hib\u00e1k\u00e9rt felel\u0151ss\u00e9get nem v\u00e1llalunk. K\u00e9rj\u00fck, mindenk\u00e9pp \u00e9rdekl\u0151dj\u00f6n telefonon a pontos inform\u00e1ci\u00f3k\u00e9rt!<\/strong><\/p>\n<\/div>\n<\/div>\n<\/div>\n<\/div>\n<\/div>\n<\/div>\n<div id=\"vc-sep-653a2e06d1ae1\" class=\"vc_separator wpb_content_element vc_separator_align_center vc_sep_width_100 vc_sep_pos_align_center vc_separator_no_text vc_sep_color_grey vc_custom_1623245990100 vc_custom_1623245990100\"><\/div>","protected":false},"excerpt":{"rendered":"<p>Elad\u00f3 egy Kaliforni\u00e1b\u00f3l \u00e9rkezett BMW E38 740iL. Sz\u00e1rmaz\u00e1s\u00e1nak legf\u0151bb pozit\u00edvuma, hogy az aut\u00f3n, k\u00f6zel 30 \u00e9ves kora ellen\u00e9re sem lelhet\u0151 fel rozsda sehol, m\u00e9g a tipikus E38 hib\u00e1k hely\u00e9n\u00e9l sem. Az \u00f6ssze ajt\u00f3, k\u00fcsz\u00f6b\u00f6k, valamint a j\u00e1rm\u0171 teljes alja hib\u00e1tlan, rozsdamentes bele\u00e9rtve a fut\u00f3m\u0171alkatr\u00e9szeket vagy p\u00e9ld\u00e1ul az \u00fczemanyagtankot is. Az aut\u00f3 szinte v\u00e9gig vezetett szerv\u00edzk\u00f6nyves, [&hellip;]<\/p>\n","protected":false},"featured_media":19985,"template":"","meta":{"_acf_changed":false},"manufactures":[52],"product_brand":[],"product_cat":[24],"product_tag":[109],"class_list":{"0":"post-1375","1":"product","2":"type-product","3":"status-publish","4":"has-post-thumbnail","6":"manufactures-bmw","7":"product_cat-classic-car","8":"product_tag-sold","10":"first","11":"instock","12":"taxable","13":"shipping-taxable","14":"purchasable","15":"product-type-simple"},"exclude_global_add_ons":[],"addons":[],"acf":[],"yoast_head":"<!-- This site is optimized with the Yoast SEO Premium plugin v27.1 (Yoast SEO v27.2) - https:\/\/yoast.com\/product\/yoast-seo-premium-wordpress\/ -->\n<title>BMW E38 740iL - SOLD - K\u00e1rai Exclusive<\/title>\n<meta name=\"robots\" content=\"index, follow, max-snippet:-1, max-image-preview:large, max-video-preview:-1\" \/>\n<link rel=\"canonical\" href=\"http:\/\/karaiexclusiveracing.hu\/de\/produkt\/bmw-e38-740il\/\" \/>\n<meta property=\"og:locale\" content=\"de_DE\" \/>\n<meta property=\"og:type\" content=\"article\" \/>\n<meta property=\"og:title\" content=\"BMW E38 740iL - SOLD\" \/>\n<meta property=\"og:description\" content=\"Elad\u00f3 egy Kaliforni\u00e1b\u00f3l \u00e9rkezett BMW E38 740iL. Sz\u00e1rmaz\u00e1s\u00e1nak legf\u0151bb pozit\u00edvuma, hogy az aut\u00f3n, k\u00f6zel 30 \u00e9ves kora ellen\u00e9re sem lelhet\u0151 fel rozsda sehol, m\u00e9g a tipikus E38 hib\u00e1k hely\u00e9n\u00e9l sem. Az \u00f6ssze ajt\u00f3, k\u00fcsz\u00f6b\u00f6k, valamint a j\u00e1rm\u0171 teljes alja hib\u00e1tlan, rozsdamentes bele\u00e9rtve a fut\u00f3m\u0171alkatr\u00e9szeket vagy p\u00e9ld\u00e1ul az \u00fczemanyagtankot is. Az aut\u00f3 szinte v\u00e9gig vezetett szerv\u00edzk\u00f6nyves, [&hellip;]\" \/>\n<meta property=\"og:url\" content=\"http:\/\/karaiexclusiveracing.hu\/de\/produkt\/bmw-e38-740il\/\" \/>\n<meta property=\"og:site_name\" content=\"K\u00e1rai Exclusive\" \/>\n<meta property=\"article:publisher\" content=\"https:\/\/www.facebook.com\/karaiexclusiveracing.hu\" \/>\n<meta property=\"article:modified_time\" content=\"2025-09-02T09:02:04+00:00\" \/>\n<meta property=\"og:image\" content=\"https:\/\/karaiexclusiveracing.hu\/wp-content\/uploads\/2023\/11\/SOLD-1.png\" \/>\n\t<meta property=\"og:image:width\" content=\"940\" \/>\n\t<meta property=\"og:image:height\" content=\"788\" \/>\n\t<meta property=\"og:image:type\" content=\"image\/png\" \/>\n<meta name=\"twitter:card\" content=\"summary_large_image\" \/>\n<meta name=\"twitter:label1\" content=\"Gesch\u00e4tzte Lesezeit\" \/>\n\t<meta name=\"twitter:data1\" content=\"1\u00a0Minute\" \/>\n<script type=\"application\/ld+json\" class=\"yoast-schema-graph\">{\"@context\":\"https:\/\/schema.org\",\"@graph\":[{\"@type\":\"WebPage\",\"@id\":\"http:\/\/karaiexclusiveracing.hu\/de\/produkt\/bmw-e38-740il\/\",\"url\":\"http:\/\/karaiexclusiveracing.hu\/de\/produkt\/bmw-e38-740il\/\",\"name\":\"BMW E38 740iL - SOLD - K\u00e1rai Exclusive\",\"isPartOf\":{\"@id\":\"https:\/\/karaiexclusiveracing.hu\/#website\"},\"primaryImageOfPage\":{\"@id\":\"http:\/\/karaiexclusiveracing.hu\/de\/produkt\/bmw-e38-740il\/#primaryimage\"},\"image\":{\"@id\":\"http:\/\/karaiexclusiveracing.hu\/de\/produkt\/bmw-e38-740il\/#primaryimage\"},\"thumbnailUrl\":\"https:\/\/karaiexclusiveracing.hu\/wp-content\/uploads\/2023\/11\/SOLD-1.png\",\"datePublished\":\"2023-11-03T11:51:17+00:00\",\"dateModified\":\"2025-09-02T09:02:04+00:00\",\"breadcrumb\":{\"@id\":\"http:\/\/karaiexclusiveracing.hu\/de\/produkt\/bmw-e38-740il\/#breadcrumb\"},\"inLanguage\":\"de\",\"potentialAction\":[{\"@type\":\"ReadAction\",\"target\":[\"http:\/\/karaiexclusiveracing.hu\/de\/produkt\/bmw-e38-740il\/\"]}]},{\"@type\":\"ImageObject\",\"inLanguage\":\"de\",\"@id\":\"http:\/\/karaiexclusiveracing.hu\/de\/produkt\/bmw-e38-740il\/#primaryimage\",\"url\":\"https:\/\/karaiexclusiveracing.hu\/wp-content\/uploads\/2023\/11\/SOLD-1.png\",\"contentUrl\":\"https:\/\/karaiexclusiveracing.hu\/wp-content\/uploads\/2023\/11\/SOLD-1.png\",\"width\":940,\"height\":788},{\"@type\":\"BreadcrumbList\",\"@id\":\"http:\/\/karaiexclusiveracing.hu\/de\/produkt\/bmw-e38-740il\/#breadcrumb\",\"itemListElement\":[{\"@type\":\"ListItem\",\"position\":1,\"name\":\"Kezd\u0151lap\",\"item\":\"https:\/\/karaiexclusiveracing.hu\/\"},{\"@type\":\"ListItem\",\"position\":2,\"name\":\"Elad\u00f3 aut\u00f3k\",\"item\":\"https:\/\/karaiexclusiveracing.hu\/elado-autok\/\"},{\"@type\":\"ListItem\",\"position\":3,\"name\":\"BMW E38 740iL &#8211; SOLD\"}]},{\"@type\":\"WebSite\",\"@id\":\"https:\/\/karaiexclusiveracing.hu\/#website\",\"url\":\"https:\/\/karaiexclusiveracing.hu\/\",\"name\":\"K\u00e1rai Exclusive Racing\",\"description\":\"\",\"publisher\":{\"@id\":\"https:\/\/karaiexclusiveracing.hu\/#organization\"},\"potentialAction\":[{\"@type\":\"SearchAction\",\"target\":{\"@type\":\"EntryPoint\",\"urlTemplate\":\"https:\/\/karaiexclusiveracing.hu\/?s={search_term_string}\"},\"query-input\":{\"@type\":\"PropertyValueSpecification\",\"valueRequired\":true,\"valueName\":\"search_term_string\"}}],\"inLanguage\":\"de\"},{\"@type\":\"Organization\",\"@id\":\"https:\/\/karaiexclusiveracing.hu\/#organization\",\"name\":\"K\u00e1rai Exclusive Racing\",\"url\":\"https:\/\/karaiexclusiveracing.hu\/\",\"logo\":{\"@type\":\"ImageObject\",\"inLanguage\":\"de\",\"@id\":\"https:\/\/karaiexclusiveracing.hu\/#\/schema\/logo\/image\/\",\"url\":\"https:\/\/www.karaiexclusiveracing.hu\/wp-content\/uploads\/2023\/10\/karai_exclusive_logo-1-1.png\",\"contentUrl\":\"https:\/\/www.karaiexclusiveracing.hu\/wp-content\/uploads\/2023\/10\/karai_exclusive_logo-1-1.png\",\"width\":1575,\"height\":435,\"caption\":\"K\u00e1rai Exclusive Racing\"},\"image\":{\"@id\":\"https:\/\/karaiexclusiveracing.hu\/#\/schema\/logo\/image\/\"},\"sameAs\":[\"https:\/\/www.facebook.com\/karaiexclusiveracing.hu\",\"https:\/\/www.instagram.com\/karaiexclusiveracing\/\"]}]}<\/script>\n<!-- \/ Yoast SEO Premium plugin. -->","yoast_head_json":{"title":"BMW E38 740iL - SOLD - K\u00e1rai Exclusive","robots":{"index":"index","follow":"follow","max-snippet":"max-snippet:-1","max-image-preview":"max-image-preview:large","max-video-preview":"max-video-preview:-1"},"canonical":"http:\/\/karaiexclusiveracing.hu\/de\/produkt\/bmw-e38-740il\/","og_locale":"de_DE","og_type":"article","og_title":"BMW E38 740iL - SOLD","og_description":"Elad\u00f3 egy Kaliforni\u00e1b\u00f3l \u00e9rkezett BMW E38 740iL. Sz\u00e1rmaz\u00e1s\u00e1nak legf\u0151bb pozit\u00edvuma, hogy az aut\u00f3n, k\u00f6zel 30 \u00e9ves kora ellen\u00e9re sem lelhet\u0151 fel rozsda sehol, m\u00e9g a tipikus E38 hib\u00e1k hely\u00e9n\u00e9l sem. Az \u00f6ssze ajt\u00f3, k\u00fcsz\u00f6b\u00f6k, valamint a j\u00e1rm\u0171 teljes alja hib\u00e1tlan, rozsdamentes bele\u00e9rtve a fut\u00f3m\u0171alkatr\u00e9szeket vagy p\u00e9ld\u00e1ul az \u00fczemanyagtankot is. Az aut\u00f3 szinte v\u00e9gig vezetett szerv\u00edzk\u00f6nyves, [&hellip;]","og_url":"http:\/\/karaiexclusiveracing.hu\/de\/produkt\/bmw-e38-740il\/","og_site_name":"K\u00e1rai Exclusive","article_publisher":"https:\/\/www.facebook.com\/karaiexclusiveracing.hu","article_modified_time":"2025-09-02T09:02:04+00:00","og_image":[{"width":940,"height":788,"url":"https:\/\/karaiexclusiveracing.hu\/wp-content\/uploads\/2023\/11\/SOLD-1.png","type":"image\/png"}],"twitter_card":"summary_large_image","twitter_misc":{"Gesch\u00e4tzte Lesezeit":"1\u00a0Minute"},"schema":{"@context":"https:\/\/schema.org","@graph":[{"@type":"WebPage","@id":"http:\/\/karaiexclusiveracing.hu\/de\/produkt\/bmw-e38-740il\/","url":"http:\/\/karaiexclusiveracing.hu\/de\/produkt\/bmw-e38-740il\/","name":"BMW E38 740iL - SOLD - K\u00e1rai Exclusive","isPartOf":{"@id":"https:\/\/karaiexclusiveracing.hu\/#website"},"primaryImageOfPage":{"@id":"http:\/\/karaiexclusiveracing.hu\/de\/produkt\/bmw-e38-740il\/#primaryimage"},"image":{"@id":"http:\/\/karaiexclusiveracing.hu\/de\/produkt\/bmw-e38-740il\/#primaryimage"},"thumbnailUrl":"https:\/\/karaiexclusiveracing.hu\/wp-content\/uploads\/2023\/11\/SOLD-1.png","datePublished":"2023-11-03T11:51:17+00:00","dateModified":"2025-09-02T09:02:04+00:00","breadcrumb":{"@id":"http:\/\/karaiexclusiveracing.hu\/de\/produkt\/bmw-e38-740il\/#breadcrumb"},"inLanguage":"de","potentialAction":[{"@type":"ReadAction","target":["http:\/\/karaiexclusiveracing.hu\/de\/produkt\/bmw-e38-740il\/"]}]},{"@type":"ImageObject","inLanguage":"de","@id":"http:\/\/karaiexclusiveracing.hu\/de\/produkt\/bmw-e38-740il\/#primaryimage","url":"https:\/\/karaiexclusiveracing.hu\/wp-content\/uploads\/2023\/11\/SOLD-1.png","contentUrl":"https:\/\/karaiexclusiveracing.hu\/wp-content\/uploads\/2023\/11\/SOLD-1.png","width":940,"height":788},{"@type":"BreadcrumbList","@id":"http:\/\/karaiexclusiveracing.hu\/de\/produkt\/bmw-e38-740il\/#breadcrumb","itemListElement":[{"@type":"ListItem","position":1,"name":"Kezd\u0151lap","item":"https:\/\/karaiexclusiveracing.hu\/"},{"@type":"ListItem","position":2,"name":"Elad\u00f3 aut\u00f3k","item":"https:\/\/karaiexclusiveracing.hu\/elado-autok\/"},{"@type":"ListItem","position":3,"name":"BMW E38 740iL &#8211; SOLD"}]},{"@type":"WebSite","@id":"https:\/\/karaiexclusiveracing.hu\/#website","url":"https:\/\/karaiexclusiveracing.hu\/","name":"K\u00e1rai Exclusive Racing","description":"","publisher":{"@id":"https:\/\/karaiexclusiveracing.hu\/#organization"},"potentialAction":[{"@type":"SearchAction","target":{"@type":"EntryPoint","urlTemplate":"https:\/\/karaiexclusiveracing.hu\/?s={search_term_string}"},"query-input":{"@type":"PropertyValueSpecification","valueRequired":true,"valueName":"search_term_string"}}],"inLanguage":"de"},{"@type":"Organization","@id":"https:\/\/karaiexclusiveracing.hu\/#organization","name":"K\u00e1rai Exclusive Racing","url":"https:\/\/karaiexclusiveracing.hu\/","logo":{"@type":"ImageObject","inLanguage":"de","@id":"https:\/\/karaiexclusiveracing.hu\/#\/schema\/logo\/image\/","url":"https:\/\/www.karaiexclusiveracing.hu\/wp-content\/uploads\/2023\/10\/karai_exclusive_logo-1-1.png","contentUrl":"https:\/\/www.karaiexclusiveracing.hu\/wp-content\/uploads\/2023\/10\/karai_exclusive_logo-1-1.png","width":1575,"height":435,"caption":"K\u00e1rai Exclusive Racing"},"image":{"@id":"https:\/\/karaiexclusiveracing.hu\/#\/schema\/logo\/image\/"},"sameAs":["https:\/\/www.facebook.com\/karaiexclusiveracing.hu","https:\/\/www.instagram.com\/karaiexclusiveracing\/"]}]}},"_links":{"self":[{"href":"http:\/\/karaiexclusiveracing.hu\/de\/wp-json\/wp\/v2\/product\/1375","targetHints":{"allow":["GET"]}}],"collection":[{"href":"http:\/\/karaiexclusiveracing.hu\/de\/wp-json\/wp\/v2\/product"}],"about":[{"href":"http:\/\/karaiexclusiveracing.hu\/de\/wp-json\/wp\/v2\/types\/product"}],"wp:featuredmedia":[{"embeddable":true,"href":"http:\/\/karaiexclusiveracing.hu\/de\/wp-json\/wp\/v2\/media\/19985"}],"wp:attachment":[{"href":"http:\/\/karaiexclusiveracing.hu\/de\/wp-json\/wp\/v2\/media?parent=1375"}],"wp:term":[{"taxonomy":"manufactures","embeddable":true,"href":"http:\/\/karaiexclusiveracing.hu\/de\/wp-json\/wp\/v2\/manufactures?post=1375"},{"taxonomy":"product_brand","embeddable":true,"href":"http:\/\/karaiexclusiveracing.hu\/de\/wp-json\/wp\/v2\/product_brand?post=1375"},{"taxonomy":"product_cat","embeddable":true,"href":"http:\/\/karaiexclusiveracing.hu\/de\/wp-json\/wp\/v2\/product_cat?post=1375"},{"taxonomy":"product_tag","embeddable":true,"href":"http:\/\/karaiexclusiveracing.hu\/de\/wp-json\/wp\/v2\/product_tag?post=1375"}],"curies":[{"name":"wp","href":"https:\/\/api.w.org\/{rel}","templated":true}]}}